{"id":2768,"date":"2022-10-09T13:17:33","date_gmt":"2022-10-09T05:17:33","guid":{"rendered":"https:\/\/metalpie.com\/?post_type=product&#038;p=2768"},"modified":"2022-11-29T08:27:23","modified_gmt":"2022-11-29T00:27:23","slug":"ep86-porta-scorrevole-in-alluminio","status":"publish","type":"product","link":"https:\/\/metalpie.com\/it\/finestre-e-porte-in-alluminio\/ep86-porta-scorrevole-in-alluminio\/","title":{"rendered":"EP86 Porta scorrevole in alluminio"},"content":{"rendered":"<section class=\"section\" id=\"section_1867499474\">\n\t\t<div class=\"bg section-bg fill bg-fill  bg-loaded\" >\n\n\t\t\t\n\t\t\t\n\t\t\t\n\n\t\t<\/div>\n\n\t\t\n\n\t\t<div class=\"section-content relative\">\n\t\t\t\n<div class=\"row\"  id=\"row-740964192\">\n\n\t<div id=\"col-2103591481\" class=\"col small-12 large-12\"  >\n\t\t\t\t<div class=\"col-inner\"  >\n\t\t\t\n\t\t\t\n<h2>Descrizione della porta scorrevole in alluminio<\/h2>\n<p>EP86 \u00e8 una porta scorrevole a binario unico. Facendo scorrere i lati destro e sinistro, \u00e8 facile da aprire. I numerosi telai in alluminio dividono il vetro in pi\u00f9 parti, il che \u00e8 ottimo per una porta divisoria. Le cornici nere distraggono l'attenzione, quindi questa porta arricchisce meglio l'arredamento. Questa porta pu\u00f2 essere aperta solo parzialmente e due pannelli sono fissati durante l'apertura.<\/p>\n<h2><span data-preserver-spaces=\"true\">Ferramenta per porte in alluminio<\/span><\/h2>\n<ul>\n<li><span data-preserver-spaces=\"true\">I pannelli sono quattro. Due pannelli sono fissi e altri due sono scorrevoli. I pannelli attivi hanno un telaio in alluminio esteso come maniglia. In questo modo \u00e8 facile e sicuro aprire la porta.<\/span><\/li>\n<li><span data-preserver-spaces=\"true\">Il telaio della porta in alluminio non \u00e8 un ponte di alluminio rotto. Se la casa \u00e8 riscaldata in inverno, sar\u00e0 facile trasferire il calore in ogni stanza.\u00a0\u00a0<\/span><\/li>\n<\/ul>\n<h2>Colore e dimensioni<\/h2>\n<p>Per colorare i telai delle finestre in alluminio utilizziamo cinque processi: verniciatura a polvere, rivestimento in PVDF, venatura del legno, anodizzazione ed elettroforesi. Sono disponibili anche colori e dimensioni personalizzate.<\/p>\n<h2><span data-preserver-spaces=\"true\">Caratteristiche<\/span><\/h2>\n<ul>\n<li><span data-preserver-spaces=\"true\">I telai delle porte in alluminio sono eccezionali, in grado di bloccare la vista per ottenere la funzione di una porta divisoria.<\/span><\/li>\n<li><span data-preserver-spaces=\"true\">\u00c8 una porta scorrevole a binario unico.\u00a0<\/span><\/li>\n<li><span data-preserver-spaces=\"true\">Si tratta di una porta con apertura su entrambi i lati.<\/span><\/li>\n<\/ul>\n\t\t<\/div>\n\t\t\t\t\t<\/div>\n\n\t\n<\/div>\n\t\t<\/div>\n\n\t\t\n<style>\n#section_1867499474 {\n  padding-top: 30px;\n  padding-bottom: 30px;\n}\n<\/style>\n\t<\/section>\n\t\n\t<section class=\"section\" id=\"section_1556155485\">\n\t\t<div class=\"bg section-bg fill bg-fill  bg-loaded\" >\n\n\t\t\t\n\t\t\t\n\t\t\t\n\n\t\t<\/div>\n\n\t\t\t<div class=\"ux-shape-divider ux-shape-divider--top ux-shape-divider--style-curve-opacity\">\n\t\t<svg viewbox=\"0 0 1000 100\" xmlns=\"http:\/\/www.w3.org\/2000\/svg\" preserveaspectratio=\"none\">\n\t\t<path class=\"ux-shape-fill\" opacity=\"0.15\" d=\"M0 14C0 14 88.64 17.48 300 50C560 90 814 77 1003 40L1015 68L1018 104H0V14Z\"\/>\n\t\t<path class=\"ux-shape-fill\" opacity=\"0.3\" d=\"M0 45C0 45 271 90.13 500 77C657 68 830 30 1015 14V100H0V45Z\"\/>\n\t\t<path class=\"ux-shape-fill\" d=\"M0 58C0 58 188.29 90 508 90C798 90 1002 55 1002 55V100H0V58Z\"\/>\n<\/svg>\n\t<\/div>\n\n\n\t\t<div class=\"section-content relative\">\n\t\t\t\n<div class=\"is-divider divider clearfix\" style=\"margin-top:0px;margin-bottom:0px;max-width:0px;height:30px;\"><\/div>\n<div class=\"row row-collapse align-middle\"  id=\"row-1869317810\">\n\n\t<div id=\"col-783545949\" class=\"col medium-6 small-12 large-6\"  >\n\t\t\t\t<div class=\"col-inner\"  >\n\t\t\t\n\t\t\t\n<div class=\"row row-small align-middle\"  id=\"row-1006232293\">\n\n\t<div id=\"col-100559126\" class=\"col medium-7 small-12 large-7\"  >\n\t\t\t\t<div class=\"col-inner\"  >\n\t\t\t\n\t\t\t\n\t<div class=\"img has-hover x md-x lg-x y md-y lg-y\" id=\"image_1102141513\">\n\t\t\t\t\t\t\t\t<div class=\"img-inner dark\" >\n\t\t\t<img loading=\"lazy\" decoding=\"async\" width=\"532\" height=\"366\" src=\"https:\/\/metalpie.com\/wp-content\/uploads\/2022\/09\/block_Universal_products_bottom_001.1image.jpg.webp\" class=\"attachment-original size-original\" alt=\"\" srcset=\"https:\/\/metalpie.com\/wp-content\/uploads\/2022\/09\/block_Universal_products_bottom_001.1image.jpg.webp 532w, https:\/\/metalpie.com\/wp-content\/uploads\/2022\/09\/block_Universal_products_bottom_001.1image.jpg-300x206.webp 300w\" sizes=\"auto, (max-width: 532px) 100vw, 532px\" \/>\t\t\t\t\t\t\n\t\t\t\t\t<\/div>\n\t\t\t\t\t\t\t\t\n<style>\n#image_1102141513 {\n  width: 100%;\n}\n<\/style>\n\t<\/div>\n\t\n\t\t<\/div>\n\t\t\t\t\t<\/div>\n\n\t\n\n\t<div id=\"col-2071975363\" class=\"col medium-5 small-12 large-5\"  >\n\t\t\t\t<div class=\"col-inner\"  >\n\t\t\t\n\t\t\t\n\t<div id=\"text-3430245204\" class=\"text\">\n\t\t\n<h5>Buone prestazioni di tenuta all'aria<\/h5>\n\t\t\n<style>\n#text-3430245204 {\n  text-align: center;\n}\n@media (min-width:550px) {\n  #text-3430245204 {\n    text-align: left;\n  }\n}\n<\/style>\n\t<\/div>\n\t\n\t\t<\/div>\n\t\t\t\t\t<\/div>\n\n\t\n<\/div>\n\t\t<\/div>\n\t\t\t\t\t<\/div>\n\n\t\n\n\t<div id=\"col-1327876494\" class=\"col medium-6 small-12 large-6\"  >\n\t\t\t\t<div class=\"col-inner\"  >\n\t\t\t\n\t\t\t\n<div class=\"row row-small align-middle\"  id=\"row-759903140\">\n\n\t<div id=\"col-1937881684\" class=\"col medium-7 small-12 large-7\"  >\n\t\t\t\t<div class=\"col-inner\"  >\n\t\t\t\n\t\t\t\n\t<div class=\"img has-hover x md-x lg-x y md-y lg-y\" id=\"image_1161941310\">\n\t\t\t\t\t\t\t\t<div class=\"img-inner dark\" >\n\t\t\t<img loading=\"lazy\" decoding=\"async\" width=\"534\" height=\"368\" src=\"https:\/\/metalpie.com\/wp-content\/uploads\/2022\/09\/block_Universal_products_bottom_002.2image.jpg.webp\" class=\"attachment-original size-original\" alt=\"\" srcset=\"https:\/\/metalpie.com\/wp-content\/uploads\/2022\/09\/block_Universal_products_bottom_002.2image.jpg.webp 534w, https:\/\/metalpie.com\/wp-content\/uploads\/2022\/09\/block_Universal_products_bottom_002.2image.jpg-300x207.webp 300w\" sizes=\"auto, (max-width: 534px) 100vw, 534px\" \/>\t\t\t\t\t\t\n\t\t\t\t\t<\/div>\n\t\t\t\t\t\t\t\t\n<style>\n#image_1161941310 {\n  width: 100%;\n}\n<\/style>\n\t<\/div>\n\t\n\t\t<\/div>\n\t\t\t\t\t<\/div>\n\n\t\n\n\t<div id=\"col-1531054263\" class=\"col medium-5 small-12 large-5\"  >\n\t\t\t\t<div class=\"col-inner\"  >\n\t\t\t\n\t\t\t\n\t<div id=\"text-641921479\" class=\"text\">\n\t\t\n<h5>Buona resistenza alla pressione del vento<\/h5>\n\t\t\n<style>\n#text-641921479 {\n  text-align: center;\n}\n@media (min-width:550px) {\n  #text-641921479 {\n    text-align: left;\n  }\n}\n<\/style>\n\t<\/div>\n\t\n\t\t<\/div>\n\t\t\t\t\t<\/div>\n\n\t\n<\/div>\n\t\t<\/div>\n\t\t\t\t\t<\/div>\n\n\t\n\n\t<div id=\"col-1872963792\" class=\"col medium-6 small-12 large-6\"  >\n\t\t\t\t<div class=\"col-inner\"  >\n\t\t\t\n\t\t\t\n<div class=\"row row-small align-middle\"  id=\"row-1654347568\">\n\n\t<div id=\"col-1328554436\" class=\"col medium-7 small-12 large-7\"  >\n\t\t\t\t<div class=\"col-inner\"  >\n\t\t\t\n\t\t\t\n\t<div class=\"img has-hover x md-x lg-x y md-y lg-y\" id=\"image_1766609136\">\n\t\t\t\t\t\t\t\t<div class=\"img-inner dark\" >\n\t\t\t<img loading=\"lazy\" decoding=\"async\" width=\"531\" height=\"366\" src=\"https:\/\/metalpie.com\/wp-content\/uploads\/2022\/09\/block_Universal_products_bottom_003.3image.jpg.webp\" class=\"attachment-original size-original\" alt=\"\" srcset=\"https:\/\/metalpie.com\/wp-content\/uploads\/2022\/09\/block_Universal_products_bottom_003.3image.jpg.webp 531w, https:\/\/metalpie.com\/wp-content\/uploads\/2022\/09\/block_Universal_products_bottom_003.3image.jpg-300x207.webp 300w\" sizes=\"auto, (max-width: 531px) 100vw, 531px\" \/>\t\t\t\t\t\t\n\t\t\t\t\t<\/div>\n\t\t\t\t\t\t\t\t\n<style>\n#image_1766609136 {\n  width: 100%;\n}\n<\/style>\n\t<\/div>\n\t\n\t\t<\/div>\n\t\t\t\t\t<\/div>\n\n\t\n\n\t<div id=\"col-1102392386\" class=\"col medium-5 small-12 large-5\"  >\n\t\t\t\t<div class=\"col-inner\"  >\n\t\t\t\n\t\t\t\n\t<div id=\"text-3543998726\" class=\"text\">\n\t\t\n<h5>Buone prestazioni di tenuta stagna<\/h5>\n\t\t\n<style>\n#text-3543998726 {\n  text-align: center;\n}\n@media (min-width:550px) {\n  #text-3543998726 {\n    text-align: left;\n  }\n}\n<\/style>\n\t<\/div>\n\t\n\t\t<\/div>\n\t\t\t\t\t<\/div>\n\n\t\n<\/div>\n\t\t<\/div>\n\t\t\t\t\t<\/div>\n\n\t\n\n\t<div id=\"col-662265925\" class=\"col medium-6 small-12 large-6\"  >\n\t\t\t\t<div class=\"col-inner\"  >\n\t\t\t\n\t\t\t\n<div class=\"row row-small align-middle\"  id=\"row-858507999\">\n\n\t<div id=\"col-141281876\" class=\"col medium-7 small-12 large-7\"  >\n\t\t\t\t<div class=\"col-inner\"  >\n\t\t\t\n\t\t\t\n\t<div class=\"img has-hover x md-x lg-x y md-y lg-y\" id=\"image_1455917247\">\n\t\t\t\t\t\t\t\t<div class=\"img-inner dark\" >\n\t\t\t<img loading=\"lazy\" decoding=\"async\" width=\"531\" height=\"365\" src=\"https:\/\/metalpie.com\/wp-content\/uploads\/2022\/09\/block_Universal_products_bottom_004.4image.jpg.webp\" class=\"attachment-original size-original\" alt=\"\" srcset=\"https:\/\/metalpie.com\/wp-content\/uploads\/2022\/09\/block_Universal_products_bottom_004.4image.jpg.webp 531w, https:\/\/metalpie.com\/wp-content\/uploads\/2022\/09\/block_Universal_products_bottom_004.4image.jpg-300x206.webp 300w\" sizes=\"auto, (max-width: 531px) 100vw, 531px\" \/>\t\t\t\t\t\t\n\t\t\t\t\t<\/div>\n\t\t\t\t\t\t\t\t\n<style>\n#image_1455917247 {\n  width: 100%;\n}\n<\/style>\n\t<\/div>\n\t\n\t\t<\/div>\n\t\t\t\t\t<\/div>\n\n\t\n\n\t<div id=\"col-1275691504\" class=\"col medium-5 small-12 large-5\"  >\n\t\t\t\t<div class=\"col-inner\"  >\n\t\t\t\n\t\t\t\n\t<div id=\"text-2627708251\" class=\"text\">\n\t\t\n<h5>Buone prestazioni di isolamento termico<\/h5>\n\t\t\n<style>\n#text-2627708251 {\n  text-align: center;\n}\n@media (min-width:550px) {\n  #text-2627708251 {\n    text-align: left;\n  }\n}\n<\/style>\n\t<\/div>\n\t\n\t\t<\/div>\n\t\t\t\t\t<\/div>\n\n\t\n<\/div>\n\t\t<\/div>\n\t\t\t\t\t<\/div>\n\n\t\n\n<style>\n#row-1869317810 > .col > .col-inner {\n  padding: 0px 20px 0px 20px;\n}\n<\/style>\n<\/div>\n\t\t<\/div>\n\n\t\t\n<style>\n#section_1556155485 {\n  padding-top: 0px;\n  padding-bottom: 0px;\n  background-color: rgb(245, 245, 245);\n}\n#section_1556155485 .ux-shape-divider--top svg {\n  height: 143px;\n  --divider-top-width: 100%;\n}\n<\/style>\n\t<\/section>\n\t\n\t<section class=\"section\" id=\"section_1799131763\">\n\t\t<div class=\"bg section-bg fill bg-fill  bg-loaded\" >\n\n\t\t\t\n\t\t\t\n\t\t\t\n\n\t\t<\/div>\n\n\t\t\n\n\t\t<div class=\"section-content relative\">\n\t\t\t\n<div class=\"row\"  id=\"row-1196953479\">\n\n\t<div id=\"col-1332889951\" class=\"col small-12 large-12\"  >\n\t\t\t\t<div class=\"col-inner\"  >\n\t\t\t\n\t\t\t\n<h2>Campi di applicazione della porta scorrevole in alluminio EP86<\/h2>\n<ul>\n<li>Case<\/li>\n<li>Ville<\/li>\n<li>Edifici per uffici<\/li>\n<li>Centri commerciali<\/li>\n<\/ul>\n\t\t<\/div>\n\t\t\t\t\t<\/div>\n\n\t\n<\/div>\n\t\t<\/div>\n\n\t\t\n<style>\n#section_1799131763 {\n  padding-top: 30px;\n  padding-bottom: 30px;\n}\n<\/style>\n\t<\/section>","protected":false},"excerpt":{"rendered":"<p>La porta scorrevole EP86 supporta la personalizzazione di varie specifiche. \u00c8 possibile scegliere il colore del telaio della porta in alluminio in base al proprio stile di decorazione, come il pi\u00f9 comune, bianco o nero.<\/p>","protected":false},"featured_media":2769,"comment_status":"closed","ping_status":"closed","template":"","meta":[],"product_cat":[15],"class_list":["post-2768","product","type-product","status-publish","has-post-thumbnail","hentry","product_cat-aluminum-windows-doors"],"yoast_head":"<!-- This site is optimized with the Yoast SEO plugin v21.5 - https:\/\/yoast.com\/wordpress\/plugins\/seo\/ -->\n<title>EP86 Aluminum Sliding Door | Aluminum Door Frame<\/title>\n<meta name=\"description\" content=\"EP86 aluminum sliding door is a simple style with multiple square or rectangular frames. These frames will not block the view and are very fashionable.\" \/>\n<meta name=\"robots\" content=\"index, follow, max-snippet:-1, max-image-preview:large, max-video-preview:-1\" \/>\n<link rel=\"canonical\" href=\"https:\/\/metalpie.com\/it\/finestre-e-porte-in-alluminio\/ep86-porta-scorrevole-in-alluminio\/\" \/>\n<meta property=\"og:locale\" content=\"it_IT\" \/>\n<meta property=\"og:type\" content=\"article\" \/>\n<meta property=\"og:title\" content=\"EP86 Aluminum Sliding Door | Aluminum Door Frame\" \/>\n<meta property=\"og:description\" content=\"EP86 aluminum sliding door is a simple style with multiple square or rectangular frames. These frames will not block the view and are very fashionable.\" \/>\n<meta property=\"og:url\" content=\"https:\/\/metalpie.com\/it\/finestre-e-porte-in-alluminio\/ep86-porta-scorrevole-in-alluminio\/\" \/>\n<meta property=\"og:site_name\" content=\"METALPIE\" \/>\n<meta property=\"article:modified_time\" content=\"2022-11-29T00:27:23+00:00\" \/>\n<meta property=\"og:image\" content=\"https:\/\/metalpie.com\/wp-content\/uploads\/2022\/10\/EP86_sliding_door_001image.webp\" \/>\n\t<meta property=\"og:image:width\" content=\"1000\" \/>\n\t<meta property=\"og:image:height\" content=\"1000\" \/>\n\t<meta property=\"og:image:type\" content=\"image\/webp\" \/>\n<meta name=\"twitter:card\" content=\"summary_large_image\" \/>\n<meta name=\"twitter:label1\" content=\"Tempo di lettura stimato\" \/>\n\t<meta name=\"twitter:data1\" content=\"2 minuti\" \/>\n<script type=\"application\/ld+json\" class=\"yoast-schema-graph\">{\"@context\":\"https:\/\/schema.org\",\"@graph\":[{\"@type\":\"WebPage\",\"@id\":\"https:\/\/metalpie.com\/pt\/janelas-e-portas-de-aluminio\/porta-deslizante-de-aluminio-ep86\/\",\"url\":\"https:\/\/metalpie.com\/pt\/janelas-e-portas-de-aluminio\/porta-deslizante-de-aluminio-ep86\/\",\"name\":\"EP86 Aluminum Sliding Door | Aluminum Door Frame\",\"isPartOf\":{\"@id\":\"https:\/\/metalpie.com\/#website\"},\"datePublished\":\"2022-10-09T05:17:33+00:00\",\"dateModified\":\"2022-11-29T00:27:23+00:00\",\"description\":\"EP86 aluminum sliding door is a simple style with multiple square or rectangular frames. These frames will not block the view and are very fashionable.\",\"breadcrumb\":{\"@id\":\"https:\/\/metalpie.com\/pt\/janelas-e-portas-de-aluminio\/porta-deslizante-de-aluminio-ep86\/#breadcrumb\"},\"inLanguage\":\"it-IT\",\"potentialAction\":[{\"@type\":\"ReadAction\",\"target\":[\"https:\/\/metalpie.com\/pt\/janelas-e-portas-de-aluminio\/porta-deslizante-de-aluminio-ep86\/\"]}]},{\"@type\":\"BreadcrumbList\",\"@id\":\"https:\/\/metalpie.com\/pt\/janelas-e-portas-de-aluminio\/porta-deslizante-de-aluminio-ep86\/#breadcrumb\",\"itemListElement\":[{\"@type\":\"ListItem\",\"position\":1,\"name\":\"Home\",\"item\":\"https:\/\/metalpie.com\/\"},{\"@type\":\"ListItem\",\"position\":2,\"name\":\"Products\",\"item\":\"https:\/\/metalpie.com\/shop\/\"},{\"@type\":\"ListItem\",\"position\":3,\"name\":\"EP86 Aluminum Sliding Door\"}]},{\"@type\":\"WebSite\",\"@id\":\"https:\/\/metalpie.com\/#website\",\"url\":\"https:\/\/metalpie.com\/\",\"name\":\"METALPIE\",\"description\":\"Precision Metal Fabrication | Tools, Processes &amp; More\",\"potentialAction\":[{\"@type\":\"SearchAction\",\"target\":{\"@type\":\"EntryPoint\",\"urlTemplate\":\"https:\/\/metalpie.com\/?s={search_term_string}\"},\"query-input\":\"required name=search_term_string\"}],\"inLanguage\":\"it-IT\"}]}<\/script>\n<!-- \/ Yoast SEO plugin. -->","yoast_head_json":{"title":"EP86 Porta scorrevole in alluminio | Telaio della porta in alluminio","description":"La porta scorrevole in alluminio EP86 \u00e8 uno stile semplice con cornici multiple quadrate o rettangolari. Queste cornici non bloccano la vista e sono molto alla moda.","robots":{"index":"index","follow":"follow","max-snippet":"max-snippet:-1","max-image-preview":"max-image-preview:large","max-video-preview":"max-video-preview:-1"},"canonical":"https:\/\/metalpie.com\/it\/finestre-e-porte-in-alluminio\/ep86-porta-scorrevole-in-alluminio\/","og_locale":"it_IT","og_type":"article","og_title":"EP86 Aluminum Sliding Door | Aluminum Door Frame","og_description":"EP86 aluminum sliding door is a simple style with multiple square or rectangular frames. These frames will not block the view and are very fashionable.","og_url":"https:\/\/metalpie.com\/it\/finestre-e-porte-in-alluminio\/ep86-porta-scorrevole-in-alluminio\/","og_site_name":"METALPIE","article_modified_time":"2022-11-29T00:27:23+00:00","og_image":[{"width":1000,"height":1000,"url":"https:\/\/metalpie.com\/wp-content\/uploads\/2022\/10\/EP86_sliding_door_001image.webp","type":"image\/webp"}],"twitter_card":"summary_large_image","twitter_misc":{"Tempo di lettura stimato":"2 minuti"},"schema":{"@context":"https:\/\/schema.org","@graph":[{"@type":"WebPage","@id":"https:\/\/metalpie.com\/pt\/janelas-e-portas-de-aluminio\/porta-deslizante-de-aluminio-ep86\/","url":"https:\/\/metalpie.com\/pt\/janelas-e-portas-de-aluminio\/porta-deslizante-de-aluminio-ep86\/","name":"EP86 Porta scorrevole in alluminio | Telaio della porta in alluminio","isPartOf":{"@id":"https:\/\/metalpie.com\/#website"},"datePublished":"2022-10-09T05:17:33+00:00","dateModified":"2022-11-29T00:27:23+00:00","description":"La porta scorrevole in alluminio EP86 \u00e8 uno stile semplice con cornici multiple quadrate o rettangolari. Queste cornici non bloccano la vista e sono molto alla moda.","breadcrumb":{"@id":"https:\/\/metalpie.com\/pt\/janelas-e-portas-de-aluminio\/porta-deslizante-de-aluminio-ep86\/#breadcrumb"},"inLanguage":"it-IT","potentialAction":[{"@type":"ReadAction","target":["https:\/\/metalpie.com\/pt\/janelas-e-portas-de-aluminio\/porta-deslizante-de-aluminio-ep86\/"]}]},{"@type":"BreadcrumbList","@id":"https:\/\/metalpie.com\/pt\/janelas-e-portas-de-aluminio\/porta-deslizante-de-aluminio-ep86\/#breadcrumb","itemListElement":[{"@type":"ListItem","position":1,"name":"Home","item":"https:\/\/metalpie.com\/"},{"@type":"ListItem","position":2,"name":"Products","item":"https:\/\/metalpie.com\/shop\/"},{"@type":"ListItem","position":3,"name":"EP86 Aluminum Sliding Door"}]},{"@type":"WebSite","@id":"https:\/\/metalpie.com\/#website","url":"https:\/\/metalpie.com\/","name":"METALPIE","description":"Fabbricazione di precisione del metallo - Strumenti, processi e altro ancora","potentialAction":[{"@type":"SearchAction","target":{"@type":"EntryPoint","urlTemplate":"https:\/\/metalpie.com\/?s={search_term_string}"},"query-input":"required name=search_term_string"}],"inLanguage":"it-IT"}]}},"_links":{"self":[{"href":"https:\/\/metalpie.com\/it\/wp-json\/wp\/v2\/product\/2768","targetHints":{"allow":["GET"]}}],"collection":[{"href":"https:\/\/metalpie.com\/it\/wp-json\/wp\/v2\/product"}],"about":[{"href":"https:\/\/metalpie.com\/it\/wp-json\/wp\/v2\/types\/product"}],"replies":[{"embeddable":true,"href":"https:\/\/metalpie.com\/it\/wp-json\/wp\/v2\/comments?post=2768"}],"wp:featuredmedia":[{"embeddable":true,"href":"https:\/\/metalpie.com\/it\/wp-json\/wp\/v2\/media\/2769"}],"wp:attachment":[{"href":"https:\/\/metalpie.com\/it\/wp-json\/wp\/v2\/media?parent=2768"}],"wp:term":[{"taxonomy":"product_cat","embeddable":true,"href":"https:\/\/metalpie.com\/it\/wp-json\/wp\/v2\/product_cat?post=2768"}],"curies":[{"name":"wp","href":"https:\/\/api.w.org\/{rel}","templated":true}]}}