{"id":2731,"date":"2022-10-09T12:30:36","date_gmt":"2022-10-09T04:30:36","guid":{"rendered":"https:\/\/metalpie.com\/?post_type=product&#038;p=2731"},"modified":"2022-11-08T15:15:50","modified_gmt":"2022-11-08T07:15:50","slug":"es65-finestra-a-due-ante-con-apertura-verso-lesterno","status":"publish","type":"product","link":"https:\/\/metalpie.com\/it\/finestre-e-porte-in-alluminio\/es65-finestra-a-due-ante-con-apertura-verso-lesterno\/","title":{"rendered":"Finestra a due ante ES65"},"content":{"rendered":"<section class=\"section\" id=\"section_1432424979\">\n\t\t<div class=\"bg section-bg fill bg-fill  bg-loaded\" >\n\n\t\t\t\n\t\t\t\n\t\t\t\n\n\t\t<\/div>\n\n\t\t\t<div class=\"ux-shape-divider ux-shape-divider--top ux-shape-divider--style-curve-opacity\">\n\t\t<svg viewbox=\"0 0 1000 100\" xmlns=\"http:\/\/www.w3.org\/2000\/svg\" preserveaspectratio=\"none\">\n\t\t<path class=\"ux-shape-fill\" opacity=\"0.15\" d=\"M0 14C0 14 88.64 17.48 300 50C560 90 814 77 1003 40L1015 68L1018 104H0V14Z\"\/>\n\t\t<path class=\"ux-shape-fill\" opacity=\"0.3\" d=\"M0 45C0 45 271 90.13 500 77C657 68 830 30 1015 14V100H0V45Z\"\/>\n\t\t<path class=\"ux-shape-fill\" d=\"M0 58C0 58 188.29 90 508 90C798 90 1002 55 1002 55V100H0V58Z\"\/>\n<\/svg>\n\t<\/div>\n\n\n\t\t<div class=\"section-content relative\">\n\t\t\t\n<div class=\"is-divider divider clearfix\" style=\"margin-top:0px;margin-bottom:0px;max-width:0px;height:30px;\"><\/div>\n<div class=\"row row-collapse align-middle\"  id=\"row-800761235\">\n\n\t<div id=\"col-328868698\" class=\"col medium-6 small-12 large-6\"  >\n\t\t\t\t<div class=\"col-inner\"  >\n\t\t\t\n\t\t\t\n<div class=\"row row-small align-middle\"  id=\"row-945292666\">\n\n\t<div id=\"col-2066405293\" class=\"col medium-7 small-12 large-7\"  >\n\t\t\t\t<div class=\"col-inner\"  >\n\t\t\t\n\t\t\t\n\t<div class=\"img has-hover x md-x lg-x y md-y lg-y\" id=\"image_608934262\">\n\t\t\t\t\t\t\t\t<div class=\"img-inner dark\" >\n\t\t\t<img loading=\"lazy\" decoding=\"async\" width=\"532\" height=\"366\" src=\"https:\/\/metalpie.com\/wp-content\/uploads\/2022\/09\/block_Universal_products_bottom_001.1image.jpg.webp\" class=\"attachment-original size-original\" alt=\"\" srcset=\"https:\/\/metalpie.com\/wp-content\/uploads\/2022\/09\/block_Universal_products_bottom_001.1image.jpg.webp 532w, https:\/\/metalpie.com\/wp-content\/uploads\/2022\/09\/block_Universal_products_bottom_001.1image.jpg-300x206.webp 300w\" sizes=\"auto, (max-width: 532px) 100vw, 532px\" \/>\t\t\t\t\t\t\n\t\t\t\t\t<\/div>\n\t\t\t\t\t\t\t\t\n<style>\n#image_608934262 {\n  width: 100%;\n}\n<\/style>\n\t<\/div>\n\t\n\t\t<\/div>\n\t\t\t\t\t<\/div>\n\n\t\n\n\t<div id=\"col-900185105\" class=\"col medium-5 small-12 large-5\"  >\n\t\t\t\t<div class=\"col-inner\"  >\n\t\t\t\n\t\t\t\n\t<div id=\"text-3194598965\" class=\"text\">\n\t\t\n<h5>Prestazioni ermetiche<\/h5>\n\t\t\n<style>\n#text-3194598965 {\n  text-align: center;\n}\n@media (min-width:550px) {\n  #text-3194598965 {\n    text-align: left;\n  }\n}\n<\/style>\n\t<\/div>\n\t\n\t<div id=\"text-3950188311\" class=\"text\">\n\t\t\n<p><b>Livello 8<br \/><\/b>q1=0,3 m\u00b3 \/ (m.h)<br \/>q2=0,5 m\u00b3\/ ( \u33a1.h )<\/p>\n\t\t\n<style>\n#text-3950188311 {\n  text-align: center;\n}\n@media (min-width:550px) {\n  #text-3950188311 {\n    text-align: left;\n  }\n}\n<\/style>\n\t<\/div>\n\t\n\t\t<\/div>\n\t\t\t\t\t<\/div>\n\n\t\n<\/div>\n\t\t<\/div>\n\t\t\t\t\t<\/div>\n\n\t\n\n\t<div id=\"col-623369689\" class=\"col medium-6 small-12 large-6\"  >\n\t\t\t\t<div class=\"col-inner\"  >\n\t\t\t\n\t\t\t\n<div class=\"row row-small align-middle\"  id=\"row-117172840\">\n\n\t<div id=\"col-38436703\" class=\"col medium-7 small-12 large-7\"  >\n\t\t\t\t<div class=\"col-inner\"  >\n\t\t\t\n\t\t\t\n\t<div class=\"img has-hover x md-x lg-x y md-y lg-y\" id=\"image_1626570912\">\n\t\t\t\t\t\t\t\t<div class=\"img-inner dark\" >\n\t\t\t<img loading=\"lazy\" decoding=\"async\" width=\"534\" height=\"368\" src=\"https:\/\/metalpie.com\/wp-content\/uploads\/2022\/09\/block_Universal_products_bottom_002.2image.jpg.webp\" class=\"attachment-original size-original\" alt=\"\" srcset=\"https:\/\/metalpie.com\/wp-content\/uploads\/2022\/09\/block_Universal_products_bottom_002.2image.jpg.webp 534w, https:\/\/metalpie.com\/wp-content\/uploads\/2022\/09\/block_Universal_products_bottom_002.2image.jpg-300x207.webp 300w\" sizes=\"auto, (max-width: 534px) 100vw, 534px\" \/>\t\t\t\t\t\t\n\t\t\t\t\t<\/div>\n\t\t\t\t\t\t\t\t\n<style>\n#image_1626570912 {\n  width: 100%;\n}\n<\/style>\n\t<\/div>\n\t\n\t\t<\/div>\n\t\t\t\t\t<\/div>\n\n\t\n\n\t<div id=\"col-710004436\" class=\"col medium-5 small-12 large-5\"  >\n\t\t\t\t<div class=\"col-inner\"  >\n\t\t\t\n\t\t\t\n\t<div id=\"text-2643580459\" class=\"text\">\n\t\t\n<h5>Resistenza alla pressione del vento<\/h5>\n\t\t\n<style>\n#text-2643580459 {\n  text-align: center;\n}\n@media (min-width:550px) {\n  #text-2643580459 {\n    text-align: left;\n  }\n}\n<\/style>\n\t<\/div>\n\t\n\t<div id=\"text-528015428\" class=\"text\">\n\t\t\n<p><strong>Livello 9<\/strong><br \/>p3=5,0 Kpa<\/p>\n\t\t\n<style>\n#text-528015428 {\n  text-align: center;\n}\n@media (min-width:550px) {\n  #text-528015428 {\n    text-align: left;\n  }\n}\n<\/style>\n\t<\/div>\n\t\n\t\t<\/div>\n\t\t\t\t\t<\/div>\n\n\t\n<\/div>\n\t\t<\/div>\n\t\t\t\t\t<\/div>\n\n\t\n\n\t<div id=\"col-1866636720\" class=\"col medium-6 small-12 large-6\"  >\n\t\t\t\t<div class=\"col-inner\"  >\n\t\t\t\n\t\t\t\n<div class=\"row row-small align-middle\"  id=\"row-207538573\">\n\n\t<div id=\"col-663701970\" class=\"col medium-7 small-12 large-7\"  >\n\t\t\t\t<div class=\"col-inner\"  >\n\t\t\t\n\t\t\t\n\t<div class=\"img has-hover x md-x lg-x y md-y lg-y\" id=\"image_959153911\">\n\t\t\t\t\t\t\t\t<div class=\"img-inner dark\" >\n\t\t\t<img loading=\"lazy\" decoding=\"async\" width=\"531\" height=\"366\" src=\"https:\/\/metalpie.com\/wp-content\/uploads\/2022\/09\/block_Universal_products_bottom_003.3image.jpg.webp\" class=\"attachment-original size-original\" alt=\"\" srcset=\"https:\/\/metalpie.com\/wp-content\/uploads\/2022\/09\/block_Universal_products_bottom_003.3image.jpg.webp 531w, https:\/\/metalpie.com\/wp-content\/uploads\/2022\/09\/block_Universal_products_bottom_003.3image.jpg-300x207.webp 300w\" sizes=\"auto, (max-width: 531px) 100vw, 531px\" \/>\t\t\t\t\t\t\n\t\t\t\t\t<\/div>\n\t\t\t\t\t\t\t\t\n<style>\n#image_959153911 {\n  width: 100%;\n}\n<\/style>\n\t<\/div>\n\t\n\t\t<\/div>\n\t\t\t\t\t<\/div>\n\n\t\n\n\t<div id=\"col-752890138\" class=\"col medium-5 small-12 large-5\"  >\n\t\t\t\t<div class=\"col-inner\"  >\n\t\t\t\n\t\t\t\n\t<div id=\"text-904266800\" class=\"text\">\n\t\t\n<h5>Prestazioni a tenuta stagna<\/h5>\n\t\t\n<style>\n#text-904266800 {\n  text-align: center;\n}\n@media (min-width:550px) {\n  #text-904266800 {\n    text-align: left;\n  }\n}\n<\/style>\n\t<\/div>\n\t\n\t<div id=\"text-1034616820\" class=\"text\">\n\t\t\n<p><strong>Livello 6<\/strong><br \/>\u25b3P=700 pa<\/p>\n\t\t\n<style>\n#text-1034616820 {\n  text-align: center;\n}\n@media (min-width:550px) {\n  #text-1034616820 {\n    text-align: left;\n  }\n}\n<\/style>\n\t<\/div>\n\t\n\t\t<\/div>\n\t\t\t\t\t<\/div>\n\n\t\n<\/div>\n\t\t<\/div>\n\t\t\t\t\t<\/div>\n\n\t\n\n\t<div id=\"col-175469371\" class=\"col medium-6 small-12 large-6\"  >\n\t\t\t\t<div class=\"col-inner\"  >\n\t\t\t\n\t\t\t\n<div class=\"row row-small align-middle\"  id=\"row-61668262\">\n\n\t<div id=\"col-835601508\" class=\"col medium-7 small-12 large-7\"  >\n\t\t\t\t<div class=\"col-inner\"  >\n\t\t\t\n\t\t\t\n\t<div class=\"img has-hover x md-x lg-x y md-y lg-y\" id=\"image_2090966369\">\n\t\t\t\t\t\t\t\t<div class=\"img-inner dark\" >\n\t\t\t<img loading=\"lazy\" decoding=\"async\" width=\"531\" height=\"365\" src=\"https:\/\/metalpie.com\/wp-content\/uploads\/2022\/09\/block_Universal_products_bottom_004.4image.jpg.webp\" class=\"attachment-original size-original\" alt=\"\" srcset=\"https:\/\/metalpie.com\/wp-content\/uploads\/2022\/09\/block_Universal_products_bottom_004.4image.jpg.webp 531w, https:\/\/metalpie.com\/wp-content\/uploads\/2022\/09\/block_Universal_products_bottom_004.4image.jpg-300x206.webp 300w\" sizes=\"auto, (max-width: 531px) 100vw, 531px\" \/>\t\t\t\t\t\t\n\t\t\t\t\t<\/div>\n\t\t\t\t\t\t\t\t\n<style>\n#image_2090966369 {\n  width: 100%;\n}\n<\/style>\n\t<\/div>\n\t\n\t\t<\/div>\n\t\t\t\t\t<\/div>\n\n\t\n\n\t<div id=\"col-730318485\" class=\"col medium-5 small-12 large-5\"  >\n\t\t\t\t<div class=\"col-inner\"  >\n\t\t\t\n\t\t\t\n\t<div id=\"text-2299084202\" class=\"text\">\n\t\t\n<h5>Prestazioni dell'isolamento<\/h5>\n\t\t\n<style>\n#text-2299084202 {\n  text-align: center;\n}\n@media (min-width:550px) {\n  #text-2299084202 {\n    text-align: left;\n  }\n}\n<\/style>\n\t<\/div>\n\t\n\t<div id=\"text-924269181\" class=\"text\">\n\t\t\n<p><strong>Livello 7<\/strong><br \/>K=1,8~ 2,2W\/(\u33a1.K)<\/p>\n\t\t\n<style>\n#text-924269181 {\n  text-align: center;\n}\n@media (min-width:550px) {\n  #text-924269181 {\n    text-align: left;\n  }\n}\n<\/style>\n\t<\/div>\n\t\n\t\t<\/div>\n\t\t\t\t\t<\/div>\n\n\t\n<\/div>\n\t\t<\/div>\n\t\t\t\t\t<\/div>\n\n\t\n\n<style>\n#row-800761235 > .col > .col-inner {\n  padding: 0px 20px 0px 20px;\n}\n<\/style>\n<\/div>\n\t\t<\/div>\n\n\t\t\n<style>\n#section_1432424979 {\n  padding-top: 0px;\n  padding-bottom: 0px;\n  background-color: rgb(245, 245, 245);\n}\n#section_1432424979 .ux-shape-divider--top svg {\n  height: 143px;\n  --divider-top-width: 100%;\n}\n<\/style>\n\t<\/section>","protected":false},"excerpt":{"rendered":"<p>La finestra a doppia anta ES65 \u00e8 una finestra con apertura verso l'esterno, quindi \u00e8 molto sicura quando i bambini giocano sotto la finestra. Le finestre con apertura verso l'esterno consentono inoltre di risparmiare spazio. Sebbene sia una finestra di grandi dimensioni, il suo telaio in alluminio \u00e8 in grado di resistere al vento forte in caso di maltempo. Questa finestra \u00e8 adatta a luoghi in cui il tempo \u00e8 mutevole.<\/p>","protected":false},"featured_media":2727,"comment_status":"closed","ping_status":"closed","template":"","meta":[],"product_cat":[15],"class_list":["post-2731","product","type-product","status-publish","has-post-thumbnail","hentry","product_cat-aluminum-windows-doors"],"yoast_head":"<!-- This site is optimized with the Yoast SEO plugin v21.5 - https:\/\/yoast.com\/wordpress\/plugins\/seo\/ -->\n<title>ES65 Double Sash Window | Windows that open outward<\/title>\n<meta name=\"description\" content=\"ES65 double sash window is a sliding window that opens outward. Its window frames are good aluminum profiles that are solid and can resist strong winds.\" \/>\n<meta name=\"robots\" content=\"index, follow, max-snippet:-1, max-image-preview:large, max-video-preview:-1\" \/>\n<link rel=\"canonical\" href=\"https:\/\/metalpie.com\/it\/finestre-e-porte-in-alluminio\/es65-finestra-a-due-ante-con-apertura-verso-lesterno\/\" \/>\n<meta property=\"og:locale\" content=\"it_IT\" \/>\n<meta property=\"og:type\" content=\"article\" \/>\n<meta property=\"og:title\" content=\"ES65 Double Sash Window | Windows that open outward\" \/>\n<meta property=\"og:description\" content=\"ES65 double sash window is a sliding window that opens outward. Its window frames are good aluminum profiles that are solid and can resist strong winds.\" \/>\n<meta property=\"og:url\" content=\"https:\/\/metalpie.com\/it\/finestre-e-porte-in-alluminio\/es65-finestra-a-due-ante-con-apertura-verso-lesterno\/\" \/>\n<meta property=\"og:site_name\" content=\"METALPIE\" \/>\n<meta property=\"article:modified_time\" content=\"2022-11-08T07:15:50+00:00\" \/>\n<meta property=\"og:image\" content=\"https:\/\/metalpie.com\/wp-content\/uploads\/2022\/10\/ES65_double_sash_outward_open_window_001image.webp\" \/>\n\t<meta property=\"og:image:width\" content=\"1000\" \/>\n\t<meta property=\"og:image:height\" content=\"1000\" \/>\n\t<meta property=\"og:image:type\" content=\"image\/webp\" \/>\n<meta name=\"twitter:card\" content=\"summary_large_image\" \/>\n<script type=\"application\/ld+json\" class=\"yoast-schema-graph\">{\"@context\":\"https:\/\/schema.org\",\"@graph\":[{\"@type\":\"WebPage\",\"@id\":\"https:\/\/metalpie.com\/es\/ventanas-puertas-de-aluminio\/es65-ventana-de-doble-hoja-con-apertura-hacia-el-exterior\/\",\"url\":\"https:\/\/metalpie.com\/es\/ventanas-puertas-de-aluminio\/es65-ventana-de-doble-hoja-con-apertura-hacia-el-exterior\/\",\"name\":\"ES65 Double Sash Window | Windows that open outward\",\"isPartOf\":{\"@id\":\"https:\/\/metalpie.com\/#website\"},\"datePublished\":\"2022-10-09T04:30:36+00:00\",\"dateModified\":\"2022-11-08T07:15:50+00:00\",\"description\":\"ES65 double sash window is a sliding window that opens outward. Its window frames are good aluminum profiles that are solid and can resist strong winds.\",\"breadcrumb\":{\"@id\":\"https:\/\/metalpie.com\/es\/ventanas-puertas-de-aluminio\/es65-ventana-de-doble-hoja-con-apertura-hacia-el-exterior\/#breadcrumb\"},\"inLanguage\":\"it-IT\",\"potentialAction\":[{\"@type\":\"ReadAction\",\"target\":[\"https:\/\/metalpie.com\/es\/ventanas-puertas-de-aluminio\/es65-ventana-de-doble-hoja-con-apertura-hacia-el-exterior\/\"]}]},{\"@type\":\"BreadcrumbList\",\"@id\":\"https:\/\/metalpie.com\/es\/ventanas-puertas-de-aluminio\/es65-ventana-de-doble-hoja-con-apertura-hacia-el-exterior\/#breadcrumb\",\"itemListElement\":[{\"@type\":\"ListItem\",\"position\":1,\"name\":\"Home\",\"item\":\"https:\/\/metalpie.com\/\"},{\"@type\":\"ListItem\",\"position\":2,\"name\":\"Products\",\"item\":\"https:\/\/metalpie.com\/shop\/\"},{\"@type\":\"ListItem\",\"position\":3,\"name\":\"ES65 Double Sash Window\"}]},{\"@type\":\"WebSite\",\"@id\":\"https:\/\/metalpie.com\/#website\",\"url\":\"https:\/\/metalpie.com\/\",\"name\":\"METALPIE\",\"description\":\"Precision Metal Fabrication | Tools, Processes &amp; More\",\"potentialAction\":[{\"@type\":\"SearchAction\",\"target\":{\"@type\":\"EntryPoint\",\"urlTemplate\":\"https:\/\/metalpie.com\/?s={search_term_string}\"},\"query-input\":\"required name=search_term_string\"}],\"inLanguage\":\"it-IT\"}]}<\/script>\n<!-- \/ Yoast SEO plugin. -->","yoast_head_json":{"title":"ES65 Finestra a doppia anta | Finestre con apertura verso l'esterno","description":"La finestra a due ante ES65 \u00e8 una finestra scorrevole che si apre verso l'esterno. I suoi telai sono buoni profili in alluminio, solidi e in grado di resistere ai venti forti.","robots":{"index":"index","follow":"follow","max-snippet":"max-snippet:-1","max-image-preview":"max-image-preview:large","max-video-preview":"max-video-preview:-1"},"canonical":"https:\/\/metalpie.com\/it\/finestre-e-porte-in-alluminio\/es65-finestra-a-due-ante-con-apertura-verso-lesterno\/","og_locale":"it_IT","og_type":"article","og_title":"ES65 Double Sash Window | Windows that open outward","og_description":"ES65 double sash window is a sliding window that opens outward. Its window frames are good aluminum profiles that are solid and can resist strong winds.","og_url":"https:\/\/metalpie.com\/it\/finestre-e-porte-in-alluminio\/es65-finestra-a-due-ante-con-apertura-verso-lesterno\/","og_site_name":"METALPIE","article_modified_time":"2022-11-08T07:15:50+00:00","og_image":[{"width":1000,"height":1000,"url":"https:\/\/metalpie.com\/wp-content\/uploads\/2022\/10\/ES65_double_sash_outward_open_window_001image.webp","type":"image\/webp"}],"twitter_card":"summary_large_image","schema":{"@context":"https:\/\/schema.org","@graph":[{"@type":"WebPage","@id":"https:\/\/metalpie.com\/es\/ventanas-puertas-de-aluminio\/es65-ventana-de-doble-hoja-con-apertura-hacia-el-exterior\/","url":"https:\/\/metalpie.com\/es\/ventanas-puertas-de-aluminio\/es65-ventana-de-doble-hoja-con-apertura-hacia-el-exterior\/","name":"ES65 Finestra a doppia anta | Finestre con apertura verso l'esterno","isPartOf":{"@id":"https:\/\/metalpie.com\/#website"},"datePublished":"2022-10-09T04:30:36+00:00","dateModified":"2022-11-08T07:15:50+00:00","description":"La finestra a due ante ES65 \u00e8 una finestra scorrevole che si apre verso l'esterno. I suoi telai sono buoni profili in alluminio, solidi e in grado di resistere ai venti forti.","breadcrumb":{"@id":"https:\/\/metalpie.com\/es\/ventanas-puertas-de-aluminio\/es65-ventana-de-doble-hoja-con-apertura-hacia-el-exterior\/#breadcrumb"},"inLanguage":"it-IT","potentialAction":[{"@type":"ReadAction","target":["https:\/\/metalpie.com\/es\/ventanas-puertas-de-aluminio\/es65-ventana-de-doble-hoja-con-apertura-hacia-el-exterior\/"]}]},{"@type":"BreadcrumbList","@id":"https:\/\/metalpie.com\/es\/ventanas-puertas-de-aluminio\/es65-ventana-de-doble-hoja-con-apertura-hacia-el-exterior\/#breadcrumb","itemListElement":[{"@type":"ListItem","position":1,"name":"Home","item":"https:\/\/metalpie.com\/"},{"@type":"ListItem","position":2,"name":"Products","item":"https:\/\/metalpie.com\/shop\/"},{"@type":"ListItem","position":3,"name":"ES65 Double Sash Window"}]},{"@type":"WebSite","@id":"https:\/\/metalpie.com\/#website","url":"https:\/\/metalpie.com\/","name":"METALPIE","description":"Fabbricazione di precisione del metallo - Strumenti, processi e altro ancora","potentialAction":[{"@type":"SearchAction","target":{"@type":"EntryPoint","urlTemplate":"https:\/\/metalpie.com\/?s={search_term_string}"},"query-input":"required name=search_term_string"}],"inLanguage":"it-IT"}]}},"_links":{"self":[{"href":"https:\/\/metalpie.com\/it\/wp-json\/wp\/v2\/product\/2731","targetHints":{"allow":["GET"]}}],"collection":[{"href":"https:\/\/metalpie.com\/it\/wp-json\/wp\/v2\/product"}],"about":[{"href":"https:\/\/metalpie.com\/it\/wp-json\/wp\/v2\/types\/product"}],"replies":[{"embeddable":true,"href":"https:\/\/metalpie.com\/it\/wp-json\/wp\/v2\/comments?post=2731"}],"wp:featuredmedia":[{"embeddable":true,"href":"https:\/\/metalpie.com\/it\/wp-json\/wp\/v2\/media\/2727"}],"wp:attachment":[{"href":"https:\/\/metalpie.com\/it\/wp-json\/wp\/v2\/media?parent=2731"}],"wp:term":[{"taxonomy":"product_cat","embeddable":true,"href":"https:\/\/metalpie.com\/it\/wp-json\/wp\/v2\/product_cat?post=2731"}],"curies":[{"name":"wp","href":"https:\/\/api.w.org\/{rel}","templated":true}]}}