{"id":2722,"date":"2022-10-09T12:02:37","date_gmt":"2022-10-09T04:02:37","guid":{"rendered":"https:\/\/metalpie.com\/?post_type=product&#038;p=2722"},"modified":"2022-11-29T13:42:11","modified_gmt":"2022-11-29T05:42:11","slug":"finestra-scorrevole-es86","status":"publish","type":"product","link":"https:\/\/metalpie.com\/it\/finestre-e-porte-in-alluminio\/finestra-scorrevole-es86\/","title":{"rendered":"Finestra scorrevole ES86"},"content":{"rendered":"<section class=\"section\" id=\"section_1679229318\">\n\t\t<div class=\"bg section-bg fill bg-fill  bg-loaded\" >\n\n\t\t\t\n\t\t\t\n\t\t\t\n\n\t\t<\/div>\n\n\t\t\n\n\t\t<div class=\"section-content relative\">\n\t\t\t\n<div class=\"row\"  id=\"row-228358761\">\n\n\t<div id=\"col-2132327870\" class=\"col small-12 large-12\"  >\n\t\t\t\t<div class=\"col-inner\"  >\n\t\t\t\n\t\t\t\n<h2>Finestra scorrevole in alluminio Descrizione<\/h2>\n<p>La porta scorrevole in alluminio ES86 \u00e8 composta da 3 pannelli di vetro. Il vetro superiore della finestra \u00e8 fisso e non pu\u00f2 essere aperto. Un altro vetro pu\u00f2 scorrere per aprire la finestra. \u00c8 facile aprire e chiudere la finestra scorrevole. Se avete bambini, l'installazione di finestre scorrevoli \u00e8 una buona opzione perch\u00e9 non dovete preoccuparvi che i vostri figli urtino contro la finestra.<\/p>\n<h2>Ferramenta per finestre in alluminio<\/h2>\n<p>Eccellente maniglia per finestre. \u00c8 stata progettata tenendo conto delle abitudini di apertura delle persone, rendendo la finestra scorrevole semplice da aprire e chiudere.<\/p>\n<h2>Colore e dimensioni<\/h2>\n<p>Per colorare i telai delle finestre in alluminio utilizziamo cinque processi: verniciatura a polvere, rivestimento in PVDF, venatura del legno, anodizzazione ed elettroforesi. Sono disponibili anche colori e dimensioni personalizzate.<\/p>\n<h2>Caratteristiche<\/h2>\n<ul>\n<li>Design di un serramento dalle linee sottili.<\/li>\n<li><span style=\"color: #555555; font-size: 14.4px;\">Maglia con codice angolare pressofuso brevettato. <\/span><\/li>\n<li><span style=\"color: #555555; font-size: 14.4px;\">Migliori prestazioni grazie alle guarnizioni in gomma EPDM. <\/span><\/li>\n<li><span style=\"color: #555555; font-size: 14.4px;\">Buon effetto di tenuta all'acqua grazie all'esclusivo design del drenaggio. <\/span><\/li>\n<li><span style=\"color: #555555; font-size: 14.4px;\">Buone prestazioni di isolamento termico.<\/span><\/li>\n<\/ul>\n<h2>Campi di applicazione della finestra scorrevole in alluminio ES86<\/h2>\n<ul>\n<li>Centri commerciali<\/li>\n<li>Ville<\/li>\n<li>Edifici per uffici<\/li>\n<\/ul>\n\t\t<\/div>\n\t\t\t\t\t<\/div>\n\n\t\n<\/div>\n\t\t<\/div>\n\n\t\t\n<style>\n#section_1679229318 {\n  padding-top: 30px;\n  padding-bottom: 30px;\n}\n<\/style>\n\t<\/section>\n\t\n\t<section class=\"section\" id=\"section_393024668\">\n\t\t<div class=\"bg section-bg fill bg-fill  bg-loaded\" >\n\n\t\t\t\n\t\t\t\n\t\t\t\n\n\t\t<\/div>\n\n\t\t\t<div class=\"ux-shape-divider ux-shape-divider--top ux-shape-divider--style-curve-opacity\">\n\t\t<svg viewbox=\"0 0 1000 100\" xmlns=\"http:\/\/www.w3.org\/2000\/svg\" preserveaspectratio=\"none\">\n\t\t<path class=\"ux-shape-fill\" opacity=\"0.15\" d=\"M0 14C0 14 88.64 17.48 300 50C560 90 814 77 1003 40L1015 68L1018 104H0V14Z\"\/>\n\t\t<path class=\"ux-shape-fill\" opacity=\"0.3\" d=\"M0 45C0 45 271 90.13 500 77C657 68 830 30 1015 14V100H0V45Z\"\/>\n\t\t<path class=\"ux-shape-fill\" d=\"M0 58C0 58 188.29 90 508 90C798 90 1002 55 1002 55V100H0V58Z\"\/>\n<\/svg>\n\t<\/div>\n\n\n\t\t<div class=\"section-content relative\">\n\t\t\t\n<div class=\"is-divider divider clearfix\" style=\"margin-top:0px;margin-bottom:0px;max-width:0px;height:30px;\"><\/div>\n<div class=\"row row-collapse align-middle\"  id=\"row-2040989200\">\n\n\t<div id=\"col-2073626698\" class=\"col medium-6 small-12 large-6\"  >\n\t\t\t\t<div class=\"col-inner\"  >\n\t\t\t\n\t\t\t\n<div class=\"row row-small align-middle\"  id=\"row-1292114157\">\n\n\t<div id=\"col-946844558\" class=\"col medium-7 small-12 large-7\"  >\n\t\t\t\t<div class=\"col-inner\"  >\n\t\t\t\n\t\t\t\n\t<div class=\"img has-hover x md-x lg-x y md-y lg-y\" id=\"image_1695763667\">\n\t\t\t\t\t\t\t\t<div class=\"img-inner dark\" >\n\t\t\t<img loading=\"lazy\" decoding=\"async\" width=\"532\" height=\"366\" src=\"https:\/\/metalpie.com\/wp-content\/uploads\/2022\/09\/block_Universal_products_bottom_001.1image.jpg.webp\" class=\"attachment-original size-original\" alt=\"\" srcset=\"https:\/\/metalpie.com\/wp-content\/uploads\/2022\/09\/block_Universal_products_bottom_001.1image.jpg.webp 532w, https:\/\/metalpie.com\/wp-content\/uploads\/2022\/09\/block_Universal_products_bottom_001.1image.jpg-300x206.webp 300w\" sizes=\"auto, (max-width: 532px) 100vw, 532px\" \/>\t\t\t\t\t\t\n\t\t\t\t\t<\/div>\n\t\t\t\t\t\t\t\t\n<style>\n#image_1695763667 {\n  width: 100%;\n}\n<\/style>\n\t<\/div>\n\t\n\t\t<\/div>\n\t\t\t\t\t<\/div>\n\n\t\n\n\t<div id=\"col-138520958\" class=\"col medium-5 small-12 large-5\"  >\n\t\t\t\t<div class=\"col-inner\"  >\n\t\t\t\n\t\t\t\n\t<div id=\"text-1098234760\" class=\"text\">\n\t\t\n<h5>Prestazioni ermetiche<\/h5>\n\t\t\n<style>\n#text-1098234760 {\n  text-align: center;\n}\n@media (min-width:550px) {\n  #text-1098234760 {\n    text-align: left;\n  }\n}\n<\/style>\n\t<\/div>\n\t\n\t<div id=\"text-731237979\" class=\"text\">\n\t\t\n<p><b>Livello 8<br \/>\n<\/b>q1=0,32 m\u00b3 \/ (m.h)<br \/>\nq2=1,09 m\u00b3\/ ( \u33a1.h )<\/p>\n\t\t\n<style>\n#text-731237979 {\n  text-align: center;\n}\n@media (min-width:550px) {\n  #text-731237979 {\n    text-align: left;\n  }\n}\n<\/style>\n\t<\/div>\n\t\n\t\t<\/div>\n\t\t\t\t\t<\/div>\n\n\t\n<\/div>\n\t\t<\/div>\n\t\t\t\t\t<\/div>\n\n\t\n\n\t<div id=\"col-438235060\" class=\"col medium-6 small-12 large-6\"  >\n\t\t\t\t<div class=\"col-inner\"  >\n\t\t\t\n\t\t\t\n<div class=\"row row-small align-middle\"  id=\"row-1353622245\">\n\n\t<div id=\"col-807166913\" class=\"col medium-7 small-12 large-7\"  >\n\t\t\t\t<div class=\"col-inner\"  >\n\t\t\t\n\t\t\t\n\t<div class=\"img has-hover x md-x lg-x y md-y lg-y\" id=\"image_939526010\">\n\t\t\t\t\t\t\t\t<div class=\"img-inner dark\" >\n\t\t\t<img loading=\"lazy\" decoding=\"async\" width=\"534\" height=\"368\" src=\"https:\/\/metalpie.com\/wp-content\/uploads\/2022\/09\/block_Universal_products_bottom_002.2image.jpg.webp\" class=\"attachment-original size-original\" alt=\"\" srcset=\"https:\/\/metalpie.com\/wp-content\/uploads\/2022\/09\/block_Universal_products_bottom_002.2image.jpg.webp 534w, https:\/\/metalpie.com\/wp-content\/uploads\/2022\/09\/block_Universal_products_bottom_002.2image.jpg-300x207.webp 300w\" sizes=\"auto, (max-width: 534px) 100vw, 534px\" \/>\t\t\t\t\t\t\n\t\t\t\t\t<\/div>\n\t\t\t\t\t\t\t\t\n<style>\n#image_939526010 {\n  width: 100%;\n}\n<\/style>\n\t<\/div>\n\t\n\t\t<\/div>\n\t\t\t\t\t<\/div>\n\n\t\n\n\t<div id=\"col-138709565\" class=\"col medium-5 small-12 large-5\"  >\n\t\t\t\t<div class=\"col-inner\"  >\n\t\t\t\n\t\t\t\n\t<div id=\"text-1259607041\" class=\"text\">\n\t\t\n<h5>Resistenza alla pressione del vento<\/h5>\n\t\t\n<style>\n#text-1259607041 {\n  text-align: center;\n}\n@media (min-width:550px) {\n  #text-1259607041 {\n    text-align: left;\n  }\n}\n<\/style>\n\t<\/div>\n\t\n\t<div id=\"text-3079246172\" class=\"text\">\n\t\t\n<p><strong>Livello 9<\/strong><br \/>\np3=5,0 Kpa<\/p>\n\t\t\n<style>\n#text-3079246172 {\n  text-align: center;\n}\n@media (min-width:550px) {\n  #text-3079246172 {\n    text-align: left;\n  }\n}\n<\/style>\n\t<\/div>\n\t\n\t\t<\/div>\n\t\t\t\t\t<\/div>\n\n\t\n<\/div>\n\t\t<\/div>\n\t\t\t\t\t<\/div>\n\n\t\n\n\t<div id=\"col-510821401\" class=\"col medium-6 small-12 large-6\"  >\n\t\t\t\t<div class=\"col-inner\"  >\n\t\t\t\n\t\t\t\n<div class=\"row row-small align-middle\"  id=\"row-820169568\">\n\n\t<div id=\"col-1717686962\" class=\"col medium-7 small-12 large-7\"  >\n\t\t\t\t<div class=\"col-inner\"  >\n\t\t\t\n\t\t\t\n\t<div class=\"img has-hover x md-x lg-x y md-y lg-y\" id=\"image_1478161807\">\n\t\t\t\t\t\t\t\t<div class=\"img-inner dark\" >\n\t\t\t<img loading=\"lazy\" decoding=\"async\" width=\"531\" height=\"366\" src=\"https:\/\/metalpie.com\/wp-content\/uploads\/2022\/09\/block_Universal_products_bottom_003.3image.jpg.webp\" class=\"attachment-original size-original\" alt=\"\" srcset=\"https:\/\/metalpie.com\/wp-content\/uploads\/2022\/09\/block_Universal_products_bottom_003.3image.jpg.webp 531w, https:\/\/metalpie.com\/wp-content\/uploads\/2022\/09\/block_Universal_products_bottom_003.3image.jpg-300x207.webp 300w\" sizes=\"auto, (max-width: 531px) 100vw, 531px\" \/>\t\t\t\t\t\t\n\t\t\t\t\t<\/div>\n\t\t\t\t\t\t\t\t\n<style>\n#image_1478161807 {\n  width: 100%;\n}\n<\/style>\n\t<\/div>\n\t\n\t\t<\/div>\n\t\t\t\t\t<\/div>\n\n\t\n\n\t<div id=\"col-1630725292\" class=\"col medium-5 small-12 large-5\"  >\n\t\t\t\t<div class=\"col-inner\"  >\n\t\t\t\n\t\t\t\n\t<div id=\"text-3006991310\" class=\"text\">\n\t\t\n<h5>Prestazioni a tenuta stagna<\/h5>\n\t\t\n<style>\n#text-3006991310 {\n  text-align: center;\n}\n@media (min-width:550px) {\n  #text-3006991310 {\n    text-align: left;\n  }\n}\n<\/style>\n\t<\/div>\n\t\n\t<div id=\"text-3390298473\" class=\"text\">\n\t\t\n<p><strong>Livello 3<\/strong><br \/>\n\u25b3P=267 pa<\/p>\n\t\t\n<style>\n#text-3390298473 {\n  text-align: center;\n}\n@media (min-width:550px) {\n  #text-3390298473 {\n    text-align: left;\n  }\n}\n<\/style>\n\t<\/div>\n\t\n\t\t<\/div>\n\t\t\t\t\t<\/div>\n\n\t\n<\/div>\n\t\t<\/div>\n\t\t\t\t\t<\/div>\n\n\t\n\n\t<div id=\"col-311481811\" class=\"col medium-6 small-12 large-6\"  >\n\t\t\t\t<div class=\"col-inner\"  >\n\t\t\t\n\t\t\t\n<div class=\"row row-small align-middle\"  id=\"row-1527871212\">\n\n\t<div id=\"col-204087334\" class=\"col medium-7 small-12 large-7\"  >\n\t\t\t\t<div class=\"col-inner\"  >\n\t\t\t\n\t\t\t\n\t<div class=\"img has-hover x md-x lg-x y md-y lg-y\" id=\"image_2130887554\">\n\t\t\t\t\t\t\t\t<div class=\"img-inner dark\" >\n\t\t\t<img loading=\"lazy\" decoding=\"async\" width=\"531\" height=\"365\" src=\"https:\/\/metalpie.com\/wp-content\/uploads\/2022\/09\/block_Universal_products_bottom_004.4image.jpg.webp\" class=\"attachment-original size-original\" alt=\"\" srcset=\"https:\/\/metalpie.com\/wp-content\/uploads\/2022\/09\/block_Universal_products_bottom_004.4image.jpg.webp 531w, https:\/\/metalpie.com\/wp-content\/uploads\/2022\/09\/block_Universal_products_bottom_004.4image.jpg-300x206.webp 300w\" sizes=\"auto, (max-width: 531px) 100vw, 531px\" \/>\t\t\t\t\t\t\n\t\t\t\t\t<\/div>\n\t\t\t\t\t\t\t\t\n<style>\n#image_2130887554 {\n  width: 100%;\n}\n<\/style>\n\t<\/div>\n\t\n\t\t<\/div>\n\t\t\t\t\t<\/div>\n\n\t\n\n\t<div id=\"col-717384952\" class=\"col medium-5 small-12 large-5\"  >\n\t\t\t\t<div class=\"col-inner\"  >\n\t\t\t\n\t\t\t\n\t<div id=\"text-1537056553\" class=\"text\">\n\t\t\n<h5>Prestazioni dell'isolamento<\/h5>\n\t\t\n<style>\n#text-1537056553 {\n  text-align: center;\n}\n@media (min-width:550px) {\n  #text-1537056553 {\n    text-align: left;\n  }\n}\n<\/style>\n\t<\/div>\n\t\n\t<div id=\"text-2235154584\" class=\"text\">\n\t\t\n<p><strong>Livello 5<\/strong><br \/>\nK=2,6W\/(\u33a1.K)<\/p>\n\t\t\n<style>\n#text-2235154584 {\n  text-align: center;\n}\n@media (min-width:550px) {\n  #text-2235154584 {\n    text-align: left;\n  }\n}\n<\/style>\n\t<\/div>\n\t\n\t\t<\/div>\n\t\t\t\t\t<\/div>\n\n\t\n<\/div>\n\t\t<\/div>\n\t\t\t\t\t<\/div>\n\n\t\n\n<style>\n#row-2040989200 > .col > .col-inner {\n  padding: 0px 20px 0px 20px;\n}\n<\/style>\n<\/div>\n\t\t<\/div>\n\n\t\t\n<style>\n#section_393024668 {\n  padding-top: 0px;\n  padding-bottom: 0px;\n  background-color: rgb(245, 245, 245);\n}\n#section_393024668 .ux-shape-divider--top svg {\n  height: 143px;\n  --divider-top-width: 100%;\n}\n<\/style>\n\t<\/section>","protected":false},"excerpt":{"rendered":"<p>La finestra scorrevole ES86 \u00e8 multicolore opzionale; \u00e8 possibile scegliere il colore o il tipo per uniformare lo stile della decorazione. \u00c8 possibile installare questa finestra scorrevole orizzontale in camera da letto, cucina, balcone, ecc.<\/p>","protected":false},"featured_media":2733,"comment_status":"closed","ping_status":"closed","template":"","meta":[],"product_cat":[15],"class_list":["post-2722","product","type-product","status-publish","has-post-thumbnail","hentry","product_cat-aluminum-windows-doors"],"yoast_head":"<!-- This site is optimized with the Yoast SEO plugin v21.5 - https:\/\/yoast.com\/wordpress\/plugins\/seo\/ -->\n<title>ES86 Aluminum Sliding Window | Horizontal Sliding Windows<\/title>\n<meta name=\"description\" content=\"ES86 sliding window is a horizontal sliding window that its window frames are good aluminum profiles. This window is optional in multi-color.\" \/>\n<meta name=\"robots\" content=\"index, follow, max-snippet:-1, max-image-preview:large, max-video-preview:-1\" \/>\n<link rel=\"canonical\" href=\"https:\/\/metalpie.com\/it\/finestre-e-porte-in-alluminio\/finestra-scorrevole-es86\/\" \/>\n<meta property=\"og:locale\" content=\"it_IT\" \/>\n<meta property=\"og:type\" content=\"article\" \/>\n<meta property=\"og:title\" content=\"ES86 Aluminum Sliding Window | Horizontal Sliding Windows\" \/>\n<meta property=\"og:description\" content=\"ES86 sliding window is a horizontal sliding window that its window frames are good aluminum profiles. This window is optional in multi-color.\" \/>\n<meta property=\"og:url\" content=\"https:\/\/metalpie.com\/it\/finestre-e-porte-in-alluminio\/finestra-scorrevole-es86\/\" \/>\n<meta property=\"og:site_name\" content=\"METALPIE\" \/>\n<meta property=\"article:modified_time\" content=\"2022-11-29T05:42:11+00:00\" \/>\n<meta property=\"og:image\" content=\"https:\/\/metalpie.com\/wp-content\/uploads\/2022\/10\/ES86_sliding_window_001image.jpg\" \/>\n\t<meta property=\"og:image:width\" content=\"1000\" \/>\n\t<meta property=\"og:image:height\" content=\"1000\" \/>\n\t<meta property=\"og:image:type\" content=\"image\/jpeg\" \/>\n<meta name=\"twitter:card\" content=\"summary_large_image\" \/>\n<meta name=\"twitter:label1\" content=\"Tempo di lettura stimato\" \/>\n\t<meta name=\"twitter:data1\" content=\"2 minuti\" \/>\n<script type=\"application\/ld+json\" class=\"yoast-schema-graph\">{\"@context\":\"https:\/\/schema.org\",\"@graph\":[{\"@type\":\"WebPage\",\"@id\":\"https:\/\/metalpie.com\/ru\/%d0%b0%d0%bb%d1%8e%d0%bc%d0%b8%d0%bd%d0%b8%d0%b5%d0%b2%d1%8b%d0%b5-%d0%be%d0%ba%d0%bd%d0%b0-%d0%b4%d0%b2%d0%b5%d1%80%d0%b8\/%d1%80%d0%b0%d0%b7%d0%b4%d0%b2%d0%b8%d0%b6%d0%bd%d0%be%d0%b5-%d0%be%d0%ba%d0%bd%d0%be-es86\/\",\"url\":\"https:\/\/metalpie.com\/ru\/%d0%b0%d0%bb%d1%8e%d0%bc%d0%b8%d0%bd%d0%b8%d0%b5%d0%b2%d1%8b%d0%b5-%d0%be%d0%ba%d0%bd%d0%b0-%d0%b4%d0%b2%d0%b5%d1%80%d0%b8\/%d1%80%d0%b0%d0%b7%d0%b4%d0%b2%d0%b8%d0%b6%d0%bd%d0%be%d0%b5-%d0%be%d0%ba%d0%bd%d0%be-es86\/\",\"name\":\"ES86 Aluminum Sliding Window | Horizontal Sliding Windows\",\"isPartOf\":{\"@id\":\"https:\/\/metalpie.com\/#website\"},\"datePublished\":\"2022-10-09T04:02:37+00:00\",\"dateModified\":\"2022-11-29T05:42:11+00:00\",\"description\":\"ES86 sliding window is a horizontal sliding window that its window frames are good aluminum profiles. This window is optional in multi-color.\",\"breadcrumb\":{\"@id\":\"https:\/\/metalpie.com\/ru\/%d0%b0%d0%bb%d1%8e%d0%bc%d0%b8%d0%bd%d0%b8%d0%b5%d0%b2%d1%8b%d0%b5-%d0%be%d0%ba%d0%bd%d0%b0-%d0%b4%d0%b2%d0%b5%d1%80%d0%b8\/%d1%80%d0%b0%d0%b7%d0%b4%d0%b2%d0%b8%d0%b6%d0%bd%d0%be%d0%b5-%d0%be%d0%ba%d0%bd%d0%be-es86\/#breadcrumb\"},\"inLanguage\":\"it-IT\",\"potentialAction\":[{\"@type\":\"ReadAction\",\"target\":[\"https:\/\/metalpie.com\/ru\/%d0%b0%d0%bb%d1%8e%d0%bc%d0%b8%d0%bd%d0%b8%d0%b5%d0%b2%d1%8b%d0%b5-%d0%be%d0%ba%d0%bd%d0%b0-%d0%b4%d0%b2%d0%b5%d1%80%d0%b8\/%d1%80%d0%b0%d0%b7%d0%b4%d0%b2%d0%b8%d0%b6%d0%bd%d0%be%d0%b5-%d0%be%d0%ba%d0%bd%d0%be-es86\/\"]}]},{\"@type\":\"BreadcrumbList\",\"@id\":\"https:\/\/metalpie.com\/ru\/%d0%b0%d0%bb%d1%8e%d0%bc%d0%b8%d0%bd%d0%b8%d0%b5%d0%b2%d1%8b%d0%b5-%d0%be%d0%ba%d0%bd%d0%b0-%d0%b4%d0%b2%d0%b5%d1%80%d0%b8\/%d1%80%d0%b0%d0%b7%d0%b4%d0%b2%d0%b8%d0%b6%d0%bd%d0%be%d0%b5-%d0%be%d0%ba%d0%bd%d0%be-es86\/#breadcrumb\",\"itemListElement\":[{\"@type\":\"ListItem\",\"position\":1,\"name\":\"Home\",\"item\":\"https:\/\/metalpie.com\/\"},{\"@type\":\"ListItem\",\"position\":2,\"name\":\"Products\",\"item\":\"https:\/\/metalpie.com\/shop\/\"},{\"@type\":\"ListItem\",\"position\":3,\"name\":\"ES86 Sliding Window\"}]},{\"@type\":\"WebSite\",\"@id\":\"https:\/\/metalpie.com\/#website\",\"url\":\"https:\/\/metalpie.com\/\",\"name\":\"METALPIE\",\"description\":\"Precision Metal Fabrication | Tools, Processes &amp; More\",\"potentialAction\":[{\"@type\":\"SearchAction\",\"target\":{\"@type\":\"EntryPoint\",\"urlTemplate\":\"https:\/\/metalpie.com\/?s={search_term_string}\"},\"query-input\":\"required name=search_term_string\"}],\"inLanguage\":\"it-IT\"}]}<\/script>\n<!-- \/ Yoast SEO plugin. -->","yoast_head_json":{"title":"Finestra scorrevole in alluminio ES86 - Finestre scorrevoli orizzontali","description":"La finestra scorrevole ES86 \u00e8 una finestra scorrevole orizzontale i cui telai sono costituiti da buoni profili in alluminio. Questa finestra \u00e8 opzionale in multicolore.","robots":{"index":"index","follow":"follow","max-snippet":"max-snippet:-1","max-image-preview":"max-image-preview:large","max-video-preview":"max-video-preview:-1"},"canonical":"https:\/\/metalpie.com\/it\/finestre-e-porte-in-alluminio\/finestra-scorrevole-es86\/","og_locale":"it_IT","og_type":"article","og_title":"ES86 Aluminum Sliding Window | Horizontal Sliding Windows","og_description":"ES86 sliding window is a horizontal sliding window that its window frames are good aluminum profiles. This window is optional in multi-color.","og_url":"https:\/\/metalpie.com\/it\/finestre-e-porte-in-alluminio\/finestra-scorrevole-es86\/","og_site_name":"METALPIE","article_modified_time":"2022-11-29T05:42:11+00:00","og_image":[{"width":1000,"height":1000,"url":"https:\/\/metalpie.com\/wp-content\/uploads\/2022\/10\/ES86_sliding_window_001image.jpg","type":"image\/jpeg"}],"twitter_card":"summary_large_image","twitter_misc":{"Tempo di lettura stimato":"2 minuti"},"schema":{"@context":"https:\/\/schema.org","@graph":[{"@type":"WebPage","@id":"https:\/\/metalpie.com\/ru\/%d0%b0%d0%bb%d1%8e%d0%bc%d0%b8%d0%bd%d0%b8%d0%b5%d0%b2%d1%8b%d0%b5-%d0%be%d0%ba%d0%bd%d0%b0-%d0%b4%d0%b2%d0%b5%d1%80%d0%b8\/%d1%80%d0%b0%d0%b7%d0%b4%d0%b2%d0%b8%d0%b6%d0%bd%d0%be%d0%b5-%d0%be%d0%ba%d0%bd%d0%be-es86\/","url":"https:\/\/metalpie.com\/ru\/%d0%b0%d0%bb%d1%8e%d0%bc%d0%b8%d0%bd%d0%b8%d0%b5%d0%b2%d1%8b%d0%b5-%d0%be%d0%ba%d0%bd%d0%b0-%d0%b4%d0%b2%d0%b5%d1%80%d0%b8\/%d1%80%d0%b0%d0%b7%d0%b4%d0%b2%d0%b8%d0%b6%d0%bd%d0%be%d0%b5-%d0%be%d0%ba%d0%bd%d0%be-es86\/","name":"Finestra scorrevole in alluminio ES86 - Finestre scorrevoli orizzontali","isPartOf":{"@id":"https:\/\/metalpie.com\/#website"},"datePublished":"2022-10-09T04:02:37+00:00","dateModified":"2022-11-29T05:42:11+00:00","description":"La finestra scorrevole ES86 \u00e8 una finestra scorrevole orizzontale i cui telai sono costituiti da buoni profili in alluminio. Questa finestra \u00e8 opzionale in multicolore.","breadcrumb":{"@id":"https:\/\/metalpie.com\/ru\/%d0%b0%d0%bb%d1%8e%d0%bc%d0%b8%d0%bd%d0%b8%d0%b5%d0%b2%d1%8b%d0%b5-%d0%be%d0%ba%d0%bd%d0%b0-%d0%b4%d0%b2%d0%b5%d1%80%d0%b8\/%d1%80%d0%b0%d0%b7%d0%b4%d0%b2%d0%b8%d0%b6%d0%bd%d0%be%d0%b5-%d0%be%d0%ba%d0%bd%d0%be-es86\/#breadcrumb"},"inLanguage":"it-IT","potentialAction":[{"@type":"ReadAction","target":["https:\/\/metalpie.com\/ru\/%d0%b0%d0%bb%d1%8e%d0%bc%d0%b8%d0%bd%d0%b8%d0%b5%d0%b2%d1%8b%d0%b5-%d0%be%d0%ba%d0%bd%d0%b0-%d0%b4%d0%b2%d0%b5%d1%80%d0%b8\/%d1%80%d0%b0%d0%b7%d0%b4%d0%b2%d0%b8%d0%b6%d0%bd%d0%be%d0%b5-%d0%be%d0%ba%d0%bd%d0%be-es86\/"]}]},{"@type":"BreadcrumbList","@id":"https:\/\/metalpie.com\/ru\/%d0%b0%d0%bb%d1%8e%d0%bc%d0%b8%d0%bd%d0%b8%d0%b5%d0%b2%d1%8b%d0%b5-%d0%be%d0%ba%d0%bd%d0%b0-%d0%b4%d0%b2%d0%b5%d1%80%d0%b8\/%d1%80%d0%b0%d0%b7%d0%b4%d0%b2%d0%b8%d0%b6%d0%bd%d0%be%d0%b5-%d0%be%d0%ba%d0%bd%d0%be-es86\/#breadcrumb","itemListElement":[{"@type":"ListItem","position":1,"name":"Home","item":"https:\/\/metalpie.com\/"},{"@type":"ListItem","position":2,"name":"Products","item":"https:\/\/metalpie.com\/shop\/"},{"@type":"ListItem","position":3,"name":"ES86 Sliding Window"}]},{"@type":"WebSite","@id":"https:\/\/metalpie.com\/#website","url":"https:\/\/metalpie.com\/","name":"METALPIE","description":"Fabbricazione di precisione del metallo - Strumenti, processi e altro ancora","potentialAction":[{"@type":"SearchAction","target":{"@type":"EntryPoint","urlTemplate":"https:\/\/metalpie.com\/?s={search_term_string}"},"query-input":"required name=search_term_string"}],"inLanguage":"it-IT"}]}},"_links":{"self":[{"href":"https:\/\/metalpie.com\/it\/wp-json\/wp\/v2\/product\/2722","targetHints":{"allow":["GET"]}}],"collection":[{"href":"https:\/\/metalpie.com\/it\/wp-json\/wp\/v2\/product"}],"about":[{"href":"https:\/\/metalpie.com\/it\/wp-json\/wp\/v2\/types\/product"}],"replies":[{"embeddable":true,"href":"https:\/\/metalpie.com\/it\/wp-json\/wp\/v2\/comments?post=2722"}],"wp:featuredmedia":[{"embeddable":true,"href":"https:\/\/metalpie.com\/it\/wp-json\/wp\/v2\/media\/2733"}],"wp:attachment":[{"href":"https:\/\/metalpie.com\/it\/wp-json\/wp\/v2\/media?parent=2722"}],"wp:term":[{"taxonomy":"product_cat","embeddable":true,"href":"https:\/\/metalpie.com\/it\/wp-json\/wp\/v2\/product_cat?post=2722"}],"curies":[{"name":"wp","href":"https:\/\/api.w.org\/{rel}","templated":true}]}}