{"id":2692,"date":"2022-10-09T09:00:48","date_gmt":"2022-10-09T01:00:48","guid":{"rendered":"https:\/\/metalpie.com\/?post_type=product&#038;p=2692"},"modified":"2023-08-23T14:15:46","modified_gmt":"2023-08-23T06:15:46","slug":"casseforme-in-alluminio","status":"publish","type":"product","link":"https:\/\/metalpie.com\/it\/casseforme-in-alluminio-2\/casseforme-in-alluminio\/","title":{"rendered":"Cassaforma in alluminio"},"content":{"rendered":"<section class=\"section\" id=\"section_264513608\">\n\t\t<div class=\"bg section-bg fill bg-fill  bg-loaded\" >\n\n\t\t\t\n\t\t\t\n\t\t\t\n\n\t\t<\/div>\n\n\t\t\n\n\t\t<div class=\"section-content relative\">\n\t\t\t\n<div class=\"row\"  id=\"row-1545799992\">\n\n\t<div id=\"col-289605619\" class=\"col small-12 large-12\"  >\n\t\t\t\t<div class=\"col-inner\"  >\n\t\t\t\n\t\t\t\n<h2><strong>Forme di calcestruzzo in alluminio<\/strong><\/h2>\n<p>I Paesi pi\u00f9 sviluppati utilizzano casseforme in alluminio per l'edilizia in tutto il mondo. \u00c8 superiore in termini di materiali ed effetti costruttivi. \u00c8 anche migliore in termini di costi, durata e protezione dell'ambiente. Le casseforme in alluminio riducono il costo del progetto, migliorano la qualit\u00e0 dell'ingegneria, accelerano la costruzione ed evitano l'errore umano nel processo. In questo modo, fornisce un ambiente di lavoro sicuro e civile per i lavoratori edili.<\/p>\n<div class=\"row\"  id=\"row-820494616\">\n\n\t<div id=\"col-1844264333\" class=\"col medium-6 small-12 large-6\"  >\n\t\t\t\t<div class=\"col-inner\"  >\n\t\t\t\n\t\t\t\n\t<div class=\"img has-hover x md-x lg-x y md-y lg-y\" id=\"image_306265138\">\n\t\t\t\t\t\t\t\t<div class=\"img-inner dark\" >\n\t\t\t<img loading=\"lazy\" decoding=\"async\" width=\"554\" height=\"341\" src=\"https:\/\/metalpie.com\/wp-content\/uploads\/2022\/10\/ALUMINIUM_FORMA_WORK_PLATE_004image.webp\" class=\"attachment-original size-original\" alt=\"\" srcset=\"https:\/\/metalpie.com\/wp-content\/uploads\/2022\/10\/ALUMINIUM_FORMA_WORK_PLATE_004image.webp 554w, https:\/\/metalpie.com\/wp-content\/uploads\/2022\/10\/ALUMINIUM_FORMA_WORK_PLATE_004image-300x185.webp 300w\" sizes=\"auto, (max-width: 554px) 100vw, 554px\" \/>\t\t\t\t\t\t\n\t\t\t\t\t<\/div>\n\t\t\t\t\t\t\t\t\n<style>\n#image_306265138 {\n  width: 100%;\n}\n<\/style>\n\t<\/div>\n\t\n\t\t<\/div>\n\t\t\t\t\t<\/div>\n\n\t\n\n\t<div id=\"col-1764247071\" class=\"col medium-6 small-12 large-6\"  >\n\t\t\t\t<div class=\"col-inner\"  >\n\t\t\t\n\t\t\t\n\t\t<\/div>\n\t\t\t\t\t<\/div>\n\n\t\n<\/div>\n\t\t<\/div>\n\t\t\t\t\t<\/div>\n\n\t\n<\/div>\n<div class=\"row\"  id=\"row-711060443\">\n\n\t<div id=\"col-1847257687\" class=\"col small-12 large-12\"  >\n\t\t\t\t<div class=\"col-inner\"  >\n\t\t\t\n\t\t\t\n<p>La sagoma in alluminio ha le caratteristiche di leggerezza e flessibilit\u00e0. Ha un'elevata rigidit\u00e0, una lunga durata e un'ampia superficie della piastra. Le sue altre qualit\u00e0 sono la riduzione delle fessure, l'alta precisione e la superficie liscia. La costruzione della sagoma \u00e8 poco dipendente dai macchinari. Consente di ridurre i costi di manodopera e materiali. La sagoma in lega di alluminio ha un'ampia gamma di applicazioni, bassi costi di manutenzione, elevata efficienza costruttiva e un alto valore di recupero.<\/p>\n<div class=\"row\"  id=\"row-1955963538\">\n\n\t<div id=\"col-949952805\" class=\"col medium-6 small-12 large-6\"  >\n\t\t\t\t<div class=\"col-inner\"  >\n\t\t\t\n\t\t\t\n\t<div class=\"img has-hover x md-x lg-x y md-y lg-y\" id=\"image_227549946\">\n\t\t\t\t\t\t\t\t<div class=\"img-inner dark\" >\n\t\t\t<img loading=\"lazy\" decoding=\"async\" width=\"553\" height=\"369\" src=\"https:\/\/metalpie.com\/wp-content\/uploads\/2022\/10\/ALUMINIUM_FORMA_WORK_PLATE_005image.webp\" class=\"attachment-original size-original\" alt=\"\" srcset=\"https:\/\/metalpie.com\/wp-content\/uploads\/2022\/10\/ALUMINIUM_FORMA_WORK_PLATE_005image.webp 553w, https:\/\/metalpie.com\/wp-content\/uploads\/2022\/10\/ALUMINIUM_FORMA_WORK_PLATE_005image-300x200.webp 300w\" sizes=\"auto, (max-width: 553px) 100vw, 553px\" \/>\t\t\t\t\t\t\n\t\t\t\t\t<\/div>\n\t\t\t\t\t\t\t\t\n<style>\n#image_227549946 {\n  width: 100%;\n}\n<\/style>\n\t<\/div>\n\t\n\t\t<\/div>\n\t\t\t\t\t<\/div>\n\n\t\n\n\t<div id=\"col-505319414\" class=\"col medium-6 small-12 large-6\"  >\n\t\t\t\t<div class=\"col-inner\"  >\n\t\t\t\n\t\t\t\n\t\t<\/div>\n\t\t\t\t\t<\/div>\n\n\t\n<\/div>\n\t\t<\/div>\n\t\t\t\t\t<\/div>\n\n\t\n<\/div>\n<div class=\"row\"  id=\"row-5644740\">\n\n\t<div id=\"col-1861867926\" class=\"col small-12 large-12\"  >\n\t\t\t\t<div class=\"col-inner\"  >\n\t\t\t\n\t\t\t\n<p>Il prodotto pu\u00f2 essere progettato e lavorato in base ai disegni dei progetti edilizi realizzati dai clienti. La barra di tensione pu\u00f2 regolare la distanza tra le piastre. I fori sul bordo della sagoma sono distribuiti secondo una specifica spaziatura. Le connessioni sono costituite principalmente da inserti cilindrici e inserti cuneiformi. Una diagonale o un quadrato dietro qualsiasi sagoma fornisce un supporto per lo schienale, per una maggiore facilit\u00e0 e praticit\u00e0.<\/p>\n<div class=\"row\"  id=\"row-1275223189\">\n\n\t<div id=\"col-73165190\" class=\"col medium-6 small-12 large-6\"  >\n\t\t\t\t<div class=\"col-inner\"  >\n\t\t\t\n\t\t\t\n\t<div class=\"img has-hover x md-x lg-x y md-y lg-y\" id=\"image_1806426500\">\n\t\t\t\t\t\t\t\t<div class=\"img-inner dark\" >\n\t\t\t<img loading=\"lazy\" decoding=\"async\" width=\"554\" height=\"342\" src=\"https:\/\/metalpie.com\/wp-content\/uploads\/2022\/10\/ALUMINIUM_FORMA_WORK_PLATE_006image.webp\" class=\"attachment-original size-original\" alt=\"\" srcset=\"https:\/\/metalpie.com\/wp-content\/uploads\/2022\/10\/ALUMINIUM_FORMA_WORK_PLATE_006image.webp 554w, https:\/\/metalpie.com\/wp-content\/uploads\/2022\/10\/ALUMINIUM_FORMA_WORK_PLATE_006image-300x185.webp 300w\" sizes=\"auto, (max-width: 554px) 100vw, 554px\" \/>\t\t\t\t\t\t\n\t\t\t\t\t<\/div>\n\t\t\t\t\t\t\t\t\n<style>\n#image_1806426500 {\n  width: 100%;\n}\n<\/style>\n\t<\/div>\n\t\n\t\t<\/div>\n\t\t\t\t\t<\/div>\n\n\t\n\n\t<div id=\"col-1819892920\" class=\"col medium-6 small-12 large-6\"  >\n\t\t\t\t<div class=\"col-inner\"  >\n\t\t\t\n\t\t\t\n\t\t<\/div>\n\t\t\t\t\t<\/div>\n\n\t\n<\/div>\n\t\t<\/div>\n\t\t\t\t\t<\/div>\n\n\t\n<\/div>\n<div class=\"row\"  id=\"row-1672726303\">\n\n\t<div id=\"col-1900003765\" class=\"col small-12 large-12\"  >\n\t\t\t\t<div class=\"col-inner\"  >\n\t\t\t\n\t\t\t\n<h3>\u00a0Che cosa pu\u00f2 fare la cassaforma in alluminio?<\/h3>\n<p>Le casseforme per edifici in lega di alluminio sono adatte all'utilizzo di sagome. Pu\u00f2 trattarsi di casseforme per pareti, solai orizzontali, colonne, travi, cingoli e ponti. Si tratta di sagome piccole, medie o grandi. Il peso del prodotto \u00e8 leggero, pu\u00f2 essere realizzato interamente dall'uomo e pu\u00f2 essere formato anche dopo il sollevamento meccanico. La connessione principale \u00e8 quella a cuneo. La costruzione richiede di solito solo una chiave o un piccolo martello, il che \u00e8 comodo e veloce. Prima dell'installazione, \u00e8 sufficiente formare il personale addetto alla costruzione. Indipendentemente dal modo in cui viene utilizzato il sistema di casseforme in alluminio, i metodi e i componenti di base sono gli stessi e i costruttori possono utilizzarli abilmente. Di conseguenza, la precisione della sagoma \u00e8 elevata. Si risparmia inoltre sui costi dell'intonaco secondario e della manodopera e si conferisce all'edificio un maggiore fattore di sicurezza e qualit\u00e0.<\/p>\n<p>La sagoma da costruzione in lega di alluminio ha un valore di recupero pi\u00f9 elevato e una minore partecipazione ai costi. Con oltre dieci anni di storia nei Paesi e nelle regioni avanzate, sta diventando sempre pi\u00f9 popolare al giorno d'oggi. Grazie ai suoi evidenti vantaggi, \u00e8 anche un'energia rinnovabile. Aderisce a \"quattro sezioni e una protezione ambientale\"; la direzione dello sviluppo futuro.<\/p>\n<div class=\"row\"  id=\"row-1993626923\">\n\n\t<div id=\"col-1272718325\" class=\"col medium-6 small-12 large-6\"  >\n\t\t\t\t<div class=\"col-inner\"  >\n\t\t\t\n\t\t\t\n\t<div class=\"img has-hover x md-x lg-x y md-y lg-y\" id=\"image_83598685\">\n\t\t\t\t\t\t\t\t<div class=\"img-inner dark\" >\n\t\t\t<img loading=\"lazy\" decoding=\"async\" width=\"553\" height=\"337\" src=\"https:\/\/metalpie.com\/wp-content\/uploads\/2022\/10\/ALUMINIUM_FORMA_WORK_PLATE_007image.webp\" class=\"attachment-original size-original\" alt=\"\" srcset=\"https:\/\/metalpie.com\/wp-content\/uploads\/2022\/10\/ALUMINIUM_FORMA_WORK_PLATE_007image.webp 553w, https:\/\/metalpie.com\/wp-content\/uploads\/2022\/10\/ALUMINIUM_FORMA_WORK_PLATE_007image-300x183.webp 300w\" sizes=\"auto, (max-width: 553px) 100vw, 553px\" \/>\t\t\t\t\t\t\n\t\t\t\t\t<\/div>\n\t\t\t\t\t\t\t\t\n<style>\n#image_83598685 {\n  width: 100%;\n}\n<\/style>\n\t<\/div>\n\t\n\t\t<\/div>\n\t\t\t\t\t<\/div>\n\n\t\n\n\t<div id=\"col-1808595910\" class=\"col medium-6 small-12 large-6\"  >\n\t\t\t\t<div class=\"col-inner\"  >\n\t\t\t\n\t\t\t\n\t\t<\/div>\n\t\t\t\t\t<\/div>\n\n\t\n<\/div>\n\t\t<\/div>\n\t\t\t\t\t<\/div>\n\n\t\n<\/div>\n<div class=\"row\"  id=\"row-1325071703\">\n\n\t<div id=\"col-1217173114\" class=\"col small-12 large-12\"  >\n\t\t\t\t<div class=\"col-inner\"  >\n\t\t\t\n\t\t\t\n<h2>I 10 principali vantaggi delle casseforme in alluminio per calcestruzzo<\/h2>\n<div><\/div>\n<h3>1 Basso costo:<\/h3>\n<div><\/div>\n<div>Il sistema di casseforme in alluminio incorpora il materiale di estrusione in lega di alluminio, noto come 6061-T6, che \u00e8 un componente altamente durevole e pu\u00f2 essere utilizzato ripetutamente per oltre 300 volte a un prezzo molto economico. Questo perch\u00e9 richiede meno manutenzione e competenze per essere utilizzato e, grazie alla sua leggerezza, pu\u00f2 essere facilmente sollevato e trasportato senza l'intervento di macchinari pesanti.<\/div>\n<div><\/div>\n<h3>2 Sicuro ed efficiente:<\/h3>\n<div><\/div>\n<div>La sua natura leggera e robusta fornisce una struttura solida per grattacieli e appartamenti e offre un cantiere sicuro per i lavoratori. Inoltre, \u00e8 facile da pulire e riparare, a differenza di altri materiali per casseforme, come acciaio, compensato e plastica, che sono corrosivi e non riciclabili.<\/div>\n<div><\/div>\n<h3>3 Installazione efficiente in termini di tempo:<\/h3>\n<div><\/div>\n<div>La cassaforma in lega \u00e8 un sistema di montaggio e smontaggio rapido che riduce i tempi di costruzione e i costi amministrativi. Con un peso di circa 23-24 kg\/m2 , la cassaforma pu\u00f2 essere assemblata manualmente senza l'uso di macchine. Un operaio esperto pu\u00f2 installare 20-30 metri quadrati al giorno con una supervisione minima.<\/div>\n<div><\/div>\n<h3>4 Ampia applicazione e flessibilit\u00e0:<\/h3>\n<div><\/div>\n<div>Le casseforme in alluminio possono essere impiegate in un'ampia gamma di applicazioni come pareti, solai orizzontali, colonne, travi, scale, davanzali, sportelli, ecc. e offrono un supporto strutturale per travi ad anello, colonne strutturali e antiurti. Inoltre, la sagoma in alluminio \u00e8 disponibile in diverse misure e dimensioni standard e pu\u00f2 essere personalizzata in base ai requisiti del progetto.<\/div>\n<div><\/div>\n<h3>5 Ecologico:<\/h3>\n<div><\/div>\n<div>L'impiego e l'installazione delle casseforme in lega di alluminio lasciano pochi o nessun residuo sul cantiere. Le casseforme possono essere facilmente smontate e rimosse dopo il completamento del progetto, mantenendo cos\u00ec l'intero ambiente di costruzione sicuro, pulito e ordinato. Inoltre, tutti i materiali del sistema di casseforme in alluminio rispettano le normative in materia di risparmio energetico, protezione ambientale e basse emissioni di carbonio.<\/div>\n<div><\/div>\n<h3>6 Durata affidabile:<\/h3>\n<div><\/div>\n<div>La cassaforma \u00e8 costituita da una piastra in lega di alluminio che garantisce una robusta stabilit\u00e0 e una capacit\u00e0 portante esplosiva fino a 60 kg per metro quadrato. La cassaforma \u00e8 in grado di sostenere una forte pressione e il peso di macchinari pesanti, facilitando ulteriormente il processo di costruzione.<\/div>\n<div><\/div>\n<h3>7 Comodo sistema di supporto:<\/h3>\n<div><\/div>\n<div>A differenza dei metodi di costruzione tradizionali, che prevedono un'intelaiatura completa con costi pi\u00f9 elevati, le barre di supporto della sagoma in alluminio sono relativamente meno costose (la distanza tra ogni supporto indipendente \u00e8 di circa 1350 mm), consentendo cos\u00ec un'area di lavoro pi\u00f9 ampia, l'accesso del personale e la movimentazione dei materiali per una facile gestione del cantiere.<\/div>\n<div><\/div>\n<h3>8 Superficie del tappeto pi\u00f9 alta<\/h3>\n<div><\/div>\n<div>Il sistema di casseforme \u00e8 costituito da pareti a taglio sottili che occupano meno spazio e offrono una superficie maggiore per il flusso regolare delle attivit\u00e0 di costruzione. Di conseguenza, \u00e8 possibile impiegare una quantit\u00e0 significativa di macchinari e manodopera in qualsiasi momento per accelerare i progetti di costruzione.<\/div>\n<div><\/div>\n<h3>9 Elevato valore di recupero:<\/h3>\n<div><\/div>\n<div>Le casseforme in alluminio hanno un elevato valore di recupero. In altre parole, il materiale viene raschiato sotto forma di rifiuti che sono 100% riciclabili e possono essere riutilizzati in pi\u00f9 progetti di costruzione.<\/div>\n<div><\/div>\n<div><\/div>\n<h3>10 Buoni effetti di superficie:<\/h3>\n<div><\/div>\n<div>La cassaforma in lega di alluminio \u00e8 facile da rimuovere e, una volta rimossa, non ha alcun impatto negativo sulla qualit\u00e0 della superficie del calcestruzzo. La superficie rimane liscia e ordinata, eliminando cos\u00ec la necessit\u00e0 di investire nell'intonacatura interna ed esterna.<\/div>\n<div class=\"row\"  id=\"row-1573346958\">\n\n\t<div id=\"col-635186012\" class=\"col medium-6 small-12 large-6\"  >\n\t\t\t\t<div class=\"col-inner\"  >\n\t\t\t\n\t\t\t\n\t<div class=\"img has-hover x md-x lg-x y md-y lg-y\" id=\"image_1697475369\">\n\t\t\t\t\t\t\t\t<div class=\"img-inner dark\" >\n\t\t\t<img loading=\"lazy\" decoding=\"async\" width=\"553\" height=\"369\" src=\"https:\/\/metalpie.com\/wp-content\/uploads\/2022\/10\/ALUMINIUM_FORMA_WORK_PLATE_008image.webp\" class=\"attachment-original size-original\" alt=\"\" srcset=\"https:\/\/metalpie.com\/wp-content\/uploads\/2022\/10\/ALUMINIUM_FORMA_WORK_PLATE_008image.webp 553w, https:\/\/metalpie.com\/wp-content\/uploads\/2022\/10\/ALUMINIUM_FORMA_WORK_PLATE_008image-300x200.webp 300w\" sizes=\"auto, (max-width: 553px) 100vw, 553px\" \/>\t\t\t\t\t\t\n\t\t\t\t\t<\/div>\n\t\t\t\t\t\t\t\t\n<style>\n#image_1697475369 {\n  width: 100%;\n}\n<\/style>\n\t<\/div>\n\t\n\t\t<\/div>\n\t\t\t\t\t<\/div>\n\n\t\n\n\t<div id=\"col-1489041077\" class=\"col medium-6 small-12 large-6\"  >\n\t\t\t\t<div class=\"col-inner\"  >\n\t\t\t\n\t\t\t\n\t\t<\/div>\n\t\t\t\t\t<\/div>\n\n\t\n<\/div>\n\t\t<\/div>\n\t\t\t\t\t<\/div>\n\n\t\n<\/div>\n<div class=\"row\"  id=\"row-1414806681\">\n\n\t<div id=\"col-1156382782\" class=\"col small-12 large-12\"  >\n\t\t\t\t<div class=\"col-inner\"  >\n\t\t\t\n\t\t\t\n<h2>Shandong Huajian Aluminum crea un nuovo modello di cassaforma per l'edilizia.<\/h2>\n<p>Shandong Hualv Formwork Co., Ltd. si trova nella contea di Linqu, nel parco industriale hi-tech Longshan della provincia di Shandong. \u00c8 un'impresa completa con un'area di oltre 200 mu e una superficie di oltre 170.000 metri quadrati. Ha una capacit\u00e0 di casseforme in lega di alluminio e casseforme in lega di alluminio. La sua capacit\u00e0 produttiva \u00e8 di 200.000 metri quadrati all'anno. Dispone di:<\/p>\n<ul>\n<li>linea di produzione avanzata di sagome in lega di alluminio 5.<\/li>\n<li>sega di alimentazione elettronica a regolazione automatica 8.<\/li>\n<li>sega a controllo numerico 8,<\/li>\n<li>sega a controllo numerico ad angolo arbitrario 4,<\/li>\n<li>Robot di saldatura a doppia posizione Kuka.<\/li>\n<li>un rigoroso sistema di gestione della produzione<\/li>\n<li>processo scientifico e tecnologia di lavorazione avanzata.<\/li>\n<\/ul>\n<p>\u00c8 completa di centro di sviluppo, progettazione e ispezione della qualit\u00e0 dei prodotti. Huajian segue il rigoroso controllo della qualit\u00e0 dei prodotti e l'attuazione del metodo di gestione 6S per gli utenti. Ci\u00f2 garantisce la realizzazione di prodotti di prima classe e servizi di alta qualit\u00e0.<\/p>\n\t\t<\/div>\n\t\t\t\t\t<\/div>\n\n\t\n<\/div>\n\t\t<\/div>\n\n\t\t\n<style>\n#section_264513608 {\n  padding-top: 30px;\n  padding-bottom: 30px;\n}\n<\/style>\n\t<\/section>","protected":false},"excerpt":{"rendered":"<p>I Paesi pi\u00f9 sviluppati utilizzano casseforme in alluminio per l'edilizia in tutto il mondo. Le casseforme in alluminio sono superiori in termini di materiali ed effetti costruttivi. \u00c8 anche migliore in termini di costi, durata e protezione ambientale. Le casseforme in alluminio riducono i costi del progetto, migliorano la qualit\u00e0 della progettazione, accelerano la costruzione ed evitano gli errori umani nel processo. In questo modo, fornisce un ambiente di lavoro sicuro e civile per i lavoratori edili.<\/p>","protected":false},"featured_media":2693,"comment_status":"closed","ping_status":"closed","template":"","meta":[],"product_cat":[97],"class_list":["post-2692","product","type-product","status-publish","has-post-thumbnail","hentry","product_cat-aluminum-formwork"],"yoast_head":"<!-- This site is optimized with the Yoast SEO plugin v21.5 - https:\/\/yoast.com\/wordpress\/plugins\/seo\/ -->\n<title>Aluminum Formwork Suppliers | Aluminum Concrete Forms<\/title>\n<meta name=\"description\" content=\"Aluminum formwork is a popular construction material. Huajian delivers high-quality aluminum concrete forms for our customers.\" \/>\n<meta name=\"robots\" content=\"index, follow, max-snippet:-1, max-image-preview:large, max-video-preview:-1\" \/>\n<link rel=\"canonical\" href=\"https:\/\/metalpie.com\/it\/casseforme-in-alluminio-2\/casseforme-in-alluminio\/\" \/>\n<meta property=\"og:locale\" content=\"it_IT\" \/>\n<meta property=\"og:type\" content=\"article\" \/>\n<meta property=\"og:title\" content=\"Aluminum Formwork Suppliers | Aluminum Concrete Forms\" \/>\n<meta property=\"og:description\" content=\"Aluminum formwork is a popular construction material. Huajian delivers high-quality aluminum concrete forms for our customers.\" \/>\n<meta property=\"og:url\" content=\"https:\/\/metalpie.com\/it\/casseforme-in-alluminio-2\/casseforme-in-alluminio\/\" \/>\n<meta property=\"og:site_name\" content=\"METALPIE\" \/>\n<meta property=\"article:modified_time\" content=\"2023-08-23T06:15:46+00:00\" \/>\n<meta property=\"og:image\" content=\"https:\/\/metalpie.com\/wp-content\/uploads\/2022\/10\/ALUMINIUM_FORMA_WORK_PLATE_001image.webp\" \/>\n\t<meta property=\"og:image:width\" content=\"800\" \/>\n\t<meta property=\"og:image:height\" content=\"800\" \/>\n\t<meta property=\"og:image:type\" content=\"image\/webp\" \/>\n<meta name=\"twitter:card\" content=\"summary_large_image\" \/>\n<meta name=\"twitter:label1\" content=\"Tempo di lettura stimato\" \/>\n\t<meta name=\"twitter:data1\" content=\"6 minuti\" \/>\n<script type=\"application\/ld+json\" class=\"yoast-schema-graph\">{\"@context\":\"https:\/\/schema.org\",\"@graph\":[{\"@type\":\"WebPage\",\"@id\":\"https:\/\/metalpie.com\/pt\/formas-de-aluminio\/formas-de-aluminio-2\/\",\"url\":\"https:\/\/metalpie.com\/pt\/formas-de-aluminio\/formas-de-aluminio-2\/\",\"name\":\"Aluminum Formwork Suppliers | Aluminum Concrete Forms\",\"isPartOf\":{\"@id\":\"https:\/\/metalpie.com\/#website\"},\"datePublished\":\"2022-10-09T01:00:48+00:00\",\"dateModified\":\"2023-08-23T06:15:46+00:00\",\"description\":\"Aluminum formwork is a popular construction material. Huajian delivers high-quality aluminum concrete forms for our customers.\",\"breadcrumb\":{\"@id\":\"https:\/\/metalpie.com\/pt\/formas-de-aluminio\/formas-de-aluminio-2\/#breadcrumb\"},\"inLanguage\":\"it-IT\",\"potentialAction\":[{\"@type\":\"ReadAction\",\"target\":[\"https:\/\/metalpie.com\/pt\/formas-de-aluminio\/formas-de-aluminio-2\/\"]}]},{\"@type\":\"BreadcrumbList\",\"@id\":\"https:\/\/metalpie.com\/pt\/formas-de-aluminio\/formas-de-aluminio-2\/#breadcrumb\",\"itemListElement\":[{\"@type\":\"ListItem\",\"position\":1,\"name\":\"Home\",\"item\":\"https:\/\/metalpie.com\/\"},{\"@type\":\"ListItem\",\"position\":2,\"name\":\"Products\",\"item\":\"https:\/\/metalpie.com\/shop\/\"},{\"@type\":\"ListItem\",\"position\":3,\"name\":\"Aluminium Formwork\"}]},{\"@type\":\"WebSite\",\"@id\":\"https:\/\/metalpie.com\/#website\",\"url\":\"https:\/\/metalpie.com\/\",\"name\":\"METALPIE\",\"description\":\"Precision Metal Fabrication | Tools, Processes &amp; More\",\"potentialAction\":[{\"@type\":\"SearchAction\",\"target\":{\"@type\":\"EntryPoint\",\"urlTemplate\":\"https:\/\/metalpie.com\/?s={search_term_string}\"},\"query-input\":\"required name=search_term_string\"}],\"inLanguage\":\"it-IT\"}]}<\/script>\n<!-- \/ Yoast SEO plugin. -->","yoast_head_json":{"title":"Fornitori di casseforme in alluminio | Forme di cemento in alluminio","description":"Le casseforme in alluminio sono un materiale da costruzione molto diffuso. Huajian fornisce ai suoi clienti casseforme in alluminio per calcestruzzo di alta qualit\u00e0.","robots":{"index":"index","follow":"follow","max-snippet":"max-snippet:-1","max-image-preview":"max-image-preview:large","max-video-preview":"max-video-preview:-1"},"canonical":"https:\/\/metalpie.com\/it\/casseforme-in-alluminio-2\/casseforme-in-alluminio\/","og_locale":"it_IT","og_type":"article","og_title":"Aluminum Formwork Suppliers | Aluminum Concrete Forms","og_description":"Aluminum formwork is a popular construction material. Huajian delivers high-quality aluminum concrete forms for our customers.","og_url":"https:\/\/metalpie.com\/it\/casseforme-in-alluminio-2\/casseforme-in-alluminio\/","og_site_name":"METALPIE","article_modified_time":"2023-08-23T06:15:46+00:00","og_image":[{"width":800,"height":800,"url":"https:\/\/metalpie.com\/wp-content\/uploads\/2022\/10\/ALUMINIUM_FORMA_WORK_PLATE_001image.webp","type":"image\/webp"}],"twitter_card":"summary_large_image","twitter_misc":{"Tempo di lettura stimato":"6 minuti"},"schema":{"@context":"https:\/\/schema.org","@graph":[{"@type":"WebPage","@id":"https:\/\/metalpie.com\/pt\/formas-de-aluminio\/formas-de-aluminio-2\/","url":"https:\/\/metalpie.com\/pt\/formas-de-aluminio\/formas-de-aluminio-2\/","name":"Fornitori di casseforme in alluminio | Forme di cemento in alluminio","isPartOf":{"@id":"https:\/\/metalpie.com\/#website"},"datePublished":"2022-10-09T01:00:48+00:00","dateModified":"2023-08-23T06:15:46+00:00","description":"Le casseforme in alluminio sono un materiale da costruzione molto diffuso. Huajian fornisce ai suoi clienti casseforme in alluminio per calcestruzzo di alta qualit\u00e0.","breadcrumb":{"@id":"https:\/\/metalpie.com\/pt\/formas-de-aluminio\/formas-de-aluminio-2\/#breadcrumb"},"inLanguage":"it-IT","potentialAction":[{"@type":"ReadAction","target":["https:\/\/metalpie.com\/pt\/formas-de-aluminio\/formas-de-aluminio-2\/"]}]},{"@type":"BreadcrumbList","@id":"https:\/\/metalpie.com\/pt\/formas-de-aluminio\/formas-de-aluminio-2\/#breadcrumb","itemListElement":[{"@type":"ListItem","position":1,"name":"Home","item":"https:\/\/metalpie.com\/"},{"@type":"ListItem","position":2,"name":"Products","item":"https:\/\/metalpie.com\/shop\/"},{"@type":"ListItem","position":3,"name":"Aluminium Formwork"}]},{"@type":"WebSite","@id":"https:\/\/metalpie.com\/#website","url":"https:\/\/metalpie.com\/","name":"METALPIE","description":"Fabbricazione di precisione del metallo - Strumenti, processi e altro ancora","potentialAction":[{"@type":"SearchAction","target":{"@type":"EntryPoint","urlTemplate":"https:\/\/metalpie.com\/?s={search_term_string}"},"query-input":"required name=search_term_string"}],"inLanguage":"it-IT"}]}},"_links":{"self":[{"href":"https:\/\/metalpie.com\/it\/wp-json\/wp\/v2\/product\/2692","targetHints":{"allow":["GET"]}}],"collection":[{"href":"https:\/\/metalpie.com\/it\/wp-json\/wp\/v2\/product"}],"about":[{"href":"https:\/\/metalpie.com\/it\/wp-json\/wp\/v2\/types\/product"}],"replies":[{"embeddable":true,"href":"https:\/\/metalpie.com\/it\/wp-json\/wp\/v2\/comments?post=2692"}],"wp:featuredmedia":[{"embeddable":true,"href":"https:\/\/metalpie.com\/it\/wp-json\/wp\/v2\/media\/2693"}],"wp:attachment":[{"href":"https:\/\/metalpie.com\/it\/wp-json\/wp\/v2\/media?parent=2692"}],"wp:term":[{"taxonomy":"product_cat","embeddable":true,"href":"https:\/\/metalpie.com\/it\/wp-json\/wp\/v2\/product_cat?post=2692"}],"curies":[{"name":"wp","href":"https:\/\/api.w.org\/{rel}","templated":true}]}}