{"id":398,"date":"2020-12-07T14:10:10","date_gmt":"2020-12-07T06:10:10","guid":{"rendered":"https:\/\/f.seowaimao.com\/?post_type=product&amp;p=398"},"modified":"2020-12-07T14:10:10","modified_gmt":"2020-12-07T06:10:10","slug":"oem-sheet-metal-parts-aluminium-electronic-metal-enclosure-wall-custom-rackmount-server-case","status":"publish","type":"product","link":"https:\/\/metalpie.com\/fr\/fabrication-de-toles\/oem-sheet-metal-parts-aluminium-electronic-metal-enclosure-wall-custom-rackmount-server-case\/","title":{"rendered":"OEM pi\u00e8ces de t\u00f4le aluminium bo\u00eetier \u00e9lectronique m\u00e9tal mur bo\u00eetier serveur rackmount personnalis\u00e9"},"content":{"rendered":"<table width=\"612\">\n<tbody>\n<tr>\n<td width=\"97\"><strong>Mat\u00e9riau<\/strong><\/td>\n<td width=\"515\">Acier inoxydable \/Aluminium\/SPCC\/Cuivre \/Laiton \/SGCC \/SECC \/Bronze \/Acier au carbone<\/td>\n<\/tr>\n<tr>\n<td width=\"97\"><strong>\u00c9paisseur<\/strong><\/td>\n<td width=\"515\">0,2-20 mm<\/td>\n<\/tr>\n<tr>\n<td width=\"97\"><strong>Couleur<\/strong><\/td>\n<td width=\"515\">Couleur \/Rouge\/Vert \/Argent\u00e9 \/Acier \/Blanc argent\u00e9 \/Argent\u00e9 Noir \/Gris argent\u00e9 \/Pourpre \/Dor\u00e9 \/Blanc \/Gris fonc\u00e9<\/td>\n<\/tr>\n<tr>\n<td width=\"97\"><strong>Traitement<\/strong><\/td>\n<td width=\"515\">Cisaillage \/D\u00e9coupe laser \/Pliage \/Emboutissage \/Emboutissage profond \/Usinage CNC \/Tournage \/Per\u00e7age \/Taraudage \/Rivetage \/Soudage \/Traitement des surfaces \/Assemblage<\/td>\n<\/tr>\n<tr>\n<td width=\"97\"><strong>Traitement de surface<\/strong><\/td>\n<td width=\"515\">Rev\u00eatement par poudrage\/ peinture\/ galvanisation\/ galvanisation\/ anodisation\/ chromage\/ brossage\/ polissage\/ s\u00e9rigraphie\/ impression<\/td>\n<\/tr>\n<tr>\n<td width=\"97\"><strong>Type de service<\/strong><\/td>\n<td width=\"515\">OEM \/ ODM<\/td>\n<\/tr>\n<tr>\n<td width=\"97\"><strong>D\u00e9lai de livraison<\/strong><\/td>\n<td width=\"515\">7-20 jours apr\u00e8s le d\u00e9p\u00f4t<\/td>\n<\/tr>\n<\/tbody>\n<\/table>\n<p>&nbsp;<\/p>","protected":false},"excerpt":{"rendered":"<p>Mati\u00e8re Acier inoxydable \/Aluminium\/SPCC\/Cuivre \/Laiton \/SGCC \/SECC \/Bronze \/Acier au carbone Epaisseur 0.2-20mm Couleur Couleur \/Rouge\/Vert \/Argent\u00e9 \/Acier \/Blanc argent\u00e9 \/Argent\u00e9 noir \/Gris argent\u00e9 \/Violet \/Orgent\u00e9 \/Blanc \/Gris fonc\u00e9 Traitement Cisaillage \/D\u00e9coupe au laser \/Pliage \/Emboutissage \/Emboutissage profond \/Usinage CNC \/Tournage, per\u00e7age, taraudage, rivetage, soudage, traitement de surface, assemblage Traitement de surface Rev\u00eatement par poudre, peinture, galvanisation, \u00e9lectrod\u00e9position, anodisation, chromage, brossage, polissage, s\u00e9rigraphie, impression.s\u00e9rigraphie\/ Impression Type de service OEM...<\/p>","protected":false},"featured_media":1029,"comment_status":"open","ping_status":"closed","template":"","meta":[],"product_cat":[109],"class_list":["post-398","product","type-product","status-publish","has-post-thumbnail","hentry","product_cat-sheet-metal-fabrication"],"yoast_head":"<!-- This site is optimized with the Yoast SEO plugin v21.5 - https:\/\/yoast.com\/wordpress\/plugins\/seo\/ -->\n<title>OEM metal enclosure wall custom rackmount server case<\/title>\n<meta name=\"robots\" content=\"index, follow, max-snippet:-1, max-image-preview:large, max-video-preview:-1\" \/>\n<link rel=\"canonical\" href=\"https:\/\/metalpie.com\/fr\/fabrication-de-toles\/oem-sheet-metal-parts-aluminium-electronic-metal-enclosure-wall-custom-rackmount-server-case\/\" \/>\n<meta property=\"og:locale\" content=\"fr_FR\" \/>\n<meta property=\"og:type\" content=\"article\" \/>\n<meta property=\"og:title\" content=\"OEM metal enclosure wall custom rackmount server case\" \/>\n<meta property=\"og:description\" content=\"Material Stainless steel \/Aluminum\/SPCC\/Copper \/Brass \/SGCC \/SECC \/Bronze \/Carbon Steel Thickness 0.2-20mm Color Colorfull \/Red\/Green \/Silvery \/Sliver \/Silver White \/Silvery Black \/Silver grey \/Purple \/Golden \/White \/Dark grey Processing Shearing \/LaserCutting \/Bending \/Stamping \/DeepDrawing \/CNC machining \/Turning \/Drilling \/Tapping \/Riveting \/welding \/Surface\/treatment \/Assembling Surface Treatment Powder coating\/Painting\/Galvanizing\/ Electroplating\/ Anodising\/ Chromeplating\/Brushing\/Polishing\/ Silk-screen\/ Printing Service Type OEM...\" \/>\n<meta property=\"og:url\" content=\"https:\/\/metalpie.com\/fr\/fabrication-de-toles\/oem-sheet-metal-parts-aluminium-electronic-metal-enclosure-wall-custom-rackmount-server-case\/\" \/>\n<meta property=\"og:site_name\" content=\"METALPIE\" \/>\n<meta name=\"twitter:card\" content=\"summary_large_image\" \/>\n<meta name=\"twitter:label1\" content=\"Dur\u00e9e de lecture estim\u00e9e\" \/>\n\t<meta name=\"twitter:data1\" content=\"1 minute\" \/>\n<script type=\"application\/ld+json\" class=\"yoast-schema-graph\">{\"@context\":\"https:\/\/schema.org\",\"@graph\":[{\"@type\":\"WebPage\",\"@id\":\"https:\/\/metalpie.com\/sheet-metal-fabrication\/oem-sheet-metal-parts-aluminum-electronic-metal-enclosure-wall-custom-rackmount-server-case\/\",\"url\":\"https:\/\/metalpie.com\/sheet-metal-fabrication\/oem-sheet-metal-parts-aluminum-electronic-metal-enclosure-wall-custom-rackmount-server-case\/\",\"name\":\"OEM metal enclosure wall custom rackmount server case\",\"isPartOf\":{\"@id\":\"https:\/\/metalpie.com\/#website\"},\"datePublished\":\"2020-12-07T06:10:10+00:00\",\"dateModified\":\"2020-12-07T06:10:10+00:00\",\"breadcrumb\":{\"@id\":\"https:\/\/metalpie.com\/sheet-metal-fabrication\/oem-sheet-metal-parts-aluminum-electronic-metal-enclosure-wall-custom-rackmount-server-case\/#breadcrumb\"},\"inLanguage\":\"fr-FR\",\"potentialAction\":[{\"@type\":\"ReadAction\",\"target\":[\"https:\/\/metalpie.com\/sheet-metal-fabrication\/oem-sheet-metal-parts-aluminum-electronic-metal-enclosure-wall-custom-rackmount-server-case\/\"]}]},{\"@type\":\"BreadcrumbList\",\"@id\":\"https:\/\/metalpie.com\/sheet-metal-fabrication\/oem-sheet-metal-parts-aluminum-electronic-metal-enclosure-wall-custom-rackmount-server-case\/#breadcrumb\",\"itemListElement\":[{\"@type\":\"ListItem\",\"position\":1,\"name\":\"Home\",\"item\":\"https:\/\/metalpie.com\/\"},{\"@type\":\"ListItem\",\"position\":2,\"name\":\"Products\",\"item\":\"https:\/\/metalpie.com\/shop\/\"},{\"@type\":\"ListItem\",\"position\":3,\"name\":\"OEM sheet metal parts aluminum electronic metal enclosure wall custom rackmount server case\"}]},{\"@type\":\"WebSite\",\"@id\":\"https:\/\/metalpie.com\/#website\",\"url\":\"https:\/\/metalpie.com\/\",\"name\":\"METALPIE\",\"description\":\"Precision Metal Fabrication | Tools, Processes &amp; More\",\"potentialAction\":[{\"@type\":\"SearchAction\",\"target\":{\"@type\":\"EntryPoint\",\"urlTemplate\":\"https:\/\/metalpie.com\/?s={search_term_string}\"},\"query-input\":\"required name=search_term_string\"}],\"inLanguage\":\"fr-FR\"}]}<\/script>\n<!-- \/ Yoast SEO plugin. -->","yoast_head_json":{"title":"OEM bo\u00eetier m\u00e9tallique pour serveur rackable sur mesure","robots":{"index":"index","follow":"follow","max-snippet":"max-snippet:-1","max-image-preview":"max-image-preview:large","max-video-preview":"max-video-preview:-1"},"canonical":"https:\/\/metalpie.com\/fr\/fabrication-de-toles\/oem-sheet-metal-parts-aluminium-electronic-metal-enclosure-wall-custom-rackmount-server-case\/","og_locale":"fr_FR","og_type":"article","og_title":"OEM metal enclosure wall custom rackmount server case","og_description":"Material Stainless steel \/Aluminum\/SPCC\/Copper \/Brass \/SGCC \/SECC \/Bronze \/Carbon Steel Thickness 0.2-20mm Color Colorfull \/Red\/Green \/Silvery \/Sliver \/Silver White \/Silvery Black \/Silver grey \/Purple \/Golden \/White \/Dark grey Processing Shearing \/LaserCutting \/Bending \/Stamping \/DeepDrawing \/CNC machining \/Turning \/Drilling \/Tapping \/Riveting \/welding \/Surface\/treatment \/Assembling Surface Treatment Powder coating\/Painting\/Galvanizing\/ Electroplating\/ Anodising\/ Chromeplating\/Brushing\/Polishing\/ Silk-screen\/ Printing Service Type OEM...","og_url":"https:\/\/metalpie.com\/fr\/fabrication-de-toles\/oem-sheet-metal-parts-aluminium-electronic-metal-enclosure-wall-custom-rackmount-server-case\/","og_site_name":"METALPIE","twitter_card":"summary_large_image","twitter_misc":{"Dur\u00e9e de lecture estim\u00e9e":"1 minute"},"schema":{"@context":"https:\/\/schema.org","@graph":[{"@type":"WebPage","@id":"https:\/\/metalpie.com\/sheet-metal-fabrication\/oem-sheet-metal-parts-aluminum-electronic-metal-enclosure-wall-custom-rackmount-server-case\/","url":"https:\/\/metalpie.com\/sheet-metal-fabrication\/oem-sheet-metal-parts-aluminum-electronic-metal-enclosure-wall-custom-rackmount-server-case\/","name":"OEM bo\u00eetier m\u00e9tallique pour serveur rackable sur mesure","isPartOf":{"@id":"https:\/\/metalpie.com\/#website"},"datePublished":"2020-12-07T06:10:10+00:00","dateModified":"2020-12-07T06:10:10+00:00","breadcrumb":{"@id":"https:\/\/metalpie.com\/sheet-metal-fabrication\/oem-sheet-metal-parts-aluminum-electronic-metal-enclosure-wall-custom-rackmount-server-case\/#breadcrumb"},"inLanguage":"fr-FR","potentialAction":[{"@type":"ReadAction","target":["https:\/\/metalpie.com\/sheet-metal-fabrication\/oem-sheet-metal-parts-aluminum-electronic-metal-enclosure-wall-custom-rackmount-server-case\/"]}]},{"@type":"BreadcrumbList","@id":"https:\/\/metalpie.com\/sheet-metal-fabrication\/oem-sheet-metal-parts-aluminum-electronic-metal-enclosure-wall-custom-rackmount-server-case\/#breadcrumb","itemListElement":[{"@type":"ListItem","position":1,"name":"Home","item":"https:\/\/metalpie.com\/"},{"@type":"ListItem","position":2,"name":"Products","item":"https:\/\/metalpie.com\/shop\/"},{"@type":"ListItem","position":3,"name":"OEM sheet metal parts aluminum electronic metal enclosure wall custom rackmount server case"}]},{"@type":"WebSite","@id":"https:\/\/metalpie.com\/#website","url":"https:\/\/metalpie.com\/","name":"METALPIE","description":"Fabrication de pr\u00e9cision des m\u00e9taux | Outils, processus et autres","potentialAction":[{"@type":"SearchAction","target":{"@type":"EntryPoint","urlTemplate":"https:\/\/metalpie.com\/?s={search_term_string}"},"query-input":"required name=search_term_string"}],"inLanguage":"fr-FR"}]}},"_links":{"self":[{"href":"https:\/\/metalpie.com\/fr\/wp-json\/wp\/v2\/product\/398","targetHints":{"allow":["GET"]}}],"collection":[{"href":"https:\/\/metalpie.com\/fr\/wp-json\/wp\/v2\/product"}],"about":[{"href":"https:\/\/metalpie.com\/fr\/wp-json\/wp\/v2\/types\/product"}],"replies":[{"embeddable":true,"href":"https:\/\/metalpie.com\/fr\/wp-json\/wp\/v2\/comments?post=398"}],"wp:featuredmedia":[{"embeddable":true,"href":"https:\/\/metalpie.com\/fr\/wp-json\/"}],"wp:attachment":[{"href":"https:\/\/metalpie.com\/fr\/wp-json\/wp\/v2\/media?parent=398"}],"wp:term":[{"taxonomy":"product_cat","embeddable":true,"href":"https:\/\/metalpie.com\/fr\/wp-json\/wp\/v2\/product_cat?post=398"}],"curies":[{"name":"wp","href":"https:\/\/api.w.org\/{rel}","templated":true}]}}