{"id":391,"date":"2020-12-07T14:03:27","date_gmt":"2020-12-07T06:03:27","guid":{"rendered":"https:\/\/f.seowaimao.com\/?post_type=product&amp;p=391"},"modified":"2020-12-07T14:03:27","modified_gmt":"2020-12-07T06:03:27","slug":"boitier-dordinateur-personnalise-oem-mini-cooler-master-towers-cases-micro-2u-aluminum-computer-case","status":"publish","type":"product","link":"https:\/\/metalpie.com\/fr\/fabrication-de-toles\/boitier-dordinateur-personnalise-oem-mini-cooler-master-towers-cases-micro-2u-aluminum-computer-case\/","title":{"rendered":"OEM Customize computer case desktop Mini cooler master Towers Cases micro 2U Aluminum Computer Case"},"content":{"rendered":"<table width=\"640\">\n<tbody>\n<tr>\n<td width=\"125\"><span style=\"font-size: 120%\"><strong>Mat\u00e9riau<\/strong><\/span><\/td>\n<td width=\"515\"><span style=\"font-size: 120%\">Acier inoxydable \/Aluminium\/SPCC\/Cuivre \/Laiton \/SGCC \/SECC \/Bronze \/Acier au carbone<\/span><\/td>\n<\/tr>\n<tr>\n<td width=\"125\"><span style=\"font-size: 120%\"><strong>\u00c9paisseur<\/strong><\/span><\/td>\n<td width=\"515\"><span style=\"font-size: 120%\">0,2-20 mm<\/span><\/td>\n<\/tr>\n<tr>\n<td width=\"125\"><span style=\"font-size: 120%\"><strong>Couleur<\/strong><\/span><\/td>\n<td width=\"515\"><span style=\"font-size: 120%\">Couleur \/Rouge\/Vert \/Argent\u00e9 \/Acier \/Blanc argent\u00e9 \/Argent\u00e9 Noir \/Gris argent\u00e9 \/Pourpre \/Dor\u00e9 \/Blanc \/Gris fonc\u00e9<\/span><\/td>\n<\/tr>\n<tr>\n<td width=\"125\"><span style=\"font-size: 120%\"><strong>Traitement<\/strong><\/span><\/td>\n<td width=\"515\"><span style=\"font-size: 120%\">Cisaillage \/D\u00e9coupe laser \/Pliage \/Emboutissage \/Emboutissage profond \/Usinage CNC \/Tournage \/Per\u00e7age \/Taraudage \/Rivetage \/Soudage \/Traitement des surfaces \/Assemblage<\/span><\/td>\n<\/tr>\n<tr>\n<td width=\"125\"><span style=\"font-size: 120%\"><strong>Traitement de surface<\/strong><\/span><\/td>\n<td width=\"515\"><span style=\"font-size: 120%\">Rev\u00eatement par poudrage\/ peinture\/ galvanisation\/ galvanisation\/ anodisation\/ chromage\/ brossage\/ polissage\/ s\u00e9rigraphie\/ impression<\/span><\/td>\n<\/tr>\n<tr>\n<td width=\"125\"><span style=\"font-size: 120%\"><strong>Type de service<\/strong><\/span><\/td>\n<td width=\"515\"><span style=\"font-size: 120%\">OEM \/ ODM<\/span><\/td>\n<\/tr>\n<tr>\n<td width=\"125\"><span style=\"font-size: 120%\"><strong>D\u00e9lai de livraison<\/strong><\/span><\/td>\n<td width=\"515\"><span style=\"font-size: 120%\">7-20 jours apr\u00e8s le d\u00e9p\u00f4t<\/span><\/td>\n<\/tr>\n<\/tbody>\n<\/table>","protected":false},"excerpt":{"rendered":"<p>Mati\u00e8re Acier inoxydable \/Aluminium\/SPCC\/Cuivre \/Laiton \/SGCC \/SECC \/Bronze \/Acier au carbone Epaisseur 0.2-20mm Couleur Couleur \/Rouge\/Vert \/Argent\u00e9 \/Acier \/Blanc argent\u00e9 \/Argent\u00e9 noir \/Gris argent\u00e9 \/Violet \/Orgent\u00e9 \/Blanc \/Gris fonc\u00e9 Traitement Cisaillage \/D\u00e9coupe au laser \/Pliage \/Emboutissage \/Emboutissage profond \/Usinage CNC \/Tournage, per\u00e7age, taraudage, rivetage, soudage, traitement de surface, assemblage Traitement de surface Rev\u00eatement par poudre, peinture, galvanisation, \u00e9lectrod\u00e9position, anodisation, chromage, brossage, polissage, s\u00e9rigraphie, impression.s\u00e9rigraphie\/ Impression Type de service OEM...<\/p>","protected":false},"featured_media":1044,"comment_status":"closed","ping_status":"closed","template":"","meta":[],"product_cat":[109],"class_list":["post-391","product","type-product","status-publish","has-post-thumbnail","hentry","product_cat-sheet-metal-fabrication"],"yoast_head":"<!-- This site is optimized with the Yoast SEO plugin v21.5 - https:\/\/yoast.com\/wordpress\/plugins\/seo\/ -->\n<title>OEM Customize computer case desktop Mini cooler master Towers Cases micro 2U Aluminum Computer Case - METALPIE<\/title>\n<meta name=\"robots\" content=\"index, follow, max-snippet:-1, max-image-preview:large, max-video-preview:-1\" \/>\n<link rel=\"canonical\" href=\"https:\/\/metalpie.com\/fr\/fabrication-de-toles\/boitier-dordinateur-personnalise-oem-mini-cooler-master-towers-cases-micro-2u-aluminum-computer-case\/\" \/>\n<meta property=\"og:locale\" content=\"fr_FR\" \/>\n<meta property=\"og:type\" content=\"article\" \/>\n<meta property=\"og:title\" content=\"OEM Customize computer case desktop Mini cooler master Towers Cases micro 2U Aluminum Computer Case - METALPIE\" \/>\n<meta property=\"og:description\" content=\"Material Stainless steel \/Aluminum\/SPCC\/Copper \/Brass \/SGCC \/SECC \/Bronze \/Carbon Steel Thickness 0.2-20mm Color Colorfull \/Red\/Green \/Silvery \/Sliver \/Silver White \/Silvery Black \/Silver grey \/Purple \/Golden \/White \/Dark grey Processing Shearing \/LaserCutting \/Bending \/Stamping \/DeepDrawing \/CNC machining \/Turning \/Drilling \/Tapping \/Riveting \/welding \/Surface\/treatment \/Assembling Surface Treatment Powder coating\/Painting\/Galvanizing\/ Electroplating\/ Anodising\/ Chromeplating\/Brushing\/Polishing\/ Silk-screen\/ Printing Service Type OEM...\" \/>\n<meta property=\"og:url\" content=\"https:\/\/metalpie.com\/fr\/fabrication-de-toles\/boitier-dordinateur-personnalise-oem-mini-cooler-master-towers-cases-micro-2u-aluminum-computer-case\/\" \/>\n<meta property=\"og:site_name\" content=\"METALPIE\" \/>\n<meta name=\"twitter:card\" content=\"summary_large_image\" \/>\n<meta name=\"twitter:label1\" content=\"Dur\u00e9e de lecture estim\u00e9e\" \/>\n\t<meta name=\"twitter:data1\" content=\"1 minute\" \/>\n<script type=\"application\/ld+json\" class=\"yoast-schema-graph\">{\"@context\":\"https:\/\/schema.org\",\"@graph\":[{\"@type\":\"WebPage\",\"@id\":\"https:\/\/metalpie.com\/sheet-metal-fabrication\/oem-customize-computer-case-desktop-mini-cooler-master-towers-cases-micro-2u-aluminum-computer-case\/\",\"url\":\"https:\/\/metalpie.com\/sheet-metal-fabrication\/oem-customize-computer-case-desktop-mini-cooler-master-towers-cases-micro-2u-aluminum-computer-case\/\",\"name\":\"OEM Customize computer case desktop Mini cooler master Towers Cases micro 2U Aluminum Computer Case - METALPIE\",\"isPartOf\":{\"@id\":\"https:\/\/metalpie.com\/#website\"},\"datePublished\":\"2020-12-07T06:03:27+00:00\",\"dateModified\":\"2020-12-07T06:03:27+00:00\",\"breadcrumb\":{\"@id\":\"https:\/\/metalpie.com\/sheet-metal-fabrication\/oem-customize-computer-case-desktop-mini-cooler-master-towers-cases-micro-2u-aluminum-computer-case\/#breadcrumb\"},\"inLanguage\":\"fr-FR\",\"potentialAction\":[{\"@type\":\"ReadAction\",\"target\":[\"https:\/\/metalpie.com\/sheet-metal-fabrication\/oem-customize-computer-case-desktop-mini-cooler-master-towers-cases-micro-2u-aluminum-computer-case\/\"]}]},{\"@type\":\"BreadcrumbList\",\"@id\":\"https:\/\/metalpie.com\/sheet-metal-fabrication\/oem-customize-computer-case-desktop-mini-cooler-master-towers-cases-micro-2u-aluminum-computer-case\/#breadcrumb\",\"itemListElement\":[{\"@type\":\"ListItem\",\"position\":1,\"name\":\"Home\",\"item\":\"https:\/\/metalpie.com\/\"},{\"@type\":\"ListItem\",\"position\":2,\"name\":\"Products\",\"item\":\"https:\/\/metalpie.com\/shop\/\"},{\"@type\":\"ListItem\",\"position\":3,\"name\":\"OEM Customize computer case desktop Mini cooler master Towers Cases micro 2U Aluminum Computer Case\"}]},{\"@type\":\"WebSite\",\"@id\":\"https:\/\/metalpie.com\/#website\",\"url\":\"https:\/\/metalpie.com\/\",\"name\":\"METALPIE\",\"description\":\"Precision Metal Fabrication | Tools, Processes &amp; More\",\"potentialAction\":[{\"@type\":\"SearchAction\",\"target\":{\"@type\":\"EntryPoint\",\"urlTemplate\":\"https:\/\/metalpie.com\/?s={search_term_string}\"},\"query-input\":\"required name=search_term_string\"}],\"inLanguage\":\"fr-FR\"}]}<\/script>\n<!-- \/ Yoast SEO plugin. -->","yoast_head_json":{"title":"OEM Customize computer case desktop Mini cooler master Towers Cases micro 2U Aluminum Computer Case - METALPIE","robots":{"index":"index","follow":"follow","max-snippet":"max-snippet:-1","max-image-preview":"max-image-preview:large","max-video-preview":"max-video-preview:-1"},"canonical":"https:\/\/metalpie.com\/fr\/fabrication-de-toles\/boitier-dordinateur-personnalise-oem-mini-cooler-master-towers-cases-micro-2u-aluminum-computer-case\/","og_locale":"fr_FR","og_type":"article","og_title":"OEM Customize computer case desktop Mini cooler master Towers Cases micro 2U Aluminum Computer Case - METALPIE","og_description":"Material Stainless steel \/Aluminum\/SPCC\/Copper \/Brass \/SGCC \/SECC \/Bronze \/Carbon Steel Thickness 0.2-20mm Color Colorfull \/Red\/Green \/Silvery \/Sliver \/Silver White \/Silvery Black \/Silver grey \/Purple \/Golden \/White \/Dark grey Processing Shearing \/LaserCutting \/Bending \/Stamping \/DeepDrawing \/CNC machining \/Turning \/Drilling \/Tapping \/Riveting \/welding \/Surface\/treatment \/Assembling Surface Treatment Powder coating\/Painting\/Galvanizing\/ Electroplating\/ Anodising\/ Chromeplating\/Brushing\/Polishing\/ Silk-screen\/ Printing Service Type OEM...","og_url":"https:\/\/metalpie.com\/fr\/fabrication-de-toles\/boitier-dordinateur-personnalise-oem-mini-cooler-master-towers-cases-micro-2u-aluminum-computer-case\/","og_site_name":"METALPIE","twitter_card":"summary_large_image","twitter_misc":{"Dur\u00e9e de lecture estim\u00e9e":"1 minute"},"schema":{"@context":"https:\/\/schema.org","@graph":[{"@type":"WebPage","@id":"https:\/\/metalpie.com\/sheet-metal-fabrication\/oem-customize-computer-case-desktop-mini-cooler-master-towers-cases-micro-2u-aluminum-computer-case\/","url":"https:\/\/metalpie.com\/sheet-metal-fabrication\/oem-customize-computer-case-desktop-mini-cooler-master-towers-cases-micro-2u-aluminum-computer-case\/","name":"OEM Customize computer case desktop Mini cooler master Towers Cases micro 2U Aluminum Computer Case - METALPIE","isPartOf":{"@id":"https:\/\/metalpie.com\/#website"},"datePublished":"2020-12-07T06:03:27+00:00","dateModified":"2020-12-07T06:03:27+00:00","breadcrumb":{"@id":"https:\/\/metalpie.com\/sheet-metal-fabrication\/oem-customize-computer-case-desktop-mini-cooler-master-towers-cases-micro-2u-aluminum-computer-case\/#breadcrumb"},"inLanguage":"fr-FR","potentialAction":[{"@type":"ReadAction","target":["https:\/\/metalpie.com\/sheet-metal-fabrication\/oem-customize-computer-case-desktop-mini-cooler-master-towers-cases-micro-2u-aluminum-computer-case\/"]}]},{"@type":"BreadcrumbList","@id":"https:\/\/metalpie.com\/sheet-metal-fabrication\/oem-customize-computer-case-desktop-mini-cooler-master-towers-cases-micro-2u-aluminum-computer-case\/#breadcrumb","itemListElement":[{"@type":"ListItem","position":1,"name":"Home","item":"https:\/\/metalpie.com\/"},{"@type":"ListItem","position":2,"name":"Products","item":"https:\/\/metalpie.com\/shop\/"},{"@type":"ListItem","position":3,"name":"OEM Customize computer case desktop Mini cooler master Towers Cases micro 2U Aluminum Computer Case"}]},{"@type":"WebSite","@id":"https:\/\/metalpie.com\/#website","url":"https:\/\/metalpie.com\/","name":"METALPIE","description":"Fabrication de pr\u00e9cision des m\u00e9taux | Outils, processus et autres","potentialAction":[{"@type":"SearchAction","target":{"@type":"EntryPoint","urlTemplate":"https:\/\/metalpie.com\/?s={search_term_string}"},"query-input":"required name=search_term_string"}],"inLanguage":"fr-FR"}]}},"_links":{"self":[{"href":"https:\/\/metalpie.com\/fr\/wp-json\/wp\/v2\/product\/391","targetHints":{"allow":["GET"]}}],"collection":[{"href":"https:\/\/metalpie.com\/fr\/wp-json\/wp\/v2\/product"}],"about":[{"href":"https:\/\/metalpie.com\/fr\/wp-json\/wp\/v2\/types\/product"}],"replies":[{"embeddable":true,"href":"https:\/\/metalpie.com\/fr\/wp-json\/wp\/v2\/comments?post=391"}],"wp:featuredmedia":[{"embeddable":true,"href":"https:\/\/metalpie.com\/fr\/wp-json\/wp\/v2\/posts\/1044"}],"wp:attachment":[{"href":"https:\/\/metalpie.com\/fr\/wp-json\/wp\/v2\/media?parent=391"}],"wp:term":[{"taxonomy":"product_cat","embeddable":true,"href":"https:\/\/metalpie.com\/fr\/wp-json\/wp\/v2\/product_cat?post=391"}],"curies":[{"name":"wp","href":"https:\/\/api.w.org\/{rel}","templated":true}]}}