{"id":390,"date":"2020-12-07T14:03:26","date_gmt":"2020-12-07T06:03:26","guid":{"rendered":"https:\/\/f.seowaimao.com\/?post_type=product&amp;p=390"},"modified":"2020-12-07T14:03:26","modified_gmt":"2020-12-07T06:03:26","slug":"pieces-usinees-sur-tour-de-precision","status":"publish","type":"product","link":"https:\/\/metalpie.com\/fr\/pieces-dusinage-cnc\/pieces-usinees-sur-tour-de-precision\/","title":{"rendered":"Pi\u00e8ces usin\u00e9es sur tour de pr\u00e9cision"},"content":{"rendered":"<table style=\"border-collapse: collapse; width: 687px; height: 306px;\" border=\"0\" width=\"703\" cellspacing=\"0\" cellpadding=\"0\">\n<tbody>\n<tr style=\"height: 15.00pt;\">\n<td class=\"et3\" style=\"height: 15.00pt; width: 141.00pt;\" width=\"188\" height=\"20\"><strong><span style=\"font-size: 120%;\">Type<\/span><\/strong><\/td>\n<td class=\"et4\" style=\"width: 386.25pt;\" width=\"515\"><span style=\"font-size: 120%;\">PERCAGE\/ Usinage au laser\/ Fraisage\/ Tournage\/ Electro-\u00e9rosion \u00e0 fil<\/span><\/td>\n<\/tr>\n<tr style=\"height: 14.25pt;\">\n<td class=\"et3\" style=\"height: 14.25pt; width: 141.00pt;\" width=\"188\" height=\"19\"><strong><span style=\"font-size: 120%;\">Mat\u00e9riau<\/span><\/strong><\/td>\n<td class=\"et4\" style=\"width: 386.25pt;\" width=\"515\"><span style=\"font-size: 120%;\">Aluminium\/ Acier inoxydable\/ Cuivre\/ Laiton\/ Galvinis\u00e9 etc.<\/span><\/td>\n<\/tr>\n<tr style=\"height: 14.25pt;\">\n<td class=\"et3\" style=\"height: 14.25pt; width: 141.00pt;\" width=\"188\" height=\"19\"><strong><span style=\"font-size: 120%;\">Taille<\/span><\/strong><\/td>\n<td class=\"et4\" style=\"width: 386.25pt;\" width=\"515\"><span style=\"font-size: 120%;\">Sur mesure<\/span><\/td>\n<\/tr>\n<tr style=\"height: 14.25pt;\">\n<td class=\"et3\" style=\"height: 14.25pt; width: 141.00pt;\" width=\"188\" height=\"19\"><strong><span style=\"font-size: 120%;\">Traitement de surface<\/span><\/strong><\/td>\n<td class=\"et4\" style=\"width: 386.25pt;\" width=\"515\"><span style=\"font-size: 120%;\">Rev\u00eatement par poudre\/ \u00e9lectrod\u00e9position\/ oxydation\/ anodisation<\/span><\/td>\n<\/tr>\n<tr style=\"height: 14.25pt;\">\n<td class=\"et3\" style=\"height: 14.25pt; width: 141.00pt;\" width=\"188\" height=\"19\"><strong><span style=\"font-size: 120%;\">Technique<\/span><\/strong><\/td>\n<td class=\"et4\" style=\"width: 386.25pt;\" width=\"515\"><span style=\"font-size: 120%;\">D\u00e9coupe au laser\/ Pliage\/ Soudage\/ Estampage<\/span><\/td>\n<\/tr>\n<tr style=\"height: 14.25pt;\">\n<td class=\"et3\" style=\"height: 14.25pt; width: 141.00pt;\" width=\"188\" height=\"19\"><strong><span style=\"font-size: 120%;\">Certification<\/span><\/strong><\/td>\n<td class=\"et4\" style=\"width: 386.25pt;\" width=\"515\"><span style=\"font-size: 120%;\">ISO9001<\/span><\/td>\n<\/tr>\n<tr style=\"height: 14.25pt;\">\n<td class=\"et3\" style=\"height: 14.25pt; width: 141.00pt;\" width=\"188\" height=\"19\"><strong><span style=\"font-size: 120%;\">OEM<\/span><\/strong><\/td>\n<td class=\"et4\" style=\"width: 386.25pt;\" width=\"515\"><span style=\"font-size: 120%;\">Accepter<\/span><\/td>\n<\/tr>\n<tr style=\"height: 14.25pt;\">\n<td class=\"et3\" style=\"height: 14.25pt; width: 141.00pt;\" width=\"188\" height=\"19\"><strong><span style=\"font-size: 120%;\">Format du dessin<\/span><\/strong><\/td>\n<td class=\"et4\" style=\"width: 386.25pt;\" width=\"515\"><span style=\"font-size: 120%;\">3D\/CAD\/Dwg\/IGS\/STP<\/span><\/td>\n<\/tr>\n<tr style=\"height: 14.25pt;\">\n<td class=\"et3\" style=\"height: 14.25pt; width: 141.00pt;\" width=\"188\" height=\"19\"><strong><span style=\"font-size: 120%;\">Couleur<\/span><\/strong><\/td>\n<td class=\"et4\" style=\"width: 386.25pt;\" width=\"515\"><span style=\"font-size: 120%;\">Sur mesure<\/span><\/td>\n<\/tr>\n<tr style=\"height: 27.00pt;\">\n<td class=\"et3\" style=\"height: 27.00pt; width: 141.00pt;\" width=\"188\" height=\"36\"><strong><span style=\"font-size: 120%;\">Application<\/span><\/strong><\/td>\n<td class=\"et4\" style=\"width: 386.25pt;\" width=\"515\"><span style=\"font-size: 120%;\">Appareils m\u00e9nagers\/ Auto\/ B\u00e2timent\/ Mat\u00e9riel d'\u00e9quipement\/ \u00c9nergie\/ Instrumentation\/ Appareils m\u00e9dicaux\/ T\u00e9l\u00e9communications<\/span><\/td>\n<\/tr>\n<\/tbody>\n<\/table>\n<p>&nbsp;<\/p>","protected":false},"excerpt":{"rendered":"<p>Type Per\u00e7age\/ Usinage au laser\/ Fraisage\/ Tournage\/ Electro\u00e9rosion \u00e0 fil Mat\u00e9riau Aluminium\/ Acier inoxydable\/ Cuivre\/ Laiton\/ Galvinis\u00e9 etc. Dimensions personnalis\u00e9es Traitement de surface Rev\u00eatement par poudre\/ Galvanisation\/ Oxyde\/ Anodisation Techniques D\u00e9coupe au laser\/ Pliage\/ Soudage\/ Estampage Certification ISO9001 OEM Acceptation Format de dessin 3D\/CAD\/Dwg\/IGS\/STP Couleur Personnalis\u00e9e Application Appareils m\u00e9nagers\/ Auto\/ B\u00e2timent\/ Mat\u00e9riel d'\u00e9quipement\/ \u00c9nergie\/ Instrumentation\/ Appareils m\u00e9dicaux\/ T\u00e9l\u00e9communications &nbsp;<\/p>","protected":false},"featured_media":1070,"comment_status":"open","ping_status":"closed","template":"","meta":[],"product_cat":[108],"class_list":["post-390","product","type-product","status-publish","has-post-thumbnail","hentry","product_cat-cnc-machining-parts"],"yoast_head":"<!-- This site is optimized with the Yoast SEO plugin v21.5 - https:\/\/yoast.com\/wordpress\/plugins\/seo\/ -->\n<title>Custom Lathe Machining Parts | Precision CNC Machining Parts<\/title>\n<meta name=\"description\" content=\"We provide custom lathe machining parts and many other CNC machining metal parts. We have our factory in China so that we can make mass production.\" \/>\n<meta name=\"robots\" content=\"index, follow, max-snippet:-1, max-image-preview:large, max-video-preview:-1\" \/>\n<link rel=\"canonical\" href=\"https:\/\/metalpie.com\/fr\/pieces-dusinage-cnc\/pieces-usinees-sur-tour-de-precision\/\" \/>\n<meta property=\"og:locale\" content=\"fr_FR\" \/>\n<meta property=\"og:type\" content=\"article\" \/>\n<meta property=\"og:title\" content=\"Custom Lathe Machining Parts | Precision CNC Machining Parts\" \/>\n<meta property=\"og:description\" content=\"We provide custom lathe machining parts and many other CNC machining metal parts. We have our factory in China so that we can make mass production.\" \/>\n<meta property=\"og:url\" content=\"https:\/\/metalpie.com\/fr\/pieces-dusinage-cnc\/pieces-usinees-sur-tour-de-precision\/\" \/>\n<meta property=\"og:site_name\" content=\"METALPIE\" \/>\n<meta property=\"og:image\" content=\"https:\/\/metalpie.com\/wp-content\/uploads\/2023\/12\/H6081b72a2b484bd6be2761c368df19c9y.jpg_720x720q50.webp\" \/>\n\t<meta property=\"og:image:width\" content=\"600\" \/>\n\t<meta property=\"og:image:height\" content=\"600\" \/>\n\t<meta property=\"og:image:type\" content=\"image\/webp\" \/>\n<meta name=\"twitter:card\" content=\"summary_large_image\" \/>\n<meta name=\"twitter:label1\" content=\"Dur\u00e9e de lecture estim\u00e9e\" \/>\n\t<meta name=\"twitter:data1\" content=\"1 minute\" \/>\n<script type=\"application\/ld+json\" class=\"yoast-schema-graph\">{\"@context\":\"https:\/\/schema.org\",\"@graph\":[{\"@type\":\"WebPage\",\"@id\":\"https:\/\/metalpie.com\/cnc-machining-parts\/custom-precision-lathe-machining-parts\/\",\"url\":\"https:\/\/metalpie.com\/cnc-machining-parts\/custom-precision-lathe-machining-parts\/\",\"name\":\"Custom Lathe Machining Parts | Precision CNC Machining Parts\",\"isPartOf\":{\"@id\":\"https:\/\/metalpie.com\/#website\"},\"datePublished\":\"2020-12-07T06:03:26+00:00\",\"dateModified\":\"2020-12-07T06:03:26+00:00\",\"description\":\"We provide custom lathe machining parts and many other CNC machining metal parts. We have our factory in China so that we can make mass production.\",\"breadcrumb\":{\"@id\":\"https:\/\/metalpie.com\/cnc-machining-parts\/custom-precision-lathe-machining-parts\/#breadcrumb\"},\"inLanguage\":\"fr-FR\",\"potentialAction\":[{\"@type\":\"ReadAction\",\"target\":[\"https:\/\/metalpie.com\/cnc-machining-parts\/custom-precision-lathe-machining-parts\/\"]}]},{\"@type\":\"BreadcrumbList\",\"@id\":\"https:\/\/metalpie.com\/cnc-machining-parts\/custom-precision-lathe-machining-parts\/#breadcrumb\",\"itemListElement\":[{\"@type\":\"ListItem\",\"position\":1,\"name\":\"Home\",\"item\":\"https:\/\/metalpie.com\/\"},{\"@type\":\"ListItem\",\"position\":2,\"name\":\"Products\",\"item\":\"https:\/\/metalpie.com\/shop\/\"},{\"@type\":\"ListItem\",\"position\":3,\"name\":\"Custom Precision Lathe Machining Parts\"}]},{\"@type\":\"WebSite\",\"@id\":\"https:\/\/metalpie.com\/#website\",\"url\":\"https:\/\/metalpie.com\/\",\"name\":\"METALPIE\",\"description\":\"Precision Metal Fabrication | Tools, Processes &amp; More\",\"potentialAction\":[{\"@type\":\"SearchAction\",\"target\":{\"@type\":\"EntryPoint\",\"urlTemplate\":\"https:\/\/metalpie.com\/?s={search_term_string}\"},\"query-input\":\"required name=search_term_string\"}],\"inLanguage\":\"fr-FR\"}]}<\/script>\n<!-- \/ Yoast SEO plugin. -->","yoast_head_json":{"title":"Pi\u00e8ces usin\u00e9es au tour sur mesure | Pi\u00e8ces usin\u00e9es CNC de pr\u00e9cision","description":"Nous fournissons des pi\u00e8ces de tournage sur mesure et de nombreuses autres pi\u00e8ces m\u00e9talliques usin\u00e9es par CNC. Nous disposons d'une usine en Chine qui nous permet d'assurer une production de masse.","robots":{"index":"index","follow":"follow","max-snippet":"max-snippet:-1","max-image-preview":"max-image-preview:large","max-video-preview":"max-video-preview:-1"},"canonical":"https:\/\/metalpie.com\/fr\/pieces-dusinage-cnc\/pieces-usinees-sur-tour-de-precision\/","og_locale":"fr_FR","og_type":"article","og_title":"Custom Lathe Machining Parts | Precision CNC Machining Parts","og_description":"We provide custom lathe machining parts and many other CNC machining metal parts. We have our factory in China so that we can make mass production.","og_url":"https:\/\/metalpie.com\/fr\/pieces-dusinage-cnc\/pieces-usinees-sur-tour-de-precision\/","og_site_name":"METALPIE","og_image":[{"width":600,"height":600,"url":"https:\/\/metalpie.com\/wp-content\/uploads\/2023\/12\/H6081b72a2b484bd6be2761c368df19c9y.jpg_720x720q50.webp","type":"image\/webp"}],"twitter_card":"summary_large_image","twitter_misc":{"Dur\u00e9e de lecture estim\u00e9e":"1 minute"},"schema":{"@context":"https:\/\/schema.org","@graph":[{"@type":"WebPage","@id":"https:\/\/metalpie.com\/cnc-machining-parts\/custom-precision-lathe-machining-parts\/","url":"https:\/\/metalpie.com\/cnc-machining-parts\/custom-precision-lathe-machining-parts\/","name":"Pi\u00e8ces usin\u00e9es au tour sur mesure | Pi\u00e8ces usin\u00e9es CNC de pr\u00e9cision","isPartOf":{"@id":"https:\/\/metalpie.com\/#website"},"datePublished":"2020-12-07T06:03:26+00:00","dateModified":"2020-12-07T06:03:26+00:00","description":"Nous fournissons des pi\u00e8ces de tournage sur mesure et de nombreuses autres pi\u00e8ces m\u00e9talliques usin\u00e9es par CNC. Nous disposons d'une usine en Chine qui nous permet d'assurer une production de masse.","breadcrumb":{"@id":"https:\/\/metalpie.com\/cnc-machining-parts\/custom-precision-lathe-machining-parts\/#breadcrumb"},"inLanguage":"fr-FR","potentialAction":[{"@type":"ReadAction","target":["https:\/\/metalpie.com\/cnc-machining-parts\/custom-precision-lathe-machining-parts\/"]}]},{"@type":"BreadcrumbList","@id":"https:\/\/metalpie.com\/cnc-machining-parts\/custom-precision-lathe-machining-parts\/#breadcrumb","itemListElement":[{"@type":"ListItem","position":1,"name":"Home","item":"https:\/\/metalpie.com\/"},{"@type":"ListItem","position":2,"name":"Products","item":"https:\/\/metalpie.com\/shop\/"},{"@type":"ListItem","position":3,"name":"Custom Precision Lathe Machining Parts"}]},{"@type":"WebSite","@id":"https:\/\/metalpie.com\/#website","url":"https:\/\/metalpie.com\/","name":"METALPIE","description":"Fabrication de pr\u00e9cision des m\u00e9taux | Outils, processus et autres","potentialAction":[{"@type":"SearchAction","target":{"@type":"EntryPoint","urlTemplate":"https:\/\/metalpie.com\/?s={search_term_string}"},"query-input":"required name=search_term_string"}],"inLanguage":"fr-FR"}]}},"_links":{"self":[{"href":"https:\/\/metalpie.com\/fr\/wp-json\/wp\/v2\/product\/390","targetHints":{"allow":["GET"]}}],"collection":[{"href":"https:\/\/metalpie.com\/fr\/wp-json\/wp\/v2\/product"}],"about":[{"href":"https:\/\/metalpie.com\/fr\/wp-json\/wp\/v2\/types\/product"}],"replies":[{"embeddable":true,"href":"https:\/\/metalpie.com\/fr\/wp-json\/wp\/v2\/comments?post=390"}],"wp:featuredmedia":[{"embeddable":true,"href":"https:\/\/metalpie.com\/fr\/wp-json\/wp\/v2\/media\/1070"}],"wp:attachment":[{"href":"https:\/\/metalpie.com\/fr\/wp-json\/wp\/v2\/media?parent=390"}],"wp:term":[{"taxonomy":"product_cat","embeddable":true,"href":"https:\/\/metalpie.com\/fr\/wp-json\/wp\/v2\/product_cat?post=390"}],"curies":[{"name":"wp","href":"https:\/\/api.w.org\/{rel}","templated":true}]}}