{"id":388,"date":"2020-12-07T14:03:26","date_gmt":"2020-12-07T06:03:26","guid":{"rendered":"https:\/\/f.seowaimao.com\/?post_type=product&amp;p=388"},"modified":"2020-12-07T14:03:26","modified_gmt":"2020-12-07T06:03:26","slug":"pieces-de-fraisage-et-pieces-de-tournage-pour-lusinage-a-commande-numerique","status":"publish","type":"product","link":"https:\/\/metalpie.com\/fr\/pieces-dusinage-cnc\/pieces-de-fraisage-et-pieces-de-tournage-pour-lusinage-a-commande-numerique\/","title":{"rendered":"Pi\u00e8ces de fraisage CNC et pi\u00e8ces de tournage CNC"},"content":{"rendered":"<table style=\"border-collapse: collapse; width: 687px; height: 306px;\" border=\"0\" width=\"703\" cellspacing=\"0\" cellpadding=\"0\">\n<tbody>\n<tr style=\"height: 15.00pt;\">\n<td class=\"et3\" style=\"height: 15.00pt; width: 141.00pt;\" width=\"188\" height=\"20\"><strong><span style=\"font-size: 120%;\">Type<\/span><\/strong><\/td>\n<td class=\"et4\" style=\"width: 386.25pt;\" width=\"515\"><span style=\"font-size: 120%;\">PERCAGE\/ Usinage au laser\/ Fraisage\/ Tournage\/ Electro-\u00e9rosion \u00e0 fil<\/span><\/td>\n<\/tr>\n<tr style=\"height: 14.25pt;\">\n<td class=\"et3\" style=\"height: 14.25pt; width: 141.00pt;\" width=\"188\" height=\"19\"><strong><span style=\"font-size: 120%;\">Mat\u00e9riau<\/span><\/strong><\/td>\n<td class=\"et4\" style=\"width: 386.25pt;\" width=\"515\"><span style=\"font-size: 120%;\">Aluminium\/ Acier inoxydable\/ Cuivre\/ Laiton\/ Galvinis\u00e9 etc.<\/span><\/td>\n<\/tr>\n<tr style=\"height: 14.25pt;\">\n<td class=\"et3\" style=\"height: 14.25pt; width: 141.00pt;\" width=\"188\" height=\"19\"><strong><span style=\"font-size: 120%;\">Taille<\/span><\/strong><\/td>\n<td class=\"et4\" style=\"width: 386.25pt;\" width=\"515\"><span style=\"font-size: 120%;\">Sur mesure<\/span><\/td>\n<\/tr>\n<tr style=\"height: 14.25pt;\">\n<td class=\"et3\" style=\"height: 14.25pt; width: 141.00pt;\" width=\"188\" height=\"19\"><strong><span style=\"font-size: 120%;\">Traitement de surface<\/span><\/strong><\/td>\n<td class=\"et4\" style=\"width: 386.25pt;\" width=\"515\"><span style=\"font-size: 120%;\">Rev\u00eatement par poudre\/ \u00e9lectrod\u00e9position\/ oxydation\/ anodisation<\/span><\/td>\n<\/tr>\n<tr style=\"height: 14.25pt;\">\n<td class=\"et3\" style=\"height: 14.25pt; width: 141.00pt;\" width=\"188\" height=\"19\"><strong><span style=\"font-size: 120%;\">Technique<\/span><\/strong><\/td>\n<td class=\"et4\" style=\"width: 386.25pt;\" width=\"515\"><span style=\"font-size: 120%;\">D\u00e9coupe au laser\/ Pliage\/ Soudage\/ Estampage<\/span><\/td>\n<\/tr>\n<tr style=\"height: 14.25pt;\">\n<td class=\"et3\" style=\"height: 14.25pt; width: 141.00pt;\" width=\"188\" height=\"19\"><strong><span style=\"font-size: 120%;\">Certification<\/span><\/strong><\/td>\n<td class=\"et4\" style=\"width: 386.25pt;\" width=\"515\"><span style=\"font-size: 120%;\">ISO9001<\/span><\/td>\n<\/tr>\n<tr style=\"height: 14.25pt;\">\n<td class=\"et3\" style=\"height: 14.25pt; width: 141.00pt;\" width=\"188\" height=\"19\"><strong><span style=\"font-size: 120%;\">OEM<\/span><\/strong><\/td>\n<td class=\"et4\" style=\"width: 386.25pt;\" width=\"515\"><span style=\"font-size: 120%;\">Accepter<\/span><\/td>\n<\/tr>\n<tr style=\"height: 14.25pt;\">\n<td class=\"et3\" style=\"height: 14.25pt; width: 141.00pt;\" width=\"188\" height=\"19\"><strong><span style=\"font-size: 120%;\">Format du dessin<\/span><\/strong><\/td>\n<td class=\"et4\" style=\"width: 386.25pt;\" width=\"515\"><span style=\"font-size: 120%;\">3D\/CAD\/Dwg\/IGS\/STP<\/span><\/td>\n<\/tr>\n<tr style=\"height: 14.25pt;\">\n<td class=\"et3\" style=\"height: 14.25pt; width: 141.00pt;\" width=\"188\" height=\"19\"><strong><span style=\"font-size: 120%;\">Couleur<\/span><\/strong><\/td>\n<td class=\"et4\" style=\"width: 386.25pt;\" width=\"515\"><span style=\"font-size: 120%;\">Sur mesure<\/span><\/td>\n<\/tr>\n<tr style=\"height: 27.00pt;\">\n<td class=\"et3\" style=\"height: 27.00pt; width: 141.00pt;\" width=\"188\" height=\"36\"><strong><span style=\"font-size: 120%;\">Application<\/span><\/strong><\/td>\n<td class=\"et4\" style=\"width: 386.25pt;\" width=\"515\"><span style=\"font-size: 120%;\">Appareils m\u00e9nagers\/ Auto\/ B\u00e2timent\/ Mat\u00e9riel d'\u00e9quipement\/ \u00c9nergie\/ Instrumentation\/ Appareils m\u00e9dicaux\/ T\u00e9l\u00e9communications<\/span><\/td>\n<\/tr>\n<\/tbody>\n<\/table>","protected":false},"excerpt":{"rendered":"<p>Type Per\u00e7age\/ Usinage au laser\/ Fraisage\/ Tournage\/ Electro\u00e9rosion \u00e0 fil Mat\u00e9riau Aluminium\/ Acier inoxydable\/ Cuivre\/ Laiton\/ Galvinis\u00e9 etc. Dimensions personnalis\u00e9es Traitement de surface Rev\u00eatement par poudre\/ Galvanisation\/ Oxyde\/ Anodisation Techniques D\u00e9coupe au laser\/ Pliage\/ Soudage\/ Estampage Certification ISO9001 OEM Acceptation Format de dessin 3D\/CAD\/Dwg\/IGS\/STP Couleur Personnalis\u00e9e Application Appareils m\u00e9nagers\/ Auto\/ B\u00e2timent\/ Mat\u00e9riel d'\u00e9quipement\/ \u00c9nergie\/ Instrumentation\/ Appareils m\u00e9dicaux\/ T\u00e9l\u00e9communications<\/p>","protected":false},"featured_media":1064,"comment_status":"open","ping_status":"closed","template":"","meta":[],"product_cat":[108],"class_list":["post-388","product","type-product","status-publish","has-post-thumbnail","hentry","product_cat-cnc-machining-parts"],"yoast_head":"<!-- This site is optimized with the Yoast SEO plugin v21.5 - https:\/\/yoast.com\/wordpress\/plugins\/seo\/ -->\n<title>CNC Milling Machining Parts and CNC Machining Turning Parts<\/title>\n<meta name=\"description\" content=\"We are a CNC machining parts manufacturer with our CNC machining turning parts factory. We provide unmatched sheet metal fabrication services.\" \/>\n<meta name=\"robots\" content=\"index, follow, max-snippet:-1, max-image-preview:large, max-video-preview:-1\" \/>\n<link rel=\"canonical\" href=\"https:\/\/metalpie.com\/fr\/pieces-dusinage-cnc\/pieces-de-fraisage-et-pieces-de-tournage-pour-lusinage-a-commande-numerique\/\" \/>\n<meta property=\"og:locale\" content=\"fr_FR\" \/>\n<meta property=\"og:type\" content=\"article\" \/>\n<meta property=\"og:title\" content=\"CNC Milling Machining Parts and CNC Machining Turning Parts\" \/>\n<meta property=\"og:description\" content=\"We are a CNC machining parts manufacturer with our CNC machining turning parts factory. We provide unmatched sheet metal fabrication services.\" \/>\n<meta property=\"og:url\" content=\"https:\/\/metalpie.com\/fr\/pieces-dusinage-cnc\/pieces-de-fraisage-et-pieces-de-tournage-pour-lusinage-a-commande-numerique\/\" \/>\n<meta property=\"og:site_name\" content=\"METALPIE\" \/>\n<meta property=\"og:image\" content=\"https:\/\/metalpie.com\/wp-content\/uploads\/2023\/11\/Copper.jpg\" \/>\n\t<meta property=\"og:image:width\" content=\"1024\" \/>\n\t<meta property=\"og:image:height\" content=\"683\" \/>\n\t<meta property=\"og:image:type\" content=\"image\/jpeg\" \/>\n<meta name=\"twitter:card\" content=\"summary_large_image\" \/>\n<meta name=\"twitter:label1\" content=\"Dur\u00e9e de lecture estim\u00e9e\" \/>\n\t<meta name=\"twitter:data1\" content=\"1 minute\" \/>\n<script type=\"application\/ld+json\" class=\"yoast-schema-graph\">{\"@context\":\"https:\/\/schema.org\",\"@graph\":[{\"@type\":\"WebPage\",\"@id\":\"https:\/\/metalpie.com\/cnc-machining-parts\/cnc-milling-machining-parts-and-cnc-machining-turning-parts\/\",\"url\":\"https:\/\/metalpie.com\/cnc-machining-parts\/cnc-milling-machining-parts-and-cnc-machining-turning-parts\/\",\"name\":\"CNC Milling Machining Parts and CNC Machining Turning Parts\",\"isPartOf\":{\"@id\":\"https:\/\/metalpie.com\/#website\"},\"datePublished\":\"2020-12-07T06:03:26+00:00\",\"dateModified\":\"2020-12-07T06:03:26+00:00\",\"description\":\"We are a CNC machining parts manufacturer with our CNC machining turning parts factory. We provide unmatched sheet metal fabrication services.\",\"breadcrumb\":{\"@id\":\"https:\/\/metalpie.com\/cnc-machining-parts\/cnc-milling-machining-parts-and-cnc-machining-turning-parts\/#breadcrumb\"},\"inLanguage\":\"fr-FR\",\"potentialAction\":[{\"@type\":\"ReadAction\",\"target\":[\"https:\/\/metalpie.com\/cnc-machining-parts\/cnc-milling-machining-parts-and-cnc-machining-turning-parts\/\"]}]},{\"@type\":\"BreadcrumbList\",\"@id\":\"https:\/\/metalpie.com\/cnc-machining-parts\/cnc-milling-machining-parts-and-cnc-machining-turning-parts\/#breadcrumb\",\"itemListElement\":[{\"@type\":\"ListItem\",\"position\":1,\"name\":\"Home\",\"item\":\"https:\/\/metalpie.com\/\"},{\"@type\":\"ListItem\",\"position\":2,\"name\":\"Products\",\"item\":\"https:\/\/metalpie.com\/shop\/\"},{\"@type\":\"ListItem\",\"position\":3,\"name\":\"CNC Milling Machining Parts and CNC Machining Turning Parts\"}]},{\"@type\":\"WebSite\",\"@id\":\"https:\/\/metalpie.com\/#website\",\"url\":\"https:\/\/metalpie.com\/\",\"name\":\"METALPIE\",\"description\":\"Precision Metal Fabrication | Tools, Processes &amp; More\",\"potentialAction\":[{\"@type\":\"SearchAction\",\"target\":{\"@type\":\"EntryPoint\",\"urlTemplate\":\"https:\/\/metalpie.com\/?s={search_term_string}\"},\"query-input\":\"required name=search_term_string\"}],\"inLanguage\":\"fr-FR\"}]}<\/script>\n<!-- \/ Yoast SEO plugin. -->","yoast_head_json":{"title":"Pi\u00e8ces de fraisage CNC et pi\u00e8ces de tournage CNC","description":"Nous sommes un fabricant de pi\u00e8ces d'usinage CNC avec notre usine de pi\u00e8ces de tournage d'usinage CNC. Nous fournissons des services in\u00e9gal\u00e9s de fabrication de t\u00f4les.","robots":{"index":"index","follow":"follow","max-snippet":"max-snippet:-1","max-image-preview":"max-image-preview:large","max-video-preview":"max-video-preview:-1"},"canonical":"https:\/\/metalpie.com\/fr\/pieces-dusinage-cnc\/pieces-de-fraisage-et-pieces-de-tournage-pour-lusinage-a-commande-numerique\/","og_locale":"fr_FR","og_type":"article","og_title":"CNC Milling Machining Parts and CNC Machining Turning Parts","og_description":"We are a CNC machining parts manufacturer with our CNC machining turning parts factory. We provide unmatched sheet metal fabrication services.","og_url":"https:\/\/metalpie.com\/fr\/pieces-dusinage-cnc\/pieces-de-fraisage-et-pieces-de-tournage-pour-lusinage-a-commande-numerique\/","og_site_name":"METALPIE","og_image":[{"width":1024,"height":683,"url":"https:\/\/metalpie.com\/wp-content\/uploads\/2023\/11\/Copper.jpg","type":"image\/jpeg"}],"twitter_card":"summary_large_image","twitter_misc":{"Dur\u00e9e de lecture estim\u00e9e":"1 minute"},"schema":{"@context":"https:\/\/schema.org","@graph":[{"@type":"WebPage","@id":"https:\/\/metalpie.com\/cnc-machining-parts\/cnc-milling-machining-parts-and-cnc-machining-turning-parts\/","url":"https:\/\/metalpie.com\/cnc-machining-parts\/cnc-milling-machining-parts-and-cnc-machining-turning-parts\/","name":"Pi\u00e8ces de fraisage CNC et pi\u00e8ces de tournage CNC","isPartOf":{"@id":"https:\/\/metalpie.com\/#website"},"datePublished":"2020-12-07T06:03:26+00:00","dateModified":"2020-12-07T06:03:26+00:00","description":"Nous sommes un fabricant de pi\u00e8ces d'usinage CNC avec notre usine de pi\u00e8ces de tournage d'usinage CNC. Nous fournissons des services in\u00e9gal\u00e9s de fabrication de t\u00f4les.","breadcrumb":{"@id":"https:\/\/metalpie.com\/cnc-machining-parts\/cnc-milling-machining-parts-and-cnc-machining-turning-parts\/#breadcrumb"},"inLanguage":"fr-FR","potentialAction":[{"@type":"ReadAction","target":["https:\/\/metalpie.com\/cnc-machining-parts\/cnc-milling-machining-parts-and-cnc-machining-turning-parts\/"]}]},{"@type":"BreadcrumbList","@id":"https:\/\/metalpie.com\/cnc-machining-parts\/cnc-milling-machining-parts-and-cnc-machining-turning-parts\/#breadcrumb","itemListElement":[{"@type":"ListItem","position":1,"name":"Home","item":"https:\/\/metalpie.com\/"},{"@type":"ListItem","position":2,"name":"Products","item":"https:\/\/metalpie.com\/shop\/"},{"@type":"ListItem","position":3,"name":"CNC Milling Machining Parts and CNC Machining Turning Parts"}]},{"@type":"WebSite","@id":"https:\/\/metalpie.com\/#website","url":"https:\/\/metalpie.com\/","name":"METALPIE","description":"Fabrication de pr\u00e9cision des m\u00e9taux | Outils, processus et autres","potentialAction":[{"@type":"SearchAction","target":{"@type":"EntryPoint","urlTemplate":"https:\/\/metalpie.com\/?s={search_term_string}"},"query-input":"required name=search_term_string"}],"inLanguage":"fr-FR"}]}},"_links":{"self":[{"href":"https:\/\/metalpie.com\/fr\/wp-json\/wp\/v2\/product\/388","targetHints":{"allow":["GET"]}}],"collection":[{"href":"https:\/\/metalpie.com\/fr\/wp-json\/wp\/v2\/product"}],"about":[{"href":"https:\/\/metalpie.com\/fr\/wp-json\/wp\/v2\/types\/product"}],"replies":[{"embeddable":true,"href":"https:\/\/metalpie.com\/fr\/wp-json\/wp\/v2\/comments?post=388"}],"wp:featuredmedia":[{"embeddable":true,"href":"https:\/\/metalpie.com\/fr\/wp-json\/wp\/v2\/media\/1064"}],"wp:attachment":[{"href":"https:\/\/metalpie.com\/fr\/wp-json\/wp\/v2\/media?parent=388"}],"wp:term":[{"taxonomy":"product_cat","embeddable":true,"href":"https:\/\/metalpie.com\/fr\/wp-json\/wp\/v2\/product_cat?post=388"}],"curies":[{"name":"wp","href":"https:\/\/api.w.org\/{rel}","templated":true}]}}