{"id":3319,"date":"2022-12-22T08:55:21","date_gmt":"2022-12-22T00:55:21","guid":{"rendered":"https:\/\/metalpie.com\/?post_type=product&#038;p=3319"},"modified":"2023-02-01T14:27:51","modified_gmt":"2023-02-01T06:27:51","slug":"carrosserie-en-aluminium-pour-camion-leger","status":"publish","type":"product","link":"https:\/\/metalpie.com\/fr\/vehicules-en-aluminium\/carrosserie-en-aluminium-pour-camion-leger\/","title":{"rendered":"Carrosserie en aluminium pour camion l\u00e9ger"},"content":{"rendered":"<section class=\"section\" id=\"section_141623355\">\n\t\t<div class=\"bg section-bg fill bg-fill  bg-loaded\" >\n\n\t\t\t\n\t\t\t\n\t\t\t\n\n\t\t<\/div>\n\n\t\t\n\n\t\t<div class=\"section-content relative\">\n\t\t\t\n<div class=\"row\"  id=\"row-80952635\">\n\n\t<div id=\"col-1792739727\" class=\"col small-12 large-12\"  >\n\t\t\t\t<div class=\"col-inner\"  >\n\t\t\t\n\t\t\t\n<h2>Carrosserie de camion l\u00e9ger en aluminium<\/h2>\n<table style=\"font-size: 14.4px; border-collapse: collapse; width: 740px; height: 253px;\" border=\"0\" width=\"762\" cellspacing=\"0\" cellpadding=\"0\">\n<tbody>\n<tr style=\"height: 21.00pt;\">\n<td class=\"et3\" style=\"height: 21.00pt; width: 196.50pt;\" width=\"262\" height=\"28\"><strong>Longueur ext\u00e9rieure<\/strong><\/td>\n<td class=\"et4\" style=\"width: 182.25pt;\" width=\"243\"><strong>Largeur ext\u00e9rieure<\/strong><\/td>\n<td class=\"et4\" style=\"width: 192.75pt;\" width=\"257\"><strong>Hauteur ext\u00e9rieure<\/strong><\/td>\n<\/tr>\n<tr style=\"height: 21.00pt;\">\n<td class=\"et5\" style=\"height: 21.00pt; width: 196.50pt;\" width=\"262\" height=\"28\">4285<\/td>\n<td class=\"et6\" style=\"width: 182.25pt;\" width=\"243\">2432<\/td>\n<td class=\"et6\" style=\"width: 192.75pt;\" width=\"257\">1735<\/td>\n<\/tr>\n<tr style=\"height: 21.00pt;\">\n<td class=\"et7\" style=\"height: 21.00pt; width: 196.50pt;\" width=\"262\" height=\"28\"><strong>Longueur int\u00e9rieure<\/strong><\/td>\n<td class=\"et8\" style=\"width: 182.25pt;\" width=\"243\"><strong>Largeur int\u00e9rieure<\/strong><\/td>\n<td class=\"et8\" style=\"width: 192.75pt;\" width=\"257\"><strong>Hauteur int\u00e9rieure<\/strong><\/td>\n<\/tr>\n<tr style=\"height: 21.00pt;\">\n<td class=\"et5\" style=\"height: 21.00pt; width: 196.50pt;\" width=\"262\" height=\"28\">4165<\/td>\n<td class=\"et6\" style=\"width: 182.25pt;\" width=\"243\">2300<\/td>\n<td class=\"et6\" style=\"width: 192.75pt;\" width=\"257\">500<\/td>\n<\/tr>\n<tr style=\"height: 21.00pt;\">\n<td class=\"et7\" style=\"height: 21.00pt; width: 196.50pt;\" width=\"262\" height=\"28\"><strong>\u00c9paisseur totale des panneaux lat\u00e9raux<\/strong><\/td>\n<td class=\"et8\" style=\"width: 182.25pt;\" width=\"243\"><strong>\u00c9paisseur du plancher<\/strong><\/td>\n<td class=\"et8\" style=\"width: 192.75pt;\" width=\"257\"><strong>M\u00e9thode d'ouverture de la porte<\/strong><\/td>\n<\/tr>\n<tr style=\"height: 21.00pt;\">\n<td class=\"et5\" style=\"height: 21.00pt; width: 196.50pt;\" width=\"262\" height=\"28\">30<\/td>\n<td class=\"et6\" style=\"width: 182.25pt;\" width=\"243\">20<\/td>\n<td class=\"et6\" style=\"width: 192.75pt;\" width=\"257\">Cinq portes\/trois portes<\/td>\n<\/tr>\n<tr style=\"height: 21.00pt;\">\n<td class=\"et7\" style=\"height: 21.00pt; width: 196.50pt;\" width=\"262\" height=\"28\"><strong>Formulaire d'instrumentation<\/strong><\/td>\n<td class=\"et10\" style=\"width: 182.25pt;\" width=\"243\"><strong>Poids du corps de la bo\u00eete<span class=\"font2\">\/kg<\/span><\/strong><\/td>\n<td class=\"et8\" style=\"width: 192.75pt;\" width=\"257\"><strong>Charge nominale\/T<\/strong><\/td>\n<\/tr>\n<tr style=\"height: 21.00pt;\">\n<td class=\"et5\" style=\"height: 21.00pt; width: 196.50pt;\" width=\"262\" height=\"28\">Enjeu externe<\/td>\n<td class=\"et6\" style=\"width: 182.25pt;\" width=\"243\">260<\/td>\n<td class=\"et6\" style=\"width: 192.75pt;\" width=\"257\">\n<p>5<\/p>\n<\/td>\n<\/tr>\n<\/tbody>\n<\/table>\n<h2>Vue d'ensemble<\/h2>\n<p><span data-preserver-spaces=\"true\">La caisse de camion en aluminium est optionnelle en ce qui concerne la couleur, la taille et beaucoup d'autres d\u00e9tails. En tant que producteur professionnel de carrosserie de camion en aluminium, nous pouvons personnaliser une vari\u00e9t\u00e9 de sp\u00e9cifications pour vous. Nous avons fourni ces carrosseries de camion l\u00e9ger \u00e0 de nombreuses marques internationales c\u00e9l\u00e8bres. Nous serons votre meilleur choix si vous \u00eates \u00e0 la recherche d'un fabricant puissant pour vos camions \u00e0 carrosserie en aluminium !<\/span><\/p>\n<h2>Carrosseries de camions en aluminium Caract\u00e9ristiques<\/h2>\n<p><span data-preserver-spaces=\"true\">1. Nous utilisons des profils en aluminium \u00e0 fort impact pour fabriquer cette benne de camion en aluminium. Tous les profils sont d\u00e9velopp\u00e9s et fabriqu\u00e9s par nos soins.<\/span><\/p>\n<p><span data-preserver-spaces=\"true\">2. Le rivetage et le vissage sont les principales m\u00e9thodes d'assemblage, compl\u00e9t\u00e9es par un peu de soudage. Ces m\u00e9thodes d'assemblage sont pratiques pour l'assemblage et l'entretien des carrosseries de camions en aluminium.<\/span><\/p>\n<p><span data-preserver-spaces=\"true\">3. En termes de structure, outre l'utilisation d'une partie de la structure du produit fourgon, la partie garde-corps utilise la technologie japonaise comme r\u00e9f\u00e9rence. Nous avons con\u00e7u une nouvelle structure de garde-corps assembl\u00e9e pour cette carrosserie de camion en aluminium.\u00a0<\/span><\/p>\n<p><span data-preserver-spaces=\"true\">4. Les cl\u00f4tures lat\u00e9rales et les cl\u00f4tures arri\u00e8re adoptent des profils avec des structures ferm\u00e9es. Gr\u00e2ce \u00e0 la combinaison et \u00e0 l'adaptation des profils, les cl\u00f4tures de 400 mm, 500 mm et 600 mm de hauteur peuvent \u00eatre combin\u00e9es pour r\u00e9pondre aux besoins des clients. La partie inf\u00e9rieure de la cl\u00f4ture avant est \u00e9galement constitu\u00e9e de la m\u00eame combinaison de profil\u00e9s.<\/span><\/p>\n<p><span data-preserver-spaces=\"true\">5. Le plancher est extrud\u00e9 \u00e0 partir de profils \u00e0 haute r\u00e9sistance et pos\u00e9 longitudinalement. La partie sup\u00e9rieure du profil\u00e9 comporte des nervures antid\u00e9rapantes, et la partie inf\u00e9rieure est con\u00e7ue avec des nervures de soutien. La partie inf\u00e9rieure du plancher est \u00e9quip\u00e9e de poutres de soutien horizontales d'une grande rigidit\u00e9 g\u00e9n\u00e9rale.<\/span><\/p>\n\t\t<\/div>\n\t\t\t\t\t<\/div>\n\n\t\n<\/div>\n\t\t<\/div>\n\n\t\t\n<style>\n#section_141623355 {\n  padding-top: 30px;\n  padding-bottom: 30px;\n}\n<\/style>\n\t<\/section>","protected":false},"excerpt":{"rendered":"<p>La caisse du camion est sp\u00e9cialement con\u00e7ue pour les camions l\u00e9gers. Les rallonges am\u00e9liorent la capacit\u00e9 de charge. Il s'agit d'un v\u00e9hicule parfait pour exercer votre activit\u00e9.<\/p>","protected":false},"featured_media":3320,"comment_status":"closed","ping_status":"closed","template":"","meta":[],"product_cat":[98],"class_list":["post-3319","product","type-product","status-publish","has-post-thumbnail","hentry","product_cat-aluminum-vehicles"],"yoast_head":"<!-- This site is optimized with the Yoast SEO plugin v21.5 - https:\/\/yoast.com\/wordpress\/plugins\/seo\/ -->\n<title>Aluminum Truck Body &amp; Wing Body for Window and Door Display<\/title>\n<meta name=\"description\" content=\"We provide various aluminum truck bodies, such as box truck bodies and wing bodies. We also deliver custom truck body service.\" \/>\n<meta name=\"robots\" content=\"index, follow, max-snippet:-1, max-image-preview:large, max-video-preview:-1\" \/>\n<link rel=\"canonical\" href=\"https:\/\/metalpie.com\/fr\/vehicules-en-aluminium\/carrosserie-en-aluminium-pour-camion-leger\/\" \/>\n<meta property=\"og:locale\" content=\"fr_FR\" \/>\n<meta property=\"og:type\" content=\"article\" \/>\n<meta property=\"og:title\" content=\"Aluminum Truck Body &amp; Wing Body for Window and Door Display\" \/>\n<meta property=\"og:description\" content=\"We provide various aluminum truck bodies, such as box truck bodies and wing bodies. We also deliver custom truck body service.\" \/>\n<meta property=\"og:url\" content=\"https:\/\/metalpie.com\/fr\/vehicules-en-aluminium\/carrosserie-en-aluminium-pour-camion-leger\/\" \/>\n<meta property=\"og:site_name\" content=\"METALPIE\" \/>\n<meta property=\"article:modified_time\" content=\"2023-02-01T06:27:51+00:00\" \/>\n<meta property=\"og:image\" content=\"https:\/\/metalpie.com\/wp-content\/uploads\/2022\/12\/aluminum_truck_bodies_side_right.webp\" \/>\n\t<meta property=\"og:image:width\" content=\"1000\" \/>\n\t<meta property=\"og:image:height\" content=\"750\" \/>\n\t<meta property=\"og:image:type\" content=\"image\/webp\" \/>\n<meta name=\"twitter:card\" content=\"summary_large_image\" \/>\n<meta name=\"twitter:label1\" content=\"Dur\u00e9e de lecture estim\u00e9e\" \/>\n\t<meta name=\"twitter:data1\" content=\"2 minutes\" \/>\n<script type=\"application\/ld+json\" class=\"yoast-schema-graph\">{\"@context\":\"https:\/\/schema.org\",\"@graph\":[{\"@type\":\"WebPage\",\"@id\":\"https:\/\/metalpie.com\/ru\/%d0%b0%d0%bb%d1%8e%d0%bc%d0%b8%d0%bd%d0%b8%d0%b5%d0%b2%d1%8b%d0%b5-%d0%b0%d0%b2%d1%82%d0%be%d0%bc%d0%be%d0%b1%d0%b8%d0%bb%d0%b8\/%d0%b0%d0%bb%d1%8e%d0%bc%d0%b8%d0%bd%d0%b8%d0%b5%d0%b2%d1%8b%d0%b9-%d0%ba%d1%83%d0%b7%d0%be%d0%b2-%d0%b4%d0%bb%d1%8f-%d0%bb%d0%b5%d0%b3%d0%ba%d0%be%d0%b3%d0%be-%d0%b3%d1%80%d1%83%d0%b7%d0%be%d0%b2\/\",\"url\":\"https:\/\/metalpie.com\/ru\/%d0%b0%d0%bb%d1%8e%d0%bc%d0%b8%d0%bd%d0%b8%d0%b5%d0%b2%d1%8b%d0%b5-%d0%b0%d0%b2%d1%82%d0%be%d0%bc%d0%be%d0%b1%d0%b8%d0%bb%d0%b8\/%d0%b0%d0%bb%d1%8e%d0%bc%d0%b8%d0%bd%d0%b8%d0%b5%d0%b2%d1%8b%d0%b9-%d0%ba%d1%83%d0%b7%d0%be%d0%b2-%d0%b4%d0%bb%d1%8f-%d0%bb%d0%b5%d0%b3%d0%ba%d0%be%d0%b3%d0%be-%d0%b3%d1%80%d1%83%d0%b7%d0%be%d0%b2\/\",\"name\":\"Aluminum Truck Body & Wing Body for Window and Door Display\",\"isPartOf\":{\"@id\":\"https:\/\/metalpie.com\/#website\"},\"datePublished\":\"2022-12-22T00:55:21+00:00\",\"dateModified\":\"2023-02-01T06:27:51+00:00\",\"description\":\"We provide various aluminum truck bodies, such as box truck bodies and wing bodies. We also deliver custom truck body service.\",\"breadcrumb\":{\"@id\":\"https:\/\/metalpie.com\/ru\/%d0%b0%d0%bb%d1%8e%d0%bc%d0%b8%d0%bd%d0%b8%d0%b5%d0%b2%d1%8b%d0%b5-%d0%b0%d0%b2%d1%82%d0%be%d0%bc%d0%be%d0%b1%d0%b8%d0%bb%d0%b8\/%d0%b0%d0%bb%d1%8e%d0%bc%d0%b8%d0%bd%d0%b8%d0%b5%d0%b2%d1%8b%d0%b9-%d0%ba%d1%83%d0%b7%d0%be%d0%b2-%d0%b4%d0%bb%d1%8f-%d0%bb%d0%b5%d0%b3%d0%ba%d0%be%d0%b3%d0%be-%d0%b3%d1%80%d1%83%d0%b7%d0%be%d0%b2\/#breadcrumb\"},\"inLanguage\":\"fr-FR\",\"potentialAction\":[{\"@type\":\"ReadAction\",\"target\":[\"https:\/\/metalpie.com\/ru\/%d0%b0%d0%bb%d1%8e%d0%bc%d0%b8%d0%bd%d0%b8%d0%b5%d0%b2%d1%8b%d0%b5-%d0%b0%d0%b2%d1%82%d0%be%d0%bc%d0%be%d0%b1%d0%b8%d0%bb%d0%b8\/%d0%b0%d0%bb%d1%8e%d0%bc%d0%b8%d0%bd%d0%b8%d0%b5%d0%b2%d1%8b%d0%b9-%d0%ba%d1%83%d0%b7%d0%be%d0%b2-%d0%b4%d0%bb%d1%8f-%d0%bb%d0%b5%d0%b3%d0%ba%d0%be%d0%b3%d0%be-%d0%b3%d1%80%d1%83%d0%b7%d0%be%d0%b2\/\"]}]},{\"@type\":\"BreadcrumbList\",\"@id\":\"https:\/\/metalpie.com\/ru\/%d0%b0%d0%bb%d1%8e%d0%bc%d0%b8%d0%bd%d0%b8%d0%b5%d0%b2%d1%8b%d0%b5-%d0%b0%d0%b2%d1%82%d0%be%d0%bc%d0%be%d0%b1%d0%b8%d0%bb%d0%b8\/%d0%b0%d0%bb%d1%8e%d0%bc%d0%b8%d0%bd%d0%b8%d0%b5%d0%b2%d1%8b%d0%b9-%d0%ba%d1%83%d0%b7%d0%be%d0%b2-%d0%b4%d0%bb%d1%8f-%d0%bb%d0%b5%d0%b3%d0%ba%d0%be%d0%b3%d0%be-%d0%b3%d1%80%d1%83%d0%b7%d0%be%d0%b2\/#breadcrumb\",\"itemListElement\":[{\"@type\":\"ListItem\",\"position\":1,\"name\":\"Home\",\"item\":\"https:\/\/metalpie.com\/\"},{\"@type\":\"ListItem\",\"position\":2,\"name\":\"Products\",\"item\":\"https:\/\/metalpie.com\/shop\/\"},{\"@type\":\"ListItem\",\"position\":3,\"name\":\"Aluminum Truck Body for Light Truck\"}]},{\"@type\":\"WebSite\",\"@id\":\"https:\/\/metalpie.com\/#website\",\"url\":\"https:\/\/metalpie.com\/\",\"name\":\"METALPIE\",\"description\":\"Precision Metal Fabrication | Tools, Processes &amp; More\",\"potentialAction\":[{\"@type\":\"SearchAction\",\"target\":{\"@type\":\"EntryPoint\",\"urlTemplate\":\"https:\/\/metalpie.com\/?s={search_term_string}\"},\"query-input\":\"required name=search_term_string\"}],\"inLanguage\":\"fr-FR\"}]}<\/script>\n<!-- \/ Yoast SEO plugin. -->","yoast_head_json":{"title":"Carrosserie de camion et carrosserie d'aile en aluminium pour l'affichage des fen\u00eatres et des portes","description":"Nous fournissons diverses carrosseries de camion en aluminium, telles que des carrosseries de camion-bo\u00eete et des carrosseries \u00e0 ailes. Nous proposons \u00e9galement un service de carrosserie sur mesure.","robots":{"index":"index","follow":"follow","max-snippet":"max-snippet:-1","max-image-preview":"max-image-preview:large","max-video-preview":"max-video-preview:-1"},"canonical":"https:\/\/metalpie.com\/fr\/vehicules-en-aluminium\/carrosserie-en-aluminium-pour-camion-leger\/","og_locale":"fr_FR","og_type":"article","og_title":"Aluminum Truck Body & Wing Body for Window and Door Display","og_description":"We provide various aluminum truck bodies, such as box truck bodies and wing bodies. We also deliver custom truck body service.","og_url":"https:\/\/metalpie.com\/fr\/vehicules-en-aluminium\/carrosserie-en-aluminium-pour-camion-leger\/","og_site_name":"METALPIE","article_modified_time":"2023-02-01T06:27:51+00:00","og_image":[{"width":1000,"height":750,"url":"https:\/\/metalpie.com\/wp-content\/uploads\/2022\/12\/aluminum_truck_bodies_side_right.webp","type":"image\/webp"}],"twitter_card":"summary_large_image","twitter_misc":{"Dur\u00e9e de lecture estim\u00e9e":"2 minutes"},"schema":{"@context":"https:\/\/schema.org","@graph":[{"@type":"WebPage","@id":"https:\/\/metalpie.com\/ru\/%d0%b0%d0%bb%d1%8e%d0%bc%d0%b8%d0%bd%d0%b8%d0%b5%d0%b2%d1%8b%d0%b5-%d0%b0%d0%b2%d1%82%d0%be%d0%bc%d0%be%d0%b1%d0%b8%d0%bb%d0%b8\/%d0%b0%d0%bb%d1%8e%d0%bc%d0%b8%d0%bd%d0%b8%d0%b5%d0%b2%d1%8b%d0%b9-%d0%ba%d1%83%d0%b7%d0%be%d0%b2-%d0%b4%d0%bb%d1%8f-%d0%bb%d0%b5%d0%b3%d0%ba%d0%be%d0%b3%d0%be-%d0%b3%d1%80%d1%83%d0%b7%d0%be%d0%b2\/","url":"https:\/\/metalpie.com\/ru\/%d0%b0%d0%bb%d1%8e%d0%bc%d0%b8%d0%bd%d0%b8%d0%b5%d0%b2%d1%8b%d0%b5-%d0%b0%d0%b2%d1%82%d0%be%d0%bc%d0%be%d0%b1%d0%b8%d0%bb%d0%b8\/%d0%b0%d0%bb%d1%8e%d0%bc%d0%b8%d0%bd%d0%b8%d0%b5%d0%b2%d1%8b%d0%b9-%d0%ba%d1%83%d0%b7%d0%be%d0%b2-%d0%b4%d0%bb%d1%8f-%d0%bb%d0%b5%d0%b3%d0%ba%d0%be%d0%b3%d0%be-%d0%b3%d1%80%d1%83%d0%b7%d0%be%d0%b2\/","name":"Carrosserie de camion et carrosserie d'aile en aluminium pour l'affichage des fen\u00eatres et des portes","isPartOf":{"@id":"https:\/\/metalpie.com\/#website"},"datePublished":"2022-12-22T00:55:21+00:00","dateModified":"2023-02-01T06:27:51+00:00","description":"Nous fournissons diverses carrosseries de camion en aluminium, telles que des carrosseries de camion-bo\u00eete et des carrosseries \u00e0 ailes. Nous proposons \u00e9galement un service de carrosserie sur mesure.","breadcrumb":{"@id":"https:\/\/metalpie.com\/ru\/%d0%b0%d0%bb%d1%8e%d0%bc%d0%b8%d0%bd%d0%b8%d0%b5%d0%b2%d1%8b%d0%b5-%d0%b0%d0%b2%d1%82%d0%be%d0%bc%d0%be%d0%b1%d0%b8%d0%bb%d0%b8\/%d0%b0%d0%bb%d1%8e%d0%bc%d0%b8%d0%bd%d0%b8%d0%b5%d0%b2%d1%8b%d0%b9-%d0%ba%d1%83%d0%b7%d0%be%d0%b2-%d0%b4%d0%bb%d1%8f-%d0%bb%d0%b5%d0%b3%d0%ba%d0%be%d0%b3%d0%be-%d0%b3%d1%80%d1%83%d0%b7%d0%be%d0%b2\/#breadcrumb"},"inLanguage":"fr-FR","potentialAction":[{"@type":"ReadAction","target":["https:\/\/metalpie.com\/ru\/%d0%b0%d0%bb%d1%8e%d0%bc%d0%b8%d0%bd%d0%b8%d0%b5%d0%b2%d1%8b%d0%b5-%d0%b0%d0%b2%d1%82%d0%be%d0%bc%d0%be%d0%b1%d0%b8%d0%bb%d0%b8\/%d0%b0%d0%bb%d1%8e%d0%bc%d0%b8%d0%bd%d0%b8%d0%b5%d0%b2%d1%8b%d0%b9-%d0%ba%d1%83%d0%b7%d0%be%d0%b2-%d0%b4%d0%bb%d1%8f-%d0%bb%d0%b5%d0%b3%d0%ba%d0%be%d0%b3%d0%be-%d0%b3%d1%80%d1%83%d0%b7%d0%be%d0%b2\/"]}]},{"@type":"BreadcrumbList","@id":"https:\/\/metalpie.com\/ru\/%d0%b0%d0%bb%d1%8e%d0%bc%d0%b8%d0%bd%d0%b8%d0%b5%d0%b2%d1%8b%d0%b5-%d0%b0%d0%b2%d1%82%d0%be%d0%bc%d0%be%d0%b1%d0%b8%d0%bb%d0%b8\/%d0%b0%d0%bb%d1%8e%d0%bc%d0%b8%d0%bd%d0%b8%d0%b5%d0%b2%d1%8b%d0%b9-%d0%ba%d1%83%d0%b7%d0%be%d0%b2-%d0%b4%d0%bb%d1%8f-%d0%bb%d0%b5%d0%b3%d0%ba%d0%be%d0%b3%d0%be-%d0%b3%d1%80%d1%83%d0%b7%d0%be%d0%b2\/#breadcrumb","itemListElement":[{"@type":"ListItem","position":1,"name":"Home","item":"https:\/\/metalpie.com\/"},{"@type":"ListItem","position":2,"name":"Products","item":"https:\/\/metalpie.com\/shop\/"},{"@type":"ListItem","position":3,"name":"Aluminum Truck Body for Light Truck"}]},{"@type":"WebSite","@id":"https:\/\/metalpie.com\/#website","url":"https:\/\/metalpie.com\/","name":"METALPIE","description":"Fabrication de pr\u00e9cision des m\u00e9taux | Outils, processus et autres","potentialAction":[{"@type":"SearchAction","target":{"@type":"EntryPoint","urlTemplate":"https:\/\/metalpie.com\/?s={search_term_string}"},"query-input":"required name=search_term_string"}],"inLanguage":"fr-FR"}]}},"_links":{"self":[{"href":"https:\/\/metalpie.com\/fr\/wp-json\/wp\/v2\/product\/3319","targetHints":{"allow":["GET"]}}],"collection":[{"href":"https:\/\/metalpie.com\/fr\/wp-json\/wp\/v2\/product"}],"about":[{"href":"https:\/\/metalpie.com\/fr\/wp-json\/wp\/v2\/types\/product"}],"replies":[{"embeddable":true,"href":"https:\/\/metalpie.com\/fr\/wp-json\/wp\/v2\/comments?post=3319"}],"wp:featuredmedia":[{"embeddable":true,"href":"https:\/\/metalpie.com\/fr\/wp-json\/wp\/v2\/media\/3320"}],"wp:attachment":[{"href":"https:\/\/metalpie.com\/fr\/wp-json\/wp\/v2\/media?parent=3319"}],"wp:term":[{"taxonomy":"product_cat","embeddable":true,"href":"https:\/\/metalpie.com\/fr\/wp-json\/wp\/v2\/product_cat?post=3319"}],"curies":[{"name":"wp","href":"https:\/\/api.w.org\/{rel}","templated":true}]}}