{"id":3314,"date":"2022-12-22T08:41:03","date_gmt":"2022-12-22T00:41:03","guid":{"rendered":"https:\/\/metalpie.com\/?post_type=product&#038;p=3314"},"modified":"2023-02-01T16:16:08","modified_gmt":"2023-02-01T08:16:08","slug":"carrosserie-de-camion-en-aluminium-carrosserie-de-camion-cargo","status":"publish","type":"product","link":"https:\/\/metalpie.com\/fr\/vehicules-en-aluminium\/carrosserie-de-camion-en-aluminium-carrosserie-de-camion-cargo\/","title":{"rendered":"Caisse de camion en aluminium et caisse de camion cargo"},"content":{"rendered":"<section class=\"section\" id=\"section_1192807476\">\n\t\t<div class=\"bg section-bg fill bg-fill  bg-loaded\" >\n\n\t\t\t\n\t\t\t\n\t\t\t\n\n\t\t<\/div>\n\n\t\t\n\n\t\t<div class=\"section-content relative\">\n\t\t\t\n<div class=\"row\"  id=\"row-1018208053\">\n\n\t<div id=\"col-1275777044\" class=\"col small-12 large-12\"  >\n\t\t\t\t<div class=\"col-inner\"  >\n\t\t\t\n\t\t\t\n<h2>Param\u00e8tres de la carrosserie du camion de transport<\/h2>\n<table width=\"718\">\n<tbody>\n<tr>\n<td width=\"210\"><strong>Longueur ext\u00e9rieure<\/strong><\/td>\n<td width=\"259\"><strong>Largeur ext\u00e9rieure<\/strong><\/td>\n<td width=\"249\"><strong>Hauteur ext\u00e9rieure<\/strong><\/td>\n<\/tr>\n<tr>\n<td width=\"210\">6850<\/td>\n<td width=\"259\">2550<\/td>\n<td width=\"249\">2845<\/td>\n<\/tr>\n<tr>\n<td width=\"210\"><strong>Longueur int\u00e9rieure<\/strong><\/td>\n<td width=\"259\"><strong>Largeur int\u00e9rieure<\/strong><\/td>\n<td width=\"249\"><strong>Hauteur int\u00e9rieure<\/strong><\/td>\n<\/tr>\n<tr>\n<td width=\"210\">6800<\/td>\n<td width=\"259\">2500<\/td>\n<td width=\"249\">2600<\/td>\n<\/tr>\n<tr>\n<td width=\"210\"><strong>Porte lat\u00e9rale<\/strong><\/td>\n<td width=\"259\"><strong>Porte arri\u00e8re<\/strong><\/td>\n<td width=\"249\"><strong>Serrures<\/strong><\/td>\n<\/tr>\n<tr>\n<td width=\"210\">Non<\/td>\n<td width=\"259\">Ouverture des doubles panneaux<\/td>\n<td width=\"249\">Galvanis\u00e9<\/td>\n<\/tr>\n<tr>\n<td width=\"210\"><strong>Supports en aluminium<\/strong><\/td>\n<td width=\"259\"><strong>Largeur du canal dans la bo\u00eete<\/strong><\/td>\n<td width=\"249\"><strong>Poids du corps de la bo\u00eete\/kg<\/strong><\/td>\n<\/tr>\n<tr>\n<td width=\"210\">2 faces 4 \u00e9tages<\/td>\n<td width=\"259\">765 mm<\/td>\n<td width=\"249\">1400<\/td>\n<\/tr>\n<\/tbody>\n<\/table>\n<h2><span data-preserver-spaces=\"true\">Description<\/span><\/h2>\n<p><span data-preserver-spaces=\"true\">La carrosserie du camion cargo est sp\u00e9cialement con\u00e7ue pour le transport de profil\u00e9s. Pour fixer les profil\u00e9s, nous prenons de nombreuses mesures pour emp\u00eacher les profil\u00e9s de s'effondrer, telles que l'installation de supports en aluminium et de tiges de soutien. C'est donc un choix parfait pour votre entreprise.<\/span><\/p>\n<h2>Caract\u00e9ristiques de la carrosserie du camion en aluminium<\/h2>\n<p><span data-preserver-spaces=\"true\">1. Ce mod\u00e8le est sp\u00e9cialement utilis\u00e9 pour le transport de profil\u00e9s de longueur fixe. La structure en couches de la bo\u00eete peut faciliter la livraison de petits lots de profil\u00e9s et de marchandises en vrac.<\/span><\/p>\n<p><span data-preserver-spaces=\"true\">2. Vous pouvez r\u00e9tracter les supports s\u00e9par\u00e9ment pour plus de commodit\u00e9 et r\u00e9gler manuellement la hauteur tous les 50 mm. Le nombre de couches dans la bo\u00eete et la hauteur d'une seule couche sont facultatifs. Le nombre de couches dans la bo\u00eete et la hauteur d'une seule couche sont facultatifs.<\/span><\/p>\n<p><span data-preserver-spaces=\"true\">3. Mesures de s\u00e9curit\u00e9 : Le support est \u00e9quip\u00e9 d'un dispositif antid\u00e9rapant, et le support est con\u00e7u avec des limites doubles pour emp\u00eacher le profil de bouger. Nous avons \u00e9quip\u00e9 la plaque frontale d'une structure anti-collision pour \u00e9viter le danger caus\u00e9 par les dommages caus\u00e9s par le profil\u00e9 \u00e0 la planche \u00e0 compartiments.<\/span><\/p>\n<p><span data-preserver-spaces=\"true\">4. Grande section transversale du panneau de bo\u00eete : la largeur d'un seul panneau de bo\u00eete de la carrosserie de camion en aluminium augmente jusqu'\u00e0 600 mm. Cette largeur est sup\u00e9rieure de 200 \u00e0 300 mm aux sp\u00e9cifications courantes sur le march\u00e9. Avec moins de joints, la rigidit\u00e9 globale de la benne de camion en aluminium est bonne, ce qui augmente efficacement la capacit\u00e9 anti-d\u00e9formation de la benne et a une meilleure capacit\u00e9 de charge.\u00a0<\/span><\/p>\n<p><span data-preserver-spaces=\"true\">5. La rigidit\u00e9 g\u00e9n\u00e9rale est bonne : la principale structure porteuse est un support de profil\u00e9 install\u00e9 sur le cadre du caisson en acier. Le cadre du caisson en acier est int\u00e9gr\u00e9 \u00e0 l'ensemble du corps du caisson, ce qui permet de r\u00e9soudre efficacement le probl\u00e8me de la force globale et de la concentration locale des contraintes. Au cours du processus de conception de ce produit, nous avons utilis\u00e9 des calculs de simulation CAE pour garantir la solidit\u00e9 de la conception. Le premier lot de produits a \u00e9t\u00e9 mis sur le march\u00e9 pendant plus d'un an, et les r\u00e9actions des clients sont bonnes.<\/span><\/p>\n<p><span data-preserver-spaces=\"true\">6. Le placement des profil\u00e9s est plus pratique : les supports dans la bo\u00eete peuvent \u00eatre dispos\u00e9s en 3 \u00e0 5 couches selon les besoins du client. Vous pouvez ajuster manuellement la hauteur de chaque couche en fonction de chaque demande de transport. La caisse du camion-caisse en aluminium peut \u00e9galement \u00eatre divis\u00e9e en deux sections : l'entrep\u00f4t de pi\u00e8ces avant et l'entrep\u00f4t de profil\u00e9s arri\u00e8re. L'entrep\u00f4t de pi\u00e8ces stocke les accessoires de portes et de fen\u00eatres, les consommables et d'autres accessoires dispers\u00e9s. L'entrep\u00f4t de profil\u00e9s est sp\u00e9cialement utilis\u00e9 pour le transport de profil\u00e9s coup\u00e9s sur mesure. Les options ci-dessus rendent l'utilisation de l'armoire plus flexible.<\/span><\/p>\n\t\t<\/div>\n\t\t\t\t\t<\/div>\n\n\t\n<\/div>\n\t\t<\/div>\n\n\t\t\n<style>\n#section_1192807476 {\n  padding-top: 30px;\n  padding-bottom: 30px;\n}\n<\/style>\n\t<\/section>","protected":false},"excerpt":{"rendered":"<p>La benne du camion cargo a une grande capacit\u00e9 de chargement. Il peut transporter des profil\u00e9s en aluminium, des profil\u00e9s en acier et de nombreux autres profil\u00e9s.<\/p>","protected":false},"featured_media":3315,"comment_status":"closed","ping_status":"closed","template":"","meta":[],"product_cat":[98],"class_list":["post-3314","product","type-product","status-publish","has-post-thumbnail","hentry","product_cat-aluminum-vehicles"],"yoast_head":"<!-- This site is optimized with the Yoast SEO plugin v21.5 - https:\/\/yoast.com\/wordpress\/plugins\/seo\/ -->\n<title>Aluminum Truck Body &amp; Wing Body for Window and Door Display<\/title>\n<meta name=\"description\" content=\"We provide various aluminum truck bodies, such as box truck bodies and wing bodies. We also deliver custom truck body service.\" \/>\n<meta name=\"robots\" content=\"index, follow, max-snippet:-1, max-image-preview:large, max-video-preview:-1\" \/>\n<link rel=\"canonical\" href=\"https:\/\/metalpie.com\/fr\/vehicules-en-aluminium\/carrosserie-de-camion-en-aluminium-carrosserie-de-camion-cargo\/\" \/>\n<meta property=\"og:locale\" content=\"fr_FR\" \/>\n<meta property=\"og:type\" content=\"article\" \/>\n<meta property=\"og:title\" content=\"Aluminum Truck Body &amp; Wing Body for Window and Door Display\" \/>\n<meta property=\"og:description\" content=\"We provide various aluminum truck bodies, such as box truck bodies and wing bodies. We also deliver custom truck body service.\" \/>\n<meta property=\"og:url\" content=\"https:\/\/metalpie.com\/fr\/vehicules-en-aluminium\/carrosserie-de-camion-en-aluminium-carrosserie-de-camion-cargo\/\" \/>\n<meta property=\"og:site_name\" content=\"METALPIE\" \/>\n<meta property=\"article:modified_time\" content=\"2023-02-01T08:16:08+00:00\" \/>\n<meta property=\"og:image\" content=\"https:\/\/metalpie.com\/wp-content\/uploads\/2022\/12\/aluminum_box_truck_body-2.webp\" \/>\n\t<meta property=\"og:image:width\" content=\"1000\" \/>\n\t<meta property=\"og:image:height\" content=\"750\" \/>\n\t<meta property=\"og:image:type\" content=\"image\/webp\" \/>\n<meta name=\"twitter:card\" content=\"summary_large_image\" \/>\n<meta name=\"twitter:label1\" content=\"Dur\u00e9e de lecture estim\u00e9e\" \/>\n\t<meta name=\"twitter:data1\" content=\"3 minutes\" \/>\n<script type=\"application\/ld+json\" class=\"yoast-schema-graph\">{\"@context\":\"https:\/\/schema.org\",\"@graph\":[{\"@type\":\"WebPage\",\"@id\":\"https:\/\/metalpie.com\/ru\/%d0%b0%d0%bb%d1%8e%d0%bc%d0%b8%d0%bd%d0%b8%d0%b5%d0%b2%d1%8b%d0%b5-%d0%b0%d0%b2%d1%82%d0%be%d0%bc%d0%be%d0%b1%d0%b8%d0%bb%d0%b8\/%d0%b0%d0%bb%d1%8e%d0%bc%d0%b8%d0%bd%d0%b8%d0%b5%d0%b2%d1%8b%d0%b9-%d0%ba%d1%83%d0%b7%d0%be%d0%b2-%d0%b3%d1%80%d1%83%d0%b7%d0%be%d0%b2%d0%be%d0%b3%d0%be-%d0%b0%d0%b2%d1%82%d0%be%d0%bc%d0%be%d0%b1\/\",\"url\":\"https:\/\/metalpie.com\/ru\/%d0%b0%d0%bb%d1%8e%d0%bc%d0%b8%d0%bd%d0%b8%d0%b5%d0%b2%d1%8b%d0%b5-%d0%b0%d0%b2%d1%82%d0%be%d0%bc%d0%be%d0%b1%d0%b8%d0%bb%d0%b8\/%d0%b0%d0%bb%d1%8e%d0%bc%d0%b8%d0%bd%d0%b8%d0%b5%d0%b2%d1%8b%d0%b9-%d0%ba%d1%83%d0%b7%d0%be%d0%b2-%d0%b3%d1%80%d1%83%d0%b7%d0%be%d0%b2%d0%be%d0%b3%d0%be-%d0%b0%d0%b2%d1%82%d0%be%d0%bc%d0%be%d0%b1\/\",\"name\":\"Aluminum Truck Body & Wing Body for Window and Door Display\",\"isPartOf\":{\"@id\":\"https:\/\/metalpie.com\/#website\"},\"datePublished\":\"2022-12-22T00:41:03+00:00\",\"dateModified\":\"2023-02-01T08:16:08+00:00\",\"description\":\"We provide various aluminum truck bodies, such as box truck bodies and wing bodies. We also deliver custom truck body service.\",\"breadcrumb\":{\"@id\":\"https:\/\/metalpie.com\/ru\/%d0%b0%d0%bb%d1%8e%d0%bc%d0%b8%d0%bd%d0%b8%d0%b5%d0%b2%d1%8b%d0%b5-%d0%b0%d0%b2%d1%82%d0%be%d0%bc%d0%be%d0%b1%d0%b8%d0%bb%d0%b8\/%d0%b0%d0%bb%d1%8e%d0%bc%d0%b8%d0%bd%d0%b8%d0%b5%d0%b2%d1%8b%d0%b9-%d0%ba%d1%83%d0%b7%d0%be%d0%b2-%d0%b3%d1%80%d1%83%d0%b7%d0%be%d0%b2%d0%be%d0%b3%d0%be-%d0%b0%d0%b2%d1%82%d0%be%d0%bc%d0%be%d0%b1\/#breadcrumb\"},\"inLanguage\":\"fr-FR\",\"potentialAction\":[{\"@type\":\"ReadAction\",\"target\":[\"https:\/\/metalpie.com\/ru\/%d0%b0%d0%bb%d1%8e%d0%bc%d0%b8%d0%bd%d0%b8%d0%b5%d0%b2%d1%8b%d0%b5-%d0%b0%d0%b2%d1%82%d0%be%d0%bc%d0%be%d0%b1%d0%b8%d0%bb%d0%b8\/%d0%b0%d0%bb%d1%8e%d0%bc%d0%b8%d0%bd%d0%b8%d0%b5%d0%b2%d1%8b%d0%b9-%d0%ba%d1%83%d0%b7%d0%be%d0%b2-%d0%b3%d1%80%d1%83%d0%b7%d0%be%d0%b2%d0%be%d0%b3%d0%be-%d0%b0%d0%b2%d1%82%d0%be%d0%bc%d0%be%d0%b1\/\"]}]},{\"@type\":\"BreadcrumbList\",\"@id\":\"https:\/\/metalpie.com\/ru\/%d0%b0%d0%bb%d1%8e%d0%bc%d0%b8%d0%bd%d0%b8%d0%b5%d0%b2%d1%8b%d0%b5-%d0%b0%d0%b2%d1%82%d0%be%d0%bc%d0%be%d0%b1%d0%b8%d0%bb%d0%b8\/%d0%b0%d0%bb%d1%8e%d0%bc%d0%b8%d0%bd%d0%b8%d0%b5%d0%b2%d1%8b%d0%b9-%d0%ba%d1%83%d0%b7%d0%be%d0%b2-%d0%b3%d1%80%d1%83%d0%b7%d0%be%d0%b2%d0%be%d0%b3%d0%be-%d0%b0%d0%b2%d1%82%d0%be%d0%bc%d0%be%d0%b1\/#breadcrumb\",\"itemListElement\":[{\"@type\":\"ListItem\",\"position\":1,\"name\":\"Home\",\"item\":\"https:\/\/metalpie.com\/\"},{\"@type\":\"ListItem\",\"position\":2,\"name\":\"Products\",\"item\":\"https:\/\/metalpie.com\/shop\/\"},{\"@type\":\"ListItem\",\"position\":3,\"name\":\"Aluminum Truck Body &#038; Cargo Truck Body\"}]},{\"@type\":\"WebSite\",\"@id\":\"https:\/\/metalpie.com\/#website\",\"url\":\"https:\/\/metalpie.com\/\",\"name\":\"METALPIE\",\"description\":\"Precision Metal Fabrication | Tools, Processes &amp; More\",\"potentialAction\":[{\"@type\":\"SearchAction\",\"target\":{\"@type\":\"EntryPoint\",\"urlTemplate\":\"https:\/\/metalpie.com\/?s={search_term_string}\"},\"query-input\":\"required name=search_term_string\"}],\"inLanguage\":\"fr-FR\"}]}<\/script>\n<!-- \/ Yoast SEO plugin. -->","yoast_head_json":{"title":"Carrosserie de camion et carrosserie d'aile en aluminium pour l'affichage des fen\u00eatres et des portes","description":"Nous fournissons diverses carrosseries de camion en aluminium, telles que des carrosseries de camion-bo\u00eete et des carrosseries \u00e0 ailes. Nous proposons \u00e9galement un service de carrosserie sur mesure.","robots":{"index":"index","follow":"follow","max-snippet":"max-snippet:-1","max-image-preview":"max-image-preview:large","max-video-preview":"max-video-preview:-1"},"canonical":"https:\/\/metalpie.com\/fr\/vehicules-en-aluminium\/carrosserie-de-camion-en-aluminium-carrosserie-de-camion-cargo\/","og_locale":"fr_FR","og_type":"article","og_title":"Aluminum Truck Body & Wing Body for Window and Door Display","og_description":"We provide various aluminum truck bodies, such as box truck bodies and wing bodies. We also deliver custom truck body service.","og_url":"https:\/\/metalpie.com\/fr\/vehicules-en-aluminium\/carrosserie-de-camion-en-aluminium-carrosserie-de-camion-cargo\/","og_site_name":"METALPIE","article_modified_time":"2023-02-01T08:16:08+00:00","og_image":[{"width":1000,"height":750,"url":"https:\/\/metalpie.com\/wp-content\/uploads\/2022\/12\/aluminum_box_truck_body-2.webp","type":"image\/webp"}],"twitter_card":"summary_large_image","twitter_misc":{"Dur\u00e9e de lecture estim\u00e9e":"3 minutes"},"schema":{"@context":"https:\/\/schema.org","@graph":[{"@type":"WebPage","@id":"https:\/\/metalpie.com\/ru\/%d0%b0%d0%bb%d1%8e%d0%bc%d0%b8%d0%bd%d0%b8%d0%b5%d0%b2%d1%8b%d0%b5-%d0%b0%d0%b2%d1%82%d0%be%d0%bc%d0%be%d0%b1%d0%b8%d0%bb%d0%b8\/%d0%b0%d0%bb%d1%8e%d0%bc%d0%b8%d0%bd%d0%b8%d0%b5%d0%b2%d1%8b%d0%b9-%d0%ba%d1%83%d0%b7%d0%be%d0%b2-%d0%b3%d1%80%d1%83%d0%b7%d0%be%d0%b2%d0%be%d0%b3%d0%be-%d0%b0%d0%b2%d1%82%d0%be%d0%bc%d0%be%d0%b1\/","url":"https:\/\/metalpie.com\/ru\/%d0%b0%d0%bb%d1%8e%d0%bc%d0%b8%d0%bd%d0%b8%d0%b5%d0%b2%d1%8b%d0%b5-%d0%b0%d0%b2%d1%82%d0%be%d0%bc%d0%be%d0%b1%d0%b8%d0%bb%d0%b8\/%d0%b0%d0%bb%d1%8e%d0%bc%d0%b8%d0%bd%d0%b8%d0%b5%d0%b2%d1%8b%d0%b9-%d0%ba%d1%83%d0%b7%d0%be%d0%b2-%d0%b3%d1%80%d1%83%d0%b7%d0%be%d0%b2%d0%be%d0%b3%d0%be-%d0%b0%d0%b2%d1%82%d0%be%d0%bc%d0%be%d0%b1\/","name":"Carrosserie de camion et carrosserie d'aile en aluminium pour l'affichage des fen\u00eatres et des portes","isPartOf":{"@id":"https:\/\/metalpie.com\/#website"},"datePublished":"2022-12-22T00:41:03+00:00","dateModified":"2023-02-01T08:16:08+00:00","description":"Nous fournissons diverses carrosseries de camion en aluminium, telles que des carrosseries de camion-bo\u00eete et des carrosseries \u00e0 ailes. Nous proposons \u00e9galement un service de carrosserie sur mesure.","breadcrumb":{"@id":"https:\/\/metalpie.com\/ru\/%d0%b0%d0%bb%d1%8e%d0%bc%d0%b8%d0%bd%d0%b8%d0%b5%d0%b2%d1%8b%d0%b5-%d0%b0%d0%b2%d1%82%d0%be%d0%bc%d0%be%d0%b1%d0%b8%d0%bb%d0%b8\/%d0%b0%d0%bb%d1%8e%d0%bc%d0%b8%d0%bd%d0%b8%d0%b5%d0%b2%d1%8b%d0%b9-%d0%ba%d1%83%d0%b7%d0%be%d0%b2-%d0%b3%d1%80%d1%83%d0%b7%d0%be%d0%b2%d0%be%d0%b3%d0%be-%d0%b0%d0%b2%d1%82%d0%be%d0%bc%d0%be%d0%b1\/#breadcrumb"},"inLanguage":"fr-FR","potentialAction":[{"@type":"ReadAction","target":["https:\/\/metalpie.com\/ru\/%d0%b0%d0%bb%d1%8e%d0%bc%d0%b8%d0%bd%d0%b8%d0%b5%d0%b2%d1%8b%d0%b5-%d0%b0%d0%b2%d1%82%d0%be%d0%bc%d0%be%d0%b1%d0%b8%d0%bb%d0%b8\/%d0%b0%d0%bb%d1%8e%d0%bc%d0%b8%d0%bd%d0%b8%d0%b5%d0%b2%d1%8b%d0%b9-%d0%ba%d1%83%d0%b7%d0%be%d0%b2-%d0%b3%d1%80%d1%83%d0%b7%d0%be%d0%b2%d0%be%d0%b3%d0%be-%d0%b0%d0%b2%d1%82%d0%be%d0%bc%d0%be%d0%b1\/"]}]},{"@type":"BreadcrumbList","@id":"https:\/\/metalpie.com\/ru\/%d0%b0%d0%bb%d1%8e%d0%bc%d0%b8%d0%bd%d0%b8%d0%b5%d0%b2%d1%8b%d0%b5-%d0%b0%d0%b2%d1%82%d0%be%d0%bc%d0%be%d0%b1%d0%b8%d0%bb%d0%b8\/%d0%b0%d0%bb%d1%8e%d0%bc%d0%b8%d0%bd%d0%b8%d0%b5%d0%b2%d1%8b%d0%b9-%d0%ba%d1%83%d0%b7%d0%be%d0%b2-%d0%b3%d1%80%d1%83%d0%b7%d0%be%d0%b2%d0%be%d0%b3%d0%be-%d0%b0%d0%b2%d1%82%d0%be%d0%bc%d0%be%d0%b1\/#breadcrumb","itemListElement":[{"@type":"ListItem","position":1,"name":"Home","item":"https:\/\/metalpie.com\/"},{"@type":"ListItem","position":2,"name":"Products","item":"https:\/\/metalpie.com\/shop\/"},{"@type":"ListItem","position":3,"name":"Aluminum Truck Body &#038; Cargo Truck Body"}]},{"@type":"WebSite","@id":"https:\/\/metalpie.com\/#website","url":"https:\/\/metalpie.com\/","name":"METALPIE","description":"Fabrication de pr\u00e9cision des m\u00e9taux | Outils, processus et autres","potentialAction":[{"@type":"SearchAction","target":{"@type":"EntryPoint","urlTemplate":"https:\/\/metalpie.com\/?s={search_term_string}"},"query-input":"required name=search_term_string"}],"inLanguage":"fr-FR"}]}},"_links":{"self":[{"href":"https:\/\/metalpie.com\/fr\/wp-json\/wp\/v2\/product\/3314","targetHints":{"allow":["GET"]}}],"collection":[{"href":"https:\/\/metalpie.com\/fr\/wp-json\/wp\/v2\/product"}],"about":[{"href":"https:\/\/metalpie.com\/fr\/wp-json\/wp\/v2\/types\/product"}],"replies":[{"embeddable":true,"href":"https:\/\/metalpie.com\/fr\/wp-json\/wp\/v2\/comments?post=3314"}],"wp:featuredmedia":[{"embeddable":true,"href":"https:\/\/metalpie.com\/fr\/wp-json\/wp\/v2\/media\/3315"}],"wp:attachment":[{"href":"https:\/\/metalpie.com\/fr\/wp-json\/wp\/v2\/media?parent=3314"}],"wp:term":[{"taxonomy":"product_cat","embeddable":true,"href":"https:\/\/metalpie.com\/fr\/wp-json\/wp\/v2\/product_cat?post=3314"}],"curies":[{"name":"wp","href":"https:\/\/api.w.org\/{rel}","templated":true}]}}