{"id":3306,"date":"2022-12-20T13:27:29","date_gmt":"2022-12-20T05:27:29","guid":{"rendered":"https:\/\/metalpie.com\/?post_type=product&#038;p=3306"},"modified":"2023-01-31T15:17:52","modified_gmt":"2023-01-31T07:17:52","slug":"carrosserie-de-camion-en-aluminium-carrosserie-a-ailettes-pour-laffichage-des-fenetres-et-des-portes","status":"publish","type":"product","link":"https:\/\/metalpie.com\/fr\/vehicules-en-aluminium\/carrosserie-de-camion-en-aluminium-carrosserie-a-ailettes-pour-laffichage-des-fenetres-et-des-portes\/","title":{"rendered":"Carrosserie de camion et carrosserie d'aile en aluminium pour l'affichage des fen\u00eatres et des portes"},"content":{"rendered":"<section class=\"section\" id=\"section_1349865435\">\n\t\t<div class=\"bg section-bg fill bg-fill  bg-loaded\" >\n\n\t\t\t\n\t\t\t\n\t\t\t\n\n\t\t<\/div>\n\n\t\t\n\n\t\t<div class=\"section-content relative\">\n\t\t\t\n<div class=\"row\"  id=\"row-231788785\">\n\n\t<div id=\"col-764945138\" class=\"col small-12 large-12\"  >\n\t\t\t\t<div class=\"col-inner\"  >\n\t\t\t\n\t\t\t\n<h2>Param\u00e8tres du corps de l'aile en aluminium<\/h2>\n<table width=\"418\">\n<tbody>\n<tr>\n<td width=\"131\"><strong>Longueur ext\u00e9rieure<\/strong><\/td>\n<td width=\"127\"><strong>Largeur ext\u00e9rieure<\/strong><\/td>\n<td width=\"160\"><strong>Hauteur ext\u00e9rieure<\/strong><\/td>\n<\/tr>\n<tr>\n<td width=\"131\">4190<\/td>\n<td width=\"127\">2150<\/td>\n<td width=\"160\">2325<\/td>\n<\/tr>\n<tr>\n<td width=\"131\"><strong>Longueur int\u00e9rieure<\/strong><\/td>\n<td width=\"127\"><strong>Largeur int\u00e9rieure<\/strong><\/td>\n<td width=\"160\"><strong>Hauteur int\u00e9rieure<\/strong><\/td>\n<\/tr>\n<tr>\n<td width=\"131\">4140<\/td>\n<td width=\"127\">2100<\/td>\n<td width=\"160\">2100<\/td>\n<\/tr>\n<tr>\n<td width=\"131\"><strong>Porte lat\u00e9rale<\/strong><\/td>\n<td width=\"127\"><strong>Porte arri\u00e8re<\/strong><\/td>\n<td width=\"160\"><strong>Protection lat\u00e9rale arri\u00e8re<\/strong><\/td>\n<\/tr>\n<tr>\n<td width=\"131\">Portes lat\u00e9rales relevables<\/td>\n<td width=\"127\">Portes arri\u00e8re relevables<\/td>\n<td width=\"160\">Style de la jupe<\/td>\n<\/tr>\n<tr>\n<td width=\"131\"><strong>Pr\u00e9sentoir pour portes et fen\u00eatres<\/strong><\/td>\n<td width=\"127\"><strong>Vitrine d'\u00e9chantillons de fen\u00eatres<\/strong><\/td>\n<td width=\"160\"><strong>Armoire \u00e0 outils<\/strong><\/td>\n<\/tr>\n<tr>\n<td width=\"131\">5 pi\u00e8ces<\/td>\n<td width=\"127\">Quantit\u00e9 optionnelle<\/td>\n<td width=\"160\">1Set<\/td>\n<\/tr>\n<tr>\n<td width=\"131\"><strong>Poids du corps de la bo\u00eete\/kg<\/strong><\/td>\n<td width=\"127\">\u00a0<\/td>\n<td width=\"160\">\u00a0<\/td>\n<\/tr>\n<tr>\n<td width=\"131\">1150<\/td>\n<td width=\"127\">\u00a0<\/td>\n<td>\u00a0<\/td>\n<\/tr>\n<\/tbody>\n<\/table>\n<h2>Description de la carrosserie en aluminium<\/h2>\n<p>La carrosserie du camion en aluminium est une carrosserie \u00e0 ailettes permettant d'afficher des fen\u00eatres ou des portes. Les portes lat\u00e9rales et arri\u00e8re peuvent \u00eatre relev\u00e9es. Une porte lat\u00e9rale est utilis\u00e9e pour pr\u00e9senter des \u00e9chantillons de fen\u00eatres en aluminium, et l'autre pour pr\u00e9senter des portes en aluminium. La carrosserie du camion en aluminium est dot\u00e9e d'une jupe qui joue un r\u00f4le important dans la protection des c\u00f4t\u00e9s et de l'arri\u00e8re. La quantit\u00e9 de treillis dans la vitrine est optionnelle. Nous pouvons ajuster la disposition de l'armoire si vous le souhaitez.<\/p>\n<h2>Caract\u00e9ristiques de la carrosserie du camion en aluminium<\/h2>\n<p>1. Cette carrosserie en aluminium est sp\u00e9cialement utilis\u00e9e pour pr\u00e9senter des \u00e9chantillons de portes et de fen\u00eatres, des accessoires, des outils, etc. Il peut \u00eatre \u00e9quip\u00e9 d'armoires exp\u00e9rimentales, de t\u00e9l\u00e9viseurs pliables et d'autres configurations en fonction des besoins du client.<\/p>\n<p>2. Grande section transversale de la caisse : la largeur d'une seule caisse est augment\u00e9e \u00e0 600mm. Notre plaque de carrosserie de camion en aluminium est 200-300mm plus large que les sp\u00e9cifications communes sur le march\u00e9. La bo\u00eete avec moins de joints et une bonne rigidit\u00e9 globale augmente efficacement la capacit\u00e9 anti-d\u00e9formation de la bo\u00eete et a une meilleure capacit\u00e9 de support.<\/p>\n<p>3. La longueur totale de la bo\u00eete en aluminium est de 4,2 m\u00e8tres.<\/p>\n<p>4. M\u00e9thode d'ouverture : levage standard des deux c\u00f4t\u00e9s et de l'arri\u00e8re, la structure globale de retournement, l'angle de retournement est \u2265 90\u00b0, soutenu par des ressorts \u00e0 gaz, ce qui est pratique et efficace. La partie inf\u00e9rieure est con\u00e7ue avec une structure de cl\u00f4ture, qui peut \u00eatre pos\u00e9e \u00e0 plat pour exposer les pi\u00e8ces d\u00e9tach\u00e9es. En option, il est possible de se passer de la cl\u00f4ture.<\/p>\n<p>5. Zone d'exposition des pi\u00e8ces d\u00e9tach\u00e9es pour portes et fen\u00eatres. <br \/>Il y a une vitrine sur le c\u00f4t\u00e9 gauche du chariot, qui permet d'exposer des \u00e9chantillons de fen\u00eatres, des accessoires de serrure de porte, etc. Nous pouvons personnaliser la taille de l'armoire en fonction des besoins du client.<\/p>\n<p>6. Zone d'affichage de la fen\u00eatre d'\u00e9chantillonnage. <br \/>Le c\u00f4t\u00e9 droit de la caisse du camion en aluminium est \u00e9quip\u00e9 d'un pr\u00e9sentoir pour portes et fen\u00eatres qui permet de fixer solidement les \u00e9chantillons de portes et de fen\u00eatres. En m\u00eame temps, le pr\u00e9sentoir est \u00e9quip\u00e9 de rails de guidage et de rouleaux qui montent et descendent, et tout objet expos\u00e9 peut \u00eatre sorti de l'extr\u00e9mit\u00e9 arri\u00e8re du chariot pour que les clients puissent l'observer attentivement.<\/p>\n<p>7. Zone de l'armoire \u00e0 outils.<br \/>Il peut pr\u00e9senter les outils et les appareils utilis\u00e9s pour l'installation des portes et des fen\u00eatres et am\u00e9nager le banc d'essai des portes et des fen\u00eatres.<\/p>\n\t\t<\/div>\n\t\t\t\t\t<\/div>\n\n\t\n<\/div>\n\t\t<\/div>\n\n\t\t\n<style>\n#section_1349865435 {\n  padding-top: 30px;\n  padding-bottom: 30px;\n}\n<\/style>\n\t<\/section>","protected":false},"excerpt":{"rendered":"<p>Le corps de l'aile est enti\u00e8rement constitu\u00e9 d'un coffrage en aluminium haute performance. Il est solide et durable. Nous offrons la possibilit\u00e9 de personnaliser des sp\u00e9cifications particuli\u00e8res pour r\u00e9pondre \u00e0 vos besoins.<\/p>","protected":false},"featured_media":3308,"comment_status":"closed","ping_status":"closed","template":"","meta":[],"product_cat":[98],"class_list":["post-3306","product","type-product","status-publish","has-post-thumbnail","hentry","product_cat-aluminum-vehicles"],"yoast_head":"<!-- This site is optimized with the Yoast SEO plugin v21.5 - https:\/\/yoast.com\/wordpress\/plugins\/seo\/ -->\n<title>Aluminum Truck Body &amp; Wing Body for Window and Door Display<\/title>\n<meta name=\"description\" content=\"We provide various aluminum truck bodies, such as box truck bodies and wing bodies. We also deliver custom truck body service.\" \/>\n<meta name=\"robots\" content=\"index, follow, max-snippet:-1, max-image-preview:large, max-video-preview:-1\" \/>\n<link rel=\"canonical\" href=\"https:\/\/metalpie.com\/fr\/vehicules-en-aluminium\/carrosserie-de-camion-en-aluminium-carrosserie-a-ailettes-pour-laffichage-des-fenetres-et-des-portes\/\" \/>\n<meta property=\"og:locale\" content=\"fr_FR\" \/>\n<meta property=\"og:type\" content=\"article\" \/>\n<meta property=\"og:title\" content=\"Aluminum Truck Body &amp; Wing Body for Window and Door Display\" \/>\n<meta property=\"og:description\" content=\"We provide various aluminum truck bodies, such as box truck bodies and wing bodies. We also deliver custom truck body service.\" \/>\n<meta property=\"og:url\" content=\"https:\/\/metalpie.com\/fr\/vehicules-en-aluminium\/carrosserie-de-camion-en-aluminium-carrosserie-a-ailettes-pour-laffichage-des-fenetres-et-des-portes\/\" \/>\n<meta property=\"og:site_name\" content=\"METALPIE\" \/>\n<meta property=\"article:modified_time\" content=\"2023-01-31T07:17:52+00:00\" \/>\n<meta property=\"og:image\" content=\"https:\/\/metalpie.com\/wp-content\/uploads\/2022\/12\/aluminum_box_truck_body_new-1.webp\" \/>\n\t<meta property=\"og:image:width\" content=\"1000\" \/>\n\t<meta property=\"og:image:height\" content=\"750\" \/>\n\t<meta property=\"og:image:type\" content=\"image\/webp\" \/>\n<meta name=\"twitter:card\" content=\"summary_large_image\" \/>\n<meta name=\"twitter:label1\" content=\"Dur\u00e9e de lecture estim\u00e9e\" \/>\n\t<meta name=\"twitter:data1\" content=\"2 minutes\" \/>\n<script type=\"application\/ld+json\" class=\"yoast-schema-graph\">{\"@context\":\"https:\/\/schema.org\",\"@graph\":[{\"@type\":\"WebPage\",\"@id\":\"https:\/\/metalpie.com\/ru\/%d0%b0%d0%bb%d1%8e%d0%bc%d0%b8%d0%bd%d0%b8%d0%b5%d0%b2%d1%8b%d0%b5-%d0%b0%d0%b2%d1%82%d0%be%d0%bc%d0%be%d0%b1%d0%b8%d0%bb%d0%b8\/%d0%b0%d0%bb%d1%8e%d0%bc%d0%b8%d0%bd%d0%b8%d0%b5%d0%b2%d1%8b%d0%b9-%d0%ba%d1%83%d0%b7%d0%be%d0%b2-%d0%b3%d1%80%d1%83%d0%b7%d0%be%d0%b2%d0%b8%d0%ba%d0%b0-%d1%81-%d0%ba%d1%80%d1%8b%d0%bb%d1%8c%d1%8f\/\",\"url\":\"https:\/\/metalpie.com\/ru\/%d0%b0%d0%bb%d1%8e%d0%bc%d0%b8%d0%bd%d0%b8%d0%b5%d0%b2%d1%8b%d0%b5-%d0%b0%d0%b2%d1%82%d0%be%d0%bc%d0%be%d0%b1%d0%b8%d0%bb%d0%b8\/%d0%b0%d0%bb%d1%8e%d0%bc%d0%b8%d0%bd%d0%b8%d0%b5%d0%b2%d1%8b%d0%b9-%d0%ba%d1%83%d0%b7%d0%be%d0%b2-%d0%b3%d1%80%d1%83%d0%b7%d0%be%d0%b2%d0%b8%d0%ba%d0%b0-%d1%81-%d0%ba%d1%80%d1%8b%d0%bb%d1%8c%d1%8f\/\",\"name\":\"Aluminum Truck Body & Wing Body for Window and Door Display\",\"isPartOf\":{\"@id\":\"https:\/\/metalpie.com\/#website\"},\"datePublished\":\"2022-12-20T05:27:29+00:00\",\"dateModified\":\"2023-01-31T07:17:52+00:00\",\"description\":\"We provide various aluminum truck bodies, such as box truck bodies and wing bodies. We also deliver custom truck body service.\",\"breadcrumb\":{\"@id\":\"https:\/\/metalpie.com\/ru\/%d0%b0%d0%bb%d1%8e%d0%bc%d0%b8%d0%bd%d0%b8%d0%b5%d0%b2%d1%8b%d0%b5-%d0%b0%d0%b2%d1%82%d0%be%d0%bc%d0%be%d0%b1%d0%b8%d0%bb%d0%b8\/%d0%b0%d0%bb%d1%8e%d0%bc%d0%b8%d0%bd%d0%b8%d0%b5%d0%b2%d1%8b%d0%b9-%d0%ba%d1%83%d0%b7%d0%be%d0%b2-%d0%b3%d1%80%d1%83%d0%b7%d0%be%d0%b2%d0%b8%d0%ba%d0%b0-%d1%81-%d0%ba%d1%80%d1%8b%d0%bb%d1%8c%d1%8f\/#breadcrumb\"},\"inLanguage\":\"fr-FR\",\"potentialAction\":[{\"@type\":\"ReadAction\",\"target\":[\"https:\/\/metalpie.com\/ru\/%d0%b0%d0%bb%d1%8e%d0%bc%d0%b8%d0%bd%d0%b8%d0%b5%d0%b2%d1%8b%d0%b5-%d0%b0%d0%b2%d1%82%d0%be%d0%bc%d0%be%d0%b1%d0%b8%d0%bb%d0%b8\/%d0%b0%d0%bb%d1%8e%d0%bc%d0%b8%d0%bd%d0%b8%d0%b5%d0%b2%d1%8b%d0%b9-%d0%ba%d1%83%d0%b7%d0%be%d0%b2-%d0%b3%d1%80%d1%83%d0%b7%d0%be%d0%b2%d0%b8%d0%ba%d0%b0-%d1%81-%d0%ba%d1%80%d1%8b%d0%bb%d1%8c%d1%8f\/\"]}]},{\"@type\":\"BreadcrumbList\",\"@id\":\"https:\/\/metalpie.com\/ru\/%d0%b0%d0%bb%d1%8e%d0%bc%d0%b8%d0%bd%d0%b8%d0%b5%d0%b2%d1%8b%d0%b5-%d0%b0%d0%b2%d1%82%d0%be%d0%bc%d0%be%d0%b1%d0%b8%d0%bb%d0%b8\/%d0%b0%d0%bb%d1%8e%d0%bc%d0%b8%d0%bd%d0%b8%d0%b5%d0%b2%d1%8b%d0%b9-%d0%ba%d1%83%d0%b7%d0%be%d0%b2-%d0%b3%d1%80%d1%83%d0%b7%d0%be%d0%b2%d0%b8%d0%ba%d0%b0-%d1%81-%d0%ba%d1%80%d1%8b%d0%bb%d1%8c%d1%8f\/#breadcrumb\",\"itemListElement\":[{\"@type\":\"ListItem\",\"position\":1,\"name\":\"Home\",\"item\":\"https:\/\/metalpie.com\/\"},{\"@type\":\"ListItem\",\"position\":2,\"name\":\"Products\",\"item\":\"https:\/\/metalpie.com\/shop\/\"},{\"@type\":\"ListItem\",\"position\":3,\"name\":\"Aluminum Truck Body &#038; Wing Body for Window and Door Display\"}]},{\"@type\":\"WebSite\",\"@id\":\"https:\/\/metalpie.com\/#website\",\"url\":\"https:\/\/metalpie.com\/\",\"name\":\"METALPIE\",\"description\":\"Precision Metal Fabrication | Tools, Processes &amp; More\",\"potentialAction\":[{\"@type\":\"SearchAction\",\"target\":{\"@type\":\"EntryPoint\",\"urlTemplate\":\"https:\/\/metalpie.com\/?s={search_term_string}\"},\"query-input\":\"required name=search_term_string\"}],\"inLanguage\":\"fr-FR\"}]}<\/script>\n<!-- \/ Yoast SEO plugin. -->","yoast_head_json":{"title":"Carrosserie de camion et carrosserie d'aile en aluminium pour l'affichage des fen\u00eatres et des portes","description":"Nous fournissons diverses carrosseries de camion en aluminium, telles que des carrosseries de camion-bo\u00eete et des carrosseries \u00e0 ailes. Nous proposons \u00e9galement un service de carrosserie sur mesure.","robots":{"index":"index","follow":"follow","max-snippet":"max-snippet:-1","max-image-preview":"max-image-preview:large","max-video-preview":"max-video-preview:-1"},"canonical":"https:\/\/metalpie.com\/fr\/vehicules-en-aluminium\/carrosserie-de-camion-en-aluminium-carrosserie-a-ailettes-pour-laffichage-des-fenetres-et-des-portes\/","og_locale":"fr_FR","og_type":"article","og_title":"Aluminum Truck Body & Wing Body for Window and Door Display","og_description":"We provide various aluminum truck bodies, such as box truck bodies and wing bodies. We also deliver custom truck body service.","og_url":"https:\/\/metalpie.com\/fr\/vehicules-en-aluminium\/carrosserie-de-camion-en-aluminium-carrosserie-a-ailettes-pour-laffichage-des-fenetres-et-des-portes\/","og_site_name":"METALPIE","article_modified_time":"2023-01-31T07:17:52+00:00","og_image":[{"width":1000,"height":750,"url":"https:\/\/metalpie.com\/wp-content\/uploads\/2022\/12\/aluminum_box_truck_body_new-1.webp","type":"image\/webp"}],"twitter_card":"summary_large_image","twitter_misc":{"Dur\u00e9e de lecture estim\u00e9e":"2 minutes"},"schema":{"@context":"https:\/\/schema.org","@graph":[{"@type":"WebPage","@id":"https:\/\/metalpie.com\/ru\/%d0%b0%d0%bb%d1%8e%d0%bc%d0%b8%d0%bd%d0%b8%d0%b5%d0%b2%d1%8b%d0%b5-%d0%b0%d0%b2%d1%82%d0%be%d0%bc%d0%be%d0%b1%d0%b8%d0%bb%d0%b8\/%d0%b0%d0%bb%d1%8e%d0%bc%d0%b8%d0%bd%d0%b8%d0%b5%d0%b2%d1%8b%d0%b9-%d0%ba%d1%83%d0%b7%d0%be%d0%b2-%d0%b3%d1%80%d1%83%d0%b7%d0%be%d0%b2%d0%b8%d0%ba%d0%b0-%d1%81-%d0%ba%d1%80%d1%8b%d0%bb%d1%8c%d1%8f\/","url":"https:\/\/metalpie.com\/ru\/%d0%b0%d0%bb%d1%8e%d0%bc%d0%b8%d0%bd%d0%b8%d0%b5%d0%b2%d1%8b%d0%b5-%d0%b0%d0%b2%d1%82%d0%be%d0%bc%d0%be%d0%b1%d0%b8%d0%bb%d0%b8\/%d0%b0%d0%bb%d1%8e%d0%bc%d0%b8%d0%bd%d0%b8%d0%b5%d0%b2%d1%8b%d0%b9-%d0%ba%d1%83%d0%b7%d0%be%d0%b2-%d0%b3%d1%80%d1%83%d0%b7%d0%be%d0%b2%d0%b8%d0%ba%d0%b0-%d1%81-%d0%ba%d1%80%d1%8b%d0%bb%d1%8c%d1%8f\/","name":"Carrosserie de camion et carrosserie d'aile en aluminium pour l'affichage des fen\u00eatres et des portes","isPartOf":{"@id":"https:\/\/metalpie.com\/#website"},"datePublished":"2022-12-20T05:27:29+00:00","dateModified":"2023-01-31T07:17:52+00:00","description":"Nous fournissons diverses carrosseries de camion en aluminium, telles que des carrosseries de camion-bo\u00eete et des carrosseries \u00e0 ailes. Nous proposons \u00e9galement un service de carrosserie sur mesure.","breadcrumb":{"@id":"https:\/\/metalpie.com\/ru\/%d0%b0%d0%bb%d1%8e%d0%bc%d0%b8%d0%bd%d0%b8%d0%b5%d0%b2%d1%8b%d0%b5-%d0%b0%d0%b2%d1%82%d0%be%d0%bc%d0%be%d0%b1%d0%b8%d0%bb%d0%b8\/%d0%b0%d0%bb%d1%8e%d0%bc%d0%b8%d0%bd%d0%b8%d0%b5%d0%b2%d1%8b%d0%b9-%d0%ba%d1%83%d0%b7%d0%be%d0%b2-%d0%b3%d1%80%d1%83%d0%b7%d0%be%d0%b2%d0%b8%d0%ba%d0%b0-%d1%81-%d0%ba%d1%80%d1%8b%d0%bb%d1%8c%d1%8f\/#breadcrumb"},"inLanguage":"fr-FR","potentialAction":[{"@type":"ReadAction","target":["https:\/\/metalpie.com\/ru\/%d0%b0%d0%bb%d1%8e%d0%bc%d0%b8%d0%bd%d0%b8%d0%b5%d0%b2%d1%8b%d0%b5-%d0%b0%d0%b2%d1%82%d0%be%d0%bc%d0%be%d0%b1%d0%b8%d0%bb%d0%b8\/%d0%b0%d0%bb%d1%8e%d0%bc%d0%b8%d0%bd%d0%b8%d0%b5%d0%b2%d1%8b%d0%b9-%d0%ba%d1%83%d0%b7%d0%be%d0%b2-%d0%b3%d1%80%d1%83%d0%b7%d0%be%d0%b2%d0%b8%d0%ba%d0%b0-%d1%81-%d0%ba%d1%80%d1%8b%d0%bb%d1%8c%d1%8f\/"]}]},{"@type":"BreadcrumbList","@id":"https:\/\/metalpie.com\/ru\/%d0%b0%d0%bb%d1%8e%d0%bc%d0%b8%d0%bd%d0%b8%d0%b5%d0%b2%d1%8b%d0%b5-%d0%b0%d0%b2%d1%82%d0%be%d0%bc%d0%be%d0%b1%d0%b8%d0%bb%d0%b8\/%d0%b0%d0%bb%d1%8e%d0%bc%d0%b8%d0%bd%d0%b8%d0%b5%d0%b2%d1%8b%d0%b9-%d0%ba%d1%83%d0%b7%d0%be%d0%b2-%d0%b3%d1%80%d1%83%d0%b7%d0%be%d0%b2%d0%b8%d0%ba%d0%b0-%d1%81-%d0%ba%d1%80%d1%8b%d0%bb%d1%8c%d1%8f\/#breadcrumb","itemListElement":[{"@type":"ListItem","position":1,"name":"Home","item":"https:\/\/metalpie.com\/"},{"@type":"ListItem","position":2,"name":"Products","item":"https:\/\/metalpie.com\/shop\/"},{"@type":"ListItem","position":3,"name":"Aluminum Truck Body &#038; Wing Body for Window and Door Display"}]},{"@type":"WebSite","@id":"https:\/\/metalpie.com\/#website","url":"https:\/\/metalpie.com\/","name":"METALPIE","description":"Fabrication de pr\u00e9cision des m\u00e9taux | Outils, processus et autres","potentialAction":[{"@type":"SearchAction","target":{"@type":"EntryPoint","urlTemplate":"https:\/\/metalpie.com\/?s={search_term_string}"},"query-input":"required name=search_term_string"}],"inLanguage":"fr-FR"}]}},"_links":{"self":[{"href":"https:\/\/metalpie.com\/fr\/wp-json\/wp\/v2\/product\/3306","targetHints":{"allow":["GET"]}}],"collection":[{"href":"https:\/\/metalpie.com\/fr\/wp-json\/wp\/v2\/product"}],"about":[{"href":"https:\/\/metalpie.com\/fr\/wp-json\/wp\/v2\/types\/product"}],"replies":[{"embeddable":true,"href":"https:\/\/metalpie.com\/fr\/wp-json\/wp\/v2\/comments?post=3306"}],"wp:featuredmedia":[{"embeddable":true,"href":"https:\/\/metalpie.com\/fr\/wp-json\/wp\/v2\/media\/3308"}],"wp:attachment":[{"href":"https:\/\/metalpie.com\/fr\/wp-json\/wp\/v2\/media?parent=3306"}],"wp:term":[{"taxonomy":"product_cat","embeddable":true,"href":"https:\/\/metalpie.com\/fr\/wp-json\/wp\/v2\/product_cat?post=3306"}],"curies":[{"name":"wp","href":"https:\/\/api.w.org\/{rel}","templated":true}]}}