{"id":3216,"date":"2022-12-20T09:33:23","date_gmt":"2022-12-20T01:33:23","guid":{"rendered":"https:\/\/metalpie.com\/?post_type=product&#038;p=3216"},"modified":"2023-02-17T16:50:35","modified_gmt":"2023-02-17T08:50:35","slug":"carrosseries-de-camions-en-aluminium","status":"publish","type":"product","link":"https:\/\/metalpie.com\/fr\/vehicules-en-aluminium\/carrosseries-de-camions-en-aluminium\/","title":{"rendered":"Carrosseries en aluminium pour les v\u00e9hicules de service routier"},"content":{"rendered":"<section class=\"section\" id=\"section_1675616251\">\n\t\t<div class=\"bg section-bg fill bg-fill  bg-loaded\" >\n\n\t\t\t\n\t\t\t\n\t\t\t\n\n\t\t<\/div>\n\n\t\t\n\n\t\t<div class=\"section-content relative\">\n\t\t\t\n<div class=\"row\"  id=\"row-383899899\">\n\n\t<div id=\"col-1742538680\" class=\"col small-12 large-12\"  >\n\t\t\t\t<div class=\"col-inner\"  >\n\t\t\t\n\t\t\t\n<h2>Carrosseries de camions en aluminium Caract\u00e9ristiques<\/h2>\n<table width=\"285\">\n<tbody>\n<tr>\n<td width=\"95\"><strong>Longueur ext\u00e9rieure<\/strong><\/td>\n<td width=\"95\"><strong>Largeur ext\u00e9rieure<\/strong><\/td>\n<td width=\"95\"><strong>Hauteur ext\u00e9rieure<\/strong><\/td>\n<\/tr>\n<tr>\n<td width=\"95\">3220<\/td>\n<td width=\"95\">1920<\/td>\n<td width=\"95\">1995<\/td>\n<\/tr>\n<tr>\n<td width=\"95\"><strong>Longueur int\u00e9rieure<\/strong><\/td>\n<td width=\"95\"><strong>Largeur int\u00e9rieure<\/strong><\/td>\n<td width=\"95\"><strong>Hauteur int\u00e9rieure<\/strong><\/td>\n<\/tr>\n<tr>\n<td width=\"95\">3175<\/td>\n<td width=\"95\">1875<\/td>\n<td width=\"95\">1775<\/td>\n<\/tr>\n<tr>\n<td width=\"95\"><strong>\u00c9paisseur totale du panneau de toiture<\/strong><\/td>\n<td width=\"95\"><strong>\u00c9paisseur totale du panneau de porte<\/strong><\/td>\n<td width=\"95\"><strong>\u00c9paisseur totale de la plaque inf\u00e9rieure<\/strong><\/td>\n<\/tr>\n<tr>\n<td width=\"95\">20<\/td>\n<td width=\"95\">20<\/td>\n<td width=\"95\">25<\/td>\n<\/tr>\n<tr>\n<td width=\"95\"><strong>Porte lat\u00e9rale<\/strong><\/td>\n<td width=\"95\"><strong>Porte arri\u00e8re<\/strong><\/td>\n<td width=\"95\"><strong>Serrures<\/strong><\/td>\n<\/tr>\n<tr>\n<td width=\"95\">Volet roulant en aluminium<\/td>\n<td width=\"95\">Portes doubles<\/td>\n<td width=\"95\">Acier inoxydable<\/td>\n<\/tr>\n<tr>\n<td width=\"95\"><strong>Poids du corps de la bo\u00eete\/kg<\/strong><\/td>\n<td width=\"95\"><strong>Charge nominale\/tonne<\/strong><\/td>\n<td width=\"95\">\u00a0<\/td>\n<\/tr>\n<tr>\n<td width=\"95\">470<\/td>\n<td width=\"95\">3<\/td>\n<td>\u00a0<\/td>\n<\/tr>\n<\/tbody>\n<\/table>\n<h2><strong><span data-preserver-spaces=\"true\">Carrosseries de camions en aluminium Description<\/span><\/strong><\/h2>\n<p><span data-preserver-spaces=\"true\">Notre soci\u00e9t\u00e9 produit principalement toutes sortes de carrosseries de camion en aluminium. La surface des chariots peut \u00eatre r\u00e9alis\u00e9e en diff\u00e9rentes couleurs, et la taille des chariots peut \u00eatre personnalis\u00e9e en fonction des besoins des clients.<\/span><\/p>\n<p><span data-preserver-spaces=\"true\">Nous disposons d'une \u00e9quipe professionnelle de recherche et d\u00e9veloppement et nous pouvons d\u00e9velopper les produits dont vous avez besoin en fonction de vos besoins.<\/span><\/p>\n<h2><strong><span data-preserver-spaces=\"true\">Caract\u00e9ristiques<\/span><\/strong><\/h2>\n<p><span data-preserver-spaces=\"true\">1. La carrosserie du camion-caisse en aluminium est fabriqu\u00e9e \u00e0 partir de profil\u00e9s en aluminium \u00e0 haute r\u00e9sistance d\u00e9velopp\u00e9s et produits ind\u00e9pendamment. Le cadre est peint selon les exigences du client ;<\/span><\/p>\n<p><span data-preserver-spaces=\"true\">2. La structure des volets roulants des deux c\u00f4t\u00e9s permet d'\u00e9conomiser de l'espace et de faciliter les op\u00e9rations ;<\/span><\/p>\n<p><span data-preserver-spaces=\"true\">3. La porte arri\u00e8re en aluminium adopte une serrure int\u00e9gr\u00e9e, combin\u00e9e \u00e0 une structure de bande de caoutchouc int\u00e9gr\u00e9e, qui est belle et g\u00e9n\u00e9reuse. La limite du hayon utilise une structure \u00e0 ressort \u00e0 gaz.<\/span><\/p>\n\t\t<\/div>\n\t\t\t\t\t<\/div>\n\n\t\n<\/div>\n\t\t<\/div>\n\n\t\t\n<style>\n#section_1675616251 {\n  padding-top: 30px;\n  padding-bottom: 30px;\n}\n<\/style>\n\t<\/section>","protected":false},"excerpt":{"rendered":"","protected":false},"featured_media":3223,"comment_status":"closed","ping_status":"closed","template":"","meta":[],"product_cat":[98],"class_list":["post-3216","product","type-product","status-publish","has-post-thumbnail","hentry","product_cat-aluminum-vehicles"],"yoast_head":"<!-- This site is optimized with the Yoast SEO plugin v21.5 - https:\/\/yoast.com\/wordpress\/plugins\/seo\/ -->\n<title>Aluminum Truck Bodies for Roadside Service Vehicles<\/title>\n<meta name=\"description\" content=\"We provide unmatched aluminum truck bodies for roadside service vehicles. Welcome to contact us to make your custom truck bodies!\" \/>\n<meta name=\"robots\" content=\"index, follow, max-snippet:-1, max-image-preview:large, max-video-preview:-1\" \/>\n<link rel=\"canonical\" href=\"https:\/\/metalpie.com\/fr\/vehicules-en-aluminium\/carrosseries-de-camions-en-aluminium\/\" \/>\n<meta property=\"og:locale\" content=\"fr_FR\" \/>\n<meta property=\"og:type\" content=\"article\" \/>\n<meta property=\"og:title\" content=\"Aluminum Truck Bodies for Roadside Service Vehicles\" \/>\n<meta property=\"og:description\" content=\"We provide unmatched aluminum truck bodies for roadside service vehicles. Welcome to contact us to make your custom truck bodies!\" \/>\n<meta property=\"og:url\" content=\"https:\/\/metalpie.com\/fr\/vehicules-en-aluminium\/carrosseries-de-camions-en-aluminium\/\" \/>\n<meta property=\"og:site_name\" content=\"METALPIE\" \/>\n<meta property=\"article:modified_time\" content=\"2023-02-17T08:50:35+00:00\" \/>\n<meta property=\"og:image\" content=\"https:\/\/metalpie.com\/wp-content\/uploads\/2022\/12\/Aluminum_Roa_side_Assistance_Truck_Bed.webp\" \/>\n\t<meta property=\"og:image:width\" content=\"1000\" \/>\n\t<meta property=\"og:image:height\" content=\"750\" \/>\n\t<meta property=\"og:image:type\" content=\"image\/webp\" \/>\n<meta name=\"twitter:card\" content=\"summary_large_image\" \/>\n<meta name=\"twitter:label1\" content=\"Dur\u00e9e de lecture estim\u00e9e\" \/>\n\t<meta name=\"twitter:data1\" content=\"1 minute\" \/>\n<script type=\"application\/ld+json\" class=\"yoast-schema-graph\">{\"@context\":\"https:\/\/schema.org\",\"@graph\":[{\"@type\":\"WebPage\",\"@id\":\"https:\/\/metalpie.com\/ru\/%d0%b0%d0%bb%d1%8e%d0%bc%d0%b8%d0%bd%d0%b8%d0%b5%d0%b2%d1%8b%d0%b5-%d0%b0%d0%b2%d1%82%d0%be%d0%bc%d0%be%d0%b1%d0%b8%d0%bb%d0%b8\/%d0%b0%d0%bb%d1%8e%d0%bc%d0%b8%d0%bd%d0%b8%d0%b5%d0%b2%d1%8b%d0%b5-%d0%ba%d1%83%d0%b7%d0%be%d0%b2%d0%b0-%d0%b3%d1%80%d1%83%d0%b7%d0%be%d0%b2%d0%b8%d0%ba%d0%be%d0%b2-2\/\",\"url\":\"https:\/\/metalpie.com\/ru\/%d0%b0%d0%bb%d1%8e%d0%bc%d0%b8%d0%bd%d0%b8%d0%b5%d0%b2%d1%8b%d0%b5-%d0%b0%d0%b2%d1%82%d0%be%d0%bc%d0%be%d0%b1%d0%b8%d0%bb%d0%b8\/%d0%b0%d0%bb%d1%8e%d0%bc%d0%b8%d0%bd%d0%b8%d0%b5%d0%b2%d1%8b%d0%b5-%d0%ba%d1%83%d0%b7%d0%be%d0%b2%d0%b0-%d0%b3%d1%80%d1%83%d0%b7%d0%be%d0%b2%d0%b8%d0%ba%d0%be%d0%b2-2\/\",\"name\":\"Aluminum Truck Bodies for Roadside Service Vehicles\",\"isPartOf\":{\"@id\":\"https:\/\/metalpie.com\/#website\"},\"datePublished\":\"2022-12-20T01:33:23+00:00\",\"dateModified\":\"2023-02-17T08:50:35+00:00\",\"description\":\"We provide unmatched aluminum truck bodies for roadside service vehicles. Welcome to contact us to make your custom truck bodies!\",\"breadcrumb\":{\"@id\":\"https:\/\/metalpie.com\/ru\/%d0%b0%d0%bb%d1%8e%d0%bc%d0%b8%d0%bd%d0%b8%d0%b5%d0%b2%d1%8b%d0%b5-%d0%b0%d0%b2%d1%82%d0%be%d0%bc%d0%be%d0%b1%d0%b8%d0%bb%d0%b8\/%d0%b0%d0%bb%d1%8e%d0%bc%d0%b8%d0%bd%d0%b8%d0%b5%d0%b2%d1%8b%d0%b5-%d0%ba%d1%83%d0%b7%d0%be%d0%b2%d0%b0-%d0%b3%d1%80%d1%83%d0%b7%d0%be%d0%b2%d0%b8%d0%ba%d0%be%d0%b2-2\/#breadcrumb\"},\"inLanguage\":\"fr-FR\",\"potentialAction\":[{\"@type\":\"ReadAction\",\"target\":[\"https:\/\/metalpie.com\/ru\/%d0%b0%d0%bb%d1%8e%d0%bc%d0%b8%d0%bd%d0%b8%d0%b5%d0%b2%d1%8b%d0%b5-%d0%b0%d0%b2%d1%82%d0%be%d0%bc%d0%be%d0%b1%d0%b8%d0%bb%d0%b8\/%d0%b0%d0%bb%d1%8e%d0%bc%d0%b8%d0%bd%d0%b8%d0%b5%d0%b2%d1%8b%d0%b5-%d0%ba%d1%83%d0%b7%d0%be%d0%b2%d0%b0-%d0%b3%d1%80%d1%83%d0%b7%d0%be%d0%b2%d0%b8%d0%ba%d0%be%d0%b2-2\/\"]}]},{\"@type\":\"BreadcrumbList\",\"@id\":\"https:\/\/metalpie.com\/ru\/%d0%b0%d0%bb%d1%8e%d0%bc%d0%b8%d0%bd%d0%b8%d0%b5%d0%b2%d1%8b%d0%b5-%d0%b0%d0%b2%d1%82%d0%be%d0%bc%d0%be%d0%b1%d0%b8%d0%bb%d0%b8\/%d0%b0%d0%bb%d1%8e%d0%bc%d0%b8%d0%bd%d0%b8%d0%b5%d0%b2%d1%8b%d0%b5-%d0%ba%d1%83%d0%b7%d0%be%d0%b2%d0%b0-%d0%b3%d1%80%d1%83%d0%b7%d0%be%d0%b2%d0%b8%d0%ba%d0%be%d0%b2-2\/#breadcrumb\",\"itemListElement\":[{\"@type\":\"ListItem\",\"position\":1,\"name\":\"Home\",\"item\":\"https:\/\/metalpie.com\/\"},{\"@type\":\"ListItem\",\"position\":2,\"name\":\"Products\",\"item\":\"https:\/\/metalpie.com\/shop\/\"},{\"@type\":\"ListItem\",\"position\":3,\"name\":\"Aluminum Truck Bodies for Roadside Service Vehicles\"}]},{\"@type\":\"WebSite\",\"@id\":\"https:\/\/metalpie.com\/#website\",\"url\":\"https:\/\/metalpie.com\/\",\"name\":\"METALPIE\",\"description\":\"Precision Metal Fabrication | Tools, Processes &amp; More\",\"potentialAction\":[{\"@type\":\"SearchAction\",\"target\":{\"@type\":\"EntryPoint\",\"urlTemplate\":\"https:\/\/metalpie.com\/?s={search_term_string}\"},\"query-input\":\"required name=search_term_string\"}],\"inLanguage\":\"fr-FR\"}]}<\/script>\n<!-- \/ Yoast SEO plugin. -->","yoast_head_json":{"title":"Carrosseries en aluminium pour les v\u00e9hicules de service routier","description":"Nous fournissons des carrosseries en aluminium in\u00e9gal\u00e9es pour les v\u00e9hicules de service routier. N'h\u00e9sitez pas \u00e0 nous contacter pour r\u00e9aliser vos carrosseries personnalis\u00e9es !","robots":{"index":"index","follow":"follow","max-snippet":"max-snippet:-1","max-image-preview":"max-image-preview:large","max-video-preview":"max-video-preview:-1"},"canonical":"https:\/\/metalpie.com\/fr\/vehicules-en-aluminium\/carrosseries-de-camions-en-aluminium\/","og_locale":"fr_FR","og_type":"article","og_title":"Aluminum Truck Bodies for Roadside Service Vehicles","og_description":"We provide unmatched aluminum truck bodies for roadside service vehicles. Welcome to contact us to make your custom truck bodies!","og_url":"https:\/\/metalpie.com\/fr\/vehicules-en-aluminium\/carrosseries-de-camions-en-aluminium\/","og_site_name":"METALPIE","article_modified_time":"2023-02-17T08:50:35+00:00","og_image":[{"width":1000,"height":750,"url":"https:\/\/metalpie.com\/wp-content\/uploads\/2022\/12\/Aluminum_Roa_side_Assistance_Truck_Bed.webp","type":"image\/webp"}],"twitter_card":"summary_large_image","twitter_misc":{"Dur\u00e9e de lecture estim\u00e9e":"1 minute"},"schema":{"@context":"https:\/\/schema.org","@graph":[{"@type":"WebPage","@id":"https:\/\/metalpie.com\/ru\/%d0%b0%d0%bb%d1%8e%d0%bc%d0%b8%d0%bd%d0%b8%d0%b5%d0%b2%d1%8b%d0%b5-%d0%b0%d0%b2%d1%82%d0%be%d0%bc%d0%be%d0%b1%d0%b8%d0%bb%d0%b8\/%d0%b0%d0%bb%d1%8e%d0%bc%d0%b8%d0%bd%d0%b8%d0%b5%d0%b2%d1%8b%d0%b5-%d0%ba%d1%83%d0%b7%d0%be%d0%b2%d0%b0-%d0%b3%d1%80%d1%83%d0%b7%d0%be%d0%b2%d0%b8%d0%ba%d0%be%d0%b2-2\/","url":"https:\/\/metalpie.com\/ru\/%d0%b0%d0%bb%d1%8e%d0%bc%d0%b8%d0%bd%d0%b8%d0%b5%d0%b2%d1%8b%d0%b5-%d0%b0%d0%b2%d1%82%d0%be%d0%bc%d0%be%d0%b1%d0%b8%d0%bb%d0%b8\/%d0%b0%d0%bb%d1%8e%d0%bc%d0%b8%d0%bd%d0%b8%d0%b5%d0%b2%d1%8b%d0%b5-%d0%ba%d1%83%d0%b7%d0%be%d0%b2%d0%b0-%d0%b3%d1%80%d1%83%d0%b7%d0%be%d0%b2%d0%b8%d0%ba%d0%be%d0%b2-2\/","name":"Carrosseries en aluminium pour les v\u00e9hicules de service routier","isPartOf":{"@id":"https:\/\/metalpie.com\/#website"},"datePublished":"2022-12-20T01:33:23+00:00","dateModified":"2023-02-17T08:50:35+00:00","description":"Nous fournissons des carrosseries en aluminium in\u00e9gal\u00e9es pour les v\u00e9hicules de service routier. N'h\u00e9sitez pas \u00e0 nous contacter pour r\u00e9aliser vos carrosseries personnalis\u00e9es !","breadcrumb":{"@id":"https:\/\/metalpie.com\/ru\/%d0%b0%d0%bb%d1%8e%d0%bc%d0%b8%d0%bd%d0%b8%d0%b5%d0%b2%d1%8b%d0%b5-%d0%b0%d0%b2%d1%82%d0%be%d0%bc%d0%be%d0%b1%d0%b8%d0%bb%d0%b8\/%d0%b0%d0%bb%d1%8e%d0%bc%d0%b8%d0%bd%d0%b8%d0%b5%d0%b2%d1%8b%d0%b5-%d0%ba%d1%83%d0%b7%d0%be%d0%b2%d0%b0-%d0%b3%d1%80%d1%83%d0%b7%d0%be%d0%b2%d0%b8%d0%ba%d0%be%d0%b2-2\/#breadcrumb"},"inLanguage":"fr-FR","potentialAction":[{"@type":"ReadAction","target":["https:\/\/metalpie.com\/ru\/%d0%b0%d0%bb%d1%8e%d0%bc%d0%b8%d0%bd%d0%b8%d0%b5%d0%b2%d1%8b%d0%b5-%d0%b0%d0%b2%d1%82%d0%be%d0%bc%d0%be%d0%b1%d0%b8%d0%bb%d0%b8\/%d0%b0%d0%bb%d1%8e%d0%bc%d0%b8%d0%bd%d0%b8%d0%b5%d0%b2%d1%8b%d0%b5-%d0%ba%d1%83%d0%b7%d0%be%d0%b2%d0%b0-%d0%b3%d1%80%d1%83%d0%b7%d0%be%d0%b2%d0%b8%d0%ba%d0%be%d0%b2-2\/"]}]},{"@type":"BreadcrumbList","@id":"https:\/\/metalpie.com\/ru\/%d0%b0%d0%bb%d1%8e%d0%bc%d0%b8%d0%bd%d0%b8%d0%b5%d0%b2%d1%8b%d0%b5-%d0%b0%d0%b2%d1%82%d0%be%d0%bc%d0%be%d0%b1%d0%b8%d0%bb%d0%b8\/%d0%b0%d0%bb%d1%8e%d0%bc%d0%b8%d0%bd%d0%b8%d0%b5%d0%b2%d1%8b%d0%b5-%d0%ba%d1%83%d0%b7%d0%be%d0%b2%d0%b0-%d0%b3%d1%80%d1%83%d0%b7%d0%be%d0%b2%d0%b8%d0%ba%d0%be%d0%b2-2\/#breadcrumb","itemListElement":[{"@type":"ListItem","position":1,"name":"Home","item":"https:\/\/metalpie.com\/"},{"@type":"ListItem","position":2,"name":"Products","item":"https:\/\/metalpie.com\/shop\/"},{"@type":"ListItem","position":3,"name":"Aluminum Truck Bodies for Roadside Service Vehicles"}]},{"@type":"WebSite","@id":"https:\/\/metalpie.com\/#website","url":"https:\/\/metalpie.com\/","name":"METALPIE","description":"Fabrication de pr\u00e9cision des m\u00e9taux | Outils, processus et autres","potentialAction":[{"@type":"SearchAction","target":{"@type":"EntryPoint","urlTemplate":"https:\/\/metalpie.com\/?s={search_term_string}"},"query-input":"required name=search_term_string"}],"inLanguage":"fr-FR"}]}},"_links":{"self":[{"href":"https:\/\/metalpie.com\/fr\/wp-json\/wp\/v2\/product\/3216","targetHints":{"allow":["GET"]}}],"collection":[{"href":"https:\/\/metalpie.com\/fr\/wp-json\/wp\/v2\/product"}],"about":[{"href":"https:\/\/metalpie.com\/fr\/wp-json\/wp\/v2\/types\/product"}],"replies":[{"embeddable":true,"href":"https:\/\/metalpie.com\/fr\/wp-json\/wp\/v2\/comments?post=3216"}],"wp:featuredmedia":[{"embeddable":true,"href":"https:\/\/metalpie.com\/fr\/wp-json\/wp\/v2\/media\/3223"}],"wp:attachment":[{"href":"https:\/\/metalpie.com\/fr\/wp-json\/wp\/v2\/media?parent=3216"}],"wp:term":[{"taxonomy":"product_cat","embeddable":true,"href":"https:\/\/metalpie.com\/fr\/wp-json\/wp\/v2\/product_cat?post=3216"}],"curies":[{"name":"wp","href":"https:\/\/api.w.org\/{rel}","templated":true}]}}