{"id":3199,"date":"2022-12-20T09:23:39","date_gmt":"2022-12-20T01:23:39","guid":{"rendered":"https:\/\/metalpie.com\/?post_type=product&#038;p=3199"},"modified":"2023-02-17T17:08:51","modified_gmt":"2023-02-17T09:08:51","slug":"13-75-metres-de-semi-remorque-en-aluminium","status":"publish","type":"product","link":"https:\/\/metalpie.com\/fr\/vehicules-en-aluminium\/13-75-metres-de-semi-remorque-en-aluminium\/","title":{"rendered":"13,75 m\u00e8tres de semi-remorque en aluminium"},"content":{"rendered":"<section class=\"section\" id=\"section_779514972\">\n\t\t<div class=\"bg section-bg fill bg-fill  bg-loaded\" >\n\n\t\t\t\n\t\t\t\n\t\t\t\n\n\t\t<\/div>\n\n\t\t\n\n\t\t<div class=\"section-content relative\">\n\t\t\t\n<div class=\"row\"  id=\"row-787860804\">\n\n\t<div id=\"col-193475851\" class=\"col small-12 large-12\"  >\n\t\t\t\t<div class=\"col-inner\"  >\n\t\t\t\n\t\t\t\n<h2>Param\u00e8tres des semi-remorques en aluminium<\/h2>\n<table width=\"285\">\n<tbody>\n<tr>\n<td colspan=\"3\" width=\"285\"><strong>Les principaux param\u00e8tres techniques<\/strong><\/td>\n<\/tr>\n<tr>\n<td width=\"95\"><strong>Longueur ext\u00e9rieure<\/strong><\/td>\n<td width=\"95\"><strong>Largeur ext\u00e9rieure<\/strong><\/td>\n<td width=\"95\"><strong>Hauteur ext\u00e9rieure<\/strong><\/td>\n<\/tr>\n<tr>\n<td width=\"95\">13750<\/td>\n<td width=\"95\">2550<\/td>\n<td width=\"95\">4000<\/td>\n<\/tr>\n<tr>\n<td width=\"95\"><strong>Longueur int\u00e9rieure<\/strong><\/td>\n<td width=\"95\"><strong>Largeur int\u00e9rieure<\/strong><\/td>\n<td width=\"95\"><strong>Hauteur int\u00e9rieure<\/strong><\/td>\n<\/tr>\n<tr>\n<td width=\"95\">13700<\/td>\n<td width=\"95\">2500<\/td>\n<td width=\"95\">2630<\/td>\n<\/tr>\n<tr>\n<td width=\"95\"><strong>\u00c9paisseur des panneaux lat\u00e9raux<\/strong><\/td>\n<td width=\"95\"><strong>\u00c9paisseur du panneau de porte<\/strong><\/td>\n<td width=\"95\"><strong>Plaque de fond<\/strong><\/td>\n<\/tr>\n<tr>\n<td width=\"95\">20<\/td>\n<td width=\"95\">25<\/td>\n<td width=\"95\">Base en aluminium<\/td>\n<\/tr>\n<tr>\n<td width=\"95\"><strong>Porte lat\u00e9rale<\/strong><\/td>\n<td width=\"95\"><strong>Porte arri\u00e8re<\/strong><\/td>\n<td width=\"95\"><strong>Serrures<\/strong><\/td>\n<\/tr>\n<tr>\n<td width=\"95\">Portes lat\u00e9rales doubles<\/td>\n<td width=\"95\">Portes doubles<\/td>\n<td width=\"95\">90<\/td>\n<\/tr>\n<tr>\n<td width=\"95\"><strong>Suspension<\/strong><\/td>\n<td width=\"95\"><strong>Essieu\/nombre d'essieux<\/strong><\/td>\n<td width=\"95\"><strong>Pneu<\/strong><\/td>\n<\/tr>\n<tr>\n<td width=\"95\">Suspension pneumatique BPW<\/td>\n<td width=\"95\">BPW 10 tonnes \/ 2 essieux<\/td>\n<td width=\"95\">425\/65R22.5<\/td>\n<\/tr>\n<tr>\n<td width=\"95\"><strong>Roue<\/strong><\/td>\n<td width=\"95\"><strong>Outrigger<\/strong><\/td>\n<td width=\"95\"><strong>Valve relais d'urgence<\/strong><\/td>\n<\/tr>\n<tr>\n<td width=\"95\">13.00*22.5 Fabriqu\u00e9 en aluminium<\/td>\n<td width=\"95\">17\u2033linkage<\/td>\n<td width=\"95\">Wabco<\/td>\n<\/tr>\n<tr>\n<td width=\"95\"><strong>Goupille de remorquage<\/strong><\/td>\n<td width=\"95\"><strong>ABS<\/strong><\/td>\n<td width=\"95\"><strong>Valve \u00e0 poign\u00e9e de main<\/strong><\/td>\n<\/tr>\n<tr>\n<td width=\"95\">50#<\/td>\n<td width=\"95\">Domestique 4S\/2M<\/td>\n<td width=\"95\">Wabco<\/td>\n<\/tr>\n<tr>\n<td width=\"95\"><strong>Poids\/kg<\/strong><\/td>\n<td colspan=\"2\" width=\"190\"><strong>4900<\/strong><\/td>\n<\/tr>\n<\/tbody>\n<\/table>\n<h2><strong><span data-preserver-spaces=\"true\">Semi-remorques en aluminium Description<\/span><\/strong><\/h2>\n<p><span data-preserver-spaces=\"true\">Notre soci\u00e9t\u00e9 produit principalement toutes sortes de chariots en alliage d'aluminium. La surface des chariots peut \u00eatre r\u00e9alis\u00e9e en diff\u00e9rentes couleurs et nous pouvons personnaliser la taille des chariots en fonction des besoins des clients.<\/span><\/p>\n<p><span data-preserver-spaces=\"true\">Nous disposons d'une \u00e9quipe professionnelle de recherche et d\u00e9veloppement et nous pouvons d\u00e9velopper les produits dont vous avez besoin en fonction de vos besoins.<\/span><\/p>\n<h2><strong><span data-preserver-spaces=\"true\">Caract\u00e9ristiques<\/span><\/strong><\/h2>\n<p><span data-preserver-spaces=\"true\">1. La carrosserie de la voiture est compos\u00e9e de profil\u00e9s en aluminium \u00e0 haute r\u00e9sistance, principalement assembl\u00e9s par soudage et vissage ;<\/span><\/p>\n<p><span data-preserver-spaces=\"true\">2. La colonne avant adopte une structure en grand arc pour r\u00e9duire la r\u00e9sistance au vent et satisfaire pleinement aux exigences de la norme GB1589 ;<\/span><\/p>\n<p><span data-preserver-spaces=\"true\">3. La bande de caoutchouc adopte une structure int\u00e9gr\u00e9e, qui est plus belle, a une dur\u00e9e de vie plus longue et une \u00e9tanch\u00e9it\u00e9 plus fiable ;<\/span><\/p>\n<p><span data-preserver-spaces=\"true\">4. La plaque inf\u00e9rieure est une structure en profil\u00e9 creux tr\u00e8s r\u00e9sistante, qui peut r\u00e9pondre aux op\u00e9rations de chargement et de d\u00e9chargement des chariots \u00e9l\u00e9vateurs.<\/span><\/p>\n<p><span data-preserver-spaces=\"true\">5. La protection lat\u00e9rale peut \u00eatre \u00e9quip\u00e9e d'une structure de bavette\/garde-corps.<\/span><\/p>\n<p><span data-preserver-spaces=\"true\">6. Les panneaux lat\u00e9raux en aluminium de la semi-remorque sont solides et s'ouvrent facilement.<\/span><\/p>\n\t\t<\/div>\n\t\t\t\t\t<\/div>\n\n\t\n<\/div>\n\t\t<\/div>\n\n\t\t\n<style>\n#section_779514972 {\n  padding-top: 30px;\n  padding-bottom: 30px;\n}\n<\/style>\n\t<\/section>","protected":false},"excerpt":{"rendered":"","protected":false},"featured_media":3203,"comment_status":"closed","ping_status":"closed","template":"","meta":[],"product_cat":[98],"class_list":["post-3199","product","type-product","status-publish","has-post-thumbnail","hentry","product_cat-aluminum-vehicles"],"yoast_head":"<!-- This site is optimized with the Yoast SEO plugin v21.5 - https:\/\/yoast.com\/wordpress\/plugins\/seo\/ -->\n<title>13.75 Meters of Aluminum Semi-trailer | Aluminum Truck Body<\/title>\n<meta name=\"description\" content=\"We provide aluminum semi-trailers and aluminum cargo trailers. As a professional aluminum truck body manufacturer, we are your top choice!\" \/>\n<meta name=\"robots\" content=\"index, follow, max-snippet:-1, max-image-preview:large, max-video-preview:-1\" \/>\n<link rel=\"canonical\" href=\"https:\/\/metalpie.com\/fr\/vehicules-en-aluminium\/13-75-metres-de-semi-remorque-en-aluminium\/\" \/>\n<meta property=\"og:locale\" content=\"fr_FR\" \/>\n<meta property=\"og:type\" content=\"article\" \/>\n<meta property=\"og:title\" content=\"13.75 Meters of Aluminum Semi-trailer | Aluminum Truck Body\" \/>\n<meta property=\"og:description\" content=\"We provide aluminum semi-trailers and aluminum cargo trailers. As a professional aluminum truck body manufacturer, we are your top choice!\" \/>\n<meta property=\"og:url\" content=\"https:\/\/metalpie.com\/fr\/vehicules-en-aluminium\/13-75-metres-de-semi-remorque-en-aluminium\/\" \/>\n<meta property=\"og:site_name\" content=\"METALPIE\" \/>\n<meta property=\"article:modified_time\" content=\"2023-02-17T09:08:51+00:00\" \/>\n<meta property=\"og:image\" content=\"https:\/\/metalpie.com\/wp-content\/uploads\/2022\/12\/Meters_13_of_Aluminum_Semi_trailer.webp\" \/>\n\t<meta property=\"og:image:width\" content=\"1000\" \/>\n\t<meta property=\"og:image:height\" content=\"750\" \/>\n\t<meta property=\"og:image:type\" content=\"image\/webp\" \/>\n<meta name=\"twitter:card\" content=\"summary_large_image\" \/>\n<meta name=\"twitter:label1\" content=\"Dur\u00e9e de lecture estim\u00e9e\" \/>\n\t<meta name=\"twitter:data1\" content=\"2 minutes\" \/>\n<script type=\"application\/ld+json\" class=\"yoast-schema-graph\">{\"@context\":\"https:\/\/schema.org\",\"@graph\":[{\"@type\":\"WebPage\",\"@id\":\"https:\/\/metalpie.com\/ru\/%d0%b0%d0%bb%d1%8e%d0%bc%d0%b8%d0%bd%d0%b8%d0%b5%d0%b2%d1%8b%d0%b5-%d0%b0%d0%b2%d1%82%d0%be%d0%bc%d0%be%d0%b1%d0%b8%d0%bb%d0%b8\/13-75-%d0%bc%d0%b5%d1%82%d1%80%d0%be%d0%b2-%d0%b0%d0%bb%d1%8e%d0%bc%d0%b8%d0%bd%d0%b8%d0%b5%d0%b2%d1%8b%d1%85-%d0%bf%d0%be%d0%bb%d1%83%d0%bf%d1%80%d0%b8%d1%86%d0%b5%d0%bf%d0%be%d0%b2\/\",\"url\":\"https:\/\/metalpie.com\/ru\/%d0%b0%d0%bb%d1%8e%d0%bc%d0%b8%d0%bd%d0%b8%d0%b5%d0%b2%d1%8b%d0%b5-%d0%b0%d0%b2%d1%82%d0%be%d0%bc%d0%be%d0%b1%d0%b8%d0%bb%d0%b8\/13-75-%d0%bc%d0%b5%d1%82%d1%80%d0%be%d0%b2-%d0%b0%d0%bb%d1%8e%d0%bc%d0%b8%d0%bd%d0%b8%d0%b5%d0%b2%d1%8b%d1%85-%d0%bf%d0%be%d0%bb%d1%83%d0%bf%d1%80%d0%b8%d1%86%d0%b5%d0%bf%d0%be%d0%b2\/\",\"name\":\"13.75 Meters of Aluminum Semi-trailer | Aluminum Truck Body\",\"isPartOf\":{\"@id\":\"https:\/\/metalpie.com\/#website\"},\"datePublished\":\"2022-12-20T01:23:39+00:00\",\"dateModified\":\"2023-02-17T09:08:51+00:00\",\"description\":\"We provide aluminum semi-trailers and aluminum cargo trailers. As a professional aluminum truck body manufacturer, we are your top choice!\",\"breadcrumb\":{\"@id\":\"https:\/\/metalpie.com\/ru\/%d0%b0%d0%bb%d1%8e%d0%bc%d0%b8%d0%bd%d0%b8%d0%b5%d0%b2%d1%8b%d0%b5-%d0%b0%d0%b2%d1%82%d0%be%d0%bc%d0%be%d0%b1%d0%b8%d0%bb%d0%b8\/13-75-%d0%bc%d0%b5%d1%82%d1%80%d0%be%d0%b2-%d0%b0%d0%bb%d1%8e%d0%bc%d0%b8%d0%bd%d0%b8%d0%b5%d0%b2%d1%8b%d1%85-%d0%bf%d0%be%d0%bb%d1%83%d0%bf%d1%80%d0%b8%d1%86%d0%b5%d0%bf%d0%be%d0%b2\/#breadcrumb\"},\"inLanguage\":\"fr-FR\",\"potentialAction\":[{\"@type\":\"ReadAction\",\"target\":[\"https:\/\/metalpie.com\/ru\/%d0%b0%d0%bb%d1%8e%d0%bc%d0%b8%d0%bd%d0%b8%d0%b5%d0%b2%d1%8b%d0%b5-%d0%b0%d0%b2%d1%82%d0%be%d0%bc%d0%be%d0%b1%d0%b8%d0%bb%d0%b8\/13-75-%d0%bc%d0%b5%d1%82%d1%80%d0%be%d0%b2-%d0%b0%d0%bb%d1%8e%d0%bc%d0%b8%d0%bd%d0%b8%d0%b5%d0%b2%d1%8b%d1%85-%d0%bf%d0%be%d0%bb%d1%83%d0%bf%d1%80%d0%b8%d1%86%d0%b5%d0%bf%d0%be%d0%b2\/\"]}]},{\"@type\":\"BreadcrumbList\",\"@id\":\"https:\/\/metalpie.com\/ru\/%d0%b0%d0%bb%d1%8e%d0%bc%d0%b8%d0%bd%d0%b8%d0%b5%d0%b2%d1%8b%d0%b5-%d0%b0%d0%b2%d1%82%d0%be%d0%bc%d0%be%d0%b1%d0%b8%d0%bb%d0%b8\/13-75-%d0%bc%d0%b5%d1%82%d1%80%d0%be%d0%b2-%d0%b0%d0%bb%d1%8e%d0%bc%d0%b8%d0%bd%d0%b8%d0%b5%d0%b2%d1%8b%d1%85-%d0%bf%d0%be%d0%bb%d1%83%d0%bf%d1%80%d0%b8%d1%86%d0%b5%d0%bf%d0%be%d0%b2\/#breadcrumb\",\"itemListElement\":[{\"@type\":\"ListItem\",\"position\":1,\"name\":\"Home\",\"item\":\"https:\/\/metalpie.com\/\"},{\"@type\":\"ListItem\",\"position\":2,\"name\":\"Products\",\"item\":\"https:\/\/metalpie.com\/shop\/\"},{\"@type\":\"ListItem\",\"position\":3,\"name\":\"13.75 Meters of Aluminum Semi-trailer\"}]},{\"@type\":\"WebSite\",\"@id\":\"https:\/\/metalpie.com\/#website\",\"url\":\"https:\/\/metalpie.com\/\",\"name\":\"METALPIE\",\"description\":\"Precision Metal Fabrication | Tools, Processes &amp; More\",\"potentialAction\":[{\"@type\":\"SearchAction\",\"target\":{\"@type\":\"EntryPoint\",\"urlTemplate\":\"https:\/\/metalpie.com\/?s={search_term_string}\"},\"query-input\":\"required name=search_term_string\"}],\"inLanguage\":\"fr-FR\"}]}<\/script>\n<!-- \/ Yoast SEO plugin. -->","yoast_head_json":{"title":"13,75 m\u00e8tres de semi-remorque en aluminium et de carrosserie de camion en aluminium","description":"Nous fournissons des semi-remorques en aluminium et des remorques cargo en aluminium. En tant que fabricant professionnel de carrosseries de camions en aluminium, nous sommes votre premier choix !","robots":{"index":"index","follow":"follow","max-snippet":"max-snippet:-1","max-image-preview":"max-image-preview:large","max-video-preview":"max-video-preview:-1"},"canonical":"https:\/\/metalpie.com\/fr\/vehicules-en-aluminium\/13-75-metres-de-semi-remorque-en-aluminium\/","og_locale":"fr_FR","og_type":"article","og_title":"13.75 Meters of Aluminum Semi-trailer | Aluminum Truck Body","og_description":"We provide aluminum semi-trailers and aluminum cargo trailers. As a professional aluminum truck body manufacturer, we are your top choice!","og_url":"https:\/\/metalpie.com\/fr\/vehicules-en-aluminium\/13-75-metres-de-semi-remorque-en-aluminium\/","og_site_name":"METALPIE","article_modified_time":"2023-02-17T09:08:51+00:00","og_image":[{"width":1000,"height":750,"url":"https:\/\/metalpie.com\/wp-content\/uploads\/2022\/12\/Meters_13_of_Aluminum_Semi_trailer.webp","type":"image\/webp"}],"twitter_card":"summary_large_image","twitter_misc":{"Dur\u00e9e de lecture estim\u00e9e":"2 minutes"},"schema":{"@context":"https:\/\/schema.org","@graph":[{"@type":"WebPage","@id":"https:\/\/metalpie.com\/ru\/%d0%b0%d0%bb%d1%8e%d0%bc%d0%b8%d0%bd%d0%b8%d0%b5%d0%b2%d1%8b%d0%b5-%d0%b0%d0%b2%d1%82%d0%be%d0%bc%d0%be%d0%b1%d0%b8%d0%bb%d0%b8\/13-75-%d0%bc%d0%b5%d1%82%d1%80%d0%be%d0%b2-%d0%b0%d0%bb%d1%8e%d0%bc%d0%b8%d0%bd%d0%b8%d0%b5%d0%b2%d1%8b%d1%85-%d0%bf%d0%be%d0%bb%d1%83%d0%bf%d1%80%d0%b8%d1%86%d0%b5%d0%bf%d0%be%d0%b2\/","url":"https:\/\/metalpie.com\/ru\/%d0%b0%d0%bb%d1%8e%d0%bc%d0%b8%d0%bd%d0%b8%d0%b5%d0%b2%d1%8b%d0%b5-%d0%b0%d0%b2%d1%82%d0%be%d0%bc%d0%be%d0%b1%d0%b8%d0%bb%d0%b8\/13-75-%d0%bc%d0%b5%d1%82%d1%80%d0%be%d0%b2-%d0%b0%d0%bb%d1%8e%d0%bc%d0%b8%d0%bd%d0%b8%d0%b5%d0%b2%d1%8b%d1%85-%d0%bf%d0%be%d0%bb%d1%83%d0%bf%d1%80%d0%b8%d1%86%d0%b5%d0%bf%d0%be%d0%b2\/","name":"13,75 m\u00e8tres de semi-remorque en aluminium et de carrosserie de camion en aluminium","isPartOf":{"@id":"https:\/\/metalpie.com\/#website"},"datePublished":"2022-12-20T01:23:39+00:00","dateModified":"2023-02-17T09:08:51+00:00","description":"Nous fournissons des semi-remorques en aluminium et des remorques cargo en aluminium. En tant que fabricant professionnel de carrosseries de camions en aluminium, nous sommes votre premier choix !","breadcrumb":{"@id":"https:\/\/metalpie.com\/ru\/%d0%b0%d0%bb%d1%8e%d0%bc%d0%b8%d0%bd%d0%b8%d0%b5%d0%b2%d1%8b%d0%b5-%d0%b0%d0%b2%d1%82%d0%be%d0%bc%d0%be%d0%b1%d0%b8%d0%bb%d0%b8\/13-75-%d0%bc%d0%b5%d1%82%d1%80%d0%be%d0%b2-%d0%b0%d0%bb%d1%8e%d0%bc%d0%b8%d0%bd%d0%b8%d0%b5%d0%b2%d1%8b%d1%85-%d0%bf%d0%be%d0%bb%d1%83%d0%bf%d1%80%d0%b8%d1%86%d0%b5%d0%bf%d0%be%d0%b2\/#breadcrumb"},"inLanguage":"fr-FR","potentialAction":[{"@type":"ReadAction","target":["https:\/\/metalpie.com\/ru\/%d0%b0%d0%bb%d1%8e%d0%bc%d0%b8%d0%bd%d0%b8%d0%b5%d0%b2%d1%8b%d0%b5-%d0%b0%d0%b2%d1%82%d0%be%d0%bc%d0%be%d0%b1%d0%b8%d0%bb%d0%b8\/13-75-%d0%bc%d0%b5%d1%82%d1%80%d0%be%d0%b2-%d0%b0%d0%bb%d1%8e%d0%bc%d0%b8%d0%bd%d0%b8%d0%b5%d0%b2%d1%8b%d1%85-%d0%bf%d0%be%d0%bb%d1%83%d0%bf%d1%80%d0%b8%d1%86%d0%b5%d0%bf%d0%be%d0%b2\/"]}]},{"@type":"BreadcrumbList","@id":"https:\/\/metalpie.com\/ru\/%d0%b0%d0%bb%d1%8e%d0%bc%d0%b8%d0%bd%d0%b8%d0%b5%d0%b2%d1%8b%d0%b5-%d0%b0%d0%b2%d1%82%d0%be%d0%bc%d0%be%d0%b1%d0%b8%d0%bb%d0%b8\/13-75-%d0%bc%d0%b5%d1%82%d1%80%d0%be%d0%b2-%d0%b0%d0%bb%d1%8e%d0%bc%d0%b8%d0%bd%d0%b8%d0%b5%d0%b2%d1%8b%d1%85-%d0%bf%d0%be%d0%bb%d1%83%d0%bf%d1%80%d0%b8%d1%86%d0%b5%d0%bf%d0%be%d0%b2\/#breadcrumb","itemListElement":[{"@type":"ListItem","position":1,"name":"Home","item":"https:\/\/metalpie.com\/"},{"@type":"ListItem","position":2,"name":"Products","item":"https:\/\/metalpie.com\/shop\/"},{"@type":"ListItem","position":3,"name":"13.75 Meters of Aluminum Semi-trailer"}]},{"@type":"WebSite","@id":"https:\/\/metalpie.com\/#website","url":"https:\/\/metalpie.com\/","name":"METALPIE","description":"Fabrication de pr\u00e9cision des m\u00e9taux | Outils, processus et autres","potentialAction":[{"@type":"SearchAction","target":{"@type":"EntryPoint","urlTemplate":"https:\/\/metalpie.com\/?s={search_term_string}"},"query-input":"required name=search_term_string"}],"inLanguage":"fr-FR"}]}},"_links":{"self":[{"href":"https:\/\/metalpie.com\/fr\/wp-json\/wp\/v2\/product\/3199","targetHints":{"allow":["GET"]}}],"collection":[{"href":"https:\/\/metalpie.com\/fr\/wp-json\/wp\/v2\/product"}],"about":[{"href":"https:\/\/metalpie.com\/fr\/wp-json\/wp\/v2\/types\/product"}],"replies":[{"embeddable":true,"href":"https:\/\/metalpie.com\/fr\/wp-json\/wp\/v2\/comments?post=3199"}],"wp:featuredmedia":[{"embeddable":true,"href":"https:\/\/metalpie.com\/fr\/wp-json\/wp\/v2\/media\/3203"}],"wp:attachment":[{"href":"https:\/\/metalpie.com\/fr\/wp-json\/wp\/v2\/media?parent=3199"}],"wp:term":[{"taxonomy":"product_cat","embeddable":true,"href":"https:\/\/metalpie.com\/fr\/wp-json\/wp\/v2\/product_cat?post=3199"}],"curies":[{"name":"wp","href":"https:\/\/api.w.org\/{rel}","templated":true}]}}