{"id":3183,"date":"2022-12-19T17:08:38","date_gmt":"2022-12-19T09:08:38","guid":{"rendered":"https:\/\/metalpie.com\/?post_type=product&#038;p=3183"},"modified":"2023-02-17T17:23:18","modified_gmt":"2023-02-17T09:23:18","slug":"9-8-metres-de-remorques-cargo-en-aluminium-avec-carenage-arriere","status":"publish","type":"product","link":"https:\/\/metalpie.com\/fr\/vehicules-en-aluminium\/9-8-metres-de-remorques-cargo-en-aluminium-avec-carenage-arriere\/","title":{"rendered":"Remorque cargo tout aluminium de 9,8 m\u00e8tres avec car\u00e9nage arri\u00e8re"},"content":{"rendered":"<section class=\"section\" id=\"section_227281235\">\n\t\t<div class=\"bg section-bg fill bg-fill  bg-loaded\" >\n\n\t\t\t\n\t\t\t\n\t\t\t\n\n\t\t<\/div>\n\n\t\t\n\n\t\t<div class=\"section-content relative\">\n\t\t\t\n<div class=\"row\"  id=\"row-2126761858\">\n\n\t<div id=\"col-636791735\" class=\"col small-12 large-12\"  >\n\t\t\t\t<div class=\"col-inner\"  >\n\t\t\t\n\t\t\t\n<h2>Param\u00e8tres de la remorque cargo tout aluminium<\/h2>\n<table width=\"285\">\n<tbody>\n<tr>\n<td width=\"95\"><strong>Longueur ext\u00e9rieure<\/strong><\/td>\n<td width=\"95\"><strong>Largeur ext\u00e9rieure<\/strong><\/td>\n<td width=\"95\"><strong>Hauteur ext\u00e9rieure<\/strong><\/td>\n<\/tr>\n<tr>\n<td width=\"95\">4190<\/td>\n<td width=\"95\">2150<\/td>\n<td width=\"95\">2325<\/td>\n<\/tr>\n<tr>\n<td width=\"95\"><strong>Longueur int\u00e9rieure<\/strong><\/td>\n<td width=\"95\"><strong>Largeur int\u00e9rieure<\/strong><\/td>\n<td width=\"95\"><strong>Hauteur int\u00e9rieure<\/strong><\/td>\n<\/tr>\n<tr>\n<td width=\"95\">4140<\/td>\n<td width=\"95\">2100<\/td>\n<td width=\"95\">2100<\/td>\n<\/tr>\n<tr>\n<td width=\"95\"><strong>\u00c9paisseur des panneaux lat\u00e9raux<\/strong><\/td>\n<td width=\"95\"><strong>\u00c9paisseur du panneau de porte<\/strong><\/td>\n<td width=\"95\"><strong>Plaque de fond<\/strong><\/td>\n<\/tr>\n<tr>\n<td width=\"95\">20<\/td>\n<td width=\"95\">20<\/td>\n<td width=\"95\">Profil\u00e9s en aluminium<\/td>\n<\/tr>\n<tr>\n<td width=\"95\"><strong>Porte lat\u00e9rale<\/strong><\/td>\n<td width=\"95\"><strong>Porte arri\u00e8re<\/strong><\/td>\n<td width=\"95\"><strong>Serrures<\/strong><\/td>\n<\/tr>\n<tr>\n<td width=\"95\">Portes doubles<\/td>\n<td width=\"95\">Portes doubles<\/td>\n<td width=\"95\">galvanis\u00e9<\/td>\n<\/tr>\n<tr>\n<td width=\"95\"><strong>Poids de la bo\u00eete nue\/kg<\/strong><\/td>\n<td width=\"95\"><strong>Volume\/m\u00b3<\/strong><\/td>\n<td width=\"95\"><strong>Charge nominale\/tonne<\/strong><\/td>\n<\/tr>\n<tr>\n<td width=\"95\">430<\/td>\n<td width=\"95\">18.2<\/td>\n<td width=\"95\">5<\/td>\n<\/tr>\n<\/tbody>\n<\/table>\n<h2>Description<\/h2>\n<p><span data-preserver-spaces=\"true\">Notre soci\u00e9t\u00e9 produit principalement toutes sortes de chariots en alliage d'aluminium. La surface des chariots peut \u00eatre r\u00e9alis\u00e9e en diff\u00e9rentes couleurs, et la taille des chariots peut \u00eatre personnalis\u00e9e en fonction des besoins des clients.<\/span><\/p>\n<p><span data-preserver-spaces=\"true\">Nous disposons d'une \u00e9quipe professionnelle de recherche et d\u00e9veloppement et nous pouvons d\u00e9velopper les produits dont vous avez besoin en fonction de vos besoins.<\/span><\/p>\n<h2>Caract\u00e9ristiques des remorques cargo en aluminium<\/h2>\n<p><span data-preserver-spaces=\"true\">1. Le corps de la bo\u00eete est fabriqu\u00e9 \u00e0 partir de profil\u00e9s d'aluminium \u00e0 haute r\u00e9sistance d\u00e9velopp\u00e9s et produits ind\u00e9pendamment, avec le rivetage, le soudage et le vissage comme principales m\u00e9thodes d'assemblage, compl\u00e9t\u00e9s par le collage, etc ;<\/span><\/p>\n<p><span data-preserver-spaces=\"true\">2. Le pont de la remorque en aluminium adopte une structure assembl\u00e9e de profils en aluminium, qui a une bonne r\u00e9sistance et est facile \u00e0 assembler ;<\/span><\/p>\n<p><span data-preserver-spaces=\"true\">3. Les colonnes, les poutres lat\u00e9rales et d'autres structures sont con\u00e7ues en forme d'arc, ce qui est plus beau et offre moins de r\u00e9sistance au vent ;<\/span><\/p>\n<p><span data-preserver-spaces=\"true\">4. Plaque arri\u00e8re en alliage d'aluminium en option, la taille de la plaque arri\u00e8re est de 2100*1630, et la partie sup\u00e9rieure de la plaque arri\u00e8re est \u00e9quip\u00e9e d'une porte \u00e0 rabat, ce qui est pratique pour le chargement et le d\u00e9chargement.<\/span><\/p>\n\t\t<\/div>\n\t\t\t\t\t<\/div>\n\n\t\n<\/div>\n\t\t<\/div>\n\n\t\t\n<style>\n#section_227281235 {\n  padding-top: 30px;\n  padding-bottom: 30px;\n}\n<\/style>\n\t<\/section>","protected":false},"excerpt":{"rendered":"","protected":false},"featured_media":3184,"comment_status":"closed","ping_status":"closed","template":"","meta":[],"product_cat":[98],"class_list":["post-3183","product","type-product","status-publish","has-post-thumbnail","hentry","product_cat-aluminum-vehicles"],"yoast_head":"<!-- This site is optimized with the Yoast SEO plugin v21.5 - https:\/\/yoast.com\/wordpress\/plugins\/seo\/ -->\n<title>9.8 Meters All Aluminum Cargo Trailers with Rear Fairing<\/title>\n<meta name=\"description\" content=\"We provide all aluminum cargo trailers and other aluminum truck bodies. Contact us to customize cargo trailers for your business!\" \/>\n<meta name=\"robots\" content=\"index, follow, max-snippet:-1, max-image-preview:large, max-video-preview:-1\" \/>\n<link rel=\"canonical\" href=\"https:\/\/metalpie.com\/fr\/vehicules-en-aluminium\/9-8-metres-de-remorques-cargo-en-aluminium-avec-carenage-arriere\/\" \/>\n<meta property=\"og:locale\" content=\"fr_FR\" \/>\n<meta property=\"og:type\" content=\"article\" \/>\n<meta property=\"og:title\" content=\"9.8 Meters All Aluminum Cargo Trailers with Rear Fairing\" \/>\n<meta property=\"og:description\" content=\"We provide all aluminum cargo trailers and other aluminum truck bodies. Contact us to customize cargo trailers for your business!\" \/>\n<meta property=\"og:url\" content=\"https:\/\/metalpie.com\/fr\/vehicules-en-aluminium\/9-8-metres-de-remorques-cargo-en-aluminium-avec-carenage-arriere\/\" \/>\n<meta property=\"og:site_name\" content=\"METALPIE\" \/>\n<meta property=\"article:modified_time\" content=\"2023-02-17T09:23:18+00:00\" \/>\n<meta property=\"og:image\" content=\"https:\/\/metalpie.com\/wp-content\/uploads\/2022\/12\/Aluminum_Cargo_Trailers_with_Rear_Fairing_feature_image.jpg\" \/>\n\t<meta property=\"og:image:width\" content=\"1000\" \/>\n\t<meta property=\"og:image:height\" content=\"750\" \/>\n\t<meta property=\"og:image:type\" content=\"image\/jpeg\" \/>\n<meta name=\"twitter:card\" content=\"summary_large_image\" \/>\n<meta name=\"twitter:label1\" content=\"Dur\u00e9e de lecture estim\u00e9e\" \/>\n\t<meta name=\"twitter:data1\" content=\"1 minute\" \/>\n<script type=\"application\/ld+json\" class=\"yoast-schema-graph\">{\"@context\":\"https:\/\/schema.org\",\"@graph\":[{\"@type\":\"WebPage\",\"@id\":\"https:\/\/metalpie.com\/ru\/%d0%b0%d0%bb%d1%8e%d0%bc%d0%b8%d0%bd%d0%b8%d0%b5%d0%b2%d1%8b%d0%b5-%d0%b0%d0%b2%d1%82%d0%be%d0%bc%d0%be%d0%b1%d0%b8%d0%bb%d0%b8\/9-8-%d0%bc%d0%b5%d1%82%d1%80%d0%be%d0%b2-%d0%b0%d0%bb%d1%8e%d0%bc%d0%b8%d0%bd%d0%b8%d0%b5%d0%b2%d1%8b%d1%85-%d0%b3%d1%80%d1%83%d0%b7%d0%be%d0%b2%d1%8b%d1%85-%d0%bf%d1%80%d0%b8%d1%86%d0%b5%d0%bf%d0%be\/\",\"url\":\"https:\/\/metalpie.com\/ru\/%d0%b0%d0%bb%d1%8e%d0%bc%d0%b8%d0%bd%d0%b8%d0%b5%d0%b2%d1%8b%d0%b5-%d0%b0%d0%b2%d1%82%d0%be%d0%bc%d0%be%d0%b1%d0%b8%d0%bb%d0%b8\/9-8-%d0%bc%d0%b5%d1%82%d1%80%d0%be%d0%b2-%d0%b0%d0%bb%d1%8e%d0%bc%d0%b8%d0%bd%d0%b8%d0%b5%d0%b2%d1%8b%d1%85-%d0%b3%d1%80%d1%83%d0%b7%d0%be%d0%b2%d1%8b%d1%85-%d0%bf%d1%80%d0%b8%d1%86%d0%b5%d0%bf%d0%be\/\",\"name\":\"9.8 Meters All Aluminum Cargo Trailers with Rear Fairing\",\"isPartOf\":{\"@id\":\"https:\/\/metalpie.com\/#website\"},\"datePublished\":\"2022-12-19T09:08:38+00:00\",\"dateModified\":\"2023-02-17T09:23:18+00:00\",\"description\":\"We provide all aluminum cargo trailers and other aluminum truck bodies. Contact us to customize cargo trailers for your business!\",\"breadcrumb\":{\"@id\":\"https:\/\/metalpie.com\/ru\/%d0%b0%d0%bb%d1%8e%d0%bc%d0%b8%d0%bd%d0%b8%d0%b5%d0%b2%d1%8b%d0%b5-%d0%b0%d0%b2%d1%82%d0%be%d0%bc%d0%be%d0%b1%d0%b8%d0%bb%d0%b8\/9-8-%d0%bc%d0%b5%d1%82%d1%80%d0%be%d0%b2-%d0%b0%d0%bb%d1%8e%d0%bc%d0%b8%d0%bd%d0%b8%d0%b5%d0%b2%d1%8b%d1%85-%d0%b3%d1%80%d1%83%d0%b7%d0%be%d0%b2%d1%8b%d1%85-%d0%bf%d1%80%d0%b8%d1%86%d0%b5%d0%bf%d0%be\/#breadcrumb\"},\"inLanguage\":\"fr-FR\",\"potentialAction\":[{\"@type\":\"ReadAction\",\"target\":[\"https:\/\/metalpie.com\/ru\/%d0%b0%d0%bb%d1%8e%d0%bc%d0%b8%d0%bd%d0%b8%d0%b5%d0%b2%d1%8b%d0%b5-%d0%b0%d0%b2%d1%82%d0%be%d0%bc%d0%be%d0%b1%d0%b8%d0%bb%d0%b8\/9-8-%d0%bc%d0%b5%d1%82%d1%80%d0%be%d0%b2-%d0%b0%d0%bb%d1%8e%d0%bc%d0%b8%d0%bd%d0%b8%d0%b5%d0%b2%d1%8b%d1%85-%d0%b3%d1%80%d1%83%d0%b7%d0%be%d0%b2%d1%8b%d1%85-%d0%bf%d1%80%d0%b8%d1%86%d0%b5%d0%bf%d0%be\/\"]}]},{\"@type\":\"BreadcrumbList\",\"@id\":\"https:\/\/metalpie.com\/ru\/%d0%b0%d0%bb%d1%8e%d0%bc%d0%b8%d0%bd%d0%b8%d0%b5%d0%b2%d1%8b%d0%b5-%d0%b0%d0%b2%d1%82%d0%be%d0%bc%d0%be%d0%b1%d0%b8%d0%bb%d0%b8\/9-8-%d0%bc%d0%b5%d1%82%d1%80%d0%be%d0%b2-%d0%b0%d0%bb%d1%8e%d0%bc%d0%b8%d0%bd%d0%b8%d0%b5%d0%b2%d1%8b%d1%85-%d0%b3%d1%80%d1%83%d0%b7%d0%be%d0%b2%d1%8b%d1%85-%d0%bf%d1%80%d0%b8%d1%86%d0%b5%d0%bf%d0%be\/#breadcrumb\",\"itemListElement\":[{\"@type\":\"ListItem\",\"position\":1,\"name\":\"Home\",\"item\":\"https:\/\/metalpie.com\/\"},{\"@type\":\"ListItem\",\"position\":2,\"name\":\"Products\",\"item\":\"https:\/\/metalpie.com\/shop\/\"},{\"@type\":\"ListItem\",\"position\":3,\"name\":\"9.8 Meters All Aluminum Cargo Trailers with Rear Fairing\"}]},{\"@type\":\"WebSite\",\"@id\":\"https:\/\/metalpie.com\/#website\",\"url\":\"https:\/\/metalpie.com\/\",\"name\":\"METALPIE\",\"description\":\"Precision Metal Fabrication | Tools, Processes &amp; More\",\"potentialAction\":[{\"@type\":\"SearchAction\",\"target\":{\"@type\":\"EntryPoint\",\"urlTemplate\":\"https:\/\/metalpie.com\/?s={search_term_string}\"},\"query-input\":\"required name=search_term_string\"}],\"inLanguage\":\"fr-FR\"}]}<\/script>\n<!-- \/ Yoast SEO plugin. -->","yoast_head_json":{"title":"Remorque cargo tout aluminium de 9,8 m\u00e8tres avec car\u00e9nage arri\u00e8re","description":"Nous fournissons des remorques cargo en aluminium et d'autres carrosseries de camion en aluminium. Contactez-nous pour personnaliser les remorques cargo pour votre entreprise !","robots":{"index":"index","follow":"follow","max-snippet":"max-snippet:-1","max-image-preview":"max-image-preview:large","max-video-preview":"max-video-preview:-1"},"canonical":"https:\/\/metalpie.com\/fr\/vehicules-en-aluminium\/9-8-metres-de-remorques-cargo-en-aluminium-avec-carenage-arriere\/","og_locale":"fr_FR","og_type":"article","og_title":"9.8 Meters All Aluminum Cargo Trailers with Rear Fairing","og_description":"We provide all aluminum cargo trailers and other aluminum truck bodies. Contact us to customize cargo trailers for your business!","og_url":"https:\/\/metalpie.com\/fr\/vehicules-en-aluminium\/9-8-metres-de-remorques-cargo-en-aluminium-avec-carenage-arriere\/","og_site_name":"METALPIE","article_modified_time":"2023-02-17T09:23:18+00:00","og_image":[{"width":1000,"height":750,"url":"https:\/\/metalpie.com\/wp-content\/uploads\/2022\/12\/Aluminum_Cargo_Trailers_with_Rear_Fairing_feature_image.jpg","type":"image\/jpeg"}],"twitter_card":"summary_large_image","twitter_misc":{"Dur\u00e9e de lecture estim\u00e9e":"1 minute"},"schema":{"@context":"https:\/\/schema.org","@graph":[{"@type":"WebPage","@id":"https:\/\/metalpie.com\/ru\/%d0%b0%d0%bb%d1%8e%d0%bc%d0%b8%d0%bd%d0%b8%d0%b5%d0%b2%d1%8b%d0%b5-%d0%b0%d0%b2%d1%82%d0%be%d0%bc%d0%be%d0%b1%d0%b8%d0%bb%d0%b8\/9-8-%d0%bc%d0%b5%d1%82%d1%80%d0%be%d0%b2-%d0%b0%d0%bb%d1%8e%d0%bc%d0%b8%d0%bd%d0%b8%d0%b5%d0%b2%d1%8b%d1%85-%d0%b3%d1%80%d1%83%d0%b7%d0%be%d0%b2%d1%8b%d1%85-%d0%bf%d1%80%d0%b8%d1%86%d0%b5%d0%bf%d0%be\/","url":"https:\/\/metalpie.com\/ru\/%d0%b0%d0%bb%d1%8e%d0%bc%d0%b8%d0%bd%d0%b8%d0%b5%d0%b2%d1%8b%d0%b5-%d0%b0%d0%b2%d1%82%d0%be%d0%bc%d0%be%d0%b1%d0%b8%d0%bb%d0%b8\/9-8-%d0%bc%d0%b5%d1%82%d1%80%d0%be%d0%b2-%d0%b0%d0%bb%d1%8e%d0%bc%d0%b8%d0%bd%d0%b8%d0%b5%d0%b2%d1%8b%d1%85-%d0%b3%d1%80%d1%83%d0%b7%d0%be%d0%b2%d1%8b%d1%85-%d0%bf%d1%80%d0%b8%d1%86%d0%b5%d0%bf%d0%be\/","name":"Remorque cargo tout aluminium de 9,8 m\u00e8tres avec car\u00e9nage arri\u00e8re","isPartOf":{"@id":"https:\/\/metalpie.com\/#website"},"datePublished":"2022-12-19T09:08:38+00:00","dateModified":"2023-02-17T09:23:18+00:00","description":"Nous fournissons des remorques cargo en aluminium et d'autres carrosseries de camion en aluminium. Contactez-nous pour personnaliser les remorques cargo pour votre entreprise !","breadcrumb":{"@id":"https:\/\/metalpie.com\/ru\/%d0%b0%d0%bb%d1%8e%d0%bc%d0%b8%d0%bd%d0%b8%d0%b5%d0%b2%d1%8b%d0%b5-%d0%b0%d0%b2%d1%82%d0%be%d0%bc%d0%be%d0%b1%d0%b8%d0%bb%d0%b8\/9-8-%d0%bc%d0%b5%d1%82%d1%80%d0%be%d0%b2-%d0%b0%d0%bb%d1%8e%d0%bc%d0%b8%d0%bd%d0%b8%d0%b5%d0%b2%d1%8b%d1%85-%d0%b3%d1%80%d1%83%d0%b7%d0%be%d0%b2%d1%8b%d1%85-%d0%bf%d1%80%d0%b8%d1%86%d0%b5%d0%bf%d0%be\/#breadcrumb"},"inLanguage":"fr-FR","potentialAction":[{"@type":"ReadAction","target":["https:\/\/metalpie.com\/ru\/%d0%b0%d0%bb%d1%8e%d0%bc%d0%b8%d0%bd%d0%b8%d0%b5%d0%b2%d1%8b%d0%b5-%d0%b0%d0%b2%d1%82%d0%be%d0%bc%d0%be%d0%b1%d0%b8%d0%bb%d0%b8\/9-8-%d0%bc%d0%b5%d1%82%d1%80%d0%be%d0%b2-%d0%b0%d0%bb%d1%8e%d0%bc%d0%b8%d0%bd%d0%b8%d0%b5%d0%b2%d1%8b%d1%85-%d0%b3%d1%80%d1%83%d0%b7%d0%be%d0%b2%d1%8b%d1%85-%d0%bf%d1%80%d0%b8%d1%86%d0%b5%d0%bf%d0%be\/"]}]},{"@type":"BreadcrumbList","@id":"https:\/\/metalpie.com\/ru\/%d0%b0%d0%bb%d1%8e%d0%bc%d0%b8%d0%bd%d0%b8%d0%b5%d0%b2%d1%8b%d0%b5-%d0%b0%d0%b2%d1%82%d0%be%d0%bc%d0%be%d0%b1%d0%b8%d0%bb%d0%b8\/9-8-%d0%bc%d0%b5%d1%82%d1%80%d0%be%d0%b2-%d0%b0%d0%bb%d1%8e%d0%bc%d0%b8%d0%bd%d0%b8%d0%b5%d0%b2%d1%8b%d1%85-%d0%b3%d1%80%d1%83%d0%b7%d0%be%d0%b2%d1%8b%d1%85-%d0%bf%d1%80%d0%b8%d1%86%d0%b5%d0%bf%d0%be\/#breadcrumb","itemListElement":[{"@type":"ListItem","position":1,"name":"Home","item":"https:\/\/metalpie.com\/"},{"@type":"ListItem","position":2,"name":"Products","item":"https:\/\/metalpie.com\/shop\/"},{"@type":"ListItem","position":3,"name":"9.8 Meters All Aluminum Cargo Trailers with Rear Fairing"}]},{"@type":"WebSite","@id":"https:\/\/metalpie.com\/#website","url":"https:\/\/metalpie.com\/","name":"METALPIE","description":"Fabrication de pr\u00e9cision des m\u00e9taux | Outils, processus et autres","potentialAction":[{"@type":"SearchAction","target":{"@type":"EntryPoint","urlTemplate":"https:\/\/metalpie.com\/?s={search_term_string}"},"query-input":"required name=search_term_string"}],"inLanguage":"fr-FR"}]}},"_links":{"self":[{"href":"https:\/\/metalpie.com\/fr\/wp-json\/wp\/v2\/product\/3183","targetHints":{"allow":["GET"]}}],"collection":[{"href":"https:\/\/metalpie.com\/fr\/wp-json\/wp\/v2\/product"}],"about":[{"href":"https:\/\/metalpie.com\/fr\/wp-json\/wp\/v2\/types\/product"}],"replies":[{"embeddable":true,"href":"https:\/\/metalpie.com\/fr\/wp-json\/wp\/v2\/comments?post=3183"}],"wp:featuredmedia":[{"embeddable":true,"href":"https:\/\/metalpie.com\/fr\/wp-json\/wp\/v2\/media\/3184"}],"wp:attachment":[{"href":"https:\/\/metalpie.com\/fr\/wp-json\/wp\/v2\/media?parent=3183"}],"wp:term":[{"taxonomy":"product_cat","embeddable":true,"href":"https:\/\/metalpie.com\/fr\/wp-json\/wp\/v2\/product_cat?post=3183"}],"curies":[{"name":"wp","href":"https:\/\/api.w.org\/{rel}","templated":true}]}}