{"id":2773,"date":"2022-10-09T13:28:02","date_gmt":"2022-10-09T05:28:02","guid":{"rendered":"https:\/\/metalpie.com\/?post_type=product&#038;p=2773"},"modified":"2023-02-17T14:52:09","modified_gmt":"2023-02-17T06:52:09","slug":"es116-porte-coulissante","status":"publish","type":"product","link":"https:\/\/metalpie.com\/fr\/fenetres-en-aluminium-portes\/es116-porte-coulissante\/","title":{"rendered":"ES116 Porte coulissante en verre en aluminium"},"content":{"rendered":"<section class=\"section\" id=\"section_289318179\">\n\t\t<div class=\"bg section-bg fill bg-fill  bg-loaded\" >\n\n\t\t\t\n\t\t\t\n\t\t\t\n\n\t\t<\/div>\n\n\t\t\n\n\t\t<div class=\"section-content relative\">\n\t\t\t\n<div class=\"row\"  id=\"row-1402316659\">\n\n\t<div id=\"col-399267212\" class=\"col small-12 large-12\"  >\n\t\t\t\t<div class=\"col-inner\"  >\n\t\t\t\n\t\t\t\n<h2><span data-preserver-spaces=\"true\">ES116 Porte coulissante en aluminium Description<\/span><\/h2>\n<p><span data-preserver-spaces=\"true\">ES116 est l'une des portes coulissantes en aluminium les plus vendues. La porte comporte deux grandes pi\u00e8ces de verre. Les cadres en aluminium n'occupent qu'une petite partie de la porte. Elle convient donc parfaitement \u00e0 ceux qui recherchent une bonne luminosit\u00e9. Pour les maisons, vous pouvez l'installer sur votre balcon comme une cloison entre les pi\u00e8ces et le balcon. Vous pouvez \u00e9galement l'installer dans la salle de bains pour la s\u00e9parer. Nous prenons en charge la personnalisation, de sorte que nous pouvons changer le verre de la porte en verre d\u00e9poli, mieux utilis\u00e9 dans une salle de bains. De m\u00eame, la couleur peut \u00eatre choisie. Vous pouvez nous faire part de votre id\u00e9e. Nous vous fournirons une porte coulissante fantastique.\u00a0<\/span><\/p>\n<h2>Quincaillerie de porte en aluminium<\/h2>\n<ul>\n<li>Poign\u00e9e de porte de bonne qualit\u00e9. Elle est fabriqu\u00e9e dans un mat\u00e9riau de haute qualit\u00e9. Vous n'avez donc pas \u00e0 vous inqui\u00e9ter si elle se casse ou se d\u00e9tache facilement. Le rev\u00eatement de la surface ne s'enl\u00e8ve pas non plus gr\u00e2ce \u00e0 un processus sp\u00e9cial.<\/li>\n<li>Charni\u00e8re de porte. D'excellentes charni\u00e8res de porte sont solides et r\u00e9sistantes \u00e0 l'usure.<\/li>\n<\/ul>\n<h2 class=\"okr-block-clipboard lark-doc\" data-okr=\"%7B%22okrDelta%22%3A%5B%7B%22lineType%22%3A%22text%22%2C%22lineOptions%22%3A%7B%7D%2C%22lineContent%22%3A%5B%7B%22opType%22%3A%22text%22%2C%22options%22%3A%7B%22text%22%3A%22Color%20%26%20Size%22%7D%7D%5D%7D%2C%7B%22lineType%22%3A%22text%22%2C%22lineOptions%22%3A%7B%7D%2C%22lineContent%22%3A%5B%7B%22opType%22%3A%22text%22%2C%22options%22%3A%7B%22text%22%3A%22We%20use%20five%20processes%20powder%20coating%2C%20PVDF%20coating%2C%20wood%20grain%2C%20anodized%2C%20and%20electrophoresis%20to%20color%20aluminum%20window%20frames.%20Custom%20colors%20and%20sizes%20are%20also%20available.%22%7D%7D%5D%7D%5D%2C%22businessKey%22%3A%22lark-doc%22%7D\"><span style=\"font-size: 23.04px;\">Couleur et taille<\/span><\/h2>\n<div data-zone-id=\"grpfj1bsuo\" data-line-index=\"1\">Nous utilisons cinq proc\u00e9d\u00e9s : le rev\u00eatement par poudre, le rev\u00eatement PVDF, le grain de bois, l'anodisation et l'\u00e9lectrophor\u00e8se pour colorer les cadres de fen\u00eatres en aluminium. Des couleurs et des tailles personnalis\u00e9es sont \u00e9galement disponibles.<\/div>\n<div data-zone-id=\"grpfj1bsuo\" data-line-index=\"1\"><\/div>\n<div data-zone-id=\"grpfj1bsuo\" data-line-index=\"1\">\n<h2>Caract\u00e9ristiques<\/h2>\n<ul>\n<li><span data-preserver-spaces=\"true\">Grande surface d'ouverture et vue \u00e9tendue<\/span><\/li>\n<li><span data-preserver-spaces=\"true\">Moins de profils et un traitement simple<\/span><\/li>\n<li><span data-preserver-spaces=\"true\">Ne pas occuper l'espace int\u00e9rieur apr\u00e8s ouverture.<\/span><\/li>\n<li><span data-preserver-spaces=\"true\">Les billes de verre \u00e0 l'int\u00e9rieur rendent la fen\u00eatre s\u00fbre et solide\u3002<\/span><\/li>\n<li><span data-preserver-spaces=\"true\">Conception \u00e0 encoche conforme \u00e0 la norme europ\u00e9enne, mat\u00e9riel \u00e0 forte compatibilit\u00e9.<\/span><\/li>\n<li><span data-preserver-spaces=\"true\">Conception d'\u00e9tanch\u00e9it\u00e9 \u00e0 canaux multiples, assurant une \u00e9tanch\u00e9it\u00e9 parfaite.<\/span><\/li>\n<li><span data-preserver-spaces=\"true\">Elle peut \u00eatre utilis\u00e9e comme porte int\u00e9rieure ou ext\u00e9rieure.<\/span><\/li>\n<\/ul>\n<\/div>\n<div data-zone-id=\"grpfj1bsuo\" data-line-index=\"1\"><\/div>\n\t\t<\/div>\n\t\t\t\t\t<\/div>\n\n\t\n<\/div>\n\t\t<\/div>\n\n\t\t\n<style>\n#section_289318179 {\n  padding-top: 30px;\n  padding-bottom: 30px;\n}\n<\/style>\n\t<\/section>\n\t\n\t<section class=\"section\" id=\"section_590614756\">\n\t\t<div class=\"bg section-bg fill bg-fill  bg-loaded\" >\n\n\t\t\t\n\t\t\t\n\t\t\t\n\n\t\t<\/div>\n\n\t\t\t<div class=\"ux-shape-divider ux-shape-divider--top ux-shape-divider--style-curve-opacity\">\n\t\t<svg viewbox=\"0 0 1000 100\" xmlns=\"http:\/\/www.w3.org\/2000\/svg\" preserveaspectratio=\"none\">\n\t\t<path class=\"ux-shape-fill\" opacity=\"0.15\" d=\"M0 14C0 14 88.64 17.48 300 50C560 90 814 77 1003 40L1015 68L1018 104H0V14Z\"\/>\n\t\t<path class=\"ux-shape-fill\" opacity=\"0.3\" d=\"M0 45C0 45 271 90.13 500 77C657 68 830 30 1015 14V100H0V45Z\"\/>\n\t\t<path class=\"ux-shape-fill\" d=\"M0 58C0 58 188.29 90 508 90C798 90 1002 55 1002 55V100H0V58Z\"\/>\n<\/svg>\n\t<\/div>\n\n\n\t\t<div class=\"section-content relative\">\n\t\t\t\n<div class=\"is-divider divider clearfix\" style=\"margin-top:0px;margin-bottom:0px;max-width:0px;height:30px;\"><\/div>\n<div class=\"row row-collapse align-middle\"  id=\"row-1033323952\">\n\n\t<div id=\"col-1266919340\" class=\"col medium-6 small-12 large-6\"  >\n\t\t\t\t<div class=\"col-inner\"  >\n\t\t\t\n\t\t\t\n<div class=\"row row-small align-middle\"  id=\"row-1644314184\">\n\n\t<div id=\"col-1481814059\" class=\"col medium-7 small-12 large-7\"  >\n\t\t\t\t<div class=\"col-inner\"  >\n\t\t\t\n\t\t\t\n\t<div class=\"img has-hover x md-x lg-x y md-y lg-y\" id=\"image_350243016\">\n\t\t\t\t\t\t\t\t<div class=\"img-inner dark\" >\n\t\t\t<img loading=\"lazy\" decoding=\"async\" width=\"532\" height=\"366\" src=\"https:\/\/metalpie.com\/wp-content\/uploads\/2022\/09\/block_Universal_products_bottom_001.1image.jpg.webp\" class=\"attachment-original size-original\" alt=\"\" srcset=\"https:\/\/metalpie.com\/wp-content\/uploads\/2022\/09\/block_Universal_products_bottom_001.1image.jpg.webp 532w, https:\/\/metalpie.com\/wp-content\/uploads\/2022\/09\/block_Universal_products_bottom_001.1image.jpg-300x206.webp 300w\" sizes=\"auto, (max-width: 532px) 100vw, 532px\" \/>\t\t\t\t\t\t\n\t\t\t\t\t<\/div>\n\t\t\t\t\t\t\t\t\n<style>\n#image_350243016 {\n  width: 100%;\n}\n<\/style>\n\t<\/div>\n\t\n\t\t<\/div>\n\t\t\t\t\t<\/div>\n\n\t\n\n\t<div id=\"col-1536367411\" class=\"col medium-5 small-12 large-5\"  >\n\t\t\t\t<div class=\"col-inner\"  >\n\t\t\t\n\t\t\t\n\t<div id=\"text-126398396\" class=\"text\">\n\t\t\n<h5>Performance en mati\u00e8re d'\u00e9tanch\u00e9it\u00e9 \u00e0 l'air<\/h5>\n\t\t\n<style>\n#text-126398396 {\n  text-align: center;\n}\n@media (min-width:550px) {\n  #text-126398396 {\n    text-align: left;\n  }\n}\n<\/style>\n\t<\/div>\n\t\n\t<div id=\"text-4048219276\" class=\"text\">\n\t\t\n<p><b>Niveau 5<\/b><\/p>\n\t\t\n<style>\n#text-4048219276 {\n  text-align: center;\n}\n@media (min-width:550px) {\n  #text-4048219276 {\n    text-align: left;\n  }\n}\n<\/style>\n\t<\/div>\n\t\n\t\t<\/div>\n\t\t\t\t\t<\/div>\n\n\t\n<\/div>\n\t\t<\/div>\n\t\t\t\t\t<\/div>\n\n\t\n\n\t<div id=\"col-1479420473\" class=\"col medium-6 small-12 large-6\"  >\n\t\t\t\t<div class=\"col-inner\"  >\n\t\t\t\n\t\t\t\n<div class=\"row row-small align-middle\"  id=\"row-972668714\">\n\n\t<div id=\"col-282694102\" class=\"col medium-7 small-12 large-7\"  >\n\t\t\t\t<div class=\"col-inner\"  >\n\t\t\t\n\t\t\t\n\t<div class=\"img has-hover x md-x lg-x y md-y lg-y\" id=\"image_248579384\">\n\t\t\t\t\t\t\t\t<div class=\"img-inner dark\" >\n\t\t\t<img loading=\"lazy\" decoding=\"async\" width=\"534\" height=\"368\" src=\"https:\/\/metalpie.com\/wp-content\/uploads\/2022\/09\/block_Universal_products_bottom_002.2image.jpg.webp\" class=\"attachment-original size-original\" alt=\"\" srcset=\"https:\/\/metalpie.com\/wp-content\/uploads\/2022\/09\/block_Universal_products_bottom_002.2image.jpg.webp 534w, https:\/\/metalpie.com\/wp-content\/uploads\/2022\/09\/block_Universal_products_bottom_002.2image.jpg-300x207.webp 300w\" sizes=\"auto, (max-width: 534px) 100vw, 534px\" \/>\t\t\t\t\t\t\n\t\t\t\t\t<\/div>\n\t\t\t\t\t\t\t\t\n<style>\n#image_248579384 {\n  width: 100%;\n}\n<\/style>\n\t<\/div>\n\t\n\t\t<\/div>\n\t\t\t\t\t<\/div>\n\n\t\n\n\t<div id=\"col-491818126\" class=\"col medium-5 small-12 large-5\"  >\n\t\t\t\t<div class=\"col-inner\"  >\n\t\t\t\n\t\t\t\n\t<div id=\"text-3797471918\" class=\"text\">\n\t\t\n<h5>R\u00e9sistance \u00e0 la pression du vent<\/h5>\n\t\t\n<style>\n#text-3797471918 {\n  text-align: center;\n}\n@media (min-width:550px) {\n  #text-3797471918 {\n    text-align: left;\n  }\n}\n<\/style>\n\t<\/div>\n\t\n\t<div id=\"text-1535003807\" class=\"text\">\n\t\t\n<p><strong>Niveau 9<\/strong><\/p>\n\t\t\n<style>\n#text-1535003807 {\n  text-align: center;\n}\n@media (min-width:550px) {\n  #text-1535003807 {\n    text-align: left;\n  }\n}\n<\/style>\n\t<\/div>\n\t\n\t\t<\/div>\n\t\t\t\t\t<\/div>\n\n\t\n<\/div>\n\t\t<\/div>\n\t\t\t\t\t<\/div>\n\n\t\n\n\t<div id=\"col-2062117704\" class=\"col medium-6 small-12 large-6\"  >\n\t\t\t\t<div class=\"col-inner\"  >\n\t\t\t\n\t\t\t\n<div class=\"row row-small align-middle\"  id=\"row-743197871\">\n\n\t<div id=\"col-995561745\" class=\"col medium-7 small-12 large-7\"  >\n\t\t\t\t<div class=\"col-inner\"  >\n\t\t\t\n\t\t\t\n\t<div class=\"img has-hover x md-x lg-x y md-y lg-y\" id=\"image_1614927003\">\n\t\t\t\t\t\t\t\t<div class=\"img-inner dark\" >\n\t\t\t<img loading=\"lazy\" decoding=\"async\" width=\"531\" height=\"366\" src=\"https:\/\/metalpie.com\/wp-content\/uploads\/2022\/09\/block_Universal_products_bottom_003.3image.jpg.webp\" class=\"attachment-original size-original\" alt=\"\" srcset=\"https:\/\/metalpie.com\/wp-content\/uploads\/2022\/09\/block_Universal_products_bottom_003.3image.jpg.webp 531w, https:\/\/metalpie.com\/wp-content\/uploads\/2022\/09\/block_Universal_products_bottom_003.3image.jpg-300x207.webp 300w\" sizes=\"auto, (max-width: 531px) 100vw, 531px\" \/>\t\t\t\t\t\t\n\t\t\t\t\t<\/div>\n\t\t\t\t\t\t\t\t\n<style>\n#image_1614927003 {\n  width: 100%;\n}\n<\/style>\n\t<\/div>\n\t\n\t\t<\/div>\n\t\t\t\t\t<\/div>\n\n\t\n\n\t<div id=\"col-438466161\" class=\"col medium-5 small-12 large-5\"  >\n\t\t\t\t<div class=\"col-inner\"  >\n\t\t\t\n\t\t\t\n\t<div id=\"text-1266493796\" class=\"text\">\n\t\t\n<h5>Performance d'\u00e9tanch\u00e9it\u00e9<\/h5>\n\t\t\n<style>\n#text-1266493796 {\n  text-align: center;\n}\n@media (min-width:550px) {\n  #text-1266493796 {\n    text-align: left;\n  }\n}\n<\/style>\n\t<\/div>\n\t\n\t<div id=\"text-1522548628\" class=\"text\">\n\t\t\n<p><strong>Niveau 3<\/strong><\/p>\n\t\t\n<style>\n#text-1522548628 {\n  text-align: center;\n}\n@media (min-width:550px) {\n  #text-1522548628 {\n    text-align: left;\n  }\n}\n<\/style>\n\t<\/div>\n\t\n\t\t<\/div>\n\t\t\t\t\t<\/div>\n\n\t\n<\/div>\n\t\t<\/div>\n\t\t\t\t\t<\/div>\n\n\t\n\n\t<div id=\"col-1906136152\" class=\"col medium-6 small-12 large-6\"  >\n\t\t\t\t<div class=\"col-inner\"  >\n\t\t\t\n\t\t\t\n<div class=\"row row-small align-middle\"  id=\"row-730177926\">\n\n\t<div id=\"col-538946452\" class=\"col medium-7 small-12 large-7\"  >\n\t\t\t\t<div class=\"col-inner\"  >\n\t\t\t\n\t\t\t\n\t<div class=\"img has-hover x md-x lg-x y md-y lg-y\" id=\"image_2016734397\">\n\t\t\t\t\t\t\t\t<div class=\"img-inner dark\" >\n\t\t\t<img loading=\"lazy\" decoding=\"async\" width=\"531\" height=\"365\" src=\"https:\/\/metalpie.com\/wp-content\/uploads\/2022\/09\/block_Universal_products_bottom_004.4image.jpg.webp\" class=\"attachment-original size-original\" alt=\"\" srcset=\"https:\/\/metalpie.com\/wp-content\/uploads\/2022\/09\/block_Universal_products_bottom_004.4image.jpg.webp 531w, https:\/\/metalpie.com\/wp-content\/uploads\/2022\/09\/block_Universal_products_bottom_004.4image.jpg-300x206.webp 300w\" sizes=\"auto, (max-width: 531px) 100vw, 531px\" \/>\t\t\t\t\t\t\n\t\t\t\t\t<\/div>\n\t\t\t\t\t\t\t\t\n<style>\n#image_2016734397 {\n  width: 100%;\n}\n<\/style>\n\t<\/div>\n\t\n\t\t<\/div>\n\t\t\t\t\t<\/div>\n\n\t\n\n\t<div id=\"col-1771643669\" class=\"col medium-5 small-12 large-5\"  >\n\t\t\t\t<div class=\"col-inner\"  >\n\t\t\t\n\t\t\t\n\t<div id=\"text-3101128386\" class=\"text\">\n\t\t\n<h5>Performance de l'isolation<\/h5>\n\t\t\n<style>\n#text-3101128386 {\n  text-align: center;\n}\n@media (min-width:550px) {\n  #text-3101128386 {\n    text-align: left;\n  }\n}\n<\/style>\n\t<\/div>\n\t\n\t<div id=\"text-1525696347\" class=\"text\">\n\t\t\n<p>K=2,2~ 2,8W\/(\u33a1.K)<\/p>\n\t\t\n<style>\n#text-1525696347 {\n  text-align: center;\n}\n@media (min-width:550px) {\n  #text-1525696347 {\n    text-align: left;\n  }\n}\n<\/style>\n\t<\/div>\n\t\n\t\t<\/div>\n\t\t\t\t\t<\/div>\n\n\t\n<\/div>\n\t\t<\/div>\n\t\t\t\t\t<\/div>\n\n\t\n\n<style>\n#row-1033323952 > .col > .col-inner {\n  padding: 0px 20px 0px 20px;\n}\n<\/style>\n<\/div>\n\t\t<\/div>\n\n\t\t\n<style>\n#section_590614756 {\n  padding-top: 0px;\n  padding-bottom: 0px;\n  background-color: rgb(245, 245, 245);\n}\n#section_590614756 .ux-shape-divider--top svg {\n  height: 143px;\n  --divider-top-width: 100%;\n}\n<\/style>\n\t<\/section>\n\t\n\t<section class=\"section\" id=\"section_1012695092\">\n\t\t<div class=\"bg section-bg fill bg-fill  bg-loaded\" >\n\n\t\t\t\n\t\t\t\n\t\t\t\n\n\t\t<\/div>\n\n\t\t\n\n\t\t<div class=\"section-content relative\">\n\t\t\t\n<div class=\"row\"  id=\"row-1200613206\">\n\n\t<div id=\"col-1139316967\" class=\"col small-12 large-12\"  >\n\t\t\t\t<div class=\"col-inner\"  >\n\t\t\t\n\t\t\t\n<h2>Domaines d'application de la porte coulissante en aluminium ES116<\/h2>\n<ul>\n<li>L'\u00e9tude<\/li>\n<li>Centres commerciaux<\/li>\n<li>Villas<\/li>\n<li>Immeubles de bureaux<\/li>\n<\/ul>\n\t\t<\/div>\n\t\t\t\t\t<\/div>\n\n\t\n<\/div>\n\t\t<\/div>\n\n\t\t\n<style>\n#section_1012695092 {\n  padding-top: 30px;\n  padding-bottom: 30px;\n}\n<\/style>\n\t<\/section>\n\t\n\t<section class=\"section\" id=\"section_1191733758\">\n\t\t<div class=\"bg section-bg fill bg-fill  bg-loaded\" >\n\n\t\t\t\n\t\t\t<div class=\"section-bg-overlay absolute fill\"><\/div>\n\t\t\t\n\n\t\t<\/div>\n\n\t\t\n\n\t\t<div class=\"section-content relative\">\n\t\t\t\n<div class=\"is-divider divider clearfix\" style=\"margin-top:0.0em;margin-bottom:0.0em;max-width:0px;height:20px;\"><\/div>\n<div class=\"row row-large align-middle\"  id=\"row-1388164839\">\n\n\t<div id=\"col-14932196\" class=\"col medium-6 small-12 large-6\"  >\n\t\t\t\t<div class=\"col-inner\"  >\n\t\t\t\n\t\t\t\n\t<div class=\"img has-hover x md-x lg-x y md-y lg-y\" id=\"image_266393637\">\n\t\t\t\t\t\t\t\t<div class=\"img-inner dark\" >\n\t\t\t<img loading=\"lazy\" decoding=\"async\" width=\"1000\" height=\"1000\" src=\"https:\/\/metalpie.com\/wp-content\/uploads\/2022\/11\/ES_116.webp\" class=\"attachment-large size-large\" alt=\"ES116 porte coulissante en aluminium \u00e9chantillon\" srcset=\"https:\/\/metalpie.com\/wp-content\/uploads\/2022\/11\/ES_116.webp 1000w, https:\/\/metalpie.com\/wp-content\/uploads\/2022\/11\/ES_116-300x300.webp 300w, https:\/\/metalpie.com\/wp-content\/uploads\/2022\/11\/ES_116-80x80.webp 80w, https:\/\/metalpie.com\/wp-content\/uploads\/2022\/11\/ES_116-768x768.webp 768w, https:\/\/metalpie.com\/wp-content\/uploads\/2022\/11\/ES_116-500x500.webp 500w, https:\/\/metalpie.com\/wp-content\/uploads\/2022\/11\/ES_116-800x800.webp 800w, https:\/\/metalpie.com\/wp-content\/uploads\/2022\/11\/ES_116-100x100.webp 100w\" sizes=\"auto, (max-width: 1000px) 100vw, 1000px\" \/>\t\t\t\t\t\t\n\t\t\t\t\t<\/div>\n\t\t\t\t\t\t\t\t\n<style>\n#image_266393637 {\n  width: 100%;\n}\n<\/style>\n\t<\/div>\n\t\n\t\t<\/div>\n\t\t\t\t\t<\/div>\n\n\t\n\n\t<div id=\"col-1685115250\" class=\"col medium-6 small-12 large-6\"  >\n\t\t\t\t<div class=\"col-inner text-left\"  >\n\t\t\t\n\t\t\t\n<h2><span data-preserver-spaces=\"true\">ES116 \u00c9chantillon de porte coulissante en aluminium<\/span><\/h2>\n<p><span data-preserver-spaces=\"true\">Sur la photo, vous pouvez voir qu'il y a deux morceaux de verre pour la porte coulissante en aluminium ES116. Nous ajoutons une rupture de pont thermique au d\u00e9part du cadre de la porte en aluminium pour une meilleure isolation thermique. Il s'agit d'un mod\u00e8le populaire de porte en aluminium \u00e0 pont bris\u00e9. Si vous voulez un \u00e9chantillon de porte, n'h\u00e9sitez pas \u00e0 nous contacter !<\/span><\/p>\n<p><strong>Sp\u00e9cifications :<\/strong><\/p>\n<ul>\n<li><span data-preserver-spaces=\"true\">Profondeur du cadre : 116 mm<\/span><\/li>\n<li><span data-preserver-spaces=\"true\">Rupture thermique : 15mm\/18.6mm<\/span><\/li>\n<li><span data-preserver-spaces=\"true\">Profondeur du ventilateur : 52 mm<\/span><\/li>\n<li><span data-preserver-spaces=\"true\">Rupture thermique : 15 mm<\/span><\/li>\n<\/ul>\n\t\t<\/div>\n\t\t\t\t\t<\/div>\n\n\t\n\n<style>\n#row-1388164839 > .col > .col-inner {\n  padding: 0px 20px 0px 20px;\n}\n<\/style>\n<\/div>\n\t\t<\/div>\n\n\t\t\n<style>\n#section_1191733758 {\n  padding-top: 0px;\n  padding-bottom: 0px;\n  background-color: rgb(193, 193, 193);\n}\n#section_1191733758 .section-bg-overlay {\n  background-color: rgba(255, 255, 255, 0.85);\n}\n<\/style>\n\t<\/section>","protected":false},"excerpt":{"rendered":"<p>La porte pliante ES116 est un style simple qui peut \u00eatre appliqu\u00e9 \u00e0 la porte de la cuisine, au balcon, \u00e0 la salle de r\u00e9union, etc. Cette porte pliante donne \u00e0 votre pi\u00e8ce un aspect beaucoup plus propre et ordonn\u00e9.<\/p>","protected":false},"featured_media":2774,"comment_status":"closed","ping_status":"closed","template":"","meta":[],"product_cat":[15],"class_list":["post-2773","product","type-product","status-publish","has-post-thumbnail","hentry","product_cat-aluminum-windows-doors"],"yoast_head":"<!-- This site is optimized with the Yoast SEO plugin v21.5 - https:\/\/yoast.com\/wordpress\/plugins\/seo\/ -->\n<title>ES116 Sliding Door | Aluminum Sliding Glass Doors- METALPIE<\/title>\n<meta name=\"description\" content=\"ES116 sliding door is suitable for home, hotel, and company, including kitchen, balcony, bathroom, and meeting room... We can customize the size you want.\" \/>\n<meta name=\"robots\" content=\"index, follow, max-snippet:-1, max-image-preview:large, max-video-preview:-1\" \/>\n<link rel=\"canonical\" href=\"https:\/\/metalpie.com\/fr\/fenetres-en-aluminium-portes\/es116-porte-coulissante\/\" \/>\n<meta property=\"og:locale\" content=\"fr_FR\" \/>\n<meta property=\"og:type\" content=\"article\" \/>\n<meta property=\"og:title\" content=\"ES116 Sliding Door | Aluminum Sliding Glass Doors- METALPIE\" \/>\n<meta property=\"og:description\" content=\"ES116 sliding door is suitable for home, hotel, and company, including kitchen, balcony, bathroom, and meeting room... We can customize the size you want.\" \/>\n<meta property=\"og:url\" content=\"https:\/\/metalpie.com\/fr\/fenetres-en-aluminium-portes\/es116-porte-coulissante\/\" \/>\n<meta property=\"og:site_name\" content=\"METALPIE\" \/>\n<meta property=\"article:modified_time\" content=\"2023-02-17T06:52:09+00:00\" \/>\n<meta property=\"og:image\" content=\"https:\/\/metalpie.com\/wp-content\/uploads\/2022\/10\/ES116_sliding_door_001image.webp\" \/>\n\t<meta property=\"og:image:width\" content=\"1000\" \/>\n\t<meta property=\"og:image:height\" content=\"1000\" \/>\n\t<meta property=\"og:image:type\" content=\"image\/webp\" \/>\n<meta name=\"twitter:card\" content=\"summary_large_image\" \/>\n<meta name=\"twitter:label1\" content=\"Dur\u00e9e de lecture estim\u00e9e\" \/>\n\t<meta name=\"twitter:data1\" content=\"3 minutes\" \/>\n<script type=\"application\/ld+json\" class=\"yoast-schema-graph\">{\"@context\":\"https:\/\/schema.org\",\"@graph\":[{\"@type\":\"WebPage\",\"@id\":\"https:\/\/metalpie.com\/aluminum-windows-doors\/es116-sliding-door\/\",\"url\":\"https:\/\/metalpie.com\/aluminum-windows-doors\/es116-sliding-door\/\",\"name\":\"ES116 Sliding Door | Aluminum Sliding Glass Doors- METALPIE\",\"isPartOf\":{\"@id\":\"https:\/\/metalpie.com\/#website\"},\"datePublished\":\"2022-10-09T05:28:02+00:00\",\"dateModified\":\"2023-02-17T06:52:09+00:00\",\"description\":\"ES116 sliding door is suitable for home, hotel, and company, including kitchen, balcony, bathroom, and meeting room... We can customize the size you want.\",\"breadcrumb\":{\"@id\":\"https:\/\/metalpie.com\/aluminum-windows-doors\/es116-sliding-door\/#breadcrumb\"},\"inLanguage\":\"fr-FR\",\"potentialAction\":[{\"@type\":\"ReadAction\",\"target\":[\"https:\/\/metalpie.com\/aluminum-windows-doors\/es116-sliding-door\/\"]}]},{\"@type\":\"BreadcrumbList\",\"@id\":\"https:\/\/metalpie.com\/aluminum-windows-doors\/es116-sliding-door\/#breadcrumb\",\"itemListElement\":[{\"@type\":\"ListItem\",\"position\":1,\"name\":\"Home\",\"item\":\"https:\/\/metalpie.com\/\"},{\"@type\":\"ListItem\",\"position\":2,\"name\":\"Products\",\"item\":\"https:\/\/metalpie.com\/shop\/\"},{\"@type\":\"ListItem\",\"position\":3,\"name\":\"ES116 Aluminum Sliding Glass Door\"}]},{\"@type\":\"WebSite\",\"@id\":\"https:\/\/metalpie.com\/#website\",\"url\":\"https:\/\/metalpie.com\/\",\"name\":\"METALPIE\",\"description\":\"Precision Metal Fabrication | Tools, Processes &amp; More\",\"potentialAction\":[{\"@type\":\"SearchAction\",\"target\":{\"@type\":\"EntryPoint\",\"urlTemplate\":\"https:\/\/metalpie.com\/?s={search_term_string}\"},\"query-input\":\"required name=search_term_string\"}],\"inLanguage\":\"fr-FR\"}]}<\/script>\n<!-- \/ Yoast SEO plugin. -->","yoast_head_json":{"title":"ES116 Porte coulissante en aluminium - METALPIE","description":"La porte coulissante ES116 convient \u00e0 la maison, \u00e0 l'h\u00f4tel et \u00e0 l'entreprise, y compris la cuisine, le balcon, la salle de bain et la salle de r\u00e9union... Nous pouvons personnaliser la taille que vous souhaitez.","robots":{"index":"index","follow":"follow","max-snippet":"max-snippet:-1","max-image-preview":"max-image-preview:large","max-video-preview":"max-video-preview:-1"},"canonical":"https:\/\/metalpie.com\/fr\/fenetres-en-aluminium-portes\/es116-porte-coulissante\/","og_locale":"fr_FR","og_type":"article","og_title":"ES116 Sliding Door | Aluminum Sliding Glass Doors- METALPIE","og_description":"ES116 sliding door is suitable for home, hotel, and company, including kitchen, balcony, bathroom, and meeting room... We can customize the size you want.","og_url":"https:\/\/metalpie.com\/fr\/fenetres-en-aluminium-portes\/es116-porte-coulissante\/","og_site_name":"METALPIE","article_modified_time":"2023-02-17T06:52:09+00:00","og_image":[{"width":1000,"height":1000,"url":"https:\/\/metalpie.com\/wp-content\/uploads\/2022\/10\/ES116_sliding_door_001image.webp","type":"image\/webp"}],"twitter_card":"summary_large_image","twitter_misc":{"Dur\u00e9e de lecture estim\u00e9e":"3 minutes"},"schema":{"@context":"https:\/\/schema.org","@graph":[{"@type":"WebPage","@id":"https:\/\/metalpie.com\/aluminum-windows-doors\/es116-sliding-door\/","url":"https:\/\/metalpie.com\/aluminum-windows-doors\/es116-sliding-door\/","name":"ES116 Porte coulissante en aluminium - METALPIE","isPartOf":{"@id":"https:\/\/metalpie.com\/#website"},"datePublished":"2022-10-09T05:28:02+00:00","dateModified":"2023-02-17T06:52:09+00:00","description":"La porte coulissante ES116 convient \u00e0 la maison, \u00e0 l'h\u00f4tel et \u00e0 l'entreprise, y compris la cuisine, le balcon, la salle de bain et la salle de r\u00e9union... Nous pouvons personnaliser la taille que vous souhaitez.","breadcrumb":{"@id":"https:\/\/metalpie.com\/aluminum-windows-doors\/es116-sliding-door\/#breadcrumb"},"inLanguage":"fr-FR","potentialAction":[{"@type":"ReadAction","target":["https:\/\/metalpie.com\/aluminum-windows-doors\/es116-sliding-door\/"]}]},{"@type":"BreadcrumbList","@id":"https:\/\/metalpie.com\/aluminum-windows-doors\/es116-sliding-door\/#breadcrumb","itemListElement":[{"@type":"ListItem","position":1,"name":"Home","item":"https:\/\/metalpie.com\/"},{"@type":"ListItem","position":2,"name":"Products","item":"https:\/\/metalpie.com\/shop\/"},{"@type":"ListItem","position":3,"name":"ES116 Aluminum Sliding Glass Door"}]},{"@type":"WebSite","@id":"https:\/\/metalpie.com\/#website","url":"https:\/\/metalpie.com\/","name":"METALPIE","description":"Fabrication de pr\u00e9cision des m\u00e9taux | Outils, processus et autres","potentialAction":[{"@type":"SearchAction","target":{"@type":"EntryPoint","urlTemplate":"https:\/\/metalpie.com\/?s={search_term_string}"},"query-input":"required name=search_term_string"}],"inLanguage":"fr-FR"}]}},"_links":{"self":[{"href":"https:\/\/metalpie.com\/fr\/wp-json\/wp\/v2\/product\/2773","targetHints":{"allow":["GET"]}}],"collection":[{"href":"https:\/\/metalpie.com\/fr\/wp-json\/wp\/v2\/product"}],"about":[{"href":"https:\/\/metalpie.com\/fr\/wp-json\/wp\/v2\/types\/product"}],"replies":[{"embeddable":true,"href":"https:\/\/metalpie.com\/fr\/wp-json\/wp\/v2\/comments?post=2773"}],"wp:featuredmedia":[{"embeddable":true,"href":"https:\/\/metalpie.com\/fr\/wp-json\/wp\/v2\/media\/2774"}],"wp:attachment":[{"href":"https:\/\/metalpie.com\/fr\/wp-json\/wp\/v2\/media?parent=2773"}],"wp:term":[{"taxonomy":"product_cat","embeddable":true,"href":"https:\/\/metalpie.com\/fr\/wp-json\/wp\/v2\/product_cat?post=2773"}],"curies":[{"name":"wp","href":"https:\/\/api.w.org\/{rel}","templated":true}]}}