{"id":2768,"date":"2022-10-09T13:17:33","date_gmt":"2022-10-09T05:17:33","guid":{"rendered":"https:\/\/metalpie.com\/?post_type=product&#038;p=2768"},"modified":"2022-11-29T08:27:23","modified_gmt":"2022-11-29T00:27:23","slug":"porte-coulissante-en-aluminium-ep86","status":"publish","type":"product","link":"https:\/\/metalpie.com\/fr\/fenetres-en-aluminium-portes\/porte-coulissante-en-aluminium-ep86\/","title":{"rendered":"Porte coulissante en aluminium EP86"},"content":{"rendered":"<section class=\"section\" id=\"section_42086218\">\n\t\t<div class=\"bg section-bg fill bg-fill  bg-loaded\" >\n\n\t\t\t\n\t\t\t\n\t\t\t\n\n\t\t<\/div>\n\n\t\t\n\n\t\t<div class=\"section-content relative\">\n\t\t\t\n<div class=\"row\"  id=\"row-488357406\">\n\n\t<div id=\"col-1573228591\" class=\"col small-12 large-12\"  >\n\t\t\t\t<div class=\"col-inner\"  >\n\t\t\t\n\t\t\t\n<h2>Aluminium Porte coulissante Description<\/h2>\n<p>EP86 est une porte coulissante \u00e0 un seul rail. En faisant coulisser les c\u00f4t\u00e9s droit et gauche, elle s'ouvre facilement. De nombreux cadres en aluminium divisent le verre en plusieurs parties, ce qui est bien pour une porte de s\u00e9paration. Les cadres noirs d\u00e9tournent l'attention, ce qui permet \u00e0 cette porte d'enrichir votre d\u00e9coration. Cette porte ne peut \u00eatre ouverte que partiellement, et deux panneaux sont fix\u00e9s lors de l'ouverture.<\/p>\n<h2><span data-preserver-spaces=\"true\">Quincaillerie de porte en aluminium<\/span><\/h2>\n<ul>\n<li><span data-preserver-spaces=\"true\">Il y a quatre panneaux. Deux panneaux sont fixes et deux autres sont coulissants. Les panneaux actifs sont dot\u00e9s d'un cadre de porte en aluminium qui sert de poign\u00e9e de porte. Il est donc facile et s\u00fbr d'ouvrir la porte.<\/span><\/li>\n<li><span data-preserver-spaces=\"true\">Le cadre de la porte en aluminium n'est pas un pont d'aluminium cass\u00e9. Si votre maison est chauff\u00e9e en hiver, il sera facile de transf\u00e9rer la chaleur dans chaque pi\u00e8ce.\u00a0\u00a0<\/span><\/li>\n<\/ul>\n<h2>Couleur et taille<\/h2>\n<p>Nous utilisons cinq proc\u00e9d\u00e9s : le rev\u00eatement par poudre, le rev\u00eatement PVDF, le grain de bois, l'anodisation et l'\u00e9lectrophor\u00e8se pour colorer les cadres de fen\u00eatres en aluminium. Des couleurs et des tailles personnalis\u00e9es sont \u00e9galement disponibles.<\/p>\n<h2><span data-preserver-spaces=\"true\">Caract\u00e9ristiques<\/span><\/h2>\n<ul>\n<li><span data-preserver-spaces=\"true\">Les cadres de porte en aluminium sont remarquables et peuvent bloquer la vue pour remplir la fonction d'une porte de s\u00e9paration.<\/span><\/li>\n<li><span data-preserver-spaces=\"true\">Il s'agit d'une porte coulissante \u00e0 une voie.\u00a0<\/span><\/li>\n<li><span data-preserver-spaces=\"true\">Il s'agit d'une porte qui s'ouvre des deux c\u00f4t\u00e9s.<\/span><\/li>\n<\/ul>\n\t\t<\/div>\n\t\t\t\t\t<\/div>\n\n\t\n<\/div>\n\t\t<\/div>\n\n\t\t\n<style>\n#section_42086218 {\n  padding-top: 30px;\n  padding-bottom: 30px;\n}\n<\/style>\n\t<\/section>\n\t\n\t<section class=\"section\" id=\"section_1340339502\">\n\t\t<div class=\"bg section-bg fill bg-fill  bg-loaded\" >\n\n\t\t\t\n\t\t\t\n\t\t\t\n\n\t\t<\/div>\n\n\t\t\t<div class=\"ux-shape-divider ux-shape-divider--top ux-shape-divider--style-curve-opacity\">\n\t\t<svg viewbox=\"0 0 1000 100\" xmlns=\"http:\/\/www.w3.org\/2000\/svg\" preserveaspectratio=\"none\">\n\t\t<path class=\"ux-shape-fill\" opacity=\"0.15\" d=\"M0 14C0 14 88.64 17.48 300 50C560 90 814 77 1003 40L1015 68L1018 104H0V14Z\"\/>\n\t\t<path class=\"ux-shape-fill\" opacity=\"0.3\" d=\"M0 45C0 45 271 90.13 500 77C657 68 830 30 1015 14V100H0V45Z\"\/>\n\t\t<path class=\"ux-shape-fill\" d=\"M0 58C0 58 188.29 90 508 90C798 90 1002 55 1002 55V100H0V58Z\"\/>\n<\/svg>\n\t<\/div>\n\n\n\t\t<div class=\"section-content relative\">\n\t\t\t\n<div class=\"is-divider divider clearfix\" style=\"margin-top:0px;margin-bottom:0px;max-width:0px;height:30px;\"><\/div>\n<div class=\"row row-collapse align-middle\"  id=\"row-837643642\">\n\n\t<div id=\"col-2123553310\" class=\"col medium-6 small-12 large-6\"  >\n\t\t\t\t<div class=\"col-inner\"  >\n\t\t\t\n\t\t\t\n<div class=\"row row-small align-middle\"  id=\"row-516460447\">\n\n\t<div id=\"col-1746388035\" class=\"col medium-7 small-12 large-7\"  >\n\t\t\t\t<div class=\"col-inner\"  >\n\t\t\t\n\t\t\t\n\t<div class=\"img has-hover x md-x lg-x y md-y lg-y\" id=\"image_7308482\">\n\t\t\t\t\t\t\t\t<div class=\"img-inner dark\" >\n\t\t\t<img loading=\"lazy\" decoding=\"async\" width=\"532\" height=\"366\" src=\"https:\/\/metalpie.com\/wp-content\/uploads\/2022\/09\/block_Universal_products_bottom_001.1image.jpg.webp\" class=\"attachment-original size-original\" alt=\"\" srcset=\"https:\/\/metalpie.com\/wp-content\/uploads\/2022\/09\/block_Universal_products_bottom_001.1image.jpg.webp 532w, https:\/\/metalpie.com\/wp-content\/uploads\/2022\/09\/block_Universal_products_bottom_001.1image.jpg-300x206.webp 300w\" sizes=\"auto, (max-width: 532px) 100vw, 532px\" \/>\t\t\t\t\t\t\n\t\t\t\t\t<\/div>\n\t\t\t\t\t\t\t\t\n<style>\n#image_7308482 {\n  width: 100%;\n}\n<\/style>\n\t<\/div>\n\t\n\t\t<\/div>\n\t\t\t\t\t<\/div>\n\n\t\n\n\t<div id=\"col-1194281795\" class=\"col medium-5 small-12 large-5\"  >\n\t\t\t\t<div class=\"col-inner\"  >\n\t\t\t\n\t\t\t\n\t<div id=\"text-3556342608\" class=\"text\">\n\t\t\n<h5>Bonne \u00e9tanch\u00e9it\u00e9<\/h5>\n\t\t\n<style>\n#text-3556342608 {\n  text-align: center;\n}\n@media (min-width:550px) {\n  #text-3556342608 {\n    text-align: left;\n  }\n}\n<\/style>\n\t<\/div>\n\t\n\t\t<\/div>\n\t\t\t\t\t<\/div>\n\n\t\n<\/div>\n\t\t<\/div>\n\t\t\t\t\t<\/div>\n\n\t\n\n\t<div id=\"col-1355968144\" class=\"col medium-6 small-12 large-6\"  >\n\t\t\t\t<div class=\"col-inner\"  >\n\t\t\t\n\t\t\t\n<div class=\"row row-small align-middle\"  id=\"row-1934819781\">\n\n\t<div id=\"col-567517652\" class=\"col medium-7 small-12 large-7\"  >\n\t\t\t\t<div class=\"col-inner\"  >\n\t\t\t\n\t\t\t\n\t<div class=\"img has-hover x md-x lg-x y md-y lg-y\" id=\"image_2128501469\">\n\t\t\t\t\t\t\t\t<div class=\"img-inner dark\" >\n\t\t\t<img loading=\"lazy\" decoding=\"async\" width=\"534\" height=\"368\" src=\"https:\/\/metalpie.com\/wp-content\/uploads\/2022\/09\/block_Universal_products_bottom_002.2image.jpg.webp\" class=\"attachment-original size-original\" alt=\"\" srcset=\"https:\/\/metalpie.com\/wp-content\/uploads\/2022\/09\/block_Universal_products_bottom_002.2image.jpg.webp 534w, https:\/\/metalpie.com\/wp-content\/uploads\/2022\/09\/block_Universal_products_bottom_002.2image.jpg-300x207.webp 300w\" sizes=\"auto, (max-width: 534px) 100vw, 534px\" \/>\t\t\t\t\t\t\n\t\t\t\t\t<\/div>\n\t\t\t\t\t\t\t\t\n<style>\n#image_2128501469 {\n  width: 100%;\n}\n<\/style>\n\t<\/div>\n\t\n\t\t<\/div>\n\t\t\t\t\t<\/div>\n\n\t\n\n\t<div id=\"col-1747427144\" class=\"col medium-5 small-12 large-5\"  >\n\t\t\t\t<div class=\"col-inner\"  >\n\t\t\t\n\t\t\t\n\t<div id=\"text-3361567054\" class=\"text\">\n\t\t\n<h5>Bonne r\u00e9sistance \u00e0 la pression du vent<\/h5>\n\t\t\n<style>\n#text-3361567054 {\n  text-align: center;\n}\n@media (min-width:550px) {\n  #text-3361567054 {\n    text-align: left;\n  }\n}\n<\/style>\n\t<\/div>\n\t\n\t\t<\/div>\n\t\t\t\t\t<\/div>\n\n\t\n<\/div>\n\t\t<\/div>\n\t\t\t\t\t<\/div>\n\n\t\n\n\t<div id=\"col-983641837\" class=\"col medium-6 small-12 large-6\"  >\n\t\t\t\t<div class=\"col-inner\"  >\n\t\t\t\n\t\t\t\n<div class=\"row row-small align-middle\"  id=\"row-1546789115\">\n\n\t<div id=\"col-1057483694\" class=\"col medium-7 small-12 large-7\"  >\n\t\t\t\t<div class=\"col-inner\"  >\n\t\t\t\n\t\t\t\n\t<div class=\"img has-hover x md-x lg-x y md-y lg-y\" id=\"image_209946713\">\n\t\t\t\t\t\t\t\t<div class=\"img-inner dark\" >\n\t\t\t<img loading=\"lazy\" decoding=\"async\" width=\"531\" height=\"366\" src=\"https:\/\/metalpie.com\/wp-content\/uploads\/2022\/09\/block_Universal_products_bottom_003.3image.jpg.webp\" class=\"attachment-original size-original\" alt=\"\" srcset=\"https:\/\/metalpie.com\/wp-content\/uploads\/2022\/09\/block_Universal_products_bottom_003.3image.jpg.webp 531w, https:\/\/metalpie.com\/wp-content\/uploads\/2022\/09\/block_Universal_products_bottom_003.3image.jpg-300x207.webp 300w\" sizes=\"auto, (max-width: 531px) 100vw, 531px\" \/>\t\t\t\t\t\t\n\t\t\t\t\t<\/div>\n\t\t\t\t\t\t\t\t\n<style>\n#image_209946713 {\n  width: 100%;\n}\n<\/style>\n\t<\/div>\n\t\n\t\t<\/div>\n\t\t\t\t\t<\/div>\n\n\t\n\n\t<div id=\"col-1116058810\" class=\"col medium-5 small-12 large-5\"  >\n\t\t\t\t<div class=\"col-inner\"  >\n\t\t\t\n\t\t\t\n\t<div id=\"text-613528854\" class=\"text\">\n\t\t\n<h5>Bonne \u00e9tanch\u00e9it\u00e9<\/h5>\n\t\t\n<style>\n#text-613528854 {\n  text-align: center;\n}\n@media (min-width:550px) {\n  #text-613528854 {\n    text-align: left;\n  }\n}\n<\/style>\n\t<\/div>\n\t\n\t\t<\/div>\n\t\t\t\t\t<\/div>\n\n\t\n<\/div>\n\t\t<\/div>\n\t\t\t\t\t<\/div>\n\n\t\n\n\t<div id=\"col-448624654\" class=\"col medium-6 small-12 large-6\"  >\n\t\t\t\t<div class=\"col-inner\"  >\n\t\t\t\n\t\t\t\n<div class=\"row row-small align-middle\"  id=\"row-1404246758\">\n\n\t<div id=\"col-1800897642\" class=\"col medium-7 small-12 large-7\"  >\n\t\t\t\t<div class=\"col-inner\"  >\n\t\t\t\n\t\t\t\n\t<div class=\"img has-hover x md-x lg-x y md-y lg-y\" id=\"image_545212176\">\n\t\t\t\t\t\t\t\t<div class=\"img-inner dark\" >\n\t\t\t<img loading=\"lazy\" decoding=\"async\" width=\"531\" height=\"365\" src=\"https:\/\/metalpie.com\/wp-content\/uploads\/2022\/09\/block_Universal_products_bottom_004.4image.jpg.webp\" class=\"attachment-original size-original\" alt=\"\" srcset=\"https:\/\/metalpie.com\/wp-content\/uploads\/2022\/09\/block_Universal_products_bottom_004.4image.jpg.webp 531w, https:\/\/metalpie.com\/wp-content\/uploads\/2022\/09\/block_Universal_products_bottom_004.4image.jpg-300x206.webp 300w\" sizes=\"auto, (max-width: 531px) 100vw, 531px\" \/>\t\t\t\t\t\t\n\t\t\t\t\t<\/div>\n\t\t\t\t\t\t\t\t\n<style>\n#image_545212176 {\n  width: 100%;\n}\n<\/style>\n\t<\/div>\n\t\n\t\t<\/div>\n\t\t\t\t\t<\/div>\n\n\t\n\n\t<div id=\"col-1068223980\" class=\"col medium-5 small-12 large-5\"  >\n\t\t\t\t<div class=\"col-inner\"  >\n\t\t\t\n\t\t\t\n\t<div id=\"text-3857916043\" class=\"text\">\n\t\t\n<h5>Bonne isolation thermique<\/h5>\n\t\t\n<style>\n#text-3857916043 {\n  text-align: center;\n}\n@media (min-width:550px) {\n  #text-3857916043 {\n    text-align: left;\n  }\n}\n<\/style>\n\t<\/div>\n\t\n\t\t<\/div>\n\t\t\t\t\t<\/div>\n\n\t\n<\/div>\n\t\t<\/div>\n\t\t\t\t\t<\/div>\n\n\t\n\n<style>\n#row-837643642 > .col > .col-inner {\n  padding: 0px 20px 0px 20px;\n}\n<\/style>\n<\/div>\n\t\t<\/div>\n\n\t\t\n<style>\n#section_1340339502 {\n  padding-top: 0px;\n  padding-bottom: 0px;\n  background-color: rgb(245, 245, 245);\n}\n#section_1340339502 .ux-shape-divider--top svg {\n  height: 143px;\n  --divider-top-width: 100%;\n}\n<\/style>\n\t<\/section>\n\t\n\t<section class=\"section\" id=\"section_31180020\">\n\t\t<div class=\"bg section-bg fill bg-fill  bg-loaded\" >\n\n\t\t\t\n\t\t\t\n\t\t\t\n\n\t\t<\/div>\n\n\t\t\n\n\t\t<div class=\"section-content relative\">\n\t\t\t\n<div class=\"row\"  id=\"row-315266456\">\n\n\t<div id=\"col-1852271568\" class=\"col small-12 large-12\"  >\n\t\t\t\t<div class=\"col-inner\"  >\n\t\t\t\n\t\t\t\n<h2>Domaines d'application de la porte coulissante en aluminium EP86<\/h2>\n<ul>\n<li>Maisons<\/li>\n<li>Villas<\/li>\n<li>Immeubles de bureaux<\/li>\n<li>Centres commerciaux<\/li>\n<\/ul>\n\t\t<\/div>\n\t\t\t\t\t<\/div>\n\n\t\n<\/div>\n\t\t<\/div>\n\n\t\t\n<style>\n#section_31180020 {\n  padding-top: 30px;\n  padding-bottom: 30px;\n}\n<\/style>\n\t<\/section>","protected":false},"excerpt":{"rendered":"<p>La porte coulissante EP86 peut \u00eatre personnalis\u00e9e en fonction de diverses sp\u00e9cifications. Vous pouvez choisir la couleur du cadre de la porte en aluminium en fonction de votre style de d\u00e9coration, comme la plus courante, le blanc ou le noir.<\/p>","protected":false},"featured_media":2769,"comment_status":"closed","ping_status":"closed","template":"","meta":[],"product_cat":[15],"class_list":["post-2768","product","type-product","status-publish","has-post-thumbnail","hentry","product_cat-aluminum-windows-doors"],"yoast_head":"<!-- This site is optimized with the Yoast SEO plugin v21.5 - https:\/\/yoast.com\/wordpress\/plugins\/seo\/ -->\n<title>EP86 Aluminum Sliding Door | Aluminum Door Frame<\/title>\n<meta name=\"description\" content=\"EP86 aluminum sliding door is a simple style with multiple square or rectangular frames. These frames will not block the view and are very fashionable.\" \/>\n<meta name=\"robots\" content=\"index, follow, max-snippet:-1, max-image-preview:large, max-video-preview:-1\" \/>\n<link rel=\"canonical\" href=\"https:\/\/metalpie.com\/fr\/fenetres-en-aluminium-portes\/porte-coulissante-en-aluminium-ep86\/\" \/>\n<meta property=\"og:locale\" content=\"fr_FR\" \/>\n<meta property=\"og:type\" content=\"article\" \/>\n<meta property=\"og:title\" content=\"EP86 Aluminum Sliding Door | Aluminum Door Frame\" \/>\n<meta property=\"og:description\" content=\"EP86 aluminum sliding door is a simple style with multiple square or rectangular frames. These frames will not block the view and are very fashionable.\" \/>\n<meta property=\"og:url\" content=\"https:\/\/metalpie.com\/fr\/fenetres-en-aluminium-portes\/porte-coulissante-en-aluminium-ep86\/\" \/>\n<meta property=\"og:site_name\" content=\"METALPIE\" \/>\n<meta property=\"article:modified_time\" content=\"2022-11-29T00:27:23+00:00\" \/>\n<meta property=\"og:image\" content=\"https:\/\/metalpie.com\/wp-content\/uploads\/2022\/10\/EP86_sliding_door_001image.webp\" \/>\n\t<meta property=\"og:image:width\" content=\"1000\" \/>\n\t<meta property=\"og:image:height\" content=\"1000\" \/>\n\t<meta property=\"og:image:type\" content=\"image\/webp\" \/>\n<meta name=\"twitter:card\" content=\"summary_large_image\" \/>\n<meta name=\"twitter:label1\" content=\"Dur\u00e9e de lecture estim\u00e9e\" \/>\n\t<meta name=\"twitter:data1\" content=\"2 minutes\" \/>\n<script type=\"application\/ld+json\" class=\"yoast-schema-graph\">{\"@context\":\"https:\/\/schema.org\",\"@graph\":[{\"@type\":\"WebPage\",\"@id\":\"https:\/\/metalpie.com\/pt\/janelas-e-portas-de-aluminio\/porta-deslizante-de-aluminio-ep86\/\",\"url\":\"https:\/\/metalpie.com\/pt\/janelas-e-portas-de-aluminio\/porta-deslizante-de-aluminio-ep86\/\",\"name\":\"EP86 Aluminum Sliding Door | Aluminum Door Frame\",\"isPartOf\":{\"@id\":\"https:\/\/metalpie.com\/#website\"},\"datePublished\":\"2022-10-09T05:17:33+00:00\",\"dateModified\":\"2022-11-29T00:27:23+00:00\",\"description\":\"EP86 aluminum sliding door is a simple style with multiple square or rectangular frames. These frames will not block the view and are very fashionable.\",\"breadcrumb\":{\"@id\":\"https:\/\/metalpie.com\/pt\/janelas-e-portas-de-aluminio\/porta-deslizante-de-aluminio-ep86\/#breadcrumb\"},\"inLanguage\":\"fr-FR\",\"potentialAction\":[{\"@type\":\"ReadAction\",\"target\":[\"https:\/\/metalpie.com\/pt\/janelas-e-portas-de-aluminio\/porta-deslizante-de-aluminio-ep86\/\"]}]},{\"@type\":\"BreadcrumbList\",\"@id\":\"https:\/\/metalpie.com\/pt\/janelas-e-portas-de-aluminio\/porta-deslizante-de-aluminio-ep86\/#breadcrumb\",\"itemListElement\":[{\"@type\":\"ListItem\",\"position\":1,\"name\":\"Home\",\"item\":\"https:\/\/metalpie.com\/\"},{\"@type\":\"ListItem\",\"position\":2,\"name\":\"Products\",\"item\":\"https:\/\/metalpie.com\/shop\/\"},{\"@type\":\"ListItem\",\"position\":3,\"name\":\"EP86 Aluminum Sliding Door\"}]},{\"@type\":\"WebSite\",\"@id\":\"https:\/\/metalpie.com\/#website\",\"url\":\"https:\/\/metalpie.com\/\",\"name\":\"METALPIE\",\"description\":\"Precision Metal Fabrication | Tools, Processes &amp; More\",\"potentialAction\":[{\"@type\":\"SearchAction\",\"target\":{\"@type\":\"EntryPoint\",\"urlTemplate\":\"https:\/\/metalpie.com\/?s={search_term_string}\"},\"query-input\":\"required name=search_term_string\"}],\"inLanguage\":\"fr-FR\"}]}<\/script>\n<!-- \/ Yoast SEO plugin. -->","yoast_head_json":{"title":"EP86 Porte coulissante en aluminium | Cadre de porte en aluminium","description":"La porte coulissante en aluminium EP86 est un style simple avec de multiples cadres carr\u00e9s ou rectangulaires. Ces cadres ne bloquent pas la vue et sont tr\u00e8s \u00e0 la mode.","robots":{"index":"index","follow":"follow","max-snippet":"max-snippet:-1","max-image-preview":"max-image-preview:large","max-video-preview":"max-video-preview:-1"},"canonical":"https:\/\/metalpie.com\/fr\/fenetres-en-aluminium-portes\/porte-coulissante-en-aluminium-ep86\/","og_locale":"fr_FR","og_type":"article","og_title":"EP86 Aluminum Sliding Door | Aluminum Door Frame","og_description":"EP86 aluminum sliding door is a simple style with multiple square or rectangular frames. These frames will not block the view and are very fashionable.","og_url":"https:\/\/metalpie.com\/fr\/fenetres-en-aluminium-portes\/porte-coulissante-en-aluminium-ep86\/","og_site_name":"METALPIE","article_modified_time":"2022-11-29T00:27:23+00:00","og_image":[{"width":1000,"height":1000,"url":"https:\/\/metalpie.com\/wp-content\/uploads\/2022\/10\/EP86_sliding_door_001image.webp","type":"image\/webp"}],"twitter_card":"summary_large_image","twitter_misc":{"Dur\u00e9e de lecture estim\u00e9e":"2 minutes"},"schema":{"@context":"https:\/\/schema.org","@graph":[{"@type":"WebPage","@id":"https:\/\/metalpie.com\/pt\/janelas-e-portas-de-aluminio\/porta-deslizante-de-aluminio-ep86\/","url":"https:\/\/metalpie.com\/pt\/janelas-e-portas-de-aluminio\/porta-deslizante-de-aluminio-ep86\/","name":"EP86 Porte coulissante en aluminium | Cadre de porte en aluminium","isPartOf":{"@id":"https:\/\/metalpie.com\/#website"},"datePublished":"2022-10-09T05:17:33+00:00","dateModified":"2022-11-29T00:27:23+00:00","description":"La porte coulissante en aluminium EP86 est un style simple avec de multiples cadres carr\u00e9s ou rectangulaires. Ces cadres ne bloquent pas la vue et sont tr\u00e8s \u00e0 la mode.","breadcrumb":{"@id":"https:\/\/metalpie.com\/pt\/janelas-e-portas-de-aluminio\/porta-deslizante-de-aluminio-ep86\/#breadcrumb"},"inLanguage":"fr-FR","potentialAction":[{"@type":"ReadAction","target":["https:\/\/metalpie.com\/pt\/janelas-e-portas-de-aluminio\/porta-deslizante-de-aluminio-ep86\/"]}]},{"@type":"BreadcrumbList","@id":"https:\/\/metalpie.com\/pt\/janelas-e-portas-de-aluminio\/porta-deslizante-de-aluminio-ep86\/#breadcrumb","itemListElement":[{"@type":"ListItem","position":1,"name":"Home","item":"https:\/\/metalpie.com\/"},{"@type":"ListItem","position":2,"name":"Products","item":"https:\/\/metalpie.com\/shop\/"},{"@type":"ListItem","position":3,"name":"EP86 Aluminum Sliding Door"}]},{"@type":"WebSite","@id":"https:\/\/metalpie.com\/#website","url":"https:\/\/metalpie.com\/","name":"METALPIE","description":"Fabrication de pr\u00e9cision des m\u00e9taux | Outils, processus et autres","potentialAction":[{"@type":"SearchAction","target":{"@type":"EntryPoint","urlTemplate":"https:\/\/metalpie.com\/?s={search_term_string}"},"query-input":"required name=search_term_string"}],"inLanguage":"fr-FR"}]}},"_links":{"self":[{"href":"https:\/\/metalpie.com\/fr\/wp-json\/wp\/v2\/product\/2768","targetHints":{"allow":["GET"]}}],"collection":[{"href":"https:\/\/metalpie.com\/fr\/wp-json\/wp\/v2\/product"}],"about":[{"href":"https:\/\/metalpie.com\/fr\/wp-json\/wp\/v2\/types\/product"}],"replies":[{"embeddable":true,"href":"https:\/\/metalpie.com\/fr\/wp-json\/wp\/v2\/comments?post=2768"}],"wp:featuredmedia":[{"embeddable":true,"href":"https:\/\/metalpie.com\/fr\/wp-json\/wp\/v2\/media\/2769"}],"wp:attachment":[{"href":"https:\/\/metalpie.com\/fr\/wp-json\/wp\/v2\/media?parent=2768"}],"wp:term":[{"taxonomy":"product_cat","embeddable":true,"href":"https:\/\/metalpie.com\/fr\/wp-json\/wp\/v2\/product_cat?post=2768"}],"curies":[{"name":"wp","href":"https:\/\/api.w.org\/{rel}","templated":true}]}}