{"id":2763,"date":"2022-10-09T13:11:44","date_gmt":"2022-10-09T05:11:44","guid":{"rendered":"https:\/\/metalpie.com\/?post_type=product&#038;p=2763"},"modified":"2023-02-17T14:53:48","modified_gmt":"2023-02-17T06:53:48","slug":"el197-porte-coulissante-en-aluminium","status":"publish","type":"product","link":"https:\/\/metalpie.com\/fr\/fenetres-en-aluminium-portes\/el197-porte-coulissante-en-aluminium\/","title":{"rendered":"Porte coulissante en aluminium EL197"},"content":{"rendered":"<section class=\"section\" id=\"section_711984574\">\n\t\t<div class=\"bg section-bg fill bg-fill  bg-loaded\" >\n\n\t\t\t\n\t\t\t\n\t\t\t\n\n\t\t<\/div>\n\n\t\t\n\n\t\t<div class=\"section-content relative\">\n\t\t\t\n<div class=\"row\"  id=\"row-1172705810\">\n\n\t<div id=\"col-728032603\" class=\"col small-12 large-12\"  >\n\t\t\t\t<div class=\"col-inner\"  >\n\t\t\t\n\t\t\t\n<h2><span data-preserver-spaces=\"true\">Aluminium Porte coulissante Description<\/span><\/h2>\n<p><span data-preserver-spaces=\"true\">Cette porte coulissante en verre est dot\u00e9e d'un grand verre et de cadres de porte de petite taille, ce qui lui conf\u00e8re une bonne visibilit\u00e9. Elle utilise du verre tremp\u00e9, qui est s\u00fbr et solide. Elle est \u00e9quip\u00e9e d'un syst\u00e8me de contr\u00f4le d'acc\u00e8s et la porte s'ouvre automatiquement apr\u00e8s reconnaissance du visage. Cette porte coulissante est un excellent choix comme porte int\u00e9rieure pour les immeubles de bureaux.\u00a0<\/span><\/p>\n<h2><span data-preserver-spaces=\"true\">Quincaillerie de porte en aluminium<\/span><\/h2>\n<ul>\n<li><span data-preserver-spaces=\"true\">Cadres de porte \u00e9troits en aluminium. Bien qu'il soit \u00e9troit, il a une excellente capacit\u00e9 de charge. Un panneau peut supporter 600 kg.<\/span><\/li>\n<\/ul>\n<h2><span data-preserver-spaces=\"true\">Couleur et taille<\/span><\/h2>\n<p><span data-preserver-spaces=\"true\">Nous utilisons cinq proc\u00e9d\u00e9s : le rev\u00eatement par poudre, le rev\u00eatement PVDF, le grain de bois, l'anodisation et l'\u00e9lectrophor\u00e8se pour colorer les cadres de fen\u00eatres en aluminium. Des couleurs et des tailles personnalis\u00e9es sont \u00e9galement disponibles.<\/span><\/p>\n<h2><span data-preserver-spaces=\"true\">Caract\u00e9ristiques<\/span><\/h2>\n<ul>\n<li><span data-preserver-spaces=\"true\">Ouverture et fermeture automatiques. Les personnes entrent \u00e0 l'int\u00e9rieur apr\u00e8s avoir pass\u00e9 la reconnaissance faciale. Le syst\u00e8me de contr\u00f4le d'acc\u00e8s facilite non seulement l'acc\u00e8s des personnes internes, mais emp\u00eache \u00e9galement les personnes externes de p\u00e9n\u00e9trer dans votre entreprise et am\u00e9liore la s\u00e9curit\u00e9.<\/span><\/li>\n<\/ul>\n\t\t<\/div>\n\t\t\t\t\t<\/div>\n\n\t\n<\/div>\n\t\t<\/div>\n\n\t\t\n<style>\n#section_711984574 {\n  padding-top: 30px;\n  padding-bottom: 30px;\n}\n<\/style>\n\t<\/section>\n\t\n\t<section class=\"section\" id=\"section_1491768636\">\n\t\t<div class=\"bg section-bg fill bg-fill  bg-loaded\" >\n\n\t\t\t\n\t\t\t\n\t\t\t\n\n\t\t<\/div>\n\n\t\t\t<div class=\"ux-shape-divider ux-shape-divider--top ux-shape-divider--style-curve-opacity\">\n\t\t<svg viewbox=\"0 0 1000 100\" xmlns=\"http:\/\/www.w3.org\/2000\/svg\" preserveaspectratio=\"none\">\n\t\t<path class=\"ux-shape-fill\" opacity=\"0.15\" d=\"M0 14C0 14 88.64 17.48 300 50C560 90 814 77 1003 40L1015 68L1018 104H0V14Z\"\/>\n\t\t<path class=\"ux-shape-fill\" opacity=\"0.3\" d=\"M0 45C0 45 271 90.13 500 77C657 68 830 30 1015 14V100H0V45Z\"\/>\n\t\t<path class=\"ux-shape-fill\" d=\"M0 58C0 58 188.29 90 508 90C798 90 1002 55 1002 55V100H0V58Z\"\/>\n<\/svg>\n\t<\/div>\n\n\n\t\t<div class=\"section-content relative\">\n\t\t\t\n<div class=\"is-divider divider clearfix\" style=\"margin-top:0px;margin-bottom:0px;max-width:0px;height:30px;\"><\/div>\n<div class=\"row row-collapse align-middle\"  id=\"row-1891330440\">\n\n\t<div id=\"col-761333370\" class=\"col medium-6 small-12 large-6\"  >\n\t\t\t\t<div class=\"col-inner\"  >\n\t\t\t\n\t\t\t\n<div class=\"row row-small align-middle\"  id=\"row-870065924\">\n\n\t<div id=\"col-1586705399\" class=\"col medium-7 small-12 large-7\"  >\n\t\t\t\t<div class=\"col-inner\"  >\n\t\t\t\n\t\t\t\n\t<div class=\"img has-hover x md-x lg-x y md-y lg-y\" id=\"image_4013556\">\n\t\t\t\t\t\t\t\t<div class=\"img-inner dark\" >\n\t\t\t<img loading=\"lazy\" decoding=\"async\" width=\"532\" height=\"366\" src=\"https:\/\/metalpie.com\/wp-content\/uploads\/2022\/09\/block_Universal_products_bottom_001.1image.jpg.webp\" class=\"attachment-original size-original\" alt=\"\" srcset=\"https:\/\/metalpie.com\/wp-content\/uploads\/2022\/09\/block_Universal_products_bottom_001.1image.jpg.webp 532w, https:\/\/metalpie.com\/wp-content\/uploads\/2022\/09\/block_Universal_products_bottom_001.1image.jpg-300x206.webp 300w\" sizes=\"auto, (max-width: 532px) 100vw, 532px\" \/>\t\t\t\t\t\t\n\t\t\t\t\t<\/div>\n\t\t\t\t\t\t\t\t\n<style>\n#image_4013556 {\n  width: 100%;\n}\n<\/style>\n\t<\/div>\n\t\n\t\t<\/div>\n\t\t\t\t\t<\/div>\n\n\t\n\n\t<div id=\"col-631260733\" class=\"col medium-5 small-12 large-5\"  >\n\t\t\t\t<div class=\"col-inner\"  >\n\t\t\t\n\t\t\t\n\t<div id=\"text-2299430034\" class=\"text\">\n\t\t\n<h5>Performance en mati\u00e8re d'\u00e9tanch\u00e9it\u00e9 \u00e0 l'air<\/h5>\n\t\t\n<style>\n#text-2299430034 {\n  text-align: center;\n}\n@media (min-width:550px) {\n  #text-2299430034 {\n    text-align: left;\n  }\n}\n<\/style>\n\t<\/div>\n\t\n\t<div id=\"text-2236286133\" class=\"text\">\n\t\t\n<p><b>Niveau 7<br \/>\n<\/b>q1=0,8 m\u00b3 \/ (m.h)<br \/>\nq2=2.2 m\u00b3\/ ( \u33a1.h )<\/p>\n\t\t\n<style>\n#text-2236286133 {\n  text-align: center;\n}\n@media (min-width:550px) {\n  #text-2236286133 {\n    text-align: left;\n  }\n}\n<\/style>\n\t<\/div>\n\t\n\t\t<\/div>\n\t\t\t\t\t<\/div>\n\n\t\n<\/div>\n\t\t<\/div>\n\t\t\t\t\t<\/div>\n\n\t\n\n\t<div id=\"col-964637936\" class=\"col medium-6 small-12 large-6\"  >\n\t\t\t\t<div class=\"col-inner\"  >\n\t\t\t\n\t\t\t\n<div class=\"row row-small align-middle\"  id=\"row-1062028196\">\n\n\t<div id=\"col-1758865961\" class=\"col medium-7 small-12 large-7\"  >\n\t\t\t\t<div class=\"col-inner\"  >\n\t\t\t\n\t\t\t\n\t<div class=\"img has-hover x md-x lg-x y md-y lg-y\" id=\"image_1106706732\">\n\t\t\t\t\t\t\t\t<div class=\"img-inner dark\" >\n\t\t\t<img loading=\"lazy\" decoding=\"async\" width=\"534\" height=\"368\" src=\"https:\/\/metalpie.com\/wp-content\/uploads\/2022\/09\/block_Universal_products_bottom_002.2image.jpg.webp\" class=\"attachment-original size-original\" alt=\"\" srcset=\"https:\/\/metalpie.com\/wp-content\/uploads\/2022\/09\/block_Universal_products_bottom_002.2image.jpg.webp 534w, https:\/\/metalpie.com\/wp-content\/uploads\/2022\/09\/block_Universal_products_bottom_002.2image.jpg-300x207.webp 300w\" sizes=\"auto, (max-width: 534px) 100vw, 534px\" \/>\t\t\t\t\t\t\n\t\t\t\t\t<\/div>\n\t\t\t\t\t\t\t\t\n<style>\n#image_1106706732 {\n  width: 100%;\n}\n<\/style>\n\t<\/div>\n\t\n\t\t<\/div>\n\t\t\t\t\t<\/div>\n\n\t\n\n\t<div id=\"col-1799540745\" class=\"col medium-5 small-12 large-5\"  >\n\t\t\t\t<div class=\"col-inner\"  >\n\t\t\t\n\t\t\t\n\t<div id=\"text-4254441874\" class=\"text\">\n\t\t\n<h5>R\u00e9sistance \u00e0 la pression du vent<\/h5>\n\t\t\n<style>\n#text-4254441874 {\n  text-align: center;\n}\n@media (min-width:550px) {\n  #text-4254441874 {\n    text-align: left;\n  }\n}\n<\/style>\n\t<\/div>\n\t\n\t<div id=\"text-1052679221\" class=\"text\">\n\t\t\n<p><strong>Niveau 9<\/strong><br \/>\np3=5,0 Kpa<\/p>\n\t\t\n<style>\n#text-1052679221 {\n  text-align: center;\n}\n@media (min-width:550px) {\n  #text-1052679221 {\n    text-align: left;\n  }\n}\n<\/style>\n\t<\/div>\n\t\n\t\t<\/div>\n\t\t\t\t\t<\/div>\n\n\t\n<\/div>\n\t\t<\/div>\n\t\t\t\t\t<\/div>\n\n\t\n\n\t<div id=\"col-1395216296\" class=\"col medium-6 small-12 large-6\"  >\n\t\t\t\t<div class=\"col-inner\"  >\n\t\t\t\n\t\t\t\n<div class=\"row row-small align-middle\"  id=\"row-809621762\">\n\n\t<div id=\"col-1455776719\" class=\"col medium-7 small-12 large-7\"  >\n\t\t\t\t<div class=\"col-inner\"  >\n\t\t\t\n\t\t\t\n\t<div class=\"img has-hover x md-x lg-x y md-y lg-y\" id=\"image_1860329062\">\n\t\t\t\t\t\t\t\t<div class=\"img-inner dark\" >\n\t\t\t<img loading=\"lazy\" decoding=\"async\" width=\"531\" height=\"366\" src=\"https:\/\/metalpie.com\/wp-content\/uploads\/2022\/09\/block_Universal_products_bottom_003.3image.jpg.webp\" class=\"attachment-original size-original\" alt=\"\" srcset=\"https:\/\/metalpie.com\/wp-content\/uploads\/2022\/09\/block_Universal_products_bottom_003.3image.jpg.webp 531w, https:\/\/metalpie.com\/wp-content\/uploads\/2022\/09\/block_Universal_products_bottom_003.3image.jpg-300x207.webp 300w\" sizes=\"auto, (max-width: 531px) 100vw, 531px\" \/>\t\t\t\t\t\t\n\t\t\t\t\t<\/div>\n\t\t\t\t\t\t\t\t\n<style>\n#image_1860329062 {\n  width: 100%;\n}\n<\/style>\n\t<\/div>\n\t\n\t\t<\/div>\n\t\t\t\t\t<\/div>\n\n\t\n\n\t<div id=\"col-1734409948\" class=\"col medium-5 small-12 large-5\"  >\n\t\t\t\t<div class=\"col-inner\"  >\n\t\t\t\n\t\t\t\n\t<div id=\"text-2371250414\" class=\"text\">\n\t\t\n<h5>Performance d'\u00e9tanch\u00e9it\u00e9<\/h5>\n\t\t\n<style>\n#text-2371250414 {\n  text-align: center;\n}\n@media (min-width:550px) {\n  #text-2371250414 {\n    text-align: left;\n  }\n}\n<\/style>\n\t<\/div>\n\t\n\t<div id=\"text-3535113830\" class=\"text\">\n\t\t\n<p><strong>Niveau 3<\/strong><br \/>\n\u25b3P=283 pa<\/p>\n\t\t\n<style>\n#text-3535113830 {\n  text-align: center;\n}\n@media (min-width:550px) {\n  #text-3535113830 {\n    text-align: left;\n  }\n}\n<\/style>\n\t<\/div>\n\t\n\t\t<\/div>\n\t\t\t\t\t<\/div>\n\n\t\n<\/div>\n\t\t<\/div>\n\t\t\t\t\t<\/div>\n\n\t\n\n\t<div id=\"col-745507274\" class=\"col medium-6 small-12 large-6\"  >\n\t\t\t\t<div class=\"col-inner\"  >\n\t\t\t\n\t\t\t\n<div class=\"row row-small align-middle\"  id=\"row-602432991\">\n\n\t<div id=\"col-1271601597\" class=\"col medium-7 small-12 large-7\"  >\n\t\t\t\t<div class=\"col-inner\"  >\n\t\t\t\n\t\t\t\n\t<div class=\"img has-hover x md-x lg-x y md-y lg-y\" id=\"image_286189280\">\n\t\t\t\t\t\t\t\t<div class=\"img-inner dark\" >\n\t\t\t<img loading=\"lazy\" decoding=\"async\" width=\"531\" height=\"365\" src=\"https:\/\/metalpie.com\/wp-content\/uploads\/2022\/09\/block_Universal_products_bottom_004.4image.jpg.webp\" class=\"attachment-original size-original\" alt=\"\" srcset=\"https:\/\/metalpie.com\/wp-content\/uploads\/2022\/09\/block_Universal_products_bottom_004.4image.jpg.webp 531w, https:\/\/metalpie.com\/wp-content\/uploads\/2022\/09\/block_Universal_products_bottom_004.4image.jpg-300x206.webp 300w\" sizes=\"auto, (max-width: 531px) 100vw, 531px\" \/>\t\t\t\t\t\t\n\t\t\t\t\t<\/div>\n\t\t\t\t\t\t\t\t\n<style>\n#image_286189280 {\n  width: 100%;\n}\n<\/style>\n\t<\/div>\n\t\n\t\t<\/div>\n\t\t\t\t\t<\/div>\n\n\t\n\n\t<div id=\"col-769720382\" class=\"col medium-5 small-12 large-5\"  >\n\t\t\t\t<div class=\"col-inner\"  >\n\t\t\t\n\t\t\t\n\t<div id=\"text-609977837\" class=\"text\">\n\t\t\n<h5>Performance de l'isolation<\/h5>\n\t\t\n<style>\n#text-609977837 {\n  text-align: center;\n}\n@media (min-width:550px) {\n  #text-609977837 {\n    text-align: left;\n  }\n}\n<\/style>\n\t<\/div>\n\t\n\t<div id=\"text-2719829482\" class=\"text\">\n\t\t\n<p><strong>Niveau 6<\/strong><br \/>\nK=2,3W\/(\u33a1.K)<\/p>\n\t\t\n<style>\n#text-2719829482 {\n  text-align: center;\n}\n@media (min-width:550px) {\n  #text-2719829482 {\n    text-align: left;\n  }\n}\n<\/style>\n\t<\/div>\n\t\n\t\t<\/div>\n\t\t\t\t\t<\/div>\n\n\t\n<\/div>\n\t\t<\/div>\n\t\t\t\t\t<\/div>\n\n\t\n\n<style>\n#row-1891330440 > .col > .col-inner {\n  padding: 0px 20px 0px 20px;\n}\n<\/style>\n<\/div>\n\t\t<\/div>\n\n\t\t\n<style>\n#section_1491768636 {\n  padding-top: 0px;\n  padding-bottom: 0px;\n  background-color: rgb(245, 245, 245);\n}\n#section_1491768636 .ux-shape-divider--top svg {\n  height: 143px;\n  --divider-top-width: 100%;\n}\n<\/style>\n\t<\/section>\n\t\n\t<section class=\"section\" id=\"section_1943740577\">\n\t\t<div class=\"bg section-bg fill bg-fill  bg-loaded\" >\n\n\t\t\t\n\t\t\t\n\t\t\t\n\n\t\t<\/div>\n\n\t\t\n\n\t\t<div class=\"section-content relative\">\n\t\t\t\n<div class=\"row\"  id=\"row-1789599476\">\n\n\t<div id=\"col-759158293\" class=\"col small-12 large-12\"  >\n\t\t\t\t<div class=\"col-inner\"  >\n\t\t\t\n\t\t\t\n<h2>Domaines d'application de la porte coulissante en aluminium EL197<\/h2>\n<ul>\n<li>Immeubles de bureaux<\/li>\n<li>Appartements<\/li>\n<li>Villas<\/li>\n<\/ul>\n<p>&#8230;<\/p>\n\t\t<\/div>\n\t\t\t\t\t<\/div>\n\n\t\n<\/div>\n\t\t<\/div>\n\n\t\t\n<style>\n#section_1943740577 {\n  padding-top: 30px;\n  padding-bottom: 30px;\n}\n<\/style>\n\t<\/section>\n\t\n\t<section class=\"section\" id=\"section_1112704088\">\n\t\t<div class=\"bg section-bg fill bg-fill  bg-loaded\" >\n\n\t\t\t\n\t\t\t<div class=\"section-bg-overlay absolute fill\"><\/div>\n\t\t\t\n\n\t\t<\/div>\n\n\t\t\n\n\t\t<div class=\"section-content relative\">\n\t\t\t\n<div class=\"is-divider divider clearfix\" style=\"margin-top:0.0em;margin-bottom:0.0em;max-width:0px;height:20px;\"><\/div>\n<div class=\"row row-large align-middle\"  id=\"row-1215163794\">\n\n\t<div id=\"col-801662595\" class=\"col medium-6 small-12 large-6\"  >\n\t\t\t\t<div class=\"col-inner\"  >\n\t\t\t\n\t\t\t\n\t<div class=\"img has-hover x md-x lg-x y md-y lg-y\" id=\"image_145862278\">\n\t\t\t\t\t\t\t\t<div class=\"img-inner dark\" >\n\t\t\t<img loading=\"lazy\" decoding=\"async\" width=\"1000\" height=\"1000\" src=\"https:\/\/metalpie.com\/wp-content\/uploads\/2022\/09\/ES70-sample-aluminium-door-frame.webp\" class=\"attachment-large size-large\" alt=\"\" srcset=\"https:\/\/metalpie.com\/wp-content\/uploads\/2022\/09\/ES70-sample-aluminium-door-frame.webp 1000w, https:\/\/metalpie.com\/wp-content\/uploads\/2022\/09\/ES70-sample-aluminium-door-frame-300x300.webp 300w, https:\/\/metalpie.com\/wp-content\/uploads\/2022\/09\/ES70-sample-aluminium-door-frame-80x80.webp 80w, https:\/\/metalpie.com\/wp-content\/uploads\/2022\/09\/ES70-sample-aluminium-door-frame-768x768.webp 768w, https:\/\/metalpie.com\/wp-content\/uploads\/2022\/09\/ES70-sample-aluminium-door-frame-500x500.webp 500w, https:\/\/metalpie.com\/wp-content\/uploads\/2022\/09\/ES70-sample-aluminium-door-frame-800x800.webp 800w, https:\/\/metalpie.com\/wp-content\/uploads\/2022\/09\/ES70-sample-aluminium-door-frame-100x100.webp 100w\" sizes=\"auto, (max-width: 1000px) 100vw, 1000px\" \/>\t\t\t\t\t\t\n\t\t\t\t\t<\/div>\n\t\t\t\t\t\t\t\t\n<style>\n#image_145862278 {\n  width: 100%;\n}\n<\/style>\n\t<\/div>\n\t\n\t\t<\/div>\n\t\t\t\t\t<\/div>\n\n\t\n\n\t<div id=\"col-1581270504\" class=\"col medium-6 small-12 large-6\"  >\n\t\t\t\t<div class=\"col-inner text-left\"  >\n\t\t\t\n\t\t\t\n<h2><span data-preserver-spaces=\"true\">\u00c9chantillon de porte coulissante en aluminium EL197<\/span><\/h2>\n<p><span data-preserver-spaces=\"true\">Sur la photo, vous pouvez voir qu'il y a deux morceaux de verre pour la porte pliante en aluminium EL70. Nous ajoutons une rupture de pont thermique au d\u00e9part du cadre de la porte en aluminium pour une meilleure isolation thermique. Il s'agit d'un mod\u00e8le populaire de porte en aluminium \u00e0 pont bris\u00e9. Si vous voulez un \u00e9chantillon de porte, n'h\u00e9sitez pas \u00e0 nous contacter !<\/span><\/p>\n<p><strong>Sp\u00e9cifications :<\/strong><\/p>\n<ul>\n<li><span data-preserver-spaces=\"true\">Profondeur du cadre : 197 mm<\/span><\/li>\n<li><span data-preserver-spaces=\"true\">Profondeur de la rupture thermique : 18,6 mm<\/span><\/li>\n<li><span data-preserver-spaces=\"true\">Profondeur du ventilateur : 75 mm<\/span><\/li>\n<li><span data-preserver-spaces=\"true\">Rupture thermique : 18,6 mm<\/span><\/li>\n<\/ul>\n\t\t<\/div>\n\t\t\t\t\t<\/div>\n\n\t\n\n<style>\n#row-1215163794 > .col > .col-inner {\n  padding: 0px 20px 0px 20px;\n}\n<\/style>\n<\/div>\n\t\t<\/div>\n\n\t\t\n<style>\n#section_1112704088 {\n  padding-top: 0px;\n  padding-bottom: 0px;\n  background-color: rgb(193, 193, 193);\n}\n#section_1112704088 .section-bg-overlay {\n  background-color: rgba(255, 255, 255, 0.85);\n}\n<\/style>\n\t<\/section>","protected":false},"excerpt":{"rendered":"<p>Cette porte en aluminium est destin\u00e9e \u00e0 ceux qui aiment un style ouvert. Elle donne \u00e0 votre maison un aspect plus spacieux et plus lumineux. Par exemple, vous pouvez l'installer comme porte de s\u00e9paration entre la chambre et le salon.<\/p>","protected":false},"featured_media":2764,"comment_status":"closed","ping_status":"closed","template":"","meta":[],"product_cat":[15],"class_list":["post-2763","product","type-product","status-publish","has-post-thumbnail","hentry","product_cat-aluminum-windows-doors"],"yoast_head":"<!-- This site is optimized with the Yoast SEO plugin v21.5 - https:\/\/yoast.com\/wordpress\/plugins\/seo\/ -->\n<title>EL197 Sliding Door | Aluminum Sliding Glass Doors<\/title>\n<meta name=\"description\" content=\"EL197 sliding door is made of a high-quality aluminum profile. It can be a partition door between the bedroom and living room.\" \/>\n<meta name=\"robots\" content=\"index, follow, max-snippet:-1, max-image-preview:large, max-video-preview:-1\" \/>\n<link rel=\"canonical\" href=\"https:\/\/metalpie.com\/fr\/fenetres-en-aluminium-portes\/el197-porte-coulissante-en-aluminium\/\" \/>\n<meta property=\"og:locale\" content=\"fr_FR\" \/>\n<meta property=\"og:type\" content=\"article\" \/>\n<meta property=\"og:title\" content=\"EL197 Sliding Door | Aluminum Sliding Glass Doors\" \/>\n<meta property=\"og:description\" content=\"EL197 sliding door is made of a high-quality aluminum profile. It can be a partition door between the bedroom and living room.\" \/>\n<meta property=\"og:url\" content=\"https:\/\/metalpie.com\/fr\/fenetres-en-aluminium-portes\/el197-porte-coulissante-en-aluminium\/\" \/>\n<meta property=\"og:site_name\" content=\"METALPIE\" \/>\n<meta property=\"article:modified_time\" content=\"2023-02-17T06:53:48+00:00\" \/>\n<meta property=\"og:image\" content=\"https:\/\/metalpie.com\/wp-content\/uploads\/2022\/10\/EL197_sliding_door_001image.webp\" \/>\n\t<meta property=\"og:image:width\" content=\"1000\" \/>\n\t<meta property=\"og:image:height\" content=\"1000\" \/>\n\t<meta property=\"og:image:type\" content=\"image\/webp\" \/>\n<meta name=\"twitter:card\" content=\"summary_large_image\" \/>\n<meta name=\"twitter:label1\" content=\"Dur\u00e9e de lecture estim\u00e9e\" \/>\n\t<meta name=\"twitter:data1\" content=\"2 minutes\" \/>\n<script type=\"application\/ld+json\" class=\"yoast-schema-graph\">{\"@context\":\"https:\/\/schema.org\",\"@graph\":[{\"@type\":\"WebPage\",\"@id\":\"https:\/\/metalpie.com\/ru\/%d0%b0%d0%bb%d1%8e%d0%bc%d0%b8%d0%bd%d0%b8%d0%b5%d0%b2%d1%8b%d0%b5-%d0%be%d0%ba%d0%bd%d0%b0-%d0%b4%d0%b2%d0%b5%d1%80%d0%b8\/%d0%b0%d0%bb%d1%8e%d0%bc%d0%b8%d0%bd%d0%b8%d0%b5%d0%b2%d0%b0%d1%8f-%d1%80%d0%b0%d0%b7%d0%b4%d0%b2%d0%b8%d0%b6%d0%bd%d0%b0%d1%8f-%d0%b4%d0%b2%d0%b5%d1%80%d1%8c-el197\/\",\"url\":\"https:\/\/metalpie.com\/ru\/%d0%b0%d0%bb%d1%8e%d0%bc%d0%b8%d0%bd%d0%b8%d0%b5%d0%b2%d1%8b%d0%b5-%d0%be%d0%ba%d0%bd%d0%b0-%d0%b4%d0%b2%d0%b5%d1%80%d0%b8\/%d0%b0%d0%bb%d1%8e%d0%bc%d0%b8%d0%bd%d0%b8%d0%b5%d0%b2%d0%b0%d1%8f-%d1%80%d0%b0%d0%b7%d0%b4%d0%b2%d0%b8%d0%b6%d0%bd%d0%b0%d1%8f-%d0%b4%d0%b2%d0%b5%d1%80%d1%8c-el197\/\",\"name\":\"EL197 Sliding Door | Aluminum Sliding Glass Doors\",\"isPartOf\":{\"@id\":\"https:\/\/metalpie.com\/#website\"},\"datePublished\":\"2022-10-09T05:11:44+00:00\",\"dateModified\":\"2023-02-17T06:53:48+00:00\",\"description\":\"EL197 sliding door is made of a high-quality aluminum profile. It can be a partition door between the bedroom and living room.\",\"breadcrumb\":{\"@id\":\"https:\/\/metalpie.com\/ru\/%d0%b0%d0%bb%d1%8e%d0%bc%d0%b8%d0%bd%d0%b8%d0%b5%d0%b2%d1%8b%d0%b5-%d0%be%d0%ba%d0%bd%d0%b0-%d0%b4%d0%b2%d0%b5%d1%80%d0%b8\/%d0%b0%d0%bb%d1%8e%d0%bc%d0%b8%d0%bd%d0%b8%d0%b5%d0%b2%d0%b0%d1%8f-%d1%80%d0%b0%d0%b7%d0%b4%d0%b2%d0%b8%d0%b6%d0%bd%d0%b0%d1%8f-%d0%b4%d0%b2%d0%b5%d1%80%d1%8c-el197\/#breadcrumb\"},\"inLanguage\":\"fr-FR\",\"potentialAction\":[{\"@type\":\"ReadAction\",\"target\":[\"https:\/\/metalpie.com\/ru\/%d0%b0%d0%bb%d1%8e%d0%bc%d0%b8%d0%bd%d0%b8%d0%b5%d0%b2%d1%8b%d0%b5-%d0%be%d0%ba%d0%bd%d0%b0-%d0%b4%d0%b2%d0%b5%d1%80%d0%b8\/%d0%b0%d0%bb%d1%8e%d0%bc%d0%b8%d0%bd%d0%b8%d0%b5%d0%b2%d0%b0%d1%8f-%d1%80%d0%b0%d0%b7%d0%b4%d0%b2%d0%b8%d0%b6%d0%bd%d0%b0%d1%8f-%d0%b4%d0%b2%d0%b5%d1%80%d1%8c-el197\/\"]}]},{\"@type\":\"BreadcrumbList\",\"@id\":\"https:\/\/metalpie.com\/ru\/%d0%b0%d0%bb%d1%8e%d0%bc%d0%b8%d0%bd%d0%b8%d0%b5%d0%b2%d1%8b%d0%b5-%d0%be%d0%ba%d0%bd%d0%b0-%d0%b4%d0%b2%d0%b5%d1%80%d0%b8\/%d0%b0%d0%bb%d1%8e%d0%bc%d0%b8%d0%bd%d0%b8%d0%b5%d0%b2%d0%b0%d1%8f-%d1%80%d0%b0%d0%b7%d0%b4%d0%b2%d0%b8%d0%b6%d0%bd%d0%b0%d1%8f-%d0%b4%d0%b2%d0%b5%d1%80%d1%8c-el197\/#breadcrumb\",\"itemListElement\":[{\"@type\":\"ListItem\",\"position\":1,\"name\":\"Home\",\"item\":\"https:\/\/metalpie.com\/\"},{\"@type\":\"ListItem\",\"position\":2,\"name\":\"Products\",\"item\":\"https:\/\/metalpie.com\/shop\/\"},{\"@type\":\"ListItem\",\"position\":3,\"name\":\"EL197 Aluminum Sliding Door\"}]},{\"@type\":\"WebSite\",\"@id\":\"https:\/\/metalpie.com\/#website\",\"url\":\"https:\/\/metalpie.com\/\",\"name\":\"METALPIE\",\"description\":\"Precision Metal Fabrication | Tools, Processes &amp; More\",\"potentialAction\":[{\"@type\":\"SearchAction\",\"target\":{\"@type\":\"EntryPoint\",\"urlTemplate\":\"https:\/\/metalpie.com\/?s={search_term_string}\"},\"query-input\":\"required name=search_term_string\"}],\"inLanguage\":\"fr-FR\"}]}<\/script>\n<!-- \/ Yoast SEO plugin. -->","yoast_head_json":{"title":"Porte coulissante EL197 | Portes coulissantes en verre en aluminium","description":"La porte coulissante EL197 est fabriqu\u00e9e \u00e0 partir d'un profil\u00e9 en aluminium de haute qualit\u00e9. Elle peut servir de porte de s\u00e9paration entre la chambre et le salon.","robots":{"index":"index","follow":"follow","max-snippet":"max-snippet:-1","max-image-preview":"max-image-preview:large","max-video-preview":"max-video-preview:-1"},"canonical":"https:\/\/metalpie.com\/fr\/fenetres-en-aluminium-portes\/el197-porte-coulissante-en-aluminium\/","og_locale":"fr_FR","og_type":"article","og_title":"EL197 Sliding Door | Aluminum Sliding Glass Doors","og_description":"EL197 sliding door is made of a high-quality aluminum profile. It can be a partition door between the bedroom and living room.","og_url":"https:\/\/metalpie.com\/fr\/fenetres-en-aluminium-portes\/el197-porte-coulissante-en-aluminium\/","og_site_name":"METALPIE","article_modified_time":"2023-02-17T06:53:48+00:00","og_image":[{"width":1000,"height":1000,"url":"https:\/\/metalpie.com\/wp-content\/uploads\/2022\/10\/EL197_sliding_door_001image.webp","type":"image\/webp"}],"twitter_card":"summary_large_image","twitter_misc":{"Dur\u00e9e de lecture estim\u00e9e":"2 minutes"},"schema":{"@context":"https:\/\/schema.org","@graph":[{"@type":"WebPage","@id":"https:\/\/metalpie.com\/ru\/%d0%b0%d0%bb%d1%8e%d0%bc%d0%b8%d0%bd%d0%b8%d0%b5%d0%b2%d1%8b%d0%b5-%d0%be%d0%ba%d0%bd%d0%b0-%d0%b4%d0%b2%d0%b5%d1%80%d0%b8\/%d0%b0%d0%bb%d1%8e%d0%bc%d0%b8%d0%bd%d0%b8%d0%b5%d0%b2%d0%b0%d1%8f-%d1%80%d0%b0%d0%b7%d0%b4%d0%b2%d0%b8%d0%b6%d0%bd%d0%b0%d1%8f-%d0%b4%d0%b2%d0%b5%d1%80%d1%8c-el197\/","url":"https:\/\/metalpie.com\/ru\/%d0%b0%d0%bb%d1%8e%d0%bc%d0%b8%d0%bd%d0%b8%d0%b5%d0%b2%d1%8b%d0%b5-%d0%be%d0%ba%d0%bd%d0%b0-%d0%b4%d0%b2%d0%b5%d1%80%d0%b8\/%d0%b0%d0%bb%d1%8e%d0%bc%d0%b8%d0%bd%d0%b8%d0%b5%d0%b2%d0%b0%d1%8f-%d1%80%d0%b0%d0%b7%d0%b4%d0%b2%d0%b8%d0%b6%d0%bd%d0%b0%d1%8f-%d0%b4%d0%b2%d0%b5%d1%80%d1%8c-el197\/","name":"Porte coulissante EL197 | Portes coulissantes en verre en aluminium","isPartOf":{"@id":"https:\/\/metalpie.com\/#website"},"datePublished":"2022-10-09T05:11:44+00:00","dateModified":"2023-02-17T06:53:48+00:00","description":"La porte coulissante EL197 est fabriqu\u00e9e \u00e0 partir d'un profil\u00e9 en aluminium de haute qualit\u00e9. Elle peut servir de porte de s\u00e9paration entre la chambre et le salon.","breadcrumb":{"@id":"https:\/\/metalpie.com\/ru\/%d0%b0%d0%bb%d1%8e%d0%bc%d0%b8%d0%bd%d0%b8%d0%b5%d0%b2%d1%8b%d0%b5-%d0%be%d0%ba%d0%bd%d0%b0-%d0%b4%d0%b2%d0%b5%d1%80%d0%b8\/%d0%b0%d0%bb%d1%8e%d0%bc%d0%b8%d0%bd%d0%b8%d0%b5%d0%b2%d0%b0%d1%8f-%d1%80%d0%b0%d0%b7%d0%b4%d0%b2%d0%b8%d0%b6%d0%bd%d0%b0%d1%8f-%d0%b4%d0%b2%d0%b5%d1%80%d1%8c-el197\/#breadcrumb"},"inLanguage":"fr-FR","potentialAction":[{"@type":"ReadAction","target":["https:\/\/metalpie.com\/ru\/%d0%b0%d0%bb%d1%8e%d0%bc%d0%b8%d0%bd%d0%b8%d0%b5%d0%b2%d1%8b%d0%b5-%d0%be%d0%ba%d0%bd%d0%b0-%d0%b4%d0%b2%d0%b5%d1%80%d0%b8\/%d0%b0%d0%bb%d1%8e%d0%bc%d0%b8%d0%bd%d0%b8%d0%b5%d0%b2%d0%b0%d1%8f-%d1%80%d0%b0%d0%b7%d0%b4%d0%b2%d0%b8%d0%b6%d0%bd%d0%b0%d1%8f-%d0%b4%d0%b2%d0%b5%d1%80%d1%8c-el197\/"]}]},{"@type":"BreadcrumbList","@id":"https:\/\/metalpie.com\/ru\/%d0%b0%d0%bb%d1%8e%d0%bc%d0%b8%d0%bd%d0%b8%d0%b5%d0%b2%d1%8b%d0%b5-%d0%be%d0%ba%d0%bd%d0%b0-%d0%b4%d0%b2%d0%b5%d1%80%d0%b8\/%d0%b0%d0%bb%d1%8e%d0%bc%d0%b8%d0%bd%d0%b8%d0%b5%d0%b2%d0%b0%d1%8f-%d1%80%d0%b0%d0%b7%d0%b4%d0%b2%d0%b8%d0%b6%d0%bd%d0%b0%d1%8f-%d0%b4%d0%b2%d0%b5%d1%80%d1%8c-el197\/#breadcrumb","itemListElement":[{"@type":"ListItem","position":1,"name":"Home","item":"https:\/\/metalpie.com\/"},{"@type":"ListItem","position":2,"name":"Products","item":"https:\/\/metalpie.com\/shop\/"},{"@type":"ListItem","position":3,"name":"EL197 Aluminum Sliding Door"}]},{"@type":"WebSite","@id":"https:\/\/metalpie.com\/#website","url":"https:\/\/metalpie.com\/","name":"METALPIE","description":"Fabrication de pr\u00e9cision des m\u00e9taux | Outils, processus et autres","potentialAction":[{"@type":"SearchAction","target":{"@type":"EntryPoint","urlTemplate":"https:\/\/metalpie.com\/?s={search_term_string}"},"query-input":"required name=search_term_string"}],"inLanguage":"fr-FR"}]}},"_links":{"self":[{"href":"https:\/\/metalpie.com\/fr\/wp-json\/wp\/v2\/product\/2763","targetHints":{"allow":["GET"]}}],"collection":[{"href":"https:\/\/metalpie.com\/fr\/wp-json\/wp\/v2\/product"}],"about":[{"href":"https:\/\/metalpie.com\/fr\/wp-json\/wp\/v2\/types\/product"}],"replies":[{"embeddable":true,"href":"https:\/\/metalpie.com\/fr\/wp-json\/wp\/v2\/comments?post=2763"}],"wp:featuredmedia":[{"embeddable":true,"href":"https:\/\/metalpie.com\/fr\/wp-json\/wp\/v2\/media\/2764"}],"wp:attachment":[{"href":"https:\/\/metalpie.com\/fr\/wp-json\/wp\/v2\/media?parent=2763"}],"wp:term":[{"taxonomy":"product_cat","embeddable":true,"href":"https:\/\/metalpie.com\/fr\/wp-json\/wp\/v2\/product_cat?post=2763"}],"curies":[{"name":"wp","href":"https:\/\/api.w.org\/{rel}","templated":true}]}}