{"id":2731,"date":"2022-10-09T12:30:36","date_gmt":"2022-10-09T04:30:36","guid":{"rendered":"https:\/\/metalpie.com\/?post_type=product&#038;p=2731"},"modified":"2022-11-08T15:15:50","modified_gmt":"2022-11-08T07:15:50","slug":"es65-fenetre-a-double-battant-souvrant-vers-lexterieur","status":"publish","type":"product","link":"https:\/\/metalpie.com\/fr\/fenetres-en-aluminium-portes\/es65-fenetre-a-double-battant-souvrant-vers-lexterieur\/","title":{"rendered":"ES65 Fen\u00eatre \u00e0 guillotine double"},"content":{"rendered":"<section class=\"section\" id=\"section_464061944\">\n\t\t<div class=\"bg section-bg fill bg-fill  bg-loaded\" >\n\n\t\t\t\n\t\t\t\n\t\t\t\n\n\t\t<\/div>\n\n\t\t\t<div class=\"ux-shape-divider ux-shape-divider--top ux-shape-divider--style-curve-opacity\">\n\t\t<svg viewbox=\"0 0 1000 100\" xmlns=\"http:\/\/www.w3.org\/2000\/svg\" preserveaspectratio=\"none\">\n\t\t<path class=\"ux-shape-fill\" opacity=\"0.15\" d=\"M0 14C0 14 88.64 17.48 300 50C560 90 814 77 1003 40L1015 68L1018 104H0V14Z\"\/>\n\t\t<path class=\"ux-shape-fill\" opacity=\"0.3\" d=\"M0 45C0 45 271 90.13 500 77C657 68 830 30 1015 14V100H0V45Z\"\/>\n\t\t<path class=\"ux-shape-fill\" d=\"M0 58C0 58 188.29 90 508 90C798 90 1002 55 1002 55V100H0V58Z\"\/>\n<\/svg>\n\t<\/div>\n\n\n\t\t<div class=\"section-content relative\">\n\t\t\t\n<div class=\"is-divider divider clearfix\" style=\"margin-top:0px;margin-bottom:0px;max-width:0px;height:30px;\"><\/div>\n<div class=\"row row-collapse align-middle\"  id=\"row-2083230762\">\n\n\t<div id=\"col-511760492\" class=\"col medium-6 small-12 large-6\"  >\n\t\t\t\t<div class=\"col-inner\"  >\n\t\t\t\n\t\t\t\n<div class=\"row row-small align-middle\"  id=\"row-500951331\">\n\n\t<div id=\"col-721030280\" class=\"col medium-7 small-12 large-7\"  >\n\t\t\t\t<div class=\"col-inner\"  >\n\t\t\t\n\t\t\t\n\t<div class=\"img has-hover x md-x lg-x y md-y lg-y\" id=\"image_1751189217\">\n\t\t\t\t\t\t\t\t<div class=\"img-inner dark\" >\n\t\t\t<img loading=\"lazy\" decoding=\"async\" width=\"532\" height=\"366\" src=\"https:\/\/metalpie.com\/wp-content\/uploads\/2022\/09\/block_Universal_products_bottom_001.1image.jpg.webp\" class=\"attachment-original size-original\" alt=\"\" srcset=\"https:\/\/metalpie.com\/wp-content\/uploads\/2022\/09\/block_Universal_products_bottom_001.1image.jpg.webp 532w, https:\/\/metalpie.com\/wp-content\/uploads\/2022\/09\/block_Universal_products_bottom_001.1image.jpg-300x206.webp 300w\" sizes=\"auto, (max-width: 532px) 100vw, 532px\" \/>\t\t\t\t\t\t\n\t\t\t\t\t<\/div>\n\t\t\t\t\t\t\t\t\n<style>\n#image_1751189217 {\n  width: 100%;\n}\n<\/style>\n\t<\/div>\n\t\n\t\t<\/div>\n\t\t\t\t\t<\/div>\n\n\t\n\n\t<div id=\"col-1052070127\" class=\"col medium-5 small-12 large-5\"  >\n\t\t\t\t<div class=\"col-inner\"  >\n\t\t\t\n\t\t\t\n\t<div id=\"text-4213980022\" class=\"text\">\n\t\t\n<h5>Performance en mati\u00e8re d'\u00e9tanch\u00e9it\u00e9 \u00e0 l'air<\/h5>\n\t\t\n<style>\n#text-4213980022 {\n  text-align: center;\n}\n@media (min-width:550px) {\n  #text-4213980022 {\n    text-align: left;\n  }\n}\n<\/style>\n\t<\/div>\n\t\n\t<div id=\"text-1178654519\" class=\"text\">\n\t\t\n<p><b>Niveau 8<br \/><\/b>q1=0,3 m\u00b3 \/ (m.h)<br \/>q2=0,5 m\u00b3\/ ( \u33a1.h )<\/p>\n\t\t\n<style>\n#text-1178654519 {\n  text-align: center;\n}\n@media (min-width:550px) {\n  #text-1178654519 {\n    text-align: left;\n  }\n}\n<\/style>\n\t<\/div>\n\t\n\t\t<\/div>\n\t\t\t\t\t<\/div>\n\n\t\n<\/div>\n\t\t<\/div>\n\t\t\t\t\t<\/div>\n\n\t\n\n\t<div id=\"col-1170300227\" class=\"col medium-6 small-12 large-6\"  >\n\t\t\t\t<div class=\"col-inner\"  >\n\t\t\t\n\t\t\t\n<div class=\"row row-small align-middle\"  id=\"row-517199228\">\n\n\t<div id=\"col-497621412\" class=\"col medium-7 small-12 large-7\"  >\n\t\t\t\t<div class=\"col-inner\"  >\n\t\t\t\n\t\t\t\n\t<div class=\"img has-hover x md-x lg-x y md-y lg-y\" id=\"image_733622536\">\n\t\t\t\t\t\t\t\t<div class=\"img-inner dark\" >\n\t\t\t<img loading=\"lazy\" decoding=\"async\" width=\"534\" height=\"368\" src=\"https:\/\/metalpie.com\/wp-content\/uploads\/2022\/09\/block_Universal_products_bottom_002.2image.jpg.webp\" class=\"attachment-original size-original\" alt=\"\" srcset=\"https:\/\/metalpie.com\/wp-content\/uploads\/2022\/09\/block_Universal_products_bottom_002.2image.jpg.webp 534w, https:\/\/metalpie.com\/wp-content\/uploads\/2022\/09\/block_Universal_products_bottom_002.2image.jpg-300x207.webp 300w\" sizes=\"auto, (max-width: 534px) 100vw, 534px\" \/>\t\t\t\t\t\t\n\t\t\t\t\t<\/div>\n\t\t\t\t\t\t\t\t\n<style>\n#image_733622536 {\n  width: 100%;\n}\n<\/style>\n\t<\/div>\n\t\n\t\t<\/div>\n\t\t\t\t\t<\/div>\n\n\t\n\n\t<div id=\"col-1722431018\" class=\"col medium-5 small-12 large-5\"  >\n\t\t\t\t<div class=\"col-inner\"  >\n\t\t\t\n\t\t\t\n\t<div id=\"text-2037865713\" class=\"text\">\n\t\t\n<h5>R\u00e9sistance \u00e0 la pression du vent<\/h5>\n\t\t\n<style>\n#text-2037865713 {\n  text-align: center;\n}\n@media (min-width:550px) {\n  #text-2037865713 {\n    text-align: left;\n  }\n}\n<\/style>\n\t<\/div>\n\t\n\t<div id=\"text-1636277472\" class=\"text\">\n\t\t\n<p><strong>Niveau 9<\/strong><br \/>p3=5,0 Kpa<\/p>\n\t\t\n<style>\n#text-1636277472 {\n  text-align: center;\n}\n@media (min-width:550px) {\n  #text-1636277472 {\n    text-align: left;\n  }\n}\n<\/style>\n\t<\/div>\n\t\n\t\t<\/div>\n\t\t\t\t\t<\/div>\n\n\t\n<\/div>\n\t\t<\/div>\n\t\t\t\t\t<\/div>\n\n\t\n\n\t<div id=\"col-1973152091\" class=\"col medium-6 small-12 large-6\"  >\n\t\t\t\t<div class=\"col-inner\"  >\n\t\t\t\n\t\t\t\n<div class=\"row row-small align-middle\"  id=\"row-765027878\">\n\n\t<div id=\"col-1647535453\" class=\"col medium-7 small-12 large-7\"  >\n\t\t\t\t<div class=\"col-inner\"  >\n\t\t\t\n\t\t\t\n\t<div class=\"img has-hover x md-x lg-x y md-y lg-y\" id=\"image_349596709\">\n\t\t\t\t\t\t\t\t<div class=\"img-inner dark\" >\n\t\t\t<img loading=\"lazy\" decoding=\"async\" width=\"531\" height=\"366\" src=\"https:\/\/metalpie.com\/wp-content\/uploads\/2022\/09\/block_Universal_products_bottom_003.3image.jpg.webp\" class=\"attachment-original size-original\" alt=\"\" srcset=\"https:\/\/metalpie.com\/wp-content\/uploads\/2022\/09\/block_Universal_products_bottom_003.3image.jpg.webp 531w, https:\/\/metalpie.com\/wp-content\/uploads\/2022\/09\/block_Universal_products_bottom_003.3image.jpg-300x207.webp 300w\" sizes=\"auto, (max-width: 531px) 100vw, 531px\" \/>\t\t\t\t\t\t\n\t\t\t\t\t<\/div>\n\t\t\t\t\t\t\t\t\n<style>\n#image_349596709 {\n  width: 100%;\n}\n<\/style>\n\t<\/div>\n\t\n\t\t<\/div>\n\t\t\t\t\t<\/div>\n\n\t\n\n\t<div id=\"col-451817683\" class=\"col medium-5 small-12 large-5\"  >\n\t\t\t\t<div class=\"col-inner\"  >\n\t\t\t\n\t\t\t\n\t<div id=\"text-3923285693\" class=\"text\">\n\t\t\n<h5>Performance d'\u00e9tanch\u00e9it\u00e9<\/h5>\n\t\t\n<style>\n#text-3923285693 {\n  text-align: center;\n}\n@media (min-width:550px) {\n  #text-3923285693 {\n    text-align: left;\n  }\n}\n<\/style>\n\t<\/div>\n\t\n\t<div id=\"text-2246135986\" class=\"text\">\n\t\t\n<p><strong>Niveau 6<\/strong><br \/>\u25b3P=700 pa<\/p>\n\t\t\n<style>\n#text-2246135986 {\n  text-align: center;\n}\n@media (min-width:550px) {\n  #text-2246135986 {\n    text-align: left;\n  }\n}\n<\/style>\n\t<\/div>\n\t\n\t\t<\/div>\n\t\t\t\t\t<\/div>\n\n\t\n<\/div>\n\t\t<\/div>\n\t\t\t\t\t<\/div>\n\n\t\n\n\t<div id=\"col-1873289110\" class=\"col medium-6 small-12 large-6\"  >\n\t\t\t\t<div class=\"col-inner\"  >\n\t\t\t\n\t\t\t\n<div class=\"row row-small align-middle\"  id=\"row-1687245742\">\n\n\t<div id=\"col-1833288935\" class=\"col medium-7 small-12 large-7\"  >\n\t\t\t\t<div class=\"col-inner\"  >\n\t\t\t\n\t\t\t\n\t<div class=\"img has-hover x md-x lg-x y md-y lg-y\" id=\"image_1245524961\">\n\t\t\t\t\t\t\t\t<div class=\"img-inner dark\" >\n\t\t\t<img loading=\"lazy\" decoding=\"async\" width=\"531\" height=\"365\" src=\"https:\/\/metalpie.com\/wp-content\/uploads\/2022\/09\/block_Universal_products_bottom_004.4image.jpg.webp\" class=\"attachment-original size-original\" alt=\"\" srcset=\"https:\/\/metalpie.com\/wp-content\/uploads\/2022\/09\/block_Universal_products_bottom_004.4image.jpg.webp 531w, https:\/\/metalpie.com\/wp-content\/uploads\/2022\/09\/block_Universal_products_bottom_004.4image.jpg-300x206.webp 300w\" sizes=\"auto, (max-width: 531px) 100vw, 531px\" \/>\t\t\t\t\t\t\n\t\t\t\t\t<\/div>\n\t\t\t\t\t\t\t\t\n<style>\n#image_1245524961 {\n  width: 100%;\n}\n<\/style>\n\t<\/div>\n\t\n\t\t<\/div>\n\t\t\t\t\t<\/div>\n\n\t\n\n\t<div id=\"col-716470907\" class=\"col medium-5 small-12 large-5\"  >\n\t\t\t\t<div class=\"col-inner\"  >\n\t\t\t\n\t\t\t\n\t<div id=\"text-3693231651\" class=\"text\">\n\t\t\n<h5>Performance de l'isolation<\/h5>\n\t\t\n<style>\n#text-3693231651 {\n  text-align: center;\n}\n@media (min-width:550px) {\n  #text-3693231651 {\n    text-align: left;\n  }\n}\n<\/style>\n\t<\/div>\n\t\n\t<div id=\"text-4150681146\" class=\"text\">\n\t\t\n<p><strong>Niveau 7<\/strong><br \/>K=1,8~ 2,2W\/(\u33a1.K)<\/p>\n\t\t\n<style>\n#text-4150681146 {\n  text-align: center;\n}\n@media (min-width:550px) {\n  #text-4150681146 {\n    text-align: left;\n  }\n}\n<\/style>\n\t<\/div>\n\t\n\t\t<\/div>\n\t\t\t\t\t<\/div>\n\n\t\n<\/div>\n\t\t<\/div>\n\t\t\t\t\t<\/div>\n\n\t\n\n<style>\n#row-2083230762 > .col > .col-inner {\n  padding: 0px 20px 0px 20px;\n}\n<\/style>\n<\/div>\n\t\t<\/div>\n\n\t\t\n<style>\n#section_464061944 {\n  padding-top: 0px;\n  padding-bottom: 0px;\n  background-color: rgb(245, 245, 245);\n}\n#section_464061944 .ux-shape-divider--top svg {\n  height: 143px;\n  --divider-top-width: 100%;\n}\n<\/style>\n\t<\/section>","protected":false},"excerpt":{"rendered":"<p>La fen\u00eatre \u00e0 double battant ES65 est une fen\u00eatre qui s'ouvre vers l'ext\u00e9rieur, ce qui est tr\u00e8s s\u00fbr lorsque les enfants jouent sous la fen\u00eatre. Les fen\u00eatres qui s'ouvrent vers l'ext\u00e9rieur permettent \u00e9galement de gagner de la place. Bien qu'il s'agisse d'une grande fen\u00eatre, son cadre en aluminium peut r\u00e9sister aux vents violents par mauvais temps. Cette fen\u00eatre convient aux endroits o\u00f9 le temps est changeant.<\/p>","protected":false},"featured_media":2727,"comment_status":"closed","ping_status":"closed","template":"","meta":[],"product_cat":[15],"class_list":["post-2731","product","type-product","status-publish","has-post-thumbnail","hentry","product_cat-aluminum-windows-doors"],"yoast_head":"<!-- This site is optimized with the Yoast SEO plugin v21.5 - https:\/\/yoast.com\/wordpress\/plugins\/seo\/ -->\n<title>ES65 Double Sash Window | Windows that open outward<\/title>\n<meta name=\"description\" content=\"ES65 double sash window is a sliding window that opens outward. Its window frames are good aluminum profiles that are solid and can resist strong winds.\" \/>\n<meta name=\"robots\" content=\"index, follow, max-snippet:-1, max-image-preview:large, max-video-preview:-1\" \/>\n<link rel=\"canonical\" href=\"https:\/\/metalpie.com\/fr\/fenetres-en-aluminium-portes\/es65-fenetre-a-double-battant-souvrant-vers-lexterieur\/\" \/>\n<meta property=\"og:locale\" content=\"fr_FR\" \/>\n<meta property=\"og:type\" content=\"article\" \/>\n<meta property=\"og:title\" content=\"ES65 Double Sash Window | Windows that open outward\" \/>\n<meta property=\"og:description\" content=\"ES65 double sash window is a sliding window that opens outward. Its window frames are good aluminum profiles that are solid and can resist strong winds.\" \/>\n<meta property=\"og:url\" content=\"https:\/\/metalpie.com\/fr\/fenetres-en-aluminium-portes\/es65-fenetre-a-double-battant-souvrant-vers-lexterieur\/\" \/>\n<meta property=\"og:site_name\" content=\"METALPIE\" \/>\n<meta property=\"article:modified_time\" content=\"2022-11-08T07:15:50+00:00\" \/>\n<meta property=\"og:image\" content=\"https:\/\/metalpie.com\/wp-content\/uploads\/2022\/10\/ES65_double_sash_outward_open_window_001image.webp\" \/>\n\t<meta property=\"og:image:width\" content=\"1000\" \/>\n\t<meta property=\"og:image:height\" content=\"1000\" \/>\n\t<meta property=\"og:image:type\" content=\"image\/webp\" \/>\n<meta name=\"twitter:card\" content=\"summary_large_image\" \/>\n<script type=\"application\/ld+json\" class=\"yoast-schema-graph\">{\"@context\":\"https:\/\/schema.org\",\"@graph\":[{\"@type\":\"WebPage\",\"@id\":\"https:\/\/metalpie.com\/es\/ventanas-puertas-de-aluminio\/es65-ventana-de-doble-hoja-con-apertura-hacia-el-exterior\/\",\"url\":\"https:\/\/metalpie.com\/es\/ventanas-puertas-de-aluminio\/es65-ventana-de-doble-hoja-con-apertura-hacia-el-exterior\/\",\"name\":\"ES65 Double Sash Window | Windows that open outward\",\"isPartOf\":{\"@id\":\"https:\/\/metalpie.com\/#website\"},\"datePublished\":\"2022-10-09T04:30:36+00:00\",\"dateModified\":\"2022-11-08T07:15:50+00:00\",\"description\":\"ES65 double sash window is a sliding window that opens outward. Its window frames are good aluminum profiles that are solid and can resist strong winds.\",\"breadcrumb\":{\"@id\":\"https:\/\/metalpie.com\/es\/ventanas-puertas-de-aluminio\/es65-ventana-de-doble-hoja-con-apertura-hacia-el-exterior\/#breadcrumb\"},\"inLanguage\":\"fr-FR\",\"potentialAction\":[{\"@type\":\"ReadAction\",\"target\":[\"https:\/\/metalpie.com\/es\/ventanas-puertas-de-aluminio\/es65-ventana-de-doble-hoja-con-apertura-hacia-el-exterior\/\"]}]},{\"@type\":\"BreadcrumbList\",\"@id\":\"https:\/\/metalpie.com\/es\/ventanas-puertas-de-aluminio\/es65-ventana-de-doble-hoja-con-apertura-hacia-el-exterior\/#breadcrumb\",\"itemListElement\":[{\"@type\":\"ListItem\",\"position\":1,\"name\":\"Home\",\"item\":\"https:\/\/metalpie.com\/\"},{\"@type\":\"ListItem\",\"position\":2,\"name\":\"Products\",\"item\":\"https:\/\/metalpie.com\/shop\/\"},{\"@type\":\"ListItem\",\"position\":3,\"name\":\"ES65 Double Sash Window\"}]},{\"@type\":\"WebSite\",\"@id\":\"https:\/\/metalpie.com\/#website\",\"url\":\"https:\/\/metalpie.com\/\",\"name\":\"METALPIE\",\"description\":\"Precision Metal Fabrication | Tools, Processes &amp; More\",\"potentialAction\":[{\"@type\":\"SearchAction\",\"target\":{\"@type\":\"EntryPoint\",\"urlTemplate\":\"https:\/\/metalpie.com\/?s={search_term_string}\"},\"query-input\":\"required name=search_term_string\"}],\"inLanguage\":\"fr-FR\"}]}<\/script>\n<!-- \/ Yoast SEO plugin. -->","yoast_head_json":{"title":"ES65 Double Sash Window | Fen\u00eatres qui s'ouvrent vers l'ext\u00e9rieur","description":"La fen\u00eatre \u00e0 double battant ES65 est une fen\u00eatre coulissante qui s'ouvre vers l'ext\u00e9rieur. Ses ch\u00e2ssis sont de bons profil\u00e9s en aluminium, solides et r\u00e9sistants aux vents violents.","robots":{"index":"index","follow":"follow","max-snippet":"max-snippet:-1","max-image-preview":"max-image-preview:large","max-video-preview":"max-video-preview:-1"},"canonical":"https:\/\/metalpie.com\/fr\/fenetres-en-aluminium-portes\/es65-fenetre-a-double-battant-souvrant-vers-lexterieur\/","og_locale":"fr_FR","og_type":"article","og_title":"ES65 Double Sash Window | Windows that open outward","og_description":"ES65 double sash window is a sliding window that opens outward. Its window frames are good aluminum profiles that are solid and can resist strong winds.","og_url":"https:\/\/metalpie.com\/fr\/fenetres-en-aluminium-portes\/es65-fenetre-a-double-battant-souvrant-vers-lexterieur\/","og_site_name":"METALPIE","article_modified_time":"2022-11-08T07:15:50+00:00","og_image":[{"width":1000,"height":1000,"url":"https:\/\/metalpie.com\/wp-content\/uploads\/2022\/10\/ES65_double_sash_outward_open_window_001image.webp","type":"image\/webp"}],"twitter_card":"summary_large_image","schema":{"@context":"https:\/\/schema.org","@graph":[{"@type":"WebPage","@id":"https:\/\/metalpie.com\/es\/ventanas-puertas-de-aluminio\/es65-ventana-de-doble-hoja-con-apertura-hacia-el-exterior\/","url":"https:\/\/metalpie.com\/es\/ventanas-puertas-de-aluminio\/es65-ventana-de-doble-hoja-con-apertura-hacia-el-exterior\/","name":"ES65 Double Sash Window | Fen\u00eatres qui s'ouvrent vers l'ext\u00e9rieur","isPartOf":{"@id":"https:\/\/metalpie.com\/#website"},"datePublished":"2022-10-09T04:30:36+00:00","dateModified":"2022-11-08T07:15:50+00:00","description":"La fen\u00eatre \u00e0 double battant ES65 est une fen\u00eatre coulissante qui s'ouvre vers l'ext\u00e9rieur. Ses ch\u00e2ssis sont de bons profil\u00e9s en aluminium, solides et r\u00e9sistants aux vents violents.","breadcrumb":{"@id":"https:\/\/metalpie.com\/es\/ventanas-puertas-de-aluminio\/es65-ventana-de-doble-hoja-con-apertura-hacia-el-exterior\/#breadcrumb"},"inLanguage":"fr-FR","potentialAction":[{"@type":"ReadAction","target":["https:\/\/metalpie.com\/es\/ventanas-puertas-de-aluminio\/es65-ventana-de-doble-hoja-con-apertura-hacia-el-exterior\/"]}]},{"@type":"BreadcrumbList","@id":"https:\/\/metalpie.com\/es\/ventanas-puertas-de-aluminio\/es65-ventana-de-doble-hoja-con-apertura-hacia-el-exterior\/#breadcrumb","itemListElement":[{"@type":"ListItem","position":1,"name":"Home","item":"https:\/\/metalpie.com\/"},{"@type":"ListItem","position":2,"name":"Products","item":"https:\/\/metalpie.com\/shop\/"},{"@type":"ListItem","position":3,"name":"ES65 Double Sash Window"}]},{"@type":"WebSite","@id":"https:\/\/metalpie.com\/#website","url":"https:\/\/metalpie.com\/","name":"METALPIE","description":"Fabrication de pr\u00e9cision des m\u00e9taux | Outils, processus et autres","potentialAction":[{"@type":"SearchAction","target":{"@type":"EntryPoint","urlTemplate":"https:\/\/metalpie.com\/?s={search_term_string}"},"query-input":"required name=search_term_string"}],"inLanguage":"fr-FR"}]}},"_links":{"self":[{"href":"https:\/\/metalpie.com\/fr\/wp-json\/wp\/v2\/product\/2731","targetHints":{"allow":["GET"]}}],"collection":[{"href":"https:\/\/metalpie.com\/fr\/wp-json\/wp\/v2\/product"}],"about":[{"href":"https:\/\/metalpie.com\/fr\/wp-json\/wp\/v2\/types\/product"}],"replies":[{"embeddable":true,"href":"https:\/\/metalpie.com\/fr\/wp-json\/wp\/v2\/comments?post=2731"}],"wp:featuredmedia":[{"embeddable":true,"href":"https:\/\/metalpie.com\/fr\/wp-json\/wp\/v2\/media\/2727"}],"wp:attachment":[{"href":"https:\/\/metalpie.com\/fr\/wp-json\/wp\/v2\/media?parent=2731"}],"wp:term":[{"taxonomy":"product_cat","embeddable":true,"href":"https:\/\/metalpie.com\/fr\/wp-json\/wp\/v2\/product_cat?post=2731"}],"curies":[{"name":"wp","href":"https:\/\/api.w.org\/{rel}","templated":true}]}}