{"id":2716,"date":"2022-10-09T11:57:11","date_gmt":"2022-10-09T03:57:11","guid":{"rendered":"https:\/\/metalpie.com\/?post_type=product&#038;p=2716"},"modified":"2022-11-16T15:59:35","modified_gmt":"2022-11-16T07:59:35","slug":"fenetre-a-battant-es65","status":"publish","type":"product","link":"https:\/\/metalpie.com\/fr\/fenetres-en-aluminium-portes\/fenetre-a-battant-es65\/","title":{"rendered":"ES65 Fen\u00eatre \u00e0 battant"},"content":{"rendered":"<section class=\"section\" id=\"section_1550080225\">\n\t\t<div class=\"bg section-bg fill bg-fill  bg-loaded\" >\n\n\t\t\t\n\t\t\t\n\t\t\t\n\n\t\t<\/div>\n\n\t\t\n\n\t\t<div class=\"section-content relative\">\n\t\t\t\n<div class=\"row\"  id=\"row-1727234842\">\n\n\t<div id=\"col-541539424\" class=\"col small-12 large-12\"  >\n\t\t\t\t<div class=\"col-inner\"  >\n\t\t\t\n\t\t\t\n<h2>ES65 Fen\u00eatre \u00e0 battant Description<\/h2>\n<p>Il adopte une conception en aluminium \u00e0 pont bris\u00e9, ce qui lui conf\u00e8re de bonnes performances en mati\u00e8re d'isolation thermique. Pour une meilleure isolation acoustique, il utilise un double vitrage. Si vous l'installez dans votre chambre \u00e0 coucher, tous les bruits sont r\u00e9duits et vous b\u00e9n\u00e9ficiez d'un sommeil confortable.<br \/>Il existe deux types d'ES65. L'un est une fen\u00eatre qui s'ouvre vers l'int\u00e9rieur. L'autre est une fen\u00eatre s'ouvrant vers l'ext\u00e9rieur. Vous pouvez choisir l'un ou l'autre en fonction de vos pr\u00e9f\u00e9rences.<\/p>\n<h2><span data-preserver-spaces=\"true\">Quincaillerie de fen\u00eatre en aluminium<\/span><\/h2>\n<ul>\n<li><span data-preserver-spaces=\"true\">Charni\u00e8re de fen\u00eatre. D'excellentes charni\u00e8res de fen\u00eatre sont solides et r\u00e9sistantes \u00e0 l'usure. Elles permettent non seulement d'ouvrir facilement les fen\u00eatres, mais aussi de les soutenir en cas de mauvais temps.<\/span><\/li>\n<li><span data-preserver-spaces=\"true\">Poign\u00e9e de fen\u00eatre. Elle est fabriqu\u00e9e dans un mat\u00e9riau de haute qualit\u00e9. Vous n'avez donc pas \u00e0 vous inqui\u00e9ter si elle se casse ou se d\u00e9tache facilement. Le rev\u00eatement de la surface ne s'enl\u00e8ve pas non plus gr\u00e2ce \u00e0 un processus sp\u00e9cial.<\/span><\/li>\n<\/ul>\n<h2>Couleur et taille<\/h2>\n<p>Nous utilisons cinq proc\u00e9d\u00e9s : le rev\u00eatement par poudre, le rev\u00eatement PVDF, le grain de bois, l'anodisation et l'\u00e9lectrophor\u00e8se pour colorer les cadres de fen\u00eatres en aluminium. Des couleurs et des tailles personnalis\u00e9es sont \u00e9galement disponibles.<\/p>\n<h2>Caract\u00e9ristiques<\/h2>\n<ul>\n<li>Grande surface d'ouverture et vue \u00e9tendue<\/li>\n<li>Moins de profils et un traitement simple<\/li>\n<li>Excellente isolation thermique, \u00e9tanch\u00e9it\u00e9 \u00e0 l'air, \u00e9tanch\u00e9it\u00e9 \u00e0 l'eau, r\u00e9sistance \u00e0 la pression du vent et isolation acoustique.<\/li>\n<li>Charni\u00e8res et poign\u00e9e de fen\u00eatre de haute qualit\u00e9.<\/li>\n<\/ul>\n\t\t<\/div>\n\t\t\t\t\t<\/div>\n\n\t\n<\/div>\n\t\t<\/div>\n\n\t\t\n<style>\n#section_1550080225 {\n  padding-top: 30px;\n  padding-bottom: 30px;\n}\n<\/style>\n\t<\/section>\n\t\n\t<section class=\"section\" id=\"section_366212782\">\n\t\t<div class=\"bg section-bg fill bg-fill  bg-loaded\" >\n\n\t\t\t\n\t\t\t\n\t\t\t\n\n\t\t<\/div>\n\n\t\t\t<div class=\"ux-shape-divider ux-shape-divider--top ux-shape-divider--style-curve-opacity\">\n\t\t<svg viewbox=\"0 0 1000 100\" xmlns=\"http:\/\/www.w3.org\/2000\/svg\" preserveaspectratio=\"none\">\n\t\t<path class=\"ux-shape-fill\" opacity=\"0.15\" d=\"M0 14C0 14 88.64 17.48 300 50C560 90 814 77 1003 40L1015 68L1018 104H0V14Z\"\/>\n\t\t<path class=\"ux-shape-fill\" opacity=\"0.3\" d=\"M0 45C0 45 271 90.13 500 77C657 68 830 30 1015 14V100H0V45Z\"\/>\n\t\t<path class=\"ux-shape-fill\" d=\"M0 58C0 58 188.29 90 508 90C798 90 1002 55 1002 55V100H0V58Z\"\/>\n<\/svg>\n\t<\/div>\n\n\n\t\t<div class=\"section-content relative\">\n\t\t\t\n<div class=\"is-divider divider clearfix\" style=\"margin-top:0px;margin-bottom:0px;max-width:0px;height:30px;\"><\/div>\n<div class=\"row row-collapse align-middle\"  id=\"row-386830389\">\n\n\t<div id=\"col-675924238\" class=\"col medium-6 small-12 large-6\"  >\n\t\t\t\t<div class=\"col-inner\"  >\n\t\t\t\n\t\t\t\n<div class=\"row row-small align-middle\"  id=\"row-136407518\">\n\n\t<div id=\"col-1100505329\" class=\"col medium-7 small-12 large-7\"  >\n\t\t\t\t<div class=\"col-inner\"  >\n\t\t\t\n\t\t\t\n\t<div class=\"img has-hover x md-x lg-x y md-y lg-y\" id=\"image_1445792150\">\n\t\t\t\t\t\t\t\t<div class=\"img-inner dark\" >\n\t\t\t<img loading=\"lazy\" decoding=\"async\" width=\"532\" height=\"366\" src=\"https:\/\/metalpie.com\/wp-content\/uploads\/2022\/09\/block_Universal_products_bottom_001.1image.jpg.webp\" class=\"attachment-original size-original\" alt=\"\" srcset=\"https:\/\/metalpie.com\/wp-content\/uploads\/2022\/09\/block_Universal_products_bottom_001.1image.jpg.webp 532w, https:\/\/metalpie.com\/wp-content\/uploads\/2022\/09\/block_Universal_products_bottom_001.1image.jpg-300x206.webp 300w\" sizes=\"auto, (max-width: 532px) 100vw, 532px\" \/>\t\t\t\t\t\t\n\t\t\t\t\t<\/div>\n\t\t\t\t\t\t\t\t\n<style>\n#image_1445792150 {\n  width: 100%;\n}\n<\/style>\n\t<\/div>\n\t\n\t\t<\/div>\n\t\t\t\t\t<\/div>\n\n\t\n\n\t<div id=\"col-1025219536\" class=\"col medium-5 small-12 large-5\"  >\n\t\t\t\t<div class=\"col-inner\"  >\n\t\t\t\n\t\t\t\n\t<div id=\"text-538741423\" class=\"text\">\n\t\t\n<h5>Performance en mati\u00e8re d'\u00e9tanch\u00e9it\u00e9 \u00e0 l'air<\/h5>\n\t\t\n<style>\n#text-538741423 {\n  text-align: center;\n}\n@media (min-width:550px) {\n  #text-538741423 {\n    text-align: left;\n  }\n}\n<\/style>\n\t<\/div>\n\t\n\t<div id=\"text-601149547\" class=\"text\">\n\t\t\n<p><b>Niveau 8<\/b><\/p>\n\t\t\n<style>\n#text-601149547 {\n  text-align: center;\n}\n@media (min-width:550px) {\n  #text-601149547 {\n    text-align: left;\n  }\n}\n<\/style>\n\t<\/div>\n\t\n\t\t<\/div>\n\t\t\t\t\t<\/div>\n\n\t\n<\/div>\n\t\t<\/div>\n\t\t\t\t\t<\/div>\n\n\t\n\n\t<div id=\"col-23973605\" class=\"col medium-6 small-12 large-6\"  >\n\t\t\t\t<div class=\"col-inner\"  >\n\t\t\t\n\t\t\t\n<div class=\"row row-small align-middle\"  id=\"row-1880996552\">\n\n\t<div id=\"col-1398177400\" class=\"col medium-7 small-12 large-7\"  >\n\t\t\t\t<div class=\"col-inner\"  >\n\t\t\t\n\t\t\t\n\t<div class=\"img has-hover x md-x lg-x y md-y lg-y\" id=\"image_1087411271\">\n\t\t\t\t\t\t\t\t<div class=\"img-inner dark\" >\n\t\t\t<img loading=\"lazy\" decoding=\"async\" width=\"534\" height=\"368\" src=\"https:\/\/metalpie.com\/wp-content\/uploads\/2022\/09\/block_Universal_products_bottom_002.2image.jpg.webp\" class=\"attachment-original size-original\" alt=\"\" srcset=\"https:\/\/metalpie.com\/wp-content\/uploads\/2022\/09\/block_Universal_products_bottom_002.2image.jpg.webp 534w, https:\/\/metalpie.com\/wp-content\/uploads\/2022\/09\/block_Universal_products_bottom_002.2image.jpg-300x207.webp 300w\" sizes=\"auto, (max-width: 534px) 100vw, 534px\" \/>\t\t\t\t\t\t\n\t\t\t\t\t<\/div>\n\t\t\t\t\t\t\t\t\n<style>\n#image_1087411271 {\n  width: 100%;\n}\n<\/style>\n\t<\/div>\n\t\n\t\t<\/div>\n\t\t\t\t\t<\/div>\n\n\t\n\n\t<div id=\"col-1629227663\" class=\"col medium-5 small-12 large-5\"  >\n\t\t\t\t<div class=\"col-inner\"  >\n\t\t\t\n\t\t\t\n\t<div id=\"text-2009136801\" class=\"text\">\n\t\t\n<h5>R\u00e9sistance \u00e0 la pression du vent<\/h5>\n\t\t\n<style>\n#text-2009136801 {\n  text-align: center;\n}\n@media (min-width:550px) {\n  #text-2009136801 {\n    text-align: left;\n  }\n}\n<\/style>\n\t<\/div>\n\t\n\t<div id=\"text-2528639352\" class=\"text\">\n\t\t\n<p><strong>Niveau 9<\/strong><\/p>\n\t\t\n<style>\n#text-2528639352 {\n  text-align: center;\n}\n@media (min-width:550px) {\n  #text-2528639352 {\n    text-align: left;\n  }\n}\n<\/style>\n\t<\/div>\n\t\n\t\t<\/div>\n\t\t\t\t\t<\/div>\n\n\t\n<\/div>\n\t\t<\/div>\n\t\t\t\t\t<\/div>\n\n\t\n\n\t<div id=\"col-792411983\" class=\"col medium-6 small-12 large-6\"  >\n\t\t\t\t<div class=\"col-inner\"  >\n\t\t\t\n\t\t\t\n<div class=\"row row-small align-middle\"  id=\"row-1828320798\">\n\n\t<div id=\"col-1895852594\" class=\"col medium-7 small-12 large-7\"  >\n\t\t\t\t<div class=\"col-inner\"  >\n\t\t\t\n\t\t\t\n\t<div class=\"img has-hover x md-x lg-x y md-y lg-y\" id=\"image_285818706\">\n\t\t\t\t\t\t\t\t<div class=\"img-inner dark\" >\n\t\t\t<img loading=\"lazy\" decoding=\"async\" width=\"531\" height=\"366\" src=\"https:\/\/metalpie.com\/wp-content\/uploads\/2022\/09\/block_Universal_products_bottom_003.3image.jpg.webp\" class=\"attachment-original size-original\" alt=\"\" srcset=\"https:\/\/metalpie.com\/wp-content\/uploads\/2022\/09\/block_Universal_products_bottom_003.3image.jpg.webp 531w, https:\/\/metalpie.com\/wp-content\/uploads\/2022\/09\/block_Universal_products_bottom_003.3image.jpg-300x207.webp 300w\" sizes=\"auto, (max-width: 531px) 100vw, 531px\" \/>\t\t\t\t\t\t\n\t\t\t\t\t<\/div>\n\t\t\t\t\t\t\t\t\n<style>\n#image_285818706 {\n  width: 100%;\n}\n<\/style>\n\t<\/div>\n\t\n\t\t<\/div>\n\t\t\t\t\t<\/div>\n\n\t\n\n\t<div id=\"col-749202426\" class=\"col medium-5 small-12 large-5\"  >\n\t\t\t\t<div class=\"col-inner\"  >\n\t\t\t\n\t\t\t\n\t<div id=\"text-3228205410\" class=\"text\">\n\t\t\n<h5>Performance d'\u00e9tanch\u00e9it\u00e9<\/h5>\n\t\t\n<style>\n#text-3228205410 {\n  text-align: center;\n}\n@media (min-width:550px) {\n  #text-3228205410 {\n    text-align: left;\n  }\n}\n<\/style>\n\t<\/div>\n\t\n\t<div id=\"text-3452478053\" class=\"text\">\n\t\t\n<p><strong>Niveau 6<\/strong><\/p>\n\t\t\n<style>\n#text-3452478053 {\n  text-align: center;\n}\n@media (min-width:550px) {\n  #text-3452478053 {\n    text-align: left;\n  }\n}\n<\/style>\n\t<\/div>\n\t\n\t\t<\/div>\n\t\t\t\t\t<\/div>\n\n\t\n<\/div>\n\t\t<\/div>\n\t\t\t\t\t<\/div>\n\n\t\n\n\t<div id=\"col-1520692494\" class=\"col medium-6 small-12 large-6\"  >\n\t\t\t\t<div class=\"col-inner\"  >\n\t\t\t\n\t\t\t\n<div class=\"row row-small align-middle\"  id=\"row-1568104225\">\n\n\t<div id=\"col-661382407\" class=\"col medium-7 small-12 large-7\"  >\n\t\t\t\t<div class=\"col-inner\"  >\n\t\t\t\n\t\t\t\n\t<div class=\"img has-hover x md-x lg-x y md-y lg-y\" id=\"image_172750914\">\n\t\t\t\t\t\t\t\t<div class=\"img-inner dark\" >\n\t\t\t<img loading=\"lazy\" decoding=\"async\" width=\"531\" height=\"365\" src=\"https:\/\/metalpie.com\/wp-content\/uploads\/2022\/09\/block_Universal_products_bottom_004.4image.jpg.webp\" class=\"attachment-original size-original\" alt=\"\" srcset=\"https:\/\/metalpie.com\/wp-content\/uploads\/2022\/09\/block_Universal_products_bottom_004.4image.jpg.webp 531w, https:\/\/metalpie.com\/wp-content\/uploads\/2022\/09\/block_Universal_products_bottom_004.4image.jpg-300x206.webp 300w\" sizes=\"auto, (max-width: 531px) 100vw, 531px\" \/>\t\t\t\t\t\t\n\t\t\t\t\t<\/div>\n\t\t\t\t\t\t\t\t\n<style>\n#image_172750914 {\n  width: 100%;\n}\n<\/style>\n\t<\/div>\n\t\n\t\t<\/div>\n\t\t\t\t\t<\/div>\n\n\t\n\n\t<div id=\"col-244062144\" class=\"col medium-5 small-12 large-5\"  >\n\t\t\t\t<div class=\"col-inner\"  >\n\t\t\t\n\t\t\t\n\t<div id=\"text-1662897958\" class=\"text\">\n\t\t\n<h5>Performance de l'isolation<\/h5>\n\t\t\n<style>\n#text-1662897958 {\n  text-align: center;\n}\n@media (min-width:550px) {\n  #text-1662897958 {\n    text-align: left;\n  }\n}\n<\/style>\n\t<\/div>\n\t\n\t<div id=\"text-2266531277\" class=\"text\">\n\t\t\n<p>K=1,5~ 2,0W\/(\u33a1.K)<\/p>\n\t\t\n<style>\n#text-2266531277 {\n  text-align: center;\n}\n@media (min-width:550px) {\n  #text-2266531277 {\n    text-align: left;\n  }\n}\n<\/style>\n\t<\/div>\n\t\n\t\t<\/div>\n\t\t\t\t\t<\/div>\n\n\t\n<\/div>\n\t\t<\/div>\n\t\t\t\t\t<\/div>\n\n\t\n\n<style>\n#row-386830389 > .col > .col-inner {\n  padding: 0px 20px 0px 20px;\n}\n<\/style>\n<\/div>\n\t\t<\/div>\n\n\t\t\n<style>\n#section_366212782 {\n  padding-top: 0px;\n  padding-bottom: 0px;\n  background-color: rgb(245, 245, 245);\n}\n#section_366212782 .ux-shape-divider--top svg {\n  height: 143px;\n  --divider-top-width: 100%;\n}\n<\/style>\n\t<\/section>\n\t\n\t<section class=\"section\" id=\"section_1867446591\">\n\t\t<div class=\"bg section-bg fill bg-fill  bg-loaded\" >\n\n\t\t\t\n\t\t\t\n\t\t\t\n\n\t\t<\/div>\n\n\t\t\n\n\t\t<div class=\"section-content relative\">\n\t\t\t\n<div class=\"row\"  id=\"row-364747999\">\n\n\t<div id=\"col-1588878086\" class=\"col small-12 large-12\"  >\n\t\t\t\t<div class=\"col-inner\"  >\n\t\t\t\n\t\t\t\n<h2>Domaines d'application de la fen\u00eatre \u00e0 battant ES65<\/h2>\n<ul>\n<li>Maisons<\/li>\n<li>Immeubles de bureaux<\/li>\n<li>Centres commerciaux<\/li>\n<\/ul>\n\t\t<\/div>\n\t\t\t\t\t<\/div>\n\n\t\n<\/div>\n\t\t<\/div>\n\n\t\t\n<style>\n#section_1867446591 {\n  padding-top: 30px;\n  padding-bottom: 30px;\n}\n<\/style>\n\t<\/section>\n\t\n\t<section class=\"section\" id=\"section_1400874866\">\n\t\t<div class=\"bg section-bg fill bg-fill  bg-loaded\" >\n\n\t\t\t\n\t\t\t<div class=\"section-bg-overlay absolute fill\"><\/div>\n\t\t\t\n\n\t\t<\/div>\n\n\t\t\n\n\t\t<div class=\"section-content relative\">\n\t\t\t\n<div class=\"is-divider divider clearfix\" style=\"margin-top:0.0em;margin-bottom:0.0em;max-width:0px;height:20px;\"><\/div>\n<div class=\"row row-large align-middle\"  id=\"row-50198981\">\n\n\t<div id=\"col-1694399235\" class=\"col medium-6 small-12 large-6\"  >\n\t\t\t\t<div class=\"col-inner\"  >\n\t\t\t\n\t\t\t\n\t<div class=\"img has-hover x md-x lg-x y md-y lg-y\" id=\"image_1585629310\">\n\t\t\t\t\t\t\t\t<div class=\"img-inner dark\" >\n\t\t\t<img loading=\"lazy\" decoding=\"async\" width=\"1020\" height=\"1020\" src=\"https:\/\/metalpie.com\/wp-content\/uploads\/2022\/11\/es65_aluminum_casement_window-1-1030x1030.webp\" class=\"attachment-large size-large\" alt=\"es65 fen\u00eatre \u00e0 battant en aluminium \u00e9chantillon\" srcset=\"https:\/\/metalpie.com\/wp-content\/uploads\/2022\/11\/es65_aluminum_casement_window-1-1030x1030.webp 1030w, https:\/\/metalpie.com\/wp-content\/uploads\/2022\/11\/es65_aluminum_casement_window-1-300x300.webp 300w, https:\/\/metalpie.com\/wp-content\/uploads\/2022\/11\/es65_aluminum_casement_window-1-80x80.webp 80w, https:\/\/metalpie.com\/wp-content\/uploads\/2022\/11\/es65_aluminum_casement_window-1-768x768.webp 768w, https:\/\/metalpie.com\/wp-content\/uploads\/2022\/11\/es65_aluminum_casement_window-1-1536x1536.webp 1536w, https:\/\/metalpie.com\/wp-content\/uploads\/2022\/11\/es65_aluminum_casement_window-1-500x500.webp 500w, https:\/\/metalpie.com\/wp-content\/uploads\/2022\/11\/es65_aluminum_casement_window-1-800x800.webp 800w, https:\/\/metalpie.com\/wp-content\/uploads\/2022\/11\/es65_aluminum_casement_window-1-100x100.webp 100w, https:\/\/metalpie.com\/wp-content\/uploads\/2022\/11\/es65_aluminum_casement_window-1.webp 2000w\" sizes=\"auto, (max-width: 1020px) 100vw, 1020px\" \/>\t\t\t\t\t\t\n\t\t\t\t\t<\/div>\n\t\t\t\t\t\t\t\t\n<style>\n#image_1585629310 {\n  width: 100%;\n}\n<\/style>\n\t<\/div>\n\t\n\t\t<\/div>\n\t\t\t\t\t<\/div>\n\n\t\n\n\t<div id=\"col-1119413940\" class=\"col medium-6 small-12 large-6\"  >\n\t\t\t\t<div class=\"col-inner text-left\"  >\n\t\t\t\n\t\t\t\n<h2><span data-preserver-spaces=\"true\">Exemple de fen\u00eatre \u00e0 battant en aluminium ES65<\/span><\/h2>\n<p><span data-preserver-spaces=\"true\">Sur la photo, vous pouvez voir qu'il y a deux morceaux de verre pour la fen\u00eatre \u00e0 battant en aluminium ES65. Nous ajoutons une rupture de pont thermique au d\u00e9part du cadre de la porte en aluminium pour une meilleure isolation thermique. Il s'agit d'un mod\u00e8le populaire de pont bris\u00e9 en aluminium. Si vous voulez un \u00e9chantillon de fen\u00eatre, n'h\u00e9sitez pas \u00e0 nous contacter !<\/span><\/p>\n<p><strong>Sp\u00e9cifications :<\/strong><\/p>\n<ul>\n<li><span data-preserver-spaces=\"true\">Profondeur du cadre : 65 mm<\/span><\/li>\n<li><span data-preserver-spaces=\"true\">Rupture thermique : 28mm<\/span><\/li>\n<li><span data-preserver-spaces=\"true\">Profondeur de l'ouvrant : 74 mm<\/span><\/li>\n<li><span data-preserver-spaces=\"true\">Rupture thermique : 28mm<\/span><\/li>\n<\/ul>\n\t\t<\/div>\n\t\t\t\t\t<\/div>\n\n\t\n\n<style>\n#row-50198981 > .col > .col-inner {\n  padding: 0px 20px 0px 20px;\n}\n<\/style>\n<\/div>\n\t\t<\/div>\n\n\t\t\n<style>\n#section_1400874866 {\n  padding-top: 0px;\n  padding-bottom: 0px;\n  background-color: rgb(193, 193, 193);\n}\n#section_1400874866 .section-bg-overlay {\n  background-color: rgba(255, 255, 255, 0.85);\n}\n<\/style>\n\t<\/section>","protected":false},"excerpt":{"rendered":"<p>La fen\u00eatre \u00e0 battants ES65 est diff\u00e9rente de la fen\u00eatre \u00e0 double battant ES65. La premi\u00e8re est une fen\u00eatre qui s'ouvre vers l'int\u00e9rieur et la seconde est une fen\u00eatre qui s'ouvre vers l'ext\u00e9rieur. Par rapport aux fen\u00eatres qui s'ouvrent vers l'ext\u00e9rieur, les fen\u00eatres qui s'ouvrent vers l'int\u00e9rieur ont une meilleure ventilation. Le vent p\u00e9n\u00e8tre dans la pi\u00e8ce le long de la vitre, ce qui est plus doux. Cette fen\u00eatre est id\u00e9ale pour votre bureau, votre balcon, votre chambre \u00e0 coucher, etc.<\/p>","protected":false},"featured_media":2717,"comment_status":"closed","ping_status":"closed","template":"","meta":[],"product_cat":[15],"class_list":["post-2716","product","type-product","status-publish","has-post-thumbnail","hentry","product_cat-aluminum-windows-doors"],"yoast_head":"<!-- This site is optimized with the Yoast SEO plugin v21.5 - https:\/\/yoast.com\/wordpress\/plugins\/seo\/ -->\n<title>ES65 Casement Window | Inward Opening Window<\/title>\n<meta name=\"description\" content=\"ES65 casement window that opens inward creates good views. You can&#039;t miss it if you love to enjoy the scenery through the window.\" \/>\n<meta name=\"robots\" content=\"index, follow, max-snippet:-1, max-image-preview:large, max-video-preview:-1\" \/>\n<link rel=\"canonical\" href=\"https:\/\/metalpie.com\/fr\/fenetres-en-aluminium-portes\/fenetre-a-battant-es65\/\" \/>\n<meta property=\"og:locale\" content=\"fr_FR\" \/>\n<meta property=\"og:type\" content=\"article\" \/>\n<meta property=\"og:title\" content=\"ES65 Casement Window | Inward Opening Window\" \/>\n<meta property=\"og:description\" content=\"ES65 casement window that opens inward creates good views. You can&#039;t miss it if you love to enjoy the scenery through the window.\" \/>\n<meta property=\"og:url\" content=\"https:\/\/metalpie.com\/fr\/fenetres-en-aluminium-portes\/fenetre-a-battant-es65\/\" \/>\n<meta property=\"og:site_name\" content=\"METALPIE\" \/>\n<meta property=\"article:modified_time\" content=\"2022-11-16T07:59:35+00:00\" \/>\n<meta property=\"og:image\" content=\"https:\/\/metalpie.com\/wp-content\/uploads\/2022\/10\/ES65_casement_window_001image.webp\" \/>\n\t<meta property=\"og:image:width\" content=\"1000\" \/>\n\t<meta property=\"og:image:height\" content=\"1000\" \/>\n\t<meta property=\"og:image:type\" content=\"image\/webp\" \/>\n<meta name=\"twitter:card\" content=\"summary_large_image\" \/>\n<meta name=\"twitter:label1\" content=\"Dur\u00e9e de lecture estim\u00e9e\" \/>\n\t<meta name=\"twitter:data1\" content=\"2 minutes\" \/>\n<script type=\"application\/ld+json\" class=\"yoast-schema-graph\">{\"@context\":\"https:\/\/schema.org\",\"@graph\":[{\"@type\":\"WebPage\",\"@id\":\"https:\/\/metalpie.com\/pt\/janelas-e-portas-de-aluminio\/janela-de-batente-es65\/\",\"url\":\"https:\/\/metalpie.com\/pt\/janelas-e-portas-de-aluminio\/janela-de-batente-es65\/\",\"name\":\"ES65 Casement Window | Inward Opening Window\",\"isPartOf\":{\"@id\":\"https:\/\/metalpie.com\/#website\"},\"datePublished\":\"2022-10-09T03:57:11+00:00\",\"dateModified\":\"2022-11-16T07:59:35+00:00\",\"description\":\"ES65 casement window that opens inward creates good views. You can't miss it if you love to enjoy the scenery through the window.\",\"breadcrumb\":{\"@id\":\"https:\/\/metalpie.com\/pt\/janelas-e-portas-de-aluminio\/janela-de-batente-es65\/#breadcrumb\"},\"inLanguage\":\"fr-FR\",\"potentialAction\":[{\"@type\":\"ReadAction\",\"target\":[\"https:\/\/metalpie.com\/pt\/janelas-e-portas-de-aluminio\/janela-de-batente-es65\/\"]}]},{\"@type\":\"BreadcrumbList\",\"@id\":\"https:\/\/metalpie.com\/pt\/janelas-e-portas-de-aluminio\/janela-de-batente-es65\/#breadcrumb\",\"itemListElement\":[{\"@type\":\"ListItem\",\"position\":1,\"name\":\"Home\",\"item\":\"https:\/\/metalpie.com\/\"},{\"@type\":\"ListItem\",\"position\":2,\"name\":\"Products\",\"item\":\"https:\/\/metalpie.com\/shop\/\"},{\"@type\":\"ListItem\",\"position\":3,\"name\":\"ES65 Casement Window\"}]},{\"@type\":\"WebSite\",\"@id\":\"https:\/\/metalpie.com\/#website\",\"url\":\"https:\/\/metalpie.com\/\",\"name\":\"METALPIE\",\"description\":\"Precision Metal Fabrication | Tools, Processes &amp; More\",\"potentialAction\":[{\"@type\":\"SearchAction\",\"target\":{\"@type\":\"EntryPoint\",\"urlTemplate\":\"https:\/\/metalpie.com\/?s={search_term_string}\"},\"query-input\":\"required name=search_term_string\"}],\"inLanguage\":\"fr-FR\"}]}<\/script>\n<!-- \/ Yoast SEO plugin. -->","yoast_head_json":{"title":"ES65 Fen\u00eatre \u00e0 battant | Fen\u00eatre \u00e0 ouverture vers l'int\u00e9rieur","description":"La fen\u00eatre \u00e0 battants ES65 qui s'ouvre vers l'int\u00e9rieur offre une belle vue. Vous ne pouvez pas la manquer si vous aimez profiter du paysage \u00e0 travers la fen\u00eatre.","robots":{"index":"index","follow":"follow","max-snippet":"max-snippet:-1","max-image-preview":"max-image-preview:large","max-video-preview":"max-video-preview:-1"},"canonical":"https:\/\/metalpie.com\/fr\/fenetres-en-aluminium-portes\/fenetre-a-battant-es65\/","og_locale":"fr_FR","og_type":"article","og_title":"ES65 Casement Window | Inward Opening Window","og_description":"ES65 casement window that opens inward creates good views. You can't miss it if you love to enjoy the scenery through the window.","og_url":"https:\/\/metalpie.com\/fr\/fenetres-en-aluminium-portes\/fenetre-a-battant-es65\/","og_site_name":"METALPIE","article_modified_time":"2022-11-16T07:59:35+00:00","og_image":[{"width":1000,"height":1000,"url":"https:\/\/metalpie.com\/wp-content\/uploads\/2022\/10\/ES65_casement_window_001image.webp","type":"image\/webp"}],"twitter_card":"summary_large_image","twitter_misc":{"Dur\u00e9e de lecture estim\u00e9e":"2 minutes"},"schema":{"@context":"https:\/\/schema.org","@graph":[{"@type":"WebPage","@id":"https:\/\/metalpie.com\/pt\/janelas-e-portas-de-aluminio\/janela-de-batente-es65\/","url":"https:\/\/metalpie.com\/pt\/janelas-e-portas-de-aluminio\/janela-de-batente-es65\/","name":"ES65 Fen\u00eatre \u00e0 battant | Fen\u00eatre \u00e0 ouverture vers l'int\u00e9rieur","isPartOf":{"@id":"https:\/\/metalpie.com\/#website"},"datePublished":"2022-10-09T03:57:11+00:00","dateModified":"2022-11-16T07:59:35+00:00","description":"La fen\u00eatre \u00e0 battants ES65 qui s'ouvre vers l'int\u00e9rieur offre une belle vue. Vous ne pouvez pas la manquer si vous aimez profiter du paysage \u00e0 travers la fen\u00eatre.","breadcrumb":{"@id":"https:\/\/metalpie.com\/pt\/janelas-e-portas-de-aluminio\/janela-de-batente-es65\/#breadcrumb"},"inLanguage":"fr-FR","potentialAction":[{"@type":"ReadAction","target":["https:\/\/metalpie.com\/pt\/janelas-e-portas-de-aluminio\/janela-de-batente-es65\/"]}]},{"@type":"BreadcrumbList","@id":"https:\/\/metalpie.com\/pt\/janelas-e-portas-de-aluminio\/janela-de-batente-es65\/#breadcrumb","itemListElement":[{"@type":"ListItem","position":1,"name":"Home","item":"https:\/\/metalpie.com\/"},{"@type":"ListItem","position":2,"name":"Products","item":"https:\/\/metalpie.com\/shop\/"},{"@type":"ListItem","position":3,"name":"ES65 Casement Window"}]},{"@type":"WebSite","@id":"https:\/\/metalpie.com\/#website","url":"https:\/\/metalpie.com\/","name":"METALPIE","description":"Fabrication de pr\u00e9cision des m\u00e9taux | Outils, processus et autres","potentialAction":[{"@type":"SearchAction","target":{"@type":"EntryPoint","urlTemplate":"https:\/\/metalpie.com\/?s={search_term_string}"},"query-input":"required name=search_term_string"}],"inLanguage":"fr-FR"}]}},"_links":{"self":[{"href":"https:\/\/metalpie.com\/fr\/wp-json\/wp\/v2\/product\/2716","targetHints":{"allow":["GET"]}}],"collection":[{"href":"https:\/\/metalpie.com\/fr\/wp-json\/wp\/v2\/product"}],"about":[{"href":"https:\/\/metalpie.com\/fr\/wp-json\/wp\/v2\/types\/product"}],"replies":[{"embeddable":true,"href":"https:\/\/metalpie.com\/fr\/wp-json\/wp\/v2\/comments?post=2716"}],"wp:featuredmedia":[{"embeddable":true,"href":"https:\/\/metalpie.com\/fr\/wp-json\/wp\/v2\/media\/2717"}],"wp:attachment":[{"href":"https:\/\/metalpie.com\/fr\/wp-json\/wp\/v2\/media?parent=2716"}],"wp:term":[{"taxonomy":"product_cat","embeddable":true,"href":"https:\/\/metalpie.com\/fr\/wp-json\/wp\/v2\/product_cat?post=2716"}],"curies":[{"name":"wp","href":"https:\/\/api.w.org\/{rel}","templated":true}]}}