{"id":2701,"date":"2022-10-09T09:09:14","date_gmt":"2022-10-09T01:09:14","guid":{"rendered":"https:\/\/metalpie.com\/?post_type=product&#038;p=2701"},"modified":"2023-04-11T09:24:21","modified_gmt":"2023-04-11T01:24:21","slug":"profile-en-aluminium","status":"publish","type":"product","link":"https:\/\/metalpie.com\/fr\/profile-en-aluminium\/profile-en-aluminium\/","title":{"rendered":"Profil\u00e9 en aluminium"},"content":{"rendered":"<section class=\"section\" id=\"section_464501694\">\n\t\t<div class=\"bg section-bg fill bg-fill  bg-loaded\" >\n\n\t\t\t\n\t\t\t\n\t\t\t\n\n\t\t<\/div>\n\n\t\t\n\n\t\t<div class=\"section-content relative\">\n\t\t\t\n<div class=\"row\"  id=\"row-475289004\">\n\n\t<div id=\"col-1374547254\" class=\"col small-12 large-12\"  >\n\t\t\t\t<div class=\"col-inner\"  >\n\t\t\t\n\t\t\t\n<h2>Types de profil\u00e9s en aluminium pour murs-rideaux<\/h2>\n<ul>\n<li>Selon que le cadre est visible ou non de l'ext\u00e9rieur, on distingue le mur-rideau \u00e0 cadre cach\u00e9 et le mur-rideau \u00e0 cadre ouvert.<\/li>\n<li>En fonction des diff\u00e9rentes s\u00e9ries, il peut \u00eatre divis\u00e9 en murs-rideaux ordinaires et en murs-rideaux d'isolation thermique. Le mur-rideau ordinaire convient principalement aux r\u00e9gions \u00e0 climat doux tout au long de l'ann\u00e9e. Le mur-rideau \u00e0 isolation thermique s'applique principalement aux zones froides du nord et aux zones chaudes de l'\u00e9t\u00e9, ce qui permet d'obtenir un excellent effet d'isolation thermique \u00e0 l'int\u00e9rieur.<\/li>\n<\/ul>\n\t\t<\/div>\n\t\t\t\t\t<\/div>\n\n\t\n<\/div>\n<div class=\"row\"  id=\"row-1716744584\">\n\n\t<div id=\"col-716198466\" class=\"col small-12 large-12\"  >\n\t\t\t\t<div class=\"col-inner\"  >\n\t\t\t\n\t\t\t\n<h2>Couleur de la surface du mur-rideau en aluminium<\/h2>\n<p>Huajian Aluminum Company est l'un des meilleurs fabricants de murs-rideaux en aluminium. Nous pouvons produire diff\u00e9rentes couleurs selon le code couleur international RAL. Le traitement de surface le plus utilis\u00e9 est la pulv\u00e9risation ou le rev\u00eatement au fluorocarbone.<\/p>\n\t\t<\/div>\n\t\t\t\t\t<\/div>\n\n\t\n<\/div>\n<div class=\"row\"  id=\"row-454894315\">\n\n\t<div id=\"col-732910084\" class=\"col small-12 large-12\"  >\n\t\t\t\t<div class=\"col-inner\"  >\n\t\t\t\n\t\t\t\n<h2>Caract\u00e9ristiques du mur-rideau en aluminium<\/h2>\n<ul>\n<li>Diff\u00e9rentes couleurs de surface et un style d'affichage riche.<\/li>\n<li>Mat\u00e9riau en alliage d'aluminium, qualit\u00e9 l\u00e9g\u00e8re, anticorrosion, antirouille, facile \u00e0 fa\u00e7onner.<\/li>\n<li>Pulv\u00e9risation ou vari\u00e9t\u00e9 de couleurs fluorocarbone, pas de d\u00e9coloration, pas de perte de couleur, durable comme neuf, atmosph\u00e8re \u00e0 la mode.<\/li>\n<li>La s\u00e9rie d'isolation thermique adopte la bande d'isolation thermique Taino import\u00e9e d'Allemagne, avec d'excellentes performances, un aspect haut de gamme et luxueux.<\/li>\n<\/ul>\n\t\t<\/div>\n\t\t\t\t\t<\/div>\n\n\t\n<\/div>\n\t\t<\/div>\n\n\t\t\n<style>\n#section_464501694 {\n  padding-top: 30px;\n  padding-bottom: 30px;\n}\n<\/style>\n\t<\/section>","protected":false},"excerpt":{"rendered":"<p>Actuellement, le profil\u00e9 d'aluminium du mur-rideau est de plus en plus utilis\u00e9 dans la fa\u00e7ade des immeubles de grande hauteur. Avec diff\u00e9rentes couleurs de verre sp\u00e9cialement trait\u00e9, il peut pr\u00e9senter un effet d'apparence simple et atmosph\u00e9rique.<br \/>\nEn outre, il peut \u00e9galement \u00eatre assorti \u00e0 diff\u00e9rentes sp\u00e9cifications de persiennes en alliage d'aluminium pour la d\u00e9coration ext\u00e9rieure du mur-rideau. Gr\u00e2ce \u00e0 ses diff\u00e9rentes formes, il peut r\u00e9aliser le sens de la mode de l'ensemble de la conception de la fa\u00e7ade du b\u00e2timent.<\/p>","protected":false},"featured_media":2577,"comment_status":"closed","ping_status":"closed","template":"","meta":[],"product_cat":[101],"class_list":["post-2701","product","type-product","status-publish","has-post-thumbnail","hentry","product_cat-aluminum-profile"],"yoast_head":"<!-- This site is optimized with the Yoast SEO plugin v21.5 - https:\/\/yoast.com\/wordpress\/plugins\/seo\/ -->\n<title>Extruded Aluminum Profiles | Aluminum Extrusion Profiles<\/title>\n<meta name=\"description\" content=\"We are a leading China aluminum extrusion profile manufacturer. We have strong productivity and advanced techniques in the aluminum profiles industry.\" \/>\n<meta name=\"robots\" content=\"index, follow, max-snippet:-1, max-image-preview:large, max-video-preview:-1\" \/>\n<link rel=\"canonical\" href=\"https:\/\/metalpie.com\/fr\/profile-en-aluminium\/profile-en-aluminium\/\" \/>\n<meta property=\"og:locale\" content=\"fr_FR\" \/>\n<meta property=\"og:type\" content=\"article\" \/>\n<meta property=\"og:title\" content=\"Extruded Aluminum Profiles | Aluminum Extrusion Profiles\" \/>\n<meta property=\"og:description\" content=\"We are a leading China aluminum extrusion profile manufacturer. We have strong productivity and advanced techniques in the aluminum profiles industry.\" \/>\n<meta property=\"og:url\" content=\"https:\/\/metalpie.com\/fr\/profile-en-aluminium\/profile-en-aluminium\/\" \/>\n<meta property=\"og:site_name\" content=\"METALPIE\" \/>\n<meta property=\"article:modified_time\" content=\"2023-04-11T01:24:21+00:00\" \/>\n<meta property=\"og:image\" content=\"https:\/\/metalpie.com\/wp-content\/uploads\/2022\/10\/Aluminium_Profile_007image.webp\" \/>\n\t<meta property=\"og:image:width\" content=\"1000\" \/>\n\t<meta property=\"og:image:height\" content=\"1000\" \/>\n\t<meta property=\"og:image:type\" content=\"image\/webp\" \/>\n<meta name=\"twitter:card\" content=\"summary_large_image\" \/>\n<meta name=\"twitter:label1\" content=\"Dur\u00e9e de lecture estim\u00e9e\" \/>\n\t<meta name=\"twitter:data1\" content=\"1 minute\" \/>\n<script type=\"application\/ld+json\" class=\"yoast-schema-graph\">{\"@context\":\"https:\/\/schema.org\",\"@graph\":[{\"@type\":\"WebPage\",\"@id\":\"https:\/\/metalpie.com\/aluminum-profile\/aluminum-profile\/\",\"url\":\"https:\/\/metalpie.com\/aluminum-profile\/aluminum-profile\/\",\"name\":\"Extruded Aluminum Profiles | Aluminum Extrusion Profiles\",\"isPartOf\":{\"@id\":\"https:\/\/metalpie.com\/#website\"},\"datePublished\":\"2022-10-09T01:09:14+00:00\",\"dateModified\":\"2023-04-11T01:24:21+00:00\",\"description\":\"We are a leading China aluminum extrusion profile manufacturer. We have strong productivity and advanced techniques in the aluminum profiles industry.\",\"breadcrumb\":{\"@id\":\"https:\/\/metalpie.com\/aluminum-profile\/aluminum-profile\/#breadcrumb\"},\"inLanguage\":\"fr-FR\",\"potentialAction\":[{\"@type\":\"ReadAction\",\"target\":[\"https:\/\/metalpie.com\/aluminum-profile\/aluminum-profile\/\"]}]},{\"@type\":\"BreadcrumbList\",\"@id\":\"https:\/\/metalpie.com\/aluminum-profile\/aluminum-profile\/#breadcrumb\",\"itemListElement\":[{\"@type\":\"ListItem\",\"position\":1,\"name\":\"Home\",\"item\":\"https:\/\/metalpie.com\/\"},{\"@type\":\"ListItem\",\"position\":2,\"name\":\"Products\",\"item\":\"https:\/\/metalpie.com\/shop\/\"},{\"@type\":\"ListItem\",\"position\":3,\"name\":\"Aluminum Profile\"}]},{\"@type\":\"WebSite\",\"@id\":\"https:\/\/metalpie.com\/#website\",\"url\":\"https:\/\/metalpie.com\/\",\"name\":\"METALPIE\",\"description\":\"Precision Metal Fabrication | Tools, Processes &amp; More\",\"potentialAction\":[{\"@type\":\"SearchAction\",\"target\":{\"@type\":\"EntryPoint\",\"urlTemplate\":\"https:\/\/metalpie.com\/?s={search_term_string}\"},\"query-input\":\"required name=search_term_string\"}],\"inLanguage\":\"fr-FR\"}]}<\/script>\n<!-- \/ Yoast SEO plugin. -->","yoast_head_json":{"title":"Profil\u00e9s d'aluminium extrud\u00e9s | Profil\u00e9s d'extrusion d'aluminium","description":"Nous sommes un fabricant leader de profil\u00e9s d'extrusion d'aluminium en Chine. Nous avons une forte productivit\u00e9 et des techniques avanc\u00e9es dans l'industrie des profil\u00e9s aluminium.","robots":{"index":"index","follow":"follow","max-snippet":"max-snippet:-1","max-image-preview":"max-image-preview:large","max-video-preview":"max-video-preview:-1"},"canonical":"https:\/\/metalpie.com\/fr\/profile-en-aluminium\/profile-en-aluminium\/","og_locale":"fr_FR","og_type":"article","og_title":"Extruded Aluminum Profiles | Aluminum Extrusion Profiles","og_description":"We are a leading China aluminum extrusion profile manufacturer. We have strong productivity and advanced techniques in the aluminum profiles industry.","og_url":"https:\/\/metalpie.com\/fr\/profile-en-aluminium\/profile-en-aluminium\/","og_site_name":"METALPIE","article_modified_time":"2023-04-11T01:24:21+00:00","og_image":[{"width":1000,"height":1000,"url":"https:\/\/metalpie.com\/wp-content\/uploads\/2022\/10\/Aluminium_Profile_007image.webp","type":"image\/webp"}],"twitter_card":"summary_large_image","twitter_misc":{"Dur\u00e9e de lecture estim\u00e9e":"1 minute"},"schema":{"@context":"https:\/\/schema.org","@graph":[{"@type":"WebPage","@id":"https:\/\/metalpie.com\/aluminum-profile\/aluminum-profile\/","url":"https:\/\/metalpie.com\/aluminum-profile\/aluminum-profile\/","name":"Profil\u00e9s d'aluminium extrud\u00e9s | Profil\u00e9s d'extrusion d'aluminium","isPartOf":{"@id":"https:\/\/metalpie.com\/#website"},"datePublished":"2022-10-09T01:09:14+00:00","dateModified":"2023-04-11T01:24:21+00:00","description":"Nous sommes un fabricant leader de profil\u00e9s d'extrusion d'aluminium en Chine. Nous avons une forte productivit\u00e9 et des techniques avanc\u00e9es dans l'industrie des profil\u00e9s aluminium.","breadcrumb":{"@id":"https:\/\/metalpie.com\/aluminum-profile\/aluminum-profile\/#breadcrumb"},"inLanguage":"fr-FR","potentialAction":[{"@type":"ReadAction","target":["https:\/\/metalpie.com\/aluminum-profile\/aluminum-profile\/"]}]},{"@type":"BreadcrumbList","@id":"https:\/\/metalpie.com\/aluminum-profile\/aluminum-profile\/#breadcrumb","itemListElement":[{"@type":"ListItem","position":1,"name":"Home","item":"https:\/\/metalpie.com\/"},{"@type":"ListItem","position":2,"name":"Products","item":"https:\/\/metalpie.com\/shop\/"},{"@type":"ListItem","position":3,"name":"Aluminum Profile"}]},{"@type":"WebSite","@id":"https:\/\/metalpie.com\/#website","url":"https:\/\/metalpie.com\/","name":"METALPIE","description":"Fabrication de pr\u00e9cision des m\u00e9taux | Outils, processus et autres","potentialAction":[{"@type":"SearchAction","target":{"@type":"EntryPoint","urlTemplate":"https:\/\/metalpie.com\/?s={search_term_string}"},"query-input":"required name=search_term_string"}],"inLanguage":"fr-FR"}]}},"_links":{"self":[{"href":"https:\/\/metalpie.com\/fr\/wp-json\/wp\/v2\/product\/2701","targetHints":{"allow":["GET"]}}],"collection":[{"href":"https:\/\/metalpie.com\/fr\/wp-json\/wp\/v2\/product"}],"about":[{"href":"https:\/\/metalpie.com\/fr\/wp-json\/wp\/v2\/types\/product"}],"replies":[{"embeddable":true,"href":"https:\/\/metalpie.com\/fr\/wp-json\/wp\/v2\/comments?post=2701"}],"wp:featuredmedia":[{"embeddable":true,"href":"https:\/\/metalpie.com\/fr\/wp-json\/wp\/v2\/media\/2577"}],"wp:attachment":[{"href":"https:\/\/metalpie.com\/fr\/wp-json\/wp\/v2\/media?parent=2701"}],"wp:term":[{"taxonomy":"product_cat","embeddable":true,"href":"https:\/\/metalpie.com\/fr\/wp-json\/wp\/v2\/product_cat?post=2701"}],"curies":[{"name":"wp","href":"https:\/\/api.w.org\/{rel}","templated":true}]}}