{"id":2692,"date":"2022-10-09T09:00:48","date_gmt":"2022-10-09T01:00:48","guid":{"rendered":"https:\/\/metalpie.com\/?post_type=product&#038;p=2692"},"modified":"2023-08-23T14:15:46","modified_gmt":"2023-08-23T06:15:46","slug":"coffrage-en-aluminium-2","status":"publish","type":"product","link":"https:\/\/metalpie.com\/fr\/coffrage-en-aluminium\/coffrage-en-aluminium-2\/","title":{"rendered":"Coffrage en aluminium"},"content":{"rendered":"<section class=\"section\" id=\"section_833505152\">\n\t\t<div class=\"bg section-bg fill bg-fill  bg-loaded\" >\n\n\t\t\t\n\t\t\t\n\t\t\t\n\n\t\t<\/div>\n\n\t\t\n\n\t\t<div class=\"section-content relative\">\n\t\t\t\n<div class=\"row\"  id=\"row-917089990\">\n\n\t<div id=\"col-232340270\" class=\"col small-12 large-12\"  >\n\t\t\t\t<div class=\"col-inner\"  >\n\t\t\t\n\t\t\t\n<h2><strong>Formes de b\u00e9ton en aluminium<\/strong><\/h2>\n<p>Les pays les plus d\u00e9velopp\u00e9s utilisent des coffrages en aluminium dans le monde entier. Il est sup\u00e9rieur en termes de mat\u00e9riaux et d'effets de construction. Il est \u00e9galement meilleur en termes de budget, de dur\u00e9e de vie et de protection de l'environnement. Les coffrages en aluminium r\u00e9duisent le co\u00fbt du projet, am\u00e9liorent la qualit\u00e9 de l'ing\u00e9nierie, acc\u00e9l\u00e8rent la construction et \u00e9vitent les erreurs humaines au cours du processus. Il offre ainsi un environnement de travail s\u00fbr et civilis\u00e9 aux ouvriers du b\u00e2timent.<\/p>\n<div class=\"row\"  id=\"row-169615349\">\n\n\t<div id=\"col-766188755\" class=\"col medium-6 small-12 large-6\"  >\n\t\t\t\t<div class=\"col-inner\"  >\n\t\t\t\n\t\t\t\n\t<div class=\"img has-hover x md-x lg-x y md-y lg-y\" id=\"image_1509334846\">\n\t\t\t\t\t\t\t\t<div class=\"img-inner dark\" >\n\t\t\t<img loading=\"lazy\" decoding=\"async\" width=\"554\" height=\"341\" src=\"https:\/\/metalpie.com\/wp-content\/uploads\/2022\/10\/ALUMINIUM_FORMA_WORK_PLATE_004image.webp\" class=\"attachment-original size-original\" alt=\"\" srcset=\"https:\/\/metalpie.com\/wp-content\/uploads\/2022\/10\/ALUMINIUM_FORMA_WORK_PLATE_004image.webp 554w, https:\/\/metalpie.com\/wp-content\/uploads\/2022\/10\/ALUMINIUM_FORMA_WORK_PLATE_004image-300x185.webp 300w\" sizes=\"auto, (max-width: 554px) 100vw, 554px\" \/>\t\t\t\t\t\t\n\t\t\t\t\t<\/div>\n\t\t\t\t\t\t\t\t\n<style>\n#image_1509334846 {\n  width: 100%;\n}\n<\/style>\n\t<\/div>\n\t\n\t\t<\/div>\n\t\t\t\t\t<\/div>\n\n\t\n\n\t<div id=\"col-1560880623\" class=\"col medium-6 small-12 large-6\"  >\n\t\t\t\t<div class=\"col-inner\"  >\n\t\t\t\n\t\t\t\n\t\t<\/div>\n\t\t\t\t\t<\/div>\n\n\t\n<\/div>\n\t\t<\/div>\n\t\t\t\t\t<\/div>\n\n\t\n<\/div>\n<div class=\"row\"  id=\"row-1989141337\">\n\n\t<div id=\"col-637980040\" class=\"col small-12 large-12\"  >\n\t\t\t\t<div class=\"col-inner\"  >\n\t\t\t\n\t\t\t\n<p>Le gabarit en aluminium se caract\u00e9rise par sa l\u00e9g\u00e8ret\u00e9 et sa flexibilit\u00e9. Il pr\u00e9sente une grande rigidit\u00e9, une longue dur\u00e9e de vie et une grande surface de plaque. Ses autres qualit\u00e9s sont de faibles fentes, une grande pr\u00e9cision et une surface lisse. Il est peu d\u00e9pendant des machines pour la construction. Il permet de r\u00e9duire les co\u00fbts de main-d'\u0153uvre et de mat\u00e9riaux. Les gabarits en alliage d'aluminium ont une large gamme d'applications, un faible co\u00fbt d'entretien, une grande efficacit\u00e9 de construction et une valeur de r\u00e9cup\u00e9ration \u00e9lev\u00e9e.<\/p>\n<div class=\"row\"  id=\"row-1178976715\">\n\n\t<div id=\"col-1742524553\" class=\"col medium-6 small-12 large-6\"  >\n\t\t\t\t<div class=\"col-inner\"  >\n\t\t\t\n\t\t\t\n\t<div class=\"img has-hover x md-x lg-x y md-y lg-y\" id=\"image_1587231111\">\n\t\t\t\t\t\t\t\t<div class=\"img-inner dark\" >\n\t\t\t<img loading=\"lazy\" decoding=\"async\" width=\"553\" height=\"369\" src=\"https:\/\/metalpie.com\/wp-content\/uploads\/2022\/10\/ALUMINIUM_FORMA_WORK_PLATE_005image.webp\" class=\"attachment-original size-original\" alt=\"\" srcset=\"https:\/\/metalpie.com\/wp-content\/uploads\/2022\/10\/ALUMINIUM_FORMA_WORK_PLATE_005image.webp 553w, https:\/\/metalpie.com\/wp-content\/uploads\/2022\/10\/ALUMINIUM_FORMA_WORK_PLATE_005image-300x200.webp 300w\" sizes=\"auto, (max-width: 553px) 100vw, 553px\" \/>\t\t\t\t\t\t\n\t\t\t\t\t<\/div>\n\t\t\t\t\t\t\t\t\n<style>\n#image_1587231111 {\n  width: 100%;\n}\n<\/style>\n\t<\/div>\n\t\n\t\t<\/div>\n\t\t\t\t\t<\/div>\n\n\t\n\n\t<div id=\"col-511104733\" class=\"col medium-6 small-12 large-6\"  >\n\t\t\t\t<div class=\"col-inner\"  >\n\t\t\t\n\t\t\t\n\t\t<\/div>\n\t\t\t\t\t<\/div>\n\n\t\n<\/div>\n\t\t<\/div>\n\t\t\t\t\t<\/div>\n\n\t\n<\/div>\n<div class=\"row\"  id=\"row-1956606710\">\n\n\t<div id=\"col-184068142\" class=\"col small-12 large-12\"  >\n\t\t\t\t<div class=\"col-inner\"  >\n\t\t\t\n\t\t\t\n<p>Le produit peut \u00eatre con\u00e7u et trait\u00e9 selon les dessins des projets de construction r\u00e9alis\u00e9s par les clients. La barre de tension permet de r\u00e9gler la distance entre les plaques. Les trous sur le bord du gabarit sont r\u00e9partis selon un espacement sp\u00e9cifique. Les connexions sont principalement des inserts cylindriques et des inserts en forme de coin. Une diagonale ou un carr\u00e9 derri\u00e8re chaque gabarit permet de soutenir le dossier pour plus de facilit\u00e9 et de praticit\u00e9.<\/p>\n<div class=\"row\"  id=\"row-180727037\">\n\n\t<div id=\"col-1949401688\" class=\"col medium-6 small-12 large-6\"  >\n\t\t\t\t<div class=\"col-inner\"  >\n\t\t\t\n\t\t\t\n\t<div class=\"img has-hover x md-x lg-x y md-y lg-y\" id=\"image_67208600\">\n\t\t\t\t\t\t\t\t<div class=\"img-inner dark\" >\n\t\t\t<img loading=\"lazy\" decoding=\"async\" width=\"554\" height=\"342\" src=\"https:\/\/metalpie.com\/wp-content\/uploads\/2022\/10\/ALUMINIUM_FORMA_WORK_PLATE_006image.webp\" class=\"attachment-original size-original\" alt=\"\" srcset=\"https:\/\/metalpie.com\/wp-content\/uploads\/2022\/10\/ALUMINIUM_FORMA_WORK_PLATE_006image.webp 554w, https:\/\/metalpie.com\/wp-content\/uploads\/2022\/10\/ALUMINIUM_FORMA_WORK_PLATE_006image-300x185.webp 300w\" sizes=\"auto, (max-width: 554px) 100vw, 554px\" \/>\t\t\t\t\t\t\n\t\t\t\t\t<\/div>\n\t\t\t\t\t\t\t\t\n<style>\n#image_67208600 {\n  width: 100%;\n}\n<\/style>\n\t<\/div>\n\t\n\t\t<\/div>\n\t\t\t\t\t<\/div>\n\n\t\n\n\t<div id=\"col-1699294914\" class=\"col medium-6 small-12 large-6\"  >\n\t\t\t\t<div class=\"col-inner\"  >\n\t\t\t\n\t\t\t\n\t\t<\/div>\n\t\t\t\t\t<\/div>\n\n\t\n<\/div>\n\t\t<\/div>\n\t\t\t\t\t<\/div>\n\n\t\n<\/div>\n<div class=\"row\"  id=\"row-1930098132\">\n\n\t<div id=\"col-1790455210\" class=\"col small-12 large-12\"  >\n\t\t\t\t<div class=\"col-inner\"  >\n\t\t\t\n\t\t\t\n<h3>\u00a0Que peut faire un coffrage en aluminium ?<\/h3>\n<p>Le coffrage de b\u00e2timent en alliage d'aluminium est adapt\u00e9 \u00e0 l'utilisation de gabarits. Il peut s'agir de coffrage de mur, de plancher horizontal, de colonne, de poutre, de chenille et de pont. Il est fabriqu\u00e9 en tant que petit, moyen ou grand gabarit. Le poids du produit est l\u00e9ger, il peut \u00eatre enti\u00e8rement fabriqu\u00e9 par l'homme et peut \u00e9galement \u00eatre form\u00e9 apr\u00e8s un levage m\u00e9canique. La connexion primaire est une connexion \u00e0 goupille de coin. La construction ne n\u00e9cessite g\u00e9n\u00e9ralement qu'une cl\u00e9 ou un petit marteau, ce qui est pratique et rapide. Avant l'installation, il suffit de former simplement le personnel de construction. Quel que soit le mode d'utilisation du syst\u00e8me de coffrage en aluminium, les m\u00e9thodes et les composants de base sont les m\u00eames, et les constructeurs peuvent les utiliser habilement. Par cons\u00e9quent, la pr\u00e9cision du gabarit est \u00e9lev\u00e9e. Il permet \u00e9galement d'\u00e9conomiser sur le pl\u00e2tre secondaire et les co\u00fbts de main d'\u0153uvre et donne au b\u00e2timent un facteur de s\u00e9curit\u00e9 et de qualit\u00e9 plus \u00e9lev\u00e9.<\/p>\n<p>Le mod\u00e8le de b\u00e2timent en alliage d'aluminium a une valeur de r\u00e9cup\u00e9ration plus \u00e9lev\u00e9e et un partage des co\u00fbts plus faible. Avec plus de dix ans d'histoire dans les pays et r\u00e9gions avanc\u00e9s, il devient de plus en plus populaire aujourd'hui. En raison de ses avantages \u00e9vidents, il s'agit \u00e9galement d'une \u00e9nergie renouvelable. Il adh\u00e8re au principe des \"quatre sections et une protection de l'environnement\", qui constitue l'orientation future du d\u00e9veloppement.<\/p>\n<div class=\"row\"  id=\"row-1448445426\">\n\n\t<div id=\"col-316826484\" class=\"col medium-6 small-12 large-6\"  >\n\t\t\t\t<div class=\"col-inner\"  >\n\t\t\t\n\t\t\t\n\t<div class=\"img has-hover x md-x lg-x y md-y lg-y\" id=\"image_473668253\">\n\t\t\t\t\t\t\t\t<div class=\"img-inner dark\" >\n\t\t\t<img loading=\"lazy\" decoding=\"async\" width=\"553\" height=\"337\" src=\"https:\/\/metalpie.com\/wp-content\/uploads\/2022\/10\/ALUMINIUM_FORMA_WORK_PLATE_007image.webp\" class=\"attachment-original size-original\" alt=\"\" srcset=\"https:\/\/metalpie.com\/wp-content\/uploads\/2022\/10\/ALUMINIUM_FORMA_WORK_PLATE_007image.webp 553w, https:\/\/metalpie.com\/wp-content\/uploads\/2022\/10\/ALUMINIUM_FORMA_WORK_PLATE_007image-300x183.webp 300w\" sizes=\"auto, (max-width: 553px) 100vw, 553px\" \/>\t\t\t\t\t\t\n\t\t\t\t\t<\/div>\n\t\t\t\t\t\t\t\t\n<style>\n#image_473668253 {\n  width: 100%;\n}\n<\/style>\n\t<\/div>\n\t\n\t\t<\/div>\n\t\t\t\t\t<\/div>\n\n\t\n\n\t<div id=\"col-1888239295\" class=\"col medium-6 small-12 large-6\"  >\n\t\t\t\t<div class=\"col-inner\"  >\n\t\t\t\n\t\t\t\n\t\t<\/div>\n\t\t\t\t\t<\/div>\n\n\t\n<\/div>\n\t\t<\/div>\n\t\t\t\t\t<\/div>\n\n\t\n<\/div>\n<div class=\"row\"  id=\"row-223554204\">\n\n\t<div id=\"col-831836763\" class=\"col small-12 large-12\"  >\n\t\t\t\t<div class=\"col-inner\"  >\n\t\t\t\n\t\t\t\n<h2>Les 10 principaux avantages des coffrages en aluminium<\/h2>\n<div><\/div>\n<h3>1 Faible co\u00fbt :<\/h3>\n<div><\/div>\n<div>Le syst\u00e8me de coffrage en aluminium incorpore un mat\u00e9riau d'extrusion en alliage d'aluminium (6061-T6), qui est un composant tr\u00e8s durable et qui peut \u00eatre utilis\u00e9 plus de 300 fois \u00e0 un prix tr\u00e8s \u00e9conomique. En effet, son utilisation n\u00e9cessite moins d'entretien et de comp\u00e9tences et, en raison de sa l\u00e9g\u00e8ret\u00e9, il peut \u00eatre facilement soulev\u00e9 et transport\u00e9 sans l'intervention de machines lourdes.<\/div>\n<div><\/div>\n<h3>2 S\u00fbre et efficace :<\/h3>\n<div><\/div>\n<div>Sa l\u00e9g\u00e8ret\u00e9 et sa robustesse permettent de cr\u00e9er un cadre solide pour les immeubles de grande hauteur et les appartements, ainsi qu'un site de construction s\u00fbr pour les ouvriers. En outre, il est facile \u00e0 nettoyer et \u00e0 r\u00e9parer, contrairement \u00e0 d'autres mat\u00e9riaux de coffrage, notamment l'acier, le contreplaqu\u00e9 et le plastique, qui sont corrosifs et non recyclables.<\/div>\n<div><\/div>\n<h3>3 Installation rapide :<\/h3>\n<div><\/div>\n<div>Le coffrage en alliage est un syst\u00e8me de montage et de d\u00e9montage rapide qui r\u00e9duit la dur\u00e9e de la construction et les co\u00fbts administratifs. Pesant environ 23-24 kg\/m2, le coffrage peut \u00eatre assembl\u00e9 manuellement sans l'aide de machines. Un ouvrier qualifi\u00e9 peut installer 20 \u00e0 30 m\u00e8tres carr\u00e9s par jour avec une supervision minimale.<\/div>\n<div><\/div>\n<h3>4 Large application et flexibilit\u00e9 :<\/h3>\n<div><\/div>\n<div>Le coffrage en aluminium peut \u00eatre d\u00e9ploy\u00e9 sur une large gamme d'appareils tels que les murs, les planchers horizontaux, les colonnes, les poutres, les escaliers, les appuis de fen\u00eatre, les volets, etc. et offre un soutien structurel pour les poutres d'anneau, les colonnes structurelles et les anti-bosses. En outre, le gabarit en aluminium est disponible en diff\u00e9rentes tailles et dimensions standard et peut \u00eatre adapt\u00e9 en fonction des exigences du projet.<\/div>\n<div><\/div>\n<h3>5 Respectueux de l'environnement :<\/h3>\n<div><\/div>\n<div>Le d\u00e9ploiement et l'installation des coffrages en alliage d'aluminium ne laissent que peu ou pas de r\u00e9sidus sur le chantier. Le coffrage peut \u00eatre facilement d\u00e9mont\u00e9 et enlev\u00e9 apr\u00e8s l'ach\u00e8vement du projet, ce qui permet de pr\u00e9server la s\u00e9curit\u00e9, la propret\u00e9 et l'ordre de l'environnement de construction. En outre, tous les mat\u00e9riaux du syst\u00e8me de coffrage en alliage d'aluminium sont conformes aux r\u00e9glementations en mati\u00e8re d'\u00e9conomie d'\u00e9nergie, de protection de l'environnement et de faibles \u00e9missions de carbone.<\/div>\n<div><\/div>\n<h3>6 Durabilit\u00e9 fiable :<\/h3>\n<div><\/div>\n<div>Le coffrage est compos\u00e9 de plaques d'alliage d'aluminium qui offrent une stabilit\u00e9 robuste et une capacit\u00e9 de charge explosive allant jusqu'\u00e0 60 kg par m\u00e8tre carr\u00e9. Le coffrage peut supporter une pression importante et le poids de machines lourdes, ce qui facilite le processus de construction.<\/div>\n<div><\/div>\n<h3>7 Syst\u00e8me de soutien pratique :<\/h3>\n<div><\/div>\n<div>Contrairement aux m\u00e9thodes de construction traditionnelles qui impliquent une charpente compl\u00e8te avec des co\u00fbts plus \u00e9lev\u00e9s, les barres de soutien pour le gabarit en aluminium sont relativement moins co\u00fbteuses (l'espacement entre chaque support ind\u00e9pendant est d'environ 1350 mm), ce qui permet d'offrir un espace de travail plus grand, un acc\u00e8s au personnel et une manutention des mat\u00e9riaux plus ais\u00e9e pour la gestion du site.<\/div>\n<div><\/div>\n<h3>8 Surface de tapis plus \u00e9lev\u00e9e<\/h3>\n<div><\/div>\n<div>Le syst\u00e8me de coffrage comprend des murs de cisaillement minces qui occupent moins d'espace et offrent une plus grande surface pour le bon d\u00e9roulement des activit\u00e9s de construction. Par cons\u00e9quent, une quantit\u00e9 importante de machines et de main-d'\u0153uvre peut \u00eatre d\u00e9ploy\u00e9e \u00e0 tout moment pour acc\u00e9l\u00e9rer les projets de construction.<\/div>\n<div><\/div>\n<h3>9 Valeur de r\u00e9cup\u00e9ration \u00e9lev\u00e9e :<\/h3>\n<div><\/div>\n<div>Les coffrages en aluminium ont une valeur de r\u00e9cup\u00e9ration \u00e9lev\u00e9e. Cela signifie que le mat\u00e9riau est r\u00e9cup\u00e9r\u00e9 sous forme de d\u00e9chets qui sont 100% recyclables et peuvent \u00eatre r\u00e9utilis\u00e9s dans de nombreux projets de construction.<\/div>\n<div><\/div>\n<div><\/div>\n<h3>10 Bons effets de surface :<\/h3>\n<div><\/div>\n<div>Le coffrage en alliage d'aluminium est facile \u00e0 enlever et une fois enlev\u00e9, il n'a pas d'impact n\u00e9gatif sur la qualit\u00e9 de la surface en b\u00e9ton. La surface reste lisse et nette et il n'est donc pas n\u00e9cessaire d'investir dans des enduits int\u00e9rieurs et ext\u00e9rieurs.<\/div>\n<div class=\"row\"  id=\"row-2005736416\">\n\n\t<div id=\"col-570871419\" class=\"col medium-6 small-12 large-6\"  >\n\t\t\t\t<div class=\"col-inner\"  >\n\t\t\t\n\t\t\t\n\t<div class=\"img has-hover x md-x lg-x y md-y lg-y\" id=\"image_1319767547\">\n\t\t\t\t\t\t\t\t<div class=\"img-inner dark\" >\n\t\t\t<img loading=\"lazy\" decoding=\"async\" width=\"553\" height=\"369\" src=\"https:\/\/metalpie.com\/wp-content\/uploads\/2022\/10\/ALUMINIUM_FORMA_WORK_PLATE_008image.webp\" class=\"attachment-original size-original\" alt=\"\" srcset=\"https:\/\/metalpie.com\/wp-content\/uploads\/2022\/10\/ALUMINIUM_FORMA_WORK_PLATE_008image.webp 553w, https:\/\/metalpie.com\/wp-content\/uploads\/2022\/10\/ALUMINIUM_FORMA_WORK_PLATE_008image-300x200.webp 300w\" sizes=\"auto, (max-width: 553px) 100vw, 553px\" \/>\t\t\t\t\t\t\n\t\t\t\t\t<\/div>\n\t\t\t\t\t\t\t\t\n<style>\n#image_1319767547 {\n  width: 100%;\n}\n<\/style>\n\t<\/div>\n\t\n\t\t<\/div>\n\t\t\t\t\t<\/div>\n\n\t\n\n\t<div id=\"col-277660135\" class=\"col medium-6 small-12 large-6\"  >\n\t\t\t\t<div class=\"col-inner\"  >\n\t\t\t\n\t\t\t\n\t\t<\/div>\n\t\t\t\t\t<\/div>\n\n\t\n<\/div>\n\t\t<\/div>\n\t\t\t\t\t<\/div>\n\n\t\n<\/div>\n<div class=\"row\"  id=\"row-57805247\">\n\n\t<div id=\"col-1699908684\" class=\"col small-12 large-12\"  >\n\t\t\t\t<div class=\"col-inner\"  >\n\t\t\t\n\t\t\t\n<h2>Shandong Huajian Aluminum cr\u00e9e un nouveau mod\u00e8le de coffrage de b\u00e2timent.<\/h2>\n<p>Shandong Hualv Formwork Co. est situ\u00e9e dans le comt\u00e9 de Linqu, dans le parc industriel de haute technologie Longshan de la province de Shandong. Il s'agit d'une entreprise compl\u00e8te avec une superficie de plus de 200 mu et une surface de plus de 170 000 m\u00e8tres carr\u00e9s. Elle dispose d'une capacit\u00e9 de coffrage en alliage d'aluminium et de coffrage en alliage d'aluminium. Sa capacit\u00e9 de production est de 200 000 m\u00e8tres carr\u00e9s par an. Elle dispose de :<\/p>\n<ul>\n<li>Ligne de production de gabarits en alliage d'aluminium avanc\u00e9 5.<\/li>\n<li>scie \u00e9lectronique \u00e0 alimentation automatique r\u00e9glable 8.<\/li>\n<li>scie \u00e0 r\u00e8gle \u00e0 commande num\u00e9rique 8,<\/li>\n<li>scie \u00e0 commande num\u00e9rique \u00e0 angle arbitraire 4,<\/li>\n<li>Robot de soudage Kuka \u00e0 double position.<\/li>\n<li>un syst\u00e8me strict de gestion de la production<\/li>\n<li>des processus scientifiques et des technologies de traitement avanc\u00e9es.<\/li>\n<\/ul>\n<p>Elle est dot\u00e9e d'un centre de d\u00e9veloppement de produits, de conception et d'inspection de la qualit\u00e9. Huajian applique un contr\u00f4le strict de la qualit\u00e9 des produits et met en \u0153uvre la m\u00e9thode de gestion 6S pour les utilisateurs. Cela garantit la construction de produits de premi\u00e8re classe et de services de haute qualit\u00e9.<\/p>\n\t\t<\/div>\n\t\t\t\t\t<\/div>\n\n\t\n<\/div>\n\t\t<\/div>\n\n\t\t\n<style>\n#section_833505152 {\n  padding-top: 30px;\n  padding-bottom: 30px;\n}\n<\/style>\n\t<\/section>","protected":false},"excerpt":{"rendered":"<p>De plus en plus de pays d\u00e9velopp\u00e9s utilisent des coffrages de construction en aluminium dans le monde entier. Les coffrages en aluminium sont sup\u00e9rieurs en termes de mat\u00e9riaux et d'effets de construction. Il est \u00e9galement meilleur en termes de budget, de dur\u00e9e de vie et de protection de l'environnement. Les coffrages en aluminium r\u00e9duisent le co\u00fbt du projet, am\u00e9liorent la qualit\u00e9 de l'ing\u00e9nierie, acc\u00e9l\u00e8rent la construction et \u00e9vitent les erreurs humaines au cours du processus. Il offre ainsi un environnement de travail s\u00fbr et civilis\u00e9 aux ouvriers du b\u00e2timent.<\/p>","protected":false},"featured_media":2693,"comment_status":"closed","ping_status":"closed","template":"","meta":[],"product_cat":[97],"class_list":["post-2692","product","type-product","status-publish","has-post-thumbnail","hentry","product_cat-aluminum-formwork"],"yoast_head":"<!-- This site is optimized with the Yoast SEO plugin v21.5 - https:\/\/yoast.com\/wordpress\/plugins\/seo\/ -->\n<title>Aluminum Formwork Suppliers | Aluminum Concrete Forms<\/title>\n<meta name=\"description\" content=\"Aluminum formwork is a popular construction material. Huajian delivers high-quality aluminum concrete forms for our customers.\" \/>\n<meta name=\"robots\" content=\"index, follow, max-snippet:-1, max-image-preview:large, max-video-preview:-1\" \/>\n<link rel=\"canonical\" href=\"https:\/\/metalpie.com\/fr\/coffrage-en-aluminium\/coffrage-en-aluminium-2\/\" \/>\n<meta property=\"og:locale\" content=\"fr_FR\" \/>\n<meta property=\"og:type\" content=\"article\" \/>\n<meta property=\"og:title\" content=\"Aluminum Formwork Suppliers | Aluminum Concrete Forms\" \/>\n<meta property=\"og:description\" content=\"Aluminum formwork is a popular construction material. Huajian delivers high-quality aluminum concrete forms for our customers.\" \/>\n<meta property=\"og:url\" content=\"https:\/\/metalpie.com\/fr\/coffrage-en-aluminium\/coffrage-en-aluminium-2\/\" \/>\n<meta property=\"og:site_name\" content=\"METALPIE\" \/>\n<meta property=\"article:modified_time\" content=\"2023-08-23T06:15:46+00:00\" \/>\n<meta property=\"og:image\" content=\"https:\/\/metalpie.com\/wp-content\/uploads\/2022\/10\/ALUMINIUM_FORMA_WORK_PLATE_001image.webp\" \/>\n\t<meta property=\"og:image:width\" content=\"800\" \/>\n\t<meta property=\"og:image:height\" content=\"800\" \/>\n\t<meta property=\"og:image:type\" content=\"image\/webp\" \/>\n<meta name=\"twitter:card\" content=\"summary_large_image\" \/>\n<meta name=\"twitter:label1\" content=\"Dur\u00e9e de lecture estim\u00e9e\" \/>\n\t<meta name=\"twitter:data1\" content=\"6 minutes\" \/>\n<script type=\"application\/ld+json\" class=\"yoast-schema-graph\">{\"@context\":\"https:\/\/schema.org\",\"@graph\":[{\"@type\":\"WebPage\",\"@id\":\"https:\/\/metalpie.com\/pt\/formas-de-aluminio\/formas-de-aluminio-2\/\",\"url\":\"https:\/\/metalpie.com\/pt\/formas-de-aluminio\/formas-de-aluminio-2\/\",\"name\":\"Aluminum Formwork Suppliers | Aluminum Concrete Forms\",\"isPartOf\":{\"@id\":\"https:\/\/metalpie.com\/#website\"},\"datePublished\":\"2022-10-09T01:00:48+00:00\",\"dateModified\":\"2023-08-23T06:15:46+00:00\",\"description\":\"Aluminum formwork is a popular construction material. Huajian delivers high-quality aluminum concrete forms for our customers.\",\"breadcrumb\":{\"@id\":\"https:\/\/metalpie.com\/pt\/formas-de-aluminio\/formas-de-aluminio-2\/#breadcrumb\"},\"inLanguage\":\"fr-FR\",\"potentialAction\":[{\"@type\":\"ReadAction\",\"target\":[\"https:\/\/metalpie.com\/pt\/formas-de-aluminio\/formas-de-aluminio-2\/\"]}]},{\"@type\":\"BreadcrumbList\",\"@id\":\"https:\/\/metalpie.com\/pt\/formas-de-aluminio\/formas-de-aluminio-2\/#breadcrumb\",\"itemListElement\":[{\"@type\":\"ListItem\",\"position\":1,\"name\":\"Home\",\"item\":\"https:\/\/metalpie.com\/\"},{\"@type\":\"ListItem\",\"position\":2,\"name\":\"Products\",\"item\":\"https:\/\/metalpie.com\/shop\/\"},{\"@type\":\"ListItem\",\"position\":3,\"name\":\"Aluminium Formwork\"}]},{\"@type\":\"WebSite\",\"@id\":\"https:\/\/metalpie.com\/#website\",\"url\":\"https:\/\/metalpie.com\/\",\"name\":\"METALPIE\",\"description\":\"Precision Metal Fabrication | Tools, Processes &amp; More\",\"potentialAction\":[{\"@type\":\"SearchAction\",\"target\":{\"@type\":\"EntryPoint\",\"urlTemplate\":\"https:\/\/metalpie.com\/?s={search_term_string}\"},\"query-input\":\"required name=search_term_string\"}],\"inLanguage\":\"fr-FR\"}]}<\/script>\n<!-- \/ Yoast SEO plugin. -->","yoast_head_json":{"title":"Fournisseurs de coffrages en aluminium | Formes de b\u00e9ton en aluminium","description":"Le coffrage en aluminium est un mat\u00e9riau de construction populaire. Huajian fournit des coffrages en aluminium de haute qualit\u00e9 \u00e0 ses clients.","robots":{"index":"index","follow":"follow","max-snippet":"max-snippet:-1","max-image-preview":"max-image-preview:large","max-video-preview":"max-video-preview:-1"},"canonical":"https:\/\/metalpie.com\/fr\/coffrage-en-aluminium\/coffrage-en-aluminium-2\/","og_locale":"fr_FR","og_type":"article","og_title":"Aluminum Formwork Suppliers | Aluminum Concrete Forms","og_description":"Aluminum formwork is a popular construction material. Huajian delivers high-quality aluminum concrete forms for our customers.","og_url":"https:\/\/metalpie.com\/fr\/coffrage-en-aluminium\/coffrage-en-aluminium-2\/","og_site_name":"METALPIE","article_modified_time":"2023-08-23T06:15:46+00:00","og_image":[{"width":800,"height":800,"url":"https:\/\/metalpie.com\/wp-content\/uploads\/2022\/10\/ALUMINIUM_FORMA_WORK_PLATE_001image.webp","type":"image\/webp"}],"twitter_card":"summary_large_image","twitter_misc":{"Dur\u00e9e de lecture estim\u00e9e":"6 minutes"},"schema":{"@context":"https:\/\/schema.org","@graph":[{"@type":"WebPage","@id":"https:\/\/metalpie.com\/pt\/formas-de-aluminio\/formas-de-aluminio-2\/","url":"https:\/\/metalpie.com\/pt\/formas-de-aluminio\/formas-de-aluminio-2\/","name":"Fournisseurs de coffrages en aluminium | Formes de b\u00e9ton en aluminium","isPartOf":{"@id":"https:\/\/metalpie.com\/#website"},"datePublished":"2022-10-09T01:00:48+00:00","dateModified":"2023-08-23T06:15:46+00:00","description":"Le coffrage en aluminium est un mat\u00e9riau de construction populaire. Huajian fournit des coffrages en aluminium de haute qualit\u00e9 \u00e0 ses clients.","breadcrumb":{"@id":"https:\/\/metalpie.com\/pt\/formas-de-aluminio\/formas-de-aluminio-2\/#breadcrumb"},"inLanguage":"fr-FR","potentialAction":[{"@type":"ReadAction","target":["https:\/\/metalpie.com\/pt\/formas-de-aluminio\/formas-de-aluminio-2\/"]}]},{"@type":"BreadcrumbList","@id":"https:\/\/metalpie.com\/pt\/formas-de-aluminio\/formas-de-aluminio-2\/#breadcrumb","itemListElement":[{"@type":"ListItem","position":1,"name":"Home","item":"https:\/\/metalpie.com\/"},{"@type":"ListItem","position":2,"name":"Products","item":"https:\/\/metalpie.com\/shop\/"},{"@type":"ListItem","position":3,"name":"Aluminium Formwork"}]},{"@type":"WebSite","@id":"https:\/\/metalpie.com\/#website","url":"https:\/\/metalpie.com\/","name":"METALPIE","description":"Fabrication de pr\u00e9cision des m\u00e9taux | Outils, processus et autres","potentialAction":[{"@type":"SearchAction","target":{"@type":"EntryPoint","urlTemplate":"https:\/\/metalpie.com\/?s={search_term_string}"},"query-input":"required name=search_term_string"}],"inLanguage":"fr-FR"}]}},"_links":{"self":[{"href":"https:\/\/metalpie.com\/fr\/wp-json\/wp\/v2\/product\/2692","targetHints":{"allow":["GET"]}}],"collection":[{"href":"https:\/\/metalpie.com\/fr\/wp-json\/wp\/v2\/product"}],"about":[{"href":"https:\/\/metalpie.com\/fr\/wp-json\/wp\/v2\/types\/product"}],"replies":[{"embeddable":true,"href":"https:\/\/metalpie.com\/fr\/wp-json\/wp\/v2\/comments?post=2692"}],"wp:featuredmedia":[{"embeddable":true,"href":"https:\/\/metalpie.com\/fr\/wp-json\/wp\/v2\/media\/2693"}],"wp:attachment":[{"href":"https:\/\/metalpie.com\/fr\/wp-json\/wp\/v2\/media?parent=2692"}],"wp:term":[{"taxonomy":"product_cat","embeddable":true,"href":"https:\/\/metalpie.com\/fr\/wp-json\/wp\/v2\/product_cat?post=2692"}],"curies":[{"name":"wp","href":"https:\/\/api.w.org\/{rel}","templated":true}]}}