{"id":2651,"date":"2022-10-08T22:04:59","date_gmt":"2022-10-08T14:04:59","guid":{"rendered":"https:\/\/metalpie.com\/?post_type=product&#038;p=2651"},"modified":"2022-10-08T22:11:00","modified_gmt":"2022-10-08T14:11:00","slug":"profile-daluminium-pour-lautomobile","status":"publish","type":"product","link":"https:\/\/metalpie.com\/fr\/vehicules-en-aluminium\/profile-daluminium-pour-lautomobile\/","title":{"rendered":"Profil\u00e9s en aluminium pour l'automobile"},"content":{"rendered":"<section class=\"section\" id=\"section_29774700\">\n\t\t<div class=\"bg section-bg fill bg-fill  bg-loaded\" >\n\n\t\t\t\n\t\t\t\n\t\t\t\n\n\t\t<\/div>\n\n\t\t\n\n\t\t<div class=\"section-content relative\">\n\t\t\t\n<div class=\"row align-middle\"  id=\"row-136728586\">\n\n\t<div id=\"col-1188633212\" class=\"col medium-6 small-12 large-6\"  >\n\t\t\t\t<div class=\"col-inner\"  >\n\t\t\t\n\t\t\t\n\t<div class=\"img has-hover x md-x lg-x y md-y lg-y\" id=\"image_919367269\">\n\t\t\t\t\t\t\t\t<div class=\"img-inner dark\" >\n\t\t\t<img loading=\"lazy\" decoding=\"async\" width=\"652\" height=\"490\" src=\"https:\/\/metalpie.com\/wp-content\/uploads\/2022\/10\/AUTOMOBILE_ALUMINIUM_PROFILE_004image.webp\" class=\"attachment-original size-original\" alt=\"\" srcset=\"https:\/\/metalpie.com\/wp-content\/uploads\/2022\/10\/AUTOMOBILE_ALUMINIUM_PROFILE_004image.webp 652w, https:\/\/metalpie.com\/wp-content\/uploads\/2022\/10\/AUTOMOBILE_ALUMINIUM_PROFILE_004image-300x225.webp 300w\" sizes=\"auto, (max-width: 652px) 100vw, 652px\" \/>\t\t\t\t\t\t\n\t\t\t\t\t<\/div>\n\t\t\t\t\t\t\t\t\n<style>\n#image_919367269 {\n  width: 100%;\n}\n<\/style>\n\t<\/div>\n\t\n\t\t<\/div>\n\t\t\t\t\t<\/div>\n\n\t\n\n\t<div id=\"col-1627199450\" class=\"col medium-6 small-12 large-6\"  >\n\t\t\t\t<div class=\"col-inner\"  >\n\t\t\t\n\t\t\t\n<p>Les recherches du groupe Huajian Aluminium montrent qu'environ 75% de la consommation d'\u00e9nergie est li\u00e9e au poids de l'automobile\uff0c la r\u00e9duction du poids de la voiture peut r\u00e9duire efficacement la consommation de carburant et les \u00e9missions. Compar\u00e9 \u00e0 l'acier, l'aluminium pr\u00e9sente des avantages \u00e9vidents. La densit\u00e9 de l'aluminium ne repr\u00e9sente qu'environ un tiers de celle de l'acier. Dans le m\u00eame temps, l'aluminium est \u00e9galement le deuxi\u00e8me mat\u00e9riau industriel national apr\u00e8s l'acier. Il est tr\u00e8s mature dans l'industrie de la production et de l'approvisionnement et a la capacit\u00e9 de fournir l'industrie automobile de mani\u00e8re stable, ce qui peut r\u00e9pondre aux exigences de l'industrie automobile en mati\u00e8re de syst\u00e8me de contr\u00f4le de la qualit\u00e9.<\/p>\n\t\t<\/div>\n\t\t\t\t\t<\/div>\n\n\t\n<\/div>\n<div class=\"row\"  id=\"row-1841126302\">\n\n\t<div id=\"col-1759553634\" class=\"col small-12 large-12\"  >\n\t\t\t\t<div class=\"col-inner\"  >\n\t\t\t\n\t\t\t\n\t<div class=\"img has-hover x md-x lg-x y md-y lg-y\" id=\"image_1060920209\">\n\t\t\t\t\t\t\t\t<div class=\"img-inner dark\" >\n\t\t\t<img loading=\"lazy\" decoding=\"async\" width=\"747\" height=\"484\" src=\"https:\/\/metalpie.com\/wp-content\/uploads\/2022\/10\/AUTOMOBILE_ALUMINIUM_PROFILE_005image.webp\" class=\"attachment-original size-original\" alt=\"\" srcset=\"https:\/\/metalpie.com\/wp-content\/uploads\/2022\/10\/AUTOMOBILE_ALUMINIUM_PROFILE_005image.webp 747w, https:\/\/metalpie.com\/wp-content\/uploads\/2022\/10\/AUTOMOBILE_ALUMINIUM_PROFILE_005image-300x194.webp 300w\" sizes=\"auto, (max-width: 747px) 100vw, 747px\" \/>\t\t\t\t\t\t\n\t\t\t\t\t<\/div>\n\t\t\t\t\t\t\t\t\n<style>\n#image_1060920209 {\n  width: 100%;\n}\n<\/style>\n\t<\/div>\n\t\n<p>Il existe trois formes principales de formage de l'alliage d'aluminium dans les applications de carrosserie automobile : l'emboutissage, le moulage par extrusion et le moulage par coul\u00e9e. L'estampage est principalement bas\u00e9 sur le mat\u00e9riau en feuille, \u00e0 travers la conception de moules, le traitement et le formage, n\u00e9cessitant g\u00e9n\u00e9ralement plusieurs s\u00e9quences pour \u00eatre r\u00e9alis\u00e9, plus adapt\u00e9 \u00e0 la production de masse de pi\u00e8ces, telles que les panneaux ext\u00e9rieurs des portes, les panneaux int\u00e9rieurs et ext\u00e9rieurs du capotage et d'autres pi\u00e8ces ; le formage par extrusion Il est principalement adapt\u00e9 \u00e0 la fabrication de certaines pi\u00e8ces de poutre longue. Gr\u00e2ce \u00e0 la section transversale con\u00e7ue, qui est plus compliqu\u00e9e que celle de l'acier, les performances globales en termes de rigidit\u00e9 et de collision, telles que les poutres longitudinales, les poutres anticollision avant et arri\u00e8re, etc. Certaines pi\u00e8ces en acier n\u00e9cessitent plusieurs pi\u00e8ces, alors que la fonte d'aluminium peut \u00eatre r\u00e9alis\u00e9e avec une seule pi\u00e8ce, comme les supports de tour. La caract\u00e9ristique de l'aluminium est que son module d'\u00e9lasticit\u00e9 est 1\/3 de celui de l'acier. Selon une analyse th\u00e9orique, la rigidit\u00e9 de 1,4 fois l'\u00e9paisseur de l'aluminium peut \u00eatre \u00e9quivalente \u00e0 celle de l'acier. En th\u00e9orie, du point de vue de la rigidit\u00e9 de la carrosserie, le remplacement de l'acier par de l'aluminium d'une \u00e9paisseur 1,4 fois sup\u00e9rieure \u00e0 celle de l'acier permet d'obtenir la m\u00eame rigidit\u00e9 et de r\u00e9duire le poids de 50%. Dans les mod\u00e8les existants, la plaque int\u00e9rieure est principalement constitu\u00e9e d'un alliage d'aluminium de la s\u00e9rie 5, et la plaque ext\u00e9rieure est principalement constitu\u00e9e d'un alliage d'aluminium de la s\u00e9rie 6 avec des caract\u00e9ristiques de durcissement par cuisson. L'aluminium moul\u00e9 et l'aluminium extrud\u00e9 peuvent atteindre des performances sup\u00e9rieures gr\u00e2ce \u00e0 une conception complexe de la section transversale.<\/p>\n\t\t<\/div>\n\t\t\t\t\t<\/div>\n\n\t\n<\/div>\n<div class=\"row align-middle\"  id=\"row-1588222376\">\n\n\t<div id=\"col-550514106\" class=\"col medium-6 small-12 large-6\"  >\n\t\t\t\t<div class=\"col-inner\"  >\n\t\t\t\n\t\t\t\n\t<div class=\"img has-hover x md-x lg-x y md-y lg-y\" id=\"image_2135766354\">\n\t\t\t\t\t\t\t\t<div class=\"img-inner dark\" >\n\t\t\t<img loading=\"lazy\" decoding=\"async\" width=\"641\" height=\"516\" src=\"https:\/\/metalpie.com\/wp-content\/uploads\/2022\/10\/AUTOMOBILE_ALUMINIUM_PROFILE_006image.webp\" class=\"attachment-original size-original\" alt=\"\" srcset=\"https:\/\/metalpie.com\/wp-content\/uploads\/2022\/10\/AUTOMOBILE_ALUMINIUM_PROFILE_006image.webp 641w, https:\/\/metalpie.com\/wp-content\/uploads\/2022\/10\/AUTOMOBILE_ALUMINIUM_PROFILE_006image-300x241.webp 300w\" sizes=\"auto, (max-width: 641px) 100vw, 641px\" \/>\t\t\t\t\t\t\n\t\t\t\t\t<\/div>\n\t\t\t\t\t\t\t\t\n<style>\n#image_2135766354 {\n  width: 100%;\n}\n<\/style>\n\t<\/div>\n\t\n\t\t<\/div>\n\t\t\t\t\t<\/div>\n\n\t\n\n\t<div id=\"col-221738446\" class=\"col medium-6 small-12 large-6\"  >\n\t\t\t\t<div class=\"col-inner\"  >\n\t\t\t\n\t\t\t\n<p>L'alliage d'aluminium extrud\u00e9 est principalement utilis\u00e9 dans certaines pi\u00e8ces de la carrosserie.<\/p>\n<p>Comme les seuils de porte, les longerons, les poutres, etc., l'aluminium extrud\u00e9 permet d'obtenir une meilleure rigidit\u00e9 et une meilleure r\u00e9sistance aux collisions gr\u00e2ce \u00e0 une structure de section transversale plus complexe que celle de l'acier. Dans les ann\u00e9es 1990, le Japon a construit une voiture de sport NSX dont la carrosserie \u00e9tait enti\u00e8rement en aluminium. Les profil\u00e9s extrud\u00e9s repr\u00e9sentaient 12% du poids total. Avec les progr\u00e8s progressifs de la technologie de pliage tridimensionnel de haute pr\u00e9cision des profil\u00e9s et de la technologie de contr\u00f4le de la structure et de la r\u00e9sistance des alliages de la s\u00e9rie 6, le poids de l'alliage d'aluminium extrud\u00e9 utilis\u00e9 dans l'INSIGHT de Honda est pass\u00e9 \u00e0 30%. Cependant, avec le d\u00e9veloppement d'autres technologies et l'impact de l'environnement du march\u00e9, le poids des profil\u00e9s extrud\u00e9s dans la carrosserie de la voiture ECB au cours des 10 derni\u00e8res ann\u00e9es est d'environ 3%, et la gamme des pi\u00e8ces utilis\u00e9es est relativement stable.<\/p>\n\t\t<\/div>\n\t\t\t\t\t<\/div>\n\n\t\n<\/div>\n\t<div class=\"img has-hover x md-x lg-x y md-y lg-y\" id=\"image_1087765439\">\n\t\t\t\t\t\t\t\t<div class=\"img-inner dark\" >\n\t\t\t<img loading=\"lazy\" decoding=\"async\" width=\"757\" height=\"569\" src=\"https:\/\/metalpie.com\/wp-content\/uploads\/2022\/10\/AUTOMOBILE_ALUMINIUM_PROFILE_007image.webp\" class=\"attachment-original size-original\" alt=\"\" srcset=\"https:\/\/metalpie.com\/wp-content\/uploads\/2022\/10\/AUTOMOBILE_ALUMINIUM_PROFILE_007image.webp 757w, https:\/\/metalpie.com\/wp-content\/uploads\/2022\/10\/AUTOMOBILE_ALUMINIUM_PROFILE_007image-300x225.webp 300w\" sizes=\"auto, (max-width: 757px) 100vw, 757px\" \/>\t\t\t\t\t\t\n\t\t\t\t\t<\/div>\n\t\t\t\t\t\t\t\t\n<style>\n#image_1087765439 {\n  width: 100%;\n}\n<\/style>\n\t<\/div>\n\t\n<p>La faible densit\u00e9 de l'alliage d'aluminium en fait un mat\u00e9riau important pour les carrosseries l\u00e9g\u00e8res.<\/p>\n<p>En ce qui concerne le remplacement de l'acier, les performances de l'ensemble du v\u00e9hicule peuvent \u00eatre am\u00e9lior\u00e9es gr\u00e2ce \u00e0 une \u00e9paisseur d'environ 1,5 fois et \u00e0 la conception structurelle sp\u00e9ciale du moulage ; en termes de rapport de poids du v\u00e9lo, la proportion de t\u00f4le d'aluminium estamp\u00e9e est la plus importante, suivie par l'aluminium moul\u00e9 et l'aluminium extrud\u00e9. Cependant, dans l'assemblage des panneaux lat\u00e9raux qui doivent absorber efficacement l'\u00e9nergie et r\u00e9duire la quantit\u00e9 d'intrusion, l'aluminium ne pr\u00e9sente aucun avantage par rapport \u00e0 l'acier form\u00e9 \u00e0 chaud.<\/p>\n<p>Le groupe Huajian Aluminium s'efforce d'extruder des mat\u00e9riaux en aluminium depuis 2000, et les comp\u00e9tences de production de l'entreprise se sont d\u00e9velopp\u00e9es dans le domaine de l'approvisionnement automobile.<\/p>\n\t\t<\/div>\n\n\t\t\n<style>\n#section_29774700 {\n  padding-top: 30px;\n  padding-bottom: 30px;\n}\n<\/style>\n\t<\/section>","protected":false},"excerpt":{"rendered":"<p>Les recherches du groupe Huajian Aluminium montrent qu'environ 75% de la consommation d'\u00e9nergie est li\u00e9e au poids de l'automobile\uff0c la r\u00e9duction du poids de la voiture peut r\u00e9duire efficacement la consommation de carburant et les \u00e9missions. Compar\u00e9 \u00e0 l'acier, l'aluminium pr\u00e9sente des avantages \u00e9vidents.<\/p>","protected":false},"featured_media":2652,"comment_status":"closed","ping_status":"closed","template":"","meta":[],"product_cat":[98],"class_list":["post-2651","product","type-product","status-publish","has-post-thumbnail","hentry","product_cat-aluminum-vehicles"],"yoast_head":"<!-- This site is optimized with the Yoast SEO plugin v21.5 - https:\/\/yoast.com\/wordpress\/plugins\/seo\/ -->\n<title>Fresh Air Window - METALPIE<\/title>\n<meta name=\"robots\" content=\"index, follow, max-snippet:-1, max-image-preview:large, max-video-preview:-1\" \/>\n<link rel=\"canonical\" href=\"https:\/\/metalpie.com\/fr\/vehicules-en-aluminium\/profile-daluminium-pour-lautomobile\/\" \/>\n<meta property=\"og:locale\" content=\"fr_FR\" \/>\n<meta property=\"og:type\" content=\"article\" \/>\n<meta property=\"og:title\" content=\"Fresh Air Window - METALPIE\" \/>\n<meta property=\"og:description\" content=\"Huajian Aluminium group research shows that about 75% of energy consumption is related to the weight of automobile\uff0cdecrease car\u2018s weight can effectively reduce fuel consumption and emissions. Compared with steel, aluminum has obvious advantages.\" \/>\n<meta property=\"og:url\" content=\"https:\/\/metalpie.com\/fr\/vehicules-en-aluminium\/profile-daluminium-pour-lautomobile\/\" \/>\n<meta property=\"og:site_name\" content=\"METALPIE\" \/>\n<meta property=\"article:modified_time\" content=\"2022-10-08T14:11:00+00:00\" \/>\n<meta property=\"og:image\" content=\"https:\/\/metalpie.com\/wp-content\/uploads\/2022\/10\/AUTOMOBILE_ALUMINIUM_PROFILE_001image.webp\" \/>\n\t<meta property=\"og:image:width\" content=\"800\" \/>\n\t<meta property=\"og:image:height\" content=\"800\" \/>\n\t<meta property=\"og:image:type\" content=\"image\/webp\" \/>\n<meta name=\"twitter:card\" content=\"summary_large_image\" \/>\n<meta name=\"twitter:label1\" content=\"Dur\u00e9e de lecture estim\u00e9e\" \/>\n\t<meta name=\"twitter:data1\" content=\"4 minutes\" \/>\n<script type=\"application\/ld+json\" class=\"yoast-schema-graph\">{\"@context\":\"https:\/\/schema.org\",\"@graph\":[{\"@type\":\"WebPage\",\"@id\":\"https:\/\/metalpie.com\/ru\/%d0%b0%d0%bb%d1%8e%d0%bc%d0%b8%d0%bd%d0%b8%d0%b5%d0%b2%d1%8b%d0%b5-%d0%b0%d0%b2%d1%82%d0%be%d0%bc%d0%be%d0%b1%d0%b8%d0%bb%d0%b8\/%d0%b0%d0%b2%d1%82%d0%be%d0%bc%d0%be%d0%b1%d0%b8%d0%bb%d1%8c%d0%bd%d1%8b%d0%b9-%d0%b0%d0%bb%d1%8e%d0%bc%d0%b8%d0%bd%d0%b8%d0%b5%d0%b2%d1%8b%d0%b9-%d0%bf%d1%80%d0%be%d1%84%d0%b8%d0%bb%d1%8c\/\",\"url\":\"https:\/\/metalpie.com\/ru\/%d0%b0%d0%bb%d1%8e%d0%bc%d0%b8%d0%bd%d0%b8%d0%b5%d0%b2%d1%8b%d0%b5-%d0%b0%d0%b2%d1%82%d0%be%d0%bc%d0%be%d0%b1%d0%b8%d0%bb%d0%b8\/%d0%b0%d0%b2%d1%82%d0%be%d0%bc%d0%be%d0%b1%d0%b8%d0%bb%d1%8c%d0%bd%d1%8b%d0%b9-%d0%b0%d0%bb%d1%8e%d0%bc%d0%b8%d0%bd%d0%b8%d0%b5%d0%b2%d1%8b%d0%b9-%d0%bf%d1%80%d0%be%d1%84%d0%b8%d0%bb%d1%8c\/\",\"name\":\"Fresh Air Window - METALPIE\",\"isPartOf\":{\"@id\":\"https:\/\/metalpie.com\/#website\"},\"datePublished\":\"2022-10-08T14:04:59+00:00\",\"dateModified\":\"2022-10-08T14:11:00+00:00\",\"breadcrumb\":{\"@id\":\"https:\/\/metalpie.com\/ru\/%d0%b0%d0%bb%d1%8e%d0%bc%d0%b8%d0%bd%d0%b8%d0%b5%d0%b2%d1%8b%d0%b5-%d0%b0%d0%b2%d1%82%d0%be%d0%bc%d0%be%d0%b1%d0%b8%d0%bb%d0%b8\/%d0%b0%d0%b2%d1%82%d0%be%d0%bc%d0%be%d0%b1%d0%b8%d0%bb%d1%8c%d0%bd%d1%8b%d0%b9-%d0%b0%d0%bb%d1%8e%d0%bc%d0%b8%d0%bd%d0%b8%d0%b5%d0%b2%d1%8b%d0%b9-%d0%bf%d1%80%d0%be%d1%84%d0%b8%d0%bb%d1%8c\/#breadcrumb\"},\"inLanguage\":\"fr-FR\",\"potentialAction\":[{\"@type\":\"ReadAction\",\"target\":[\"https:\/\/metalpie.com\/ru\/%d0%b0%d0%bb%d1%8e%d0%bc%d0%b8%d0%bd%d0%b8%d0%b5%d0%b2%d1%8b%d0%b5-%d0%b0%d0%b2%d1%82%d0%be%d0%bc%d0%be%d0%b1%d0%b8%d0%bb%d0%b8\/%d0%b0%d0%b2%d1%82%d0%be%d0%bc%d0%be%d0%b1%d0%b8%d0%bb%d1%8c%d0%bd%d1%8b%d0%b9-%d0%b0%d0%bb%d1%8e%d0%bc%d0%b8%d0%bd%d0%b8%d0%b5%d0%b2%d1%8b%d0%b9-%d0%bf%d1%80%d0%be%d1%84%d0%b8%d0%bb%d1%8c\/\"]}]},{\"@type\":\"BreadcrumbList\",\"@id\":\"https:\/\/metalpie.com\/ru\/%d0%b0%d0%bb%d1%8e%d0%bc%d0%b8%d0%bd%d0%b8%d0%b5%d0%b2%d1%8b%d0%b5-%d0%b0%d0%b2%d1%82%d0%be%d0%bc%d0%be%d0%b1%d0%b8%d0%bb%d0%b8\/%d0%b0%d0%b2%d1%82%d0%be%d0%bc%d0%be%d0%b1%d0%b8%d0%bb%d1%8c%d0%bd%d1%8b%d0%b9-%d0%b0%d0%bb%d1%8e%d0%bc%d0%b8%d0%bd%d0%b8%d0%b5%d0%b2%d1%8b%d0%b9-%d0%bf%d1%80%d0%be%d1%84%d0%b8%d0%bb%d1%8c\/#breadcrumb\",\"itemListElement\":[{\"@type\":\"ListItem\",\"position\":1,\"name\":\"Home\",\"item\":\"https:\/\/metalpie.com\/\"},{\"@type\":\"ListItem\",\"position\":2,\"name\":\"Products\",\"item\":\"https:\/\/metalpie.com\/shop\/\"},{\"@type\":\"ListItem\",\"position\":3,\"name\":\"Automobile Aluminium Profile\"}]},{\"@type\":\"WebSite\",\"@id\":\"https:\/\/metalpie.com\/#website\",\"url\":\"https:\/\/metalpie.com\/\",\"name\":\"METALPIE\",\"description\":\"Precision Metal Fabrication | Tools, Processes &amp; More\",\"potentialAction\":[{\"@type\":\"SearchAction\",\"target\":{\"@type\":\"EntryPoint\",\"urlTemplate\":\"https:\/\/metalpie.com\/?s={search_term_string}\"},\"query-input\":\"required name=search_term_string\"}],\"inLanguage\":\"fr-FR\"}]}<\/script>\n<!-- \/ Yoast SEO plugin. -->","yoast_head_json":{"title":"Fen\u00eatre d'air frais - METALPIE","robots":{"index":"index","follow":"follow","max-snippet":"max-snippet:-1","max-image-preview":"max-image-preview:large","max-video-preview":"max-video-preview:-1"},"canonical":"https:\/\/metalpie.com\/fr\/vehicules-en-aluminium\/profile-daluminium-pour-lautomobile\/","og_locale":"fr_FR","og_type":"article","og_title":"Fresh Air Window - METALPIE","og_description":"Huajian Aluminium group research shows that about 75% of energy consumption is related to the weight of automobile\uff0cdecrease car\u2018s weight can effectively reduce fuel consumption and emissions. Compared with steel, aluminum has obvious advantages.","og_url":"https:\/\/metalpie.com\/fr\/vehicules-en-aluminium\/profile-daluminium-pour-lautomobile\/","og_site_name":"METALPIE","article_modified_time":"2022-10-08T14:11:00+00:00","og_image":[{"width":800,"height":800,"url":"https:\/\/metalpie.com\/wp-content\/uploads\/2022\/10\/AUTOMOBILE_ALUMINIUM_PROFILE_001image.webp","type":"image\/webp"}],"twitter_card":"summary_large_image","twitter_misc":{"Dur\u00e9e de lecture estim\u00e9e":"4 minutes"},"schema":{"@context":"https:\/\/schema.org","@graph":[{"@type":"WebPage","@id":"https:\/\/metalpie.com\/ru\/%d0%b0%d0%bb%d1%8e%d0%bc%d0%b8%d0%bd%d0%b8%d0%b5%d0%b2%d1%8b%d0%b5-%d0%b0%d0%b2%d1%82%d0%be%d0%bc%d0%be%d0%b1%d0%b8%d0%bb%d0%b8\/%d0%b0%d0%b2%d1%82%d0%be%d0%bc%d0%be%d0%b1%d0%b8%d0%bb%d1%8c%d0%bd%d1%8b%d0%b9-%d0%b0%d0%bb%d1%8e%d0%bc%d0%b8%d0%bd%d0%b8%d0%b5%d0%b2%d1%8b%d0%b9-%d0%bf%d1%80%d0%be%d1%84%d0%b8%d0%bb%d1%8c\/","url":"https:\/\/metalpie.com\/ru\/%d0%b0%d0%bb%d1%8e%d0%bc%d0%b8%d0%bd%d0%b8%d0%b5%d0%b2%d1%8b%d0%b5-%d0%b0%d0%b2%d1%82%d0%be%d0%bc%d0%be%d0%b1%d0%b8%d0%bb%d0%b8\/%d0%b0%d0%b2%d1%82%d0%be%d0%bc%d0%be%d0%b1%d0%b8%d0%bb%d1%8c%d0%bd%d1%8b%d0%b9-%d0%b0%d0%bb%d1%8e%d0%bc%d0%b8%d0%bd%d0%b8%d0%b5%d0%b2%d1%8b%d0%b9-%d0%bf%d1%80%d0%be%d1%84%d0%b8%d0%bb%d1%8c\/","name":"Fen\u00eatre d'air frais - METALPIE","isPartOf":{"@id":"https:\/\/metalpie.com\/#website"},"datePublished":"2022-10-08T14:04:59+00:00","dateModified":"2022-10-08T14:11:00+00:00","breadcrumb":{"@id":"https:\/\/metalpie.com\/ru\/%d0%b0%d0%bb%d1%8e%d0%bc%d0%b8%d0%bd%d0%b8%d0%b5%d0%b2%d1%8b%d0%b5-%d0%b0%d0%b2%d1%82%d0%be%d0%bc%d0%be%d0%b1%d0%b8%d0%bb%d0%b8\/%d0%b0%d0%b2%d1%82%d0%be%d0%bc%d0%be%d0%b1%d0%b8%d0%bb%d1%8c%d0%bd%d1%8b%d0%b9-%d0%b0%d0%bb%d1%8e%d0%bc%d0%b8%d0%bd%d0%b8%d0%b5%d0%b2%d1%8b%d0%b9-%d0%bf%d1%80%d0%be%d1%84%d0%b8%d0%bb%d1%8c\/#breadcrumb"},"inLanguage":"fr-FR","potentialAction":[{"@type":"ReadAction","target":["https:\/\/metalpie.com\/ru\/%d0%b0%d0%bb%d1%8e%d0%bc%d0%b8%d0%bd%d0%b8%d0%b5%d0%b2%d1%8b%d0%b5-%d0%b0%d0%b2%d1%82%d0%be%d0%bc%d0%be%d0%b1%d0%b8%d0%bb%d0%b8\/%d0%b0%d0%b2%d1%82%d0%be%d0%bc%d0%be%d0%b1%d0%b8%d0%bb%d1%8c%d0%bd%d1%8b%d0%b9-%d0%b0%d0%bb%d1%8e%d0%bc%d0%b8%d0%bd%d0%b8%d0%b5%d0%b2%d1%8b%d0%b9-%d0%bf%d1%80%d0%be%d1%84%d0%b8%d0%bb%d1%8c\/"]}]},{"@type":"BreadcrumbList","@id":"https:\/\/metalpie.com\/ru\/%d0%b0%d0%bb%d1%8e%d0%bc%d0%b8%d0%bd%d0%b8%d0%b5%d0%b2%d1%8b%d0%b5-%d0%b0%d0%b2%d1%82%d0%be%d0%bc%d0%be%d0%b1%d0%b8%d0%bb%d0%b8\/%d0%b0%d0%b2%d1%82%d0%be%d0%bc%d0%be%d0%b1%d0%b8%d0%bb%d1%8c%d0%bd%d1%8b%d0%b9-%d0%b0%d0%bb%d1%8e%d0%bc%d0%b8%d0%bd%d0%b8%d0%b5%d0%b2%d1%8b%d0%b9-%d0%bf%d1%80%d0%be%d1%84%d0%b8%d0%bb%d1%8c\/#breadcrumb","itemListElement":[{"@type":"ListItem","position":1,"name":"Home","item":"https:\/\/metalpie.com\/"},{"@type":"ListItem","position":2,"name":"Products","item":"https:\/\/metalpie.com\/shop\/"},{"@type":"ListItem","position":3,"name":"Automobile Aluminium Profile"}]},{"@type":"WebSite","@id":"https:\/\/metalpie.com\/#website","url":"https:\/\/metalpie.com\/","name":"METALPIE","description":"Fabrication de pr\u00e9cision des m\u00e9taux | Outils, processus et autres","potentialAction":[{"@type":"SearchAction","target":{"@type":"EntryPoint","urlTemplate":"https:\/\/metalpie.com\/?s={search_term_string}"},"query-input":"required name=search_term_string"}],"inLanguage":"fr-FR"}]}},"_links":{"self":[{"href":"https:\/\/metalpie.com\/fr\/wp-json\/wp\/v2\/product\/2651","targetHints":{"allow":["GET"]}}],"collection":[{"href":"https:\/\/metalpie.com\/fr\/wp-json\/wp\/v2\/product"}],"about":[{"href":"https:\/\/metalpie.com\/fr\/wp-json\/wp\/v2\/types\/product"}],"replies":[{"embeddable":true,"href":"https:\/\/metalpie.com\/fr\/wp-json\/wp\/v2\/comments?post=2651"}],"wp:featuredmedia":[{"embeddable":true,"href":"https:\/\/metalpie.com\/fr\/wp-json\/wp\/v2\/media\/2652"}],"wp:attachment":[{"href":"https:\/\/metalpie.com\/fr\/wp-json\/wp\/v2\/media?parent=2651"}],"wp:term":[{"taxonomy":"product_cat","embeddable":true,"href":"https:\/\/metalpie.com\/fr\/wp-json\/wp\/v2\/product_cat?post=2651"}],"curies":[{"name":"wp","href":"https:\/\/api.w.org\/{rel}","templated":true}]}}