{"id":1300,"date":"2022-08-19T17:20:50","date_gmt":"2022-08-19T09:20:50","guid":{"rendered":"https:\/\/goodsheet.bbswaimao.com\/?post_type=product&amp;p=1300"},"modified":"2022-08-19T17:20:50","modified_gmt":"2022-08-19T09:20:50","slug":"fabrication-de-toles-supports-en-acier-inoxydable-pour-imprimante-3d","status":"publish","type":"product","link":"https:\/\/metalpie.com\/fr\/imprimante-3d-metal\/fabrication-de-toles-supports-en-acier-inoxydable-pour-imprimante-3d\/","title":{"rendered":"Fabrication de t\u00f4les en acier inoxydable Supports pour machine \u00e0 imprimer 3D"},"content":{"rendered":"<p><span style=\"font-size: 170%\">\u00a0Sp\u00e9cification de la fabrication de supports en t\u00f4le<\/span><\/p>\n<div class=\"over-tabs\">\n<table style=\"height: 584px\" width=\"718\" cellspacing=\"0\" cellpadding=\"0\">\n<colgroup>\n<col \/>\n<col \/>\n<col \/><\/colgroup>\n<tbody>\n<tr class=\"firstRow\">\n<td>Mat\u00e9riau<\/td>\n<td colspan=\"2\">Aluminium, cuivre, laiton, acier inoxydable<\/td>\n<\/tr>\n<tr>\n<td>\u00c9paisseur de la plaque<\/td>\n<td colspan=\"2\">0,9 mm - 20 mm<\/td>\n<\/tr>\n<tr>\n<td>Processus<\/td>\n<td colspan=\"2\">Poin\u00e7onnage, d\u00e9coupage, estampage, pliage<\/td>\n<\/tr>\n<tr>\n<td>Application<\/td>\n<td colspan=\"2\">Supports en t\u00f4le, supports muraux, supports de montage,<br \/>\nSupports de TV, supports muraux de TV, supports muraux de LCD, etc.<\/td>\n<\/tr>\n<tr>\n<td>Finition de la surface<\/td>\n<td colspan=\"2\">Anodisation, zingage, chromage, rev\u00eatement par poudre, s\u00e9rigraphie, etc.<\/td>\n<\/tr>\n<tr>\n<td rowspan=\"6\">Tol\u00e9rance<\/td>\n<td>Se plier au trou ou \u00e0 l'\u00e9l\u00e9ment :<\/td>\n<td>\u00b10,2 mm<\/td>\n<\/tr>\n<tr>\n<td>Formage et cintrage :<\/td>\n<td>\u00b10,4 mm<\/td>\n<\/tr>\n<tr>\n<td>Diam\u00e8tre avec inserts :<\/td>\n<td>\u00b10,06 mm<\/td>\n<\/tr>\n<tr>\n<td>Dimensions lin\u00e9aires \u00e0 l'exclusion de<br \/>\nles endroits o\u00f9 se trouvent les coudes :<\/td>\n<td>\u00b10,1 mm<\/td>\n<\/tr>\n<tr>\n<td>Angularit\u00e9<\/td>\n<td>\u00b12 degr\u00e9s<\/td>\n<\/tr>\n<tr>\n<td>Rugosit\u00e9 de la surface<\/td>\n<td>\u00b13,2 microm\u00e8tres<\/td>\n<\/tr>\n<tr>\n<td>D\u00e9lai d'ex\u00e9cution<\/td>\n<td colspan=\"2\">7-35 jours, en fonction de la quantit\u00e9<\/td>\n<\/tr>\n<\/tbody>\n<\/table>\n<p>&nbsp;<\/p>\n<\/div>","protected":false},"excerpt":{"rendered":"<p>La fabrication de supports en t\u00f4le est largement utilis\u00e9e dans les appareils \u00e9lectroniques, les communications, l'industrie automobile, les \u00e9quipements m\u00e9dicaux et d'autres domaines. Les caract\u00e9ristiques des supports en t\u00f4le sont la l\u00e9g\u00e8ret\u00e9, la r\u00e9sistance \u00e9lev\u00e9e, la conductivit\u00e9 \u00e9lectrique, le faible co\u00fbt, la bonne performance de la production de masse, etc.<\/p>","protected":false},"featured_media":1304,"comment_status":"open","ping_status":"closed","template":"","meta":[],"product_cat":[111],"class_list":["post-1300","product","type-product","status-publish","has-post-thumbnail","hentry","product_cat-metal-3d-printer"],"yoast_head":"<!-- This site is optimized with the Yoast SEO plugin v21.5 - https:\/\/yoast.com\/wordpress\/plugins\/seo\/ -->\n<title>Sheet Metal Fabrication Stainless Steel Brackets For 3D Printer Machine - METALPIE<\/title>\n<meta name=\"robots\" content=\"index, follow, max-snippet:-1, max-image-preview:large, max-video-preview:-1\" \/>\n<link rel=\"canonical\" href=\"https:\/\/metalpie.com\/fr\/imprimante-3d-metal\/fabrication-de-toles-supports-en-acier-inoxydable-pour-imprimante-3d\/\" \/>\n<meta property=\"og:locale\" content=\"fr_FR\" \/>\n<meta property=\"og:type\" content=\"article\" \/>\n<meta property=\"og:title\" content=\"Sheet Metal Fabrication Stainless Steel Brackets For 3D Printer Machine - METALPIE\" \/>\n<meta property=\"og:description\" content=\"Bracket sheet metal fabrication has widely used in electronic appliances, communication, automobile industry, medical equipment and other fields. The characteristics of sheet metal bracket are light weight, high strength, electrical conductivity ow cost, good mass production performance and so on.\" \/>\n<meta property=\"og:url\" content=\"https:\/\/metalpie.com\/fr\/imprimante-3d-metal\/fabrication-de-toles-supports-en-acier-inoxydable-pour-imprimante-3d\/\" \/>\n<meta property=\"og:site_name\" content=\"METALPIE\" \/>\n<meta name=\"twitter:card\" content=\"summary_large_image\" \/>\n<script type=\"application\/ld+json\" class=\"yoast-schema-graph\">{\"@context\":\"https:\/\/schema.org\",\"@graph\":[{\"@type\":\"WebPage\",\"@id\":\"https:\/\/metalpie.com\/metal-3d-printer\/sheet-metal-fabrication-stainless-steel-brackets-for-3d-printer-machine\/\",\"url\":\"https:\/\/metalpie.com\/metal-3d-printer\/sheet-metal-fabrication-stainless-steel-brackets-for-3d-printer-machine\/\",\"name\":\"Sheet Metal Fabrication Stainless Steel Brackets For 3D Printer Machine - METALPIE\",\"isPartOf\":{\"@id\":\"https:\/\/metalpie.com\/#website\"},\"datePublished\":\"2022-08-19T09:20:50+00:00\",\"dateModified\":\"2022-08-19T09:20:50+00:00\",\"breadcrumb\":{\"@id\":\"https:\/\/metalpie.com\/metal-3d-printer\/sheet-metal-fabrication-stainless-steel-brackets-for-3d-printer-machine\/#breadcrumb\"},\"inLanguage\":\"fr-FR\",\"potentialAction\":[{\"@type\":\"ReadAction\",\"target\":[\"https:\/\/metalpie.com\/metal-3d-printer\/sheet-metal-fabrication-stainless-steel-brackets-for-3d-printer-machine\/\"]}]},{\"@type\":\"BreadcrumbList\",\"@id\":\"https:\/\/metalpie.com\/metal-3d-printer\/sheet-metal-fabrication-stainless-steel-brackets-for-3d-printer-machine\/#breadcrumb\",\"itemListElement\":[{\"@type\":\"ListItem\",\"position\":1,\"name\":\"Home\",\"item\":\"https:\/\/metalpie.com\/\"},{\"@type\":\"ListItem\",\"position\":2,\"name\":\"Products\",\"item\":\"https:\/\/metalpie.com\/shop\/\"},{\"@type\":\"ListItem\",\"position\":3,\"name\":\"Sheet Metal Fabrication Stainless Steel Brackets For 3D Printer Machine\"}]},{\"@type\":\"WebSite\",\"@id\":\"https:\/\/metalpie.com\/#website\",\"url\":\"https:\/\/metalpie.com\/\",\"name\":\"METALPIE\",\"description\":\"Precision Metal Fabrication | Tools, Processes &amp; More\",\"potentialAction\":[{\"@type\":\"SearchAction\",\"target\":{\"@type\":\"EntryPoint\",\"urlTemplate\":\"https:\/\/metalpie.com\/?s={search_term_string}\"},\"query-input\":\"required name=search_term_string\"}],\"inLanguage\":\"fr-FR\"}]}<\/script>\n<!-- \/ Yoast SEO plugin. -->","yoast_head_json":{"title":"Supports en acier inoxydable pour imprimante 3D - METALPIE","robots":{"index":"index","follow":"follow","max-snippet":"max-snippet:-1","max-image-preview":"max-image-preview:large","max-video-preview":"max-video-preview:-1"},"canonical":"https:\/\/metalpie.com\/fr\/imprimante-3d-metal\/fabrication-de-toles-supports-en-acier-inoxydable-pour-imprimante-3d\/","og_locale":"fr_FR","og_type":"article","og_title":"Sheet Metal Fabrication Stainless Steel Brackets For 3D Printer Machine - METALPIE","og_description":"Bracket sheet metal fabrication has widely used in electronic appliances, communication, automobile industry, medical equipment and other fields. The characteristics of sheet metal bracket are light weight, high strength, electrical conductivity ow cost, good mass production performance and so on.","og_url":"https:\/\/metalpie.com\/fr\/imprimante-3d-metal\/fabrication-de-toles-supports-en-acier-inoxydable-pour-imprimante-3d\/","og_site_name":"METALPIE","twitter_card":"summary_large_image","schema":{"@context":"https:\/\/schema.org","@graph":[{"@type":"WebPage","@id":"https:\/\/metalpie.com\/metal-3d-printer\/sheet-metal-fabrication-stainless-steel-brackets-for-3d-printer-machine\/","url":"https:\/\/metalpie.com\/metal-3d-printer\/sheet-metal-fabrication-stainless-steel-brackets-for-3d-printer-machine\/","name":"Supports en acier inoxydable pour imprimante 3D - METALPIE","isPartOf":{"@id":"https:\/\/metalpie.com\/#website"},"datePublished":"2022-08-19T09:20:50+00:00","dateModified":"2022-08-19T09:20:50+00:00","breadcrumb":{"@id":"https:\/\/metalpie.com\/metal-3d-printer\/sheet-metal-fabrication-stainless-steel-brackets-for-3d-printer-machine\/#breadcrumb"},"inLanguage":"fr-FR","potentialAction":[{"@type":"ReadAction","target":["https:\/\/metalpie.com\/metal-3d-printer\/sheet-metal-fabrication-stainless-steel-brackets-for-3d-printer-machine\/"]}]},{"@type":"BreadcrumbList","@id":"https:\/\/metalpie.com\/metal-3d-printer\/sheet-metal-fabrication-stainless-steel-brackets-for-3d-printer-machine\/#breadcrumb","itemListElement":[{"@type":"ListItem","position":1,"name":"Home","item":"https:\/\/metalpie.com\/"},{"@type":"ListItem","position":2,"name":"Products","item":"https:\/\/metalpie.com\/shop\/"},{"@type":"ListItem","position":3,"name":"Sheet Metal Fabrication Stainless Steel Brackets For 3D Printer Machine"}]},{"@type":"WebSite","@id":"https:\/\/metalpie.com\/#website","url":"https:\/\/metalpie.com\/","name":"METALPIE","description":"Fabrication de pr\u00e9cision des m\u00e9taux | Outils, processus et autres","potentialAction":[{"@type":"SearchAction","target":{"@type":"EntryPoint","urlTemplate":"https:\/\/metalpie.com\/?s={search_term_string}"},"query-input":"required name=search_term_string"}],"inLanguage":"fr-FR"}]}},"_links":{"self":[{"href":"https:\/\/metalpie.com\/fr\/wp-json\/wp\/v2\/product\/1300","targetHints":{"allow":["GET"]}}],"collection":[{"href":"https:\/\/metalpie.com\/fr\/wp-json\/wp\/v2\/product"}],"about":[{"href":"https:\/\/metalpie.com\/fr\/wp-json\/wp\/v2\/types\/product"}],"replies":[{"embeddable":true,"href":"https:\/\/metalpie.com\/fr\/wp-json\/wp\/v2\/comments?post=1300"}],"wp:featuredmedia":[{"embeddable":true,"href":"https:\/\/metalpie.com\/fr\/wp-json\/"}],"wp:attachment":[{"href":"https:\/\/metalpie.com\/fr\/wp-json\/wp\/v2\/media?parent=1300"}],"wp:term":[{"taxonomy":"product_cat","embeddable":true,"href":"https:\/\/metalpie.com\/fr\/wp-json\/wp\/v2\/product_cat?post=1300"}],"curies":[{"name":"wp","href":"https:\/\/api.w.org\/{rel}","templated":true}]}}