{"id":1293,"date":"2022-08-19T16:44:22","date_gmt":"2022-08-19T08:44:22","guid":{"rendered":"https:\/\/goodsheet.bbswaimao.com\/?post_type=product&amp;p=1293"},"modified":"2022-08-19T16:44:22","modified_gmt":"2022-08-19T08:44:22","slug":"pieces-de-rechange-en-tole-personnalisees-revetement-en-poudre-gris-pour-les-pieces-de-plaque-dimprimante-3d","status":"publish","type":"product","link":"https:\/\/metalpie.com\/fr\/imprimante-3d-metal\/pieces-de-rechange-en-tole-personnalisees-revetement-en-poudre-gris-pour-les-pieces-de-plaque-dimprimante-3d\/","title":{"rendered":"Pi\u00e8ces de rechange en t\u00f4le sur mesure Rev\u00eatement par poudre gris pour les plaques d'imprimantes 3D"},"content":{"rendered":"<h3 class=\"specifications-title\" data-v-a1e7a598=\"\">Principales sp\u00e9cifications\/caract\u00e9ristiques sp\u00e9ciales :<\/h3>\n<div class=\"tpl_txt_editor\" data-v-a1e7a598=\"\"><b>Mat\u00e9riaux\u00a0<\/b><br \/>\nAlliage d'aluminium : 5052\/6061\/6063\/7075 etc.<br \/>\nBrass Alloy:3602\/2604\/h59\/h62\/etc<br \/>\nAlliage d'acier inoxydable : 303\/304\/316\/412\/etc<br \/>\nAlliage d'acier : carbone\/acier moul\u00e9\/etc<br \/>\nAutres mat\u00e9riaux sp\u00e9ciaux:Lucite\/Nylon\/Bak\u00e9lite\/etc<br \/>\nNous traitons de nombreux autres types de mat\u00e9riaux. Veuillez nous contacter si le mat\u00e9riau dont vous avez besoin ne figure pas dans la liste ci-dessus.<br \/>\n<b>Traitement de surface\u00a0<\/b><br \/>\nNoircissement, polissage, anodisation, chromage, zingage, nickelage, teinture<br \/>\n<b>Mat\u00e9riel d'essai\u00a0<\/b><br \/>\nCMM;Microscope \u00e0 outils;Bras \u00e0 articulations multiples;Jauge de hauteur automatique;Jauge de hauteur manuelle;Jauge \u00e0 cadran;Plate-forme en marbre;Mesure de la rugosit\u00e9<br \/>\n<b>L'inspection<\/b><br \/>\nNotre microscope \u00e0 outils Mitutoyo peut mesurer jusqu'\u00e0 300mmX x 175mmY x 220mmZ<br \/>\n<b>Formats de fichiers<\/b><br \/>\nSolid Works, Pro\/Engineer, AutoCAD (DXF, DWG), PDF, TIF, etc.<br \/>\n<b>Emballage\u00a0<\/b><br \/>\n1. emballage industriel tube plastique+carton+caisse en bois<br \/>\n2. emballage commercial sac plastique + bo\u00eete + carton + palettes en bois<br \/>\n3. selon les exigences des clients<br \/>\n<b>Livrer\u00a0<\/b><br \/>\nDHL, FEDEX. TNT, SF ou selon la demande du client.<br \/>\nD\u00e9tail de la livraison : les marchandises sont g\u00e9n\u00e9ralement pr\u00eates et stock\u00e9es dans un d\u00e9lai de 5 \u00e0 25 jours ouvrables.<br \/>\n<b>Assurance qualit\u00e9<\/b><br \/>\nCertifi\u00e9 ISO9001:2008, TUV<br \/>\n<b>Capacit\u00e9 de traitement<\/b><br \/>\nNous sommes en mesure de fournir des t\u00f4les, d'usiner des pi\u00e8ces m\u00e9caniques, de r\u00e9aliser des traitements de surface tels que l'anodisation et le placage selon les besoins de nos clients.<br \/>\n<b>plage utilisable<\/b><br \/>\nLes pi\u00e8ces sont utilis\u00e9es sur les v\u00e9hicules, les machines d'imprimerie, les machines de transformation alimentaire, les machines textiles, les machines \u00e9lectroniques, etc.<br \/>\n<b>Export\u00e9 vers<\/b><br \/>\nJapon, Am\u00e9rique, Canada, Angleterre et Belgique Allemagne, Russie, France, Italie, et tous les pays<br \/>\n<b>Application<\/b><br \/>\nPi\u00e8ces d\u00e9tach\u00e9es de machines, machines \u00e0 moteur, outils \u00e9lectriques, appareils de sport, articles de cuisine, mat\u00e9riel de bureau, scooters, fen\u00eatres en aluminium, blocs de douche, rond de suspension, roues de placard, jouets, etc.<br \/>\n<b>Certification<\/b>ISO9001, RoHS, SGS, etc.<\/div>","protected":false},"excerpt":{"rendered":"<p>Notre \u00e9quipe de soudeurs se mobilise sur l'ensemble du site pour int\u00e9grer le soudage TIG, MIG, par goujons et par points \u00e0 d'autres \u00e9tapes de la fabrication, r\u00e9duisant ainsi le temps de production global. Souvent, ils rejoignent le processus de formage ou de quincaillerie lorsque les pi\u00e8ces sont pli\u00e9es aux dimensions sp\u00e9cifi\u00e9es ou lorsque la quincaillerie est ins\u00e9r\u00e9e dans la t\u00f4le.<\/p>","protected":false},"featured_media":1294,"comment_status":"open","ping_status":"closed","template":"","meta":[],"product_cat":[111],"class_list":["post-1293","product","type-product","status-publish","has-post-thumbnail","hentry","product_cat-metal-3d-printer"],"yoast_head":"<!-- This site is optimized with the Yoast SEO plugin v21.5 - https:\/\/yoast.com\/wordpress\/plugins\/seo\/ -->\n<title>Custom Sheet Metal Spare Parts Grey Powder Coating Shell for 3D Printer Plate Parts - METALPIE<\/title>\n<meta name=\"robots\" content=\"index, follow, max-snippet:-1, max-image-preview:large, max-video-preview:-1\" \/>\n<link rel=\"canonical\" href=\"https:\/\/metalpie.com\/fr\/imprimante-3d-metal\/pieces-de-rechange-en-tole-personnalisees-revetement-en-poudre-gris-pour-les-pieces-de-plaque-dimprimante-3d\/\" \/>\n<meta property=\"og:locale\" content=\"fr_FR\" \/>\n<meta property=\"og:type\" content=\"article\" \/>\n<meta property=\"og:title\" content=\"Custom Sheet Metal Spare Parts Grey Powder Coating Shell for 3D Printer Plate Parts - METALPIE\" \/>\n<meta property=\"og:description\" content=\"Our weld team mobilizes across the facility to integrate TIG, MIG, Stud, and Spot welding into other fabrication steps, reducing overall production time. Frequently, they will join the forming or hardware process where parts are being bent to specified dimension or where hardware is inserted into the sheet metal.\" \/>\n<meta property=\"og:url\" content=\"https:\/\/metalpie.com\/fr\/imprimante-3d-metal\/pieces-de-rechange-en-tole-personnalisees-revetement-en-poudre-gris-pour-les-pieces-de-plaque-dimprimante-3d\/\" \/>\n<meta property=\"og:site_name\" content=\"METALPIE\" \/>\n<meta name=\"twitter:card\" content=\"summary_large_image\" \/>\n<meta name=\"twitter:label1\" content=\"Dur\u00e9e de lecture estim\u00e9e\" \/>\n\t<meta name=\"twitter:data1\" content=\"1 minute\" \/>\n<script type=\"application\/ld+json\" class=\"yoast-schema-graph\">{\"@context\":\"https:\/\/schema.org\",\"@graph\":[{\"@type\":\"WebPage\",\"@id\":\"https:\/\/metalpie.com\/metal-3d-printer\/custom-sheet-metal-spare-parts-grey-powder-coating-shell-for-3d-printer-plate-parts\/\",\"url\":\"https:\/\/metalpie.com\/metal-3d-printer\/custom-sheet-metal-spare-parts-grey-powder-coating-shell-for-3d-printer-plate-parts\/\",\"name\":\"Custom Sheet Metal Spare Parts Grey Powder Coating Shell for 3D Printer Plate Parts - METALPIE\",\"isPartOf\":{\"@id\":\"https:\/\/metalpie.com\/#website\"},\"datePublished\":\"2022-08-19T08:44:22+00:00\",\"dateModified\":\"2022-08-19T08:44:22+00:00\",\"breadcrumb\":{\"@id\":\"https:\/\/metalpie.com\/metal-3d-printer\/custom-sheet-metal-spare-parts-grey-powder-coating-shell-for-3d-printer-plate-parts\/#breadcrumb\"},\"inLanguage\":\"fr-FR\",\"potentialAction\":[{\"@type\":\"ReadAction\",\"target\":[\"https:\/\/metalpie.com\/metal-3d-printer\/custom-sheet-metal-spare-parts-grey-powder-coating-shell-for-3d-printer-plate-parts\/\"]}]},{\"@type\":\"BreadcrumbList\",\"@id\":\"https:\/\/metalpie.com\/metal-3d-printer\/custom-sheet-metal-spare-parts-grey-powder-coating-shell-for-3d-printer-plate-parts\/#breadcrumb\",\"itemListElement\":[{\"@type\":\"ListItem\",\"position\":1,\"name\":\"Home\",\"item\":\"https:\/\/metalpie.com\/\"},{\"@type\":\"ListItem\",\"position\":2,\"name\":\"Products\",\"item\":\"https:\/\/metalpie.com\/shop\/\"},{\"@type\":\"ListItem\",\"position\":3,\"name\":\"Custom Sheet Metal Spare Parts Grey Powder Coating Shell for 3D Printer Plate Parts\"}]},{\"@type\":\"WebSite\",\"@id\":\"https:\/\/metalpie.com\/#website\",\"url\":\"https:\/\/metalpie.com\/\",\"name\":\"METALPIE\",\"description\":\"Precision Metal Fabrication | Tools, Processes &amp; More\",\"potentialAction\":[{\"@type\":\"SearchAction\",\"target\":{\"@type\":\"EntryPoint\",\"urlTemplate\":\"https:\/\/metalpie.com\/?s={search_term_string}\"},\"query-input\":\"required name=search_term_string\"}],\"inLanguage\":\"fr-FR\"}]}<\/script>\n<!-- \/ Yoast SEO plugin. -->","yoast_head_json":{"title":"Pi\u00e8ces de rechange en t\u00f4le grise avec rev\u00eatement par poudre pour les plaques d'imprimante 3D - METALPIE","robots":{"index":"index","follow":"follow","max-snippet":"max-snippet:-1","max-image-preview":"max-image-preview:large","max-video-preview":"max-video-preview:-1"},"canonical":"https:\/\/metalpie.com\/fr\/imprimante-3d-metal\/pieces-de-rechange-en-tole-personnalisees-revetement-en-poudre-gris-pour-les-pieces-de-plaque-dimprimante-3d\/","og_locale":"fr_FR","og_type":"article","og_title":"Custom Sheet Metal Spare Parts Grey Powder Coating Shell for 3D Printer Plate Parts - METALPIE","og_description":"Our weld team mobilizes across the facility to integrate TIG, MIG, Stud, and Spot welding into other fabrication steps, reducing overall production time. Frequently, they will join the forming or hardware process where parts are being bent to specified dimension or where hardware is inserted into the sheet metal.","og_url":"https:\/\/metalpie.com\/fr\/imprimante-3d-metal\/pieces-de-rechange-en-tole-personnalisees-revetement-en-poudre-gris-pour-les-pieces-de-plaque-dimprimante-3d\/","og_site_name":"METALPIE","twitter_card":"summary_large_image","twitter_misc":{"Dur\u00e9e de lecture estim\u00e9e":"1 minute"},"schema":{"@context":"https:\/\/schema.org","@graph":[{"@type":"WebPage","@id":"https:\/\/metalpie.com\/metal-3d-printer\/custom-sheet-metal-spare-parts-grey-powder-coating-shell-for-3d-printer-plate-parts\/","url":"https:\/\/metalpie.com\/metal-3d-printer\/custom-sheet-metal-spare-parts-grey-powder-coating-shell-for-3d-printer-plate-parts\/","name":"Pi\u00e8ces de rechange en t\u00f4le grise avec rev\u00eatement par poudre pour les plaques d'imprimante 3D - METALPIE","isPartOf":{"@id":"https:\/\/metalpie.com\/#website"},"datePublished":"2022-08-19T08:44:22+00:00","dateModified":"2022-08-19T08:44:22+00:00","breadcrumb":{"@id":"https:\/\/metalpie.com\/metal-3d-printer\/custom-sheet-metal-spare-parts-grey-powder-coating-shell-for-3d-printer-plate-parts\/#breadcrumb"},"inLanguage":"fr-FR","potentialAction":[{"@type":"ReadAction","target":["https:\/\/metalpie.com\/metal-3d-printer\/custom-sheet-metal-spare-parts-grey-powder-coating-shell-for-3d-printer-plate-parts\/"]}]},{"@type":"BreadcrumbList","@id":"https:\/\/metalpie.com\/metal-3d-printer\/custom-sheet-metal-spare-parts-grey-powder-coating-shell-for-3d-printer-plate-parts\/#breadcrumb","itemListElement":[{"@type":"ListItem","position":1,"name":"Home","item":"https:\/\/metalpie.com\/"},{"@type":"ListItem","position":2,"name":"Products","item":"https:\/\/metalpie.com\/shop\/"},{"@type":"ListItem","position":3,"name":"Custom Sheet Metal Spare Parts Grey Powder Coating Shell for 3D Printer Plate Parts"}]},{"@type":"WebSite","@id":"https:\/\/metalpie.com\/#website","url":"https:\/\/metalpie.com\/","name":"METALPIE","description":"Fabrication de pr\u00e9cision des m\u00e9taux | Outils, processus et autres","potentialAction":[{"@type":"SearchAction","target":{"@type":"EntryPoint","urlTemplate":"https:\/\/metalpie.com\/?s={search_term_string}"},"query-input":"required name=search_term_string"}],"inLanguage":"fr-FR"}]}},"_links":{"self":[{"href":"https:\/\/metalpie.com\/fr\/wp-json\/wp\/v2\/product\/1293","targetHints":{"allow":["GET"]}}],"collection":[{"href":"https:\/\/metalpie.com\/fr\/wp-json\/wp\/v2\/product"}],"about":[{"href":"https:\/\/metalpie.com\/fr\/wp-json\/wp\/v2\/types\/product"}],"replies":[{"embeddable":true,"href":"https:\/\/metalpie.com\/fr\/wp-json\/wp\/v2\/comments?post=1293"}],"wp:featuredmedia":[{"embeddable":true,"href":"https:\/\/metalpie.com\/fr\/wp-json\/"}],"wp:attachment":[{"href":"https:\/\/metalpie.com\/fr\/wp-json\/wp\/v2\/media?parent=1293"}],"wp:term":[{"taxonomy":"product_cat","embeddable":true,"href":"https:\/\/metalpie.com\/fr\/wp-json\/wp\/v2\/product_cat?post=1293"}],"curies":[{"name":"wp","href":"https:\/\/api.w.org\/{rel}","templated":true}]}}