{"id":1198,"date":"2022-08-18T23:01:39","date_gmt":"2022-08-18T15:01:39","guid":{"rendered":"https:\/\/goodsheet.bbswaimao.com\/?post_type=product&amp;p=1198"},"modified":"2022-08-18T23:01:39","modified_gmt":"2022-08-18T15:01:39","slug":"pieces-de-pliage-pieces-structurelles-de-limprimante-3d-tole-palier-cadre-de-fixation","status":"publish","type":"product","link":"https:\/\/metalpie.com\/fr\/imprimante-3d-metal\/pieces-de-pliage-pieces-structurelles-de-limprimante-3d-tole-palier-cadre-de-fixation\/","title":{"rendered":"Pi\u00e8ces \u00e0 plier Pi\u00e8ces structurelles de l'imprimante 3D Palier de t\u00f4le Fixation de la porte"},"content":{"rendered":"<p>&nbsp;<\/p>\n<table border=\"1\" cellspacing=\"0\">\n<tbody>\n<tr>\n<td valign=\"center\"><a data-spm-anchor-id=\"a2700.details.0.0\">Type de processus<\/a><\/td>\n<td valign=\"center\">Emboutissage, per\u00e7age, meulage, cintrage, soudage, d\u00e9coupe au laser, d\u00e9coupe par \u00e9lectro-\u00e9rosion \u00e0 fil, usinage CNC, etc.<\/td>\n<\/tr>\n<tr>\n<td rowspan=\"2\" valign=\"center\">Traitement de surface<\/td>\n<td valign=\"center\">Sablage, polissage, anodisation, zingage\/nickel\/chromage\/placage,<\/td>\n<\/tr>\n<tr>\n<td valign=\"center\">Rev\u00eatement, passivation, traitement thermique, etc.<\/td>\n<\/tr>\n<tr>\n<td valign=\"center\">Logiciels appliqu\u00e9s<\/td>\n<td valign=\"center\">PRO\/E, Auto CAD, Solid Works, IGS, UG, CAD\/CAM\/CAE<\/td>\n<\/tr>\n<tr>\n<td valign=\"center\">Tol\u00e9rance<\/td>\n<td valign=\"center\">0,1-0,2 mm peut \u00e9galement \u00eatre personnalis\u00e9<\/td>\n<\/tr>\n<tr>\n<td valign=\"center\">Dimension<\/td>\n<td valign=\"center\">Selon la demande du client<\/td>\n<\/tr>\n<tr>\n<td rowspan=\"6\" valign=\"center\">Mat\u00e9riau<\/td>\n<td valign=\"center\">1. acier inoxydable : AISI303, AISI304, AISI316F, 420, 440, etc.<\/td>\n<\/tr>\n<tr>\n<td valign=\"center\">2. aluminium : Al6061, Al6063, Al7075, Al6082, Al5052, etc.<\/td>\n<\/tr>\n<tr>\n<td valign=\"center\">3. laiton : C36000, C37700, Hpb59-1, H62, C27200(CuZn37), etc.<\/td>\n<\/tr>\n<tr>\n<td valign=\"center\">4. acier : acier au carbone, acier alli\u00e9, etc.<\/td>\n<\/tr>\n<tr>\n<td valign=\"center\">\n<p data-spm-anchor-id=\"a2700.details.0.i32.39a95ff8UE0RtD\">5.Cuivre<\/p>\n<\/td>\n<\/tr>\n<tr>\n<td valign=\"center\">6. plaque en acier zingu\u00e9<\/td>\n<\/tr>\n<tr>\n<td valign=\"center\">Dur\u00e9e de l'\u00e9chantillon d'essai<\/td>\n<td valign=\"center\">Environ 7 \u00e0 15 jours apr\u00e8s confirmation<\/td>\n<\/tr>\n<tr>\n<td valign=\"center\">D\u00e9lai de livraison<\/td>\n<td valign=\"center\">15-20 jours apr\u00e8s le d\u00e9p\u00f4t<\/td>\n<\/tr>\n<tr>\n<td rowspan=\"2\" valign=\"center\">D\u00e9tail de l'emballage<\/td>\n<td valign=\"center\">1. sac pp \u00e9cologique \/ mousse EPE \/ bo\u00eetes en carton ou bo\u00eetes en bois<\/td>\n<\/tr>\n<tr>\n<td valign=\"center\">2. selon les exigences sp\u00e9cifiques du client<\/td>\n<\/tr>\n<tr>\n<td rowspan=\"2\" valign=\"center\">Normes industrielles<\/td>\n<td valign=\"center\">DIN\/ ISO 9001:2015<\/td>\n<\/tr>\n<\/tbody>\n<\/table>\n<p>&nbsp;<\/p>","protected":false},"excerpt":{"rendered":"<p>Shengen fabrique une large gamme de bo\u00eetiers m\u00e9talliques pour imprimantes 3D. Nous sommes certifi\u00e9s ISO pour la fabrication. Chaque type ou classification est fabriqu\u00e9 et test\u00e9 pour fournir un degr\u00e9 de protection contre certaines conditions environnementales selon les normes UL et NEMA.<\/p>","protected":false},"featured_media":1201,"comment_status":"open","ping_status":"closed","template":"","meta":[],"product_cat":[111],"class_list":["post-1198","product","type-product","status-publish","has-post-thumbnail","hentry","product_cat-metal-3d-printer"],"yoast_head":"<!-- This site is optimized with the Yoast SEO plugin v21.5 - https:\/\/yoast.com\/wordpress\/plugins\/seo\/ -->\n<title>Bending Parts Structural Parts of 3D Printer Sheet Metal Bearing Fixing Door - METALPIE<\/title>\n<meta name=\"robots\" content=\"index, follow, max-snippet:-1, max-image-preview:large, max-video-preview:-1\" \/>\n<link rel=\"canonical\" href=\"https:\/\/metalpie.com\/fr\/imprimante-3d-metal\/pieces-de-pliage-pieces-structurelles-de-limprimante-3d-tole-palier-cadre-de-fixation\/\" \/>\n<meta property=\"og:locale\" content=\"fr_FR\" \/>\n<meta property=\"og:type\" content=\"article\" \/>\n<meta property=\"og:title\" content=\"Bending Parts Structural Parts of 3D Printer Sheet Metal Bearing Fixing Door - METALPIE\" \/>\n<meta property=\"og:description\" content=\"Shengen manufacturers a wide range of metal 3D printer enclosures. We are certified by ISO to manufacture. Each type or rating is manufactured and tested to provide a degree of protection against certain environmental conditions per the standards of UL and NEMA.\" \/>\n<meta property=\"og:url\" content=\"https:\/\/metalpie.com\/fr\/imprimante-3d-metal\/pieces-de-pliage-pieces-structurelles-de-limprimante-3d-tole-palier-cadre-de-fixation\/\" \/>\n<meta property=\"og:site_name\" content=\"METALPIE\" \/>\n<meta name=\"twitter:card\" content=\"summary_large_image\" \/>\n<meta name=\"twitter:label1\" content=\"Dur\u00e9e de lecture estim\u00e9e\" \/>\n\t<meta name=\"twitter:data1\" content=\"1 minute\" \/>\n<script type=\"application\/ld+json\" class=\"yoast-schema-graph\">{\"@context\":\"https:\/\/schema.org\",\"@graph\":[{\"@type\":\"WebPage\",\"@id\":\"https:\/\/metalpie.com\/metal-3d-printer\/bending-parts-structural-parts-of-3d-printer-sheet-metal-bearing-fixing-frame\/\",\"url\":\"https:\/\/metalpie.com\/metal-3d-printer\/bending-parts-structural-parts-of-3d-printer-sheet-metal-bearing-fixing-frame\/\",\"name\":\"Bending Parts Structural Parts of 3D Printer Sheet Metal Bearing Fixing Door - METALPIE\",\"isPartOf\":{\"@id\":\"https:\/\/metalpie.com\/#website\"},\"datePublished\":\"2022-08-18T15:01:39+00:00\",\"dateModified\":\"2022-08-18T15:01:39+00:00\",\"breadcrumb\":{\"@id\":\"https:\/\/metalpie.com\/metal-3d-printer\/bending-parts-structural-parts-of-3d-printer-sheet-metal-bearing-fixing-frame\/#breadcrumb\"},\"inLanguage\":\"fr-FR\",\"potentialAction\":[{\"@type\":\"ReadAction\",\"target\":[\"https:\/\/metalpie.com\/metal-3d-printer\/bending-parts-structural-parts-of-3d-printer-sheet-metal-bearing-fixing-frame\/\"]}]},{\"@type\":\"BreadcrumbList\",\"@id\":\"https:\/\/metalpie.com\/metal-3d-printer\/bending-parts-structural-parts-of-3d-printer-sheet-metal-bearing-fixing-frame\/#breadcrumb\",\"itemListElement\":[{\"@type\":\"ListItem\",\"position\":1,\"name\":\"Home\",\"item\":\"https:\/\/metalpie.com\/\"},{\"@type\":\"ListItem\",\"position\":2,\"name\":\"Products\",\"item\":\"https:\/\/metalpie.com\/shop\/\"},{\"@type\":\"ListItem\",\"position\":3,\"name\":\"Bending Parts Structural Parts of 3D Printer Sheet Metal Bearing Fixing Door\"}]},{\"@type\":\"WebSite\",\"@id\":\"https:\/\/metalpie.com\/#website\",\"url\":\"https:\/\/metalpie.com\/\",\"name\":\"METALPIE\",\"description\":\"Precision Metal Fabrication | Tools, Processes &amp; More\",\"potentialAction\":[{\"@type\":\"SearchAction\",\"target\":{\"@type\":\"EntryPoint\",\"urlTemplate\":\"https:\/\/metalpie.com\/?s={search_term_string}\"},\"query-input\":\"required name=search_term_string\"}],\"inLanguage\":\"fr-FR\"}]}<\/script>\n<!-- \/ Yoast SEO plugin. -->","yoast_head_json":{"title":"Pi\u00e8ces \u00e0 plier Pi\u00e8ces de structure pour imprimante 3D Palier de t\u00f4le Fixation de porte - METALPIE","robots":{"index":"index","follow":"follow","max-snippet":"max-snippet:-1","max-image-preview":"max-image-preview:large","max-video-preview":"max-video-preview:-1"},"canonical":"https:\/\/metalpie.com\/fr\/imprimante-3d-metal\/pieces-de-pliage-pieces-structurelles-de-limprimante-3d-tole-palier-cadre-de-fixation\/","og_locale":"fr_FR","og_type":"article","og_title":"Bending Parts Structural Parts of 3D Printer Sheet Metal Bearing Fixing Door - METALPIE","og_description":"Shengen manufacturers a wide range of metal 3D printer enclosures. We are certified by ISO to manufacture. Each type or rating is manufactured and tested to provide a degree of protection against certain environmental conditions per the standards of UL and NEMA.","og_url":"https:\/\/metalpie.com\/fr\/imprimante-3d-metal\/pieces-de-pliage-pieces-structurelles-de-limprimante-3d-tole-palier-cadre-de-fixation\/","og_site_name":"METALPIE","twitter_card":"summary_large_image","twitter_misc":{"Dur\u00e9e de lecture estim\u00e9e":"1 minute"},"schema":{"@context":"https:\/\/schema.org","@graph":[{"@type":"WebPage","@id":"https:\/\/metalpie.com\/metal-3d-printer\/bending-parts-structural-parts-of-3d-printer-sheet-metal-bearing-fixing-frame\/","url":"https:\/\/metalpie.com\/metal-3d-printer\/bending-parts-structural-parts-of-3d-printer-sheet-metal-bearing-fixing-frame\/","name":"Pi\u00e8ces \u00e0 plier Pi\u00e8ces de structure pour imprimante 3D Palier de t\u00f4le Fixation de porte - METALPIE","isPartOf":{"@id":"https:\/\/metalpie.com\/#website"},"datePublished":"2022-08-18T15:01:39+00:00","dateModified":"2022-08-18T15:01:39+00:00","breadcrumb":{"@id":"https:\/\/metalpie.com\/metal-3d-printer\/bending-parts-structural-parts-of-3d-printer-sheet-metal-bearing-fixing-frame\/#breadcrumb"},"inLanguage":"fr-FR","potentialAction":[{"@type":"ReadAction","target":["https:\/\/metalpie.com\/metal-3d-printer\/bending-parts-structural-parts-of-3d-printer-sheet-metal-bearing-fixing-frame\/"]}]},{"@type":"BreadcrumbList","@id":"https:\/\/metalpie.com\/metal-3d-printer\/bending-parts-structural-parts-of-3d-printer-sheet-metal-bearing-fixing-frame\/#breadcrumb","itemListElement":[{"@type":"ListItem","position":1,"name":"Home","item":"https:\/\/metalpie.com\/"},{"@type":"ListItem","position":2,"name":"Products","item":"https:\/\/metalpie.com\/shop\/"},{"@type":"ListItem","position":3,"name":"Bending Parts Structural Parts of 3D Printer Sheet Metal Bearing Fixing Door"}]},{"@type":"WebSite","@id":"https:\/\/metalpie.com\/#website","url":"https:\/\/metalpie.com\/","name":"METALPIE","description":"Fabrication de pr\u00e9cision des m\u00e9taux | Outils, processus et autres","potentialAction":[{"@type":"SearchAction","target":{"@type":"EntryPoint","urlTemplate":"https:\/\/metalpie.com\/?s={search_term_string}"},"query-input":"required name=search_term_string"}],"inLanguage":"fr-FR"}]}},"_links":{"self":[{"href":"https:\/\/metalpie.com\/fr\/wp-json\/wp\/v2\/product\/1198","targetHints":{"allow":["GET"]}}],"collection":[{"href":"https:\/\/metalpie.com\/fr\/wp-json\/wp\/v2\/product"}],"about":[{"href":"https:\/\/metalpie.com\/fr\/wp-json\/wp\/v2\/types\/product"}],"replies":[{"embeddable":true,"href":"https:\/\/metalpie.com\/fr\/wp-json\/wp\/v2\/comments?post=1198"}],"wp:featuredmedia":[{"embeddable":true,"href":"https:\/\/metalpie.com\/fr\/wp-json\/"}],"wp:attachment":[{"href":"https:\/\/metalpie.com\/fr\/wp-json\/wp\/v2\/media?parent=1198"}],"wp:term":[{"taxonomy":"product_cat","embeddable":true,"href":"https:\/\/metalpie.com\/fr\/wp-json\/wp\/v2\/product_cat?post=1198"}],"curies":[{"name":"wp","href":"https:\/\/api.w.org\/{rel}","templated":true}]}}