{"id":1080,"date":"2022-07-23T10:06:59","date_gmt":"2022-07-23T02:06:59","guid":{"rendered":"https:\/\/goodsheet.bbswaimao.com\/?post_type=product&amp;p=1080"},"modified":"2022-07-23T10:06:59","modified_gmt":"2022-07-23T02:06:59","slug":"pieces-demboutissage-de-tole-de-haute-precision-pour-equerres-oem-sur-mesure","status":"publish","type":"product","link":"https:\/\/metalpie.com\/fr\/piece-demboutissage-metallique\/pieces-demboutissage-de-tole-de-haute-precision-pour-equerres-oem-sur-mesure\/","title":{"rendered":"Pi\u00e8ces d'emboutissage de t\u00f4le de haute pr\u00e9cision pour \u00e9querres OEM"},"content":{"rendered":"<table style=\"height: 364px\" width=\"1425\">\n<tbody>\n<tr>\n<td width=\"206\">Nom du produit<\/td>\n<td width=\"535\">Pi\u00e8ces m\u00e9talliques personnalis\u00e9es acier inoxydable aluminium cuivre pi\u00e8ces d'emboutissage<\/td>\n<\/tr>\n<tr>\n<td width=\"206\">Mat\u00e9riau<\/td>\n<td width=\"535\">SPCC SECC AL SST<\/td>\n<\/tr>\n<tr>\n<td width=\"206\">Taille<\/td>\n<td width=\"535\">Selon les dessins, les \u00e9chantillons ou vos demandes<\/td>\n<\/tr>\n<tr>\n<td width=\"206\">Services<\/td>\n<td width=\"535\">Fournisseur de services \u00e0 guichet unique pour l'emboutissage, le forgeage, le moulage et l'usinage.<\/td>\n<\/tr>\n<tr>\n<td width=\"206\">Conception<\/td>\n<td width=\"535\">Selon les dessins, les \u00e9chantillons ou vos demandes<\/td>\n<\/tr>\n<tr>\n<td width=\"206\">Normes industrielles<\/td>\n<td width=\"535\">&nbsp;<\/p>\n<p>DIN\/ ISO 9001:2015 Conformit\u00e9 \u00e0 la directive RoHS<\/td>\n<\/tr>\n<tr>\n<td width=\"206\">D\u00e9lai de paiement<\/td>\n<td width=\"535\">\u00a0\u00a0L\/C, T\/T, Paypal, diverses options pour rendre le paiement plus pratique.<\/td>\n<\/tr>\n<tr>\n<td width=\"206\">Contr\u00f4le de la qualit\u00e9<\/td>\n<td width=\"535\">\u00a0Testeur RoHS, pieds \u00e0 coulisse, testeur de salinit\u00e9, instrument de mesure coordonn\u00e9<\/td>\n<\/tr>\n<tr>\n<td width=\"206\">Suppl\u00e9mentaire<\/td>\n<td width=\"535\">\u00a01) Les commandes d'\u00e9chantillons et les petites commandes sont accept\u00e9es ;<br \/>\n2)Les m\u00e9thodes de livraison : DHL, EMS, UPS ou Fedex (plus rapide et plus s\u00fbr).<br \/>\n3) Situ\u00e9s dans la base de production de Shenzhen, en Chine, nous aidons \u00e9galement nos clients \u00e0 concevoir des produits en fonction de leurs exigences et de l'application des produits.<\/td>\n<\/tr>\n<\/tbody>\n<\/table>","protected":false},"excerpt":{"rendered":"<p>Les pi\u00e8ces d'emboutissage s'appuient sur des presses et des moules pour exercer des forces externes sur des plaques, des bandes, des tuyaux et des profil\u00e9s afin de produire une d\u00e9formation plastique ou une s\u00e9paration.<\/p>","protected":false},"featured_media":1087,"comment_status":"closed","ping_status":"closed","template":"","meta":[],"product_cat":[110],"class_list":["post-1080","product","type-product","status-publish","has-post-thumbnail","hentry","product_cat-metal-stamping-part"],"yoast_head":"<!-- This site is optimized with the Yoast SEO plugin v21.5 - https:\/\/yoast.com\/wordpress\/plugins\/seo\/ -->\n<title>OEM custom high precision bracket sheet metal stamping parts - METALPIE<\/title>\n<meta name=\"robots\" content=\"index, follow, max-snippet:-1, max-image-preview:large, max-video-preview:-1\" \/>\n<link rel=\"canonical\" href=\"https:\/\/metalpie.com\/fr\/piece-demboutissage-metallique\/pieces-demboutissage-de-tole-de-haute-precision-pour-equerres-oem-sur-mesure\/\" \/>\n<meta property=\"og:locale\" content=\"fr_FR\" \/>\n<meta property=\"og:type\" content=\"article\" \/>\n<meta property=\"og:title\" content=\"OEM custom high precision bracket sheet metal stamping parts - METALPIE\" \/>\n<meta property=\"og:description\" content=\"Stamping parts rely on presses and molds to exert external forces on plates, strips, pipes and profiles to produce plastic deformation or separation.\" \/>\n<meta property=\"og:url\" content=\"https:\/\/metalpie.com\/fr\/piece-demboutissage-metallique\/pieces-demboutissage-de-tole-de-haute-precision-pour-equerres-oem-sur-mesure\/\" \/>\n<meta property=\"og:site_name\" content=\"METALPIE\" \/>\n<meta name=\"twitter:card\" content=\"summary_large_image\" \/>\n<meta name=\"twitter:label1\" content=\"Dur\u00e9e de lecture estim\u00e9e\" \/>\n\t<meta name=\"twitter:data1\" content=\"1 minute\" \/>\n<script type=\"application\/ld+json\" class=\"yoast-schema-graph\">{\"@context\":\"https:\/\/schema.org\",\"@graph\":[{\"@type\":\"WebPage\",\"@id\":\"https:\/\/metalpie.com\/metal-stamping-part\/oem-custom-high-precision-bracket-sheet-metal-stamping-parts\/\",\"url\":\"https:\/\/metalpie.com\/metal-stamping-part\/oem-custom-high-precision-bracket-sheet-metal-stamping-parts\/\",\"name\":\"OEM custom high precision bracket sheet metal stamping parts - METALPIE\",\"isPartOf\":{\"@id\":\"https:\/\/metalpie.com\/#website\"},\"datePublished\":\"2022-07-23T02:06:59+00:00\",\"dateModified\":\"2022-07-23T02:06:59+00:00\",\"breadcrumb\":{\"@id\":\"https:\/\/metalpie.com\/metal-stamping-part\/oem-custom-high-precision-bracket-sheet-metal-stamping-parts\/#breadcrumb\"},\"inLanguage\":\"fr-FR\",\"potentialAction\":[{\"@type\":\"ReadAction\",\"target\":[\"https:\/\/metalpie.com\/metal-stamping-part\/oem-custom-high-precision-bracket-sheet-metal-stamping-parts\/\"]}]},{\"@type\":\"BreadcrumbList\",\"@id\":\"https:\/\/metalpie.com\/metal-stamping-part\/oem-custom-high-precision-bracket-sheet-metal-stamping-parts\/#breadcrumb\",\"itemListElement\":[{\"@type\":\"ListItem\",\"position\":1,\"name\":\"Home\",\"item\":\"https:\/\/metalpie.com\/\"},{\"@type\":\"ListItem\",\"position\":2,\"name\":\"Products\",\"item\":\"https:\/\/metalpie.com\/shop\/\"},{\"@type\":\"ListItem\",\"position\":3,\"name\":\"OEM custom high precision bracket sheet metal stamping parts\"}]},{\"@type\":\"WebSite\",\"@id\":\"https:\/\/metalpie.com\/#website\",\"url\":\"https:\/\/metalpie.com\/\",\"name\":\"METALPIE\",\"description\":\"Precision Metal Fabrication | Tools, Processes &amp; More\",\"potentialAction\":[{\"@type\":\"SearchAction\",\"target\":{\"@type\":\"EntryPoint\",\"urlTemplate\":\"https:\/\/metalpie.com\/?s={search_term_string}\"},\"query-input\":\"required name=search_term_string\"}],\"inLanguage\":\"fr-FR\"}]}<\/script>\n<!-- \/ Yoast SEO plugin. -->","yoast_head_json":{"title":"Pi\u00e8ces d'emboutissage de t\u00f4le de haute pr\u00e9cision pour supports OEM - METALPIE","robots":{"index":"index","follow":"follow","max-snippet":"max-snippet:-1","max-image-preview":"max-image-preview:large","max-video-preview":"max-video-preview:-1"},"canonical":"https:\/\/metalpie.com\/fr\/piece-demboutissage-metallique\/pieces-demboutissage-de-tole-de-haute-precision-pour-equerres-oem-sur-mesure\/","og_locale":"fr_FR","og_type":"article","og_title":"OEM custom high precision bracket sheet metal stamping parts - METALPIE","og_description":"Stamping parts rely on presses and molds to exert external forces on plates, strips, pipes and profiles to produce plastic deformation or separation.","og_url":"https:\/\/metalpie.com\/fr\/piece-demboutissage-metallique\/pieces-demboutissage-de-tole-de-haute-precision-pour-equerres-oem-sur-mesure\/","og_site_name":"METALPIE","twitter_card":"summary_large_image","twitter_misc":{"Dur\u00e9e de lecture estim\u00e9e":"1 minute"},"schema":{"@context":"https:\/\/schema.org","@graph":[{"@type":"WebPage","@id":"https:\/\/metalpie.com\/metal-stamping-part\/oem-custom-high-precision-bracket-sheet-metal-stamping-parts\/","url":"https:\/\/metalpie.com\/metal-stamping-part\/oem-custom-high-precision-bracket-sheet-metal-stamping-parts\/","name":"Pi\u00e8ces d'emboutissage de t\u00f4le de haute pr\u00e9cision pour supports OEM - METALPIE","isPartOf":{"@id":"https:\/\/metalpie.com\/#website"},"datePublished":"2022-07-23T02:06:59+00:00","dateModified":"2022-07-23T02:06:59+00:00","breadcrumb":{"@id":"https:\/\/metalpie.com\/metal-stamping-part\/oem-custom-high-precision-bracket-sheet-metal-stamping-parts\/#breadcrumb"},"inLanguage":"fr-FR","potentialAction":[{"@type":"ReadAction","target":["https:\/\/metalpie.com\/metal-stamping-part\/oem-custom-high-precision-bracket-sheet-metal-stamping-parts\/"]}]},{"@type":"BreadcrumbList","@id":"https:\/\/metalpie.com\/metal-stamping-part\/oem-custom-high-precision-bracket-sheet-metal-stamping-parts\/#breadcrumb","itemListElement":[{"@type":"ListItem","position":1,"name":"Home","item":"https:\/\/metalpie.com\/"},{"@type":"ListItem","position":2,"name":"Products","item":"https:\/\/metalpie.com\/shop\/"},{"@type":"ListItem","position":3,"name":"OEM custom high precision bracket sheet metal stamping parts"}]},{"@type":"WebSite","@id":"https:\/\/metalpie.com\/#website","url":"https:\/\/metalpie.com\/","name":"METALPIE","description":"Fabrication de pr\u00e9cision des m\u00e9taux | Outils, processus et autres","potentialAction":[{"@type":"SearchAction","target":{"@type":"EntryPoint","urlTemplate":"https:\/\/metalpie.com\/?s={search_term_string}"},"query-input":"required name=search_term_string"}],"inLanguage":"fr-FR"}]}},"_links":{"self":[{"href":"https:\/\/metalpie.com\/fr\/wp-json\/wp\/v2\/product\/1080","targetHints":{"allow":["GET"]}}],"collection":[{"href":"https:\/\/metalpie.com\/fr\/wp-json\/wp\/v2\/product"}],"about":[{"href":"https:\/\/metalpie.com\/fr\/wp-json\/wp\/v2\/types\/product"}],"replies":[{"embeddable":true,"href":"https:\/\/metalpie.com\/fr\/wp-json\/wp\/v2\/comments?post=1080"}],"wp:featuredmedia":[{"embeddable":true,"href":"https:\/\/metalpie.com\/fr\/wp-json\/"}],"wp:attachment":[{"href":"https:\/\/metalpie.com\/fr\/wp-json\/wp\/v2\/media?parent=1080"}],"wp:term":[{"taxonomy":"product_cat","embeddable":true,"href":"https:\/\/metalpie.com\/fr\/wp-json\/wp\/v2\/product_cat?post=1080"}],"curies":[{"name":"wp","href":"https:\/\/api.w.org\/{rel}","templated":true}]}}