{"id":1076,"date":"2022-08-15T23:16:56","date_gmt":"2022-08-15T15:16:56","guid":{"rendered":"https:\/\/goodsheet.bbswaimao.com\/?post_type=product&amp;p=1076"},"modified":"2022-08-15T23:16:56","modified_gmt":"2022-08-15T15:16:56","slug":"lorem-ipsum-dolor-sit-amet-consectetuer-adipisci-%e5%a4%8d%e5%88%b6-duplicate-1","status":"publish","type":"product","link":"https:\/\/metalpie.com\/fr\/imprimante-3d-metal\/lorem-ipsum-dolor-sit-amet-consectetuer-adipisci-%e5%a4%8d%e5%88%b6-duplicate-1\/","title":{"rendered":"Bo\u00eetier d'imprimante 3D OEM pour la fabrication de t\u00f4les sur mesure"},"content":{"rendered":"<table class=\"has-title hight-light-first-column all magic-4\" style=\"height: 409px\" width=\"800\">\n<tbody>\n<tr>\n<td colspan=\"1\" rowspan=\"1\">\n<div class=\"magic-5\" data-spm-anchor-id=\"a2700.details.0.i30.64901cea8wrLjz\">Nom<\/div>\n<\/td>\n<td colspan=\"1\" rowspan=\"1\">\n<div class=\"magic-6\">Service de fabrication de t\u00f4les sur mesure OEM pour les enceintes d'imprimantes 3D<\/div>\n<\/td>\n<\/tr>\n<tr>\n<td colspan=\"1\" rowspan=\"1\">\n<div class=\"magic-5\">Mat\u00e9riau<\/div>\n<\/td>\n<td colspan=\"1\" rowspan=\"1\">\n<div class=\"magic-6\">Acier lamin\u00e9 \u00e0 froid<\/div>\n<\/td>\n<\/tr>\n<tr>\n<td colspan=\"1\" rowspan=\"1\">Traitement de surface<\/td>\n<td colspan=\"1\" rowspan=\"1\">Rev\u00eatement en poudre<\/td>\n<\/tr>\n<tr>\n<td colspan=\"1\" rowspan=\"1\">Application<\/td>\n<td colspan=\"1\" rowspan=\"1\">Imprimante 3D<\/td>\n<\/tr>\n<tr>\n<td colspan=\"1\" rowspan=\"1\">\n<div class=\"magic-5\">Emballage<\/div>\n<\/td>\n<td colspan=\"1\" rowspan=\"1\">\n<div class=\"magic-6\">Emballage int\u00e9rieur : mousse \/ sac plastique \/ papier \/ sac \u00e0 bulles \/ film \u00e9tirable.<br \/>\nEmballage ext\u00e9rieur : bo\u00eetes en carton dur\/caisses en bois personnalis\u00e9es.<\/div>\n<\/td>\n<\/tr>\n<tr>\n<td colspan=\"1\" rowspan=\"1\">\n<div class=\"magic-5\">Mat\u00e9riel de production<\/div>\n<\/td>\n<td colspan=\"1\" rowspan=\"1\">\n<div class=\"magic-6\">D\u00e9coupe au laser Pliage Soudage<\/div>\n<\/td>\n<\/tr>\n<tr>\n<td colspan=\"1\" rowspan=\"1\">\n<div class=\"magic-5\">Mat\u00e9riel d'essai<\/div>\n<\/td>\n<td colspan=\"1\" rowspan=\"1\">\n<div class=\"magic-6\">Appareil de projection, test de pulv\u00e9risation de sel, durom\u00e8tre et testeur d'\u00e9paisseur de rev\u00eatement<\/div>\n<\/td>\n<\/tr>\n<tr>\n<td colspan=\"1\" rowspan=\"1\">\n<div class=\"magic-5\">\u00a0Tol\u00e9rance<\/div>\n<\/td>\n<td colspan=\"1\" rowspan=\"1\">\n<div class=\"magic-6\">\u00b10,1~0,2mm<\/div>\n<\/td>\n<\/tr>\n<tr>\n<td colspan=\"1\" rowspan=\"1\">\n<div class=\"magic-5\">Dessin<\/div>\n<\/td>\n<td colspan=\"1\" rowspan=\"1\">\n<div class=\"magic-6\">JPG, PDF, CAD, DWG, STP, STEP<\/div>\n<\/td>\n<\/tr>\n<\/tbody>\n<\/table>\n<p>&nbsp;<\/p>","protected":false},"excerpt":{"rendered":"<p>Un bo\u00eetier d'imprimante 3D con\u00e7u pour \u00eatre imprim\u00e9 et assembl\u00e9 sur une grosse machine \u00e0 imprimer. Imprimez un nombre illimit\u00e9 de bo\u00eetiers et adaptez-les \u00e0 n'importe quelle taille.<\/p>\n<p>Cette conception met l'accent sur l'utilisation d'acier lamin\u00e9 \u00e0 froid ainsi que sur le rev\u00eatement en poudre de qualit\u00e9 ext\u00e9rieure. Une poudre de couleur m\u00e9tallique industrielle haut de gamme et un processus de soudage solide permettront aux produits de r\u00e9pondre parfaitement aux attentes de tous les clients.<\/p>","protected":false},"featured_media":1103,"comment_status":"closed","ping_status":"closed","template":"","meta":[],"product_cat":[111],"class_list":["post-1076","product","type-product","status-publish","has-post-thumbnail","hentry","product_cat-metal-3d-printer"],"yoast_head":"<!-- This site is optimized with the Yoast SEO plugin v21.5 - https:\/\/yoast.com\/wordpress\/plugins\/seo\/ -->\n<title>OEM Customized Sheet Metal Fabrication 3D Printer Enclosure - METALPIE<\/title>\n<meta name=\"robots\" content=\"index, follow, max-snippet:-1, max-image-preview:large, max-video-preview:-1\" \/>\n<link rel=\"canonical\" href=\"https:\/\/metalpie.com\/fr\/imprimante-3d-metal\/lorem-ipsum-dolor-sit-amet-consectetuer-adipisci-\u590d\u5236-duplicate-1\/\" \/>\n<meta property=\"og:locale\" content=\"fr_FR\" \/>\n<meta property=\"og:type\" content=\"article\" \/>\n<meta property=\"og:title\" content=\"OEM Customized Sheet Metal Fabrication 3D Printer Enclosure - METALPIE\" \/>\n<meta property=\"og:description\" content=\"A 3d printer enclosure designed to be printed and assembled at big printer machine. Print out unlimited enclosures and scale them to any size. This design focuses on the use of cold rolled steel as well as and make the Outdoor grade powder coating. Up-market industrial metal color powder and a firm welding process will let the products perfectly matched all customer&#039;s expectations.\" \/>\n<meta property=\"og:url\" content=\"https:\/\/metalpie.com\/fr\/imprimante-3d-metal\/lorem-ipsum-dolor-sit-amet-consectetuer-adipisci-\u590d\u5236-duplicate-1\/\" \/>\n<meta property=\"og:site_name\" content=\"METALPIE\" \/>\n<meta name=\"twitter:card\" content=\"summary_large_image\" \/>\n<meta name=\"twitter:label1\" content=\"Dur\u00e9e de lecture estim\u00e9e\" \/>\n\t<meta name=\"twitter:data1\" content=\"1 minute\" \/>\n<script type=\"application\/ld+json\" class=\"yoast-schema-graph\">{\"@context\":\"https:\/\/schema.org\",\"@graph\":[{\"@type\":\"WebPage\",\"@id\":\"https:\/\/metalpie.com\/metal-3d-printer\/lorem-ipsum-dolor-sit-amet-consectetuer-adipisci-%e5%a4%8d%e5%88%b6-duplicate-1\/\",\"url\":\"https:\/\/metalpie.com\/metal-3d-printer\/lorem-ipsum-dolor-sit-amet-consectetuer-adipisci-%e5%a4%8d%e5%88%b6-duplicate-1\/\",\"name\":\"OEM Customized Sheet Metal Fabrication 3D Printer Enclosure - METALPIE\",\"isPartOf\":{\"@id\":\"https:\/\/metalpie.com\/#website\"},\"datePublished\":\"2022-08-15T15:16:56+00:00\",\"dateModified\":\"2022-08-15T15:16:56+00:00\",\"breadcrumb\":{\"@id\":\"https:\/\/metalpie.com\/metal-3d-printer\/lorem-ipsum-dolor-sit-amet-consectetuer-adipisci-%e5%a4%8d%e5%88%b6-duplicate-1\/#breadcrumb\"},\"inLanguage\":\"fr-FR\",\"potentialAction\":[{\"@type\":\"ReadAction\",\"target\":[\"https:\/\/metalpie.com\/metal-3d-printer\/lorem-ipsum-dolor-sit-amet-consectetuer-adipisci-%e5%a4%8d%e5%88%b6-duplicate-1\/\"]}]},{\"@type\":\"BreadcrumbList\",\"@id\":\"https:\/\/metalpie.com\/metal-3d-printer\/lorem-ipsum-dolor-sit-amet-consectetuer-adipisci-%e5%a4%8d%e5%88%b6-duplicate-1\/#breadcrumb\",\"itemListElement\":[{\"@type\":\"ListItem\",\"position\":1,\"name\":\"Home\",\"item\":\"https:\/\/metalpie.com\/\"},{\"@type\":\"ListItem\",\"position\":2,\"name\":\"Products\",\"item\":\"https:\/\/metalpie.com\/shop\/\"},{\"@type\":\"ListItem\",\"position\":3,\"name\":\"OEM Customized Sheet Metal Fabrication 3D Printer Enclosure\"}]},{\"@type\":\"WebSite\",\"@id\":\"https:\/\/metalpie.com\/#website\",\"url\":\"https:\/\/metalpie.com\/\",\"name\":\"METALPIE\",\"description\":\"Precision Metal Fabrication | Tools, Processes &amp; More\",\"potentialAction\":[{\"@type\":\"SearchAction\",\"target\":{\"@type\":\"EntryPoint\",\"urlTemplate\":\"https:\/\/metalpie.com\/?s={search_term_string}\"},\"query-input\":\"required name=search_term_string\"}],\"inLanguage\":\"fr-FR\"}]}<\/script>\n<!-- \/ Yoast SEO plugin. -->","yoast_head_json":{"title":"Bo\u00eetier d'imprimante 3D en t\u00f4le fabriqu\u00e9 sur mesure par OEM - METALPIE","robots":{"index":"index","follow":"follow","max-snippet":"max-snippet:-1","max-image-preview":"max-image-preview:large","max-video-preview":"max-video-preview:-1"},"canonical":"https:\/\/metalpie.com\/fr\/imprimante-3d-metal\/lorem-ipsum-dolor-sit-amet-consectetuer-adipisci-\u590d\u5236-duplicate-1\/","og_locale":"fr_FR","og_type":"article","og_title":"OEM Customized Sheet Metal Fabrication 3D Printer Enclosure - METALPIE","og_description":"A 3d printer enclosure designed to be printed and assembled at big printer machine. Print out unlimited enclosures and scale them to any size. This design focuses on the use of cold rolled steel as well as and make the Outdoor grade powder coating. Up-market industrial metal color powder and a firm welding process will let the products perfectly matched all customer's expectations.","og_url":"https:\/\/metalpie.com\/fr\/imprimante-3d-metal\/lorem-ipsum-dolor-sit-amet-consectetuer-adipisci-\u590d\u5236-duplicate-1\/","og_site_name":"METALPIE","twitter_card":"summary_large_image","twitter_misc":{"Dur\u00e9e de lecture estim\u00e9e":"1 minute"},"schema":{"@context":"https:\/\/schema.org","@graph":[{"@type":"WebPage","@id":"https:\/\/metalpie.com\/metal-3d-printer\/lorem-ipsum-dolor-sit-amet-consectetuer-adipisci-%e5%a4%8d%e5%88%b6-duplicate-1\/","url":"https:\/\/metalpie.com\/metal-3d-printer\/lorem-ipsum-dolor-sit-amet-consectetuer-adipisci-%e5%a4%8d%e5%88%b6-duplicate-1\/","name":"Bo\u00eetier d'imprimante 3D en t\u00f4le fabriqu\u00e9 sur mesure par OEM - METALPIE","isPartOf":{"@id":"https:\/\/metalpie.com\/#website"},"datePublished":"2022-08-15T15:16:56+00:00","dateModified":"2022-08-15T15:16:56+00:00","breadcrumb":{"@id":"https:\/\/metalpie.com\/metal-3d-printer\/lorem-ipsum-dolor-sit-amet-consectetuer-adipisci-%e5%a4%8d%e5%88%b6-duplicate-1\/#breadcrumb"},"inLanguage":"fr-FR","potentialAction":[{"@type":"ReadAction","target":["https:\/\/metalpie.com\/metal-3d-printer\/lorem-ipsum-dolor-sit-amet-consectetuer-adipisci-%e5%a4%8d%e5%88%b6-duplicate-1\/"]}]},{"@type":"BreadcrumbList","@id":"https:\/\/metalpie.com\/metal-3d-printer\/lorem-ipsum-dolor-sit-amet-consectetuer-adipisci-%e5%a4%8d%e5%88%b6-duplicate-1\/#breadcrumb","itemListElement":[{"@type":"ListItem","position":1,"name":"Home","item":"https:\/\/metalpie.com\/"},{"@type":"ListItem","position":2,"name":"Products","item":"https:\/\/metalpie.com\/shop\/"},{"@type":"ListItem","position":3,"name":"OEM Customized Sheet Metal Fabrication 3D Printer Enclosure"}]},{"@type":"WebSite","@id":"https:\/\/metalpie.com\/#website","url":"https:\/\/metalpie.com\/","name":"METALPIE","description":"Fabrication de pr\u00e9cision des m\u00e9taux | Outils, processus et autres","potentialAction":[{"@type":"SearchAction","target":{"@type":"EntryPoint","urlTemplate":"https:\/\/metalpie.com\/?s={search_term_string}"},"query-input":"required name=search_term_string"}],"inLanguage":"fr-FR"}]}},"_links":{"self":[{"href":"https:\/\/metalpie.com\/fr\/wp-json\/wp\/v2\/product\/1076","targetHints":{"allow":["GET"]}}],"collection":[{"href":"https:\/\/metalpie.com\/fr\/wp-json\/wp\/v2\/product"}],"about":[{"href":"https:\/\/metalpie.com\/fr\/wp-json\/wp\/v2\/types\/product"}],"replies":[{"embeddable":true,"href":"https:\/\/metalpie.com\/fr\/wp-json\/wp\/v2\/comments?post=1076"}],"wp:featuredmedia":[{"embeddable":true,"href":"https:\/\/metalpie.com\/fr\/wp-json\/"}],"wp:attachment":[{"href":"https:\/\/metalpie.com\/fr\/wp-json\/wp\/v2\/media?parent=1076"}],"wp:term":[{"taxonomy":"product_cat","embeddable":true,"href":"https:\/\/metalpie.com\/fr\/wp-json\/wp\/v2\/product_cat?post=1076"}],"curies":[{"name":"wp","href":"https:\/\/api.w.org\/{rel}","templated":true}]}}