{"id":2128,"date":"2022-09-23T10:45:32","date_gmt":"2022-09-23T02:45:32","guid":{"rendered":"https:\/\/metalpie.com\/?page_id=2128"},"modified":"2022-12-30T16:50:18","modified_gmt":"2022-12-30T08:50:18","slug":"a-propos-de-nous","status":"publish","type":"page","link":"https:\/\/metalpie.com\/fr\/a-propos-de-nous\/","title":{"rendered":"\u00c0 propos de nous"},"content":{"rendered":"<div class=\"banner has-hover\" id=\"banner-40098607\">\n          <div class=\"banner-inner fill\">\n        <div class=\"banner-bg fill\" >\n            <div class=\"bg fill bg-fill\"><\/div>\n                                    \n                    <\/div>\n\t\t\n        <div class=\"banner-layers container\">\n            <div class=\"fill banner-link\"><\/div>            \n\n   <div id=\"text-box-1656290986\" class=\"text-box banner-layer x50 md-x5 lg-x5 y50 md-y50 lg-y50 res-text\">\n                                <div class=\"text-box-content text dark\">\n              \n              <div class=\"text-inner text-center\">\n                  \n\n\t<div id=\"text-2530015186\" class=\"text\">\n\t\t\n\n<h1>\u00c0 propos de nous<\/h1>\n\t\t\n<style>\n#text-2530015186 {\n  text-align: center;\n}\n@media (min-width:550px) {\n  #text-2530015186 {\n    text-align: left;\n  }\n}\n<\/style>\n\t<\/div>\n\t\n\t<div id=\"text-2344862426\" class=\"text\">\n\t\t\n\nAccueil \/ \u00c0 propos de nous\n\t\t\n<style>\n#text-2344862426 {\n  text-align: center;\n}\n@media (min-width:550px) {\n  #text-2344862426 {\n    text-align: left;\n  }\n}\n<\/style>\n\t<\/div>\n\t\n\n              <\/div>\n           <\/div>\n                            \n<style>\n#text-box-1656290986 {\n  width: 74%;\n}\n#text-box-1656290986 .text-box-content {\n  font-size: 100%;\n}\n@media (min-width:550px) {\n  #text-box-1656290986 {\n    width: 60%;\n  }\n}\n@media (min-width:850px) {\n  #text-box-1656290986 {\n    width: 18%;\n  }\n}\n<\/style>\n    <\/div>\n \n\n        <\/div>\n      <\/div>\n\n            \n<style>\n#banner-40098607 {\n  padding-top: 44%;\n}\n#banner-40098607 .bg.bg-loaded {\n  background-image: url(https:\/\/metalpie.com\/wp-content\/uploads\/2022\/09\/test_banner_all.webp);\n}\n#banner-40098607 .bg {\n  background-position: 0% 90%;\n}\n@media (min-width:550px) {\n  #banner-40098607 {\n    padding-top: 20%;\n  }\n}\n<\/style>\n  <\/div>\n\n\n\t<section class=\"section\" id=\"section_516308654\">\n\t\t<div class=\"bg section-bg fill bg-fill  bg-loaded\" >\n\n\t\t\t\n\t\t\t\n\t\t\t\n\n\t\t<\/div>\n\n\t\t\n\n\t\t<div class=\"section-content relative\">\n\t\t\t\n\n<div class=\"row align-bottom align-center\"  id=\"row-1283931994\">\n\n\n\t<div id=\"col-1229461133\" class=\"col medium-12 small-12 large-6\"  >\n\t\t\t\t<div class=\"col-inner\"  >\n\t\t\t\n\t\t\t\n\n\t<div id=\"text-2721842397\" class=\"text\">\n\t\t\n\n\u00c0 propos de Huajian\n\t\t\n<style>\n#text-2721842397 {\n  font-size: 1rem;\n  text-align: center;\n  color: rgb(240, 129, 1);\n}\n#text-2721842397 > * {\n  color: rgb(240, 129, 1);\n}\n@media (min-width:550px) {\n  #text-2721842397 {\n    font-size: 1.1rem;\n    text-align: left;\n  }\n}\n<\/style>\n\t<\/div>\n\t\n\t<div id=\"text-1323940785\" class=\"text\">\n\t\t\n\n<h2><span style=\"color: #f08101;\">Qui<\/span> Nous sommes<\/h2>\n\t\t\n<style>\n#text-1323940785 {\n  font-size: 1rem;\n  text-align: center;\n}\n@media (min-width:550px) {\n  #text-1323940785 {\n    font-size: 1.2rem;\n    text-align: left;\n  }\n}\n<\/style>\n\t<\/div>\n\t\n\t<div id=\"gap-1327159040\" class=\"gap-element clearfix\" style=\"display:block; height:auto;\">\n\t\t\n<style>\n#gap-1327159040 {\n  padding-top: 28px;\n}\n<\/style>\n\t<\/div>\n\t\n\n<p>La soci\u00e9t\u00e9 Huajian Aluminum a \u00e9t\u00e9 fond\u00e9e en 2000 dans le comt\u00e9 de Linqu, en Chine. Depuis notre cr\u00e9ation, nous nous sommes concentr\u00e9s sur la production de profil\u00e9s en aluminium, de portes, de fen\u00eatres, de coffrages \u00e0 b\u00e9ton, etc.<br \/>Apr\u00e8s 20 ans de d\u00e9veloppement, Huajian Aluminum est devenu l'un des plus grands fabricants chinois de profil\u00e9s en aluminium. Nous poss\u00e9dons aujourd'hui notre propre marque de portes et fen\u00eatres en aluminium et cinq usines. Nos produits, qui ont re\u00e7u les certifications ISO9001, ISO4001 et CE, sont export\u00e9s vers l'Europe, l'Afrique et l'Am\u00e9rique... et ont re\u00e7u des commentaires positifs de la part de nos clients.<\/p>\n\n\t\t<\/div>\n\t\t\t\t\t<\/div>\n\n\t\n\n\t<div id=\"col-1997342906\" class=\"col medium-12 small-12 large-6\"  >\n\t\t\t\t<div class=\"col-inner\"  >\n\t\t\t\n\t\t\t\n\n<div class=\"video video-fit mb\" style=\"padding-top:56.25%;\"><iframe loading=\"lazy\" title=\"Pr\u00e9sentation du groupe Huajian Aluminium\" width=\"1020\" height=\"574\" src=\"https:\/\/www.youtube.com\/embed\/fkq4gHRezv8?feature=oembed\" frameborder=\"0\" allow=\"accelerometer; autoplay; clipboard-write; encrypted-media; gyroscope; picture-in-picture\" allowfullscreen><\/iframe><\/div>\n\n\n\t\t<\/div>\n\t\t\t\t\t<\/div>\n\n\t\n\n<\/div>\n\n\t\t<\/div>\n\n\t\t\n<style>\n#section_516308654 {\n  padding-top: 10px;\n  padding-bottom: 10px;\n}\n@media (min-width:550px) {\n  #section_516308654 {\n    padding-top: 30px;\n    padding-bottom: 30px;\n  }\n}\n<\/style>\n\t<\/section>\n\t\n\t<section class=\"section\" id=\"section_1919659211\">\n\t\t<div class=\"bg section-bg fill bg-fill  bg-loaded\" >\n\n\t\t\t\n\t\t\t\n\t\t\t\n\n\t\t<\/div>\n\n\t\t\n\n\t\t<div class=\"section-content relative\">\n\t\t\t\n\n<div class=\"row align-middle align-center\"  id=\"row-1821844901\">\n\n\n\t<div id=\"col-1106327023\" class=\"col small-12 large-12\"  >\n\t\t\t\t<div class=\"col-inner\"  >\n\t\t\t\n\t\t\t\n\n\t<div id=\"gap-1708187204\" class=\"gap-element clearfix hide-for-small\" style=\"display:block; height:auto;\">\n\t\t\n<style>\n#gap-1708187204 {\n  padding-top: 0px;\n}\n@media (min-width:850px) {\n  #gap-1708187204 {\n    padding-top: 75px;\n  }\n}\n<\/style>\n\t<\/div>\n\t\n\n<div class=\"row align-center\"  id=\"row-410053711\">\n\n\n\t<div id=\"col-899039623\" class=\"col medium-5 small-12 large-5\"  >\n\t\t\t\t<div class=\"col-inner\"  >\n\t\t\t\n\t\t\t\n\n\t<div class=\"box has-hover   has-hover box-text-bottom\" >\n\n\t\t<div class=\"box-image\" >\n\t\t\t\t\t\t<div class=\"\" >\n\t\t\t\t<img loading=\"lazy\" decoding=\"async\" width=\"1000\" height=\"750\" src=\"https:\/\/metalpie.com\/wp-content\/uploads\/2022\/09\/about_page_case_002image.jpg\" class=\"attachment- size-\" alt=\"\" srcset=\"https:\/\/metalpie.com\/wp-content\/uploads\/2022\/09\/about_page_case_002image.jpg 1000w, https:\/\/metalpie.com\/wp-content\/uploads\/2022\/09\/about_page_case_002image-300x225.jpg 300w, https:\/\/metalpie.com\/wp-content\/uploads\/2022\/09\/about_page_case_002image-768x576.jpg 768w\" sizes=\"auto, (max-width: 1000px) 100vw, 1000px\" \/>\t\t\t\t\t\t\t\t\t\t\t<\/div>\n\t\t\t\t\t<\/div>\n\n\t\t<div class=\"box-text text-center\" >\n\t\t\t<div class=\"box-text-inner\">\n\t\t\t\t\n\n\n\t\t\t<\/div>\n\t\t<\/div>\n\t<\/div>\n\t\n\n\t\t<\/div>\n\t\t\t\t\t<\/div>\n\n\t\n\n\t<div id=\"col-1618510808\" class=\"col medium-1 small-12 large-1\"  >\n\t\t\t\t<div class=\"col-inner\"  >\n\t\t\t\n\t\t\t\n\n\n\t\t<\/div>\n\t\t\t\t\t<\/div>\n\n\t\n\n\t<div id=\"col-222490992\" class=\"col medium-5 small-12 large-5\"  >\n\t\t\t\t<div class=\"col-inner\"  >\n\t\t\t\n\t\t\t\n\n\t<div id=\"text-1569199559\" class=\"text\">\n\t\t\n\n<h2>Notre <span style=\"color: #f08101;\">Projet<\/span><\/h2>\n\t\t\n<style>\n#text-1569199559 {\n  font-size: 1rem;\n  text-align: center;\n}\n@media (min-width:550px) {\n  #text-1569199559 {\n    font-size: 1.3rem;\n    text-align: left;\n  }\n}\n<\/style>\n\t<\/div>\n\t\n<p>Nous avons particip\u00e9 \u00e0 la construction de la tour CITIC, qui mesure 528 m\u00e8tres de haut, la plus haute structure de Chine. Ses murs-rideaux sont fabriqu\u00e9s par Huajian Aluminum. En outre, nous avons fourni des profil\u00e9s en aluminium pour les b\u00e2timents de CCTV, le Stade national couvert de Chine et de nombreux autres projets.<\/p>\n\t<div id=\"text-3223358370\" class=\"text\">\n\t\t\n\n<a class=\"button button_orange\" style=\"border-radius: 8px;\" data-fancybox=\"\" data-src=\"#hidden-CF7\">Demande de devis<\/a>\n\t\t\n<style>\n#text-3223358370 {\n  text-align: center;\n}\n@media (min-width:550px) {\n  #text-3223358370 {\n    text-align: left;\n  }\n}\n<\/style>\n\t<\/div>\n\t\n\n\t\t<\/div>\n\t\t\t\t\t<\/div>\n\n\t\n\n<\/div>\n\n\t\t<\/div>\n\t\t\t\t\t<\/div>\n\n\t\n\n<\/div>\n\n\t\t<\/div>\n\n\t\t\n<style>\n#section_1919659211 {\n  padding-top: 0px;\n  padding-bottom: 0px;\n}\n@media (min-width:550px) {\n  #section_1919659211 {\n    padding-top: 0px;\n    padding-bottom: 0px;\n  }\n}\n@media (min-width:850px) {\n  #section_1919659211 {\n    padding-top: 30px;\n    padding-bottom: 30px;\n  }\n}\n<\/style>\n\t<\/section>\n\t\n\t<section class=\"section dark has-parallax\" id=\"section_477574451\">\n\t\t<div class=\"bg section-bg fill bg-fill\" data-parallax-container=\".section\" data-parallax-background data-parallax=\"-10\">\n\n\t\t\t\n\t\t\t\n\t\t\t\n\n\t\t<\/div>\n\n\t\t\n\n\t\t<div class=\"section-content relative\">\n\t\t\t\n\n<div class=\"row\"  id=\"row-1611174672\">\n\n\n\t<div id=\"col-913462457\" class=\"col medium-12 small-12 large-9\"  >\n\t\t\t\t<div class=\"col-inner\"  >\n\t\t\t\n\t\t\t\n\n\t<div id=\"text-455231360\" class=\"text\">\n\t\t\n\n<h3>Nos valeurs fondamentales sont les suivantes : \"Orient\u00e9 vers le client, soutenu par la direction, d\u00e9veloppement ax\u00e9 sur l'innovation\".<\/h3>\n\t\t\n<style>\n#text-455231360 {\n  font-size: 1rem;\n  text-align: center;\n}\n@media (min-width:550px) {\n  #text-455231360 {\n    font-size: 1.3rem;\n  }\n}\n@media (min-width:850px) {\n  #text-455231360 {\n    text-align: left;\n  }\n}\n<\/style>\n\t<\/div>\n\t\n\n\t\t<\/div>\n\t\t\t\t\t<\/div>\n\n\t\n\n<\/div>\n\n\t\t<\/div>\n\n\t\t\n<style>\n#section_477574451 {\n  padding-top: 15px;\n  padding-bottom: 15px;\n}\n#section_477574451 .section-bg.bg-loaded {\n  background-image: url(https:\/\/metalpie.com\/wp-content\/uploads\/2022\/09\/about_page_bg_002image.webp);\n}\n@media (min-width:550px) {\n  #section_477574451 {\n    padding-top: 30px;\n    padding-bottom: 30px;\n  }\n}\n<\/style>\n\t<\/section>\n\t\n\t<section class=\"section\" id=\"section_423365426\">\n\t\t<div class=\"bg section-bg fill bg-fill  bg-loaded\" >\n\n\t\t\t\n\t\t\t\n\t\t\t\n\n\t\t<\/div>\n\n\t\t\n\n\t\t<div class=\"section-content relative\">\n\t\t\t\n\n<div class=\"row\"  id=\"row-805933482\">\n\n\n\t<div id=\"col-1687437694\" class=\"col small-12 large-12\"  >\n\t\t\t\t<div class=\"col-inner\"  >\n\t\t\t\n\t\t\t\n\n\t<div id=\"text-4111870618\" class=\"text\">\n\t\t\n\n<h2>Notre <span style=\"color: #f08101;\">L'\u00e9quipe<\/span><\/h2>\n\t\t\n<style>\n#text-4111870618 {\n  font-size: 1rem;\n  text-align: center;\n}\n@media (min-width:550px) {\n  #text-4111870618 {\n    font-size: 1.3rem;\n    text-align: left;\n  }\n}\n<\/style>\n\t<\/div>\n\t\n\t<div id=\"text-3723879524\" class=\"text\">\n\t\t\n\n<p>Nous disposons de quatre appartements responsables de la fabrication de profil\u00e9s en aluminium sp\u00e9cifiques pour la construction, de profil\u00e9s en aluminium pour l'industrie, de coffrages en aluminium pour le b\u00e9ton et de profil\u00e9s en aluminium pour l'automobile. Notre objectif est d'\u00eatre un leader dans la fabrication de profil\u00e9s en aluminium et de produire des produits en aluminium avec d'excellentes performances.<\/p>\n\t\t\n<style>\n#text-3723879524 {\n  font-size: 1rem;\n}\n@media (min-width:550px) {\n  #text-3723879524 {\n    font-size: 1.1rem;\n  }\n}\n<\/style>\n\t<\/div>\n\t\n\t<div class=\"img has-hover x md-x lg-x y md-y lg-y\" id=\"image_706506639\">\n\t\t\t\t\t\t\t\t<div class=\"img-inner dark\" >\n\t\t\t<img loading=\"lazy\" decoding=\"async\" width=\"1000\" height=\"417\" src=\"https:\/\/metalpie.com\/wp-content\/uploads\/2022\/09\/about_page_team_005image.webp\" class=\"attachment-original size-original\" alt=\"\" srcset=\"https:\/\/metalpie.com\/wp-content\/uploads\/2022\/09\/about_page_team_005image.webp 1000w, https:\/\/metalpie.com\/wp-content\/uploads\/2022\/09\/about_page_team_005image-300x125.webp 300w, https:\/\/metalpie.com\/wp-content\/uploads\/2022\/09\/about_page_team_005image-768x320.webp 768w\" sizes=\"auto, (max-width: 1000px) 100vw, 1000px\" \/>\t\t\t\t\t\t\n\t\t\t\t\t<\/div>\n\t\t\t\t\t\t\t\t\n<style>\n#image_706506639 {\n  width: 100%;\n}\n<\/style>\n\t<\/div>\n\t\n\n\n\n\n\t\t<\/div>\n\t\t\t\t\t<\/div>\n\n\t\n\n<\/div>\n\n\t\t<\/div>\n\n\t\t\n<style>\n#section_423365426 {\n  padding-top: 13px;\n  padding-bottom: 13px;\n}\n@media (min-width:550px) {\n  #section_423365426 {\n    padding-top: 30px;\n    padding-bottom: 30px;\n  }\n}\n<\/style>\n\t<\/section>\n\t\n\t<section class=\"section\" id=\"section_1279032441\">\n\t\t<div class=\"bg section-bg fill bg-fill  bg-loaded\" >\n\n\t\t\t\n\t\t\t\n\t\t\t\n\n\t\t<\/div>\n\n\t\t\n\n\t\t<div class=\"section-content relative\">\n\t\t\t\n\n<div class=\"row align-center\"  id=\"row-1432701949\">\n\n\n\t<div id=\"col-1653694079\" class=\"col small-12 large-12\"  >\n\t\t\t\t<div class=\"col-inner\"  >\n\t\t\t\n\t\t\t\n\n\t<div id=\"text-129922876\" class=\"text\">\n\t\t\n\n<h2><span style=\"color: #f08101;\">Certificat<\/span><\/h2>\n\t\t\n<style>\n#text-129922876 {\n  font-size: 1rem;\n  text-align: center;\n}\n@media (min-width:550px) {\n  #text-129922876 {\n    font-size: 1.3rem;\n  }\n}\n<\/style>\n\t<\/div>\n\t\n\n\n\n\t\t<\/div>\n\t\t\t\t\t<\/div>\n\n\t\n\n<\/div>\n\n\t\t<\/div>\n\n\t\t\n<style>\n#section_1279032441 {\n  padding-top: 0px;\n  padding-bottom: 0px;\n}\n@media (min-width:550px) {\n  #section_1279032441 {\n    padding-top: 0px;\n    padding-bottom: 0px;\n  }\n}\n@media (min-width:850px) {\n  #section_1279032441 {\n    padding-top: 30px;\n    padding-bottom: 30px;\n  }\n}\n<\/style>\n\t<\/section>","protected":false},"excerpt":{"rendered":"","protected":false},"author":11,"featured_media":0,"parent":0,"menu_order":0,"comment_status":"closed","ping_status":"closed","template":"page-blank.php","meta":{"footnotes":""},"class_list":["post-2128","page","type-page","status-publish","hentry"],"yoast_head":"<!-- This site is optimized with the Yoast SEO plugin v21.5 - https:\/\/yoast.com\/wordpress\/plugins\/seo\/ -->\n<title>About Us - METALPIE<\/title>\n<meta name=\"description\" content=\"We are aluminum profiles, aluminum windows, and doors manufacturer from China. Aluminum windows are our most popular products with endless design options.\" \/>\n<meta name=\"robots\" content=\"index, follow, max-snippet:-1, max-image-preview:large, max-video-preview:-1\" \/>\n<link rel=\"canonical\" href=\"https:\/\/metalpie.com\/fr\/a-propos-de-nous\/\" \/>\n<meta property=\"og:locale\" content=\"fr_FR\" \/>\n<meta property=\"og:type\" content=\"article\" \/>\n<meta property=\"og:title\" content=\"About Us - METALPIE\" \/>\n<meta property=\"og:description\" content=\"We are aluminum profiles, aluminum windows, and doors manufacturer from China. Aluminum windows are our most popular products with endless design options.\" \/>\n<meta property=\"og:url\" content=\"https:\/\/metalpie.com\/fr\/a-propos-de-nous\/\" \/>\n<meta property=\"og:site_name\" content=\"METALPIE\" \/>\n<meta property=\"article:modified_time\" content=\"2022-12-30T08:50:18+00:00\" \/>\n<meta name=\"twitter:card\" content=\"summary_large_image\" \/>\n<meta name=\"twitter:label1\" content=\"Dur\u00e9e de lecture estim\u00e9e\" \/>\n\t<meta name=\"twitter:data1\" content=\"2 minutes\" \/>\n<script type=\"application\/ld+json\" class=\"yoast-schema-graph\">{\"@context\":\"https:\/\/schema.org\",\"@graph\":[{\"@type\":\"WebPage\",\"@id\":\"https:\/\/metalpie.com\/about-us\/\",\"url\":\"https:\/\/metalpie.com\/about-us\/\",\"name\":\"About Us - METALPIE\",\"isPartOf\":{\"@id\":\"https:\/\/metalpie.com\/#website\"},\"datePublished\":\"2022-09-23T02:45:32+00:00\",\"dateModified\":\"2022-12-30T08:50:18+00:00\",\"description\":\"We are aluminum profiles, aluminum windows, and doors manufacturer from China. Aluminum windows are our most popular products with endless design options.\",\"breadcrumb\":{\"@id\":\"https:\/\/metalpie.com\/about-us\/#breadcrumb\"},\"inLanguage\":\"fr-FR\",\"potentialAction\":[{\"@type\":\"ReadAction\",\"target\":[\"https:\/\/metalpie.com\/about-us\/\"]}]},{\"@type\":\"BreadcrumbList\",\"@id\":\"https:\/\/metalpie.com\/about-us\/#breadcrumb\",\"itemListElement\":[{\"@type\":\"ListItem\",\"position\":1,\"name\":\"Home\",\"item\":\"https:\/\/metalpie.com\/\"},{\"@type\":\"ListItem\",\"position\":2,\"name\":\"About Us\"}]},{\"@type\":\"WebSite\",\"@id\":\"https:\/\/metalpie.com\/#website\",\"url\":\"https:\/\/metalpie.com\/\",\"name\":\"METALPIE\",\"description\":\"Precision Metal Fabrication | Tools, Processes &amp; More\",\"potentialAction\":[{\"@type\":\"SearchAction\",\"target\":{\"@type\":\"EntryPoint\",\"urlTemplate\":\"https:\/\/metalpie.com\/?s={search_term_string}\"},\"query-input\":\"required name=search_term_string\"}],\"inLanguage\":\"fr-FR\"}]}<\/script>\n<!-- \/ Yoast SEO plugin. -->","yoast_head_json":{"title":"\u00c0 propos de nous - METALPIE","description":"Nous sommes un fabricant chinois de profil\u00e9s en aluminium, de fen\u00eatres et de portes en aluminium. Les fen\u00eatres en aluminium sont nos produits les plus populaires avec des options de design infinies.","robots":{"index":"index","follow":"follow","max-snippet":"max-snippet:-1","max-image-preview":"max-image-preview:large","max-video-preview":"max-video-preview:-1"},"canonical":"https:\/\/metalpie.com\/fr\/a-propos-de-nous\/","og_locale":"fr_FR","og_type":"article","og_title":"About Us - METALPIE","og_description":"We are aluminum profiles, aluminum windows, and doors manufacturer from China. Aluminum windows are our most popular products with endless design options.","og_url":"https:\/\/metalpie.com\/fr\/a-propos-de-nous\/","og_site_name":"METALPIE","article_modified_time":"2022-12-30T08:50:18+00:00","twitter_card":"summary_large_image","twitter_misc":{"Dur\u00e9e de lecture estim\u00e9e":"2 minutes"},"schema":{"@context":"https:\/\/schema.org","@graph":[{"@type":"WebPage","@id":"https:\/\/metalpie.com\/about-us\/","url":"https:\/\/metalpie.com\/about-us\/","name":"\u00c0 propos de nous - METALPIE","isPartOf":{"@id":"https:\/\/metalpie.com\/#website"},"datePublished":"2022-09-23T02:45:32+00:00","dateModified":"2022-12-30T08:50:18+00:00","description":"Nous sommes un fabricant chinois de profil\u00e9s en aluminium, de fen\u00eatres et de portes en aluminium. Les fen\u00eatres en aluminium sont nos produits les plus populaires avec des options de design infinies.","breadcrumb":{"@id":"https:\/\/metalpie.com\/about-us\/#breadcrumb"},"inLanguage":"fr-FR","potentialAction":[{"@type":"ReadAction","target":["https:\/\/metalpie.com\/about-us\/"]}]},{"@type":"BreadcrumbList","@id":"https:\/\/metalpie.com\/about-us\/#breadcrumb","itemListElement":[{"@type":"ListItem","position":1,"name":"Home","item":"https:\/\/metalpie.com\/"},{"@type":"ListItem","position":2,"name":"About Us"}]},{"@type":"WebSite","@id":"https:\/\/metalpie.com\/#website","url":"https:\/\/metalpie.com\/","name":"METALPIE","description":"Fabrication de pr\u00e9cision des m\u00e9taux | Outils, processus et autres","potentialAction":[{"@type":"SearchAction","target":{"@type":"EntryPoint","urlTemplate":"https:\/\/metalpie.com\/?s={search_term_string}"},"query-input":"required name=search_term_string"}],"inLanguage":"fr-FR"}]}},"_links":{"self":[{"href":"https:\/\/metalpie.com\/fr\/wp-json\/wp\/v2\/pages\/2128","targetHints":{"allow":["GET"]}}],"collection":[{"href":"https:\/\/metalpie.com\/fr\/wp-json\/wp\/v2\/pages"}],"about":[{"href":"https:\/\/metalpie.com\/fr\/wp-json\/wp\/v2\/types\/page"}],"author":[{"embeddable":true,"href":"https:\/\/metalpie.com\/fr\/wp-json\/wp\/v2\/users\/11"}],"replies":[{"embeddable":true,"href":"https:\/\/metalpie.com\/fr\/wp-json\/wp\/v2\/comments?post=2128"}],"version-history":[{"count":0,"href":"https:\/\/metalpie.com\/fr\/wp-json\/wp\/v2\/pages\/2128\/revisions"}],"wp:attachment":[{"href":"https:\/\/metalpie.com\/fr\/wp-json\/wp\/v2\/media?parent=2128"}],"curies":[{"name":"wp","href":"https:\/\/api.w.org\/{rel}","templated":true}]}}