{"id":395,"date":"2020-12-07T14:09:34","date_gmt":"2020-12-07T06:09:34","guid":{"rendered":"https:\/\/f.seowaimao.com\/?post_type=product&amp;p=395"},"modified":"2020-12-07T14:09:34","modified_gmt":"2020-12-07T06:09:34","slug":"personalizado-oem-servicio-de-corte-por-laser-de-chapa-de-acero-inoxidable-de-aluminio-de-procesamiento-de-piezas","status":"publish","type":"product","link":"https:\/\/metalpie.com\/es\/fabricacion-de-chapa-metalica\/personalizado-oem-servicio-de-corte-por-laser-de-chapa-de-acero-inoxidable-de-aluminio-de-procesamiento-de-piezas\/","title":{"rendered":"OEM personalizado servicio de corte por l\u00e1ser de chapa de acero inoxidable de aluminio de procesamiento de piezas"},"content":{"rendered":"<table width=\"640\">\n<tbody>\n<tr>\n<td width=\"125\"><span style=\"font-size: 120%\"><strong>Material<\/strong><\/span><\/td>\n<td width=\"515\"><span style=\"font-size: 120%\">Acero inoxidable \/Aluminio\/SPCC\/Cobre \/Lat\u00f3n \/SGCC \/SECC \/Bronce \/Acero al carbono<\/span><\/td>\n<\/tr>\n<tr>\n<td width=\"125\"><span style=\"font-size: 120%\"><strong>Espesor<\/strong><\/span><\/td>\n<td width=\"515\"><span style=\"font-size: 120%\">0,2-20 mm<\/span><\/td>\n<\/tr>\n<tr>\n<td width=\"125\"><span style=\"font-size: 120%\"><strong>Color<\/strong><\/span><\/td>\n<td width=\"515\"><span style=\"font-size: 120%\">Colorfull \/Rojo\/Verde \/Plata \/Blanco plateado \/Negro plateado \/Gris plateado \/P\u00farpura \/Dorado \/Blanco \/Gris oscuro<\/span><\/td>\n<\/tr>\n<tr>\n<td width=\"125\"><span style=\"font-size: 120%\"><strong>Tratamiento<\/strong><\/span><\/td>\n<td width=\"515\"><span style=\"font-size: 120%\">Cizallado \/ corte por l\u00e1ser \/ plegado \/ estampado \/ embutici\u00f3n \/ mecanizado CNC \/ torneado \/ taladrado \/ roscado \/ remachado \/ soldadura \/ tratamiento de superficies \/ montaje<\/span><\/td>\n<\/tr>\n<tr>\n<td width=\"125\"><span style=\"font-size: 120%\"><strong>Tratamiento de superficies<\/strong><\/span><\/td>\n<td width=\"515\"><span style=\"font-size: 120%\">Pintura en polvo\/Pintura\/Galvanizado\/Electrochapado\/Anodizado\/Cromado\/Pulido\/Serigraf\u00eda\/Impresi\u00f3n<\/span><\/td>\n<\/tr>\n<tr>\n<td width=\"125\"><span style=\"font-size: 120%\"><strong>Tipo de servicio<\/strong><\/span><\/td>\n<td width=\"515\"><span style=\"font-size: 120%\">OEM \/ ODM<\/span><\/td>\n<\/tr>\n<tr>\n<td width=\"125\"><span style=\"font-size: 120%\"><strong>Plazo de entrega<\/strong><\/span><\/td>\n<td width=\"515\"><span style=\"font-size: 120%\">7-20 d\u00edas desde el dep\u00f3sito<\/span><\/td>\n<\/tr>\n<\/tbody>\n<\/table>","protected":false},"excerpt":{"rendered":"<p>Material Acero inoxidable \/Aluminio\/SPCC\/Cobre \/Lat\u00f3n \/SGCC \/SECC \/Bronce \/Acero al carbono Espesor 0.2-20mm Color Colorfull \/Red\/Green \/Silvery \/Sliver \/Silver White \/Silvery Black \/Silver grey \/Purple \/Golden \/White \/Dark grey Procesamiento Shearing \/LaserCutting \/Bending \/Stamping \/DeepDrawing \/CNC machining \/Torneado, taladrado, roscado, remachado, soldadura, tratamiento de superficies, montaje Tratamiento de superficies Pintura en polvo, pintado, galvanizado, galvanoplastia, anodizado, cromado, cepillado, pulido, serigrafiado, serigrafiado, impresi\u00f3n.Serigraf\u00eda\/ Impresi\u00f3n Tipo de servicio OEM...<\/p>","protected":false},"featured_media":1041,"comment_status":"open","ping_status":"closed","template":"","meta":[],"product_cat":[109],"class_list":["post-395","product","type-product","status-publish","has-post-thumbnail","hentry","product_cat-sheet-metal-fabrication"],"yoast_head":"<!-- This site is optimized with the Yoast SEO plugin v21.5 - https:\/\/yoast.com\/wordpress\/plugins\/seo\/ -->\n<title>Customized OEM laser cutting service sheet metal stainless steel aluminum processing parts - METALPIE<\/title>\n<meta name=\"robots\" content=\"index, follow, max-snippet:-1, max-image-preview:large, max-video-preview:-1\" \/>\n<link rel=\"canonical\" href=\"https:\/\/metalpie.com\/es\/fabricacion-de-chapa-metalica\/personalizado-oem-servicio-de-corte-por-laser-de-chapa-de-acero-inoxidable-de-aluminio-de-procesamiento-de-piezas\/\" \/>\n<meta property=\"og:locale\" content=\"es_ES\" \/>\n<meta property=\"og:type\" content=\"article\" \/>\n<meta property=\"og:title\" content=\"Customized OEM laser cutting service sheet metal stainless steel aluminum processing parts - METALPIE\" \/>\n<meta property=\"og:description\" content=\"Material Stainless steel \/Aluminum\/SPCC\/Copper \/Brass \/SGCC \/SECC \/Bronze \/Carbon Steel Thickness 0.2-20mm Color Colorfull \/Red\/Green \/Silvery \/Sliver \/Silver White \/Silvery Black \/Silver grey \/Purple \/Golden \/White \/Dark grey Processing Shearing \/LaserCutting \/Bending \/Stamping \/DeepDrawing \/CNC machining \/Turning \/Drilling \/Tapping \/Riveting \/welding \/Surface\/treatment \/Assembling Surface Treatment Powder coating\/Painting\/Galvanizing\/ Electroplating\/ Anodising\/ Chromeplating\/Brushing\/Polishing\/ Silk-screen\/ Printing Service Type OEM...\" \/>\n<meta property=\"og:url\" content=\"https:\/\/metalpie.com\/es\/fabricacion-de-chapa-metalica\/personalizado-oem-servicio-de-corte-por-laser-de-chapa-de-acero-inoxidable-de-aluminio-de-procesamiento-de-piezas\/\" \/>\n<meta property=\"og:site_name\" content=\"METALPIE\" \/>\n<meta name=\"twitter:card\" content=\"summary_large_image\" \/>\n<meta name=\"twitter:label1\" content=\"Tiempo de lectura\" \/>\n\t<meta name=\"twitter:data1\" content=\"1 minuto\" \/>\n<script type=\"application\/ld+json\" class=\"yoast-schema-graph\">{\"@context\":\"https:\/\/schema.org\",\"@graph\":[{\"@type\":\"WebPage\",\"@id\":\"https:\/\/metalpie.com\/sheet-metal-fabrication\/customized-oem-laser-cutting-service-sheet-metal-stainless-steel-aluminum-processing-parts\/\",\"url\":\"https:\/\/metalpie.com\/sheet-metal-fabrication\/customized-oem-laser-cutting-service-sheet-metal-stainless-steel-aluminum-processing-parts\/\",\"name\":\"Customized OEM laser cutting service sheet metal stainless steel aluminum processing parts - METALPIE\",\"isPartOf\":{\"@id\":\"https:\/\/metalpie.com\/#website\"},\"datePublished\":\"2020-12-07T06:09:34+00:00\",\"dateModified\":\"2020-12-07T06:09:34+00:00\",\"breadcrumb\":{\"@id\":\"https:\/\/metalpie.com\/sheet-metal-fabrication\/customized-oem-laser-cutting-service-sheet-metal-stainless-steel-aluminum-processing-parts\/#breadcrumb\"},\"inLanguage\":\"es\",\"potentialAction\":[{\"@type\":\"ReadAction\",\"target\":[\"https:\/\/metalpie.com\/sheet-metal-fabrication\/customized-oem-laser-cutting-service-sheet-metal-stainless-steel-aluminum-processing-parts\/\"]}]},{\"@type\":\"BreadcrumbList\",\"@id\":\"https:\/\/metalpie.com\/sheet-metal-fabrication\/customized-oem-laser-cutting-service-sheet-metal-stainless-steel-aluminum-processing-parts\/#breadcrumb\",\"itemListElement\":[{\"@type\":\"ListItem\",\"position\":1,\"name\":\"Home\",\"item\":\"https:\/\/metalpie.com\/\"},{\"@type\":\"ListItem\",\"position\":2,\"name\":\"Products\",\"item\":\"https:\/\/metalpie.com\/shop\/\"},{\"@type\":\"ListItem\",\"position\":3,\"name\":\"Customized OEM laser cutting service sheet metal stainless steel aluminum processing parts\"}]},{\"@type\":\"WebSite\",\"@id\":\"https:\/\/metalpie.com\/#website\",\"url\":\"https:\/\/metalpie.com\/\",\"name\":\"METALPIE\",\"description\":\"Precision Metal Fabrication | Tools, Processes &amp; More\",\"potentialAction\":[{\"@type\":\"SearchAction\",\"target\":{\"@type\":\"EntryPoint\",\"urlTemplate\":\"https:\/\/metalpie.com\/?s={search_term_string}\"},\"query-input\":\"required name=search_term_string\"}],\"inLanguage\":\"es\"}]}<\/script>\n<!-- \/ Yoast SEO plugin. -->","yoast_head_json":{"title":"Personalizado OEM servicio de corte por l\u00e1ser de chapa de acero inoxidable de aluminio procesamiento de piezas - METALPIE","robots":{"index":"index","follow":"follow","max-snippet":"max-snippet:-1","max-image-preview":"max-image-preview:large","max-video-preview":"max-video-preview:-1"},"canonical":"https:\/\/metalpie.com\/es\/fabricacion-de-chapa-metalica\/personalizado-oem-servicio-de-corte-por-laser-de-chapa-de-acero-inoxidable-de-aluminio-de-procesamiento-de-piezas\/","og_locale":"es_ES","og_type":"article","og_title":"Customized OEM laser cutting service sheet metal stainless steel aluminum processing parts - METALPIE","og_description":"Material Stainless steel \/Aluminum\/SPCC\/Copper \/Brass \/SGCC \/SECC \/Bronze \/Carbon Steel Thickness 0.2-20mm Color Colorfull \/Red\/Green \/Silvery \/Sliver \/Silver White \/Silvery Black \/Silver grey \/Purple \/Golden \/White \/Dark grey Processing Shearing \/LaserCutting \/Bending \/Stamping \/DeepDrawing \/CNC machining \/Turning \/Drilling \/Tapping \/Riveting \/welding \/Surface\/treatment \/Assembling Surface Treatment Powder coating\/Painting\/Galvanizing\/ Electroplating\/ Anodising\/ Chromeplating\/Brushing\/Polishing\/ Silk-screen\/ Printing Service Type OEM...","og_url":"https:\/\/metalpie.com\/es\/fabricacion-de-chapa-metalica\/personalizado-oem-servicio-de-corte-por-laser-de-chapa-de-acero-inoxidable-de-aluminio-de-procesamiento-de-piezas\/","og_site_name":"METALPIE","twitter_card":"summary_large_image","twitter_misc":{"Tiempo de lectura":"1 minuto"},"schema":{"@context":"https:\/\/schema.org","@graph":[{"@type":"WebPage","@id":"https:\/\/metalpie.com\/sheet-metal-fabrication\/customized-oem-laser-cutting-service-sheet-metal-stainless-steel-aluminum-processing-parts\/","url":"https:\/\/metalpie.com\/sheet-metal-fabrication\/customized-oem-laser-cutting-service-sheet-metal-stainless-steel-aluminum-processing-parts\/","name":"Personalizado OEM servicio de corte por l\u00e1ser de chapa de acero inoxidable de aluminio procesamiento de piezas - METALPIE","isPartOf":{"@id":"https:\/\/metalpie.com\/#website"},"datePublished":"2020-12-07T06:09:34+00:00","dateModified":"2020-12-07T06:09:34+00:00","breadcrumb":{"@id":"https:\/\/metalpie.com\/sheet-metal-fabrication\/customized-oem-laser-cutting-service-sheet-metal-stainless-steel-aluminum-processing-parts\/#breadcrumb"},"inLanguage":"es","potentialAction":[{"@type":"ReadAction","target":["https:\/\/metalpie.com\/sheet-metal-fabrication\/customized-oem-laser-cutting-service-sheet-metal-stainless-steel-aluminum-processing-parts\/"]}]},{"@type":"BreadcrumbList","@id":"https:\/\/metalpie.com\/sheet-metal-fabrication\/customized-oem-laser-cutting-service-sheet-metal-stainless-steel-aluminum-processing-parts\/#breadcrumb","itemListElement":[{"@type":"ListItem","position":1,"name":"Home","item":"https:\/\/metalpie.com\/"},{"@type":"ListItem","position":2,"name":"Products","item":"https:\/\/metalpie.com\/shop\/"},{"@type":"ListItem","position":3,"name":"Customized OEM laser cutting service sheet metal stainless steel aluminum processing parts"}]},{"@type":"WebSite","@id":"https:\/\/metalpie.com\/#website","url":"https:\/\/metalpie.com\/","name":"METALPIE","description":"Fabricaci\u00f3n de metales de precisi\u00f3n | Herramientas, procesos y m\u00e1s","potentialAction":[{"@type":"SearchAction","target":{"@type":"EntryPoint","urlTemplate":"https:\/\/metalpie.com\/?s={search_term_string}"},"query-input":"required name=search_term_string"}],"inLanguage":"es"}]}},"_links":{"self":[{"href":"https:\/\/metalpie.com\/es\/wp-json\/wp\/v2\/product\/395","targetHints":{"allow":["GET"]}}],"collection":[{"href":"https:\/\/metalpie.com\/es\/wp-json\/wp\/v2\/product"}],"about":[{"href":"https:\/\/metalpie.com\/es\/wp-json\/wp\/v2\/types\/product"}],"replies":[{"embeddable":true,"href":"https:\/\/metalpie.com\/es\/wp-json\/wp\/v2\/comments?post=395"}],"wp:featuredmedia":[{"embeddable":true,"href":"https:\/\/metalpie.com\/es\/wp-json\/"}],"wp:attachment":[{"href":"https:\/\/metalpie.com\/es\/wp-json\/wp\/v2\/media?parent=395"}],"wp:term":[{"taxonomy":"product_cat","embeddable":true,"href":"https:\/\/metalpie.com\/es\/wp-json\/wp\/v2\/product_cat?post=395"}],"curies":[{"name":"wp","href":"https:\/\/api.w.org\/{rel}","templated":true}]}}