{"id":390,"date":"2020-12-07T14:03:26","date_gmt":"2020-12-07T06:03:26","guid":{"rendered":"https:\/\/f.seowaimao.com\/?post_type=product&amp;p=390"},"modified":"2020-12-07T14:03:26","modified_gmt":"2020-12-07T06:03:26","slug":"piezas-mecanizadas-en-torno-de-precision-a-medida","status":"publish","type":"product","link":"https:\/\/metalpie.com\/es\/piezas-de-mecanizado-cnc\/piezas-mecanizadas-en-torno-de-precision-a-medida\/","title":{"rendered":"Piezas mecanizadas en tornos de precisi\u00f3n personalizados"},"content":{"rendered":"<table style=\"border-collapse: collapse; width: 687px; height: 306px;\" border=\"0\" width=\"703\" cellspacing=\"0\" cellpadding=\"0\">\n<tbody>\n<tr style=\"height: 15.00pt;\">\n<td class=\"et3\" style=\"height: 15.00pt; width: 141.00pt;\" width=\"188\" height=\"20\"><strong><span style=\"font-size: 120%;\">Tipo<\/span><\/strong><\/td>\n<td class=\"et4\" style=\"width: 386.25pt;\" width=\"515\"><span style=\"font-size: 120%;\">TALADRADO\/ Mecanizado por l\u00e1ser\/ Fresado\/ Torneado\/ Electroerosi\u00f3n por hilo<\/span><\/td>\n<\/tr>\n<tr style=\"height: 14.25pt;\">\n<td class=\"et3\" style=\"height: 14.25pt; width: 141.00pt;\" width=\"188\" height=\"19\"><strong><span style=\"font-size: 120%;\">Material<\/span><\/strong><\/td>\n<td class=\"et4\" style=\"width: 386.25pt;\" width=\"515\"><span style=\"font-size: 120%;\">Aluminio\/ Acero inoxidable\/ Cobre\/ Lat\u00f3n\/ Galvinizado, etc.<\/span><\/td>\n<\/tr>\n<tr style=\"height: 14.25pt;\">\n<td class=\"et3\" style=\"height: 14.25pt; width: 141.00pt;\" width=\"188\" height=\"19\"><strong><span style=\"font-size: 120%;\">Talla<\/span><\/strong><\/td>\n<td class=\"et4\" style=\"width: 386.25pt;\" width=\"515\"><span style=\"font-size: 120%;\">Personalizado<\/span><\/td>\n<\/tr>\n<tr style=\"height: 14.25pt;\">\n<td class=\"et3\" style=\"height: 14.25pt; width: 141.00pt;\" width=\"188\" height=\"19\"><strong><span style=\"font-size: 120%;\">Tratamiento de superficies<\/span><\/strong><\/td>\n<td class=\"et4\" style=\"width: 386.25pt;\" width=\"515\"><span style=\"font-size: 120%;\">Recubrimiento en polvo\/ Galvanoplastia\/ \u00d3xido\/ Anodizaci\u00f3n<\/span><\/td>\n<\/tr>\n<tr style=\"height: 14.25pt;\">\n<td class=\"et3\" style=\"height: 14.25pt; width: 141.00pt;\" width=\"188\" height=\"19\"><strong><span style=\"font-size: 120%;\">T\u00e9cnicas<\/span><\/strong><\/td>\n<td class=\"et4\" style=\"width: 386.25pt;\" width=\"515\"><span style=\"font-size: 120%;\">Corte por l\u00e1ser\/ Doblado\/ Soldado\/ Estampado<\/span><\/td>\n<\/tr>\n<tr style=\"height: 14.25pt;\">\n<td class=\"et3\" style=\"height: 14.25pt; width: 141.00pt;\" width=\"188\" height=\"19\"><strong><span style=\"font-size: 120%;\">Certificaci\u00f3n<\/span><\/strong><\/td>\n<td class=\"et4\" style=\"width: 386.25pt;\" width=\"515\"><span style=\"font-size: 120%;\">ISO9001<\/span><\/td>\n<\/tr>\n<tr style=\"height: 14.25pt;\">\n<td class=\"et3\" style=\"height: 14.25pt; width: 141.00pt;\" width=\"188\" height=\"19\"><strong><span style=\"font-size: 120%;\">OEM<\/span><\/strong><\/td>\n<td class=\"et4\" style=\"width: 386.25pt;\" width=\"515\"><span style=\"font-size: 120%;\">Acepte<\/span><\/td>\n<\/tr>\n<tr style=\"height: 14.25pt;\">\n<td class=\"et3\" style=\"height: 14.25pt; width: 141.00pt;\" width=\"188\" height=\"19\"><strong><span style=\"font-size: 120%;\">Formato de dibujo<\/span><\/strong><\/td>\n<td class=\"et4\" style=\"width: 386.25pt;\" width=\"515\"><span style=\"font-size: 120%;\">3D\/CAD\/Dwg\/IGS\/STP<\/span><\/td>\n<\/tr>\n<tr style=\"height: 14.25pt;\">\n<td class=\"et3\" style=\"height: 14.25pt; width: 141.00pt;\" width=\"188\" height=\"19\"><strong><span style=\"font-size: 120%;\">Color<\/span><\/strong><\/td>\n<td class=\"et4\" style=\"width: 386.25pt;\" width=\"515\"><span style=\"font-size: 120%;\">Personalizado<\/span><\/td>\n<\/tr>\n<tr style=\"height: 27.00pt;\">\n<td class=\"et3\" style=\"height: 27.00pt; width: 141.00pt;\" width=\"188\" height=\"36\"><strong><span style=\"font-size: 120%;\">Aplicaci\u00f3n<\/span><\/strong><\/td>\n<td class=\"et4\" style=\"width: 386.25pt;\" width=\"515\"><span style=\"font-size: 120%;\">Electrodom\u00e9sticos\/ Autom\u00f3vil\/ Construcci\u00f3n\/ Bienes de equipo\/ Energ\u00eda\/ Instrumentaci\u00f3n\/ Aparatos m\u00e9dicos\/ Telecomunicaciones<\/span><\/td>\n<\/tr>\n<\/tbody>\n<\/table>\n<p>&nbsp;<\/p>","protected":false},"excerpt":{"rendered":"<p>Tipo TALADRADO\/ Mecanizado l\u00e1ser\/ Fresado\/ Torneado\/ Electroerosi\u00f3n por hilo Material Aluminio\/ Acero inoxidable\/ Cobre\/ Lat\u00f3n\/ Galvinizado etc. Tama\u00f1o Personalizado Tratamiento de superficie Recubrimiento de polvo\/ Galvanoplastia\/ \u00d3xido\/ Anodizaci\u00f3n T\u00e9cnicas Corte por l\u00e1ser\/ Doblado\/ Soldadura\/ Estampado Certificaci\u00f3n ISO9001 OEM Aceptar Formato de dibujo 3D\/CAD\/Dwg\/IGS\/STP Color Personalizado Aplicaci\u00f3n Electrodom\u00e9stico\/ Autom\u00f3vil\/ Construcci\u00f3n\/ Equipos de capital\/ Energ\u00eda\/ Instrumentaci\u00f3n\/ Dispositivo m\u00e9dico\/ Telecomunicaciones &nbsp;<\/p>","protected":false},"featured_media":1070,"comment_status":"open","ping_status":"closed","template":"","meta":[],"product_cat":[108],"class_list":["post-390","product","type-product","status-publish","has-post-thumbnail","hentry","product_cat-cnc-machining-parts"],"yoast_head":"<!-- This site is optimized with the Yoast SEO plugin v21.5 - https:\/\/yoast.com\/wordpress\/plugins\/seo\/ -->\n<title>Custom Lathe Machining Parts | Precision CNC Machining Parts<\/title>\n<meta name=\"description\" content=\"We provide custom lathe machining parts and many other CNC machining metal parts. We have our factory in China so that we can make mass production.\" \/>\n<meta name=\"robots\" content=\"index, follow, max-snippet:-1, max-image-preview:large, max-video-preview:-1\" \/>\n<link rel=\"canonical\" href=\"https:\/\/metalpie.com\/es\/piezas-de-mecanizado-cnc\/piezas-mecanizadas-en-torno-de-precision-a-medida\/\" \/>\n<meta property=\"og:locale\" content=\"es_ES\" \/>\n<meta property=\"og:type\" content=\"article\" \/>\n<meta property=\"og:title\" content=\"Custom Lathe Machining Parts | Precision CNC Machining Parts\" \/>\n<meta property=\"og:description\" content=\"We provide custom lathe machining parts and many other CNC machining metal parts. We have our factory in China so that we can make mass production.\" \/>\n<meta property=\"og:url\" content=\"https:\/\/metalpie.com\/es\/piezas-de-mecanizado-cnc\/piezas-mecanizadas-en-torno-de-precision-a-medida\/\" \/>\n<meta property=\"og:site_name\" content=\"METALPIE\" \/>\n<meta property=\"og:image\" content=\"https:\/\/metalpie.com\/wp-content\/uploads\/2023\/12\/H6081b72a2b484bd6be2761c368df19c9y.jpg_720x720q50.webp\" \/>\n\t<meta property=\"og:image:width\" content=\"600\" \/>\n\t<meta property=\"og:image:height\" content=\"600\" \/>\n\t<meta property=\"og:image:type\" content=\"image\/webp\" \/>\n<meta name=\"twitter:card\" content=\"summary_large_image\" \/>\n<meta name=\"twitter:label1\" content=\"Tiempo de lectura\" \/>\n\t<meta name=\"twitter:data1\" content=\"1 minuto\" \/>\n<script type=\"application\/ld+json\" class=\"yoast-schema-graph\">{\"@context\":\"https:\/\/schema.org\",\"@graph\":[{\"@type\":\"WebPage\",\"@id\":\"https:\/\/metalpie.com\/cnc-machining-parts\/custom-precision-lathe-machining-parts\/\",\"url\":\"https:\/\/metalpie.com\/cnc-machining-parts\/custom-precision-lathe-machining-parts\/\",\"name\":\"Custom Lathe Machining Parts | Precision CNC Machining Parts\",\"isPartOf\":{\"@id\":\"https:\/\/metalpie.com\/#website\"},\"datePublished\":\"2020-12-07T06:03:26+00:00\",\"dateModified\":\"2020-12-07T06:03:26+00:00\",\"description\":\"We provide custom lathe machining parts and many other CNC machining metal parts. We have our factory in China so that we can make mass production.\",\"breadcrumb\":{\"@id\":\"https:\/\/metalpie.com\/cnc-machining-parts\/custom-precision-lathe-machining-parts\/#breadcrumb\"},\"inLanguage\":\"es\",\"potentialAction\":[{\"@type\":\"ReadAction\",\"target\":[\"https:\/\/metalpie.com\/cnc-machining-parts\/custom-precision-lathe-machining-parts\/\"]}]},{\"@type\":\"BreadcrumbList\",\"@id\":\"https:\/\/metalpie.com\/cnc-machining-parts\/custom-precision-lathe-machining-parts\/#breadcrumb\",\"itemListElement\":[{\"@type\":\"ListItem\",\"position\":1,\"name\":\"Home\",\"item\":\"https:\/\/metalpie.com\/\"},{\"@type\":\"ListItem\",\"position\":2,\"name\":\"Products\",\"item\":\"https:\/\/metalpie.com\/shop\/\"},{\"@type\":\"ListItem\",\"position\":3,\"name\":\"Custom Precision Lathe Machining Parts\"}]},{\"@type\":\"WebSite\",\"@id\":\"https:\/\/metalpie.com\/#website\",\"url\":\"https:\/\/metalpie.com\/\",\"name\":\"METALPIE\",\"description\":\"Precision Metal Fabrication | Tools, Processes &amp; More\",\"potentialAction\":[{\"@type\":\"SearchAction\",\"target\":{\"@type\":\"EntryPoint\",\"urlTemplate\":\"https:\/\/metalpie.com\/?s={search_term_string}\"},\"query-input\":\"required name=search_term_string\"}],\"inLanguage\":\"es\"}]}<\/script>\n<!-- \/ Yoast SEO plugin. -->","yoast_head_json":{"title":"Piezas de mecanizado de torno personalizadas | Piezas de mecanizado CNC de precisi\u00f3n","description":"Proporcionamos piezas de mecanizado de torno personalizado y muchas otras piezas de metal de mecanizado CNC. Tenemos nuestra f\u00e1brica en China para que podamos hacer la producci\u00f3n en masa.","robots":{"index":"index","follow":"follow","max-snippet":"max-snippet:-1","max-image-preview":"max-image-preview:large","max-video-preview":"max-video-preview:-1"},"canonical":"https:\/\/metalpie.com\/es\/piezas-de-mecanizado-cnc\/piezas-mecanizadas-en-torno-de-precision-a-medida\/","og_locale":"es_ES","og_type":"article","og_title":"Custom Lathe Machining Parts | Precision CNC Machining Parts","og_description":"We provide custom lathe machining parts and many other CNC machining metal parts. We have our factory in China so that we can make mass production.","og_url":"https:\/\/metalpie.com\/es\/piezas-de-mecanizado-cnc\/piezas-mecanizadas-en-torno-de-precision-a-medida\/","og_site_name":"METALPIE","og_image":[{"width":600,"height":600,"url":"https:\/\/metalpie.com\/wp-content\/uploads\/2023\/12\/H6081b72a2b484bd6be2761c368df19c9y.jpg_720x720q50.webp","type":"image\/webp"}],"twitter_card":"summary_large_image","twitter_misc":{"Tiempo de lectura":"1 minuto"},"schema":{"@context":"https:\/\/schema.org","@graph":[{"@type":"WebPage","@id":"https:\/\/metalpie.com\/cnc-machining-parts\/custom-precision-lathe-machining-parts\/","url":"https:\/\/metalpie.com\/cnc-machining-parts\/custom-precision-lathe-machining-parts\/","name":"Piezas de mecanizado de torno personalizadas | Piezas de mecanizado CNC de precisi\u00f3n","isPartOf":{"@id":"https:\/\/metalpie.com\/#website"},"datePublished":"2020-12-07T06:03:26+00:00","dateModified":"2020-12-07T06:03:26+00:00","description":"Proporcionamos piezas de mecanizado de torno personalizado y muchas otras piezas de metal de mecanizado CNC. Tenemos nuestra f\u00e1brica en China para que podamos hacer la producci\u00f3n en masa.","breadcrumb":{"@id":"https:\/\/metalpie.com\/cnc-machining-parts\/custom-precision-lathe-machining-parts\/#breadcrumb"},"inLanguage":"es","potentialAction":[{"@type":"ReadAction","target":["https:\/\/metalpie.com\/cnc-machining-parts\/custom-precision-lathe-machining-parts\/"]}]},{"@type":"BreadcrumbList","@id":"https:\/\/metalpie.com\/cnc-machining-parts\/custom-precision-lathe-machining-parts\/#breadcrumb","itemListElement":[{"@type":"ListItem","position":1,"name":"Home","item":"https:\/\/metalpie.com\/"},{"@type":"ListItem","position":2,"name":"Products","item":"https:\/\/metalpie.com\/shop\/"},{"@type":"ListItem","position":3,"name":"Custom Precision Lathe Machining Parts"}]},{"@type":"WebSite","@id":"https:\/\/metalpie.com\/#website","url":"https:\/\/metalpie.com\/","name":"METALPIE","description":"Fabricaci\u00f3n de metales de precisi\u00f3n | Herramientas, procesos y m\u00e1s","potentialAction":[{"@type":"SearchAction","target":{"@type":"EntryPoint","urlTemplate":"https:\/\/metalpie.com\/?s={search_term_string}"},"query-input":"required name=search_term_string"}],"inLanguage":"es"}]}},"_links":{"self":[{"href":"https:\/\/metalpie.com\/es\/wp-json\/wp\/v2\/product\/390","targetHints":{"allow":["GET"]}}],"collection":[{"href":"https:\/\/metalpie.com\/es\/wp-json\/wp\/v2\/product"}],"about":[{"href":"https:\/\/metalpie.com\/es\/wp-json\/wp\/v2\/types\/product"}],"replies":[{"embeddable":true,"href":"https:\/\/metalpie.com\/es\/wp-json\/wp\/v2\/comments?post=390"}],"wp:featuredmedia":[{"embeddable":true,"href":"https:\/\/metalpie.com\/es\/wp-json\/wp\/v2\/media\/1070"}],"wp:attachment":[{"href":"https:\/\/metalpie.com\/es\/wp-json\/wp\/v2\/media?parent=390"}],"wp:term":[{"taxonomy":"product_cat","embeddable":true,"href":"https:\/\/metalpie.com\/es\/wp-json\/wp\/v2\/product_cat?post=390"}],"curies":[{"name":"wp","href":"https:\/\/api.w.org\/{rel}","templated":true}]}}