{"id":3319,"date":"2022-12-22T08:55:21","date_gmt":"2022-12-22T00:55:21","guid":{"rendered":"https:\/\/metalpie.com\/?post_type=product&#038;p=3319"},"modified":"2023-02-01T14:27:51","modified_gmt":"2023-02-01T06:27:51","slug":"carroceria-de-aluminio-para-camion-ligero","status":"publish","type":"product","link":"https:\/\/metalpie.com\/es\/vehiculos-de-aluminio\/carroceria-de-aluminio-para-camion-ligero\/","title":{"rendered":"Carrocer\u00eda de aluminio para cami\u00f3n ligero"},"content":{"rendered":"<section class=\"section\" id=\"section_86782903\">\n\t\t<div class=\"bg section-bg fill bg-fill  bg-loaded\" >\n\n\t\t\t\n\t\t\t\n\t\t\t\n\n\t\t<\/div>\n\n\t\t\n\n\t\t<div class=\"section-content relative\">\n\t\t\t\n<div class=\"row\"  id=\"row-1122771465\">\n\n\t<div id=\"col-1243330243\" class=\"col small-12 large-12\"  >\n\t\t\t\t<div class=\"col-inner\"  >\n\t\t\t\n\t\t\t\n<h2>Carrocer\u00eda de aluminio para camiones ligeros<\/h2>\n<table style=\"font-size: 14.4px; border-collapse: collapse; width: 740px; height: 253px;\" border=\"0\" width=\"762\" cellspacing=\"0\" cellpadding=\"0\">\n<tbody>\n<tr style=\"height: 21.00pt;\">\n<td class=\"et3\" style=\"height: 21.00pt; width: 196.50pt;\" width=\"262\" height=\"28\"><strong>Longitud exterior<\/strong><\/td>\n<td class=\"et4\" style=\"width: 182.25pt;\" width=\"243\"><strong>Anchura exterior<\/strong><\/td>\n<td class=\"et4\" style=\"width: 192.75pt;\" width=\"257\"><strong>Altura exterior<\/strong><\/td>\n<\/tr>\n<tr style=\"height: 21.00pt;\">\n<td class=\"et5\" style=\"height: 21.00pt; width: 196.50pt;\" width=\"262\" height=\"28\">4285<\/td>\n<td class=\"et6\" style=\"width: 182.25pt;\" width=\"243\">2432<\/td>\n<td class=\"et6\" style=\"width: 192.75pt;\" width=\"257\">1735<\/td>\n<\/tr>\n<tr style=\"height: 21.00pt;\">\n<td class=\"et7\" style=\"height: 21.00pt; width: 196.50pt;\" width=\"262\" height=\"28\"><strong>Longitud interior<\/strong><\/td>\n<td class=\"et8\" style=\"width: 182.25pt;\" width=\"243\"><strong>Anchura interior<\/strong><\/td>\n<td class=\"et8\" style=\"width: 192.75pt;\" width=\"257\"><strong>Altura interior<\/strong><\/td>\n<\/tr>\n<tr style=\"height: 21.00pt;\">\n<td class=\"et5\" style=\"height: 21.00pt; width: 196.50pt;\" width=\"262\" height=\"28\">4165<\/td>\n<td class=\"et6\" style=\"width: 182.25pt;\" width=\"243\">2300<\/td>\n<td class=\"et6\" style=\"width: 192.75pt;\" width=\"257\">500<\/td>\n<\/tr>\n<tr style=\"height: 21.00pt;\">\n<td class=\"et7\" style=\"height: 21.00pt; width: 196.50pt;\" width=\"262\" height=\"28\"><strong>Espesor total de los paneles laterales<\/strong><\/td>\n<td class=\"et8\" style=\"width: 182.25pt;\" width=\"243\"><strong>Espesor del suelo<\/strong><\/td>\n<td class=\"et8\" style=\"width: 192.75pt;\" width=\"257\"><strong>M\u00e9todo de apertura de puertas<\/strong><\/td>\n<\/tr>\n<tr style=\"height: 21.00pt;\">\n<td class=\"et5\" style=\"height: 21.00pt; width: 196.50pt;\" width=\"262\" height=\"28\">30<\/td>\n<td class=\"et6\" style=\"width: 182.25pt;\" width=\"243\">20<\/td>\n<td class=\"et6\" style=\"width: 192.75pt;\" width=\"257\">Cinco puertas\/Tres puertas<\/td>\n<\/tr>\n<tr style=\"height: 21.00pt;\">\n<td class=\"et7\" style=\"height: 21.00pt; width: 196.50pt;\" width=\"262\" height=\"28\"><strong>Formulario de instrumentaci\u00f3n<\/strong><\/td>\n<td class=\"et10\" style=\"width: 182.25pt;\" width=\"243\"><strong>Peso del cuerpo de la caja<span class=\"font2\">\/kg<\/span><\/strong><\/td>\n<td class=\"et8\" style=\"width: 192.75pt;\" width=\"257\"><strong>Carga de dise\u00f1o\/T<\/strong><\/td>\n<\/tr>\n<tr style=\"height: 21.00pt;\">\n<td class=\"et5\" style=\"height: 21.00pt; width: 196.50pt;\" width=\"262\" height=\"28\">Participaci\u00f3n exterior<\/td>\n<td class=\"et6\" style=\"width: 182.25pt;\" width=\"243\">260<\/td>\n<td class=\"et6\" style=\"width: 192.75pt;\" width=\"257\">\n<p>5<\/p>\n<\/td>\n<\/tr>\n<\/tbody>\n<\/table>\n<h2>Visi\u00f3n general<\/h2>\n<p><span data-preserver-spaces=\"true\">La carrocer\u00eda de aluminio para camiones es opcional en color, tama\u00f1o y muchos otros detalles. Como fabricante profesional de carrocer\u00edas de aluminio para camiones, podemos personalizar una variedad de especificaciones para usted. Hemos suministrado estas carrocer\u00edas de camiones ligeros para muchas marcas famosas a nivel mundial. Seremos su mejor opci\u00f3n si est\u00e1 buscando un fabricante poderoso para sus camiones con carrocer\u00eda de aluminio.<\/span><\/p>\n<h2>Carrocer\u00edas de aluminio para camiones Caracter\u00edsticas<\/h2>\n<p><span data-preserver-spaces=\"true\">1. Utilizamos perfiles de aluminio de alto impacto para fabricar esta carrocer\u00eda de aluminio para cami\u00f3n. Todos los perfiles son desarrollados y fabricados por nosotros mismos.<\/span><\/p>\n<p><span data-preserver-spaces=\"true\">2. El remachado y el atornillado son los principales m\u00e9todos de conexi\u00f3n, complementados por una peque\u00f1a cantidad de soldadura. Estos m\u00e9todos de conexi\u00f3n son convenientes para el montaje y mantenimiento de carrocer\u00edas de camiones de aluminio.<\/span><\/p>\n<p><span data-preserver-spaces=\"true\">3. En cuanto a la estructura, adem\u00e1s de utilizar parte de la estructura del producto de la furgoneta, la parte de la barandilla utiliza tecnolog\u00eda japonesa como referencia. Dise\u00f1amos una nueva estructura de barandilla ensamblada para esta carrocer\u00eda de cami\u00f3n de aluminio.\u00a0<\/span><\/p>\n<p><span data-preserver-spaces=\"true\">4. Tanto las vallas laterales como las traseras adoptan perfiles con estructuras cerradas. Mediante la combinaci\u00f3n y el emparejamiento de perfiles, se pueden combinar vallas con alturas de serie de 400 mm, 500 mm y 600 mm para satisfacer los requisitos de los clientes. La parte inferior de la valla delantera tambi\u00e9n est\u00e1 fabricada con la misma combinaci\u00f3n de perfiles.<\/span><\/p>\n<p><span data-preserver-spaces=\"true\">5. El suelo se extruye a partir de perfiles de alta resistencia y se coloca longitudinalmente. La parte superior del perfil tiene nervios antideslizantes, y la parte inferior est\u00e1 dise\u00f1ada con nervios de soporte. La parte inferior del suelo est\u00e1 dispuesta con vigas de soporte horizontales de gran rigidez global.<\/span><\/p>\n\t\t<\/div>\n\t\t\t\t\t<\/div>\n\n\t\n<\/div>\n\t\t<\/div>\n\n\t\t\n<style>\n#section_86782903 {\n  padding-top: 30px;\n  padding-bottom: 30px;\n}\n<\/style>\n\t<\/section>","protected":false},"excerpt":{"rendered":"<p>La carrocer\u00eda est\u00e1 especialmente dise\u00f1ada para camiones ligeros. Las estacas extendidas mejoran la capacidad de carga. Es un veh\u00edculo perfecto para hacer su propio negocio.<\/p>","protected":false},"featured_media":3320,"comment_status":"closed","ping_status":"closed","template":"","meta":[],"product_cat":[98],"class_list":["post-3319","product","type-product","status-publish","has-post-thumbnail","hentry","product_cat-aluminum-vehicles"],"yoast_head":"<!-- This site is optimized with the Yoast SEO plugin v21.5 - https:\/\/yoast.com\/wordpress\/plugins\/seo\/ -->\n<title>Aluminum Truck Body &amp; Wing Body for Window and Door Display<\/title>\n<meta name=\"description\" content=\"We provide various aluminum truck bodies, such as box truck bodies and wing bodies. We also deliver custom truck body service.\" \/>\n<meta name=\"robots\" content=\"index, follow, max-snippet:-1, max-image-preview:large, max-video-preview:-1\" \/>\n<link rel=\"canonical\" href=\"https:\/\/metalpie.com\/es\/vehiculos-de-aluminio\/carroceria-de-aluminio-para-camion-ligero\/\" \/>\n<meta property=\"og:locale\" content=\"es_ES\" \/>\n<meta property=\"og:type\" content=\"article\" \/>\n<meta property=\"og:title\" content=\"Aluminum Truck Body &amp; Wing Body for Window and Door Display\" \/>\n<meta property=\"og:description\" content=\"We provide various aluminum truck bodies, such as box truck bodies and wing bodies. We also deliver custom truck body service.\" \/>\n<meta property=\"og:url\" content=\"https:\/\/metalpie.com\/es\/vehiculos-de-aluminio\/carroceria-de-aluminio-para-camion-ligero\/\" \/>\n<meta property=\"og:site_name\" content=\"METALPIE\" \/>\n<meta property=\"article:modified_time\" content=\"2023-02-01T06:27:51+00:00\" \/>\n<meta property=\"og:image\" content=\"https:\/\/metalpie.com\/wp-content\/uploads\/2022\/12\/aluminum_truck_bodies_side_right.webp\" \/>\n\t<meta property=\"og:image:width\" content=\"1000\" \/>\n\t<meta property=\"og:image:height\" content=\"750\" \/>\n\t<meta property=\"og:image:type\" content=\"image\/webp\" \/>\n<meta name=\"twitter:card\" content=\"summary_large_image\" \/>\n<meta name=\"twitter:label1\" content=\"Tiempo de lectura\" \/>\n\t<meta name=\"twitter:data1\" content=\"2 minutos\" \/>\n<script type=\"application\/ld+json\" class=\"yoast-schema-graph\">{\"@context\":\"https:\/\/schema.org\",\"@graph\":[{\"@type\":\"WebPage\",\"@id\":\"https:\/\/metalpie.com\/ru\/%d0%b0%d0%bb%d1%8e%d0%bc%d0%b8%d0%bd%d0%b8%d0%b5%d0%b2%d1%8b%d0%b5-%d0%b0%d0%b2%d1%82%d0%be%d0%bc%d0%be%d0%b1%d0%b8%d0%bb%d0%b8\/%d0%b0%d0%bb%d1%8e%d0%bc%d0%b8%d0%bd%d0%b8%d0%b5%d0%b2%d1%8b%d0%b9-%d0%ba%d1%83%d0%b7%d0%be%d0%b2-%d0%b4%d0%bb%d1%8f-%d0%bb%d0%b5%d0%b3%d0%ba%d0%be%d0%b3%d0%be-%d0%b3%d1%80%d1%83%d0%b7%d0%be%d0%b2\/\",\"url\":\"https:\/\/metalpie.com\/ru\/%d0%b0%d0%bb%d1%8e%d0%bc%d0%b8%d0%bd%d0%b8%d0%b5%d0%b2%d1%8b%d0%b5-%d0%b0%d0%b2%d1%82%d0%be%d0%bc%d0%be%d0%b1%d0%b8%d0%bb%d0%b8\/%d0%b0%d0%bb%d1%8e%d0%bc%d0%b8%d0%bd%d0%b8%d0%b5%d0%b2%d1%8b%d0%b9-%d0%ba%d1%83%d0%b7%d0%be%d0%b2-%d0%b4%d0%bb%d1%8f-%d0%bb%d0%b5%d0%b3%d0%ba%d0%be%d0%b3%d0%be-%d0%b3%d1%80%d1%83%d0%b7%d0%be%d0%b2\/\",\"name\":\"Aluminum Truck Body & Wing Body for Window and Door Display\",\"isPartOf\":{\"@id\":\"https:\/\/metalpie.com\/#website\"},\"datePublished\":\"2022-12-22T00:55:21+00:00\",\"dateModified\":\"2023-02-01T06:27:51+00:00\",\"description\":\"We provide various aluminum truck bodies, such as box truck bodies and wing bodies. We also deliver custom truck body service.\",\"breadcrumb\":{\"@id\":\"https:\/\/metalpie.com\/ru\/%d0%b0%d0%bb%d1%8e%d0%bc%d0%b8%d0%bd%d0%b8%d0%b5%d0%b2%d1%8b%d0%b5-%d0%b0%d0%b2%d1%82%d0%be%d0%bc%d0%be%d0%b1%d0%b8%d0%bb%d0%b8\/%d0%b0%d0%bb%d1%8e%d0%bc%d0%b8%d0%bd%d0%b8%d0%b5%d0%b2%d1%8b%d0%b9-%d0%ba%d1%83%d0%b7%d0%be%d0%b2-%d0%b4%d0%bb%d1%8f-%d0%bb%d0%b5%d0%b3%d0%ba%d0%be%d0%b3%d0%be-%d0%b3%d1%80%d1%83%d0%b7%d0%be%d0%b2\/#breadcrumb\"},\"inLanguage\":\"es\",\"potentialAction\":[{\"@type\":\"ReadAction\",\"target\":[\"https:\/\/metalpie.com\/ru\/%d0%b0%d0%bb%d1%8e%d0%bc%d0%b8%d0%bd%d0%b8%d0%b5%d0%b2%d1%8b%d0%b5-%d0%b0%d0%b2%d1%82%d0%be%d0%bc%d0%be%d0%b1%d0%b8%d0%bb%d0%b8\/%d0%b0%d0%bb%d1%8e%d0%bc%d0%b8%d0%bd%d0%b8%d0%b5%d0%b2%d1%8b%d0%b9-%d0%ba%d1%83%d0%b7%d0%be%d0%b2-%d0%b4%d0%bb%d1%8f-%d0%bb%d0%b5%d0%b3%d0%ba%d0%be%d0%b3%d0%be-%d0%b3%d1%80%d1%83%d0%b7%d0%be%d0%b2\/\"]}]},{\"@type\":\"BreadcrumbList\",\"@id\":\"https:\/\/metalpie.com\/ru\/%d0%b0%d0%bb%d1%8e%d0%bc%d0%b8%d0%bd%d0%b8%d0%b5%d0%b2%d1%8b%d0%b5-%d0%b0%d0%b2%d1%82%d0%be%d0%bc%d0%be%d0%b1%d0%b8%d0%bb%d0%b8\/%d0%b0%d0%bb%d1%8e%d0%bc%d0%b8%d0%bd%d0%b8%d0%b5%d0%b2%d1%8b%d0%b9-%d0%ba%d1%83%d0%b7%d0%be%d0%b2-%d0%b4%d0%bb%d1%8f-%d0%bb%d0%b5%d0%b3%d0%ba%d0%be%d0%b3%d0%be-%d0%b3%d1%80%d1%83%d0%b7%d0%be%d0%b2\/#breadcrumb\",\"itemListElement\":[{\"@type\":\"ListItem\",\"position\":1,\"name\":\"Home\",\"item\":\"https:\/\/metalpie.com\/\"},{\"@type\":\"ListItem\",\"position\":2,\"name\":\"Products\",\"item\":\"https:\/\/metalpie.com\/shop\/\"},{\"@type\":\"ListItem\",\"position\":3,\"name\":\"Aluminum Truck Body for Light Truck\"}]},{\"@type\":\"WebSite\",\"@id\":\"https:\/\/metalpie.com\/#website\",\"url\":\"https:\/\/metalpie.com\/\",\"name\":\"METALPIE\",\"description\":\"Precision Metal Fabrication | Tools, Processes &amp; More\",\"potentialAction\":[{\"@type\":\"SearchAction\",\"target\":{\"@type\":\"EntryPoint\",\"urlTemplate\":\"https:\/\/metalpie.com\/?s={search_term_string}\"},\"query-input\":\"required name=search_term_string\"}],\"inLanguage\":\"es\"}]}<\/script>\n<!-- \/ Yoast SEO plugin. -->","yoast_head_json":{"title":"Carrocer\u00eda de cami\u00f3n de aluminio y carrocer\u00eda de ala para escaparates y puertas","description":"Ofrecemos varias carrocer\u00edas de camiones de aluminio, como carrocer\u00edas de camiones de caja y carrocer\u00edas de ala. Tambi\u00e9n ofrecemos servicio de carrocer\u00edas personalizadas.","robots":{"index":"index","follow":"follow","max-snippet":"max-snippet:-1","max-image-preview":"max-image-preview:large","max-video-preview":"max-video-preview:-1"},"canonical":"https:\/\/metalpie.com\/es\/vehiculos-de-aluminio\/carroceria-de-aluminio-para-camion-ligero\/","og_locale":"es_ES","og_type":"article","og_title":"Aluminum Truck Body & Wing Body for Window and Door Display","og_description":"We provide various aluminum truck bodies, such as box truck bodies and wing bodies. We also deliver custom truck body service.","og_url":"https:\/\/metalpie.com\/es\/vehiculos-de-aluminio\/carroceria-de-aluminio-para-camion-ligero\/","og_site_name":"METALPIE","article_modified_time":"2023-02-01T06:27:51+00:00","og_image":[{"width":1000,"height":750,"url":"https:\/\/metalpie.com\/wp-content\/uploads\/2022\/12\/aluminum_truck_bodies_side_right.webp","type":"image\/webp"}],"twitter_card":"summary_large_image","twitter_misc":{"Tiempo de lectura":"2 minutos"},"schema":{"@context":"https:\/\/schema.org","@graph":[{"@type":"WebPage","@id":"https:\/\/metalpie.com\/ru\/%d0%b0%d0%bb%d1%8e%d0%bc%d0%b8%d0%bd%d0%b8%d0%b5%d0%b2%d1%8b%d0%b5-%d0%b0%d0%b2%d1%82%d0%be%d0%bc%d0%be%d0%b1%d0%b8%d0%bb%d0%b8\/%d0%b0%d0%bb%d1%8e%d0%bc%d0%b8%d0%bd%d0%b8%d0%b5%d0%b2%d1%8b%d0%b9-%d0%ba%d1%83%d0%b7%d0%be%d0%b2-%d0%b4%d0%bb%d1%8f-%d0%bb%d0%b5%d0%b3%d0%ba%d0%be%d0%b3%d0%be-%d0%b3%d1%80%d1%83%d0%b7%d0%be%d0%b2\/","url":"https:\/\/metalpie.com\/ru\/%d0%b0%d0%bb%d1%8e%d0%bc%d0%b8%d0%bd%d0%b8%d0%b5%d0%b2%d1%8b%d0%b5-%d0%b0%d0%b2%d1%82%d0%be%d0%bc%d0%be%d0%b1%d0%b8%d0%bb%d0%b8\/%d0%b0%d0%bb%d1%8e%d0%bc%d0%b8%d0%bd%d0%b8%d0%b5%d0%b2%d1%8b%d0%b9-%d0%ba%d1%83%d0%b7%d0%be%d0%b2-%d0%b4%d0%bb%d1%8f-%d0%bb%d0%b5%d0%b3%d0%ba%d0%be%d0%b3%d0%be-%d0%b3%d1%80%d1%83%d0%b7%d0%be%d0%b2\/","name":"Carrocer\u00eda de cami\u00f3n de aluminio y carrocer\u00eda de ala para escaparates y puertas","isPartOf":{"@id":"https:\/\/metalpie.com\/#website"},"datePublished":"2022-12-22T00:55:21+00:00","dateModified":"2023-02-01T06:27:51+00:00","description":"Ofrecemos varias carrocer\u00edas de camiones de aluminio, como carrocer\u00edas de camiones de caja y carrocer\u00edas de ala. Tambi\u00e9n ofrecemos servicio de carrocer\u00edas personalizadas.","breadcrumb":{"@id":"https:\/\/metalpie.com\/ru\/%d0%b0%d0%bb%d1%8e%d0%bc%d0%b8%d0%bd%d0%b8%d0%b5%d0%b2%d1%8b%d0%b5-%d0%b0%d0%b2%d1%82%d0%be%d0%bc%d0%be%d0%b1%d0%b8%d0%bb%d0%b8\/%d0%b0%d0%bb%d1%8e%d0%bc%d0%b8%d0%bd%d0%b8%d0%b5%d0%b2%d1%8b%d0%b9-%d0%ba%d1%83%d0%b7%d0%be%d0%b2-%d0%b4%d0%bb%d1%8f-%d0%bb%d0%b5%d0%b3%d0%ba%d0%be%d0%b3%d0%be-%d0%b3%d1%80%d1%83%d0%b7%d0%be%d0%b2\/#breadcrumb"},"inLanguage":"es","potentialAction":[{"@type":"ReadAction","target":["https:\/\/metalpie.com\/ru\/%d0%b0%d0%bb%d1%8e%d0%bc%d0%b8%d0%bd%d0%b8%d0%b5%d0%b2%d1%8b%d0%b5-%d0%b0%d0%b2%d1%82%d0%be%d0%bc%d0%be%d0%b1%d0%b8%d0%bb%d0%b8\/%d0%b0%d0%bb%d1%8e%d0%bc%d0%b8%d0%bd%d0%b8%d0%b5%d0%b2%d1%8b%d0%b9-%d0%ba%d1%83%d0%b7%d0%be%d0%b2-%d0%b4%d0%bb%d1%8f-%d0%bb%d0%b5%d0%b3%d0%ba%d0%be%d0%b3%d0%be-%d0%b3%d1%80%d1%83%d0%b7%d0%be%d0%b2\/"]}]},{"@type":"BreadcrumbList","@id":"https:\/\/metalpie.com\/ru\/%d0%b0%d0%bb%d1%8e%d0%bc%d0%b8%d0%bd%d0%b8%d0%b5%d0%b2%d1%8b%d0%b5-%d0%b0%d0%b2%d1%82%d0%be%d0%bc%d0%be%d0%b1%d0%b8%d0%bb%d0%b8\/%d0%b0%d0%bb%d1%8e%d0%bc%d0%b8%d0%bd%d0%b8%d0%b5%d0%b2%d1%8b%d0%b9-%d0%ba%d1%83%d0%b7%d0%be%d0%b2-%d0%b4%d0%bb%d1%8f-%d0%bb%d0%b5%d0%b3%d0%ba%d0%be%d0%b3%d0%be-%d0%b3%d1%80%d1%83%d0%b7%d0%be%d0%b2\/#breadcrumb","itemListElement":[{"@type":"ListItem","position":1,"name":"Home","item":"https:\/\/metalpie.com\/"},{"@type":"ListItem","position":2,"name":"Products","item":"https:\/\/metalpie.com\/shop\/"},{"@type":"ListItem","position":3,"name":"Aluminum Truck Body for Light Truck"}]},{"@type":"WebSite","@id":"https:\/\/metalpie.com\/#website","url":"https:\/\/metalpie.com\/","name":"METALPIE","description":"Fabricaci\u00f3n de metales de precisi\u00f3n | Herramientas, procesos y m\u00e1s","potentialAction":[{"@type":"SearchAction","target":{"@type":"EntryPoint","urlTemplate":"https:\/\/metalpie.com\/?s={search_term_string}"},"query-input":"required name=search_term_string"}],"inLanguage":"es"}]}},"_links":{"self":[{"href":"https:\/\/metalpie.com\/es\/wp-json\/wp\/v2\/product\/3319","targetHints":{"allow":["GET"]}}],"collection":[{"href":"https:\/\/metalpie.com\/es\/wp-json\/wp\/v2\/product"}],"about":[{"href":"https:\/\/metalpie.com\/es\/wp-json\/wp\/v2\/types\/product"}],"replies":[{"embeddable":true,"href":"https:\/\/metalpie.com\/es\/wp-json\/wp\/v2\/comments?post=3319"}],"wp:featuredmedia":[{"embeddable":true,"href":"https:\/\/metalpie.com\/es\/wp-json\/wp\/v2\/media\/3320"}],"wp:attachment":[{"href":"https:\/\/metalpie.com\/es\/wp-json\/wp\/v2\/media?parent=3319"}],"wp:term":[{"taxonomy":"product_cat","embeddable":true,"href":"https:\/\/metalpie.com\/es\/wp-json\/wp\/v2\/product_cat?post=3319"}],"curies":[{"name":"wp","href":"https:\/\/api.w.org\/{rel}","templated":true}]}}