{"id":3314,"date":"2022-12-22T08:41:03","date_gmt":"2022-12-22T00:41:03","guid":{"rendered":"https:\/\/metalpie.com\/?post_type=product&#038;p=3314"},"modified":"2023-02-01T16:16:08","modified_gmt":"2023-02-01T08:16:08","slug":"carroceria-de-camion-de-aluminio-carroceria-de-camion-de-carga","status":"publish","type":"product","link":"https:\/\/metalpie.com\/es\/vehiculos-de-aluminio\/carroceria-de-camion-de-aluminio-carroceria-de-camion-de-carga\/","title":{"rendered":"Carrocer\u00eda de cami\u00f3n de aluminio y carrocer\u00eda de cami\u00f3n de carga"},"content":{"rendered":"<section class=\"section\" id=\"section_1553678886\">\n\t\t<div class=\"bg section-bg fill bg-fill  bg-loaded\" >\n\n\t\t\t\n\t\t\t\n\t\t\t\n\n\t\t<\/div>\n\n\t\t\n\n\t\t<div class=\"section-content relative\">\n\t\t\t\n<div class=\"row\"  id=\"row-86697952\">\n\n\t<div id=\"col-1240114259\" class=\"col small-12 large-12\"  >\n\t\t\t\t<div class=\"col-inner\"  >\n\t\t\t\n\t\t\t\n<h2>Par\u00e1metros de la carrocer\u00eda del cami\u00f3n de carga<\/h2>\n<table width=\"718\">\n<tbody>\n<tr>\n<td width=\"210\"><strong>Longitud exterior<\/strong><\/td>\n<td width=\"259\"><strong>Anchura exterior<\/strong><\/td>\n<td width=\"249\"><strong>Altura exterior<\/strong><\/td>\n<\/tr>\n<tr>\n<td width=\"210\">6850<\/td>\n<td width=\"259\">2550<\/td>\n<td width=\"249\">2845<\/td>\n<\/tr>\n<tr>\n<td width=\"210\"><strong>Longitud interior<\/strong><\/td>\n<td width=\"259\"><strong>Anchura interior<\/strong><\/td>\n<td width=\"249\"><strong>Altura interior<\/strong><\/td>\n<\/tr>\n<tr>\n<td width=\"210\">6800<\/td>\n<td width=\"259\">2500<\/td>\n<td width=\"249\">2600<\/td>\n<\/tr>\n<tr>\n<td width=\"210\"><strong>Puerta lateral<\/strong><\/td>\n<td width=\"259\"><strong>Puerta trasera<\/strong><\/td>\n<td width=\"249\"><strong>Cerraduras<\/strong><\/td>\n<\/tr>\n<tr>\n<td width=\"210\">No<\/td>\n<td width=\"259\">Apertura de paneles dobles<\/td>\n<td width=\"249\">Galvanizado<\/td>\n<\/tr>\n<tr>\n<td width=\"210\"><strong>Soportes de aluminio<\/strong><\/td>\n<td width=\"259\"><strong>Ancho de canal en la caja<\/strong><\/td>\n<td width=\"249\"><strong>Peso del cuerpo de la caja\/kg<\/strong><\/td>\n<\/tr>\n<tr>\n<td width=\"210\">2 Caras 4 Pisos<\/td>\n<td width=\"259\">765 mm<\/td>\n<td width=\"249\">1400<\/td>\n<\/tr>\n<\/tbody>\n<\/table>\n<h2><span data-preserver-spaces=\"true\">Descripci\u00f3n<\/span><\/h2>\n<p><span data-preserver-spaces=\"true\">La carrocer\u00eda del cami\u00f3n de carga est\u00e1 especialmente dise\u00f1ada para el transporte de perfiles. Para fijar los perfiles, tomamos muchas medidas para evitar que se desplomen, como la instalaci\u00f3n de rejillas de aluminio y varillas de soporte. Por lo tanto, es una opci\u00f3n perfecta para su negocio.<\/span><\/p>\n<h2>Caracter\u00edsticas de la carrocer\u00eda de aluminio<\/h2>\n<p><span data-preserver-spaces=\"true\">1. Este modelo se utiliza especialmente para transportar perfiles de longitud fija. La estructura en capas de la caja puede facilitar la entrega de peque\u00f1os lotes de perfiles y mercanc\u00edas a granel.<\/span><\/p>\n<p><span data-preserver-spaces=\"true\">2. Puede replegar los soportes por separado para mayor comodidad y ajustar manualmente la altura cada 50 mm. El n\u00famero de capas de la caja y la altura de una sola capa son opcionales. El n\u00famero de capas de la caja y la altura de una sola capa son opcionales.<\/span><\/p>\n<p><span data-preserver-spaces=\"true\">3. 3. Medidas de seguridad: Hay un dispositivo antideslizante en el soporte, y el soporte est\u00e1 dise\u00f1ado con l\u00edmites dobles para evitar que el perfil se mueva. Equipamos una estructura anticolisi\u00f3n en la placa frontal para evitar el peligro causado por el da\u00f1o del perfil al tablero del compartimento.<\/span><\/p>\n<p><span data-preserver-spaces=\"true\">4. Gran secci\u00f3n transversal del panel de la caja: la anchura de un solo panel de la caja de la carrocer\u00eda de cami\u00f3n de aluminio aumenta a 600mm. Este ancho es 200-300mm mayor que las especificaciones comunes en el mercado. Con menos uniones, la rigidez general de la carrocer\u00eda de aluminio para cami\u00f3n es buena, lo que incrementa efectivamente la capacidad anti-deformaci\u00f3n de la carrocer\u00eda de caja y tiene una mejor capacidad de soporte.\u00a0<\/span><\/p>\n<p><span data-preserver-spaces=\"true\">5. La rigidez general es buena: la estructura principal de soporte de carga es un soporte de perfil, que se instala en el marco de la caja de acero. El marco de la caja de acero est\u00e1 integrado con todo el cuerpo de la caja, resolviendo eficazmente el problema de la fuerza global y la concentraci\u00f3n de tensi\u00f3n local. Durante el proceso de dise\u00f1o de este producto, utilizamos el c\u00e1lculo de simulaci\u00f3n CAE para garantizar la resistencia del dise\u00f1o. El primer lote de productos lleva m\u00e1s de un a\u00f1o en el mercado, y la respuesta de los clientes es buena.<\/span><\/p>\n<p><span data-preserver-spaces=\"true\">6. La colocaci\u00f3n de los perfiles es m\u00e1s c\u00f3moda: los soportes de la caja pueden colocarse con 3-5 capas seg\u00fan los requisitos del cliente. Se puede ajustar manualmente la altura de cada capa de acuerdo a cada demanda de transporte. 7. La carrocer\u00eda del cami\u00f3n caja de aluminio tambi\u00e9n puede dividirse en dos secciones: el almac\u00e9n de piezas delantero y el almac\u00e9n de perfiles trasero. El almac\u00e9n de piezas almacena accesorios para puertas y ventanas, consumibles y otros accesorios dispersos. El almac\u00e9n de perfiles se utiliza especialmente para el transporte de perfiles cortados a medida. Estas opciones hacen que el uso de la cabina sea m\u00e1s flexible.<\/span><\/p>\n\t\t<\/div>\n\t\t\t\t\t<\/div>\n\n\t\n<\/div>\n\t\t<\/div>\n\n\t\t\n<style>\n#section_1553678886 {\n  padding-top: 30px;\n  padding-bottom: 30px;\n}\n<\/style>\n\t<\/section>","protected":false},"excerpt":{"rendered":"<p>La carrocer\u00eda del cami\u00f3n de carga tiene una gran capacidad de carga. Puede transportar perfiles de aluminio, perfiles de acero y muchos otros perfiles.<\/p>","protected":false},"featured_media":3315,"comment_status":"closed","ping_status":"closed","template":"","meta":[],"product_cat":[98],"class_list":["post-3314","product","type-product","status-publish","has-post-thumbnail","hentry","product_cat-aluminum-vehicles"],"yoast_head":"<!-- This site is optimized with the Yoast SEO plugin v21.5 - https:\/\/yoast.com\/wordpress\/plugins\/seo\/ -->\n<title>Aluminum Truck Body &amp; Wing Body for Window and Door Display<\/title>\n<meta name=\"description\" content=\"We provide various aluminum truck bodies, such as box truck bodies and wing bodies. We also deliver custom truck body service.\" \/>\n<meta name=\"robots\" content=\"index, follow, max-snippet:-1, max-image-preview:large, max-video-preview:-1\" \/>\n<link rel=\"canonical\" href=\"https:\/\/metalpie.com\/es\/vehiculos-de-aluminio\/carroceria-de-camion-de-aluminio-carroceria-de-camion-de-carga\/\" \/>\n<meta property=\"og:locale\" content=\"es_ES\" \/>\n<meta property=\"og:type\" content=\"article\" \/>\n<meta property=\"og:title\" content=\"Aluminum Truck Body &amp; Wing Body for Window and Door Display\" \/>\n<meta property=\"og:description\" content=\"We provide various aluminum truck bodies, such as box truck bodies and wing bodies. We also deliver custom truck body service.\" \/>\n<meta property=\"og:url\" content=\"https:\/\/metalpie.com\/es\/vehiculos-de-aluminio\/carroceria-de-camion-de-aluminio-carroceria-de-camion-de-carga\/\" \/>\n<meta property=\"og:site_name\" content=\"METALPIE\" \/>\n<meta property=\"article:modified_time\" content=\"2023-02-01T08:16:08+00:00\" \/>\n<meta property=\"og:image\" content=\"https:\/\/metalpie.com\/wp-content\/uploads\/2022\/12\/aluminum_box_truck_body-2.webp\" \/>\n\t<meta property=\"og:image:width\" content=\"1000\" \/>\n\t<meta property=\"og:image:height\" content=\"750\" \/>\n\t<meta property=\"og:image:type\" content=\"image\/webp\" \/>\n<meta name=\"twitter:card\" content=\"summary_large_image\" \/>\n<meta name=\"twitter:label1\" content=\"Tiempo de lectura\" \/>\n\t<meta name=\"twitter:data1\" content=\"3 minutos\" \/>\n<script type=\"application\/ld+json\" class=\"yoast-schema-graph\">{\"@context\":\"https:\/\/schema.org\",\"@graph\":[{\"@type\":\"WebPage\",\"@id\":\"https:\/\/metalpie.com\/ru\/%d0%b0%d0%bb%d1%8e%d0%bc%d0%b8%d0%bd%d0%b8%d0%b5%d0%b2%d1%8b%d0%b5-%d0%b0%d0%b2%d1%82%d0%be%d0%bc%d0%be%d0%b1%d0%b8%d0%bb%d0%b8\/%d0%b0%d0%bb%d1%8e%d0%bc%d0%b8%d0%bd%d0%b8%d0%b5%d0%b2%d1%8b%d0%b9-%d0%ba%d1%83%d0%b7%d0%be%d0%b2-%d0%b3%d1%80%d1%83%d0%b7%d0%be%d0%b2%d0%be%d0%b3%d0%be-%d0%b0%d0%b2%d1%82%d0%be%d0%bc%d0%be%d0%b1\/\",\"url\":\"https:\/\/metalpie.com\/ru\/%d0%b0%d0%bb%d1%8e%d0%bc%d0%b8%d0%bd%d0%b8%d0%b5%d0%b2%d1%8b%d0%b5-%d0%b0%d0%b2%d1%82%d0%be%d0%bc%d0%be%d0%b1%d0%b8%d0%bb%d0%b8\/%d0%b0%d0%bb%d1%8e%d0%bc%d0%b8%d0%bd%d0%b8%d0%b5%d0%b2%d1%8b%d0%b9-%d0%ba%d1%83%d0%b7%d0%be%d0%b2-%d0%b3%d1%80%d1%83%d0%b7%d0%be%d0%b2%d0%be%d0%b3%d0%be-%d0%b0%d0%b2%d1%82%d0%be%d0%bc%d0%be%d0%b1\/\",\"name\":\"Aluminum Truck Body & Wing Body for Window and Door Display\",\"isPartOf\":{\"@id\":\"https:\/\/metalpie.com\/#website\"},\"datePublished\":\"2022-12-22T00:41:03+00:00\",\"dateModified\":\"2023-02-01T08:16:08+00:00\",\"description\":\"We provide various aluminum truck bodies, such as box truck bodies and wing bodies. We also deliver custom truck body service.\",\"breadcrumb\":{\"@id\":\"https:\/\/metalpie.com\/ru\/%d0%b0%d0%bb%d1%8e%d0%bc%d0%b8%d0%bd%d0%b8%d0%b5%d0%b2%d1%8b%d0%b5-%d0%b0%d0%b2%d1%82%d0%be%d0%bc%d0%be%d0%b1%d0%b8%d0%bb%d0%b8\/%d0%b0%d0%bb%d1%8e%d0%bc%d0%b8%d0%bd%d0%b8%d0%b5%d0%b2%d1%8b%d0%b9-%d0%ba%d1%83%d0%b7%d0%be%d0%b2-%d0%b3%d1%80%d1%83%d0%b7%d0%be%d0%b2%d0%be%d0%b3%d0%be-%d0%b0%d0%b2%d1%82%d0%be%d0%bc%d0%be%d0%b1\/#breadcrumb\"},\"inLanguage\":\"es\",\"potentialAction\":[{\"@type\":\"ReadAction\",\"target\":[\"https:\/\/metalpie.com\/ru\/%d0%b0%d0%bb%d1%8e%d0%bc%d0%b8%d0%bd%d0%b8%d0%b5%d0%b2%d1%8b%d0%b5-%d0%b0%d0%b2%d1%82%d0%be%d0%bc%d0%be%d0%b1%d0%b8%d0%bb%d0%b8\/%d0%b0%d0%bb%d1%8e%d0%bc%d0%b8%d0%bd%d0%b8%d0%b5%d0%b2%d1%8b%d0%b9-%d0%ba%d1%83%d0%b7%d0%be%d0%b2-%d0%b3%d1%80%d1%83%d0%b7%d0%be%d0%b2%d0%be%d0%b3%d0%be-%d0%b0%d0%b2%d1%82%d0%be%d0%bc%d0%be%d0%b1\/\"]}]},{\"@type\":\"BreadcrumbList\",\"@id\":\"https:\/\/metalpie.com\/ru\/%d0%b0%d0%bb%d1%8e%d0%bc%d0%b8%d0%bd%d0%b8%d0%b5%d0%b2%d1%8b%d0%b5-%d0%b0%d0%b2%d1%82%d0%be%d0%bc%d0%be%d0%b1%d0%b8%d0%bb%d0%b8\/%d0%b0%d0%bb%d1%8e%d0%bc%d0%b8%d0%bd%d0%b8%d0%b5%d0%b2%d1%8b%d0%b9-%d0%ba%d1%83%d0%b7%d0%be%d0%b2-%d0%b3%d1%80%d1%83%d0%b7%d0%be%d0%b2%d0%be%d0%b3%d0%be-%d0%b0%d0%b2%d1%82%d0%be%d0%bc%d0%be%d0%b1\/#breadcrumb\",\"itemListElement\":[{\"@type\":\"ListItem\",\"position\":1,\"name\":\"Home\",\"item\":\"https:\/\/metalpie.com\/\"},{\"@type\":\"ListItem\",\"position\":2,\"name\":\"Products\",\"item\":\"https:\/\/metalpie.com\/shop\/\"},{\"@type\":\"ListItem\",\"position\":3,\"name\":\"Aluminum Truck Body &#038; Cargo Truck Body\"}]},{\"@type\":\"WebSite\",\"@id\":\"https:\/\/metalpie.com\/#website\",\"url\":\"https:\/\/metalpie.com\/\",\"name\":\"METALPIE\",\"description\":\"Precision Metal Fabrication | Tools, Processes &amp; More\",\"potentialAction\":[{\"@type\":\"SearchAction\",\"target\":{\"@type\":\"EntryPoint\",\"urlTemplate\":\"https:\/\/metalpie.com\/?s={search_term_string}\"},\"query-input\":\"required name=search_term_string\"}],\"inLanguage\":\"es\"}]}<\/script>\n<!-- \/ Yoast SEO plugin. -->","yoast_head_json":{"title":"Carrocer\u00eda de cami\u00f3n de aluminio y carrocer\u00eda de ala para escaparates y puertas","description":"Ofrecemos varias carrocer\u00edas de camiones de aluminio, como carrocer\u00edas de camiones de caja y carrocer\u00edas de ala. Tambi\u00e9n ofrecemos servicio de carrocer\u00edas personalizadas.","robots":{"index":"index","follow":"follow","max-snippet":"max-snippet:-1","max-image-preview":"max-image-preview:large","max-video-preview":"max-video-preview:-1"},"canonical":"https:\/\/metalpie.com\/es\/vehiculos-de-aluminio\/carroceria-de-camion-de-aluminio-carroceria-de-camion-de-carga\/","og_locale":"es_ES","og_type":"article","og_title":"Aluminum Truck Body & Wing Body for Window and Door Display","og_description":"We provide various aluminum truck bodies, such as box truck bodies and wing bodies. We also deliver custom truck body service.","og_url":"https:\/\/metalpie.com\/es\/vehiculos-de-aluminio\/carroceria-de-camion-de-aluminio-carroceria-de-camion-de-carga\/","og_site_name":"METALPIE","article_modified_time":"2023-02-01T08:16:08+00:00","og_image":[{"width":1000,"height":750,"url":"https:\/\/metalpie.com\/wp-content\/uploads\/2022\/12\/aluminum_box_truck_body-2.webp","type":"image\/webp"}],"twitter_card":"summary_large_image","twitter_misc":{"Tiempo de lectura":"3 minutos"},"schema":{"@context":"https:\/\/schema.org","@graph":[{"@type":"WebPage","@id":"https:\/\/metalpie.com\/ru\/%d0%b0%d0%bb%d1%8e%d0%bc%d0%b8%d0%bd%d0%b8%d0%b5%d0%b2%d1%8b%d0%b5-%d0%b0%d0%b2%d1%82%d0%be%d0%bc%d0%be%d0%b1%d0%b8%d0%bb%d0%b8\/%d0%b0%d0%bb%d1%8e%d0%bc%d0%b8%d0%bd%d0%b8%d0%b5%d0%b2%d1%8b%d0%b9-%d0%ba%d1%83%d0%b7%d0%be%d0%b2-%d0%b3%d1%80%d1%83%d0%b7%d0%be%d0%b2%d0%be%d0%b3%d0%be-%d0%b0%d0%b2%d1%82%d0%be%d0%bc%d0%be%d0%b1\/","url":"https:\/\/metalpie.com\/ru\/%d0%b0%d0%bb%d1%8e%d0%bc%d0%b8%d0%bd%d0%b8%d0%b5%d0%b2%d1%8b%d0%b5-%d0%b0%d0%b2%d1%82%d0%be%d0%bc%d0%be%d0%b1%d0%b8%d0%bb%d0%b8\/%d0%b0%d0%bb%d1%8e%d0%bc%d0%b8%d0%bd%d0%b8%d0%b5%d0%b2%d1%8b%d0%b9-%d0%ba%d1%83%d0%b7%d0%be%d0%b2-%d0%b3%d1%80%d1%83%d0%b7%d0%be%d0%b2%d0%be%d0%b3%d0%be-%d0%b0%d0%b2%d1%82%d0%be%d0%bc%d0%be%d0%b1\/","name":"Carrocer\u00eda de cami\u00f3n de aluminio y carrocer\u00eda de ala para escaparates y puertas","isPartOf":{"@id":"https:\/\/metalpie.com\/#website"},"datePublished":"2022-12-22T00:41:03+00:00","dateModified":"2023-02-01T08:16:08+00:00","description":"Ofrecemos varias carrocer\u00edas de camiones de aluminio, como carrocer\u00edas de camiones de caja y carrocer\u00edas de ala. Tambi\u00e9n ofrecemos servicio de carrocer\u00edas personalizadas.","breadcrumb":{"@id":"https:\/\/metalpie.com\/ru\/%d0%b0%d0%bb%d1%8e%d0%bc%d0%b8%d0%bd%d0%b8%d0%b5%d0%b2%d1%8b%d0%b5-%d0%b0%d0%b2%d1%82%d0%be%d0%bc%d0%be%d0%b1%d0%b8%d0%bb%d0%b8\/%d0%b0%d0%bb%d1%8e%d0%bc%d0%b8%d0%bd%d0%b8%d0%b5%d0%b2%d1%8b%d0%b9-%d0%ba%d1%83%d0%b7%d0%be%d0%b2-%d0%b3%d1%80%d1%83%d0%b7%d0%be%d0%b2%d0%be%d0%b3%d0%be-%d0%b0%d0%b2%d1%82%d0%be%d0%bc%d0%be%d0%b1\/#breadcrumb"},"inLanguage":"es","potentialAction":[{"@type":"ReadAction","target":["https:\/\/metalpie.com\/ru\/%d0%b0%d0%bb%d1%8e%d0%bc%d0%b8%d0%bd%d0%b8%d0%b5%d0%b2%d1%8b%d0%b5-%d0%b0%d0%b2%d1%82%d0%be%d0%bc%d0%be%d0%b1%d0%b8%d0%bb%d0%b8\/%d0%b0%d0%bb%d1%8e%d0%bc%d0%b8%d0%bd%d0%b8%d0%b5%d0%b2%d1%8b%d0%b9-%d0%ba%d1%83%d0%b7%d0%be%d0%b2-%d0%b3%d1%80%d1%83%d0%b7%d0%be%d0%b2%d0%be%d0%b3%d0%be-%d0%b0%d0%b2%d1%82%d0%be%d0%bc%d0%be%d0%b1\/"]}]},{"@type":"BreadcrumbList","@id":"https:\/\/metalpie.com\/ru\/%d0%b0%d0%bb%d1%8e%d0%bc%d0%b8%d0%bd%d0%b8%d0%b5%d0%b2%d1%8b%d0%b5-%d0%b0%d0%b2%d1%82%d0%be%d0%bc%d0%be%d0%b1%d0%b8%d0%bb%d0%b8\/%d0%b0%d0%bb%d1%8e%d0%bc%d0%b8%d0%bd%d0%b8%d0%b5%d0%b2%d1%8b%d0%b9-%d0%ba%d1%83%d0%b7%d0%be%d0%b2-%d0%b3%d1%80%d1%83%d0%b7%d0%be%d0%b2%d0%be%d0%b3%d0%be-%d0%b0%d0%b2%d1%82%d0%be%d0%bc%d0%be%d0%b1\/#breadcrumb","itemListElement":[{"@type":"ListItem","position":1,"name":"Home","item":"https:\/\/metalpie.com\/"},{"@type":"ListItem","position":2,"name":"Products","item":"https:\/\/metalpie.com\/shop\/"},{"@type":"ListItem","position":3,"name":"Aluminum Truck Body &#038; Cargo Truck Body"}]},{"@type":"WebSite","@id":"https:\/\/metalpie.com\/#website","url":"https:\/\/metalpie.com\/","name":"METALPIE","description":"Fabricaci\u00f3n de metales de precisi\u00f3n | Herramientas, procesos y m\u00e1s","potentialAction":[{"@type":"SearchAction","target":{"@type":"EntryPoint","urlTemplate":"https:\/\/metalpie.com\/?s={search_term_string}"},"query-input":"required name=search_term_string"}],"inLanguage":"es"}]}},"_links":{"self":[{"href":"https:\/\/metalpie.com\/es\/wp-json\/wp\/v2\/product\/3314","targetHints":{"allow":["GET"]}}],"collection":[{"href":"https:\/\/metalpie.com\/es\/wp-json\/wp\/v2\/product"}],"about":[{"href":"https:\/\/metalpie.com\/es\/wp-json\/wp\/v2\/types\/product"}],"replies":[{"embeddable":true,"href":"https:\/\/metalpie.com\/es\/wp-json\/wp\/v2\/comments?post=3314"}],"wp:featuredmedia":[{"embeddable":true,"href":"https:\/\/metalpie.com\/es\/wp-json\/wp\/v2\/media\/3315"}],"wp:attachment":[{"href":"https:\/\/metalpie.com\/es\/wp-json\/wp\/v2\/media?parent=3314"}],"wp:term":[{"taxonomy":"product_cat","embeddable":true,"href":"https:\/\/metalpie.com\/es\/wp-json\/wp\/v2\/product_cat?post=3314"}],"curies":[{"name":"wp","href":"https:\/\/api.w.org\/{rel}","templated":true}]}}