{"id":3306,"date":"2022-12-20T13:27:29","date_gmt":"2022-12-20T05:27:29","guid":{"rendered":"https:\/\/metalpie.com\/?post_type=product&#038;p=3306"},"modified":"2023-01-31T15:17:52","modified_gmt":"2023-01-31T07:17:52","slug":"carroceria-de-aluminio-para-camiones-carroceria-para-escaparates-y-puertas","status":"publish","type":"product","link":"https:\/\/metalpie.com\/es\/vehiculos-de-aluminio\/carroceria-de-aluminio-para-camiones-carroceria-para-escaparates-y-puertas\/","title":{"rendered":"Carrocer\u00eda de cami\u00f3n y carrocer\u00eda de ala de aluminio para escaparates y puertas"},"content":{"rendered":"<section class=\"section\" id=\"section_1601813675\">\n\t\t<div class=\"bg section-bg fill bg-fill  bg-loaded\" >\n\n\t\t\t\n\t\t\t\n\t\t\t\n\n\t\t<\/div>\n\n\t\t\n\n\t\t<div class=\"section-content relative\">\n\t\t\t\n<div class=\"row\"  id=\"row-1082189881\">\n\n\t<div id=\"col-1647278589\" class=\"col small-12 large-12\"  >\n\t\t\t\t<div class=\"col-inner\"  >\n\t\t\t\n\t\t\t\n<h2>Par\u00e1metros del cuerpo del ala de aluminio<\/h2>\n<table width=\"418\">\n<tbody>\n<tr>\n<td width=\"131\"><strong>Longitud exterior<\/strong><\/td>\n<td width=\"127\"><strong>Anchura exterior<\/strong><\/td>\n<td width=\"160\"><strong>Altura exterior<\/strong><\/td>\n<\/tr>\n<tr>\n<td width=\"131\">4190<\/td>\n<td width=\"127\">2150<\/td>\n<td width=\"160\">2325<\/td>\n<\/tr>\n<tr>\n<td width=\"131\"><strong>Longitud interior<\/strong><\/td>\n<td width=\"127\"><strong>Anchura interior<\/strong><\/td>\n<td width=\"160\"><strong>Altura interior<\/strong><\/td>\n<\/tr>\n<tr>\n<td width=\"131\">4140<\/td>\n<td width=\"127\">2100<\/td>\n<td width=\"160\">2100<\/td>\n<\/tr>\n<tr>\n<td width=\"131\"><strong>Puerta lateral<\/strong><\/td>\n<td width=\"127\"><strong>Puerta trasera<\/strong><\/td>\n<td width=\"160\"><strong>Protecci\u00f3n lateral trasera<\/strong><\/td>\n<\/tr>\n<tr>\n<td width=\"131\">Puertas laterales elevables<\/td>\n<td width=\"127\">Puertas traseras elevables<\/td>\n<td width=\"160\">Estilo falda<\/td>\n<\/tr>\n<tr>\n<td width=\"131\"><strong>Expositor para puertas y ventanas<\/strong><\/td>\n<td width=\"127\"><strong>Vitrina de muestras<\/strong><\/td>\n<td width=\"160\"><strong>Armario de herramientas<\/strong><\/td>\n<\/tr>\n<tr>\n<td width=\"131\">5 piezas<\/td>\n<td width=\"127\">Cantidad opcional<\/td>\n<td width=\"160\">1Set<\/td>\n<\/tr>\n<tr>\n<td width=\"131\"><strong>Peso del cuerpo de la caja\/kg<\/strong><\/td>\n<td width=\"127\">\u00a0<\/td>\n<td width=\"160\">\u00a0<\/td>\n<\/tr>\n<tr>\n<td width=\"131\">1150<\/td>\n<td width=\"127\">\u00a0<\/td>\n<td>\u00a0<\/td>\n<\/tr>\n<\/tbody>\n<\/table>\n<h2>Descripci\u00f3n de la carrocer\u00eda de aluminio<\/h2>\n<p>La carrocer\u00eda de aluminio del cami\u00f3n es una carrocer\u00eda de ala para mostrar ventanas o puertas. Las puertas laterales y trasera pueden levantarse. Una de las puertas laterales es usada para exhibir muestras de ventanas de aluminio, y la otra es usada para exhibir puertas de aluminio. La carrocer\u00eda de aluminio del cami\u00f3n tiene faldones, que juegan un papel importante en la protecci\u00f3n lateral y trasera. La cantidad de celosias en la vitrina es opcional. Podemos ajustar la disposici\u00f3n de la vitrina si lo desea.<\/p>\n<h2>Caracter\u00edsticas de la carrocer\u00eda de aluminio<\/h2>\n<p>1. Esta carrocer\u00eda de aluminio se utiliza especialmente para exhibir muestras de puertas y ventanas, accesorios, herramientas, etc. Puede instalarse con gabinetes experimentales, televisores plegables, y otras configuraciones de acuerdo a los requerimientos del cliente.<\/p>\n<p>2. Gran secci\u00f3n transversal de la caja: el ancho de una sola caja se incrementa a 600mm. Nuestra placa de aluminio para carrocer\u00eda de cami\u00f3n es 200-300mm m\u00e1s grande que las especificaciones comunes en el mercado. La caja con menos juntas y buena rigidez general aumenta efectivamente la capacidad anti-deformaci\u00f3n de la caja y tiene una mejor capacidad de soporte.<\/p>\n<p>3. La longitud total de la caja de aluminio es de 4,2 metros.<\/p>\n<p>4. M\u00e9todo de apertura: elevaci\u00f3n est\u00e1ndar hacia arriba en ambos lados y la parte trasera, la estructura general de giro hacia arriba, el \u00e1ngulo de giro hacia arriba es \u2265 90 \u00b0, con el apoyo de resortes de gas, que es conveniente y eficiente. La parte inferior est\u00e1 dise\u00f1ada con una estructura de valla, que se puede poner plana para mostrar piezas de repuesto. Opcional sin la valla.<\/p>\n<p>5. Zona de exposici\u00f3n de piezas de recambio para puertas y ventanas. <br \/>En el lado izquierdo del carro hay una vitrina en la que se pueden exponer muestras de ventanas, accesorios para cerraduras de puertas, etc. Podemos personalizar el tama\u00f1o de la vitrina seg\u00fan las necesidades del cliente.<\/p>\n<p>6. Zona de escaparate de muestra. <br \/>Hay un estante de exhibici\u00f3n de puertas y ventanas en el lado derecho de la carrocer\u00eda de aluminio del cami\u00f3n, que puede fijar firmemente las muestras de puertas y ventanas. Al mismo tiempo, el estante de exhibici\u00f3n est\u00e1 equipado con rieles de gu\u00eda y rodillos hacia arriba y hacia abajo, y cualquier muestra puede ser sacada del extremo trasero del carro para que los clientes la observen cuidadosamente.<\/p>\n<p>7. Zona del armario de herramientas.<br \/>Puede exponer las herramientas y aparatos utilizados en la instalaci\u00f3n de puertas y ventanas y disponer el banco de pruebas de puertas y ventanas.<\/p>\n\t\t<\/div>\n\t\t\t\t\t<\/div>\n\n\t\n<\/div>\n\t\t<\/div>\n\n\t\t\n<style>\n#section_1601813675 {\n  padding-top: 30px;\n  padding-bottom: 30px;\n}\n<\/style>\n\t<\/section>","protected":false},"excerpt":{"rendered":"<p>El cuerpo del ala est\u00e1 construido \u00edntegramente con encofrado de aluminio de alto rendimiento. Es resistente y duradero. Ofrecemos la personalizaci\u00f3n de especificaciones concretas para adaptarnos a sus necesidades.<\/p>","protected":false},"featured_media":3308,"comment_status":"closed","ping_status":"closed","template":"","meta":[],"product_cat":[98],"class_list":["post-3306","product","type-product","status-publish","has-post-thumbnail","hentry","product_cat-aluminum-vehicles"],"yoast_head":"<!-- This site is optimized with the Yoast SEO plugin v21.5 - https:\/\/yoast.com\/wordpress\/plugins\/seo\/ -->\n<title>Aluminum Truck Body &amp; Wing Body for Window and Door Display<\/title>\n<meta name=\"description\" content=\"We provide various aluminum truck bodies, such as box truck bodies and wing bodies. We also deliver custom truck body service.\" \/>\n<meta name=\"robots\" content=\"index, follow, max-snippet:-1, max-image-preview:large, max-video-preview:-1\" \/>\n<link rel=\"canonical\" href=\"https:\/\/metalpie.com\/es\/vehiculos-de-aluminio\/carroceria-de-aluminio-para-camiones-carroceria-para-escaparates-y-puertas\/\" \/>\n<meta property=\"og:locale\" content=\"es_ES\" \/>\n<meta property=\"og:type\" content=\"article\" \/>\n<meta property=\"og:title\" content=\"Aluminum Truck Body &amp; Wing Body for Window and Door Display\" \/>\n<meta property=\"og:description\" content=\"We provide various aluminum truck bodies, such as box truck bodies and wing bodies. We also deliver custom truck body service.\" \/>\n<meta property=\"og:url\" content=\"https:\/\/metalpie.com\/es\/vehiculos-de-aluminio\/carroceria-de-aluminio-para-camiones-carroceria-para-escaparates-y-puertas\/\" \/>\n<meta property=\"og:site_name\" content=\"METALPIE\" \/>\n<meta property=\"article:modified_time\" content=\"2023-01-31T07:17:52+00:00\" \/>\n<meta property=\"og:image\" content=\"https:\/\/metalpie.com\/wp-content\/uploads\/2022\/12\/aluminum_box_truck_body_new-1.webp\" \/>\n\t<meta property=\"og:image:width\" content=\"1000\" \/>\n\t<meta property=\"og:image:height\" content=\"750\" \/>\n\t<meta property=\"og:image:type\" content=\"image\/webp\" \/>\n<meta name=\"twitter:card\" content=\"summary_large_image\" \/>\n<meta name=\"twitter:label1\" content=\"Tiempo de lectura\" \/>\n\t<meta name=\"twitter:data1\" content=\"2 minutos\" \/>\n<script type=\"application\/ld+json\" class=\"yoast-schema-graph\">{\"@context\":\"https:\/\/schema.org\",\"@graph\":[{\"@type\":\"WebPage\",\"@id\":\"https:\/\/metalpie.com\/ru\/%d0%b0%d0%bb%d1%8e%d0%bc%d0%b8%d0%bd%d0%b8%d0%b5%d0%b2%d1%8b%d0%b5-%d0%b0%d0%b2%d1%82%d0%be%d0%bc%d0%be%d0%b1%d0%b8%d0%bb%d0%b8\/%d0%b0%d0%bb%d1%8e%d0%bc%d0%b8%d0%bd%d0%b8%d0%b5%d0%b2%d1%8b%d0%b9-%d0%ba%d1%83%d0%b7%d0%be%d0%b2-%d0%b3%d1%80%d1%83%d0%b7%d0%be%d0%b2%d0%b8%d0%ba%d0%b0-%d1%81-%d0%ba%d1%80%d1%8b%d0%bb%d1%8c%d1%8f\/\",\"url\":\"https:\/\/metalpie.com\/ru\/%d0%b0%d0%bb%d1%8e%d0%bc%d0%b8%d0%bd%d0%b8%d0%b5%d0%b2%d1%8b%d0%b5-%d0%b0%d0%b2%d1%82%d0%be%d0%bc%d0%be%d0%b1%d0%b8%d0%bb%d0%b8\/%d0%b0%d0%bb%d1%8e%d0%bc%d0%b8%d0%bd%d0%b8%d0%b5%d0%b2%d1%8b%d0%b9-%d0%ba%d1%83%d0%b7%d0%be%d0%b2-%d0%b3%d1%80%d1%83%d0%b7%d0%be%d0%b2%d0%b8%d0%ba%d0%b0-%d1%81-%d0%ba%d1%80%d1%8b%d0%bb%d1%8c%d1%8f\/\",\"name\":\"Aluminum Truck Body & Wing Body for Window and Door Display\",\"isPartOf\":{\"@id\":\"https:\/\/metalpie.com\/#website\"},\"datePublished\":\"2022-12-20T05:27:29+00:00\",\"dateModified\":\"2023-01-31T07:17:52+00:00\",\"description\":\"We provide various aluminum truck bodies, such as box truck bodies and wing bodies. We also deliver custom truck body service.\",\"breadcrumb\":{\"@id\":\"https:\/\/metalpie.com\/ru\/%d0%b0%d0%bb%d1%8e%d0%bc%d0%b8%d0%bd%d0%b8%d0%b5%d0%b2%d1%8b%d0%b5-%d0%b0%d0%b2%d1%82%d0%be%d0%bc%d0%be%d0%b1%d0%b8%d0%bb%d0%b8\/%d0%b0%d0%bb%d1%8e%d0%bc%d0%b8%d0%bd%d0%b8%d0%b5%d0%b2%d1%8b%d0%b9-%d0%ba%d1%83%d0%b7%d0%be%d0%b2-%d0%b3%d1%80%d1%83%d0%b7%d0%be%d0%b2%d0%b8%d0%ba%d0%b0-%d1%81-%d0%ba%d1%80%d1%8b%d0%bb%d1%8c%d1%8f\/#breadcrumb\"},\"inLanguage\":\"es\",\"potentialAction\":[{\"@type\":\"ReadAction\",\"target\":[\"https:\/\/metalpie.com\/ru\/%d0%b0%d0%bb%d1%8e%d0%bc%d0%b8%d0%bd%d0%b8%d0%b5%d0%b2%d1%8b%d0%b5-%d0%b0%d0%b2%d1%82%d0%be%d0%bc%d0%be%d0%b1%d0%b8%d0%bb%d0%b8\/%d0%b0%d0%bb%d1%8e%d0%bc%d0%b8%d0%bd%d0%b8%d0%b5%d0%b2%d1%8b%d0%b9-%d0%ba%d1%83%d0%b7%d0%be%d0%b2-%d0%b3%d1%80%d1%83%d0%b7%d0%be%d0%b2%d0%b8%d0%ba%d0%b0-%d1%81-%d0%ba%d1%80%d1%8b%d0%bb%d1%8c%d1%8f\/\"]}]},{\"@type\":\"BreadcrumbList\",\"@id\":\"https:\/\/metalpie.com\/ru\/%d0%b0%d0%bb%d1%8e%d0%bc%d0%b8%d0%bd%d0%b8%d0%b5%d0%b2%d1%8b%d0%b5-%d0%b0%d0%b2%d1%82%d0%be%d0%bc%d0%be%d0%b1%d0%b8%d0%bb%d0%b8\/%d0%b0%d0%bb%d1%8e%d0%bc%d0%b8%d0%bd%d0%b8%d0%b5%d0%b2%d1%8b%d0%b9-%d0%ba%d1%83%d0%b7%d0%be%d0%b2-%d0%b3%d1%80%d1%83%d0%b7%d0%be%d0%b2%d0%b8%d0%ba%d0%b0-%d1%81-%d0%ba%d1%80%d1%8b%d0%bb%d1%8c%d1%8f\/#breadcrumb\",\"itemListElement\":[{\"@type\":\"ListItem\",\"position\":1,\"name\":\"Home\",\"item\":\"https:\/\/metalpie.com\/\"},{\"@type\":\"ListItem\",\"position\":2,\"name\":\"Products\",\"item\":\"https:\/\/metalpie.com\/shop\/\"},{\"@type\":\"ListItem\",\"position\":3,\"name\":\"Aluminum Truck Body &#038; Wing Body for Window and Door Display\"}]},{\"@type\":\"WebSite\",\"@id\":\"https:\/\/metalpie.com\/#website\",\"url\":\"https:\/\/metalpie.com\/\",\"name\":\"METALPIE\",\"description\":\"Precision Metal Fabrication | Tools, Processes &amp; More\",\"potentialAction\":[{\"@type\":\"SearchAction\",\"target\":{\"@type\":\"EntryPoint\",\"urlTemplate\":\"https:\/\/metalpie.com\/?s={search_term_string}\"},\"query-input\":\"required name=search_term_string\"}],\"inLanguage\":\"es\"}]}<\/script>\n<!-- \/ Yoast SEO plugin. -->","yoast_head_json":{"title":"Carrocer\u00eda de cami\u00f3n de aluminio y carrocer\u00eda de ala para escaparates y puertas","description":"Ofrecemos varias carrocer\u00edas de camiones de aluminio, como carrocer\u00edas de camiones de caja y carrocer\u00edas de ala. Tambi\u00e9n ofrecemos servicio de carrocer\u00edas personalizadas.","robots":{"index":"index","follow":"follow","max-snippet":"max-snippet:-1","max-image-preview":"max-image-preview:large","max-video-preview":"max-video-preview:-1"},"canonical":"https:\/\/metalpie.com\/es\/vehiculos-de-aluminio\/carroceria-de-aluminio-para-camiones-carroceria-para-escaparates-y-puertas\/","og_locale":"es_ES","og_type":"article","og_title":"Aluminum Truck Body & Wing Body for Window and Door Display","og_description":"We provide various aluminum truck bodies, such as box truck bodies and wing bodies. We also deliver custom truck body service.","og_url":"https:\/\/metalpie.com\/es\/vehiculos-de-aluminio\/carroceria-de-aluminio-para-camiones-carroceria-para-escaparates-y-puertas\/","og_site_name":"METALPIE","article_modified_time":"2023-01-31T07:17:52+00:00","og_image":[{"width":1000,"height":750,"url":"https:\/\/metalpie.com\/wp-content\/uploads\/2022\/12\/aluminum_box_truck_body_new-1.webp","type":"image\/webp"}],"twitter_card":"summary_large_image","twitter_misc":{"Tiempo de lectura":"2 minutos"},"schema":{"@context":"https:\/\/schema.org","@graph":[{"@type":"WebPage","@id":"https:\/\/metalpie.com\/ru\/%d0%b0%d0%bb%d1%8e%d0%bc%d0%b8%d0%bd%d0%b8%d0%b5%d0%b2%d1%8b%d0%b5-%d0%b0%d0%b2%d1%82%d0%be%d0%bc%d0%be%d0%b1%d0%b8%d0%bb%d0%b8\/%d0%b0%d0%bb%d1%8e%d0%bc%d0%b8%d0%bd%d0%b8%d0%b5%d0%b2%d1%8b%d0%b9-%d0%ba%d1%83%d0%b7%d0%be%d0%b2-%d0%b3%d1%80%d1%83%d0%b7%d0%be%d0%b2%d0%b8%d0%ba%d0%b0-%d1%81-%d0%ba%d1%80%d1%8b%d0%bb%d1%8c%d1%8f\/","url":"https:\/\/metalpie.com\/ru\/%d0%b0%d0%bb%d1%8e%d0%bc%d0%b8%d0%bd%d0%b8%d0%b5%d0%b2%d1%8b%d0%b5-%d0%b0%d0%b2%d1%82%d0%be%d0%bc%d0%be%d0%b1%d0%b8%d0%bb%d0%b8\/%d0%b0%d0%bb%d1%8e%d0%bc%d0%b8%d0%bd%d0%b8%d0%b5%d0%b2%d1%8b%d0%b9-%d0%ba%d1%83%d0%b7%d0%be%d0%b2-%d0%b3%d1%80%d1%83%d0%b7%d0%be%d0%b2%d0%b8%d0%ba%d0%b0-%d1%81-%d0%ba%d1%80%d1%8b%d0%bb%d1%8c%d1%8f\/","name":"Carrocer\u00eda de cami\u00f3n de aluminio y carrocer\u00eda de ala para escaparates y puertas","isPartOf":{"@id":"https:\/\/metalpie.com\/#website"},"datePublished":"2022-12-20T05:27:29+00:00","dateModified":"2023-01-31T07:17:52+00:00","description":"Ofrecemos varias carrocer\u00edas de camiones de aluminio, como carrocer\u00edas de camiones de caja y carrocer\u00edas de ala. Tambi\u00e9n ofrecemos servicio de carrocer\u00edas personalizadas.","breadcrumb":{"@id":"https:\/\/metalpie.com\/ru\/%d0%b0%d0%bb%d1%8e%d0%bc%d0%b8%d0%bd%d0%b8%d0%b5%d0%b2%d1%8b%d0%b5-%d0%b0%d0%b2%d1%82%d0%be%d0%bc%d0%be%d0%b1%d0%b8%d0%bb%d0%b8\/%d0%b0%d0%bb%d1%8e%d0%bc%d0%b8%d0%bd%d0%b8%d0%b5%d0%b2%d1%8b%d0%b9-%d0%ba%d1%83%d0%b7%d0%be%d0%b2-%d0%b3%d1%80%d1%83%d0%b7%d0%be%d0%b2%d0%b8%d0%ba%d0%b0-%d1%81-%d0%ba%d1%80%d1%8b%d0%bb%d1%8c%d1%8f\/#breadcrumb"},"inLanguage":"es","potentialAction":[{"@type":"ReadAction","target":["https:\/\/metalpie.com\/ru\/%d0%b0%d0%bb%d1%8e%d0%bc%d0%b8%d0%bd%d0%b8%d0%b5%d0%b2%d1%8b%d0%b5-%d0%b0%d0%b2%d1%82%d0%be%d0%bc%d0%be%d0%b1%d0%b8%d0%bb%d0%b8\/%d0%b0%d0%bb%d1%8e%d0%bc%d0%b8%d0%bd%d0%b8%d0%b5%d0%b2%d1%8b%d0%b9-%d0%ba%d1%83%d0%b7%d0%be%d0%b2-%d0%b3%d1%80%d1%83%d0%b7%d0%be%d0%b2%d0%b8%d0%ba%d0%b0-%d1%81-%d0%ba%d1%80%d1%8b%d0%bb%d1%8c%d1%8f\/"]}]},{"@type":"BreadcrumbList","@id":"https:\/\/metalpie.com\/ru\/%d0%b0%d0%bb%d1%8e%d0%bc%d0%b8%d0%bd%d0%b8%d0%b5%d0%b2%d1%8b%d0%b5-%d0%b0%d0%b2%d1%82%d0%be%d0%bc%d0%be%d0%b1%d0%b8%d0%bb%d0%b8\/%d0%b0%d0%bb%d1%8e%d0%bc%d0%b8%d0%bd%d0%b8%d0%b5%d0%b2%d1%8b%d0%b9-%d0%ba%d1%83%d0%b7%d0%be%d0%b2-%d0%b3%d1%80%d1%83%d0%b7%d0%be%d0%b2%d0%b8%d0%ba%d0%b0-%d1%81-%d0%ba%d1%80%d1%8b%d0%bb%d1%8c%d1%8f\/#breadcrumb","itemListElement":[{"@type":"ListItem","position":1,"name":"Home","item":"https:\/\/metalpie.com\/"},{"@type":"ListItem","position":2,"name":"Products","item":"https:\/\/metalpie.com\/shop\/"},{"@type":"ListItem","position":3,"name":"Aluminum Truck Body &#038; Wing Body for Window and Door Display"}]},{"@type":"WebSite","@id":"https:\/\/metalpie.com\/#website","url":"https:\/\/metalpie.com\/","name":"METALPIE","description":"Fabricaci\u00f3n de metales de precisi\u00f3n | Herramientas, procesos y m\u00e1s","potentialAction":[{"@type":"SearchAction","target":{"@type":"EntryPoint","urlTemplate":"https:\/\/metalpie.com\/?s={search_term_string}"},"query-input":"required name=search_term_string"}],"inLanguage":"es"}]}},"_links":{"self":[{"href":"https:\/\/metalpie.com\/es\/wp-json\/wp\/v2\/product\/3306","targetHints":{"allow":["GET"]}}],"collection":[{"href":"https:\/\/metalpie.com\/es\/wp-json\/wp\/v2\/product"}],"about":[{"href":"https:\/\/metalpie.com\/es\/wp-json\/wp\/v2\/types\/product"}],"replies":[{"embeddable":true,"href":"https:\/\/metalpie.com\/es\/wp-json\/wp\/v2\/comments?post=3306"}],"wp:featuredmedia":[{"embeddable":true,"href":"https:\/\/metalpie.com\/es\/wp-json\/wp\/v2\/media\/3308"}],"wp:attachment":[{"href":"https:\/\/metalpie.com\/es\/wp-json\/wp\/v2\/media?parent=3306"}],"wp:term":[{"taxonomy":"product_cat","embeddable":true,"href":"https:\/\/metalpie.com\/es\/wp-json\/wp\/v2\/product_cat?post=3306"}],"curies":[{"name":"wp","href":"https:\/\/api.w.org\/{rel}","templated":true}]}}