{"id":3229,"date":"2022-12-20T10:30:52","date_gmt":"2022-12-20T02:30:52","guid":{"rendered":"https:\/\/metalpie.com\/?post_type=product&#038;p=3229"},"modified":"2023-01-31T15:02:37","modified_gmt":"2023-01-31T07:02:37","slug":"carrocerias-de-aluminio-para-camiones","status":"publish","type":"product","link":"https:\/\/metalpie.com\/es\/vehiculos-de-aluminio\/carrocerias-de-aluminio-para-camiones\/","title":{"rendered":"Caja de aluminio"},"content":{"rendered":"<section class=\"section\" id=\"section_181558333\">\n\t\t<div class=\"bg section-bg fill bg-fill  bg-loaded\" >\n\n\t\t\t\n\t\t\t\n\t\t\t\n\n\t\t<\/div>\n\n\t\t\n\n\t\t<div class=\"section-content relative\">\n\t\t\t\n<div class=\"row\"  id=\"row-1510781798\">\n\n\t<div id=\"col-928536527\" class=\"col small-12 large-12\"  >\n\t\t\t\t<div class=\"col-inner\"  >\n\t\t\t\n\t\t\t\n<h2>Par\u00e1metros de la caja de aluminio<\/h2>\n<table style=\"border-collapse: collapse; width: 729.02pt;\" border=\"0\" width=\"972\" cellspacing=\"0\" cellpadding=\"0\">\n<tbody>\n<tr style=\"height: 20.25pt;\">\n<td class=\"et2\" style=\"height: 20.25pt; width: 298.50pt;\" width=\"398\" height=\"27\"><strong>Longitud exterior<\/strong><\/td>\n<td class=\"et2\" style=\"width: 215.25pt;\" width=\"287\"><strong>Anchura exterior<\/strong><\/td>\n<td class=\"et2\" style=\"width: 215.25pt;\" width=\"287\"><strong>Altura exterior<\/strong><\/td>\n<\/tr>\n<tr style=\"height: 20.25pt;\">\n<td class=\"et6\" style=\"height: 20.25pt;\" height=\"27\">4190<\/td>\n<td class=\"et6\">2150<\/td>\n<td class=\"et6\">2325<\/td>\n<\/tr>\n<tr style=\"height: 20.25pt;\">\n<td class=\"et2\" style=\"height: 20.25pt;\" height=\"27\"><strong>Longitud interior<\/strong><\/td>\n<td class=\"et2\"><strong>Anchura interior<\/strong><\/td>\n<td class=\"et2\"><strong>Altura interior<\/strong><\/td>\n<\/tr>\n<tr style=\"height: 20.25pt;\">\n<td class=\"et6\" style=\"height: 20.25pt;\" height=\"27\">4140<\/td>\n<td class=\"et6\">2100<\/td>\n<td class=\"et6\">2100<\/td>\n<\/tr>\n<tr style=\"height: 20.25pt;\">\n<td class=\"et2\" style=\"height: 20.25pt;\" height=\"27\"><strong>Espesor de los paneles laterales<\/strong><\/td>\n<td class=\"et2\"><strong>Espesor del panel Dool<\/strong><\/td>\n<td class=\"et2\"><strong>Placa inferior<\/strong><\/td>\n<\/tr>\n<tr style=\"height: 20.25pt;\">\n<td class=\"et6\" style=\"height: 20.25pt;\" height=\"27\">20<\/td>\n<td class=\"et6\">20<\/td>\n<td class=\"et6\">Perfiles de aluminio<\/td>\n<\/tr>\n<tr style=\"height: 20.25pt;\">\n<td class=\"et2\" style=\"height: 20.25pt;\" height=\"27\"><strong>Puerta lateral<\/strong><\/td>\n<td class=\"et2\"><strong>Puerta trasera<\/strong><\/td>\n<td class=\"et2\"><strong>Cerraduras<\/strong><\/td>\n<\/tr>\n<tr style=\"height: 20.25pt;\">\n<td class=\"et2\" style=\"height: 20.25pt;\" height=\"27\">Apertura de doble panel en el lado derecho<\/td>\n<td class=\"et2\">Apertura de doble panel<\/td>\n<td class=\"et2\">Galvanizado<\/td>\n<\/tr>\n<tr style=\"height: 20.25pt;\">\n<td class=\"et2\" style=\"height: 20.25pt;\" height=\"27\"><strong>Peso del cuerpo de la caja<\/strong><\/td>\n<td class=\"et2\"><strong>Capacidad m\u00e1xima<\/strong><\/td>\n<td class=\"et2\"><strong>Carga de dise\u00f1o<\/strong><\/td>\n<\/tr>\n<tr style=\"height: 20.25pt;\">\n<td class=\"et2\" style=\"height: 20.25pt;\" height=\"27\">430 kg<\/td>\n<td class=\"et2\">18,2 metros c\u00fabicos<\/td>\n<td class=\"et2\">5t<\/td>\n<\/tr>\n<\/tbody>\n<\/table>\n\t\t<\/div>\n\t\t\t\t\t<\/div>\n\n\t\n<\/div>\n\t\t<\/div>\n\n\t\t\n<style>\n#section_181558333 {\n  padding-top: 30px;\n  padding-bottom: 30px;\n}\n<\/style>\n\t<\/section>\n\t\n\t<section class=\"section\" id=\"section_1469220641\">\n\t\t<div class=\"bg section-bg fill bg-fill  bg-loaded\" >\n\n\t\t\t\n\t\t\t\n\t\t\t\n\n\t\t<\/div>\n\n\t\t\n\n\t\t<div class=\"section-content relative\">\n\t\t\t\n<div class=\"row\"  id=\"row-1243159643\">\n\n\t<div id=\"col-209326181\" class=\"col small-12 large-12\"  >\n\t\t\t\t<div class=\"col-inner\"  >\n\t\t\t\n\t\t\t\n<h2>Descripci\u00f3n<\/h2>\n<p>Huajian es uno de los principales fabricantes de carrocer\u00edas de aluminio para camiones del mundo. Nuestra sede se encuentra en el condado de Linqu, que cuenta con abundantes materiales de aluminio de la m\u00e1s alta calidad. Las carrocer\u00edas de camiones producidas en nuestra empresa utilizan perfiles de aluminio resistentes. Procesadas con tecnicas especiales, las carrocerias de aluminio son livianas y resistentes a la corrosion. Al mismo tiempo, ayuda a reducir el peso del cami\u00f3n. <br \/>Este tipo de carrocer\u00eda de caja est\u00e1 disponible en colores. Usted acaba de decirnos sus necesidades, y vamos a proporcionar carrocer\u00edas de camiones de aluminio personalizados perfectos para usted.<\/p>\n\t\t<\/div>\n\t\t\t\t\t<\/div>\n\n\t\n<\/div>\n\t\t<\/div>\n\n\t\t\n<style>\n#section_1469220641 {\n  padding-top: 30px;\n  padding-bottom: 30px;\n}\n<\/style>\n\t<\/section>\n\t\n\t<section class=\"section\" id=\"section_885512675\">\n\t\t<div class=\"bg section-bg fill bg-fill  bg-loaded\" >\n\n\t\t\t\n\t\t\t\n\t\t\t\n\n\t\t<\/div>\n\n\t\t\n\n\t\t<div class=\"section-content relative\">\n\t\t\t\n<div class=\"row\"  id=\"row-253019493\">\n\n\t<div id=\"col-1708935794\" class=\"col small-12 large-12\"  >\n\t\t\t\t<div class=\"col-inner\"  >\n\t\t\t\n\t\t\t\n<h2>Caracter\u00edsticas<\/h2>\n<p>1. La carrocer\u00eda de aluminio de la camioneta est\u00e1 hecha de nuestros propios perfiles de aluminio de alta resistencia. Adopta remaches, soldadura y atornillado como m\u00e9todos principales para conectar la mayor\u00eda de las partes. Y utiliza el m\u00e9todo de uni\u00f3n para conectar el resto de las partes. Su estructura hace que sea f\u00e1cil de montar y mantener.<br \/>2. La placa inferior utiliza una estructura ensamblada de perfiles de aluminio. Tiene buena resistencia y es f\u00e1cil de montar.<br \/>3. Las columnas, las vigas laterales y otras estructuras se dise\u00f1an en forma de arco, que son m\u00e1s bellas y tienen menos resistencia al viento;<br \/>4. Placa trasera de aleaci\u00f3n de aluminio opcional. El tama\u00f1o de la placa trasera es 2100*1630. Y la parte superior de la placa de cola est\u00e1 equipada con una puerta de aleta, que es conveniente para la carga y descarga.<\/p>\n\t\t<\/div>\n\t\t\t\t\t<\/div>\n\n\t\n<\/div>\n\t\t<\/div>\n\n\t\t\n<style>\n#section_885512675 {\n  padding-top: 30px;\n  padding-bottom: 30px;\n}\n<\/style>\n\t<\/section>","protected":false},"excerpt":{"rendered":"<p>Esta carrocer\u00eda de cami\u00f3n de caja tiene una amplia gama de aplicaciones. Puede ser usada para entregar muchos tipos de bienes, como paquetes, cosas medicas, comestibles, etc. Utilizamos materiales de aluminio de alta resistencia para fabricar esta carroceria. Tiene una estructura fuerte y es facil de ensamblar y mantener. El tama\u00f1o es opcional. Apoyamos las carrocer\u00edas de caja personalizadas. Si tiene alguna pregunta, no dude en contactarnos.<\/p>","protected":false},"featured_media":3256,"comment_status":"closed","ping_status":"closed","template":"","meta":[],"product_cat":[98],"class_list":["post-3229","product","type-product","status-publish","has-post-thumbnail","hentry","product_cat-aluminum-vehicles"],"yoast_head":"<!-- This site is optimized with the Yoast SEO plugin v21.5 - https:\/\/yoast.com\/wordpress\/plugins\/seo\/ -->\n<title>Aluminum Box Truck Body | Aluminum Truck Bodies for Sale<\/title>\n<meta name=\"description\" content=\"Hualv aluminum box truck body is of good quality. It is popular among clients due to its high quality, competitive rate, and custom size.\" \/>\n<meta name=\"robots\" content=\"index, follow, max-snippet:-1, max-image-preview:large, max-video-preview:-1\" \/>\n<link rel=\"canonical\" href=\"https:\/\/metalpie.com\/es\/vehiculos-de-aluminio\/carrocerias-de-aluminio-para-camiones\/\" \/>\n<meta property=\"og:locale\" content=\"es_ES\" \/>\n<meta property=\"og:type\" content=\"article\" \/>\n<meta property=\"og:title\" content=\"Aluminum Box Truck Body | Aluminum Truck Bodies for Sale\" \/>\n<meta property=\"og:description\" content=\"Hualv aluminum box truck body is of good quality. It is popular among clients due to its high quality, competitive rate, and custom size.\" \/>\n<meta property=\"og:url\" content=\"https:\/\/metalpie.com\/es\/vehiculos-de-aluminio\/carrocerias-de-aluminio-para-camiones\/\" \/>\n<meta property=\"og:site_name\" content=\"METALPIE\" \/>\n<meta property=\"article:modified_time\" content=\"2023-01-31T07:02:37+00:00\" \/>\n<meta property=\"og:image\" content=\"https:\/\/metalpie.com\/wp-content\/uploads\/2022\/12\/Aluminum_Truck_Bodies_new.webp\" \/>\n\t<meta property=\"og:image:width\" content=\"1000\" \/>\n\t<meta property=\"og:image:height\" content=\"750\" \/>\n\t<meta property=\"og:image:type\" content=\"image\/webp\" \/>\n<meta name=\"twitter:card\" content=\"summary_large_image\" \/>\n<meta name=\"twitter:label1\" content=\"Tiempo de lectura\" \/>\n\t<meta name=\"twitter:data1\" content=\"1 minuto\" \/>\n<script type=\"application\/ld+json\" class=\"yoast-schema-graph\">{\"@context\":\"https:\/\/schema.org\",\"@graph\":[{\"@type\":\"WebPage\",\"@id\":\"https:\/\/metalpie.com\/ru\/%d0%b0%d0%bb%d1%8e%d0%bc%d0%b8%d0%bd%d0%b8%d0%b5%d0%b2%d1%8b%d0%b5-%d0%b0%d0%b2%d1%82%d0%be%d0%bc%d0%be%d0%b1%d0%b8%d0%bb%d0%b8\/%d0%b0%d0%bb%d1%8e%d0%bc%d0%b8%d0%bd%d0%b8%d0%b5%d0%b2%d1%8b%d0%b5-%d0%ba%d1%83%d0%b7%d0%be%d0%b2%d0%b0-%d0%b3%d1%80%d1%83%d0%b7%d0%be%d0%b2%d0%b8%d0%ba%d0%be%d0%b2\/\",\"url\":\"https:\/\/metalpie.com\/ru\/%d0%b0%d0%bb%d1%8e%d0%bc%d0%b8%d0%bd%d0%b8%d0%b5%d0%b2%d1%8b%d0%b5-%d0%b0%d0%b2%d1%82%d0%be%d0%bc%d0%be%d0%b1%d0%b8%d0%bb%d0%b8\/%d0%b0%d0%bb%d1%8e%d0%bc%d0%b8%d0%bd%d0%b8%d0%b5%d0%b2%d1%8b%d0%b5-%d0%ba%d1%83%d0%b7%d0%be%d0%b2%d0%b0-%d0%b3%d1%80%d1%83%d0%b7%d0%be%d0%b2%d0%b8%d0%ba%d0%be%d0%b2\/\",\"name\":\"Aluminum Box Truck Body | Aluminum Truck Bodies for Sale\",\"isPartOf\":{\"@id\":\"https:\/\/metalpie.com\/#website\"},\"datePublished\":\"2022-12-20T02:30:52+00:00\",\"dateModified\":\"2023-01-31T07:02:37+00:00\",\"description\":\"Hualv aluminum box truck body is of good quality. It is popular among clients due to its high quality, competitive rate, and custom size.\",\"breadcrumb\":{\"@id\":\"https:\/\/metalpie.com\/ru\/%d0%b0%d0%bb%d1%8e%d0%bc%d0%b8%d0%bd%d0%b8%d0%b5%d0%b2%d1%8b%d0%b5-%d0%b0%d0%b2%d1%82%d0%be%d0%bc%d0%be%d0%b1%d0%b8%d0%bb%d0%b8\/%d0%b0%d0%bb%d1%8e%d0%bc%d0%b8%d0%bd%d0%b8%d0%b5%d0%b2%d1%8b%d0%b5-%d0%ba%d1%83%d0%b7%d0%be%d0%b2%d0%b0-%d0%b3%d1%80%d1%83%d0%b7%d0%be%d0%b2%d0%b8%d0%ba%d0%be%d0%b2\/#breadcrumb\"},\"inLanguage\":\"es\",\"potentialAction\":[{\"@type\":\"ReadAction\",\"target\":[\"https:\/\/metalpie.com\/ru\/%d0%b0%d0%bb%d1%8e%d0%bc%d0%b8%d0%bd%d0%b8%d0%b5%d0%b2%d1%8b%d0%b5-%d0%b0%d0%b2%d1%82%d0%be%d0%bc%d0%be%d0%b1%d0%b8%d0%bb%d0%b8\/%d0%b0%d0%bb%d1%8e%d0%bc%d0%b8%d0%bd%d0%b8%d0%b5%d0%b2%d1%8b%d0%b5-%d0%ba%d1%83%d0%b7%d0%be%d0%b2%d0%b0-%d0%b3%d1%80%d1%83%d0%b7%d0%be%d0%b2%d0%b8%d0%ba%d0%be%d0%b2\/\"]}]},{\"@type\":\"BreadcrumbList\",\"@id\":\"https:\/\/metalpie.com\/ru\/%d0%b0%d0%bb%d1%8e%d0%bc%d0%b8%d0%bd%d0%b8%d0%b5%d0%b2%d1%8b%d0%b5-%d0%b0%d0%b2%d1%82%d0%be%d0%bc%d0%be%d0%b1%d0%b8%d0%bb%d0%b8\/%d0%b0%d0%bb%d1%8e%d0%bc%d0%b8%d0%bd%d0%b8%d0%b5%d0%b2%d1%8b%d0%b5-%d0%ba%d1%83%d0%b7%d0%be%d0%b2%d0%b0-%d0%b3%d1%80%d1%83%d0%b7%d0%be%d0%b2%d0%b8%d0%ba%d0%be%d0%b2\/#breadcrumb\",\"itemListElement\":[{\"@type\":\"ListItem\",\"position\":1,\"name\":\"Home\",\"item\":\"https:\/\/metalpie.com\/\"},{\"@type\":\"ListItem\",\"position\":2,\"name\":\"Products\",\"item\":\"https:\/\/metalpie.com\/shop\/\"},{\"@type\":\"ListItem\",\"position\":3,\"name\":\"Aluminum Box Truck Body\"}]},{\"@type\":\"WebSite\",\"@id\":\"https:\/\/metalpie.com\/#website\",\"url\":\"https:\/\/metalpie.com\/\",\"name\":\"METALPIE\",\"description\":\"Precision Metal Fabrication | Tools, Processes &amp; More\",\"potentialAction\":[{\"@type\":\"SearchAction\",\"target\":{\"@type\":\"EntryPoint\",\"urlTemplate\":\"https:\/\/metalpie.com\/?s={search_term_string}\"},\"query-input\":\"required name=search_term_string\"}],\"inLanguage\":\"es\"}]}<\/script>\n<!-- \/ Yoast SEO plugin. -->","yoast_head_json":{"title":"Carrocer\u00eda de aluminio para camiones | Carrocer\u00edas de aluminio para camiones en venta","description":"La carroceria de aluminio para camiones Hualv es de buena calidad. Es popular entre los clientes debido a su alta calidad, precio competitivo y tama\u00f1o personalizado.","robots":{"index":"index","follow":"follow","max-snippet":"max-snippet:-1","max-image-preview":"max-image-preview:large","max-video-preview":"max-video-preview:-1"},"canonical":"https:\/\/metalpie.com\/es\/vehiculos-de-aluminio\/carrocerias-de-aluminio-para-camiones\/","og_locale":"es_ES","og_type":"article","og_title":"Aluminum Box Truck Body | Aluminum Truck Bodies for Sale","og_description":"Hualv aluminum box truck body is of good quality. It is popular among clients due to its high quality, competitive rate, and custom size.","og_url":"https:\/\/metalpie.com\/es\/vehiculos-de-aluminio\/carrocerias-de-aluminio-para-camiones\/","og_site_name":"METALPIE","article_modified_time":"2023-01-31T07:02:37+00:00","og_image":[{"width":1000,"height":750,"url":"https:\/\/metalpie.com\/wp-content\/uploads\/2022\/12\/Aluminum_Truck_Bodies_new.webp","type":"image\/webp"}],"twitter_card":"summary_large_image","twitter_misc":{"Tiempo de lectura":"1 minuto"},"schema":{"@context":"https:\/\/schema.org","@graph":[{"@type":"WebPage","@id":"https:\/\/metalpie.com\/ru\/%d0%b0%d0%bb%d1%8e%d0%bc%d0%b8%d0%bd%d0%b8%d0%b5%d0%b2%d1%8b%d0%b5-%d0%b0%d0%b2%d1%82%d0%be%d0%bc%d0%be%d0%b1%d0%b8%d0%bb%d0%b8\/%d0%b0%d0%bb%d1%8e%d0%bc%d0%b8%d0%bd%d0%b8%d0%b5%d0%b2%d1%8b%d0%b5-%d0%ba%d1%83%d0%b7%d0%be%d0%b2%d0%b0-%d0%b3%d1%80%d1%83%d0%b7%d0%be%d0%b2%d0%b8%d0%ba%d0%be%d0%b2\/","url":"https:\/\/metalpie.com\/ru\/%d0%b0%d0%bb%d1%8e%d0%bc%d0%b8%d0%bd%d0%b8%d0%b5%d0%b2%d1%8b%d0%b5-%d0%b0%d0%b2%d1%82%d0%be%d0%bc%d0%be%d0%b1%d0%b8%d0%bb%d0%b8\/%d0%b0%d0%bb%d1%8e%d0%bc%d0%b8%d0%bd%d0%b8%d0%b5%d0%b2%d1%8b%d0%b5-%d0%ba%d1%83%d0%b7%d0%be%d0%b2%d0%b0-%d0%b3%d1%80%d1%83%d0%b7%d0%be%d0%b2%d0%b8%d0%ba%d0%be%d0%b2\/","name":"Carrocer\u00eda de aluminio para camiones | Carrocer\u00edas de aluminio para camiones en venta","isPartOf":{"@id":"https:\/\/metalpie.com\/#website"},"datePublished":"2022-12-20T02:30:52+00:00","dateModified":"2023-01-31T07:02:37+00:00","description":"La carroceria de aluminio para camiones Hualv es de buena calidad. Es popular entre los clientes debido a su alta calidad, precio competitivo y tama\u00f1o personalizado.","breadcrumb":{"@id":"https:\/\/metalpie.com\/ru\/%d0%b0%d0%bb%d1%8e%d0%bc%d0%b8%d0%bd%d0%b8%d0%b5%d0%b2%d1%8b%d0%b5-%d0%b0%d0%b2%d1%82%d0%be%d0%bc%d0%be%d0%b1%d0%b8%d0%bb%d0%b8\/%d0%b0%d0%bb%d1%8e%d0%bc%d0%b8%d0%bd%d0%b8%d0%b5%d0%b2%d1%8b%d0%b5-%d0%ba%d1%83%d0%b7%d0%be%d0%b2%d0%b0-%d0%b3%d1%80%d1%83%d0%b7%d0%be%d0%b2%d0%b8%d0%ba%d0%be%d0%b2\/#breadcrumb"},"inLanguage":"es","potentialAction":[{"@type":"ReadAction","target":["https:\/\/metalpie.com\/ru\/%d0%b0%d0%bb%d1%8e%d0%bc%d0%b8%d0%bd%d0%b8%d0%b5%d0%b2%d1%8b%d0%b5-%d0%b0%d0%b2%d1%82%d0%be%d0%bc%d0%be%d0%b1%d0%b8%d0%bb%d0%b8\/%d0%b0%d0%bb%d1%8e%d0%bc%d0%b8%d0%bd%d0%b8%d0%b5%d0%b2%d1%8b%d0%b5-%d0%ba%d1%83%d0%b7%d0%be%d0%b2%d0%b0-%d0%b3%d1%80%d1%83%d0%b7%d0%be%d0%b2%d0%b8%d0%ba%d0%be%d0%b2\/"]}]},{"@type":"BreadcrumbList","@id":"https:\/\/metalpie.com\/ru\/%d0%b0%d0%bb%d1%8e%d0%bc%d0%b8%d0%bd%d0%b8%d0%b5%d0%b2%d1%8b%d0%b5-%d0%b0%d0%b2%d1%82%d0%be%d0%bc%d0%be%d0%b1%d0%b8%d0%bb%d0%b8\/%d0%b0%d0%bb%d1%8e%d0%bc%d0%b8%d0%bd%d0%b8%d0%b5%d0%b2%d1%8b%d0%b5-%d0%ba%d1%83%d0%b7%d0%be%d0%b2%d0%b0-%d0%b3%d1%80%d1%83%d0%b7%d0%be%d0%b2%d0%b8%d0%ba%d0%be%d0%b2\/#breadcrumb","itemListElement":[{"@type":"ListItem","position":1,"name":"Home","item":"https:\/\/metalpie.com\/"},{"@type":"ListItem","position":2,"name":"Products","item":"https:\/\/metalpie.com\/shop\/"},{"@type":"ListItem","position":3,"name":"Aluminum Box Truck Body"}]},{"@type":"WebSite","@id":"https:\/\/metalpie.com\/#website","url":"https:\/\/metalpie.com\/","name":"METALPIE","description":"Fabricaci\u00f3n de metales de precisi\u00f3n | Herramientas, procesos y m\u00e1s","potentialAction":[{"@type":"SearchAction","target":{"@type":"EntryPoint","urlTemplate":"https:\/\/metalpie.com\/?s={search_term_string}"},"query-input":"required name=search_term_string"}],"inLanguage":"es"}]}},"_links":{"self":[{"href":"https:\/\/metalpie.com\/es\/wp-json\/wp\/v2\/product\/3229","targetHints":{"allow":["GET"]}}],"collection":[{"href":"https:\/\/metalpie.com\/es\/wp-json\/wp\/v2\/product"}],"about":[{"href":"https:\/\/metalpie.com\/es\/wp-json\/wp\/v2\/types\/product"}],"replies":[{"embeddable":true,"href":"https:\/\/metalpie.com\/es\/wp-json\/wp\/v2\/comments?post=3229"}],"wp:featuredmedia":[{"embeddable":true,"href":"https:\/\/metalpie.com\/es\/wp-json\/wp\/v2\/media\/3256"}],"wp:attachment":[{"href":"https:\/\/metalpie.com\/es\/wp-json\/wp\/v2\/media?parent=3229"}],"wp:term":[{"taxonomy":"product_cat","embeddable":true,"href":"https:\/\/metalpie.com\/es\/wp-json\/wp\/v2\/product_cat?post=3229"}],"curies":[{"name":"wp","href":"https:\/\/api.w.org\/{rel}","templated":true}]}}