{"id":3199,"date":"2022-12-20T09:23:39","date_gmt":"2022-12-20T01:23:39","guid":{"rendered":"https:\/\/metalpie.com\/?post_type=product&#038;p=3199"},"modified":"2023-02-17T17:08:51","modified_gmt":"2023-02-17T09:08:51","slug":"13-75-metros-de-semirremolque-de-aluminio","status":"publish","type":"product","link":"https:\/\/metalpie.com\/es\/vehiculos-de-aluminio\/13-75-metros-de-semirremolque-de-aluminio\/","title":{"rendered":"13,75 metros de semirremolque de aluminio"},"content":{"rendered":"<section class=\"section\" id=\"section_1797324101\">\n\t\t<div class=\"bg section-bg fill bg-fill  bg-loaded\" >\n\n\t\t\t\n\t\t\t\n\t\t\t\n\n\t\t<\/div>\n\n\t\t\n\n\t\t<div class=\"section-content relative\">\n\t\t\t\n<div class=\"row\"  id=\"row-585022378\">\n\n\t<div id=\"col-1323536051\" class=\"col small-12 large-12\"  >\n\t\t\t\t<div class=\"col-inner\"  >\n\t\t\t\n\t\t\t\n<h2>Par\u00e1metros del semirremolque de aluminio<\/h2>\n<table width=\"285\">\n<tbody>\n<tr>\n<td colspan=\"3\" width=\"285\"><strong>Principales par\u00e1metros t\u00e9cnicos<\/strong><\/td>\n<\/tr>\n<tr>\n<td width=\"95\"><strong>Longitud exterior<\/strong><\/td>\n<td width=\"95\"><strong>Anchura exterior<\/strong><\/td>\n<td width=\"95\"><strong>Altura exterior<\/strong><\/td>\n<\/tr>\n<tr>\n<td width=\"95\">13750<\/td>\n<td width=\"95\">2550<\/td>\n<td width=\"95\">4000<\/td>\n<\/tr>\n<tr>\n<td width=\"95\"><strong>Longitud interior<\/strong><\/td>\n<td width=\"95\"><strong>Anchura interior<\/strong><\/td>\n<td width=\"95\"><strong>Altura interior<\/strong><\/td>\n<\/tr>\n<tr>\n<td width=\"95\">13700<\/td>\n<td width=\"95\">2500<\/td>\n<td width=\"95\">2630<\/td>\n<\/tr>\n<tr>\n<td width=\"95\"><strong>Espesor de los paneles laterales<\/strong><\/td>\n<td width=\"95\"><strong>Espesor del panel de la puerta<\/strong><\/td>\n<td width=\"95\"><strong>Placa inferior<\/strong><\/td>\n<\/tr>\n<tr>\n<td width=\"95\">20<\/td>\n<td width=\"95\">25<\/td>\n<td width=\"95\">Base de aluminio<\/td>\n<\/tr>\n<tr>\n<td width=\"95\"><strong>Puerta lateral<\/strong><\/td>\n<td width=\"95\"><strong>Puerta trasera<\/strong><\/td>\n<td width=\"95\"><strong>Cerraduras<\/strong><\/td>\n<\/tr>\n<tr>\n<td width=\"95\">Puertas dobles laterales<\/td>\n<td width=\"95\">Puertas dobles<\/td>\n<td width=\"95\">90<\/td>\n<\/tr>\n<tr>\n<td width=\"95\"><strong>Suspensi\u00f3n<\/strong><\/td>\n<td width=\"95\"><strong>Eje\/n\u00famero de ejes<\/strong><\/td>\n<td width=\"95\"><strong>Neum\u00e1tico<\/strong><\/td>\n<\/tr>\n<tr>\n<td width=\"95\">Suspensi\u00f3n neum\u00e1tica BPW<\/td>\n<td width=\"95\">BPW 10 toneladas \/ 2 ejes<\/td>\n<td width=\"95\">425\/65R22.5<\/td>\n<\/tr>\n<tr>\n<td width=\"95\"><strong>Rueda<\/strong><\/td>\n<td width=\"95\"><strong>Outrigger<\/strong><\/td>\n<td width=\"95\"><strong>V\u00e1lvula de rel\u00e9 de emergencia<\/strong><\/td>\n<\/tr>\n<tr>\n<td width=\"95\">13,00*22,5 Fabricado en aluminio<\/td>\n<td width=\"95\">17\u2033enlace<\/td>\n<td width=\"95\">Wabco<\/td>\n<\/tr>\n<tr>\n<td width=\"95\"><strong>Pasador de remolque<\/strong><\/td>\n<td width=\"95\"><strong>ABS<\/strong><\/td>\n<td width=\"95\"><strong>V\u00e1lvula de apret\u00f3n de manos<\/strong><\/td>\n<\/tr>\n<tr>\n<td width=\"95\">50#<\/td>\n<td width=\"95\">Dom\u00e9stico 4S\/2M<\/td>\n<td width=\"95\">Wabco<\/td>\n<\/tr>\n<tr>\n<td width=\"95\"><strong>Peso\/kg<\/strong><\/td>\n<td colspan=\"2\" width=\"190\"><strong>4900<\/strong><\/td>\n<\/tr>\n<\/tbody>\n<\/table>\n<h2><strong><span data-preserver-spaces=\"true\">Semirremolques de aluminio Descripci\u00f3n<\/span><\/strong><\/h2>\n<p><span data-preserver-spaces=\"true\">Nuestra empresa produce principalmente todo tipo de carros de aleaci\u00f3n de aluminio. La superficie de los carros puede fabricarse en varios colores, y podemos personalizar el tama\u00f1o de los carros seg\u00fan las necesidades del cliente.<\/span><\/p>\n<p><span data-preserver-spaces=\"true\">Contamos con un equipo profesional de I+D, y podemos desarrollar los productos que necesite seg\u00fan sus necesidades.<\/span><\/p>\n<h2><strong><span data-preserver-spaces=\"true\">Caracter\u00edsticas<\/span><\/strong><\/h2>\n<p><span data-preserver-spaces=\"true\">1. La carrocer\u00eda est\u00e1 fabricada con perfiles de aluminio de alta resistencia, unidos principalmente mediante soldadura y atornillado;<\/span><\/p>\n<p><span data-preserver-spaces=\"true\">2. La columna frontal adopta una estructura de gran arco para reducir la resistencia al viento y cumplir plenamente los requisitos de la norma GB1589;<\/span><\/p>\n<p><span data-preserver-spaces=\"true\">3. La banda de goma adopta una estructura incorporada, que es m\u00e1s bonita, tiene una vida \u00fatil m\u00e1s larga y un sellado m\u00e1s fiable;<\/span><\/p>\n<p><span data-preserver-spaces=\"true\">4. La placa inferior es una estructura de perfil hueco de alta resistencia, que puede satisfacer las operaciones de carga y descarga de las carretillas elevadoras.<\/span><\/p>\n<p><span data-preserver-spaces=\"true\">5. La protecci\u00f3n lateral puede equiparse con una estructura de fald\u00f3n\/barandilla.<\/span><\/p>\n<p><span data-preserver-spaces=\"true\">6. Los paneles laterales de aluminio del semirremolque son resistentes y se abren f\u00e1cilmente.<\/span><\/p>\n\t\t<\/div>\n\t\t\t\t\t<\/div>\n\n\t\n<\/div>\n\t\t<\/div>\n\n\t\t\n<style>\n#section_1797324101 {\n  padding-top: 30px;\n  padding-bottom: 30px;\n}\n<\/style>\n\t<\/section>","protected":false},"excerpt":{"rendered":"","protected":false},"featured_media":3203,"comment_status":"closed","ping_status":"closed","template":"","meta":[],"product_cat":[98],"class_list":["post-3199","product","type-product","status-publish","has-post-thumbnail","hentry","product_cat-aluminum-vehicles"],"yoast_head":"<!-- This site is optimized with the Yoast SEO plugin v21.5 - https:\/\/yoast.com\/wordpress\/plugins\/seo\/ -->\n<title>13.75 Meters of Aluminum Semi-trailer | Aluminum Truck Body<\/title>\n<meta name=\"description\" content=\"We provide aluminum semi-trailers and aluminum cargo trailers. As a professional aluminum truck body manufacturer, we are your top choice!\" \/>\n<meta name=\"robots\" content=\"index, follow, max-snippet:-1, max-image-preview:large, max-video-preview:-1\" \/>\n<link rel=\"canonical\" href=\"https:\/\/metalpie.com\/es\/vehiculos-de-aluminio\/13-75-metros-de-semirremolque-de-aluminio\/\" \/>\n<meta property=\"og:locale\" content=\"es_ES\" \/>\n<meta property=\"og:type\" content=\"article\" \/>\n<meta property=\"og:title\" content=\"13.75 Meters of Aluminum Semi-trailer | Aluminum Truck Body\" \/>\n<meta property=\"og:description\" content=\"We provide aluminum semi-trailers and aluminum cargo trailers. As a professional aluminum truck body manufacturer, we are your top choice!\" \/>\n<meta property=\"og:url\" content=\"https:\/\/metalpie.com\/es\/vehiculos-de-aluminio\/13-75-metros-de-semirremolque-de-aluminio\/\" \/>\n<meta property=\"og:site_name\" content=\"METALPIE\" \/>\n<meta property=\"article:modified_time\" content=\"2023-02-17T09:08:51+00:00\" \/>\n<meta property=\"og:image\" content=\"https:\/\/metalpie.com\/wp-content\/uploads\/2022\/12\/Meters_13_of_Aluminum_Semi_trailer.webp\" \/>\n\t<meta property=\"og:image:width\" content=\"1000\" \/>\n\t<meta property=\"og:image:height\" content=\"750\" \/>\n\t<meta property=\"og:image:type\" content=\"image\/webp\" \/>\n<meta name=\"twitter:card\" content=\"summary_large_image\" \/>\n<meta name=\"twitter:label1\" content=\"Tiempo de lectura\" \/>\n\t<meta name=\"twitter:data1\" content=\"2 minutos\" \/>\n<script type=\"application\/ld+json\" class=\"yoast-schema-graph\">{\"@context\":\"https:\/\/schema.org\",\"@graph\":[{\"@type\":\"WebPage\",\"@id\":\"https:\/\/metalpie.com\/ru\/%d0%b0%d0%bb%d1%8e%d0%bc%d0%b8%d0%bd%d0%b8%d0%b5%d0%b2%d1%8b%d0%b5-%d0%b0%d0%b2%d1%82%d0%be%d0%bc%d0%be%d0%b1%d0%b8%d0%bb%d0%b8\/13-75-%d0%bc%d0%b5%d1%82%d1%80%d0%be%d0%b2-%d0%b0%d0%bb%d1%8e%d0%bc%d0%b8%d0%bd%d0%b8%d0%b5%d0%b2%d1%8b%d1%85-%d0%bf%d0%be%d0%bb%d1%83%d0%bf%d1%80%d0%b8%d1%86%d0%b5%d0%bf%d0%be%d0%b2\/\",\"url\":\"https:\/\/metalpie.com\/ru\/%d0%b0%d0%bb%d1%8e%d0%bc%d0%b8%d0%bd%d0%b8%d0%b5%d0%b2%d1%8b%d0%b5-%d0%b0%d0%b2%d1%82%d0%be%d0%bc%d0%be%d0%b1%d0%b8%d0%bb%d0%b8\/13-75-%d0%bc%d0%b5%d1%82%d1%80%d0%be%d0%b2-%d0%b0%d0%bb%d1%8e%d0%bc%d0%b8%d0%bd%d0%b8%d0%b5%d0%b2%d1%8b%d1%85-%d0%bf%d0%be%d0%bb%d1%83%d0%bf%d1%80%d0%b8%d1%86%d0%b5%d0%bf%d0%be%d0%b2\/\",\"name\":\"13.75 Meters of Aluminum Semi-trailer | Aluminum Truck Body\",\"isPartOf\":{\"@id\":\"https:\/\/metalpie.com\/#website\"},\"datePublished\":\"2022-12-20T01:23:39+00:00\",\"dateModified\":\"2023-02-17T09:08:51+00:00\",\"description\":\"We provide aluminum semi-trailers and aluminum cargo trailers. As a professional aluminum truck body manufacturer, we are your top choice!\",\"breadcrumb\":{\"@id\":\"https:\/\/metalpie.com\/ru\/%d0%b0%d0%bb%d1%8e%d0%bc%d0%b8%d0%bd%d0%b8%d0%b5%d0%b2%d1%8b%d0%b5-%d0%b0%d0%b2%d1%82%d0%be%d0%bc%d0%be%d0%b1%d0%b8%d0%bb%d0%b8\/13-75-%d0%bc%d0%b5%d1%82%d1%80%d0%be%d0%b2-%d0%b0%d0%bb%d1%8e%d0%bc%d0%b8%d0%bd%d0%b8%d0%b5%d0%b2%d1%8b%d1%85-%d0%bf%d0%be%d0%bb%d1%83%d0%bf%d1%80%d0%b8%d1%86%d0%b5%d0%bf%d0%be%d0%b2\/#breadcrumb\"},\"inLanguage\":\"es\",\"potentialAction\":[{\"@type\":\"ReadAction\",\"target\":[\"https:\/\/metalpie.com\/ru\/%d0%b0%d0%bb%d1%8e%d0%bc%d0%b8%d0%bd%d0%b8%d0%b5%d0%b2%d1%8b%d0%b5-%d0%b0%d0%b2%d1%82%d0%be%d0%bc%d0%be%d0%b1%d0%b8%d0%bb%d0%b8\/13-75-%d0%bc%d0%b5%d1%82%d1%80%d0%be%d0%b2-%d0%b0%d0%bb%d1%8e%d0%bc%d0%b8%d0%bd%d0%b8%d0%b5%d0%b2%d1%8b%d1%85-%d0%bf%d0%be%d0%bb%d1%83%d0%bf%d1%80%d0%b8%d1%86%d0%b5%d0%bf%d0%be%d0%b2\/\"]}]},{\"@type\":\"BreadcrumbList\",\"@id\":\"https:\/\/metalpie.com\/ru\/%d0%b0%d0%bb%d1%8e%d0%bc%d0%b8%d0%bd%d0%b8%d0%b5%d0%b2%d1%8b%d0%b5-%d0%b0%d0%b2%d1%82%d0%be%d0%bc%d0%be%d0%b1%d0%b8%d0%bb%d0%b8\/13-75-%d0%bc%d0%b5%d1%82%d1%80%d0%be%d0%b2-%d0%b0%d0%bb%d1%8e%d0%bc%d0%b8%d0%bd%d0%b8%d0%b5%d0%b2%d1%8b%d1%85-%d0%bf%d0%be%d0%bb%d1%83%d0%bf%d1%80%d0%b8%d1%86%d0%b5%d0%bf%d0%be%d0%b2\/#breadcrumb\",\"itemListElement\":[{\"@type\":\"ListItem\",\"position\":1,\"name\":\"Home\",\"item\":\"https:\/\/metalpie.com\/\"},{\"@type\":\"ListItem\",\"position\":2,\"name\":\"Products\",\"item\":\"https:\/\/metalpie.com\/shop\/\"},{\"@type\":\"ListItem\",\"position\":3,\"name\":\"13.75 Meters of Aluminum Semi-trailer\"}]},{\"@type\":\"WebSite\",\"@id\":\"https:\/\/metalpie.com\/#website\",\"url\":\"https:\/\/metalpie.com\/\",\"name\":\"METALPIE\",\"description\":\"Precision Metal Fabrication | Tools, Processes &amp; More\",\"potentialAction\":[{\"@type\":\"SearchAction\",\"target\":{\"@type\":\"EntryPoint\",\"urlTemplate\":\"https:\/\/metalpie.com\/?s={search_term_string}\"},\"query-input\":\"required name=search_term_string\"}],\"inLanguage\":\"es\"}]}<\/script>\n<!-- \/ Yoast SEO plugin. -->","yoast_head_json":{"title":"13,75 Metros de Semirremolque de Aluminio | Carrocer\u00eda de Cami\u00f3n de Aluminio","description":"Ofrecemos semirremolques de aluminio y remolques de carga de aluminio. Como fabricante profesional de carrocer\u00edas de aluminio para camiones, \u00a1somos su mejor opci\u00f3n!","robots":{"index":"index","follow":"follow","max-snippet":"max-snippet:-1","max-image-preview":"max-image-preview:large","max-video-preview":"max-video-preview:-1"},"canonical":"https:\/\/metalpie.com\/es\/vehiculos-de-aluminio\/13-75-metros-de-semirremolque-de-aluminio\/","og_locale":"es_ES","og_type":"article","og_title":"13.75 Meters of Aluminum Semi-trailer | Aluminum Truck Body","og_description":"We provide aluminum semi-trailers and aluminum cargo trailers. As a professional aluminum truck body manufacturer, we are your top choice!","og_url":"https:\/\/metalpie.com\/es\/vehiculos-de-aluminio\/13-75-metros-de-semirremolque-de-aluminio\/","og_site_name":"METALPIE","article_modified_time":"2023-02-17T09:08:51+00:00","og_image":[{"width":1000,"height":750,"url":"https:\/\/metalpie.com\/wp-content\/uploads\/2022\/12\/Meters_13_of_Aluminum_Semi_trailer.webp","type":"image\/webp"}],"twitter_card":"summary_large_image","twitter_misc":{"Tiempo de lectura":"2 minutos"},"schema":{"@context":"https:\/\/schema.org","@graph":[{"@type":"WebPage","@id":"https:\/\/metalpie.com\/ru\/%d0%b0%d0%bb%d1%8e%d0%bc%d0%b8%d0%bd%d0%b8%d0%b5%d0%b2%d1%8b%d0%b5-%d0%b0%d0%b2%d1%82%d0%be%d0%bc%d0%be%d0%b1%d0%b8%d0%bb%d0%b8\/13-75-%d0%bc%d0%b5%d1%82%d1%80%d0%be%d0%b2-%d0%b0%d0%bb%d1%8e%d0%bc%d0%b8%d0%bd%d0%b8%d0%b5%d0%b2%d1%8b%d1%85-%d0%bf%d0%be%d0%bb%d1%83%d0%bf%d1%80%d0%b8%d1%86%d0%b5%d0%bf%d0%be%d0%b2\/","url":"https:\/\/metalpie.com\/ru\/%d0%b0%d0%bb%d1%8e%d0%bc%d0%b8%d0%bd%d0%b8%d0%b5%d0%b2%d1%8b%d0%b5-%d0%b0%d0%b2%d1%82%d0%be%d0%bc%d0%be%d0%b1%d0%b8%d0%bb%d0%b8\/13-75-%d0%bc%d0%b5%d1%82%d1%80%d0%be%d0%b2-%d0%b0%d0%bb%d1%8e%d0%bc%d0%b8%d0%bd%d0%b8%d0%b5%d0%b2%d1%8b%d1%85-%d0%bf%d0%be%d0%bb%d1%83%d0%bf%d1%80%d0%b8%d1%86%d0%b5%d0%bf%d0%be%d0%b2\/","name":"13,75 Metros de Semirremolque de Aluminio | Carrocer\u00eda de Cami\u00f3n de Aluminio","isPartOf":{"@id":"https:\/\/metalpie.com\/#website"},"datePublished":"2022-12-20T01:23:39+00:00","dateModified":"2023-02-17T09:08:51+00:00","description":"Ofrecemos semirremolques de aluminio y remolques de carga de aluminio. Como fabricante profesional de carrocer\u00edas de aluminio para camiones, \u00a1somos su mejor opci\u00f3n!","breadcrumb":{"@id":"https:\/\/metalpie.com\/ru\/%d0%b0%d0%bb%d1%8e%d0%bc%d0%b8%d0%bd%d0%b8%d0%b5%d0%b2%d1%8b%d0%b5-%d0%b0%d0%b2%d1%82%d0%be%d0%bc%d0%be%d0%b1%d0%b8%d0%bb%d0%b8\/13-75-%d0%bc%d0%b5%d1%82%d1%80%d0%be%d0%b2-%d0%b0%d0%bb%d1%8e%d0%bc%d0%b8%d0%bd%d0%b8%d0%b5%d0%b2%d1%8b%d1%85-%d0%bf%d0%be%d0%bb%d1%83%d0%bf%d1%80%d0%b8%d1%86%d0%b5%d0%bf%d0%be%d0%b2\/#breadcrumb"},"inLanguage":"es","potentialAction":[{"@type":"ReadAction","target":["https:\/\/metalpie.com\/ru\/%d0%b0%d0%bb%d1%8e%d0%bc%d0%b8%d0%bd%d0%b8%d0%b5%d0%b2%d1%8b%d0%b5-%d0%b0%d0%b2%d1%82%d0%be%d0%bc%d0%be%d0%b1%d0%b8%d0%bb%d0%b8\/13-75-%d0%bc%d0%b5%d1%82%d1%80%d0%be%d0%b2-%d0%b0%d0%bb%d1%8e%d0%bc%d0%b8%d0%bd%d0%b8%d0%b5%d0%b2%d1%8b%d1%85-%d0%bf%d0%be%d0%bb%d1%83%d0%bf%d1%80%d0%b8%d1%86%d0%b5%d0%bf%d0%be%d0%b2\/"]}]},{"@type":"BreadcrumbList","@id":"https:\/\/metalpie.com\/ru\/%d0%b0%d0%bb%d1%8e%d0%bc%d0%b8%d0%bd%d0%b8%d0%b5%d0%b2%d1%8b%d0%b5-%d0%b0%d0%b2%d1%82%d0%be%d0%bc%d0%be%d0%b1%d0%b8%d0%bb%d0%b8\/13-75-%d0%bc%d0%b5%d1%82%d1%80%d0%be%d0%b2-%d0%b0%d0%bb%d1%8e%d0%bc%d0%b8%d0%bd%d0%b8%d0%b5%d0%b2%d1%8b%d1%85-%d0%bf%d0%be%d0%bb%d1%83%d0%bf%d1%80%d0%b8%d1%86%d0%b5%d0%bf%d0%be%d0%b2\/#breadcrumb","itemListElement":[{"@type":"ListItem","position":1,"name":"Home","item":"https:\/\/metalpie.com\/"},{"@type":"ListItem","position":2,"name":"Products","item":"https:\/\/metalpie.com\/shop\/"},{"@type":"ListItem","position":3,"name":"13.75 Meters of Aluminum Semi-trailer"}]},{"@type":"WebSite","@id":"https:\/\/metalpie.com\/#website","url":"https:\/\/metalpie.com\/","name":"METALPIE","description":"Fabricaci\u00f3n de metales de precisi\u00f3n | Herramientas, procesos y m\u00e1s","potentialAction":[{"@type":"SearchAction","target":{"@type":"EntryPoint","urlTemplate":"https:\/\/metalpie.com\/?s={search_term_string}"},"query-input":"required name=search_term_string"}],"inLanguage":"es"}]}},"_links":{"self":[{"href":"https:\/\/metalpie.com\/es\/wp-json\/wp\/v2\/product\/3199","targetHints":{"allow":["GET"]}}],"collection":[{"href":"https:\/\/metalpie.com\/es\/wp-json\/wp\/v2\/product"}],"about":[{"href":"https:\/\/metalpie.com\/es\/wp-json\/wp\/v2\/types\/product"}],"replies":[{"embeddable":true,"href":"https:\/\/metalpie.com\/es\/wp-json\/wp\/v2\/comments?post=3199"}],"wp:featuredmedia":[{"embeddable":true,"href":"https:\/\/metalpie.com\/es\/wp-json\/wp\/v2\/media\/3203"}],"wp:attachment":[{"href":"https:\/\/metalpie.com\/es\/wp-json\/wp\/v2\/media?parent=3199"}],"wp:term":[{"taxonomy":"product_cat","embeddable":true,"href":"https:\/\/metalpie.com\/es\/wp-json\/wp\/v2\/product_cat?post=3199"}],"curies":[{"name":"wp","href":"https:\/\/api.w.org\/{rel}","templated":true}]}}