{"id":3183,"date":"2022-12-19T17:08:38","date_gmt":"2022-12-19T09:08:38","guid":{"rendered":"https:\/\/metalpie.com\/?post_type=product&#038;p=3183"},"modified":"2023-02-17T17:23:18","modified_gmt":"2023-02-17T09:23:18","slug":"9-8-metros-de-remolques-de-carga-de-aluminio-con-carenado-trasero","status":"publish","type":"product","link":"https:\/\/metalpie.com\/es\/vehiculos-de-aluminio\/9-8-metros-de-remolques-de-carga-de-aluminio-con-carenado-trasero\/","title":{"rendered":"Remolques de carga de aluminio de 9,8 metros con carenado trasero"},"content":{"rendered":"<section class=\"section\" id=\"section_361675669\">\n\t\t<div class=\"bg section-bg fill bg-fill  bg-loaded\" >\n\n\t\t\t\n\t\t\t\n\t\t\t\n\n\t\t<\/div>\n\n\t\t\n\n\t\t<div class=\"section-content relative\">\n\t\t\t\n<div class=\"row\"  id=\"row-1463341160\">\n\n\t<div id=\"col-511016934\" class=\"col small-12 large-12\"  >\n\t\t\t\t<div class=\"col-inner\"  >\n\t\t\t\n\t\t\t\n<h2>Par\u00e1metros del remolque de carga totalmente de aluminio<\/h2>\n<table width=\"285\">\n<tbody>\n<tr>\n<td width=\"95\"><strong>Longitud exterior<\/strong><\/td>\n<td width=\"95\"><strong>Anchura exterior<\/strong><\/td>\n<td width=\"95\"><strong>Altura exterior<\/strong><\/td>\n<\/tr>\n<tr>\n<td width=\"95\">4190<\/td>\n<td width=\"95\">2150<\/td>\n<td width=\"95\">2325<\/td>\n<\/tr>\n<tr>\n<td width=\"95\"><strong>Longitud interior<\/strong><\/td>\n<td width=\"95\"><strong>Anchura interior<\/strong><\/td>\n<td width=\"95\"><strong>Altura interior<\/strong><\/td>\n<\/tr>\n<tr>\n<td width=\"95\">4140<\/td>\n<td width=\"95\">2100<\/td>\n<td width=\"95\">2100<\/td>\n<\/tr>\n<tr>\n<td width=\"95\"><strong>Espesor de los paneles laterales<\/strong><\/td>\n<td width=\"95\"><strong>Espesor del panel de la puerta<\/strong><\/td>\n<td width=\"95\"><strong>Placa inferior<\/strong><\/td>\n<\/tr>\n<tr>\n<td width=\"95\">20<\/td>\n<td width=\"95\">20<\/td>\n<td width=\"95\">Perfiles de aluminio<\/td>\n<\/tr>\n<tr>\n<td width=\"95\"><strong>Puerta lateral<\/strong><\/td>\n<td width=\"95\"><strong>Puerta trasera<\/strong><\/td>\n<td width=\"95\"><strong>Cerraduras<\/strong><\/td>\n<\/tr>\n<tr>\n<td width=\"95\">Puertas dobles<\/td>\n<td width=\"95\">Puertas dobles<\/td>\n<td width=\"95\">galvanizado<\/td>\n<\/tr>\n<tr>\n<td width=\"95\"><strong>Peso de la caja desnuda\/kg<\/strong><\/td>\n<td width=\"95\"><strong>Volumen\/m\u00b3<\/strong><\/td>\n<td width=\"95\"><strong>Carga de dise\u00f1o\/tonelada<\/strong><\/td>\n<\/tr>\n<tr>\n<td width=\"95\">430<\/td>\n<td width=\"95\">18.2<\/td>\n<td width=\"95\">5<\/td>\n<\/tr>\n<\/tbody>\n<\/table>\n<h2>Descripci\u00f3n<\/h2>\n<p><span data-preserver-spaces=\"true\">Nuestra empresa produce principalmente todo tipo de carros de aleaci\u00f3n de aluminio. La superficie de los carros se puede hacer en varios colores, y el tama\u00f1o de los carros se puede personalizar seg\u00fan las necesidades del cliente.<\/span><\/p>\n<p><span data-preserver-spaces=\"true\">Contamos con un equipo profesional de I+D, y podemos desarrollar los productos que necesite seg\u00fan sus necesidades.<\/span><\/p>\n<h2>Todos los remolques de carga de aluminio Caracter\u00edsticas<\/h2>\n<p><span data-preserver-spaces=\"true\">1. El cuerpo de la caja est\u00e1 fabricado con perfiles de aluminio de alta resistencia desarrollados y producidos de forma independiente, con remachado, soldadura y atornillado como principales m\u00e9todos de conexi\u00f3n, complementados con pegado, etc., para facilitar el montaje y el mantenimiento;<\/span><\/p>\n<p><span data-preserver-spaces=\"true\">2. La cubierta de aluminio del remolque adopta una estructura ensamblada de perfiles de aluminio, que tiene buena resistencia y es f\u00e1cil de ensamblar;<\/span><\/p>\n<p><span data-preserver-spaces=\"true\">3. Las columnas, las vigas laterales y otras estructuras se dise\u00f1an en forma de arco, que son m\u00e1s bellas y tienen menos resistencia al viento;<\/span><\/p>\n<p><span data-preserver-spaces=\"true\">4. 4. Placa de cola de aleaci\u00f3n de aluminio opcional, el tama\u00f1o de la placa de cola es 2100 * 1630, y la parte superior de la placa de cola est\u00e1 equipada con una puerta de aleta, que es conveniente para la carga y descarga.<\/span><\/p>\n\t\t<\/div>\n\t\t\t\t\t<\/div>\n\n\t\n<\/div>\n\t\t<\/div>\n\n\t\t\n<style>\n#section_361675669 {\n  padding-top: 30px;\n  padding-bottom: 30px;\n}\n<\/style>\n\t<\/section>","protected":false},"excerpt":{"rendered":"","protected":false},"featured_media":3184,"comment_status":"closed","ping_status":"closed","template":"","meta":[],"product_cat":[98],"class_list":["post-3183","product","type-product","status-publish","has-post-thumbnail","hentry","product_cat-aluminum-vehicles"],"yoast_head":"<!-- This site is optimized with the Yoast SEO plugin v21.5 - https:\/\/yoast.com\/wordpress\/plugins\/seo\/ -->\n<title>9.8 Meters All Aluminum Cargo Trailers with Rear Fairing<\/title>\n<meta name=\"description\" content=\"We provide all aluminum cargo trailers and other aluminum truck bodies. Contact us to customize cargo trailers for your business!\" \/>\n<meta name=\"robots\" content=\"index, follow, max-snippet:-1, max-image-preview:large, max-video-preview:-1\" \/>\n<link rel=\"canonical\" href=\"https:\/\/metalpie.com\/es\/vehiculos-de-aluminio\/9-8-metros-de-remolques-de-carga-de-aluminio-con-carenado-trasero\/\" \/>\n<meta property=\"og:locale\" content=\"es_ES\" \/>\n<meta property=\"og:type\" content=\"article\" \/>\n<meta property=\"og:title\" content=\"9.8 Meters All Aluminum Cargo Trailers with Rear Fairing\" \/>\n<meta property=\"og:description\" content=\"We provide all aluminum cargo trailers and other aluminum truck bodies. Contact us to customize cargo trailers for your business!\" \/>\n<meta property=\"og:url\" content=\"https:\/\/metalpie.com\/es\/vehiculos-de-aluminio\/9-8-metros-de-remolques-de-carga-de-aluminio-con-carenado-trasero\/\" \/>\n<meta property=\"og:site_name\" content=\"METALPIE\" \/>\n<meta property=\"article:modified_time\" content=\"2023-02-17T09:23:18+00:00\" \/>\n<meta property=\"og:image\" content=\"https:\/\/metalpie.com\/wp-content\/uploads\/2022\/12\/Aluminum_Cargo_Trailers_with_Rear_Fairing_feature_image.jpg\" \/>\n\t<meta property=\"og:image:width\" content=\"1000\" \/>\n\t<meta property=\"og:image:height\" content=\"750\" \/>\n\t<meta property=\"og:image:type\" content=\"image\/jpeg\" \/>\n<meta name=\"twitter:card\" content=\"summary_large_image\" \/>\n<meta name=\"twitter:label1\" content=\"Tiempo de lectura\" \/>\n\t<meta name=\"twitter:data1\" content=\"1 minuto\" \/>\n<script type=\"application\/ld+json\" class=\"yoast-schema-graph\">{\"@context\":\"https:\/\/schema.org\",\"@graph\":[{\"@type\":\"WebPage\",\"@id\":\"https:\/\/metalpie.com\/ru\/%d0%b0%d0%bb%d1%8e%d0%bc%d0%b8%d0%bd%d0%b8%d0%b5%d0%b2%d1%8b%d0%b5-%d0%b0%d0%b2%d1%82%d0%be%d0%bc%d0%be%d0%b1%d0%b8%d0%bb%d0%b8\/9-8-%d0%bc%d0%b5%d1%82%d1%80%d0%be%d0%b2-%d0%b0%d0%bb%d1%8e%d0%bc%d0%b8%d0%bd%d0%b8%d0%b5%d0%b2%d1%8b%d1%85-%d0%b3%d1%80%d1%83%d0%b7%d0%be%d0%b2%d1%8b%d1%85-%d0%bf%d1%80%d0%b8%d1%86%d0%b5%d0%bf%d0%be\/\",\"url\":\"https:\/\/metalpie.com\/ru\/%d0%b0%d0%bb%d1%8e%d0%bc%d0%b8%d0%bd%d0%b8%d0%b5%d0%b2%d1%8b%d0%b5-%d0%b0%d0%b2%d1%82%d0%be%d0%bc%d0%be%d0%b1%d0%b8%d0%bb%d0%b8\/9-8-%d0%bc%d0%b5%d1%82%d1%80%d0%be%d0%b2-%d0%b0%d0%bb%d1%8e%d0%bc%d0%b8%d0%bd%d0%b8%d0%b5%d0%b2%d1%8b%d1%85-%d0%b3%d1%80%d1%83%d0%b7%d0%be%d0%b2%d1%8b%d1%85-%d0%bf%d1%80%d0%b8%d1%86%d0%b5%d0%bf%d0%be\/\",\"name\":\"9.8 Meters All Aluminum Cargo Trailers with Rear Fairing\",\"isPartOf\":{\"@id\":\"https:\/\/metalpie.com\/#website\"},\"datePublished\":\"2022-12-19T09:08:38+00:00\",\"dateModified\":\"2023-02-17T09:23:18+00:00\",\"description\":\"We provide all aluminum cargo trailers and other aluminum truck bodies. Contact us to customize cargo trailers for your business!\",\"breadcrumb\":{\"@id\":\"https:\/\/metalpie.com\/ru\/%d0%b0%d0%bb%d1%8e%d0%bc%d0%b8%d0%bd%d0%b8%d0%b5%d0%b2%d1%8b%d0%b5-%d0%b0%d0%b2%d1%82%d0%be%d0%bc%d0%be%d0%b1%d0%b8%d0%bb%d0%b8\/9-8-%d0%bc%d0%b5%d1%82%d1%80%d0%be%d0%b2-%d0%b0%d0%bb%d1%8e%d0%bc%d0%b8%d0%bd%d0%b8%d0%b5%d0%b2%d1%8b%d1%85-%d0%b3%d1%80%d1%83%d0%b7%d0%be%d0%b2%d1%8b%d1%85-%d0%bf%d1%80%d0%b8%d1%86%d0%b5%d0%bf%d0%be\/#breadcrumb\"},\"inLanguage\":\"es\",\"potentialAction\":[{\"@type\":\"ReadAction\",\"target\":[\"https:\/\/metalpie.com\/ru\/%d0%b0%d0%bb%d1%8e%d0%bc%d0%b8%d0%bd%d0%b8%d0%b5%d0%b2%d1%8b%d0%b5-%d0%b0%d0%b2%d1%82%d0%be%d0%bc%d0%be%d0%b1%d0%b8%d0%bb%d0%b8\/9-8-%d0%bc%d0%b5%d1%82%d1%80%d0%be%d0%b2-%d0%b0%d0%bb%d1%8e%d0%bc%d0%b8%d0%bd%d0%b8%d0%b5%d0%b2%d1%8b%d1%85-%d0%b3%d1%80%d1%83%d0%b7%d0%be%d0%b2%d1%8b%d1%85-%d0%bf%d1%80%d0%b8%d1%86%d0%b5%d0%bf%d0%be\/\"]}]},{\"@type\":\"BreadcrumbList\",\"@id\":\"https:\/\/metalpie.com\/ru\/%d0%b0%d0%bb%d1%8e%d0%bc%d0%b8%d0%bd%d0%b8%d0%b5%d0%b2%d1%8b%d0%b5-%d0%b0%d0%b2%d1%82%d0%be%d0%bc%d0%be%d0%b1%d0%b8%d0%bb%d0%b8\/9-8-%d0%bc%d0%b5%d1%82%d1%80%d0%be%d0%b2-%d0%b0%d0%bb%d1%8e%d0%bc%d0%b8%d0%bd%d0%b8%d0%b5%d0%b2%d1%8b%d1%85-%d0%b3%d1%80%d1%83%d0%b7%d0%be%d0%b2%d1%8b%d1%85-%d0%bf%d1%80%d0%b8%d1%86%d0%b5%d0%bf%d0%be\/#breadcrumb\",\"itemListElement\":[{\"@type\":\"ListItem\",\"position\":1,\"name\":\"Home\",\"item\":\"https:\/\/metalpie.com\/\"},{\"@type\":\"ListItem\",\"position\":2,\"name\":\"Products\",\"item\":\"https:\/\/metalpie.com\/shop\/\"},{\"@type\":\"ListItem\",\"position\":3,\"name\":\"9.8 Meters All Aluminum Cargo Trailers with Rear Fairing\"}]},{\"@type\":\"WebSite\",\"@id\":\"https:\/\/metalpie.com\/#website\",\"url\":\"https:\/\/metalpie.com\/\",\"name\":\"METALPIE\",\"description\":\"Precision Metal Fabrication | Tools, Processes &amp; More\",\"potentialAction\":[{\"@type\":\"SearchAction\",\"target\":{\"@type\":\"EntryPoint\",\"urlTemplate\":\"https:\/\/metalpie.com\/?s={search_term_string}\"},\"query-input\":\"required name=search_term_string\"}],\"inLanguage\":\"es\"}]}<\/script>\n<!-- \/ Yoast SEO plugin. -->","yoast_head_json":{"title":"Remolques de carga de aluminio de 9,8 metros con carenado trasero","description":"Ofrecemos todos los remolques de carga de aluminio y otras carrocer\u00edas de camiones de aluminio. \u00a1P\u00f3ngase en contacto con nosotros para personalizar los remolques de carga para su negocio!","robots":{"index":"index","follow":"follow","max-snippet":"max-snippet:-1","max-image-preview":"max-image-preview:large","max-video-preview":"max-video-preview:-1"},"canonical":"https:\/\/metalpie.com\/es\/vehiculos-de-aluminio\/9-8-metros-de-remolques-de-carga-de-aluminio-con-carenado-trasero\/","og_locale":"es_ES","og_type":"article","og_title":"9.8 Meters All Aluminum Cargo Trailers with Rear Fairing","og_description":"We provide all aluminum cargo trailers and other aluminum truck bodies. Contact us to customize cargo trailers for your business!","og_url":"https:\/\/metalpie.com\/es\/vehiculos-de-aluminio\/9-8-metros-de-remolques-de-carga-de-aluminio-con-carenado-trasero\/","og_site_name":"METALPIE","article_modified_time":"2023-02-17T09:23:18+00:00","og_image":[{"width":1000,"height":750,"url":"https:\/\/metalpie.com\/wp-content\/uploads\/2022\/12\/Aluminum_Cargo_Trailers_with_Rear_Fairing_feature_image.jpg","type":"image\/jpeg"}],"twitter_card":"summary_large_image","twitter_misc":{"Tiempo de lectura":"1 minuto"},"schema":{"@context":"https:\/\/schema.org","@graph":[{"@type":"WebPage","@id":"https:\/\/metalpie.com\/ru\/%d0%b0%d0%bb%d1%8e%d0%bc%d0%b8%d0%bd%d0%b8%d0%b5%d0%b2%d1%8b%d0%b5-%d0%b0%d0%b2%d1%82%d0%be%d0%bc%d0%be%d0%b1%d0%b8%d0%bb%d0%b8\/9-8-%d0%bc%d0%b5%d1%82%d1%80%d0%be%d0%b2-%d0%b0%d0%bb%d1%8e%d0%bc%d0%b8%d0%bd%d0%b8%d0%b5%d0%b2%d1%8b%d1%85-%d0%b3%d1%80%d1%83%d0%b7%d0%be%d0%b2%d1%8b%d1%85-%d0%bf%d1%80%d0%b8%d1%86%d0%b5%d0%bf%d0%be\/","url":"https:\/\/metalpie.com\/ru\/%d0%b0%d0%bb%d1%8e%d0%bc%d0%b8%d0%bd%d0%b8%d0%b5%d0%b2%d1%8b%d0%b5-%d0%b0%d0%b2%d1%82%d0%be%d0%bc%d0%be%d0%b1%d0%b8%d0%bb%d0%b8\/9-8-%d0%bc%d0%b5%d1%82%d1%80%d0%be%d0%b2-%d0%b0%d0%bb%d1%8e%d0%bc%d0%b8%d0%bd%d0%b8%d0%b5%d0%b2%d1%8b%d1%85-%d0%b3%d1%80%d1%83%d0%b7%d0%be%d0%b2%d1%8b%d1%85-%d0%bf%d1%80%d0%b8%d1%86%d0%b5%d0%bf%d0%be\/","name":"Remolques de carga de aluminio de 9,8 metros con carenado trasero","isPartOf":{"@id":"https:\/\/metalpie.com\/#website"},"datePublished":"2022-12-19T09:08:38+00:00","dateModified":"2023-02-17T09:23:18+00:00","description":"Ofrecemos todos los remolques de carga de aluminio y otras carrocer\u00edas de camiones de aluminio. \u00a1P\u00f3ngase en contacto con nosotros para personalizar los remolques de carga para su negocio!","breadcrumb":{"@id":"https:\/\/metalpie.com\/ru\/%d0%b0%d0%bb%d1%8e%d0%bc%d0%b8%d0%bd%d0%b8%d0%b5%d0%b2%d1%8b%d0%b5-%d0%b0%d0%b2%d1%82%d0%be%d0%bc%d0%be%d0%b1%d0%b8%d0%bb%d0%b8\/9-8-%d0%bc%d0%b5%d1%82%d1%80%d0%be%d0%b2-%d0%b0%d0%bb%d1%8e%d0%bc%d0%b8%d0%bd%d0%b8%d0%b5%d0%b2%d1%8b%d1%85-%d0%b3%d1%80%d1%83%d0%b7%d0%be%d0%b2%d1%8b%d1%85-%d0%bf%d1%80%d0%b8%d1%86%d0%b5%d0%bf%d0%be\/#breadcrumb"},"inLanguage":"es","potentialAction":[{"@type":"ReadAction","target":["https:\/\/metalpie.com\/ru\/%d0%b0%d0%bb%d1%8e%d0%bc%d0%b8%d0%bd%d0%b8%d0%b5%d0%b2%d1%8b%d0%b5-%d0%b0%d0%b2%d1%82%d0%be%d0%bc%d0%be%d0%b1%d0%b8%d0%bb%d0%b8\/9-8-%d0%bc%d0%b5%d1%82%d1%80%d0%be%d0%b2-%d0%b0%d0%bb%d1%8e%d0%bc%d0%b8%d0%bd%d0%b8%d0%b5%d0%b2%d1%8b%d1%85-%d0%b3%d1%80%d1%83%d0%b7%d0%be%d0%b2%d1%8b%d1%85-%d0%bf%d1%80%d0%b8%d1%86%d0%b5%d0%bf%d0%be\/"]}]},{"@type":"BreadcrumbList","@id":"https:\/\/metalpie.com\/ru\/%d0%b0%d0%bb%d1%8e%d0%bc%d0%b8%d0%bd%d0%b8%d0%b5%d0%b2%d1%8b%d0%b5-%d0%b0%d0%b2%d1%82%d0%be%d0%bc%d0%be%d0%b1%d0%b8%d0%bb%d0%b8\/9-8-%d0%bc%d0%b5%d1%82%d1%80%d0%be%d0%b2-%d0%b0%d0%bb%d1%8e%d0%bc%d0%b8%d0%bd%d0%b8%d0%b5%d0%b2%d1%8b%d1%85-%d0%b3%d1%80%d1%83%d0%b7%d0%be%d0%b2%d1%8b%d1%85-%d0%bf%d1%80%d0%b8%d1%86%d0%b5%d0%bf%d0%be\/#breadcrumb","itemListElement":[{"@type":"ListItem","position":1,"name":"Home","item":"https:\/\/metalpie.com\/"},{"@type":"ListItem","position":2,"name":"Products","item":"https:\/\/metalpie.com\/shop\/"},{"@type":"ListItem","position":3,"name":"9.8 Meters All Aluminum Cargo Trailers with Rear Fairing"}]},{"@type":"WebSite","@id":"https:\/\/metalpie.com\/#website","url":"https:\/\/metalpie.com\/","name":"METALPIE","description":"Fabricaci\u00f3n de metales de precisi\u00f3n | Herramientas, procesos y m\u00e1s","potentialAction":[{"@type":"SearchAction","target":{"@type":"EntryPoint","urlTemplate":"https:\/\/metalpie.com\/?s={search_term_string}"},"query-input":"required name=search_term_string"}],"inLanguage":"es"}]}},"_links":{"self":[{"href":"https:\/\/metalpie.com\/es\/wp-json\/wp\/v2\/product\/3183","targetHints":{"allow":["GET"]}}],"collection":[{"href":"https:\/\/metalpie.com\/es\/wp-json\/wp\/v2\/product"}],"about":[{"href":"https:\/\/metalpie.com\/es\/wp-json\/wp\/v2\/types\/product"}],"replies":[{"embeddable":true,"href":"https:\/\/metalpie.com\/es\/wp-json\/wp\/v2\/comments?post=3183"}],"wp:featuredmedia":[{"embeddable":true,"href":"https:\/\/metalpie.com\/es\/wp-json\/wp\/v2\/media\/3184"}],"wp:attachment":[{"href":"https:\/\/metalpie.com\/es\/wp-json\/wp\/v2\/media?parent=3183"}],"wp:term":[{"taxonomy":"product_cat","embeddable":true,"href":"https:\/\/metalpie.com\/es\/wp-json\/wp\/v2\/product_cat?post=3183"}],"curies":[{"name":"wp","href":"https:\/\/api.w.org\/{rel}","templated":true}]}}