{"id":2773,"date":"2022-10-09T13:28:02","date_gmt":"2022-10-09T05:28:02","guid":{"rendered":"https:\/\/metalpie.com\/?post_type=product&#038;p=2773"},"modified":"2023-02-17T14:52:09","modified_gmt":"2023-02-17T06:52:09","slug":"es116-puerta-corredera","status":"publish","type":"product","link":"https:\/\/metalpie.com\/es\/ventanas-puertas-de-aluminio\/es116-puerta-corredera\/","title":{"rendered":"ES116 Puerta corredera de aluminio"},"content":{"rendered":"<section class=\"section\" id=\"section_1884634136\">\n\t\t<div class=\"bg section-bg fill bg-fill  bg-loaded\" >\n\n\t\t\t\n\t\t\t\n\t\t\t\n\n\t\t<\/div>\n\n\t\t\n\n\t\t<div class=\"section-content relative\">\n\t\t\t\n<div class=\"row\"  id=\"row-571462636\">\n\n\t<div id=\"col-288259982\" class=\"col small-12 large-12\"  >\n\t\t\t\t<div class=\"col-inner\"  >\n\t\t\t\n\t\t\t\n<h2><span data-preserver-spaces=\"true\">ES116 Puerta corredera de aluminio Descripci\u00f3n<\/span><\/h2>\n<p><span data-preserver-spaces=\"true\">ES116 es una de las puertas correderas de cristal de aluminio m\u00e1s vendidas. Hay dos grandes piezas de vidrio en la puerta. Y los marcos de aluminio de la puerta ocupan s\u00f3lo una peque\u00f1a parte. Por lo tanto, es muy adecuado para aquellos que quieren una buena luz. Para los hogares, se puede instalar en el balc\u00f3n como una partici\u00f3n entre las habitaciones y el balc\u00f3n. Tambi\u00e9n puede instalarlo en el cuarto de ba\u00f1o para separarlo. Admitimos la personalizaci\u00f3n, por lo que podemos cambiar el cristal de la puerta por cristal esmerilado, mejor utilizado en un cuarto de ba\u00f1o. Tambi\u00e9n se puede elegir el color. Cualquier color que desee, puede compartir su idea con nosotros. Le proporcionaremos una fant\u00e1stica puerta corredera.\u00a0<\/span><\/p>\n<h2>Herrajes de aluminio para puertas<\/h2>\n<ul>\n<li>Pomo de buena calidad. Est\u00e1 fabricado con material de alta calidad. As\u00ed que no hay que preocuparse si es f\u00e1cil de romper o desprenderse. Y el revestimiento de la superficie tampoco se desprende debido al proceso especial.<\/li>\n<li>Bisagra de puerta. Las excelentes bisagras de puerta son fuertes y resistentes al desgaste.<\/li>\n<\/ul>\n<h2 class=\"okr-block-clipboard lark-doc\" data-okr=\"%7B%22okrDelta%22%3A%5B%7B%22lineType%22%3A%22text%22%2C%22lineOptions%22%3A%7B%7D%2C%22lineContent%22%3A%5B%7B%22opType%22%3A%22text%22%2C%22options%22%3A%7B%22text%22%3A%22Color%20%26%20Size%22%7D%7D%5D%7D%2C%7B%22lineType%22%3A%22text%22%2C%22lineOptions%22%3A%7B%7D%2C%22lineContent%22%3A%5B%7B%22opType%22%3A%22text%22%2C%22options%22%3A%7B%22text%22%3A%22We%20use%20five%20processes%20powder%20coating%2C%20PVDF%20coating%2C%20wood%20grain%2C%20anodized%2C%20and%20electrophoresis%20to%20color%20aluminum%20window%20frames.%20Custom%20colors%20and%20sizes%20are%20also%20available.%22%7D%7D%5D%7D%5D%2C%22businessKey%22%3A%22lark-doc%22%7D\"><span style=\"font-size: 23.04px;\">Color y tama\u00f1o<\/span><\/h2>\n<div data-zone-id=\"grpfj1bsuo\" data-line-index=\"1\">Utilizamos cinco procesos: recubrimiento en polvo, recubrimiento de PVDF, veteado de madera, anodizado y electroforesis para colorear los marcos de aluminio de las ventanas. Tambi\u00e9n disponemos de colores y tama\u00f1os personalizados.<\/div>\n<div data-zone-id=\"grpfj1bsuo\" data-line-index=\"1\"><\/div>\n<div data-zone-id=\"grpfj1bsuo\" data-line-index=\"1\">\n<h2>Caracter\u00edsticas<\/h2>\n<ul>\n<li><span data-preserver-spaces=\"true\">Gran superficie de apertura y amplia visi\u00f3n<\/span><\/li>\n<li><span data-preserver-spaces=\"true\">Menos perfiles y tramitaci\u00f3n sencilla<\/span><\/li>\n<li><span data-preserver-spaces=\"true\">No ocupar el espacio interior despu\u00e9s de la apertura.<\/span><\/li>\n<li><span data-preserver-spaces=\"true\">Perla de vidrio en el interior, hacer que la ventana segura y sonido\u3002<\/span><\/li>\n<li><span data-preserver-spaces=\"true\">Dise\u00f1o de muesca est\u00e1ndar europeo, Hardware con fuerte compatibilidad.<\/span><\/li>\n<li><span data-preserver-spaces=\"true\">Dise\u00f1o de sellado multicanal, que hace que el sellado sea perfecto.<\/span><\/li>\n<li><span data-preserver-spaces=\"true\">Puede utilizarse tanto como puerta interior como exterior.<\/span><\/li>\n<\/ul>\n<\/div>\n<div data-zone-id=\"grpfj1bsuo\" data-line-index=\"1\"><\/div>\n\t\t<\/div>\n\t\t\t\t\t<\/div>\n\n\t\n<\/div>\n\t\t<\/div>\n\n\t\t\n<style>\n#section_1884634136 {\n  padding-top: 30px;\n  padding-bottom: 30px;\n}\n<\/style>\n\t<\/section>\n\t\n\t<section class=\"section\" id=\"section_527191895\">\n\t\t<div class=\"bg section-bg fill bg-fill  bg-loaded\" >\n\n\t\t\t\n\t\t\t\n\t\t\t\n\n\t\t<\/div>\n\n\t\t\t<div class=\"ux-shape-divider ux-shape-divider--top ux-shape-divider--style-curve-opacity\">\n\t\t<svg viewbox=\"0 0 1000 100\" xmlns=\"http:\/\/www.w3.org\/2000\/svg\" preserveaspectratio=\"none\">\n\t\t<path class=\"ux-shape-fill\" opacity=\"0.15\" d=\"M0 14C0 14 88.64 17.48 300 50C560 90 814 77 1003 40L1015 68L1018 104H0V14Z\"\/>\n\t\t<path class=\"ux-shape-fill\" opacity=\"0.3\" d=\"M0 45C0 45 271 90.13 500 77C657 68 830 30 1015 14V100H0V45Z\"\/>\n\t\t<path class=\"ux-shape-fill\" d=\"M0 58C0 58 188.29 90 508 90C798 90 1002 55 1002 55V100H0V58Z\"\/>\n<\/svg>\n\t<\/div>\n\n\n\t\t<div class=\"section-content relative\">\n\t\t\t\n<div class=\"is-divider divider clearfix\" style=\"margin-top:0px;margin-bottom:0px;max-width:0px;height:30px;\"><\/div>\n<div class=\"row row-collapse align-middle\"  id=\"row-829242219\">\n\n\t<div id=\"col-2075709423\" class=\"col medium-6 small-12 large-6\"  >\n\t\t\t\t<div class=\"col-inner\"  >\n\t\t\t\n\t\t\t\n<div class=\"row row-small align-middle\"  id=\"row-1391900633\">\n\n\t<div id=\"col-520568294\" class=\"col medium-7 small-12 large-7\"  >\n\t\t\t\t<div class=\"col-inner\"  >\n\t\t\t\n\t\t\t\n\t<div class=\"img has-hover x md-x lg-x y md-y lg-y\" id=\"image_736922046\">\n\t\t\t\t\t\t\t\t<div class=\"img-inner dark\" >\n\t\t\t<img loading=\"lazy\" decoding=\"async\" width=\"532\" height=\"366\" src=\"https:\/\/metalpie.com\/wp-content\/uploads\/2022\/09\/block_Universal_products_bottom_001.1image.jpg.webp\" class=\"attachment-original size-original\" alt=\"\" srcset=\"https:\/\/metalpie.com\/wp-content\/uploads\/2022\/09\/block_Universal_products_bottom_001.1image.jpg.webp 532w, https:\/\/metalpie.com\/wp-content\/uploads\/2022\/09\/block_Universal_products_bottom_001.1image.jpg-300x206.webp 300w\" sizes=\"auto, (max-width: 532px) 100vw, 532px\" \/>\t\t\t\t\t\t\n\t\t\t\t\t<\/div>\n\t\t\t\t\t\t\t\t\n<style>\n#image_736922046 {\n  width: 100%;\n}\n<\/style>\n\t<\/div>\n\t\n\t\t<\/div>\n\t\t\t\t\t<\/div>\n\n\t\n\n\t<div id=\"col-873382872\" class=\"col medium-5 small-12 large-5\"  >\n\t\t\t\t<div class=\"col-inner\"  >\n\t\t\t\n\t\t\t\n\t<div id=\"text-3656820191\" class=\"text\">\n\t\t\n<h5>Rendimiento herm\u00e9tico<\/h5>\n\t\t\n<style>\n#text-3656820191 {\n  text-align: center;\n}\n@media (min-width:550px) {\n  #text-3656820191 {\n    text-align: left;\n  }\n}\n<\/style>\n\t<\/div>\n\t\n\t<div id=\"text-3541455263\" class=\"text\">\n\t\t\n<p><b>Nivel 5<\/b><\/p>\n\t\t\n<style>\n#text-3541455263 {\n  text-align: center;\n}\n@media (min-width:550px) {\n  #text-3541455263 {\n    text-align: left;\n  }\n}\n<\/style>\n\t<\/div>\n\t\n\t\t<\/div>\n\t\t\t\t\t<\/div>\n\n\t\n<\/div>\n\t\t<\/div>\n\t\t\t\t\t<\/div>\n\n\t\n\n\t<div id=\"col-549093882\" class=\"col medium-6 small-12 large-6\"  >\n\t\t\t\t<div class=\"col-inner\"  >\n\t\t\t\n\t\t\t\n<div class=\"row row-small align-middle\"  id=\"row-558604099\">\n\n\t<div id=\"col-2145153348\" class=\"col medium-7 small-12 large-7\"  >\n\t\t\t\t<div class=\"col-inner\"  >\n\t\t\t\n\t\t\t\n\t<div class=\"img has-hover x md-x lg-x y md-y lg-y\" id=\"image_1153314931\">\n\t\t\t\t\t\t\t\t<div class=\"img-inner dark\" >\n\t\t\t<img loading=\"lazy\" decoding=\"async\" width=\"534\" height=\"368\" src=\"https:\/\/metalpie.com\/wp-content\/uploads\/2022\/09\/block_Universal_products_bottom_002.2image.jpg.webp\" class=\"attachment-original size-original\" alt=\"\" srcset=\"https:\/\/metalpie.com\/wp-content\/uploads\/2022\/09\/block_Universal_products_bottom_002.2image.jpg.webp 534w, https:\/\/metalpie.com\/wp-content\/uploads\/2022\/09\/block_Universal_products_bottom_002.2image.jpg-300x207.webp 300w\" sizes=\"auto, (max-width: 534px) 100vw, 534px\" \/>\t\t\t\t\t\t\n\t\t\t\t\t<\/div>\n\t\t\t\t\t\t\t\t\n<style>\n#image_1153314931 {\n  width: 100%;\n}\n<\/style>\n\t<\/div>\n\t\n\t\t<\/div>\n\t\t\t\t\t<\/div>\n\n\t\n\n\t<div id=\"col-1519932155\" class=\"col medium-5 small-12 large-5\"  >\n\t\t\t\t<div class=\"col-inner\"  >\n\t\t\t\n\t\t\t\n\t<div id=\"text-1143805263\" class=\"text\">\n\t\t\n<h5>Resistencia a la presi\u00f3n del viento<\/h5>\n\t\t\n<style>\n#text-1143805263 {\n  text-align: center;\n}\n@media (min-width:550px) {\n  #text-1143805263 {\n    text-align: left;\n  }\n}\n<\/style>\n\t<\/div>\n\t\n\t<div id=\"text-1790071836\" class=\"text\">\n\t\t\n<p><strong>Nivel 9<\/strong><\/p>\n\t\t\n<style>\n#text-1790071836 {\n  text-align: center;\n}\n@media (min-width:550px) {\n  #text-1790071836 {\n    text-align: left;\n  }\n}\n<\/style>\n\t<\/div>\n\t\n\t\t<\/div>\n\t\t\t\t\t<\/div>\n\n\t\n<\/div>\n\t\t<\/div>\n\t\t\t\t\t<\/div>\n\n\t\n\n\t<div id=\"col-101414961\" class=\"col medium-6 small-12 large-6\"  >\n\t\t\t\t<div class=\"col-inner\"  >\n\t\t\t\n\t\t\t\n<div class=\"row row-small align-middle\"  id=\"row-1826850514\">\n\n\t<div id=\"col-302117652\" class=\"col medium-7 small-12 large-7\"  >\n\t\t\t\t<div class=\"col-inner\"  >\n\t\t\t\n\t\t\t\n\t<div class=\"img has-hover x md-x lg-x y md-y lg-y\" id=\"image_1406761032\">\n\t\t\t\t\t\t\t\t<div class=\"img-inner dark\" >\n\t\t\t<img loading=\"lazy\" decoding=\"async\" width=\"531\" height=\"366\" src=\"https:\/\/metalpie.com\/wp-content\/uploads\/2022\/09\/block_Universal_products_bottom_003.3image.jpg.webp\" class=\"attachment-original size-original\" alt=\"\" srcset=\"https:\/\/metalpie.com\/wp-content\/uploads\/2022\/09\/block_Universal_products_bottom_003.3image.jpg.webp 531w, https:\/\/metalpie.com\/wp-content\/uploads\/2022\/09\/block_Universal_products_bottom_003.3image.jpg-300x207.webp 300w\" sizes=\"auto, (max-width: 531px) 100vw, 531px\" \/>\t\t\t\t\t\t\n\t\t\t\t\t<\/div>\n\t\t\t\t\t\t\t\t\n<style>\n#image_1406761032 {\n  width: 100%;\n}\n<\/style>\n\t<\/div>\n\t\n\t\t<\/div>\n\t\t\t\t\t<\/div>\n\n\t\n\n\t<div id=\"col-628893892\" class=\"col medium-5 small-12 large-5\"  >\n\t\t\t\t<div class=\"col-inner\"  >\n\t\t\t\n\t\t\t\n\t<div id=\"text-3155320872\" class=\"text\">\n\t\t\n<h5>Estanqueidad<\/h5>\n\t\t\n<style>\n#text-3155320872 {\n  text-align: center;\n}\n@media (min-width:550px) {\n  #text-3155320872 {\n    text-align: left;\n  }\n}\n<\/style>\n\t<\/div>\n\t\n\t<div id=\"text-171092678\" class=\"text\">\n\t\t\n<p><strong>Nivel 3<\/strong><\/p>\n\t\t\n<style>\n#text-171092678 {\n  text-align: center;\n}\n@media (min-width:550px) {\n  #text-171092678 {\n    text-align: left;\n  }\n}\n<\/style>\n\t<\/div>\n\t\n\t\t<\/div>\n\t\t\t\t\t<\/div>\n\n\t\n<\/div>\n\t\t<\/div>\n\t\t\t\t\t<\/div>\n\n\t\n\n\t<div id=\"col-378840159\" class=\"col medium-6 small-12 large-6\"  >\n\t\t\t\t<div class=\"col-inner\"  >\n\t\t\t\n\t\t\t\n<div class=\"row row-small align-middle\"  id=\"row-2076198748\">\n\n\t<div id=\"col-1473735082\" class=\"col medium-7 small-12 large-7\"  >\n\t\t\t\t<div class=\"col-inner\"  >\n\t\t\t\n\t\t\t\n\t<div class=\"img has-hover x md-x lg-x y md-y lg-y\" id=\"image_1564025504\">\n\t\t\t\t\t\t\t\t<div class=\"img-inner dark\" >\n\t\t\t<img loading=\"lazy\" decoding=\"async\" width=\"531\" height=\"365\" src=\"https:\/\/metalpie.com\/wp-content\/uploads\/2022\/09\/block_Universal_products_bottom_004.4image.jpg.webp\" class=\"attachment-original size-original\" alt=\"\" srcset=\"https:\/\/metalpie.com\/wp-content\/uploads\/2022\/09\/block_Universal_products_bottom_004.4image.jpg.webp 531w, https:\/\/metalpie.com\/wp-content\/uploads\/2022\/09\/block_Universal_products_bottom_004.4image.jpg-300x206.webp 300w\" sizes=\"auto, (max-width: 531px) 100vw, 531px\" \/>\t\t\t\t\t\t\n\t\t\t\t\t<\/div>\n\t\t\t\t\t\t\t\t\n<style>\n#image_1564025504 {\n  width: 100%;\n}\n<\/style>\n\t<\/div>\n\t\n\t\t<\/div>\n\t\t\t\t\t<\/div>\n\n\t\n\n\t<div id=\"col-1749181336\" class=\"col medium-5 small-12 large-5\"  >\n\t\t\t\t<div class=\"col-inner\"  >\n\t\t\t\n\t\t\t\n\t<div id=\"text-3037283027\" class=\"text\">\n\t\t\n<h5>Rendimiento del aislamiento<\/h5>\n\t\t\n<style>\n#text-3037283027 {\n  text-align: center;\n}\n@media (min-width:550px) {\n  #text-3037283027 {\n    text-align: left;\n  }\n}\n<\/style>\n\t<\/div>\n\t\n\t<div id=\"text-2044266018\" class=\"text\">\n\t\t\n<p>K=2,2~ 2,8W\/(\u33a1.K)<\/p>\n\t\t\n<style>\n#text-2044266018 {\n  text-align: center;\n}\n@media (min-width:550px) {\n  #text-2044266018 {\n    text-align: left;\n  }\n}\n<\/style>\n\t<\/div>\n\t\n\t\t<\/div>\n\t\t\t\t\t<\/div>\n\n\t\n<\/div>\n\t\t<\/div>\n\t\t\t\t\t<\/div>\n\n\t\n\n<style>\n#row-829242219 > .col > .col-inner {\n  padding: 0px 20px 0px 20px;\n}\n<\/style>\n<\/div>\n\t\t<\/div>\n\n\t\t\n<style>\n#section_527191895 {\n  padding-top: 0px;\n  padding-bottom: 0px;\n  background-color: rgb(245, 245, 245);\n}\n#section_527191895 .ux-shape-divider--top svg {\n  height: 143px;\n  --divider-top-width: 100%;\n}\n<\/style>\n\t<\/section>\n\t\n\t<section class=\"section\" id=\"section_164297766\">\n\t\t<div class=\"bg section-bg fill bg-fill  bg-loaded\" >\n\n\t\t\t\n\t\t\t\n\t\t\t\n\n\t\t<\/div>\n\n\t\t\n\n\t\t<div class=\"section-content relative\">\n\t\t\t\n<div class=\"row\"  id=\"row-146708480\">\n\n\t<div id=\"col-1058560143\" class=\"col small-12 large-12\"  >\n\t\t\t\t<div class=\"col-inner\"  >\n\t\t\t\n\t\t\t\n<h2>Campos de aplicaci\u00f3n de la puerta corredera de aluminio ES116<\/h2>\n<ul>\n<li>Estudiar<\/li>\n<li>Centros comerciales<\/li>\n<li>Villas<\/li>\n<li>Edificios de oficinas<\/li>\n<\/ul>\n\t\t<\/div>\n\t\t\t\t\t<\/div>\n\n\t\n<\/div>\n\t\t<\/div>\n\n\t\t\n<style>\n#section_164297766 {\n  padding-top: 30px;\n  padding-bottom: 30px;\n}\n<\/style>\n\t<\/section>\n\t\n\t<section class=\"section\" id=\"section_1427505655\">\n\t\t<div class=\"bg section-bg fill bg-fill  bg-loaded\" >\n\n\t\t\t\n\t\t\t<div class=\"section-bg-overlay absolute fill\"><\/div>\n\t\t\t\n\n\t\t<\/div>\n\n\t\t\n\n\t\t<div class=\"section-content relative\">\n\t\t\t\n<div class=\"is-divider divider clearfix\" style=\"margin-top:0.0em;margin-bottom:0.0em;max-width:0px;height:20px;\"><\/div>\n<div class=\"row row-large align-middle\"  id=\"row-1234240109\">\n\n\t<div id=\"col-795837687\" class=\"col medium-6 small-12 large-6\"  >\n\t\t\t\t<div class=\"col-inner\"  >\n\t\t\t\n\t\t\t\n\t<div class=\"img has-hover x md-x lg-x y md-y lg-y\" id=\"image_947982743\">\n\t\t\t\t\t\t\t\t<div class=\"img-inner dark\" >\n\t\t\t<img loading=\"lazy\" decoding=\"async\" width=\"1000\" height=\"1000\" src=\"https:\/\/metalpie.com\/wp-content\/uploads\/2022\/11\/ES_116.webp\" class=\"attachment-large size-large\" alt=\"Muestra de puerta corredera de aluminio ES116\" srcset=\"https:\/\/metalpie.com\/wp-content\/uploads\/2022\/11\/ES_116.webp 1000w, https:\/\/metalpie.com\/wp-content\/uploads\/2022\/11\/ES_116-300x300.webp 300w, https:\/\/metalpie.com\/wp-content\/uploads\/2022\/11\/ES_116-80x80.webp 80w, https:\/\/metalpie.com\/wp-content\/uploads\/2022\/11\/ES_116-768x768.webp 768w, https:\/\/metalpie.com\/wp-content\/uploads\/2022\/11\/ES_116-500x500.webp 500w, https:\/\/metalpie.com\/wp-content\/uploads\/2022\/11\/ES_116-800x800.webp 800w, https:\/\/metalpie.com\/wp-content\/uploads\/2022\/11\/ES_116-100x100.webp 100w\" sizes=\"auto, (max-width: 1000px) 100vw, 1000px\" \/>\t\t\t\t\t\t\n\t\t\t\t\t<\/div>\n\t\t\t\t\t\t\t\t\n<style>\n#image_947982743 {\n  width: 100%;\n}\n<\/style>\n\t<\/div>\n\t\n\t\t<\/div>\n\t\t\t\t\t<\/div>\n\n\t\n\n\t<div id=\"col-855749489\" class=\"col medium-6 small-12 large-6\"  >\n\t\t\t\t<div class=\"col-inner text-left\"  >\n\t\t\t\n\t\t\t\n<h2><span data-preserver-spaces=\"true\">ES116 Muestra de puerta corredera de aluminio<\/span><\/h2>\n<p><span data-preserver-spaces=\"true\">En la imagen, puede ver que hay dos piezas de cristal para la puerta corredera de aluminio ES116. A\u00f1adimos una rotura de puente t\u00e9rmico para apartar el marco de la puerta de aluminio para un mejor aislamiento t\u00e9rmico. Este es un dise\u00f1o popular de puente roto de aluminio. Si desea una muestra de la puerta, p\u00f3ngase en contacto con nosotros.<\/span><\/p>\n<p><strong>Especificaciones:<\/strong><\/p>\n<ul>\n<li><span data-preserver-spaces=\"true\">Profundidad del marco: 116 mm<\/span><\/li>\n<li><span data-preserver-spaces=\"true\">Rotura de puente t\u00e9rmico: 15 mm\/18,6 mm<\/span><\/li>\n<li><span data-preserver-spaces=\"true\">Profundidad del ventilador: 52 mm<\/span><\/li>\n<li><span data-preserver-spaces=\"true\">Rotura de puente t\u00e9rmico: 15 mm<\/span><\/li>\n<\/ul>\n\t\t<\/div>\n\t\t\t\t\t<\/div>\n\n\t\n\n<style>\n#row-1234240109 > .col > .col-inner {\n  padding: 0px 20px 0px 20px;\n}\n<\/style>\n<\/div>\n\t\t<\/div>\n\n\t\t\n<style>\n#section_1427505655 {\n  padding-top: 0px;\n  padding-bottom: 0px;\n  background-color: rgb(193, 193, 193);\n}\n#section_1427505655 .section-bg-overlay {\n  background-color: rgba(255, 255, 255, 0.85);\n}\n<\/style>\n\t<\/section>","protected":false},"excerpt":{"rendered":"<p>La puerta plegable ES116 es un estilo sencillo que puede aplicarse a la puerta de la cocina, el balc\u00f3n, la sala de reuniones, etc. Esta puerta plegable hace que su habitaci\u00f3n parezca mucho m\u00e1s limpia y ordenada.<\/p>","protected":false},"featured_media":2774,"comment_status":"closed","ping_status":"closed","template":"","meta":[],"product_cat":[15],"class_list":["post-2773","product","type-product","status-publish","has-post-thumbnail","hentry","product_cat-aluminum-windows-doors"],"yoast_head":"<!-- This site is optimized with the Yoast SEO plugin v21.5 - https:\/\/yoast.com\/wordpress\/plugins\/seo\/ -->\n<title>ES116 Sliding Door | Aluminum Sliding Glass Doors- METALPIE<\/title>\n<meta name=\"description\" content=\"ES116 sliding door is suitable for home, hotel, and company, including kitchen, balcony, bathroom, and meeting room... We can customize the size you want.\" \/>\n<meta name=\"robots\" content=\"index, follow, max-snippet:-1, max-image-preview:large, max-video-preview:-1\" \/>\n<link rel=\"canonical\" href=\"https:\/\/metalpie.com\/es\/ventanas-puertas-de-aluminio\/es116-puerta-corredera\/\" \/>\n<meta property=\"og:locale\" content=\"es_ES\" \/>\n<meta property=\"og:type\" content=\"article\" \/>\n<meta property=\"og:title\" content=\"ES116 Sliding Door | Aluminum Sliding Glass Doors- METALPIE\" \/>\n<meta property=\"og:description\" content=\"ES116 sliding door is suitable for home, hotel, and company, including kitchen, balcony, bathroom, and meeting room... We can customize the size you want.\" \/>\n<meta property=\"og:url\" content=\"https:\/\/metalpie.com\/es\/ventanas-puertas-de-aluminio\/es116-puerta-corredera\/\" \/>\n<meta property=\"og:site_name\" content=\"METALPIE\" \/>\n<meta property=\"article:modified_time\" content=\"2023-02-17T06:52:09+00:00\" \/>\n<meta property=\"og:image\" content=\"https:\/\/metalpie.com\/wp-content\/uploads\/2022\/10\/ES116_sliding_door_001image.webp\" \/>\n\t<meta property=\"og:image:width\" content=\"1000\" \/>\n\t<meta property=\"og:image:height\" content=\"1000\" \/>\n\t<meta property=\"og:image:type\" content=\"image\/webp\" \/>\n<meta name=\"twitter:card\" content=\"summary_large_image\" \/>\n<meta name=\"twitter:label1\" content=\"Tiempo de lectura\" \/>\n\t<meta name=\"twitter:data1\" content=\"3 minutos\" \/>\n<script type=\"application\/ld+json\" class=\"yoast-schema-graph\">{\"@context\":\"https:\/\/schema.org\",\"@graph\":[{\"@type\":\"WebPage\",\"@id\":\"https:\/\/metalpie.com\/aluminum-windows-doors\/es116-sliding-door\/\",\"url\":\"https:\/\/metalpie.com\/aluminum-windows-doors\/es116-sliding-door\/\",\"name\":\"ES116 Sliding Door | Aluminum Sliding Glass Doors- METALPIE\",\"isPartOf\":{\"@id\":\"https:\/\/metalpie.com\/#website\"},\"datePublished\":\"2022-10-09T05:28:02+00:00\",\"dateModified\":\"2023-02-17T06:52:09+00:00\",\"description\":\"ES116 sliding door is suitable for home, hotel, and company, including kitchen, balcony, bathroom, and meeting room... We can customize the size you want.\",\"breadcrumb\":{\"@id\":\"https:\/\/metalpie.com\/aluminum-windows-doors\/es116-sliding-door\/#breadcrumb\"},\"inLanguage\":\"es\",\"potentialAction\":[{\"@type\":\"ReadAction\",\"target\":[\"https:\/\/metalpie.com\/aluminum-windows-doors\/es116-sliding-door\/\"]}]},{\"@type\":\"BreadcrumbList\",\"@id\":\"https:\/\/metalpie.com\/aluminum-windows-doors\/es116-sliding-door\/#breadcrumb\",\"itemListElement\":[{\"@type\":\"ListItem\",\"position\":1,\"name\":\"Home\",\"item\":\"https:\/\/metalpie.com\/\"},{\"@type\":\"ListItem\",\"position\":2,\"name\":\"Products\",\"item\":\"https:\/\/metalpie.com\/shop\/\"},{\"@type\":\"ListItem\",\"position\":3,\"name\":\"ES116 Aluminum Sliding Glass Door\"}]},{\"@type\":\"WebSite\",\"@id\":\"https:\/\/metalpie.com\/#website\",\"url\":\"https:\/\/metalpie.com\/\",\"name\":\"METALPIE\",\"description\":\"Precision Metal Fabrication | Tools, Processes &amp; More\",\"potentialAction\":[{\"@type\":\"SearchAction\",\"target\":{\"@type\":\"EntryPoint\",\"urlTemplate\":\"https:\/\/metalpie.com\/?s={search_term_string}\"},\"query-input\":\"required name=search_term_string\"}],\"inLanguage\":\"es\"}]}<\/script>\n<!-- \/ Yoast SEO plugin. -->","yoast_head_json":{"title":"ES116 Puerta Corredera | Puertas Corredera de Aluminio - METALPIE","description":"La puerta corredera ES116 es adecuada para el hogar, el hotel y la empresa, incluyendo la cocina, el balc\u00f3n, el ba\u00f1o y la sala de reuniones... Podemos personalizar el tama\u00f1o que desee.","robots":{"index":"index","follow":"follow","max-snippet":"max-snippet:-1","max-image-preview":"max-image-preview:large","max-video-preview":"max-video-preview:-1"},"canonical":"https:\/\/metalpie.com\/es\/ventanas-puertas-de-aluminio\/es116-puerta-corredera\/","og_locale":"es_ES","og_type":"article","og_title":"ES116 Sliding Door | Aluminum Sliding Glass Doors- METALPIE","og_description":"ES116 sliding door is suitable for home, hotel, and company, including kitchen, balcony, bathroom, and meeting room... We can customize the size you want.","og_url":"https:\/\/metalpie.com\/es\/ventanas-puertas-de-aluminio\/es116-puerta-corredera\/","og_site_name":"METALPIE","article_modified_time":"2023-02-17T06:52:09+00:00","og_image":[{"width":1000,"height":1000,"url":"https:\/\/metalpie.com\/wp-content\/uploads\/2022\/10\/ES116_sliding_door_001image.webp","type":"image\/webp"}],"twitter_card":"summary_large_image","twitter_misc":{"Tiempo de lectura":"3 minutos"},"schema":{"@context":"https:\/\/schema.org","@graph":[{"@type":"WebPage","@id":"https:\/\/metalpie.com\/aluminum-windows-doors\/es116-sliding-door\/","url":"https:\/\/metalpie.com\/aluminum-windows-doors\/es116-sliding-door\/","name":"ES116 Puerta Corredera | Puertas Corredera de Aluminio - METALPIE","isPartOf":{"@id":"https:\/\/metalpie.com\/#website"},"datePublished":"2022-10-09T05:28:02+00:00","dateModified":"2023-02-17T06:52:09+00:00","description":"La puerta corredera ES116 es adecuada para el hogar, el hotel y la empresa, incluyendo la cocina, el balc\u00f3n, el ba\u00f1o y la sala de reuniones... Podemos personalizar el tama\u00f1o que desee.","breadcrumb":{"@id":"https:\/\/metalpie.com\/aluminum-windows-doors\/es116-sliding-door\/#breadcrumb"},"inLanguage":"es","potentialAction":[{"@type":"ReadAction","target":["https:\/\/metalpie.com\/aluminum-windows-doors\/es116-sliding-door\/"]}]},{"@type":"BreadcrumbList","@id":"https:\/\/metalpie.com\/aluminum-windows-doors\/es116-sliding-door\/#breadcrumb","itemListElement":[{"@type":"ListItem","position":1,"name":"Home","item":"https:\/\/metalpie.com\/"},{"@type":"ListItem","position":2,"name":"Products","item":"https:\/\/metalpie.com\/shop\/"},{"@type":"ListItem","position":3,"name":"ES116 Aluminum Sliding Glass Door"}]},{"@type":"WebSite","@id":"https:\/\/metalpie.com\/#website","url":"https:\/\/metalpie.com\/","name":"METALPIE","description":"Fabricaci\u00f3n de metales de precisi\u00f3n | Herramientas, procesos y m\u00e1s","potentialAction":[{"@type":"SearchAction","target":{"@type":"EntryPoint","urlTemplate":"https:\/\/metalpie.com\/?s={search_term_string}"},"query-input":"required name=search_term_string"}],"inLanguage":"es"}]}},"_links":{"self":[{"href":"https:\/\/metalpie.com\/es\/wp-json\/wp\/v2\/product\/2773","targetHints":{"allow":["GET"]}}],"collection":[{"href":"https:\/\/metalpie.com\/es\/wp-json\/wp\/v2\/product"}],"about":[{"href":"https:\/\/metalpie.com\/es\/wp-json\/wp\/v2\/types\/product"}],"replies":[{"embeddable":true,"href":"https:\/\/metalpie.com\/es\/wp-json\/wp\/v2\/comments?post=2773"}],"wp:featuredmedia":[{"embeddable":true,"href":"https:\/\/metalpie.com\/es\/wp-json\/wp\/v2\/media\/2774"}],"wp:attachment":[{"href":"https:\/\/metalpie.com\/es\/wp-json\/wp\/v2\/media?parent=2773"}],"wp:term":[{"taxonomy":"product_cat","embeddable":true,"href":"https:\/\/metalpie.com\/es\/wp-json\/wp\/v2\/product_cat?post=2773"}],"curies":[{"name":"wp","href":"https:\/\/api.w.org\/{rel}","templated":true}]}}