{"id":2763,"date":"2022-10-09T13:11:44","date_gmt":"2022-10-09T05:11:44","guid":{"rendered":"https:\/\/metalpie.com\/?post_type=product&#038;p=2763"},"modified":"2023-02-17T14:53:48","modified_gmt":"2023-02-17T06:53:48","slug":"el197-puerta-corredera-de-aluminio","status":"publish","type":"product","link":"https:\/\/metalpie.com\/es\/ventanas-puertas-de-aluminio\/el197-puerta-corredera-de-aluminio\/","title":{"rendered":"Puerta corredera de aluminio EL197"},"content":{"rendered":"<section class=\"section\" id=\"section_158511842\">\n\t\t<div class=\"bg section-bg fill bg-fill  bg-loaded\" >\n\n\t\t\t\n\t\t\t\n\t\t\t\n\n\t\t<\/div>\n\n\t\t\n\n\t\t<div class=\"section-content relative\">\n\t\t\t\n<div class=\"row\"  id=\"row-298527693\">\n\n\t<div id=\"col-653660612\" class=\"col small-12 large-12\"  >\n\t\t\t\t<div class=\"col-inner\"  >\n\t\t\t\n\t\t\t\n<h2><span data-preserver-spaces=\"true\">Puerta corredera de aluminio Descripci\u00f3n<\/span><\/h2>\n<p><span data-preserver-spaces=\"true\">Esta puerta corredera de cristal tiene cristal grande y marcos de puerta de tama\u00f1o peque\u00f1o, lo que aporta una buena vista. Utiliza vidrio templado, que es seguro y fuerte. Est\u00e1 equipada con un sistema de control de acceso, y la puerta se abrir\u00e1 autom\u00e1ticamente despu\u00e9s del reconocimiento facial. Esta puerta corredera es la mejor opci\u00f3n como puerta interior para edificios de oficinas.\u00a0<\/span><\/p>\n<h2><span data-preserver-spaces=\"true\">Herrajes de aluminio para puertas<\/span><\/h2>\n<ul>\n<li><span data-preserver-spaces=\"true\">Marcos de puerta estrechos de aluminio. Aunque es estrecho, tiene una excelente capacidad portante. Un panel puede soportar 600 kg.<\/span><\/li>\n<\/ul>\n<h2><span data-preserver-spaces=\"true\">Color y tama\u00f1o<\/span><\/h2>\n<p><span data-preserver-spaces=\"true\">Utilizamos cinco procesos: recubrimiento en polvo, recubrimiento de PVDF, veteado de madera, anodizado y electroforesis para colorear los marcos de aluminio de las ventanas. Tambi\u00e9n disponemos de colores y tama\u00f1os personalizados.<\/span><\/p>\n<h2><span data-preserver-spaces=\"true\">Caracter\u00edsticas<\/span><\/h2>\n<ul>\n<li><span data-preserver-spaces=\"true\">Apertura y cierre autom\u00e1ticos. Las personas acceden al interior tras pasar el reconocimiento facial. El sistema de control de accesos no s\u00f3lo facilita el acceso de las personas de dentro, sino que tambi\u00e9n impide que entren personas de fuera en su empresa y mejora la seguridad.<\/span><\/li>\n<\/ul>\n\t\t<\/div>\n\t\t\t\t\t<\/div>\n\n\t\n<\/div>\n\t\t<\/div>\n\n\t\t\n<style>\n#section_158511842 {\n  padding-top: 30px;\n  padding-bottom: 30px;\n}\n<\/style>\n\t<\/section>\n\t\n\t<section class=\"section\" id=\"section_1697976742\">\n\t\t<div class=\"bg section-bg fill bg-fill  bg-loaded\" >\n\n\t\t\t\n\t\t\t\n\t\t\t\n\n\t\t<\/div>\n\n\t\t\t<div class=\"ux-shape-divider ux-shape-divider--top ux-shape-divider--style-curve-opacity\">\n\t\t<svg viewbox=\"0 0 1000 100\" xmlns=\"http:\/\/www.w3.org\/2000\/svg\" preserveaspectratio=\"none\">\n\t\t<path class=\"ux-shape-fill\" opacity=\"0.15\" d=\"M0 14C0 14 88.64 17.48 300 50C560 90 814 77 1003 40L1015 68L1018 104H0V14Z\"\/>\n\t\t<path class=\"ux-shape-fill\" opacity=\"0.3\" d=\"M0 45C0 45 271 90.13 500 77C657 68 830 30 1015 14V100H0V45Z\"\/>\n\t\t<path class=\"ux-shape-fill\" d=\"M0 58C0 58 188.29 90 508 90C798 90 1002 55 1002 55V100H0V58Z\"\/>\n<\/svg>\n\t<\/div>\n\n\n\t\t<div class=\"section-content relative\">\n\t\t\t\n<div class=\"is-divider divider clearfix\" style=\"margin-top:0px;margin-bottom:0px;max-width:0px;height:30px;\"><\/div>\n<div class=\"row row-collapse align-middle\"  id=\"row-2013305001\">\n\n\t<div id=\"col-1634499037\" class=\"col medium-6 small-12 large-6\"  >\n\t\t\t\t<div class=\"col-inner\"  >\n\t\t\t\n\t\t\t\n<div class=\"row row-small align-middle\"  id=\"row-567232950\">\n\n\t<div id=\"col-52258465\" class=\"col medium-7 small-12 large-7\"  >\n\t\t\t\t<div class=\"col-inner\"  >\n\t\t\t\n\t\t\t\n\t<div class=\"img has-hover x md-x lg-x y md-y lg-y\" id=\"image_1085990194\">\n\t\t\t\t\t\t\t\t<div class=\"img-inner dark\" >\n\t\t\t<img loading=\"lazy\" decoding=\"async\" width=\"532\" height=\"366\" src=\"https:\/\/metalpie.com\/wp-content\/uploads\/2022\/09\/block_Universal_products_bottom_001.1image.jpg.webp\" class=\"attachment-original size-original\" alt=\"\" srcset=\"https:\/\/metalpie.com\/wp-content\/uploads\/2022\/09\/block_Universal_products_bottom_001.1image.jpg.webp 532w, https:\/\/metalpie.com\/wp-content\/uploads\/2022\/09\/block_Universal_products_bottom_001.1image.jpg-300x206.webp 300w\" sizes=\"auto, (max-width: 532px) 100vw, 532px\" \/>\t\t\t\t\t\t\n\t\t\t\t\t<\/div>\n\t\t\t\t\t\t\t\t\n<style>\n#image_1085990194 {\n  width: 100%;\n}\n<\/style>\n\t<\/div>\n\t\n\t\t<\/div>\n\t\t\t\t\t<\/div>\n\n\t\n\n\t<div id=\"col-276454603\" class=\"col medium-5 small-12 large-5\"  >\n\t\t\t\t<div class=\"col-inner\"  >\n\t\t\t\n\t\t\t\n\t<div id=\"text-1565322217\" class=\"text\">\n\t\t\n<h5>Rendimiento herm\u00e9tico<\/h5>\n\t\t\n<style>\n#text-1565322217 {\n  text-align: center;\n}\n@media (min-width:550px) {\n  #text-1565322217 {\n    text-align: left;\n  }\n}\n<\/style>\n\t<\/div>\n\t\n\t<div id=\"text-1518927317\" class=\"text\">\n\t\t\n<p><b>Nivel 7<br \/>\n<\/b>q1=0,8 m\u00b3 \/ (m.h)<br \/>\nq2=2,2 m\u00b3\/ ( \u33a1.h )<\/p>\n\t\t\n<style>\n#text-1518927317 {\n  text-align: center;\n}\n@media (min-width:550px) {\n  #text-1518927317 {\n    text-align: left;\n  }\n}\n<\/style>\n\t<\/div>\n\t\n\t\t<\/div>\n\t\t\t\t\t<\/div>\n\n\t\n<\/div>\n\t\t<\/div>\n\t\t\t\t\t<\/div>\n\n\t\n\n\t<div id=\"col-1568985927\" class=\"col medium-6 small-12 large-6\"  >\n\t\t\t\t<div class=\"col-inner\"  >\n\t\t\t\n\t\t\t\n<div class=\"row row-small align-middle\"  id=\"row-1449762708\">\n\n\t<div id=\"col-1003681315\" class=\"col medium-7 small-12 large-7\"  >\n\t\t\t\t<div class=\"col-inner\"  >\n\t\t\t\n\t\t\t\n\t<div class=\"img has-hover x md-x lg-x y md-y lg-y\" id=\"image_1476735990\">\n\t\t\t\t\t\t\t\t<div class=\"img-inner dark\" >\n\t\t\t<img loading=\"lazy\" decoding=\"async\" width=\"534\" height=\"368\" src=\"https:\/\/metalpie.com\/wp-content\/uploads\/2022\/09\/block_Universal_products_bottom_002.2image.jpg.webp\" class=\"attachment-original size-original\" alt=\"\" srcset=\"https:\/\/metalpie.com\/wp-content\/uploads\/2022\/09\/block_Universal_products_bottom_002.2image.jpg.webp 534w, https:\/\/metalpie.com\/wp-content\/uploads\/2022\/09\/block_Universal_products_bottom_002.2image.jpg-300x207.webp 300w\" sizes=\"auto, (max-width: 534px) 100vw, 534px\" \/>\t\t\t\t\t\t\n\t\t\t\t\t<\/div>\n\t\t\t\t\t\t\t\t\n<style>\n#image_1476735990 {\n  width: 100%;\n}\n<\/style>\n\t<\/div>\n\t\n\t\t<\/div>\n\t\t\t\t\t<\/div>\n\n\t\n\n\t<div id=\"col-1127934215\" class=\"col medium-5 small-12 large-5\"  >\n\t\t\t\t<div class=\"col-inner\"  >\n\t\t\t\n\t\t\t\n\t<div id=\"text-2779341793\" class=\"text\">\n\t\t\n<h5>Resistencia a la presi\u00f3n del viento<\/h5>\n\t\t\n<style>\n#text-2779341793 {\n  text-align: center;\n}\n@media (min-width:550px) {\n  #text-2779341793 {\n    text-align: left;\n  }\n}\n<\/style>\n\t<\/div>\n\t\n\t<div id=\"text-458575639\" class=\"text\">\n\t\t\n<p><strong>Nivel 9<\/strong><br \/>\np3=5,0 Kpa<\/p>\n\t\t\n<style>\n#text-458575639 {\n  text-align: center;\n}\n@media (min-width:550px) {\n  #text-458575639 {\n    text-align: left;\n  }\n}\n<\/style>\n\t<\/div>\n\t\n\t\t<\/div>\n\t\t\t\t\t<\/div>\n\n\t\n<\/div>\n\t\t<\/div>\n\t\t\t\t\t<\/div>\n\n\t\n\n\t<div id=\"col-1177984193\" class=\"col medium-6 small-12 large-6\"  >\n\t\t\t\t<div class=\"col-inner\"  >\n\t\t\t\n\t\t\t\n<div class=\"row row-small align-middle\"  id=\"row-510833896\">\n\n\t<div id=\"col-1702229265\" class=\"col medium-7 small-12 large-7\"  >\n\t\t\t\t<div class=\"col-inner\"  >\n\t\t\t\n\t\t\t\n\t<div class=\"img has-hover x md-x lg-x y md-y lg-y\" id=\"image_529944224\">\n\t\t\t\t\t\t\t\t<div class=\"img-inner dark\" >\n\t\t\t<img loading=\"lazy\" decoding=\"async\" width=\"531\" height=\"366\" src=\"https:\/\/metalpie.com\/wp-content\/uploads\/2022\/09\/block_Universal_products_bottom_003.3image.jpg.webp\" class=\"attachment-original size-original\" alt=\"\" srcset=\"https:\/\/metalpie.com\/wp-content\/uploads\/2022\/09\/block_Universal_products_bottom_003.3image.jpg.webp 531w, https:\/\/metalpie.com\/wp-content\/uploads\/2022\/09\/block_Universal_products_bottom_003.3image.jpg-300x207.webp 300w\" sizes=\"auto, (max-width: 531px) 100vw, 531px\" \/>\t\t\t\t\t\t\n\t\t\t\t\t<\/div>\n\t\t\t\t\t\t\t\t\n<style>\n#image_529944224 {\n  width: 100%;\n}\n<\/style>\n\t<\/div>\n\t\n\t\t<\/div>\n\t\t\t\t\t<\/div>\n\n\t\n\n\t<div id=\"col-245668518\" class=\"col medium-5 small-12 large-5\"  >\n\t\t\t\t<div class=\"col-inner\"  >\n\t\t\t\n\t\t\t\n\t<div id=\"text-1902525003\" class=\"text\">\n\t\t\n<h5>Estanqueidad<\/h5>\n\t\t\n<style>\n#text-1902525003 {\n  text-align: center;\n}\n@media (min-width:550px) {\n  #text-1902525003 {\n    text-align: left;\n  }\n}\n<\/style>\n\t<\/div>\n\t\n\t<div id=\"text-115868827\" class=\"text\">\n\t\t\n<p><strong>Nivel 3<\/strong><br \/>\n\u25b3P=283 pa<\/p>\n\t\t\n<style>\n#text-115868827 {\n  text-align: center;\n}\n@media (min-width:550px) {\n  #text-115868827 {\n    text-align: left;\n  }\n}\n<\/style>\n\t<\/div>\n\t\n\t\t<\/div>\n\t\t\t\t\t<\/div>\n\n\t\n<\/div>\n\t\t<\/div>\n\t\t\t\t\t<\/div>\n\n\t\n\n\t<div id=\"col-23518866\" class=\"col medium-6 small-12 large-6\"  >\n\t\t\t\t<div class=\"col-inner\"  >\n\t\t\t\n\t\t\t\n<div class=\"row row-small align-middle\"  id=\"row-328302584\">\n\n\t<div id=\"col-1884400214\" class=\"col medium-7 small-12 large-7\"  >\n\t\t\t\t<div class=\"col-inner\"  >\n\t\t\t\n\t\t\t\n\t<div class=\"img has-hover x md-x lg-x y md-y lg-y\" id=\"image_1120821673\">\n\t\t\t\t\t\t\t\t<div class=\"img-inner dark\" >\n\t\t\t<img loading=\"lazy\" decoding=\"async\" width=\"531\" height=\"365\" src=\"https:\/\/metalpie.com\/wp-content\/uploads\/2022\/09\/block_Universal_products_bottom_004.4image.jpg.webp\" class=\"attachment-original size-original\" alt=\"\" srcset=\"https:\/\/metalpie.com\/wp-content\/uploads\/2022\/09\/block_Universal_products_bottom_004.4image.jpg.webp 531w, https:\/\/metalpie.com\/wp-content\/uploads\/2022\/09\/block_Universal_products_bottom_004.4image.jpg-300x206.webp 300w\" sizes=\"auto, (max-width: 531px) 100vw, 531px\" \/>\t\t\t\t\t\t\n\t\t\t\t\t<\/div>\n\t\t\t\t\t\t\t\t\n<style>\n#image_1120821673 {\n  width: 100%;\n}\n<\/style>\n\t<\/div>\n\t\n\t\t<\/div>\n\t\t\t\t\t<\/div>\n\n\t\n\n\t<div id=\"col-1650145731\" class=\"col medium-5 small-12 large-5\"  >\n\t\t\t\t<div class=\"col-inner\"  >\n\t\t\t\n\t\t\t\n\t<div id=\"text-1109858962\" class=\"text\">\n\t\t\n<h5>Rendimiento del aislamiento<\/h5>\n\t\t\n<style>\n#text-1109858962 {\n  text-align: center;\n}\n@media (min-width:550px) {\n  #text-1109858962 {\n    text-align: left;\n  }\n}\n<\/style>\n\t<\/div>\n\t\n\t<div id=\"text-3910199793\" class=\"text\">\n\t\t\n<p><strong>Nivel 6<\/strong><br \/>\nK=2,3W\/(\u33a1.K)<\/p>\n\t\t\n<style>\n#text-3910199793 {\n  text-align: center;\n}\n@media (min-width:550px) {\n  #text-3910199793 {\n    text-align: left;\n  }\n}\n<\/style>\n\t<\/div>\n\t\n\t\t<\/div>\n\t\t\t\t\t<\/div>\n\n\t\n<\/div>\n\t\t<\/div>\n\t\t\t\t\t<\/div>\n\n\t\n\n<style>\n#row-2013305001 > .col > .col-inner {\n  padding: 0px 20px 0px 20px;\n}\n<\/style>\n<\/div>\n\t\t<\/div>\n\n\t\t\n<style>\n#section_1697976742 {\n  padding-top: 0px;\n  padding-bottom: 0px;\n  background-color: rgb(245, 245, 245);\n}\n#section_1697976742 .ux-shape-divider--top svg {\n  height: 143px;\n  --divider-top-width: 100%;\n}\n<\/style>\n\t<\/section>\n\t\n\t<section class=\"section\" id=\"section_1960935622\">\n\t\t<div class=\"bg section-bg fill bg-fill  bg-loaded\" >\n\n\t\t\t\n\t\t\t\n\t\t\t\n\n\t\t<\/div>\n\n\t\t\n\n\t\t<div class=\"section-content relative\">\n\t\t\t\n<div class=\"row\"  id=\"row-180339899\">\n\n\t<div id=\"col-859852446\" class=\"col small-12 large-12\"  >\n\t\t\t\t<div class=\"col-inner\"  >\n\t\t\t\n\t\t\t\n<h2>Aplicaciones de la puerta corredera de aluminio EL197<\/h2>\n<ul>\n<li>Edificios de oficinas<\/li>\n<li>Apartamentos<\/li>\n<li>Villas<\/li>\n<\/ul>\n<p>&#8230;<\/p>\n\t\t<\/div>\n\t\t\t\t\t<\/div>\n\n\t\n<\/div>\n\t\t<\/div>\n\n\t\t\n<style>\n#section_1960935622 {\n  padding-top: 30px;\n  padding-bottom: 30px;\n}\n<\/style>\n\t<\/section>\n\t\n\t<section class=\"section\" id=\"section_1064094509\">\n\t\t<div class=\"bg section-bg fill bg-fill  bg-loaded\" >\n\n\t\t\t\n\t\t\t<div class=\"section-bg-overlay absolute fill\"><\/div>\n\t\t\t\n\n\t\t<\/div>\n\n\t\t\n\n\t\t<div class=\"section-content relative\">\n\t\t\t\n<div class=\"is-divider divider clearfix\" style=\"margin-top:0.0em;margin-bottom:0.0em;max-width:0px;height:20px;\"><\/div>\n<div class=\"row row-large align-middle\"  id=\"row-1704269904\">\n\n\t<div id=\"col-1378260455\" class=\"col medium-6 small-12 large-6\"  >\n\t\t\t\t<div class=\"col-inner\"  >\n\t\t\t\n\t\t\t\n\t<div class=\"img has-hover x md-x lg-x y md-y lg-y\" id=\"image_1520563612\">\n\t\t\t\t\t\t\t\t<div class=\"img-inner dark\" >\n\t\t\t<img loading=\"lazy\" decoding=\"async\" width=\"1000\" height=\"1000\" src=\"https:\/\/metalpie.com\/wp-content\/uploads\/2022\/09\/ES70-sample-aluminium-door-frame.webp\" class=\"attachment-large size-large\" alt=\"\" srcset=\"https:\/\/metalpie.com\/wp-content\/uploads\/2022\/09\/ES70-sample-aluminium-door-frame.webp 1000w, https:\/\/metalpie.com\/wp-content\/uploads\/2022\/09\/ES70-sample-aluminium-door-frame-300x300.webp 300w, https:\/\/metalpie.com\/wp-content\/uploads\/2022\/09\/ES70-sample-aluminium-door-frame-80x80.webp 80w, https:\/\/metalpie.com\/wp-content\/uploads\/2022\/09\/ES70-sample-aluminium-door-frame-768x768.webp 768w, https:\/\/metalpie.com\/wp-content\/uploads\/2022\/09\/ES70-sample-aluminium-door-frame-500x500.webp 500w, https:\/\/metalpie.com\/wp-content\/uploads\/2022\/09\/ES70-sample-aluminium-door-frame-800x800.webp 800w, https:\/\/metalpie.com\/wp-content\/uploads\/2022\/09\/ES70-sample-aluminium-door-frame-100x100.webp 100w\" sizes=\"auto, (max-width: 1000px) 100vw, 1000px\" \/>\t\t\t\t\t\t\n\t\t\t\t\t<\/div>\n\t\t\t\t\t\t\t\t\n<style>\n#image_1520563612 {\n  width: 100%;\n}\n<\/style>\n\t<\/div>\n\t\n\t\t<\/div>\n\t\t\t\t\t<\/div>\n\n\t\n\n\t<div id=\"col-628224032\" class=\"col medium-6 small-12 large-6\"  >\n\t\t\t\t<div class=\"col-inner text-left\"  >\n\t\t\t\n\t\t\t\n<h2><span data-preserver-spaces=\"true\">Muestra de puerta corredera de aluminio EL197<\/span><\/h2>\n<p><span data-preserver-spaces=\"true\">En la imagen, puede ver que hay dos piezas de cristal para la puerta plegable de aluminio EL70. A\u00f1adimos una rotura de puente t\u00e9rmico al marco de la puerta de aluminio para mejorar el aislamiento t\u00e9rmico. Este es un dise\u00f1o popular de puente roto de aluminio. Si desea una muestra de la puerta, p\u00f3ngase en contacto con nosotros.<\/span><\/p>\n<p><strong>Especificaciones:<\/strong><\/p>\n<ul>\n<li><span data-preserver-spaces=\"true\">Profundidad del marco: 197 mm<\/span><\/li>\n<li><span data-preserver-spaces=\"true\">Profundidad de rotura t\u00e9rmica: 18,6 mm<\/span><\/li>\n<li><span data-preserver-spaces=\"true\">Profundidad del ventilador: 75 mm<\/span><\/li>\n<li><span data-preserver-spaces=\"true\">Rotura de puente t\u00e9rmico: 18,6 mm<\/span><\/li>\n<\/ul>\n\t\t<\/div>\n\t\t\t\t\t<\/div>\n\n\t\n\n<style>\n#row-1704269904 > .col > .col-inner {\n  padding: 0px 20px 0px 20px;\n}\n<\/style>\n<\/div>\n\t\t<\/div>\n\n\t\t\n<style>\n#section_1064094509 {\n  padding-top: 0px;\n  padding-bottom: 0px;\n  background-color: rgb(193, 193, 193);\n}\n#section_1064094509 .section-bg-overlay {\n  background-color: rgba(255, 255, 255, 0.85);\n}\n<\/style>\n\t<\/section>","protected":false},"excerpt":{"rendered":"<p>Esta puerta de aluminio es para los que les gusta un estilo abierto. Hace que su casa parezca m\u00e1s espaciosa y luminosa. Por ejemplo, puede instalarla como puerta divisoria entre el dormitorio y el sal\u00f3n.<\/p>","protected":false},"featured_media":2764,"comment_status":"closed","ping_status":"closed","template":"","meta":[],"product_cat":[15],"class_list":["post-2763","product","type-product","status-publish","has-post-thumbnail","hentry","product_cat-aluminum-windows-doors"],"yoast_head":"<!-- This site is optimized with the Yoast SEO plugin v21.5 - https:\/\/yoast.com\/wordpress\/plugins\/seo\/ -->\n<title>EL197 Sliding Door | Aluminum Sliding Glass Doors<\/title>\n<meta name=\"description\" content=\"EL197 sliding door is made of a high-quality aluminum profile. It can be a partition door between the bedroom and living room.\" \/>\n<meta name=\"robots\" content=\"index, follow, max-snippet:-1, max-image-preview:large, max-video-preview:-1\" \/>\n<link rel=\"canonical\" href=\"https:\/\/metalpie.com\/es\/ventanas-puertas-de-aluminio\/el197-puerta-corredera-de-aluminio\/\" \/>\n<meta property=\"og:locale\" content=\"es_ES\" \/>\n<meta property=\"og:type\" content=\"article\" \/>\n<meta property=\"og:title\" content=\"EL197 Sliding Door | Aluminum Sliding Glass Doors\" \/>\n<meta property=\"og:description\" content=\"EL197 sliding door is made of a high-quality aluminum profile. It can be a partition door between the bedroom and living room.\" \/>\n<meta property=\"og:url\" content=\"https:\/\/metalpie.com\/es\/ventanas-puertas-de-aluminio\/el197-puerta-corredera-de-aluminio\/\" \/>\n<meta property=\"og:site_name\" content=\"METALPIE\" \/>\n<meta property=\"article:modified_time\" content=\"2023-02-17T06:53:48+00:00\" \/>\n<meta property=\"og:image\" content=\"https:\/\/metalpie.com\/wp-content\/uploads\/2022\/10\/EL197_sliding_door_001image.webp\" \/>\n\t<meta property=\"og:image:width\" content=\"1000\" \/>\n\t<meta property=\"og:image:height\" content=\"1000\" \/>\n\t<meta property=\"og:image:type\" content=\"image\/webp\" \/>\n<meta name=\"twitter:card\" content=\"summary_large_image\" \/>\n<meta name=\"twitter:label1\" content=\"Tiempo de lectura\" \/>\n\t<meta name=\"twitter:data1\" content=\"2 minutos\" \/>\n<script type=\"application\/ld+json\" class=\"yoast-schema-graph\">{\"@context\":\"https:\/\/schema.org\",\"@graph\":[{\"@type\":\"WebPage\",\"@id\":\"https:\/\/metalpie.com\/ru\/%d0%b0%d0%bb%d1%8e%d0%bc%d0%b8%d0%bd%d0%b8%d0%b5%d0%b2%d1%8b%d0%b5-%d0%be%d0%ba%d0%bd%d0%b0-%d0%b4%d0%b2%d0%b5%d1%80%d0%b8\/%d0%b0%d0%bb%d1%8e%d0%bc%d0%b8%d0%bd%d0%b8%d0%b5%d0%b2%d0%b0%d1%8f-%d1%80%d0%b0%d0%b7%d0%b4%d0%b2%d0%b8%d0%b6%d0%bd%d0%b0%d1%8f-%d0%b4%d0%b2%d0%b5%d1%80%d1%8c-el197\/\",\"url\":\"https:\/\/metalpie.com\/ru\/%d0%b0%d0%bb%d1%8e%d0%bc%d0%b8%d0%bd%d0%b8%d0%b5%d0%b2%d1%8b%d0%b5-%d0%be%d0%ba%d0%bd%d0%b0-%d0%b4%d0%b2%d0%b5%d1%80%d0%b8\/%d0%b0%d0%bb%d1%8e%d0%bc%d0%b8%d0%bd%d0%b8%d0%b5%d0%b2%d0%b0%d1%8f-%d1%80%d0%b0%d0%b7%d0%b4%d0%b2%d0%b8%d0%b6%d0%bd%d0%b0%d1%8f-%d0%b4%d0%b2%d0%b5%d1%80%d1%8c-el197\/\",\"name\":\"EL197 Sliding Door | Aluminum Sliding Glass Doors\",\"isPartOf\":{\"@id\":\"https:\/\/metalpie.com\/#website\"},\"datePublished\":\"2022-10-09T05:11:44+00:00\",\"dateModified\":\"2023-02-17T06:53:48+00:00\",\"description\":\"EL197 sliding door is made of a high-quality aluminum profile. It can be a partition door between the bedroom and living room.\",\"breadcrumb\":{\"@id\":\"https:\/\/metalpie.com\/ru\/%d0%b0%d0%bb%d1%8e%d0%bc%d0%b8%d0%bd%d0%b8%d0%b5%d0%b2%d1%8b%d0%b5-%d0%be%d0%ba%d0%bd%d0%b0-%d0%b4%d0%b2%d0%b5%d1%80%d0%b8\/%d0%b0%d0%bb%d1%8e%d0%bc%d0%b8%d0%bd%d0%b8%d0%b5%d0%b2%d0%b0%d1%8f-%d1%80%d0%b0%d0%b7%d0%b4%d0%b2%d0%b8%d0%b6%d0%bd%d0%b0%d1%8f-%d0%b4%d0%b2%d0%b5%d1%80%d1%8c-el197\/#breadcrumb\"},\"inLanguage\":\"es\",\"potentialAction\":[{\"@type\":\"ReadAction\",\"target\":[\"https:\/\/metalpie.com\/ru\/%d0%b0%d0%bb%d1%8e%d0%bc%d0%b8%d0%bd%d0%b8%d0%b5%d0%b2%d1%8b%d0%b5-%d0%be%d0%ba%d0%bd%d0%b0-%d0%b4%d0%b2%d0%b5%d1%80%d0%b8\/%d0%b0%d0%bb%d1%8e%d0%bc%d0%b8%d0%bd%d0%b8%d0%b5%d0%b2%d0%b0%d1%8f-%d1%80%d0%b0%d0%b7%d0%b4%d0%b2%d0%b8%d0%b6%d0%bd%d0%b0%d1%8f-%d0%b4%d0%b2%d0%b5%d1%80%d1%8c-el197\/\"]}]},{\"@type\":\"BreadcrumbList\",\"@id\":\"https:\/\/metalpie.com\/ru\/%d0%b0%d0%bb%d1%8e%d0%bc%d0%b8%d0%bd%d0%b8%d0%b5%d0%b2%d1%8b%d0%b5-%d0%be%d0%ba%d0%bd%d0%b0-%d0%b4%d0%b2%d0%b5%d1%80%d0%b8\/%d0%b0%d0%bb%d1%8e%d0%bc%d0%b8%d0%bd%d0%b8%d0%b5%d0%b2%d0%b0%d1%8f-%d1%80%d0%b0%d0%b7%d0%b4%d0%b2%d0%b8%d0%b6%d0%bd%d0%b0%d1%8f-%d0%b4%d0%b2%d0%b5%d1%80%d1%8c-el197\/#breadcrumb\",\"itemListElement\":[{\"@type\":\"ListItem\",\"position\":1,\"name\":\"Home\",\"item\":\"https:\/\/metalpie.com\/\"},{\"@type\":\"ListItem\",\"position\":2,\"name\":\"Products\",\"item\":\"https:\/\/metalpie.com\/shop\/\"},{\"@type\":\"ListItem\",\"position\":3,\"name\":\"EL197 Aluminum Sliding Door\"}]},{\"@type\":\"WebSite\",\"@id\":\"https:\/\/metalpie.com\/#website\",\"url\":\"https:\/\/metalpie.com\/\",\"name\":\"METALPIE\",\"description\":\"Precision Metal Fabrication | Tools, Processes &amp; More\",\"potentialAction\":[{\"@type\":\"SearchAction\",\"target\":{\"@type\":\"EntryPoint\",\"urlTemplate\":\"https:\/\/metalpie.com\/?s={search_term_string}\"},\"query-input\":\"required name=search_term_string\"}],\"inLanguage\":\"es\"}]}<\/script>\n<!-- \/ Yoast SEO plugin. -->","yoast_head_json":{"title":"Puerta corredera EL197 | Puertas correderas de cristal de aluminio","description":"La puerta corredera EL197 est\u00e1 fabricada con un perfil de aluminio de alta calidad. Puede ser una puerta divisoria entre el dormitorio y el sal\u00f3n.","robots":{"index":"index","follow":"follow","max-snippet":"max-snippet:-1","max-image-preview":"max-image-preview:large","max-video-preview":"max-video-preview:-1"},"canonical":"https:\/\/metalpie.com\/es\/ventanas-puertas-de-aluminio\/el197-puerta-corredera-de-aluminio\/","og_locale":"es_ES","og_type":"article","og_title":"EL197 Sliding Door | Aluminum Sliding Glass Doors","og_description":"EL197 sliding door is made of a high-quality aluminum profile. It can be a partition door between the bedroom and living room.","og_url":"https:\/\/metalpie.com\/es\/ventanas-puertas-de-aluminio\/el197-puerta-corredera-de-aluminio\/","og_site_name":"METALPIE","article_modified_time":"2023-02-17T06:53:48+00:00","og_image":[{"width":1000,"height":1000,"url":"https:\/\/metalpie.com\/wp-content\/uploads\/2022\/10\/EL197_sliding_door_001image.webp","type":"image\/webp"}],"twitter_card":"summary_large_image","twitter_misc":{"Tiempo de lectura":"2 minutos"},"schema":{"@context":"https:\/\/schema.org","@graph":[{"@type":"WebPage","@id":"https:\/\/metalpie.com\/ru\/%d0%b0%d0%bb%d1%8e%d0%bc%d0%b8%d0%bd%d0%b8%d0%b5%d0%b2%d1%8b%d0%b5-%d0%be%d0%ba%d0%bd%d0%b0-%d0%b4%d0%b2%d0%b5%d1%80%d0%b8\/%d0%b0%d0%bb%d1%8e%d0%bc%d0%b8%d0%bd%d0%b8%d0%b5%d0%b2%d0%b0%d1%8f-%d1%80%d0%b0%d0%b7%d0%b4%d0%b2%d0%b8%d0%b6%d0%bd%d0%b0%d1%8f-%d0%b4%d0%b2%d0%b5%d1%80%d1%8c-el197\/","url":"https:\/\/metalpie.com\/ru\/%d0%b0%d0%bb%d1%8e%d0%bc%d0%b8%d0%bd%d0%b8%d0%b5%d0%b2%d1%8b%d0%b5-%d0%be%d0%ba%d0%bd%d0%b0-%d0%b4%d0%b2%d0%b5%d1%80%d0%b8\/%d0%b0%d0%bb%d1%8e%d0%bc%d0%b8%d0%bd%d0%b8%d0%b5%d0%b2%d0%b0%d1%8f-%d1%80%d0%b0%d0%b7%d0%b4%d0%b2%d0%b8%d0%b6%d0%bd%d0%b0%d1%8f-%d0%b4%d0%b2%d0%b5%d1%80%d1%8c-el197\/","name":"Puerta corredera EL197 | Puertas correderas de cristal de aluminio","isPartOf":{"@id":"https:\/\/metalpie.com\/#website"},"datePublished":"2022-10-09T05:11:44+00:00","dateModified":"2023-02-17T06:53:48+00:00","description":"La puerta corredera EL197 est\u00e1 fabricada con un perfil de aluminio de alta calidad. Puede ser una puerta divisoria entre el dormitorio y el sal\u00f3n.","breadcrumb":{"@id":"https:\/\/metalpie.com\/ru\/%d0%b0%d0%bb%d1%8e%d0%bc%d0%b8%d0%bd%d0%b8%d0%b5%d0%b2%d1%8b%d0%b5-%d0%be%d0%ba%d0%bd%d0%b0-%d0%b4%d0%b2%d0%b5%d1%80%d0%b8\/%d0%b0%d0%bb%d1%8e%d0%bc%d0%b8%d0%bd%d0%b8%d0%b5%d0%b2%d0%b0%d1%8f-%d1%80%d0%b0%d0%b7%d0%b4%d0%b2%d0%b8%d0%b6%d0%bd%d0%b0%d1%8f-%d0%b4%d0%b2%d0%b5%d1%80%d1%8c-el197\/#breadcrumb"},"inLanguage":"es","potentialAction":[{"@type":"ReadAction","target":["https:\/\/metalpie.com\/ru\/%d0%b0%d0%bb%d1%8e%d0%bc%d0%b8%d0%bd%d0%b8%d0%b5%d0%b2%d1%8b%d0%b5-%d0%be%d0%ba%d0%bd%d0%b0-%d0%b4%d0%b2%d0%b5%d1%80%d0%b8\/%d0%b0%d0%bb%d1%8e%d0%bc%d0%b8%d0%bd%d0%b8%d0%b5%d0%b2%d0%b0%d1%8f-%d1%80%d0%b0%d0%b7%d0%b4%d0%b2%d0%b8%d0%b6%d0%bd%d0%b0%d1%8f-%d0%b4%d0%b2%d0%b5%d1%80%d1%8c-el197\/"]}]},{"@type":"BreadcrumbList","@id":"https:\/\/metalpie.com\/ru\/%d0%b0%d0%bb%d1%8e%d0%bc%d0%b8%d0%bd%d0%b8%d0%b5%d0%b2%d1%8b%d0%b5-%d0%be%d0%ba%d0%bd%d0%b0-%d0%b4%d0%b2%d0%b5%d1%80%d0%b8\/%d0%b0%d0%bb%d1%8e%d0%bc%d0%b8%d0%bd%d0%b8%d0%b5%d0%b2%d0%b0%d1%8f-%d1%80%d0%b0%d0%b7%d0%b4%d0%b2%d0%b8%d0%b6%d0%bd%d0%b0%d1%8f-%d0%b4%d0%b2%d0%b5%d1%80%d1%8c-el197\/#breadcrumb","itemListElement":[{"@type":"ListItem","position":1,"name":"Home","item":"https:\/\/metalpie.com\/"},{"@type":"ListItem","position":2,"name":"Products","item":"https:\/\/metalpie.com\/shop\/"},{"@type":"ListItem","position":3,"name":"EL197 Aluminum Sliding Door"}]},{"@type":"WebSite","@id":"https:\/\/metalpie.com\/#website","url":"https:\/\/metalpie.com\/","name":"METALPIE","description":"Fabricaci\u00f3n de metales de precisi\u00f3n | Herramientas, procesos y m\u00e1s","potentialAction":[{"@type":"SearchAction","target":{"@type":"EntryPoint","urlTemplate":"https:\/\/metalpie.com\/?s={search_term_string}"},"query-input":"required name=search_term_string"}],"inLanguage":"es"}]}},"_links":{"self":[{"href":"https:\/\/metalpie.com\/es\/wp-json\/wp\/v2\/product\/2763","targetHints":{"allow":["GET"]}}],"collection":[{"href":"https:\/\/metalpie.com\/es\/wp-json\/wp\/v2\/product"}],"about":[{"href":"https:\/\/metalpie.com\/es\/wp-json\/wp\/v2\/types\/product"}],"replies":[{"embeddable":true,"href":"https:\/\/metalpie.com\/es\/wp-json\/wp\/v2\/comments?post=2763"}],"wp:featuredmedia":[{"embeddable":true,"href":"https:\/\/metalpie.com\/es\/wp-json\/wp\/v2\/media\/2764"}],"wp:attachment":[{"href":"https:\/\/metalpie.com\/es\/wp-json\/wp\/v2\/media?parent=2763"}],"wp:term":[{"taxonomy":"product_cat","embeddable":true,"href":"https:\/\/metalpie.com\/es\/wp-json\/wp\/v2\/product_cat?post=2763"}],"curies":[{"name":"wp","href":"https:\/\/api.w.org\/{rel}","templated":true}]}}