{"id":2758,"date":"2022-10-09T13:06:38","date_gmt":"2022-10-09T05:06:38","guid":{"rendered":"https:\/\/metalpie.com\/?post_type=product&#038;p=2758"},"modified":"2023-02-17T14:55:57","modified_gmt":"2023-02-17T06:55:57","slug":"es139pro-puerta-corredera-elevable","status":"publish","type":"product","link":"https:\/\/metalpie.com\/es\/ventanas-puertas-de-aluminio\/es139pro-puerta-corredera-elevable\/","title":{"rendered":"ES139pro Puerta corredera elevable de aluminio"},"content":{"rendered":"<section class=\"section\" id=\"section_1588076735\">\n\t\t<div class=\"bg section-bg fill bg-fill  bg-loaded\" >\n\n\t\t\t\n\t\t\t\n\t\t\t\n\n\t\t<\/div>\n\n\t\t\n\n\t\t<div class=\"section-content relative\">\n\t\t\t\n<div class=\"row\"  id=\"row-365706852\">\n\n\t<div id=\"col-1355314627\" class=\"col small-12 large-12\"  >\n\t\t\t\t<div class=\"col-inner\"  >\n\t\t\t\n\t\t\t\n<h2>Puerta corredera elevable de aluminio Descripci\u00f3n<\/h2>\n<p>Esta puerta de aluminio es negra y tiene un aspecto elegante. Los colores son opcionales, por lo que puede elegir el color para hacer una armoniosa combinaci\u00f3n de colores. Hay un sistema de cierre fiable y seguro. Una vez que cierre la puerta, no tendr\u00e1 que preocuparse por si una mala persona abrir\u00e1 la puerta.<\/p>\n<h2>Herrajes de aluminio para puertas<\/h2>\n<ul>\n<li>El tirador de doble cara facilita la apertura de la puerta.<\/li>\n<li>Sistema de cierre multipunto, seguro y fiable.<\/li>\n<li><span style=\"color: #555555; font-size: 14.4px;\">El riel inferior tiene una buena capacidad de carga.<\/span><\/li>\n<\/ul>\n<h2>Color y tama\u00f1o<\/h2>\n<p>Utilizamos cinco procesos: recubrimiento en polvo, recubrimiento de PVDF, veteado de madera, anodizado y electroforesis para colorear los marcos de aluminio de las ventanas. Tambi\u00e9n disponemos de colores y tama\u00f1os personalizados.<\/p>\n<h2>Caracter\u00edsticas<\/h2>\n<ul>\n<li>Un solo panel puede soportar 300 kg.<\/li>\n<li>Puede equiparse con una puerta de mosquitera.<\/li>\n<li>El panel de la puerta puede detenerse en cualquier posici\u00f3n.<\/li>\n<li>Excelente estanqueidad al aire y al agua.<\/li>\n<li>Excelente resistencia a la presi\u00f3n del viento.<\/li>\n<li>Dise\u00f1o de \u00f3rbita baja para un paso sin barreras.<\/li>\n<li>El dise\u00f1o de elevaci\u00f3n y deslizamiento combina moda y est\u00e9tica.<\/li>\n<\/ul>\n\t\t<\/div>\n\t\t\t\t\t<\/div>\n\n\t\n<\/div>\n\t\t<\/div>\n\n\t\t\n<style>\n#section_1588076735 {\n  padding-top: 30px;\n  padding-bottom: 30px;\n}\n<\/style>\n\t<\/section>\n\t\n\t<section class=\"section\" id=\"section_1407413121\">\n\t\t<div class=\"bg section-bg fill bg-fill  bg-loaded\" >\n\n\t\t\t\n\t\t\t\n\t\t\t\n\n\t\t<\/div>\n\n\t\t\t<div class=\"ux-shape-divider ux-shape-divider--top ux-shape-divider--style-curve-opacity\">\n\t\t<svg viewbox=\"0 0 1000 100\" xmlns=\"http:\/\/www.w3.org\/2000\/svg\" preserveaspectratio=\"none\">\n\t\t<path class=\"ux-shape-fill\" opacity=\"0.15\" d=\"M0 14C0 14 88.64 17.48 300 50C560 90 814 77 1003 40L1015 68L1018 104H0V14Z\"\/>\n\t\t<path class=\"ux-shape-fill\" opacity=\"0.3\" d=\"M0 45C0 45 271 90.13 500 77C657 68 830 30 1015 14V100H0V45Z\"\/>\n\t\t<path class=\"ux-shape-fill\" d=\"M0 58C0 58 188.29 90 508 90C798 90 1002 55 1002 55V100H0V58Z\"\/>\n<\/svg>\n\t<\/div>\n\n\n\t\t<div class=\"section-content relative\">\n\t\t\t\n<div class=\"is-divider divider clearfix\" style=\"margin-top:0px;margin-bottom:0px;max-width:0px;height:30px;\"><\/div>\n<div class=\"row row-collapse align-middle\"  id=\"row-1901507166\">\n\n\t<div id=\"col-528210221\" class=\"col medium-6 small-12 large-6\"  >\n\t\t\t\t<div class=\"col-inner\"  >\n\t\t\t\n\t\t\t\n<div class=\"row row-small align-middle\"  id=\"row-326878059\">\n\n\t<div id=\"col-1956350935\" class=\"col medium-7 small-12 large-7\"  >\n\t\t\t\t<div class=\"col-inner\"  >\n\t\t\t\n\t\t\t\n\t<div class=\"img has-hover x md-x lg-x y md-y lg-y\" id=\"image_914593451\">\n\t\t\t\t\t\t\t\t<div class=\"img-inner dark\" >\n\t\t\t<img loading=\"lazy\" decoding=\"async\" width=\"532\" height=\"366\" src=\"https:\/\/metalpie.com\/wp-content\/uploads\/2022\/09\/block_Universal_products_bottom_001.1image.jpg.webp\" class=\"attachment-original size-original\" alt=\"\" srcset=\"https:\/\/metalpie.com\/wp-content\/uploads\/2022\/09\/block_Universal_products_bottom_001.1image.jpg.webp 532w, https:\/\/metalpie.com\/wp-content\/uploads\/2022\/09\/block_Universal_products_bottom_001.1image.jpg-300x206.webp 300w\" sizes=\"auto, (max-width: 532px) 100vw, 532px\" \/>\t\t\t\t\t\t\n\t\t\t\t\t<\/div>\n\t\t\t\t\t\t\t\t\n<style>\n#image_914593451 {\n  width: 100%;\n}\n<\/style>\n\t<\/div>\n\t\n\t\t<\/div>\n\t\t\t\t\t<\/div>\n\n\t\n\n\t<div id=\"col-336488279\" class=\"col medium-5 small-12 large-5\"  >\n\t\t\t\t<div class=\"col-inner\"  >\n\t\t\t\n\t\t\t\n\t<div id=\"text-3563709209\" class=\"text\">\n\t\t\n<h5>Rendimiento herm\u00e9tico<\/h5>\n\t\t\n<style>\n#text-3563709209 {\n  text-align: center;\n}\n@media (min-width:550px) {\n  #text-3563709209 {\n    text-align: left;\n  }\n}\n<\/style>\n\t<\/div>\n\t\n\t<div id=\"text-1777442292\" class=\"text\">\n\t\t\n<p><b>Nivel 8<br \/>\n<\/b>q1=0,3 m\u00b3 \/ (m.h)<br \/>\nq2=0,5 m\u00b3\/ ( \u33a1.h )<\/p>\n\t\t\n<style>\n#text-1777442292 {\n  text-align: center;\n}\n@media (min-width:550px) {\n  #text-1777442292 {\n    text-align: left;\n  }\n}\n<\/style>\n\t<\/div>\n\t\n\t\t<\/div>\n\t\t\t\t\t<\/div>\n\n\t\n<\/div>\n\t\t<\/div>\n\t\t\t\t\t<\/div>\n\n\t\n\n\t<div id=\"col-1227526386\" class=\"col medium-6 small-12 large-6\"  >\n\t\t\t\t<div class=\"col-inner\"  >\n\t\t\t\n\t\t\t\n<div class=\"row row-small align-middle\"  id=\"row-1146406181\">\n\n\t<div id=\"col-1570621715\" class=\"col medium-7 small-12 large-7\"  >\n\t\t\t\t<div class=\"col-inner\"  >\n\t\t\t\n\t\t\t\n\t<div class=\"img has-hover x md-x lg-x y md-y lg-y\" id=\"image_731132386\">\n\t\t\t\t\t\t\t\t<div class=\"img-inner dark\" >\n\t\t\t<img loading=\"lazy\" decoding=\"async\" width=\"534\" height=\"368\" src=\"https:\/\/metalpie.com\/wp-content\/uploads\/2022\/09\/block_Universal_products_bottom_002.2image.jpg.webp\" class=\"attachment-original size-original\" alt=\"\" srcset=\"https:\/\/metalpie.com\/wp-content\/uploads\/2022\/09\/block_Universal_products_bottom_002.2image.jpg.webp 534w, https:\/\/metalpie.com\/wp-content\/uploads\/2022\/09\/block_Universal_products_bottom_002.2image.jpg-300x207.webp 300w\" sizes=\"auto, (max-width: 534px) 100vw, 534px\" \/>\t\t\t\t\t\t\n\t\t\t\t\t<\/div>\n\t\t\t\t\t\t\t\t\n<style>\n#image_731132386 {\n  width: 100%;\n}\n<\/style>\n\t<\/div>\n\t\n\t\t<\/div>\n\t\t\t\t\t<\/div>\n\n\t\n\n\t<div id=\"col-1649075026\" class=\"col medium-5 small-12 large-5\"  >\n\t\t\t\t<div class=\"col-inner\"  >\n\t\t\t\n\t\t\t\n\t<div id=\"text-3362256636\" class=\"text\">\n\t\t\n<h5>Resistencia a la presi\u00f3n del viento<\/h5>\n\t\t\n<style>\n#text-3362256636 {\n  text-align: center;\n}\n@media (min-width:550px) {\n  #text-3362256636 {\n    text-align: left;\n  }\n}\n<\/style>\n\t<\/div>\n\t\n\t<div id=\"text-2930442372\" class=\"text\">\n\t\t\n<p><strong>Nivel 9<\/strong><br \/>\np3=5,0 Kpa<\/p>\n\t\t\n<style>\n#text-2930442372 {\n  text-align: center;\n}\n@media (min-width:550px) {\n  #text-2930442372 {\n    text-align: left;\n  }\n}\n<\/style>\n\t<\/div>\n\t\n\t\t<\/div>\n\t\t\t\t\t<\/div>\n\n\t\n<\/div>\n\t\t<\/div>\n\t\t\t\t\t<\/div>\n\n\t\n\n\t<div id=\"col-269536133\" class=\"col medium-6 small-12 large-6\"  >\n\t\t\t\t<div class=\"col-inner\"  >\n\t\t\t\n\t\t\t\n<div class=\"row row-small align-middle\"  id=\"row-2071764890\">\n\n\t<div id=\"col-457027989\" class=\"col medium-7 small-12 large-7\"  >\n\t\t\t\t<div class=\"col-inner\"  >\n\t\t\t\n\t\t\t\n\t<div class=\"img has-hover x md-x lg-x y md-y lg-y\" id=\"image_769031594\">\n\t\t\t\t\t\t\t\t<div class=\"img-inner dark\" >\n\t\t\t<img loading=\"lazy\" decoding=\"async\" width=\"531\" height=\"366\" src=\"https:\/\/metalpie.com\/wp-content\/uploads\/2022\/09\/block_Universal_products_bottom_003.3image.jpg.webp\" class=\"attachment-original size-original\" alt=\"\" srcset=\"https:\/\/metalpie.com\/wp-content\/uploads\/2022\/09\/block_Universal_products_bottom_003.3image.jpg.webp 531w, https:\/\/metalpie.com\/wp-content\/uploads\/2022\/09\/block_Universal_products_bottom_003.3image.jpg-300x207.webp 300w\" sizes=\"auto, (max-width: 531px) 100vw, 531px\" \/>\t\t\t\t\t\t\n\t\t\t\t\t<\/div>\n\t\t\t\t\t\t\t\t\n<style>\n#image_769031594 {\n  width: 100%;\n}\n<\/style>\n\t<\/div>\n\t\n\t\t<\/div>\n\t\t\t\t\t<\/div>\n\n\t\n\n\t<div id=\"col-831730216\" class=\"col medium-5 small-12 large-5\"  >\n\t\t\t\t<div class=\"col-inner\"  >\n\t\t\t\n\t\t\t\n\t<div id=\"text-70317795\" class=\"text\">\n\t\t\n<h5>Estanqueidad<\/h5>\n\t\t\n<style>\n#text-70317795 {\n  text-align: center;\n}\n@media (min-width:550px) {\n  #text-70317795 {\n    text-align: left;\n  }\n}\n<\/style>\n\t<\/div>\n\t\n\t<div id=\"text-3019505018\" class=\"text\">\n\t\t\n<p><strong>Nivel 6<\/strong><br \/>\n\u25b3P=700 pa<\/p>\n\t\t\n<style>\n#text-3019505018 {\n  text-align: center;\n}\n@media (min-width:550px) {\n  #text-3019505018 {\n    text-align: left;\n  }\n}\n<\/style>\n\t<\/div>\n\t\n\t\t<\/div>\n\t\t\t\t\t<\/div>\n\n\t\n<\/div>\n\t\t<\/div>\n\t\t\t\t\t<\/div>\n\n\t\n\n\t<div id=\"col-1753045919\" class=\"col medium-6 small-12 large-6\"  >\n\t\t\t\t<div class=\"col-inner\"  >\n\t\t\t\n\t\t\t\n<div class=\"row row-small align-middle\"  id=\"row-649078310\">\n\n\t<div id=\"col-1522307593\" class=\"col medium-7 small-12 large-7\"  >\n\t\t\t\t<div class=\"col-inner\"  >\n\t\t\t\n\t\t\t\n\t<div class=\"img has-hover x md-x lg-x y md-y lg-y\" id=\"image_614376773\">\n\t\t\t\t\t\t\t\t<div class=\"img-inner dark\" >\n\t\t\t<img loading=\"lazy\" decoding=\"async\" width=\"531\" height=\"365\" src=\"https:\/\/metalpie.com\/wp-content\/uploads\/2022\/09\/block_Universal_products_bottom_004.4image.jpg.webp\" class=\"attachment-original size-original\" alt=\"\" srcset=\"https:\/\/metalpie.com\/wp-content\/uploads\/2022\/09\/block_Universal_products_bottom_004.4image.jpg.webp 531w, https:\/\/metalpie.com\/wp-content\/uploads\/2022\/09\/block_Universal_products_bottom_004.4image.jpg-300x206.webp 300w\" sizes=\"auto, (max-width: 531px) 100vw, 531px\" \/>\t\t\t\t\t\t\n\t\t\t\t\t<\/div>\n\t\t\t\t\t\t\t\t\n<style>\n#image_614376773 {\n  width: 100%;\n}\n<\/style>\n\t<\/div>\n\t\n\t\t<\/div>\n\t\t\t\t\t<\/div>\n\n\t\n\n\t<div id=\"col-1328568338\" class=\"col medium-5 small-12 large-5\"  >\n\t\t\t\t<div class=\"col-inner\"  >\n\t\t\t\n\t\t\t\n\t<div id=\"text-3438695938\" class=\"text\">\n\t\t\n<h5>Rendimiento del aislamiento<\/h5>\n\t\t\n<style>\n#text-3438695938 {\n  text-align: center;\n}\n@media (min-width:550px) {\n  #text-3438695938 {\n    text-align: left;\n  }\n}\n<\/style>\n\t<\/div>\n\t\n\t<div id=\"text-8577642\" class=\"text\">\n\t\t\n<p><strong>Nivel 7<\/strong><br \/>\nK=1,8~ 2,2W\/(\u33a1.K)<\/p>\n\t\t\n<style>\n#text-8577642 {\n  text-align: center;\n}\n@media (min-width:550px) {\n  #text-8577642 {\n    text-align: left;\n  }\n}\n<\/style>\n\t<\/div>\n\t\n\t\t<\/div>\n\t\t\t\t\t<\/div>\n\n\t\n<\/div>\n\t\t<\/div>\n\t\t\t\t\t<\/div>\n\n\t\n\n<style>\n#row-1901507166 > .col > .col-inner {\n  padding: 0px 20px 0px 20px;\n}\n<\/style>\n<\/div>\n\t\t<\/div>\n\n\t\t\n<style>\n#section_1407413121 {\n  padding-top: 0px;\n  padding-bottom: 0px;\n  background-color: rgb(245, 245, 245);\n}\n#section_1407413121 .ux-shape-divider--top svg {\n  height: 143px;\n  --divider-top-width: 100%;\n}\n<\/style>\n\t<\/section>","protected":false},"excerpt":{"rendered":"<p>Podemos personalizar los colores o dise\u00f1os de los marcos de aluminio de las puertas si desea que combinen con su estilo de decoraci\u00f3n. Esta puerta corredera elevable es una buena elecci\u00f3n si su casa es grande. Instalandola en el balcon de su dormitorio, se despertara con la primera luz del sol por la manana.<\/p>","protected":false},"featured_media":2759,"comment_status":"closed","ping_status":"closed","template":"","meta":[],"product_cat":[15],"class_list":["post-2758","product","type-product","status-publish","has-post-thumbnail","hentry","product_cat-aluminum-windows-doors"],"yoast_head":"<!-- This site is optimized with the Yoast SEO plugin v21.5 - https:\/\/yoast.com\/wordpress\/plugins\/seo\/ -->\n<title>ES139pro Aluminum Lift and Slide Door | Lift and Slide Patio Doors<\/title>\n<meta name=\"description\" content=\"ES139pro aluminum lift and slide door is your best choice if you have a large balcony. This series is an improvement base on our classic series.\" \/>\n<meta name=\"robots\" content=\"index, follow, max-snippet:-1, max-image-preview:large, max-video-preview:-1\" \/>\n<link rel=\"canonical\" href=\"https:\/\/metalpie.com\/es\/ventanas-puertas-de-aluminio\/es139pro-puerta-corredera-elevable\/\" \/>\n<meta property=\"og:locale\" content=\"es_ES\" \/>\n<meta property=\"og:type\" content=\"article\" \/>\n<meta property=\"og:title\" content=\"ES139pro Aluminum Lift and Slide Door | Lift and Slide Patio Doors\" \/>\n<meta property=\"og:description\" content=\"ES139pro aluminum lift and slide door is your best choice if you have a large balcony. This series is an improvement base on our classic series.\" \/>\n<meta property=\"og:url\" content=\"https:\/\/metalpie.com\/es\/ventanas-puertas-de-aluminio\/es139pro-puerta-corredera-elevable\/\" \/>\n<meta property=\"og:site_name\" content=\"METALPIE\" \/>\n<meta property=\"article:modified_time\" content=\"2023-02-17T06:55:57+00:00\" \/>\n<meta property=\"og:image\" content=\"https:\/\/metalpie.com\/wp-content\/uploads\/2022\/10\/es139pro_lift_sliding_door_001image.webp\" \/>\n\t<meta property=\"og:image:width\" content=\"1000\" \/>\n\t<meta property=\"og:image:height\" content=\"1000\" \/>\n\t<meta property=\"og:image:type\" content=\"image\/webp\" \/>\n<meta name=\"twitter:card\" content=\"summary_large_image\" \/>\n<meta name=\"twitter:label1\" content=\"Tiempo de lectura\" \/>\n\t<meta name=\"twitter:data1\" content=\"2 minutos\" \/>\n<script type=\"application\/ld+json\" class=\"yoast-schema-graph\">{\"@context\":\"https:\/\/schema.org\",\"@graph\":[{\"@type\":\"WebPage\",\"@id\":\"https:\/\/metalpie.com\/ru\/%d0%b0%d0%bb%d1%8e%d0%bc%d0%b8%d0%bd%d0%b8%d0%b5%d0%b2%d1%8b%d0%b5-%d0%be%d0%ba%d0%bd%d0%b0-%d0%b4%d0%b2%d0%b5%d1%80%d0%b8\/%d0%bf%d0%be%d0%b4%d1%8a%d0%b5%d0%bc%d0%bd%d0%be-%d1%80%d0%b0%d0%b7%d0%b4%d0%b2%d0%b8%d0%b6%d0%bd%d0%b0%d1%8f-%d0%b4%d0%b2%d0%b5%d1%80%d1%8c-es139pro\/\",\"url\":\"https:\/\/metalpie.com\/ru\/%d0%b0%d0%bb%d1%8e%d0%bc%d0%b8%d0%bd%d0%b8%d0%b5%d0%b2%d1%8b%d0%b5-%d0%be%d0%ba%d0%bd%d0%b0-%d0%b4%d0%b2%d0%b5%d1%80%d0%b8\/%d0%bf%d0%be%d0%b4%d1%8a%d0%b5%d0%bc%d0%bd%d0%be-%d1%80%d0%b0%d0%b7%d0%b4%d0%b2%d0%b8%d0%b6%d0%bd%d0%b0%d1%8f-%d0%b4%d0%b2%d0%b5%d1%80%d1%8c-es139pro\/\",\"name\":\"ES139pro Aluminum Lift and Slide Door | Lift and Slide Patio Doors\",\"isPartOf\":{\"@id\":\"https:\/\/metalpie.com\/#website\"},\"datePublished\":\"2022-10-09T05:06:38+00:00\",\"dateModified\":\"2023-02-17T06:55:57+00:00\",\"description\":\"ES139pro aluminum lift and slide door is your best choice if you have a large balcony. This series is an improvement base on our classic series.\",\"breadcrumb\":{\"@id\":\"https:\/\/metalpie.com\/ru\/%d0%b0%d0%bb%d1%8e%d0%bc%d0%b8%d0%bd%d0%b8%d0%b5%d0%b2%d1%8b%d0%b5-%d0%be%d0%ba%d0%bd%d0%b0-%d0%b4%d0%b2%d0%b5%d1%80%d0%b8\/%d0%bf%d0%be%d0%b4%d1%8a%d0%b5%d0%bc%d0%bd%d0%be-%d1%80%d0%b0%d0%b7%d0%b4%d0%b2%d0%b8%d0%b6%d0%bd%d0%b0%d1%8f-%d0%b4%d0%b2%d0%b5%d1%80%d1%8c-es139pro\/#breadcrumb\"},\"inLanguage\":\"es\",\"potentialAction\":[{\"@type\":\"ReadAction\",\"target\":[\"https:\/\/metalpie.com\/ru\/%d0%b0%d0%bb%d1%8e%d0%bc%d0%b8%d0%bd%d0%b8%d0%b5%d0%b2%d1%8b%d0%b5-%d0%be%d0%ba%d0%bd%d0%b0-%d0%b4%d0%b2%d0%b5%d1%80%d0%b8\/%d0%bf%d0%be%d0%b4%d1%8a%d0%b5%d0%bc%d0%bd%d0%be-%d1%80%d0%b0%d0%b7%d0%b4%d0%b2%d0%b8%d0%b6%d0%bd%d0%b0%d1%8f-%d0%b4%d0%b2%d0%b5%d1%80%d1%8c-es139pro\/\"]}]},{\"@type\":\"BreadcrumbList\",\"@id\":\"https:\/\/metalpie.com\/ru\/%d0%b0%d0%bb%d1%8e%d0%bc%d0%b8%d0%bd%d0%b8%d0%b5%d0%b2%d1%8b%d0%b5-%d0%be%d0%ba%d0%bd%d0%b0-%d0%b4%d0%b2%d0%b5%d1%80%d0%b8\/%d0%bf%d0%be%d0%b4%d1%8a%d0%b5%d0%bc%d0%bd%d0%be-%d1%80%d0%b0%d0%b7%d0%b4%d0%b2%d0%b8%d0%b6%d0%bd%d0%b0%d1%8f-%d0%b4%d0%b2%d0%b5%d1%80%d1%8c-es139pro\/#breadcrumb\",\"itemListElement\":[{\"@type\":\"ListItem\",\"position\":1,\"name\":\"Home\",\"item\":\"https:\/\/metalpie.com\/\"},{\"@type\":\"ListItem\",\"position\":2,\"name\":\"Products\",\"item\":\"https:\/\/metalpie.com\/shop\/\"},{\"@type\":\"ListItem\",\"position\":3,\"name\":\"ES139pro Aluminum Lift and Slide Door\"}]},{\"@type\":\"WebSite\",\"@id\":\"https:\/\/metalpie.com\/#website\",\"url\":\"https:\/\/metalpie.com\/\",\"name\":\"METALPIE\",\"description\":\"Precision Metal Fabrication | Tools, Processes &amp; More\",\"potentialAction\":[{\"@type\":\"SearchAction\",\"target\":{\"@type\":\"EntryPoint\",\"urlTemplate\":\"https:\/\/metalpie.com\/?s={search_term_string}\"},\"query-input\":\"required name=search_term_string\"}],\"inLanguage\":\"es\"}]}<\/script>\n<!-- \/ Yoast SEO plugin. -->","yoast_head_json":{"title":"ES139pro Puerta Corredera Elevable de Aluminio | Puertas Corredera Elevable para Patio","description":"La puerta corredera elevable de aluminio ES139pro es su mejor opci\u00f3n si tiene un balc\u00f3n grande. Esta serie es una base de mejora de nuestra serie cl\u00e1sica.","robots":{"index":"index","follow":"follow","max-snippet":"max-snippet:-1","max-image-preview":"max-image-preview:large","max-video-preview":"max-video-preview:-1"},"canonical":"https:\/\/metalpie.com\/es\/ventanas-puertas-de-aluminio\/es139pro-puerta-corredera-elevable\/","og_locale":"es_ES","og_type":"article","og_title":"ES139pro Aluminum Lift and Slide Door | Lift and Slide Patio Doors","og_description":"ES139pro aluminum lift and slide door is your best choice if you have a large balcony. This series is an improvement base on our classic series.","og_url":"https:\/\/metalpie.com\/es\/ventanas-puertas-de-aluminio\/es139pro-puerta-corredera-elevable\/","og_site_name":"METALPIE","article_modified_time":"2023-02-17T06:55:57+00:00","og_image":[{"width":1000,"height":1000,"url":"https:\/\/metalpie.com\/wp-content\/uploads\/2022\/10\/es139pro_lift_sliding_door_001image.webp","type":"image\/webp"}],"twitter_card":"summary_large_image","twitter_misc":{"Tiempo de lectura":"2 minutos"},"schema":{"@context":"https:\/\/schema.org","@graph":[{"@type":"WebPage","@id":"https:\/\/metalpie.com\/ru\/%d0%b0%d0%bb%d1%8e%d0%bc%d0%b8%d0%bd%d0%b8%d0%b5%d0%b2%d1%8b%d0%b5-%d0%be%d0%ba%d0%bd%d0%b0-%d0%b4%d0%b2%d0%b5%d1%80%d0%b8\/%d0%bf%d0%be%d0%b4%d1%8a%d0%b5%d0%bc%d0%bd%d0%be-%d1%80%d0%b0%d0%b7%d0%b4%d0%b2%d0%b8%d0%b6%d0%bd%d0%b0%d1%8f-%d0%b4%d0%b2%d0%b5%d1%80%d1%8c-es139pro\/","url":"https:\/\/metalpie.com\/ru\/%d0%b0%d0%bb%d1%8e%d0%bc%d0%b8%d0%bd%d0%b8%d0%b5%d0%b2%d1%8b%d0%b5-%d0%be%d0%ba%d0%bd%d0%b0-%d0%b4%d0%b2%d0%b5%d1%80%d0%b8\/%d0%bf%d0%be%d0%b4%d1%8a%d0%b5%d0%bc%d0%bd%d0%be-%d1%80%d0%b0%d0%b7%d0%b4%d0%b2%d0%b8%d0%b6%d0%bd%d0%b0%d1%8f-%d0%b4%d0%b2%d0%b5%d1%80%d1%8c-es139pro\/","name":"ES139pro Puerta Corredera Elevable de Aluminio | Puertas Corredera Elevable para Patio","isPartOf":{"@id":"https:\/\/metalpie.com\/#website"},"datePublished":"2022-10-09T05:06:38+00:00","dateModified":"2023-02-17T06:55:57+00:00","description":"La puerta corredera elevable de aluminio ES139pro es su mejor opci\u00f3n si tiene un balc\u00f3n grande. Esta serie es una base de mejora de nuestra serie cl\u00e1sica.","breadcrumb":{"@id":"https:\/\/metalpie.com\/ru\/%d0%b0%d0%bb%d1%8e%d0%bc%d0%b8%d0%bd%d0%b8%d0%b5%d0%b2%d1%8b%d0%b5-%d0%be%d0%ba%d0%bd%d0%b0-%d0%b4%d0%b2%d0%b5%d1%80%d0%b8\/%d0%bf%d0%be%d0%b4%d1%8a%d0%b5%d0%bc%d0%bd%d0%be-%d1%80%d0%b0%d0%b7%d0%b4%d0%b2%d0%b8%d0%b6%d0%bd%d0%b0%d1%8f-%d0%b4%d0%b2%d0%b5%d1%80%d1%8c-es139pro\/#breadcrumb"},"inLanguage":"es","potentialAction":[{"@type":"ReadAction","target":["https:\/\/metalpie.com\/ru\/%d0%b0%d0%bb%d1%8e%d0%bc%d0%b8%d0%bd%d0%b8%d0%b5%d0%b2%d1%8b%d0%b5-%d0%be%d0%ba%d0%bd%d0%b0-%d0%b4%d0%b2%d0%b5%d1%80%d0%b8\/%d0%bf%d0%be%d0%b4%d1%8a%d0%b5%d0%bc%d0%bd%d0%be-%d1%80%d0%b0%d0%b7%d0%b4%d0%b2%d0%b8%d0%b6%d0%bd%d0%b0%d1%8f-%d0%b4%d0%b2%d0%b5%d1%80%d1%8c-es139pro\/"]}]},{"@type":"BreadcrumbList","@id":"https:\/\/metalpie.com\/ru\/%d0%b0%d0%bb%d1%8e%d0%bc%d0%b8%d0%bd%d0%b8%d0%b5%d0%b2%d1%8b%d0%b5-%d0%be%d0%ba%d0%bd%d0%b0-%d0%b4%d0%b2%d0%b5%d1%80%d0%b8\/%d0%bf%d0%be%d0%b4%d1%8a%d0%b5%d0%bc%d0%bd%d0%be-%d1%80%d0%b0%d0%b7%d0%b4%d0%b2%d0%b8%d0%b6%d0%bd%d0%b0%d1%8f-%d0%b4%d0%b2%d0%b5%d1%80%d1%8c-es139pro\/#breadcrumb","itemListElement":[{"@type":"ListItem","position":1,"name":"Home","item":"https:\/\/metalpie.com\/"},{"@type":"ListItem","position":2,"name":"Products","item":"https:\/\/metalpie.com\/shop\/"},{"@type":"ListItem","position":3,"name":"ES139pro Aluminum Lift and Slide Door"}]},{"@type":"WebSite","@id":"https:\/\/metalpie.com\/#website","url":"https:\/\/metalpie.com\/","name":"METALPIE","description":"Fabricaci\u00f3n de metales de precisi\u00f3n | Herramientas, procesos y m\u00e1s","potentialAction":[{"@type":"SearchAction","target":{"@type":"EntryPoint","urlTemplate":"https:\/\/metalpie.com\/?s={search_term_string}"},"query-input":"required name=search_term_string"}],"inLanguage":"es"}]}},"_links":{"self":[{"href":"https:\/\/metalpie.com\/es\/wp-json\/wp\/v2\/product\/2758","targetHints":{"allow":["GET"]}}],"collection":[{"href":"https:\/\/metalpie.com\/es\/wp-json\/wp\/v2\/product"}],"about":[{"href":"https:\/\/metalpie.com\/es\/wp-json\/wp\/v2\/types\/product"}],"replies":[{"embeddable":true,"href":"https:\/\/metalpie.com\/es\/wp-json\/wp\/v2\/comments?post=2758"}],"wp:featuredmedia":[{"embeddable":true,"href":"https:\/\/metalpie.com\/es\/wp-json\/wp\/v2\/media\/2759"}],"wp:attachment":[{"href":"https:\/\/metalpie.com\/es\/wp-json\/wp\/v2\/media?parent=2758"}],"wp:term":[{"taxonomy":"product_cat","embeddable":true,"href":"https:\/\/metalpie.com\/es\/wp-json\/wp\/v2\/product_cat?post=2758"}],"curies":[{"name":"wp","href":"https:\/\/api.w.org\/{rel}","templated":true}]}}