{"id":2743,"date":"2022-10-09T12:44:33","date_gmt":"2022-10-09T04:44:33","guid":{"rendered":"https:\/\/metalpie.com\/?post_type=product&#038;p=2743"},"modified":"2022-12-08T17:00:20","modified_gmt":"2022-12-08T09:00:20","slug":"es40-puerta-batiente","status":"publish","type":"product","link":"https:\/\/metalpie.com\/es\/ventanas-puertas-de-aluminio\/es40-puerta-batiente\/","title":{"rendered":"ES40 Puerta abatible"},"content":{"rendered":"<section class=\"section\" id=\"section_803224514\">\n\t\t<div class=\"bg section-bg fill bg-fill  bg-loaded\" >\n\n\t\t\t\n\t\t\t\n\t\t\t\n\n\t\t<\/div>\n\n\t\t\n\n\t\t<div class=\"section-content relative\">\n\t\t\t\n<div class=\"row\"  id=\"row-912072970\">\n\n\t<div id=\"col-1782256343\" class=\"col small-12 large-12\"  >\n\t\t\t\t<div class=\"col-inner\"  >\n\t\t\t\n\t\t\t\n<h2>ES40 Puerta de aluminio batiente Descripci\u00f3n<\/h2>\n<p><span data-preserver-spaces=\"true\">ES40 es un dise\u00f1o de apertura de una sola puerta. En la imagen, se puede ver que hay dos paneles de puerta, y s\u00f3lo un panel se puede abrir. Otro panel de la puerta es fijo y m\u00e1s estrecho. El marco de aluminio de la puerta es ancho, el cual soporta la puerta firmemente. Utiliza vidrio esmerilado, que puede proteger mejor su privacidad.\u00a0<\/span><\/p>\n<p><span data-preserver-spaces=\"true\">Ofrecemos servicio de puertas de aluminio a medida. Estas im\u00e1genes muestran marcos de puertas de aluminio negro. Hay docenas de colores disponibles, por lo que puede elegir el color de varios colores, como gris, champ\u00e1n, oro y grano de madera. En la actualidad, ofrecemos m\u00e1s de 60 colores de personalizaci\u00f3n. Cuando se trata de la personalizaci\u00f3n de puertas de aluminio, el proceso es el siguiente:<\/span><\/p>\n<p><span data-preserver-spaces=\"true\">1 El cliente env\u00eda los planos o especificaciones de la puerta abatible de aluminio a nuestro departamento de ventas.<\/span><\/p>\n<p><span data-preserver-spaces=\"true\">2 Confirmamos los detalles, el precio y el plazo de entrega con los clientes.<\/span><\/p>\n<p><span data-preserver-spaces=\"true\">3 Empezamos a fabricar puertas batientes de aluminio.<\/span><\/p>\n<p><span data-preserver-spaces=\"true\">4 Despu\u00e9s de las pruebas de calidad, los enviaremos.<\/span><\/p>\n<h2>Herrajes de aluminio para puertas<\/h2>\n<ul>\n<li><span data-preserver-spaces=\"true\">El tirador de doble cara facilita la apertura de la puerta.<\/span><\/li>\n<li><span data-preserver-spaces=\"true\">Sistema de cierre multipunto, seguro y fiable.<\/span><\/li>\n<li><span data-preserver-spaces=\"true\">Las bisagras de alta calidad ofrecen la menor tolerancia y hacen que la puerta abatible de aluminio sea resistente y f\u00e1cil de abrir y cerrar.<\/span><\/li>\n<\/ul>\n<h2>Color y tama\u00f1o<\/h2>\n<p><span data-preserver-spaces=\"true\">Ofrecemos m\u00e1s de 60 colores de personalizaci\u00f3n. Utilizamos cinco procesos: recubrimiento en polvo, recubrimiento de PVDF, grano de madera, anodizado y electroforesis para colorear los marcos de aluminio de las puertas. Los hay plateados, dorados, champ\u00e1n, etc. Tambi\u00e9n disponemos de colores y tama\u00f1os personalizados. Si desea personalizar su color exclusivo, no dude en ponerse en contacto con nuestro departamento de ventas.<\/span><\/p>\n<h2>Caracter\u00edsticas<\/h2>\n<ul>\n<li><span data-preserver-spaces=\"true\">Hay vidrio esmerilado y vidrio transparente opcionales. El vidrio esmerilado protege mejor la intimidad, y el vidrio transparente permite que entre la m\u00e1xima luz en cascada en la habitaci\u00f3n.\u00a0<\/span><\/li>\n<li><span data-preserver-spaces=\"true\">Un panel de la puerta est\u00e1 fijo, por lo que no se puede abrir. Esta puerta de cristal de aluminio no es una buena opci\u00f3n para un edificio de oficinas u otros lugares p\u00fablicos con mucha gente. Pero esta puerta abatible de aluminio es una buena opcion usada en su casa. Tanto si la utiliza como puerta de ba\u00f1o o puerta contra tormentas, es una elecci\u00f3n perfecta.<\/span><\/li>\n<li><span data-preserver-spaces=\"true\">Esta puerta de cristal de aluminio es f\u00e1cil de instalar. Puede instalarla usted mismo, ahorrando dinero en su bolsillo.<\/span><\/li>\n<li><span data-preserver-spaces=\"true\">Est\u00e1 equipado con un burlete, con buenas prestaciones de estanqueidad.<\/span><\/li>\n<li><span data-preserver-spaces=\"true\">Puede utilizarse tanto como puerta interior como exterior.<\/span><\/li>\n<\/ul>\n\t\t<\/div>\n\t\t\t\t\t<\/div>\n\n\t\n<\/div>\n\t\t<\/div>\n\n\t\t\n<style>\n#section_803224514 {\n  padding-top: 30px;\n  padding-bottom: 30px;\n}\n<\/style>\n\t<\/section>\n\t\n\t<section class=\"section\" id=\"section_1914508576\">\n\t\t<div class=\"bg section-bg fill bg-fill  bg-loaded\" >\n\n\t\t\t\n\t\t\t\n\t\t\t\n\n\t\t<\/div>\n\n\t\t\t<div class=\"ux-shape-divider ux-shape-divider--top ux-shape-divider--style-curve-opacity\">\n\t\t<svg viewbox=\"0 0 1000 100\" xmlns=\"http:\/\/www.w3.org\/2000\/svg\" preserveaspectratio=\"none\">\n\t\t<path class=\"ux-shape-fill\" opacity=\"0.15\" d=\"M0 14C0 14 88.64 17.48 300 50C560 90 814 77 1003 40L1015 68L1018 104H0V14Z\"\/>\n\t\t<path class=\"ux-shape-fill\" opacity=\"0.3\" d=\"M0 45C0 45 271 90.13 500 77C657 68 830 30 1015 14V100H0V45Z\"\/>\n\t\t<path class=\"ux-shape-fill\" d=\"M0 58C0 58 188.29 90 508 90C798 90 1002 55 1002 55V100H0V58Z\"\/>\n<\/svg>\n\t<\/div>\n\n\n\t\t<div class=\"section-content relative\">\n\t\t\t\n<div class=\"is-divider divider clearfix\" style=\"margin-top:0px;margin-bottom:0px;max-width:0px;height:30px;\"><\/div>\n<div class=\"row row-collapse align-middle\"  id=\"row-724599564\">\n\n\t<div id=\"col-946528817\" class=\"col medium-6 small-12 large-6\"  >\n\t\t\t\t<div class=\"col-inner\"  >\n\t\t\t\n\t\t\t\n<div class=\"row row-small align-middle\"  id=\"row-1249926456\">\n\n\t<div id=\"col-1635213078\" class=\"col medium-7 small-12 large-7\"  >\n\t\t\t\t<div class=\"col-inner\"  >\n\t\t\t\n\t\t\t\n\t<div class=\"img has-hover x md-x lg-x y md-y lg-y\" id=\"image_467468155\">\n\t\t\t\t\t\t\t\t<div class=\"img-inner dark\" >\n\t\t\t<img loading=\"lazy\" decoding=\"async\" width=\"532\" height=\"366\" src=\"https:\/\/metalpie.com\/wp-content\/uploads\/2022\/09\/block_Universal_products_bottom_001.1image.jpg.webp\" class=\"attachment-original size-original\" alt=\"\" srcset=\"https:\/\/metalpie.com\/wp-content\/uploads\/2022\/09\/block_Universal_products_bottom_001.1image.jpg.webp 532w, https:\/\/metalpie.com\/wp-content\/uploads\/2022\/09\/block_Universal_products_bottom_001.1image.jpg-300x206.webp 300w\" sizes=\"auto, (max-width: 532px) 100vw, 532px\" \/>\t\t\t\t\t\t\n\t\t\t\t\t<\/div>\n\t\t\t\t\t\t\t\t\n<style>\n#image_467468155 {\n  width: 100%;\n}\n<\/style>\n\t<\/div>\n\t\n\t\t<\/div>\n\t\t\t\t\t<\/div>\n\n\t\n\n\t<div id=\"col-1124487993\" class=\"col medium-5 small-12 large-5\"  >\n\t\t\t\t<div class=\"col-inner\"  >\n\t\t\t\n\t\t\t\n\t<div id=\"text-3371498566\" class=\"text\">\n\t\t\n<h5>Buen rendimiento herm\u00e9tico<\/h5>\n\t\t\n<style>\n#text-3371498566 {\n  text-align: center;\n}\n@media (min-width:550px) {\n  #text-3371498566 {\n    text-align: left;\n  }\n}\n<\/style>\n\t<\/div>\n\t\n\t\t<\/div>\n\t\t\t\t\t<\/div>\n\n\t\n<\/div>\n\t\t<\/div>\n\t\t\t\t\t<\/div>\n\n\t\n\n\t<div id=\"col-961727572\" class=\"col medium-6 small-12 large-6\"  >\n\t\t\t\t<div class=\"col-inner\"  >\n\t\t\t\n\t\t\t\n<div class=\"row row-small align-middle\"  id=\"row-736368023\">\n\n\t<div id=\"col-525431008\" class=\"col medium-7 small-12 large-7\"  >\n\t\t\t\t<div class=\"col-inner\"  >\n\t\t\t\n\t\t\t\n\t<div class=\"img has-hover x md-x lg-x y md-y lg-y\" id=\"image_465235681\">\n\t\t\t\t\t\t\t\t<div class=\"img-inner dark\" >\n\t\t\t<img loading=\"lazy\" decoding=\"async\" width=\"534\" height=\"368\" src=\"https:\/\/metalpie.com\/wp-content\/uploads\/2022\/09\/block_Universal_products_bottom_002.2image.jpg.webp\" class=\"attachment-original size-original\" alt=\"\" srcset=\"https:\/\/metalpie.com\/wp-content\/uploads\/2022\/09\/block_Universal_products_bottom_002.2image.jpg.webp 534w, https:\/\/metalpie.com\/wp-content\/uploads\/2022\/09\/block_Universal_products_bottom_002.2image.jpg-300x207.webp 300w\" sizes=\"auto, (max-width: 534px) 100vw, 534px\" \/>\t\t\t\t\t\t\n\t\t\t\t\t<\/div>\n\t\t\t\t\t\t\t\t\n<style>\n#image_465235681 {\n  width: 100%;\n}\n<\/style>\n\t<\/div>\n\t\n\t\t<\/div>\n\t\t\t\t\t<\/div>\n\n\t\n\n\t<div id=\"col-757447293\" class=\"col medium-5 small-12 large-5\"  >\n\t\t\t\t<div class=\"col-inner\"  >\n\t\t\t\n\t\t\t\n\t<div id=\"text-1567092860\" class=\"text\">\n\t\t\n<h5>Gran resistencia a la presi\u00f3n del viento<\/h5>\n\t\t\n<style>\n#text-1567092860 {\n  text-align: center;\n}\n@media (min-width:550px) {\n  #text-1567092860 {\n    text-align: left;\n  }\n}\n<\/style>\n\t<\/div>\n\t\n\t\t<\/div>\n\t\t\t\t\t<\/div>\n\n\t\n<\/div>\n\t\t<\/div>\n\t\t\t\t\t<\/div>\n\n\t\n\n\t<div id=\"col-148518414\" class=\"col medium-6 small-12 large-6\"  >\n\t\t\t\t<div class=\"col-inner\"  >\n\t\t\t\n\t\t\t\n<div class=\"row row-small align-middle\"  id=\"row-719012485\">\n\n\t<div id=\"col-2022460293\" class=\"col medium-7 small-12 large-7\"  >\n\t\t\t\t<div class=\"col-inner\"  >\n\t\t\t\n\t\t\t\n\t<div class=\"img has-hover x md-x lg-x y md-y lg-y\" id=\"image_31514336\">\n\t\t\t\t\t\t\t\t<div class=\"img-inner dark\" >\n\t\t\t<img loading=\"lazy\" decoding=\"async\" width=\"531\" height=\"366\" src=\"https:\/\/metalpie.com\/wp-content\/uploads\/2022\/09\/block_Universal_products_bottom_003.3image.jpg.webp\" class=\"attachment-original size-original\" alt=\"\" srcset=\"https:\/\/metalpie.com\/wp-content\/uploads\/2022\/09\/block_Universal_products_bottom_003.3image.jpg.webp 531w, https:\/\/metalpie.com\/wp-content\/uploads\/2022\/09\/block_Universal_products_bottom_003.3image.jpg-300x207.webp 300w\" sizes=\"auto, (max-width: 531px) 100vw, 531px\" \/>\t\t\t\t\t\t\n\t\t\t\t\t<\/div>\n\t\t\t\t\t\t\t\t\n<style>\n#image_31514336 {\n  width: 100%;\n}\n<\/style>\n\t<\/div>\n\t\n\t\t<\/div>\n\t\t\t\t\t<\/div>\n\n\t\n\n\t<div id=\"col-715451610\" class=\"col medium-5 small-12 large-5\"  >\n\t\t\t\t<div class=\"col-inner\"  >\n\t\t\t\n\t\t\t\n\t<div id=\"text-973030645\" class=\"text\">\n\t\t\n<h5>Buena estanqueidad<\/h5>\n\t\t\n<style>\n#text-973030645 {\n  text-align: center;\n}\n@media (min-width:550px) {\n  #text-973030645 {\n    text-align: left;\n  }\n}\n<\/style>\n\t<\/div>\n\t\n\t\t<\/div>\n\t\t\t\t\t<\/div>\n\n\t\n<\/div>\n\t\t<\/div>\n\t\t\t\t\t<\/div>\n\n\t\n\n\t<div id=\"col-1560201222\" class=\"col medium-6 small-12 large-6\"  >\n\t\t\t\t<div class=\"col-inner\"  >\n\t\t\t\n\t\t\t\n<div class=\"row row-small align-middle\"  id=\"row-908966992\">\n\n\t<div id=\"col-1701487604\" class=\"col medium-7 small-12 large-7\"  >\n\t\t\t\t<div class=\"col-inner\"  >\n\t\t\t\n\t\t\t\n\t<div class=\"img has-hover x md-x lg-x y md-y lg-y\" id=\"image_1931439221\">\n\t\t\t\t\t\t\t\t<div class=\"img-inner dark\" >\n\t\t\t<img loading=\"lazy\" decoding=\"async\" width=\"531\" height=\"365\" src=\"https:\/\/metalpie.com\/wp-content\/uploads\/2022\/09\/block_Universal_products_bottom_004.4image.jpg.webp\" class=\"attachment-original size-original\" alt=\"\" srcset=\"https:\/\/metalpie.com\/wp-content\/uploads\/2022\/09\/block_Universal_products_bottom_004.4image.jpg.webp 531w, https:\/\/metalpie.com\/wp-content\/uploads\/2022\/09\/block_Universal_products_bottom_004.4image.jpg-300x206.webp 300w\" sizes=\"auto, (max-width: 531px) 100vw, 531px\" \/>\t\t\t\t\t\t\n\t\t\t\t\t<\/div>\n\t\t\t\t\t\t\t\t\n<style>\n#image_1931439221 {\n  width: 100%;\n}\n<\/style>\n\t<\/div>\n\t\n\t\t<\/div>\n\t\t\t\t\t<\/div>\n\n\t\n\n\t<div id=\"col-1071089383\" class=\"col medium-5 small-12 large-5\"  >\n\t\t\t\t<div class=\"col-inner\"  >\n\t\t\t\n\t\t\t\n\t<div id=\"text-624650296\" class=\"text\">\n\t\t\n<h5>Excelente rendimiento de aislamiento<\/h5>\n\t\t\n<style>\n#text-624650296 {\n  text-align: center;\n}\n@media (min-width:550px) {\n  #text-624650296 {\n    text-align: left;\n  }\n}\n<\/style>\n\t<\/div>\n\t\n\t\t<\/div>\n\t\t\t\t\t<\/div>\n\n\t\n<\/div>\n\t\t<\/div>\n\t\t\t\t\t<\/div>\n\n\t\n\n<style>\n#row-724599564 > .col > .col-inner {\n  padding: 0px 20px 0px 20px;\n}\n<\/style>\n<\/div>\n\t\t<\/div>\n\n\t\t\n<style>\n#section_1914508576 {\n  padding-top: 0px;\n  padding-bottom: 0px;\n  background-color: rgb(245, 245, 245);\n}\n#section_1914508576 .ux-shape-divider--top svg {\n  height: 143px;\n  --divider-top-width: 100%;\n}\n<\/style>\n\t<\/section>\n\t\n\t<section class=\"section\" id=\"section_534918523\">\n\t\t<div class=\"bg section-bg fill bg-fill  bg-loaded\" >\n\n\t\t\t\n\t\t\t\n\t\t\t\n\n\t\t<\/div>\n\n\t\t\n\n\t\t<div class=\"section-content relative\">\n\t\t\t\n<div class=\"row\"  id=\"row-173689907\">\n\n\t<div id=\"col-1751637883\" class=\"col small-12 large-12\"  >\n\t\t\t\t<div class=\"col-inner\"  >\n\t\t\t\n\t\t\t\n<h2>Campos de aplicaci\u00f3n de la puerta abatible de aluminio ES40<\/h2>\n<ul>\n<li>Apartamentos<\/li>\n<li>Centros comerciales<\/li>\n<li>Villas<\/li>\n<li>Edificio de oficinas<\/li>\n<li>Hoteles<\/li>\n<\/ul>\n\t\t<\/div>\n\t\t\t\t\t<\/div>\n\n\t\n<\/div>\n\t\t<\/div>\n\n\t\t\n<style>\n#section_534918523 {\n  padding-top: 30px;\n  padding-bottom: 30px;\n}\n<\/style>\n\t<\/section>","protected":false},"excerpt":{"rendered":"<p>La puerta abatible ES40 es una buena elecci\u00f3n para el cuarto de ba\u00f1o. Su dise\u00f1o de una sola puerta y su cristal esmerilado pueden proteger mejor su intimidad, ofrecerle un espacio privado y proporcionarle la mayor sensaci\u00f3n de seguridad.<\/p>","protected":false},"featured_media":2744,"comment_status":"closed","ping_status":"closed","template":"","meta":[],"product_cat":[15],"class_list":["post-2743","product","type-product","status-publish","has-post-thumbnail","hentry","product_cat-aluminum-windows-doors"],"yoast_head":"<!-- This site is optimized with the Yoast SEO plugin v21.5 - https:\/\/yoast.com\/wordpress\/plugins\/seo\/ -->\n<title>ES40 Aluminum Casement Door | Frosted Glass Door<\/title>\n<meta name=\"description\" content=\"ES40 casement door consists of aluminum profiles and frosted glass, which protects your privacy. This door is a good choice if you want some private space.\" \/>\n<meta name=\"robots\" content=\"index, follow, max-snippet:-1, max-image-preview:large, max-video-preview:-1\" \/>\n<link rel=\"canonical\" href=\"https:\/\/metalpie.com\/es\/ventanas-puertas-de-aluminio\/es40-puerta-batiente\/\" \/>\n<meta property=\"og:locale\" content=\"es_ES\" \/>\n<meta property=\"og:type\" content=\"article\" \/>\n<meta property=\"og:title\" content=\"ES40 Aluminum Casement Door | Frosted Glass Door\" \/>\n<meta property=\"og:description\" content=\"ES40 casement door consists of aluminum profiles and frosted glass, which protects your privacy. This door is a good choice if you want some private space.\" \/>\n<meta property=\"og:url\" content=\"https:\/\/metalpie.com\/es\/ventanas-puertas-de-aluminio\/es40-puerta-batiente\/\" \/>\n<meta property=\"og:site_name\" content=\"METALPIE\" \/>\n<meta property=\"article:modified_time\" content=\"2022-12-08T09:00:20+00:00\" \/>\n<meta property=\"og:image\" content=\"https:\/\/metalpie.com\/wp-content\/uploads\/2022\/10\/ES40_casement_door_001image.webp\" \/>\n\t<meta property=\"og:image:width\" content=\"1000\" \/>\n\t<meta property=\"og:image:height\" content=\"1000\" \/>\n\t<meta property=\"og:image:type\" content=\"image\/webp\" \/>\n<meta name=\"twitter:card\" content=\"summary_large_image\" \/>\n<meta name=\"twitter:label1\" content=\"Tiempo de lectura\" \/>\n\t<meta name=\"twitter:data1\" content=\"3 minutos\" \/>\n<script type=\"application\/ld+json\" class=\"yoast-schema-graph\">{\"@context\":\"https:\/\/schema.org\",\"@graph\":[{\"@type\":\"WebPage\",\"@id\":\"https:\/\/metalpie.com\/ru\/%d0%b0%d0%bb%d1%8e%d0%bc%d0%b8%d0%bd%d0%b8%d0%b5%d0%b2%d1%8b%d0%b5-%d0%be%d0%ba%d0%bd%d0%b0-%d0%b4%d0%b2%d0%b5%d1%80%d0%b8\/%d1%81%d1%82%d0%b2%d0%be%d1%80%d1%87%d0%b0%d1%82%d0%b0%d1%8f-%d0%b4%d0%b2%d0%b5%d1%80%d1%8c-es40\/\",\"url\":\"https:\/\/metalpie.com\/ru\/%d0%b0%d0%bb%d1%8e%d0%bc%d0%b8%d0%bd%d0%b8%d0%b5%d0%b2%d1%8b%d0%b5-%d0%be%d0%ba%d0%bd%d0%b0-%d0%b4%d0%b2%d0%b5%d1%80%d0%b8\/%d1%81%d1%82%d0%b2%d0%be%d1%80%d1%87%d0%b0%d1%82%d0%b0%d1%8f-%d0%b4%d0%b2%d0%b5%d1%80%d1%8c-es40\/\",\"name\":\"ES40 Aluminum Casement Door | Frosted Glass Door\",\"isPartOf\":{\"@id\":\"https:\/\/metalpie.com\/#website\"},\"datePublished\":\"2022-10-09T04:44:33+00:00\",\"dateModified\":\"2022-12-08T09:00:20+00:00\",\"description\":\"ES40 casement door consists of aluminum profiles and frosted glass, which protects your privacy. This door is a good choice if you want some private space.\",\"breadcrumb\":{\"@id\":\"https:\/\/metalpie.com\/ru\/%d0%b0%d0%bb%d1%8e%d0%bc%d0%b8%d0%bd%d0%b8%d0%b5%d0%b2%d1%8b%d0%b5-%d0%be%d0%ba%d0%bd%d0%b0-%d0%b4%d0%b2%d0%b5%d1%80%d0%b8\/%d1%81%d1%82%d0%b2%d0%be%d1%80%d1%87%d0%b0%d1%82%d0%b0%d1%8f-%d0%b4%d0%b2%d0%b5%d1%80%d1%8c-es40\/#breadcrumb\"},\"inLanguage\":\"es\",\"potentialAction\":[{\"@type\":\"ReadAction\",\"target\":[\"https:\/\/metalpie.com\/ru\/%d0%b0%d0%bb%d1%8e%d0%bc%d0%b8%d0%bd%d0%b8%d0%b5%d0%b2%d1%8b%d0%b5-%d0%be%d0%ba%d0%bd%d0%b0-%d0%b4%d0%b2%d0%b5%d1%80%d0%b8\/%d1%81%d1%82%d0%b2%d0%be%d1%80%d1%87%d0%b0%d1%82%d0%b0%d1%8f-%d0%b4%d0%b2%d0%b5%d1%80%d1%8c-es40\/\"]}]},{\"@type\":\"BreadcrumbList\",\"@id\":\"https:\/\/metalpie.com\/ru\/%d0%b0%d0%bb%d1%8e%d0%bc%d0%b8%d0%bd%d0%b8%d0%b5%d0%b2%d1%8b%d0%b5-%d0%be%d0%ba%d0%bd%d0%b0-%d0%b4%d0%b2%d0%b5%d1%80%d0%b8\/%d1%81%d1%82%d0%b2%d0%be%d1%80%d1%87%d0%b0%d1%82%d0%b0%d1%8f-%d0%b4%d0%b2%d0%b5%d1%80%d1%8c-es40\/#breadcrumb\",\"itemListElement\":[{\"@type\":\"ListItem\",\"position\":1,\"name\":\"Home\",\"item\":\"https:\/\/metalpie.com\/\"},{\"@type\":\"ListItem\",\"position\":2,\"name\":\"Products\",\"item\":\"https:\/\/metalpie.com\/shop\/\"},{\"@type\":\"ListItem\",\"position\":3,\"name\":\"ES40 Casement Door\"}]},{\"@type\":\"WebSite\",\"@id\":\"https:\/\/metalpie.com\/#website\",\"url\":\"https:\/\/metalpie.com\/\",\"name\":\"METALPIE\",\"description\":\"Precision Metal Fabrication | Tools, Processes &amp; More\",\"potentialAction\":[{\"@type\":\"SearchAction\",\"target\":{\"@type\":\"EntryPoint\",\"urlTemplate\":\"https:\/\/metalpie.com\/?s={search_term_string}\"},\"query-input\":\"required name=search_term_string\"}],\"inLanguage\":\"es\"}]}<\/script>\n<!-- \/ Yoast SEO plugin. -->","yoast_head_json":{"title":"ES40 Puerta abatible de aluminio | Puerta de cristal esmerilado","description":"La puerta abatible ES40 est\u00e1 formada por perfiles de aluminio y vidrio esmerilado, que protege su intimidad. Esta puerta es una buena elecci\u00f3n si desea un espacio privado.","robots":{"index":"index","follow":"follow","max-snippet":"max-snippet:-1","max-image-preview":"max-image-preview:large","max-video-preview":"max-video-preview:-1"},"canonical":"https:\/\/metalpie.com\/es\/ventanas-puertas-de-aluminio\/es40-puerta-batiente\/","og_locale":"es_ES","og_type":"article","og_title":"ES40 Aluminum Casement Door | Frosted Glass Door","og_description":"ES40 casement door consists of aluminum profiles and frosted glass, which protects your privacy. This door is a good choice if you want some private space.","og_url":"https:\/\/metalpie.com\/es\/ventanas-puertas-de-aluminio\/es40-puerta-batiente\/","og_site_name":"METALPIE","article_modified_time":"2022-12-08T09:00:20+00:00","og_image":[{"width":1000,"height":1000,"url":"https:\/\/metalpie.com\/wp-content\/uploads\/2022\/10\/ES40_casement_door_001image.webp","type":"image\/webp"}],"twitter_card":"summary_large_image","twitter_misc":{"Tiempo de lectura":"3 minutos"},"schema":{"@context":"https:\/\/schema.org","@graph":[{"@type":"WebPage","@id":"https:\/\/metalpie.com\/ru\/%d0%b0%d0%bb%d1%8e%d0%bc%d0%b8%d0%bd%d0%b8%d0%b5%d0%b2%d1%8b%d0%b5-%d0%be%d0%ba%d0%bd%d0%b0-%d0%b4%d0%b2%d0%b5%d1%80%d0%b8\/%d1%81%d1%82%d0%b2%d0%be%d1%80%d1%87%d0%b0%d1%82%d0%b0%d1%8f-%d0%b4%d0%b2%d0%b5%d1%80%d1%8c-es40\/","url":"https:\/\/metalpie.com\/ru\/%d0%b0%d0%bb%d1%8e%d0%bc%d0%b8%d0%bd%d0%b8%d0%b5%d0%b2%d1%8b%d0%b5-%d0%be%d0%ba%d0%bd%d0%b0-%d0%b4%d0%b2%d0%b5%d1%80%d0%b8\/%d1%81%d1%82%d0%b2%d0%be%d1%80%d1%87%d0%b0%d1%82%d0%b0%d1%8f-%d0%b4%d0%b2%d0%b5%d1%80%d1%8c-es40\/","name":"ES40 Puerta abatible de aluminio | Puerta de cristal esmerilado","isPartOf":{"@id":"https:\/\/metalpie.com\/#website"},"datePublished":"2022-10-09T04:44:33+00:00","dateModified":"2022-12-08T09:00:20+00:00","description":"La puerta abatible ES40 est\u00e1 formada por perfiles de aluminio y vidrio esmerilado, que protege su intimidad. Esta puerta es una buena elecci\u00f3n si desea un espacio privado.","breadcrumb":{"@id":"https:\/\/metalpie.com\/ru\/%d0%b0%d0%bb%d1%8e%d0%bc%d0%b8%d0%bd%d0%b8%d0%b5%d0%b2%d1%8b%d0%b5-%d0%be%d0%ba%d0%bd%d0%b0-%d0%b4%d0%b2%d0%b5%d1%80%d0%b8\/%d1%81%d1%82%d0%b2%d0%be%d1%80%d1%87%d0%b0%d1%82%d0%b0%d1%8f-%d0%b4%d0%b2%d0%b5%d1%80%d1%8c-es40\/#breadcrumb"},"inLanguage":"es","potentialAction":[{"@type":"ReadAction","target":["https:\/\/metalpie.com\/ru\/%d0%b0%d0%bb%d1%8e%d0%bc%d0%b8%d0%bd%d0%b8%d0%b5%d0%b2%d1%8b%d0%b5-%d0%be%d0%ba%d0%bd%d0%b0-%d0%b4%d0%b2%d0%b5%d1%80%d0%b8\/%d1%81%d1%82%d0%b2%d0%be%d1%80%d1%87%d0%b0%d1%82%d0%b0%d1%8f-%d0%b4%d0%b2%d0%b5%d1%80%d1%8c-es40\/"]}]},{"@type":"BreadcrumbList","@id":"https:\/\/metalpie.com\/ru\/%d0%b0%d0%bb%d1%8e%d0%bc%d0%b8%d0%bd%d0%b8%d0%b5%d0%b2%d1%8b%d0%b5-%d0%be%d0%ba%d0%bd%d0%b0-%d0%b4%d0%b2%d0%b5%d1%80%d0%b8\/%d1%81%d1%82%d0%b2%d0%be%d1%80%d1%87%d0%b0%d1%82%d0%b0%d1%8f-%d0%b4%d0%b2%d0%b5%d1%80%d1%8c-es40\/#breadcrumb","itemListElement":[{"@type":"ListItem","position":1,"name":"Home","item":"https:\/\/metalpie.com\/"},{"@type":"ListItem","position":2,"name":"Products","item":"https:\/\/metalpie.com\/shop\/"},{"@type":"ListItem","position":3,"name":"ES40 Casement Door"}]},{"@type":"WebSite","@id":"https:\/\/metalpie.com\/#website","url":"https:\/\/metalpie.com\/","name":"METALPIE","description":"Fabricaci\u00f3n de metales de precisi\u00f3n | Herramientas, procesos y m\u00e1s","potentialAction":[{"@type":"SearchAction","target":{"@type":"EntryPoint","urlTemplate":"https:\/\/metalpie.com\/?s={search_term_string}"},"query-input":"required name=search_term_string"}],"inLanguage":"es"}]}},"_links":{"self":[{"href":"https:\/\/metalpie.com\/es\/wp-json\/wp\/v2\/product\/2743","targetHints":{"allow":["GET"]}}],"collection":[{"href":"https:\/\/metalpie.com\/es\/wp-json\/wp\/v2\/product"}],"about":[{"href":"https:\/\/metalpie.com\/es\/wp-json\/wp\/v2\/types\/product"}],"replies":[{"embeddable":true,"href":"https:\/\/metalpie.com\/es\/wp-json\/wp\/v2\/comments?post=2743"}],"wp:featuredmedia":[{"embeddable":true,"href":"https:\/\/metalpie.com\/es\/wp-json\/wp\/v2\/media\/2744"}],"wp:attachment":[{"href":"https:\/\/metalpie.com\/es\/wp-json\/wp\/v2\/media?parent=2743"}],"wp:term":[{"taxonomy":"product_cat","embeddable":true,"href":"https:\/\/metalpie.com\/es\/wp-json\/wp\/v2\/product_cat?post=2743"}],"curies":[{"name":"wp","href":"https:\/\/api.w.org\/{rel}","templated":true}]}}