{"id":2731,"date":"2022-10-09T12:30:36","date_gmt":"2022-10-09T04:30:36","guid":{"rendered":"https:\/\/metalpie.com\/?post_type=product&#038;p=2731"},"modified":"2022-11-08T15:15:50","modified_gmt":"2022-11-08T07:15:50","slug":"es65-ventana-de-doble-hoja-con-apertura-hacia-el-exterior","status":"publish","type":"product","link":"https:\/\/metalpie.com\/es\/ventanas-puertas-de-aluminio\/es65-ventana-de-doble-hoja-con-apertura-hacia-el-exterior\/","title":{"rendered":"ES65 Ventana de guillotina doble"},"content":{"rendered":"<section class=\"section\" id=\"section_1896086422\">\n\t\t<div class=\"bg section-bg fill bg-fill  bg-loaded\" >\n\n\t\t\t\n\t\t\t\n\t\t\t\n\n\t\t<\/div>\n\n\t\t\t<div class=\"ux-shape-divider ux-shape-divider--top ux-shape-divider--style-curve-opacity\">\n\t\t<svg viewbox=\"0 0 1000 100\" xmlns=\"http:\/\/www.w3.org\/2000\/svg\" preserveaspectratio=\"none\">\n\t\t<path class=\"ux-shape-fill\" opacity=\"0.15\" d=\"M0 14C0 14 88.64 17.48 300 50C560 90 814 77 1003 40L1015 68L1018 104H0V14Z\"\/>\n\t\t<path class=\"ux-shape-fill\" opacity=\"0.3\" d=\"M0 45C0 45 271 90.13 500 77C657 68 830 30 1015 14V100H0V45Z\"\/>\n\t\t<path class=\"ux-shape-fill\" d=\"M0 58C0 58 188.29 90 508 90C798 90 1002 55 1002 55V100H0V58Z\"\/>\n<\/svg>\n\t<\/div>\n\n\n\t\t<div class=\"section-content relative\">\n\t\t\t\n<div class=\"is-divider divider clearfix\" style=\"margin-top:0px;margin-bottom:0px;max-width:0px;height:30px;\"><\/div>\n<div class=\"row row-collapse align-middle\"  id=\"row-286428180\">\n\n\t<div id=\"col-1925196473\" class=\"col medium-6 small-12 large-6\"  >\n\t\t\t\t<div class=\"col-inner\"  >\n\t\t\t\n\t\t\t\n<div class=\"row row-small align-middle\"  id=\"row-321624332\">\n\n\t<div id=\"col-568933532\" class=\"col medium-7 small-12 large-7\"  >\n\t\t\t\t<div class=\"col-inner\"  >\n\t\t\t\n\t\t\t\n\t<div class=\"img has-hover x md-x lg-x y md-y lg-y\" id=\"image_206342659\">\n\t\t\t\t\t\t\t\t<div class=\"img-inner dark\" >\n\t\t\t<img loading=\"lazy\" decoding=\"async\" width=\"532\" height=\"366\" src=\"https:\/\/metalpie.com\/wp-content\/uploads\/2022\/09\/block_Universal_products_bottom_001.1image.jpg.webp\" class=\"attachment-original size-original\" alt=\"\" srcset=\"https:\/\/metalpie.com\/wp-content\/uploads\/2022\/09\/block_Universal_products_bottom_001.1image.jpg.webp 532w, https:\/\/metalpie.com\/wp-content\/uploads\/2022\/09\/block_Universal_products_bottom_001.1image.jpg-300x206.webp 300w\" sizes=\"auto, (max-width: 532px) 100vw, 532px\" \/>\t\t\t\t\t\t\n\t\t\t\t\t<\/div>\n\t\t\t\t\t\t\t\t\n<style>\n#image_206342659 {\n  width: 100%;\n}\n<\/style>\n\t<\/div>\n\t\n\t\t<\/div>\n\t\t\t\t\t<\/div>\n\n\t\n\n\t<div id=\"col-226499282\" class=\"col medium-5 small-12 large-5\"  >\n\t\t\t\t<div class=\"col-inner\"  >\n\t\t\t\n\t\t\t\n\t<div id=\"text-3232384768\" class=\"text\">\n\t\t\n<h5>Rendimiento herm\u00e9tico<\/h5>\n\t\t\n<style>\n#text-3232384768 {\n  text-align: center;\n}\n@media (min-width:550px) {\n  #text-3232384768 {\n    text-align: left;\n  }\n}\n<\/style>\n\t<\/div>\n\t\n\t<div id=\"text-905752317\" class=\"text\">\n\t\t\n<p><b>Nivel 8<br \/><\/b>q1=0,3 m\u00b3 \/ (m.h)<br \/>q2=0,5 m\u00b3\/ ( \u33a1.h )<\/p>\n\t\t\n<style>\n#text-905752317 {\n  text-align: center;\n}\n@media (min-width:550px) {\n  #text-905752317 {\n    text-align: left;\n  }\n}\n<\/style>\n\t<\/div>\n\t\n\t\t<\/div>\n\t\t\t\t\t<\/div>\n\n\t\n<\/div>\n\t\t<\/div>\n\t\t\t\t\t<\/div>\n\n\t\n\n\t<div id=\"col-2053283328\" class=\"col medium-6 small-12 large-6\"  >\n\t\t\t\t<div class=\"col-inner\"  >\n\t\t\t\n\t\t\t\n<div class=\"row row-small align-middle\"  id=\"row-1304852126\">\n\n\t<div id=\"col-959237856\" class=\"col medium-7 small-12 large-7\"  >\n\t\t\t\t<div class=\"col-inner\"  >\n\t\t\t\n\t\t\t\n\t<div class=\"img has-hover x md-x lg-x y md-y lg-y\" id=\"image_1171857287\">\n\t\t\t\t\t\t\t\t<div class=\"img-inner dark\" >\n\t\t\t<img loading=\"lazy\" decoding=\"async\" width=\"534\" height=\"368\" src=\"https:\/\/metalpie.com\/wp-content\/uploads\/2022\/09\/block_Universal_products_bottom_002.2image.jpg.webp\" class=\"attachment-original size-original\" alt=\"\" srcset=\"https:\/\/metalpie.com\/wp-content\/uploads\/2022\/09\/block_Universal_products_bottom_002.2image.jpg.webp 534w, https:\/\/metalpie.com\/wp-content\/uploads\/2022\/09\/block_Universal_products_bottom_002.2image.jpg-300x207.webp 300w\" sizes=\"auto, (max-width: 534px) 100vw, 534px\" \/>\t\t\t\t\t\t\n\t\t\t\t\t<\/div>\n\t\t\t\t\t\t\t\t\n<style>\n#image_1171857287 {\n  width: 100%;\n}\n<\/style>\n\t<\/div>\n\t\n\t\t<\/div>\n\t\t\t\t\t<\/div>\n\n\t\n\n\t<div id=\"col-1413992763\" class=\"col medium-5 small-12 large-5\"  >\n\t\t\t\t<div class=\"col-inner\"  >\n\t\t\t\n\t\t\t\n\t<div id=\"text-1194935038\" class=\"text\">\n\t\t\n<h5>Resistencia a la presi\u00f3n del viento<\/h5>\n\t\t\n<style>\n#text-1194935038 {\n  text-align: center;\n}\n@media (min-width:550px) {\n  #text-1194935038 {\n    text-align: left;\n  }\n}\n<\/style>\n\t<\/div>\n\t\n\t<div id=\"text-2733495387\" class=\"text\">\n\t\t\n<p><strong>Nivel 9<\/strong><br \/>p3=5,0 Kpa<\/p>\n\t\t\n<style>\n#text-2733495387 {\n  text-align: center;\n}\n@media (min-width:550px) {\n  #text-2733495387 {\n    text-align: left;\n  }\n}\n<\/style>\n\t<\/div>\n\t\n\t\t<\/div>\n\t\t\t\t\t<\/div>\n\n\t\n<\/div>\n\t\t<\/div>\n\t\t\t\t\t<\/div>\n\n\t\n\n\t<div id=\"col-553298104\" class=\"col medium-6 small-12 large-6\"  >\n\t\t\t\t<div class=\"col-inner\"  >\n\t\t\t\n\t\t\t\n<div class=\"row row-small align-middle\"  id=\"row-1017292795\">\n\n\t<div id=\"col-752492622\" class=\"col medium-7 small-12 large-7\"  >\n\t\t\t\t<div class=\"col-inner\"  >\n\t\t\t\n\t\t\t\n\t<div class=\"img has-hover x md-x lg-x y md-y lg-y\" id=\"image_234077090\">\n\t\t\t\t\t\t\t\t<div class=\"img-inner dark\" >\n\t\t\t<img loading=\"lazy\" decoding=\"async\" width=\"531\" height=\"366\" src=\"https:\/\/metalpie.com\/wp-content\/uploads\/2022\/09\/block_Universal_products_bottom_003.3image.jpg.webp\" class=\"attachment-original size-original\" alt=\"\" srcset=\"https:\/\/metalpie.com\/wp-content\/uploads\/2022\/09\/block_Universal_products_bottom_003.3image.jpg.webp 531w, https:\/\/metalpie.com\/wp-content\/uploads\/2022\/09\/block_Universal_products_bottom_003.3image.jpg-300x207.webp 300w\" sizes=\"auto, (max-width: 531px) 100vw, 531px\" \/>\t\t\t\t\t\t\n\t\t\t\t\t<\/div>\n\t\t\t\t\t\t\t\t\n<style>\n#image_234077090 {\n  width: 100%;\n}\n<\/style>\n\t<\/div>\n\t\n\t\t<\/div>\n\t\t\t\t\t<\/div>\n\n\t\n\n\t<div id=\"col-825201990\" class=\"col medium-5 small-12 large-5\"  >\n\t\t\t\t<div class=\"col-inner\"  >\n\t\t\t\n\t\t\t\n\t<div id=\"text-1844265529\" class=\"text\">\n\t\t\n<h5>Estanqueidad<\/h5>\n\t\t\n<style>\n#text-1844265529 {\n  text-align: center;\n}\n@media (min-width:550px) {\n  #text-1844265529 {\n    text-align: left;\n  }\n}\n<\/style>\n\t<\/div>\n\t\n\t<div id=\"text-541420800\" class=\"text\">\n\t\t\n<p><strong>Nivel 6<\/strong><br \/>\u25b3P=700 pa<\/p>\n\t\t\n<style>\n#text-541420800 {\n  text-align: center;\n}\n@media (min-width:550px) {\n  #text-541420800 {\n    text-align: left;\n  }\n}\n<\/style>\n\t<\/div>\n\t\n\t\t<\/div>\n\t\t\t\t\t<\/div>\n\n\t\n<\/div>\n\t\t<\/div>\n\t\t\t\t\t<\/div>\n\n\t\n\n\t<div id=\"col-1636445945\" class=\"col medium-6 small-12 large-6\"  >\n\t\t\t\t<div class=\"col-inner\"  >\n\t\t\t\n\t\t\t\n<div class=\"row row-small align-middle\"  id=\"row-995129761\">\n\n\t<div id=\"col-1184189972\" class=\"col medium-7 small-12 large-7\"  >\n\t\t\t\t<div class=\"col-inner\"  >\n\t\t\t\n\t\t\t\n\t<div class=\"img has-hover x md-x lg-x y md-y lg-y\" id=\"image_1464343825\">\n\t\t\t\t\t\t\t\t<div class=\"img-inner dark\" >\n\t\t\t<img loading=\"lazy\" decoding=\"async\" width=\"531\" height=\"365\" src=\"https:\/\/metalpie.com\/wp-content\/uploads\/2022\/09\/block_Universal_products_bottom_004.4image.jpg.webp\" class=\"attachment-original size-original\" alt=\"\" srcset=\"https:\/\/metalpie.com\/wp-content\/uploads\/2022\/09\/block_Universal_products_bottom_004.4image.jpg.webp 531w, https:\/\/metalpie.com\/wp-content\/uploads\/2022\/09\/block_Universal_products_bottom_004.4image.jpg-300x206.webp 300w\" sizes=\"auto, (max-width: 531px) 100vw, 531px\" \/>\t\t\t\t\t\t\n\t\t\t\t\t<\/div>\n\t\t\t\t\t\t\t\t\n<style>\n#image_1464343825 {\n  width: 100%;\n}\n<\/style>\n\t<\/div>\n\t\n\t\t<\/div>\n\t\t\t\t\t<\/div>\n\n\t\n\n\t<div id=\"col-323178485\" class=\"col medium-5 small-12 large-5\"  >\n\t\t\t\t<div class=\"col-inner\"  >\n\t\t\t\n\t\t\t\n\t<div id=\"text-971091679\" class=\"text\">\n\t\t\n<h5>Rendimiento del aislamiento<\/h5>\n\t\t\n<style>\n#text-971091679 {\n  text-align: center;\n}\n@media (min-width:550px) {\n  #text-971091679 {\n    text-align: left;\n  }\n}\n<\/style>\n\t<\/div>\n\t\n\t<div id=\"text-187863341\" class=\"text\">\n\t\t\n<p><strong>Nivel 7<\/strong><br \/>K=1,8~ 2,2W\/(\u33a1.K)<\/p>\n\t\t\n<style>\n#text-187863341 {\n  text-align: center;\n}\n@media (min-width:550px) {\n  #text-187863341 {\n    text-align: left;\n  }\n}\n<\/style>\n\t<\/div>\n\t\n\t\t<\/div>\n\t\t\t\t\t<\/div>\n\n\t\n<\/div>\n\t\t<\/div>\n\t\t\t\t\t<\/div>\n\n\t\n\n<style>\n#row-286428180 > .col > .col-inner {\n  padding: 0px 20px 0px 20px;\n}\n<\/style>\n<\/div>\n\t\t<\/div>\n\n\t\t\n<style>\n#section_1896086422 {\n  padding-top: 0px;\n  padding-bottom: 0px;\n  background-color: rgb(245, 245, 245);\n}\n#section_1896086422 .ux-shape-divider--top svg {\n  height: 143px;\n  --divider-top-width: 100%;\n}\n<\/style>\n\t<\/section>","protected":false},"excerpt":{"rendered":"<p>La ventana de guillotina doble ES65 es una ventana que se abre hacia fuera, por lo que es muy segura cuando los ni\u00f1os juegan debajo de la ventana. Las ventanas que se abren hacia el exterior tambi\u00e9n ahorran espacio. Aunque es una ventana grande, su marco de aluminio puede resistir fuertes vientos cuando hace mal tiempo. Esta ventana es adecuada para lugares donde el tiempo es cambiante.<\/p>","protected":false},"featured_media":2727,"comment_status":"closed","ping_status":"closed","template":"","meta":[],"product_cat":[15],"class_list":["post-2731","product","type-product","status-publish","has-post-thumbnail","hentry","product_cat-aluminum-windows-doors"],"yoast_head":"<!-- This site is optimized with the Yoast SEO plugin v21.5 - https:\/\/yoast.com\/wordpress\/plugins\/seo\/ -->\n<title>ES65 Double Sash Window | Windows that open outward<\/title>\n<meta name=\"description\" content=\"ES65 double sash window is a sliding window that opens outward. Its window frames are good aluminum profiles that are solid and can resist strong winds.\" \/>\n<meta name=\"robots\" content=\"index, follow, max-snippet:-1, max-image-preview:large, max-video-preview:-1\" \/>\n<link rel=\"canonical\" href=\"https:\/\/metalpie.com\/es\/ventanas-puertas-de-aluminio\/es65-ventana-de-doble-hoja-con-apertura-hacia-el-exterior\/\" \/>\n<meta property=\"og:locale\" content=\"es_ES\" \/>\n<meta property=\"og:type\" content=\"article\" \/>\n<meta property=\"og:title\" content=\"ES65 Double Sash Window | Windows that open outward\" \/>\n<meta property=\"og:description\" content=\"ES65 double sash window is a sliding window that opens outward. Its window frames are good aluminum profiles that are solid and can resist strong winds.\" \/>\n<meta property=\"og:url\" content=\"https:\/\/metalpie.com\/es\/ventanas-puertas-de-aluminio\/es65-ventana-de-doble-hoja-con-apertura-hacia-el-exterior\/\" \/>\n<meta property=\"og:site_name\" content=\"METALPIE\" \/>\n<meta property=\"article:modified_time\" content=\"2022-11-08T07:15:50+00:00\" \/>\n<meta property=\"og:image\" content=\"https:\/\/metalpie.com\/wp-content\/uploads\/2022\/10\/ES65_double_sash_outward_open_window_001image.webp\" \/>\n\t<meta property=\"og:image:width\" content=\"1000\" \/>\n\t<meta property=\"og:image:height\" content=\"1000\" \/>\n\t<meta property=\"og:image:type\" content=\"image\/webp\" \/>\n<meta name=\"twitter:card\" content=\"summary_large_image\" \/>\n<script type=\"application\/ld+json\" class=\"yoast-schema-graph\">{\"@context\":\"https:\/\/schema.org\",\"@graph\":[{\"@type\":\"WebPage\",\"@id\":\"https:\/\/metalpie.com\/es\/ventanas-puertas-de-aluminio\/es65-ventana-de-doble-hoja-con-apertura-hacia-el-exterior\/\",\"url\":\"https:\/\/metalpie.com\/es\/ventanas-puertas-de-aluminio\/es65-ventana-de-doble-hoja-con-apertura-hacia-el-exterior\/\",\"name\":\"ES65 Double Sash Window | Windows that open outward\",\"isPartOf\":{\"@id\":\"https:\/\/metalpie.com\/#website\"},\"datePublished\":\"2022-10-09T04:30:36+00:00\",\"dateModified\":\"2022-11-08T07:15:50+00:00\",\"description\":\"ES65 double sash window is a sliding window that opens outward. Its window frames are good aluminum profiles that are solid and can resist strong winds.\",\"breadcrumb\":{\"@id\":\"https:\/\/metalpie.com\/es\/ventanas-puertas-de-aluminio\/es65-ventana-de-doble-hoja-con-apertura-hacia-el-exterior\/#breadcrumb\"},\"inLanguage\":\"es\",\"potentialAction\":[{\"@type\":\"ReadAction\",\"target\":[\"https:\/\/metalpie.com\/es\/ventanas-puertas-de-aluminio\/es65-ventana-de-doble-hoja-con-apertura-hacia-el-exterior\/\"]}]},{\"@type\":\"BreadcrumbList\",\"@id\":\"https:\/\/metalpie.com\/es\/ventanas-puertas-de-aluminio\/es65-ventana-de-doble-hoja-con-apertura-hacia-el-exterior\/#breadcrumb\",\"itemListElement\":[{\"@type\":\"ListItem\",\"position\":1,\"name\":\"Home\",\"item\":\"https:\/\/metalpie.com\/\"},{\"@type\":\"ListItem\",\"position\":2,\"name\":\"Products\",\"item\":\"https:\/\/metalpie.com\/shop\/\"},{\"@type\":\"ListItem\",\"position\":3,\"name\":\"ES65 Double Sash Window\"}]},{\"@type\":\"WebSite\",\"@id\":\"https:\/\/metalpie.com\/#website\",\"url\":\"https:\/\/metalpie.com\/\",\"name\":\"METALPIE\",\"description\":\"Precision Metal Fabrication | Tools, Processes &amp; More\",\"potentialAction\":[{\"@type\":\"SearchAction\",\"target\":{\"@type\":\"EntryPoint\",\"urlTemplate\":\"https:\/\/metalpie.com\/?s={search_term_string}\"},\"query-input\":\"required name=search_term_string\"}],\"inLanguage\":\"es\"}]}<\/script>\n<!-- \/ Yoast SEO plugin. -->","yoast_head_json":{"title":"ES65 Ventana de guillotina doble | Ventanas que se abren hacia fuera","description":"La ventana de doble hoja ES65 es una ventana corredera que se abre hacia el exterior. Sus marcos de ventana son buenos perfiles de aluminio que son s\u00f3lidos y pueden resistir fuertes vientos.","robots":{"index":"index","follow":"follow","max-snippet":"max-snippet:-1","max-image-preview":"max-image-preview:large","max-video-preview":"max-video-preview:-1"},"canonical":"https:\/\/metalpie.com\/es\/ventanas-puertas-de-aluminio\/es65-ventana-de-doble-hoja-con-apertura-hacia-el-exterior\/","og_locale":"es_ES","og_type":"article","og_title":"ES65 Double Sash Window | Windows that open outward","og_description":"ES65 double sash window is a sliding window that opens outward. Its window frames are good aluminum profiles that are solid and can resist strong winds.","og_url":"https:\/\/metalpie.com\/es\/ventanas-puertas-de-aluminio\/es65-ventana-de-doble-hoja-con-apertura-hacia-el-exterior\/","og_site_name":"METALPIE","article_modified_time":"2022-11-08T07:15:50+00:00","og_image":[{"width":1000,"height":1000,"url":"https:\/\/metalpie.com\/wp-content\/uploads\/2022\/10\/ES65_double_sash_outward_open_window_001image.webp","type":"image\/webp"}],"twitter_card":"summary_large_image","schema":{"@context":"https:\/\/schema.org","@graph":[{"@type":"WebPage","@id":"https:\/\/metalpie.com\/es\/ventanas-puertas-de-aluminio\/es65-ventana-de-doble-hoja-con-apertura-hacia-el-exterior\/","url":"https:\/\/metalpie.com\/es\/ventanas-puertas-de-aluminio\/es65-ventana-de-doble-hoja-con-apertura-hacia-el-exterior\/","name":"ES65 Ventana de guillotina doble | Ventanas que se abren hacia fuera","isPartOf":{"@id":"https:\/\/metalpie.com\/#website"},"datePublished":"2022-10-09T04:30:36+00:00","dateModified":"2022-11-08T07:15:50+00:00","description":"La ventana de doble hoja ES65 es una ventana corredera que se abre hacia el exterior. Sus marcos de ventana son buenos perfiles de aluminio que son s\u00f3lidos y pueden resistir fuertes vientos.","breadcrumb":{"@id":"https:\/\/metalpie.com\/es\/ventanas-puertas-de-aluminio\/es65-ventana-de-doble-hoja-con-apertura-hacia-el-exterior\/#breadcrumb"},"inLanguage":"es","potentialAction":[{"@type":"ReadAction","target":["https:\/\/metalpie.com\/es\/ventanas-puertas-de-aluminio\/es65-ventana-de-doble-hoja-con-apertura-hacia-el-exterior\/"]}]},{"@type":"BreadcrumbList","@id":"https:\/\/metalpie.com\/es\/ventanas-puertas-de-aluminio\/es65-ventana-de-doble-hoja-con-apertura-hacia-el-exterior\/#breadcrumb","itemListElement":[{"@type":"ListItem","position":1,"name":"Home","item":"https:\/\/metalpie.com\/"},{"@type":"ListItem","position":2,"name":"Products","item":"https:\/\/metalpie.com\/shop\/"},{"@type":"ListItem","position":3,"name":"ES65 Double Sash Window"}]},{"@type":"WebSite","@id":"https:\/\/metalpie.com\/#website","url":"https:\/\/metalpie.com\/","name":"METALPIE","description":"Fabricaci\u00f3n de metales de precisi\u00f3n | Herramientas, procesos y m\u00e1s","potentialAction":[{"@type":"SearchAction","target":{"@type":"EntryPoint","urlTemplate":"https:\/\/metalpie.com\/?s={search_term_string}"},"query-input":"required name=search_term_string"}],"inLanguage":"es"}]}},"_links":{"self":[{"href":"https:\/\/metalpie.com\/es\/wp-json\/wp\/v2\/product\/2731","targetHints":{"allow":["GET"]}}],"collection":[{"href":"https:\/\/metalpie.com\/es\/wp-json\/wp\/v2\/product"}],"about":[{"href":"https:\/\/metalpie.com\/es\/wp-json\/wp\/v2\/types\/product"}],"replies":[{"embeddable":true,"href":"https:\/\/metalpie.com\/es\/wp-json\/wp\/v2\/comments?post=2731"}],"wp:featuredmedia":[{"embeddable":true,"href":"https:\/\/metalpie.com\/es\/wp-json\/wp\/v2\/media\/2727"}],"wp:attachment":[{"href":"https:\/\/metalpie.com\/es\/wp-json\/wp\/v2\/media?parent=2731"}],"wp:term":[{"taxonomy":"product_cat","embeddable":true,"href":"https:\/\/metalpie.com\/es\/wp-json\/wp\/v2\/product_cat?post=2731"}],"curies":[{"name":"wp","href":"https:\/\/api.w.org\/{rel}","templated":true}]}}