{"id":2716,"date":"2022-10-09T11:57:11","date_gmt":"2022-10-09T03:57:11","guid":{"rendered":"https:\/\/metalpie.com\/?post_type=product&#038;p=2716"},"modified":"2022-11-16T15:59:35","modified_gmt":"2022-11-16T07:59:35","slug":"ventana-abatible-es65","status":"publish","type":"product","link":"https:\/\/metalpie.com\/es\/ventanas-puertas-de-aluminio\/ventana-abatible-es65\/","title":{"rendered":"ES65 Ventana abatible"},"content":{"rendered":"<section class=\"section\" id=\"section_927987988\">\n\t\t<div class=\"bg section-bg fill bg-fill  bg-loaded\" >\n\n\t\t\t\n\t\t\t\n\t\t\t\n\n\t\t<\/div>\n\n\t\t\n\n\t\t<div class=\"section-content relative\">\n\t\t\t\n<div class=\"row\"  id=\"row-1920493781\">\n\n\t<div id=\"col-1481263965\" class=\"col small-12 large-12\"  >\n\t\t\t\t<div class=\"col-inner\"  >\n\t\t\t\n\t\t\t\n<h2>ES65 Ventana abatible Descripci\u00f3n<\/h2>\n<p>Adopta un dise\u00f1o de aluminio de puente roto, que ofrece un buen rendimiento de aislamiento t\u00e9rmico. Para un mejor aislamiento ac\u00fastico, utiliza piezas dobles de vidrio. Si lo instala en su dormitorio, todo el ruido se reduce, y podr\u00e1 disfrutar de un sue\u00f1o confortable.<br \/>Hay dos tipos de ES65. Una es una ventana que se abre hacia dentro. Otra es una ventana con apertura hacia el exterior. Puede elegir una seg\u00fan sus preferencias.<\/p>\n<h2><span data-preserver-spaces=\"true\">Herrajes de aluminio para ventanas<\/span><\/h2>\n<ul>\n<li><span data-preserver-spaces=\"true\">Bisagra de ventana. Las excelentes bisagras para ventanas son fuertes y resistentes al desgaste. No s\u00f3lo es f\u00e1cil de abrir las ventanas, pero puede soportar la ventana en el mal tiempo.<\/span><\/li>\n<li><span data-preserver-spaces=\"true\">Asa de ventana. Est\u00e1 fabricada con material de alta calidad. As\u00ed que no tiene que preocuparse si es f\u00e1cil de romper o desprenderse. Y el revestimiento de la superficie tampoco se desprende debido al proceso especial.<\/span><\/li>\n<\/ul>\n<h2>Color y tama\u00f1o<\/h2>\n<p>Utilizamos cinco procesos: recubrimiento en polvo, recubrimiento de PVDF, veteado de madera, anodizado y electroforesis para colorear los marcos de aluminio de las ventanas. Tambi\u00e9n disponemos de colores y tama\u00f1os personalizados.<\/p>\n<h2>Caracter\u00edsticas<\/h2>\n<ul>\n<li>Gran superficie de apertura y amplia visi\u00f3n<\/li>\n<li>Menos perfiles y tramitaci\u00f3n sencilla<\/li>\n<li>Excelentes prestaciones de aislamiento t\u00e9rmico, estanqueidad al aire y al agua, resistencia a la presi\u00f3n del viento y aislamiento ac\u00fastico.<\/li>\n<li>Bisagras y manilla de ventana de alta calidad.<\/li>\n<\/ul>\n\t\t<\/div>\n\t\t\t\t\t<\/div>\n\n\t\n<\/div>\n\t\t<\/div>\n\n\t\t\n<style>\n#section_927987988 {\n  padding-top: 30px;\n  padding-bottom: 30px;\n}\n<\/style>\n\t<\/section>\n\t\n\t<section class=\"section\" id=\"section_662166739\">\n\t\t<div class=\"bg section-bg fill bg-fill  bg-loaded\" >\n\n\t\t\t\n\t\t\t\n\t\t\t\n\n\t\t<\/div>\n\n\t\t\t<div class=\"ux-shape-divider ux-shape-divider--top ux-shape-divider--style-curve-opacity\">\n\t\t<svg viewbox=\"0 0 1000 100\" xmlns=\"http:\/\/www.w3.org\/2000\/svg\" preserveaspectratio=\"none\">\n\t\t<path class=\"ux-shape-fill\" opacity=\"0.15\" d=\"M0 14C0 14 88.64 17.48 300 50C560 90 814 77 1003 40L1015 68L1018 104H0V14Z\"\/>\n\t\t<path class=\"ux-shape-fill\" opacity=\"0.3\" d=\"M0 45C0 45 271 90.13 500 77C657 68 830 30 1015 14V100H0V45Z\"\/>\n\t\t<path class=\"ux-shape-fill\" d=\"M0 58C0 58 188.29 90 508 90C798 90 1002 55 1002 55V100H0V58Z\"\/>\n<\/svg>\n\t<\/div>\n\n\n\t\t<div class=\"section-content relative\">\n\t\t\t\n<div class=\"is-divider divider clearfix\" style=\"margin-top:0px;margin-bottom:0px;max-width:0px;height:30px;\"><\/div>\n<div class=\"row row-collapse align-middle\"  id=\"row-2120860621\">\n\n\t<div id=\"col-1310879376\" class=\"col medium-6 small-12 large-6\"  >\n\t\t\t\t<div class=\"col-inner\"  >\n\t\t\t\n\t\t\t\n<div class=\"row row-small align-middle\"  id=\"row-752538293\">\n\n\t<div id=\"col-678144499\" class=\"col medium-7 small-12 large-7\"  >\n\t\t\t\t<div class=\"col-inner\"  >\n\t\t\t\n\t\t\t\n\t<div class=\"img has-hover x md-x lg-x y md-y lg-y\" id=\"image_631454830\">\n\t\t\t\t\t\t\t\t<div class=\"img-inner dark\" >\n\t\t\t<img loading=\"lazy\" decoding=\"async\" width=\"532\" height=\"366\" src=\"https:\/\/metalpie.com\/wp-content\/uploads\/2022\/09\/block_Universal_products_bottom_001.1image.jpg.webp\" class=\"attachment-original size-original\" alt=\"\" srcset=\"https:\/\/metalpie.com\/wp-content\/uploads\/2022\/09\/block_Universal_products_bottom_001.1image.jpg.webp 532w, https:\/\/metalpie.com\/wp-content\/uploads\/2022\/09\/block_Universal_products_bottom_001.1image.jpg-300x206.webp 300w\" sizes=\"auto, (max-width: 532px) 100vw, 532px\" \/>\t\t\t\t\t\t\n\t\t\t\t\t<\/div>\n\t\t\t\t\t\t\t\t\n<style>\n#image_631454830 {\n  width: 100%;\n}\n<\/style>\n\t<\/div>\n\t\n\t\t<\/div>\n\t\t\t\t\t<\/div>\n\n\t\n\n\t<div id=\"col-1122986383\" class=\"col medium-5 small-12 large-5\"  >\n\t\t\t\t<div class=\"col-inner\"  >\n\t\t\t\n\t\t\t\n\t<div id=\"text-206728820\" class=\"text\">\n\t\t\n<h5>Rendimiento herm\u00e9tico<\/h5>\n\t\t\n<style>\n#text-206728820 {\n  text-align: center;\n}\n@media (min-width:550px) {\n  #text-206728820 {\n    text-align: left;\n  }\n}\n<\/style>\n\t<\/div>\n\t\n\t<div id=\"text-1073475994\" class=\"text\">\n\t\t\n<p><b>Nivel 8<\/b><\/p>\n\t\t\n<style>\n#text-1073475994 {\n  text-align: center;\n}\n@media (min-width:550px) {\n  #text-1073475994 {\n    text-align: left;\n  }\n}\n<\/style>\n\t<\/div>\n\t\n\t\t<\/div>\n\t\t\t\t\t<\/div>\n\n\t\n<\/div>\n\t\t<\/div>\n\t\t\t\t\t<\/div>\n\n\t\n\n\t<div id=\"col-718137689\" class=\"col medium-6 small-12 large-6\"  >\n\t\t\t\t<div class=\"col-inner\"  >\n\t\t\t\n\t\t\t\n<div class=\"row row-small align-middle\"  id=\"row-121150518\">\n\n\t<div id=\"col-2006015007\" class=\"col medium-7 small-12 large-7\"  >\n\t\t\t\t<div class=\"col-inner\"  >\n\t\t\t\n\t\t\t\n\t<div class=\"img has-hover x md-x lg-x y md-y lg-y\" id=\"image_1413876729\">\n\t\t\t\t\t\t\t\t<div class=\"img-inner dark\" >\n\t\t\t<img loading=\"lazy\" decoding=\"async\" width=\"534\" height=\"368\" src=\"https:\/\/metalpie.com\/wp-content\/uploads\/2022\/09\/block_Universal_products_bottom_002.2image.jpg.webp\" class=\"attachment-original size-original\" alt=\"\" srcset=\"https:\/\/metalpie.com\/wp-content\/uploads\/2022\/09\/block_Universal_products_bottom_002.2image.jpg.webp 534w, https:\/\/metalpie.com\/wp-content\/uploads\/2022\/09\/block_Universal_products_bottom_002.2image.jpg-300x207.webp 300w\" sizes=\"auto, (max-width: 534px) 100vw, 534px\" \/>\t\t\t\t\t\t\n\t\t\t\t\t<\/div>\n\t\t\t\t\t\t\t\t\n<style>\n#image_1413876729 {\n  width: 100%;\n}\n<\/style>\n\t<\/div>\n\t\n\t\t<\/div>\n\t\t\t\t\t<\/div>\n\n\t\n\n\t<div id=\"col-589389804\" class=\"col medium-5 small-12 large-5\"  >\n\t\t\t\t<div class=\"col-inner\"  >\n\t\t\t\n\t\t\t\n\t<div id=\"text-3871590599\" class=\"text\">\n\t\t\n<h5>Resistencia a la presi\u00f3n del viento<\/h5>\n\t\t\n<style>\n#text-3871590599 {\n  text-align: center;\n}\n@media (min-width:550px) {\n  #text-3871590599 {\n    text-align: left;\n  }\n}\n<\/style>\n\t<\/div>\n\t\n\t<div id=\"text-3595676095\" class=\"text\">\n\t\t\n<p><strong>Nivel 9<\/strong><\/p>\n\t\t\n<style>\n#text-3595676095 {\n  text-align: center;\n}\n@media (min-width:550px) {\n  #text-3595676095 {\n    text-align: left;\n  }\n}\n<\/style>\n\t<\/div>\n\t\n\t\t<\/div>\n\t\t\t\t\t<\/div>\n\n\t\n<\/div>\n\t\t<\/div>\n\t\t\t\t\t<\/div>\n\n\t\n\n\t<div id=\"col-1080227623\" class=\"col medium-6 small-12 large-6\"  >\n\t\t\t\t<div class=\"col-inner\"  >\n\t\t\t\n\t\t\t\n<div class=\"row row-small align-middle\"  id=\"row-620245425\">\n\n\t<div id=\"col-1075202495\" class=\"col medium-7 small-12 large-7\"  >\n\t\t\t\t<div class=\"col-inner\"  >\n\t\t\t\n\t\t\t\n\t<div class=\"img has-hover x md-x lg-x y md-y lg-y\" id=\"image_613389577\">\n\t\t\t\t\t\t\t\t<div class=\"img-inner dark\" >\n\t\t\t<img loading=\"lazy\" decoding=\"async\" width=\"531\" height=\"366\" src=\"https:\/\/metalpie.com\/wp-content\/uploads\/2022\/09\/block_Universal_products_bottom_003.3image.jpg.webp\" class=\"attachment-original size-original\" alt=\"\" srcset=\"https:\/\/metalpie.com\/wp-content\/uploads\/2022\/09\/block_Universal_products_bottom_003.3image.jpg.webp 531w, https:\/\/metalpie.com\/wp-content\/uploads\/2022\/09\/block_Universal_products_bottom_003.3image.jpg-300x207.webp 300w\" sizes=\"auto, (max-width: 531px) 100vw, 531px\" \/>\t\t\t\t\t\t\n\t\t\t\t\t<\/div>\n\t\t\t\t\t\t\t\t\n<style>\n#image_613389577 {\n  width: 100%;\n}\n<\/style>\n\t<\/div>\n\t\n\t\t<\/div>\n\t\t\t\t\t<\/div>\n\n\t\n\n\t<div id=\"col-1736966127\" class=\"col medium-5 small-12 large-5\"  >\n\t\t\t\t<div class=\"col-inner\"  >\n\t\t\t\n\t\t\t\n\t<div id=\"text-3955744342\" class=\"text\">\n\t\t\n<h5>Estanqueidad<\/h5>\n\t\t\n<style>\n#text-3955744342 {\n  text-align: center;\n}\n@media (min-width:550px) {\n  #text-3955744342 {\n    text-align: left;\n  }\n}\n<\/style>\n\t<\/div>\n\t\n\t<div id=\"text-809888361\" class=\"text\">\n\t\t\n<p><strong>Nivel 6<\/strong><\/p>\n\t\t\n<style>\n#text-809888361 {\n  text-align: center;\n}\n@media (min-width:550px) {\n  #text-809888361 {\n    text-align: left;\n  }\n}\n<\/style>\n\t<\/div>\n\t\n\t\t<\/div>\n\t\t\t\t\t<\/div>\n\n\t\n<\/div>\n\t\t<\/div>\n\t\t\t\t\t<\/div>\n\n\t\n\n\t<div id=\"col-717458853\" class=\"col medium-6 small-12 large-6\"  >\n\t\t\t\t<div class=\"col-inner\"  >\n\t\t\t\n\t\t\t\n<div class=\"row row-small align-middle\"  id=\"row-1499569189\">\n\n\t<div id=\"col-1399197170\" class=\"col medium-7 small-12 large-7\"  >\n\t\t\t\t<div class=\"col-inner\"  >\n\t\t\t\n\t\t\t\n\t<div class=\"img has-hover x md-x lg-x y md-y lg-y\" id=\"image_829163049\">\n\t\t\t\t\t\t\t\t<div class=\"img-inner dark\" >\n\t\t\t<img loading=\"lazy\" decoding=\"async\" width=\"531\" height=\"365\" src=\"https:\/\/metalpie.com\/wp-content\/uploads\/2022\/09\/block_Universal_products_bottom_004.4image.jpg.webp\" class=\"attachment-original size-original\" alt=\"\" srcset=\"https:\/\/metalpie.com\/wp-content\/uploads\/2022\/09\/block_Universal_products_bottom_004.4image.jpg.webp 531w, https:\/\/metalpie.com\/wp-content\/uploads\/2022\/09\/block_Universal_products_bottom_004.4image.jpg-300x206.webp 300w\" sizes=\"auto, (max-width: 531px) 100vw, 531px\" \/>\t\t\t\t\t\t\n\t\t\t\t\t<\/div>\n\t\t\t\t\t\t\t\t\n<style>\n#image_829163049 {\n  width: 100%;\n}\n<\/style>\n\t<\/div>\n\t\n\t\t<\/div>\n\t\t\t\t\t<\/div>\n\n\t\n\n\t<div id=\"col-1683301655\" class=\"col medium-5 small-12 large-5\"  >\n\t\t\t\t<div class=\"col-inner\"  >\n\t\t\t\n\t\t\t\n\t<div id=\"text-1507055462\" class=\"text\">\n\t\t\n<h5>Rendimiento del aislamiento<\/h5>\n\t\t\n<style>\n#text-1507055462 {\n  text-align: center;\n}\n@media (min-width:550px) {\n  #text-1507055462 {\n    text-align: left;\n  }\n}\n<\/style>\n\t<\/div>\n\t\n\t<div id=\"text-547193563\" class=\"text\">\n\t\t\n<p>K=1,5~ 2,0W\/(\u33a1.K)<\/p>\n\t\t\n<style>\n#text-547193563 {\n  text-align: center;\n}\n@media (min-width:550px) {\n  #text-547193563 {\n    text-align: left;\n  }\n}\n<\/style>\n\t<\/div>\n\t\n\t\t<\/div>\n\t\t\t\t\t<\/div>\n\n\t\n<\/div>\n\t\t<\/div>\n\t\t\t\t\t<\/div>\n\n\t\n\n<style>\n#row-2120860621 > .col > .col-inner {\n  padding: 0px 20px 0px 20px;\n}\n<\/style>\n<\/div>\n\t\t<\/div>\n\n\t\t\n<style>\n#section_662166739 {\n  padding-top: 0px;\n  padding-bottom: 0px;\n  background-color: rgb(245, 245, 245);\n}\n#section_662166739 .ux-shape-divider--top svg {\n  height: 143px;\n  --divider-top-width: 100%;\n}\n<\/style>\n\t<\/section>\n\t\n\t<section class=\"section\" id=\"section_1299075639\">\n\t\t<div class=\"bg section-bg fill bg-fill  bg-loaded\" >\n\n\t\t\t\n\t\t\t\n\t\t\t\n\n\t\t<\/div>\n\n\t\t\n\n\t\t<div class=\"section-content relative\">\n\t\t\t\n<div class=\"row\"  id=\"row-535291511\">\n\n\t<div id=\"col-1595266935\" class=\"col small-12 large-12\"  >\n\t\t\t\t<div class=\"col-inner\"  >\n\t\t\t\n\t\t\t\n<h2>Campos de aplicaci\u00f3n de la ventana abatible ES65<\/h2>\n<ul>\n<li>Viviendas<\/li>\n<li>Edificios de oficinas<\/li>\n<li>Centros comerciales<\/li>\n<\/ul>\n\t\t<\/div>\n\t\t\t\t\t<\/div>\n\n\t\n<\/div>\n\t\t<\/div>\n\n\t\t\n<style>\n#section_1299075639 {\n  padding-top: 30px;\n  padding-bottom: 30px;\n}\n<\/style>\n\t<\/section>\n\t\n\t<section class=\"section\" id=\"section_1977985544\">\n\t\t<div class=\"bg section-bg fill bg-fill  bg-loaded\" >\n\n\t\t\t\n\t\t\t<div class=\"section-bg-overlay absolute fill\"><\/div>\n\t\t\t\n\n\t\t<\/div>\n\n\t\t\n\n\t\t<div class=\"section-content relative\">\n\t\t\t\n<div class=\"is-divider divider clearfix\" style=\"margin-top:0.0em;margin-bottom:0.0em;max-width:0px;height:20px;\"><\/div>\n<div class=\"row row-large align-middle\"  id=\"row-27808187\">\n\n\t<div id=\"col-1220588031\" class=\"col medium-6 small-12 large-6\"  >\n\t\t\t\t<div class=\"col-inner\"  >\n\t\t\t\n\t\t\t\n\t<div class=\"img has-hover x md-x lg-x y md-y lg-y\" id=\"image_653303776\">\n\t\t\t\t\t\t\t\t<div class=\"img-inner dark\" >\n\t\t\t<img loading=\"lazy\" decoding=\"async\" width=\"1020\" height=\"1020\" src=\"https:\/\/metalpie.com\/wp-content\/uploads\/2022\/11\/es65_aluminum_casement_window-1-1030x1030.webp\" class=\"attachment-large size-large\" alt=\"es65 ventana abatible de aluminio muestra\" srcset=\"https:\/\/metalpie.com\/wp-content\/uploads\/2022\/11\/es65_aluminum_casement_window-1-1030x1030.webp 1030w, https:\/\/metalpie.com\/wp-content\/uploads\/2022\/11\/es65_aluminum_casement_window-1-300x300.webp 300w, https:\/\/metalpie.com\/wp-content\/uploads\/2022\/11\/es65_aluminum_casement_window-1-80x80.webp 80w, https:\/\/metalpie.com\/wp-content\/uploads\/2022\/11\/es65_aluminum_casement_window-1-768x768.webp 768w, https:\/\/metalpie.com\/wp-content\/uploads\/2022\/11\/es65_aluminum_casement_window-1-1536x1536.webp 1536w, https:\/\/metalpie.com\/wp-content\/uploads\/2022\/11\/es65_aluminum_casement_window-1-500x500.webp 500w, https:\/\/metalpie.com\/wp-content\/uploads\/2022\/11\/es65_aluminum_casement_window-1-800x800.webp 800w, https:\/\/metalpie.com\/wp-content\/uploads\/2022\/11\/es65_aluminum_casement_window-1-100x100.webp 100w, https:\/\/metalpie.com\/wp-content\/uploads\/2022\/11\/es65_aluminum_casement_window-1.webp 2000w\" sizes=\"auto, (max-width: 1020px) 100vw, 1020px\" \/>\t\t\t\t\t\t\n\t\t\t\t\t<\/div>\n\t\t\t\t\t\t\t\t\n<style>\n#image_653303776 {\n  width: 100%;\n}\n<\/style>\n\t<\/div>\n\t\n\t\t<\/div>\n\t\t\t\t\t<\/div>\n\n\t\n\n\t<div id=\"col-783365105\" class=\"col medium-6 small-12 large-6\"  >\n\t\t\t\t<div class=\"col-inner text-left\"  >\n\t\t\t\n\t\t\t\n<h2><span data-preserver-spaces=\"true\">Muestra de ventana abatible de aluminio ES65<\/span><\/h2>\n<p><span data-preserver-spaces=\"true\">En la imagen, puede ver que hay dos piezas de vidrio para la ventana abatible de aluminio ES65. A\u00f1adimos una rotura de puente t\u00e9rmico para apartar el marco de la puerta de aluminio para un mejor aislamiento t\u00e9rmico. Este es un dise\u00f1o popular de puente roto de aluminio. Si desea una muestra de la ventana, p\u00f3ngase en contacto con nosotros.<\/span><\/p>\n<p><strong>Especificaciones:<\/strong><\/p>\n<ul>\n<li><span data-preserver-spaces=\"true\">Profundidad del marco: 65 mm<\/span><\/li>\n<li><span data-preserver-spaces=\"true\">Rotura t\u00e9rmica: 28 mm<\/span><\/li>\n<li><span data-preserver-spaces=\"true\">Profundidad de la hoja: 74 mm<\/span><\/li>\n<li><span data-preserver-spaces=\"true\">Rotura t\u00e9rmica: 28 mm<\/span><\/li>\n<\/ul>\n\t\t<\/div>\n\t\t\t\t\t<\/div>\n\n\t\n\n<style>\n#row-27808187 > .col > .col-inner {\n  padding: 0px 20px 0px 20px;\n}\n<\/style>\n<\/div>\n\t\t<\/div>\n\n\t\t\n<style>\n#section_1977985544 {\n  padding-top: 0px;\n  padding-bottom: 0px;\n  background-color: rgb(193, 193, 193);\n}\n#section_1977985544 .section-bg-overlay {\n  background-color: rgba(255, 255, 255, 0.85);\n}\n<\/style>\n\t<\/section>","protected":false},"excerpt":{"rendered":"<p>La ventana abatible ES65 es diferente de la ventana de doble hoja ES65. La primera es una ventana que se abre hacia dentro y la segunda es una ventana que se abre hacia fuera. En comparaci\u00f3n con las ventanas que se abren hacia afuera, las ventanas que se abren hacia adentro tienen mejor ventilaci\u00f3n. El viento entra en nuestra habitaci\u00f3n a lo largo del cristal, que es m\u00e1s suave. Esta ventana es perfecta para su estudio, balc\u00f3n, dormitorio, etc.<\/p>","protected":false},"featured_media":2717,"comment_status":"closed","ping_status":"closed","template":"","meta":[],"product_cat":[15],"class_list":["post-2716","product","type-product","status-publish","has-post-thumbnail","hentry","product_cat-aluminum-windows-doors"],"yoast_head":"<!-- This site is optimized with the Yoast SEO plugin v21.5 - https:\/\/yoast.com\/wordpress\/plugins\/seo\/ -->\n<title>ES65 Casement Window | Inward Opening Window<\/title>\n<meta name=\"description\" content=\"ES65 casement window that opens inward creates good views. You can&#039;t miss it if you love to enjoy the scenery through the window.\" \/>\n<meta name=\"robots\" content=\"index, follow, max-snippet:-1, max-image-preview:large, max-video-preview:-1\" \/>\n<link rel=\"canonical\" href=\"https:\/\/metalpie.com\/es\/ventanas-puertas-de-aluminio\/ventana-abatible-es65\/\" \/>\n<meta property=\"og:locale\" content=\"es_ES\" \/>\n<meta property=\"og:type\" content=\"article\" \/>\n<meta property=\"og:title\" content=\"ES65 Casement Window | Inward Opening Window\" \/>\n<meta property=\"og:description\" content=\"ES65 casement window that opens inward creates good views. You can&#039;t miss it if you love to enjoy the scenery through the window.\" \/>\n<meta property=\"og:url\" content=\"https:\/\/metalpie.com\/es\/ventanas-puertas-de-aluminio\/ventana-abatible-es65\/\" \/>\n<meta property=\"og:site_name\" content=\"METALPIE\" \/>\n<meta property=\"article:modified_time\" content=\"2022-11-16T07:59:35+00:00\" \/>\n<meta property=\"og:image\" content=\"https:\/\/metalpie.com\/wp-content\/uploads\/2022\/10\/ES65_casement_window_001image.webp\" \/>\n\t<meta property=\"og:image:width\" content=\"1000\" \/>\n\t<meta property=\"og:image:height\" content=\"1000\" \/>\n\t<meta property=\"og:image:type\" content=\"image\/webp\" \/>\n<meta name=\"twitter:card\" content=\"summary_large_image\" \/>\n<meta name=\"twitter:label1\" content=\"Tiempo de lectura\" \/>\n\t<meta name=\"twitter:data1\" content=\"2 minutos\" \/>\n<script type=\"application\/ld+json\" class=\"yoast-schema-graph\">{\"@context\":\"https:\/\/schema.org\",\"@graph\":[{\"@type\":\"WebPage\",\"@id\":\"https:\/\/metalpie.com\/pt\/janelas-e-portas-de-aluminio\/janela-de-batente-es65\/\",\"url\":\"https:\/\/metalpie.com\/pt\/janelas-e-portas-de-aluminio\/janela-de-batente-es65\/\",\"name\":\"ES65 Casement Window | Inward Opening Window\",\"isPartOf\":{\"@id\":\"https:\/\/metalpie.com\/#website\"},\"datePublished\":\"2022-10-09T03:57:11+00:00\",\"dateModified\":\"2022-11-16T07:59:35+00:00\",\"description\":\"ES65 casement window that opens inward creates good views. You can't miss it if you love to enjoy the scenery through the window.\",\"breadcrumb\":{\"@id\":\"https:\/\/metalpie.com\/pt\/janelas-e-portas-de-aluminio\/janela-de-batente-es65\/#breadcrumb\"},\"inLanguage\":\"es\",\"potentialAction\":[{\"@type\":\"ReadAction\",\"target\":[\"https:\/\/metalpie.com\/pt\/janelas-e-portas-de-aluminio\/janela-de-batente-es65\/\"]}]},{\"@type\":\"BreadcrumbList\",\"@id\":\"https:\/\/metalpie.com\/pt\/janelas-e-portas-de-aluminio\/janela-de-batente-es65\/#breadcrumb\",\"itemListElement\":[{\"@type\":\"ListItem\",\"position\":1,\"name\":\"Home\",\"item\":\"https:\/\/metalpie.com\/\"},{\"@type\":\"ListItem\",\"position\":2,\"name\":\"Products\",\"item\":\"https:\/\/metalpie.com\/shop\/\"},{\"@type\":\"ListItem\",\"position\":3,\"name\":\"ES65 Casement Window\"}]},{\"@type\":\"WebSite\",\"@id\":\"https:\/\/metalpie.com\/#website\",\"url\":\"https:\/\/metalpie.com\/\",\"name\":\"METALPIE\",\"description\":\"Precision Metal Fabrication | Tools, Processes &amp; More\",\"potentialAction\":[{\"@type\":\"SearchAction\",\"target\":{\"@type\":\"EntryPoint\",\"urlTemplate\":\"https:\/\/metalpie.com\/?s={search_term_string}\"},\"query-input\":\"required name=search_term_string\"}],\"inLanguage\":\"es\"}]}<\/script>\n<!-- \/ Yoast SEO plugin. -->","yoast_head_json":{"title":"ES65 Ventana abatible | Ventana de apertura interior","description":"La ventana abatible ES65 que se abre hacia dentro crea buenas vistas. No te la puedes perder si te encanta disfrutar del paisaje a trav\u00e9s de la ventana.","robots":{"index":"index","follow":"follow","max-snippet":"max-snippet:-1","max-image-preview":"max-image-preview:large","max-video-preview":"max-video-preview:-1"},"canonical":"https:\/\/metalpie.com\/es\/ventanas-puertas-de-aluminio\/ventana-abatible-es65\/","og_locale":"es_ES","og_type":"article","og_title":"ES65 Casement Window | Inward Opening Window","og_description":"ES65 casement window that opens inward creates good views. You can't miss it if you love to enjoy the scenery through the window.","og_url":"https:\/\/metalpie.com\/es\/ventanas-puertas-de-aluminio\/ventana-abatible-es65\/","og_site_name":"METALPIE","article_modified_time":"2022-11-16T07:59:35+00:00","og_image":[{"width":1000,"height":1000,"url":"https:\/\/metalpie.com\/wp-content\/uploads\/2022\/10\/ES65_casement_window_001image.webp","type":"image\/webp"}],"twitter_card":"summary_large_image","twitter_misc":{"Tiempo de lectura":"2 minutos"},"schema":{"@context":"https:\/\/schema.org","@graph":[{"@type":"WebPage","@id":"https:\/\/metalpie.com\/pt\/janelas-e-portas-de-aluminio\/janela-de-batente-es65\/","url":"https:\/\/metalpie.com\/pt\/janelas-e-portas-de-aluminio\/janela-de-batente-es65\/","name":"ES65 Ventana abatible | Ventana de apertura interior","isPartOf":{"@id":"https:\/\/metalpie.com\/#website"},"datePublished":"2022-10-09T03:57:11+00:00","dateModified":"2022-11-16T07:59:35+00:00","description":"La ventana abatible ES65 que se abre hacia dentro crea buenas vistas. No te la puedes perder si te encanta disfrutar del paisaje a trav\u00e9s de la ventana.","breadcrumb":{"@id":"https:\/\/metalpie.com\/pt\/janelas-e-portas-de-aluminio\/janela-de-batente-es65\/#breadcrumb"},"inLanguage":"es","potentialAction":[{"@type":"ReadAction","target":["https:\/\/metalpie.com\/pt\/janelas-e-portas-de-aluminio\/janela-de-batente-es65\/"]}]},{"@type":"BreadcrumbList","@id":"https:\/\/metalpie.com\/pt\/janelas-e-portas-de-aluminio\/janela-de-batente-es65\/#breadcrumb","itemListElement":[{"@type":"ListItem","position":1,"name":"Home","item":"https:\/\/metalpie.com\/"},{"@type":"ListItem","position":2,"name":"Products","item":"https:\/\/metalpie.com\/shop\/"},{"@type":"ListItem","position":3,"name":"ES65 Casement Window"}]},{"@type":"WebSite","@id":"https:\/\/metalpie.com\/#website","url":"https:\/\/metalpie.com\/","name":"METALPIE","description":"Fabricaci\u00f3n de metales de precisi\u00f3n | Herramientas, procesos y m\u00e1s","potentialAction":[{"@type":"SearchAction","target":{"@type":"EntryPoint","urlTemplate":"https:\/\/metalpie.com\/?s={search_term_string}"},"query-input":"required name=search_term_string"}],"inLanguage":"es"}]}},"_links":{"self":[{"href":"https:\/\/metalpie.com\/es\/wp-json\/wp\/v2\/product\/2716","targetHints":{"allow":["GET"]}}],"collection":[{"href":"https:\/\/metalpie.com\/es\/wp-json\/wp\/v2\/product"}],"about":[{"href":"https:\/\/metalpie.com\/es\/wp-json\/wp\/v2\/types\/product"}],"replies":[{"embeddable":true,"href":"https:\/\/metalpie.com\/es\/wp-json\/wp\/v2\/comments?post=2716"}],"wp:featuredmedia":[{"embeddable":true,"href":"https:\/\/metalpie.com\/es\/wp-json\/wp\/v2\/media\/2717"}],"wp:attachment":[{"href":"https:\/\/metalpie.com\/es\/wp-json\/wp\/v2\/media?parent=2716"}],"wp:term":[{"taxonomy":"product_cat","embeddable":true,"href":"https:\/\/metalpie.com\/es\/wp-json\/wp\/v2\/product_cat?post=2716"}],"curies":[{"name":"wp","href":"https:\/\/api.w.org\/{rel}","templated":true}]}}