{"id":2706,"date":"2022-10-09T11:28:09","date_gmt":"2022-10-09T03:28:09","guid":{"rendered":"https:\/\/metalpie.com\/?post_type=product&#038;p=2706"},"modified":"2022-11-08T15:17:20","modified_gmt":"2022-11-08T07:17:20","slug":"ventana-es68-awing","status":"publish","type":"product","link":"https:\/\/metalpie.com\/es\/ventanas-puertas-de-aluminio\/ventana-es68-awing\/","title":{"rendered":"ES68 Ventana con toldo"},"content":{"rendered":"<section class=\"section\" id=\"section_243071687\">\n\t\t<div class=\"bg section-bg fill bg-fill  bg-loaded\" >\n\n\t\t\t\n\t\t\t\n\t\t\t\n\n\t\t<\/div>\n\n\t\t\t<div class=\"ux-shape-divider ux-shape-divider--top ux-shape-divider--style-curve-opacity\">\n\t\t<svg viewbox=\"0 0 1000 100\" xmlns=\"http:\/\/www.w3.org\/2000\/svg\" preserveaspectratio=\"none\">\n\t\t<path class=\"ux-shape-fill\" opacity=\"0.15\" d=\"M0 14C0 14 88.64 17.48 300 50C560 90 814 77 1003 40L1015 68L1018 104H0V14Z\"\/>\n\t\t<path class=\"ux-shape-fill\" opacity=\"0.3\" d=\"M0 45C0 45 271 90.13 500 77C657 68 830 30 1015 14V100H0V45Z\"\/>\n\t\t<path class=\"ux-shape-fill\" d=\"M0 58C0 58 188.29 90 508 90C798 90 1002 55 1002 55V100H0V58Z\"\/>\n<\/svg>\n\t<\/div>\n\n\n\t\t<div class=\"section-content relative\">\n\t\t\t\n<div class=\"is-divider divider clearfix\" style=\"margin-top:0px;margin-bottom:0px;max-width:0px;height:30px;\"><\/div>\n<div class=\"row row-collapse align-middle\"  id=\"row-498784395\">\n\n\t<div id=\"col-1603514576\" class=\"col medium-6 small-12 large-6\"  >\n\t\t\t\t<div class=\"col-inner\"  >\n\t\t\t\n\t\t\t\n<div class=\"row row-small align-middle\"  id=\"row-1239465121\">\n\n\t<div id=\"col-2145374415\" class=\"col medium-7 small-12 large-7\"  >\n\t\t\t\t<div class=\"col-inner\"  >\n\t\t\t\n\t\t\t\n\t<div class=\"img has-hover x md-x lg-x y md-y lg-y\" id=\"image_355342660\">\n\t\t\t\t\t\t\t\t<div class=\"img-inner dark\" >\n\t\t\t<img loading=\"lazy\" decoding=\"async\" width=\"532\" height=\"366\" src=\"https:\/\/metalpie.com\/wp-content\/uploads\/2022\/09\/block_Universal_products_bottom_001.1image.jpg.webp\" class=\"attachment-original size-original\" alt=\"\" srcset=\"https:\/\/metalpie.com\/wp-content\/uploads\/2022\/09\/block_Universal_products_bottom_001.1image.jpg.webp 532w, https:\/\/metalpie.com\/wp-content\/uploads\/2022\/09\/block_Universal_products_bottom_001.1image.jpg-300x206.webp 300w\" sizes=\"auto, (max-width: 532px) 100vw, 532px\" \/>\t\t\t\t\t\t\n\t\t\t\t\t<\/div>\n\t\t\t\t\t\t\t\t\n<style>\n#image_355342660 {\n  width: 100%;\n}\n<\/style>\n\t<\/div>\n\t\n\t\t<\/div>\n\t\t\t\t\t<\/div>\n\n\t\n\n\t<div id=\"col-909209078\" class=\"col medium-5 small-12 large-5\"  >\n\t\t\t\t<div class=\"col-inner\"  >\n\t\t\t\n\t\t\t\n\t<div id=\"text-3464289130\" class=\"text\">\n\t\t\n<h5>Rendimiento herm\u00e9tico<\/h5>\n\t\t\n<style>\n#text-3464289130 {\n  text-align: center;\n}\n@media (min-width:550px) {\n  #text-3464289130 {\n    text-align: left;\n  }\n}\n<\/style>\n\t<\/div>\n\t\n\t<div id=\"text-2565235931\" class=\"text\">\n\t\t\n<p><b>Nivel 8<br \/><\/b>q1=0,3 m\u00b3 \/ (m.h)<br \/>q2=0,5 m\u00b3\/ ( \u33a1.h )<\/p>\n\t\t\n<style>\n#text-2565235931 {\n  text-align: center;\n}\n@media (min-width:550px) {\n  #text-2565235931 {\n    text-align: left;\n  }\n}\n<\/style>\n\t<\/div>\n\t\n\t\t<\/div>\n\t\t\t\t\t<\/div>\n\n\t\n<\/div>\n\t\t<\/div>\n\t\t\t\t\t<\/div>\n\n\t\n\n\t<div id=\"col-1059251265\" class=\"col medium-6 small-12 large-6\"  >\n\t\t\t\t<div class=\"col-inner\"  >\n\t\t\t\n\t\t\t\n<div class=\"row row-small align-middle\"  id=\"row-1413997950\">\n\n\t<div id=\"col-1420321780\" class=\"col medium-7 small-12 large-7\"  >\n\t\t\t\t<div class=\"col-inner\"  >\n\t\t\t\n\t\t\t\n\t<div class=\"img has-hover x md-x lg-x y md-y lg-y\" id=\"image_1542820289\">\n\t\t\t\t\t\t\t\t<div class=\"img-inner dark\" >\n\t\t\t<img loading=\"lazy\" decoding=\"async\" width=\"534\" height=\"368\" src=\"https:\/\/metalpie.com\/wp-content\/uploads\/2022\/09\/block_Universal_products_bottom_002.2image.jpg.webp\" class=\"attachment-original size-original\" alt=\"\" srcset=\"https:\/\/metalpie.com\/wp-content\/uploads\/2022\/09\/block_Universal_products_bottom_002.2image.jpg.webp 534w, https:\/\/metalpie.com\/wp-content\/uploads\/2022\/09\/block_Universal_products_bottom_002.2image.jpg-300x207.webp 300w\" sizes=\"auto, (max-width: 534px) 100vw, 534px\" \/>\t\t\t\t\t\t\n\t\t\t\t\t<\/div>\n\t\t\t\t\t\t\t\t\n<style>\n#image_1542820289 {\n  width: 100%;\n}\n<\/style>\n\t<\/div>\n\t\n\t\t<\/div>\n\t\t\t\t\t<\/div>\n\n\t\n\n\t<div id=\"col-566761768\" class=\"col medium-5 small-12 large-5\"  >\n\t\t\t\t<div class=\"col-inner\"  >\n\t\t\t\n\t\t\t\n\t<div id=\"text-2704459957\" class=\"text\">\n\t\t\n<h5>Resistencia a la presi\u00f3n del viento<\/h5>\n\t\t\n<style>\n#text-2704459957 {\n  text-align: center;\n}\n@media (min-width:550px) {\n  #text-2704459957 {\n    text-align: left;\n  }\n}\n<\/style>\n\t<\/div>\n\t\n\t<div id=\"text-2880963435\" class=\"text\">\n\t\t\n<p><strong>Nivel 9<\/strong><br \/>p3=5,0 Kpa<\/p>\n\t\t\n<style>\n#text-2880963435 {\n  text-align: center;\n}\n@media (min-width:550px) {\n  #text-2880963435 {\n    text-align: left;\n  }\n}\n<\/style>\n\t<\/div>\n\t\n\t\t<\/div>\n\t\t\t\t\t<\/div>\n\n\t\n<\/div>\n\t\t<\/div>\n\t\t\t\t\t<\/div>\n\n\t\n\n\t<div id=\"col-1899731676\" class=\"col medium-6 small-12 large-6\"  >\n\t\t\t\t<div class=\"col-inner\"  >\n\t\t\t\n\t\t\t\n<div class=\"row row-small align-middle\"  id=\"row-685420367\">\n\n\t<div id=\"col-1209863238\" class=\"col medium-7 small-12 large-7\"  >\n\t\t\t\t<div class=\"col-inner\"  >\n\t\t\t\n\t\t\t\n\t<div class=\"img has-hover x md-x lg-x y md-y lg-y\" id=\"image_1788241746\">\n\t\t\t\t\t\t\t\t<div class=\"img-inner dark\" >\n\t\t\t<img loading=\"lazy\" decoding=\"async\" width=\"531\" height=\"366\" src=\"https:\/\/metalpie.com\/wp-content\/uploads\/2022\/09\/block_Universal_products_bottom_003.3image.jpg.webp\" class=\"attachment-original size-original\" alt=\"\" srcset=\"https:\/\/metalpie.com\/wp-content\/uploads\/2022\/09\/block_Universal_products_bottom_003.3image.jpg.webp 531w, https:\/\/metalpie.com\/wp-content\/uploads\/2022\/09\/block_Universal_products_bottom_003.3image.jpg-300x207.webp 300w\" sizes=\"auto, (max-width: 531px) 100vw, 531px\" \/>\t\t\t\t\t\t\n\t\t\t\t\t<\/div>\n\t\t\t\t\t\t\t\t\n<style>\n#image_1788241746 {\n  width: 100%;\n}\n<\/style>\n\t<\/div>\n\t\n\t\t<\/div>\n\t\t\t\t\t<\/div>\n\n\t\n\n\t<div id=\"col-2122086005\" class=\"col medium-5 small-12 large-5\"  >\n\t\t\t\t<div class=\"col-inner\"  >\n\t\t\t\n\t\t\t\n\t<div id=\"text-1175540446\" class=\"text\">\n\t\t\n<h5>Estanqueidad<\/h5>\n\t\t\n<style>\n#text-1175540446 {\n  text-align: center;\n}\n@media (min-width:550px) {\n  #text-1175540446 {\n    text-align: left;\n  }\n}\n<\/style>\n\t<\/div>\n\t\n\t<div id=\"text-3239148471\" class=\"text\">\n\t\t\n<p><strong>Nivel 6<\/strong><br \/>\u25b3P=700 pa<\/p>\n\t\t\n<style>\n#text-3239148471 {\n  text-align: center;\n}\n@media (min-width:550px) {\n  #text-3239148471 {\n    text-align: left;\n  }\n}\n<\/style>\n\t<\/div>\n\t\n\t\t<\/div>\n\t\t\t\t\t<\/div>\n\n\t\n<\/div>\n\t\t<\/div>\n\t\t\t\t\t<\/div>\n\n\t\n\n\t<div id=\"col-1340499649\" class=\"col medium-6 small-12 large-6\"  >\n\t\t\t\t<div class=\"col-inner\"  >\n\t\t\t\n\t\t\t\n<div class=\"row row-small align-middle\"  id=\"row-1696409853\">\n\n\t<div id=\"col-2123405370\" class=\"col medium-7 small-12 large-7\"  >\n\t\t\t\t<div class=\"col-inner\"  >\n\t\t\t\n\t\t\t\n\t<div class=\"img has-hover x md-x lg-x y md-y lg-y\" id=\"image_200223054\">\n\t\t\t\t\t\t\t\t<div class=\"img-inner dark\" >\n\t\t\t<img loading=\"lazy\" decoding=\"async\" width=\"531\" height=\"365\" src=\"https:\/\/metalpie.com\/wp-content\/uploads\/2022\/09\/block_Universal_products_bottom_004.4image.jpg.webp\" class=\"attachment-original size-original\" alt=\"\" srcset=\"https:\/\/metalpie.com\/wp-content\/uploads\/2022\/09\/block_Universal_products_bottom_004.4image.jpg.webp 531w, https:\/\/metalpie.com\/wp-content\/uploads\/2022\/09\/block_Universal_products_bottom_004.4image.jpg-300x206.webp 300w\" sizes=\"auto, (max-width: 531px) 100vw, 531px\" \/>\t\t\t\t\t\t\n\t\t\t\t\t<\/div>\n\t\t\t\t\t\t\t\t\n<style>\n#image_200223054 {\n  width: 100%;\n}\n<\/style>\n\t<\/div>\n\t\n\t\t<\/div>\n\t\t\t\t\t<\/div>\n\n\t\n\n\t<div id=\"col-1812225749\" class=\"col medium-5 small-12 large-5\"  >\n\t\t\t\t<div class=\"col-inner\"  >\n\t\t\t\n\t\t\t\n\t<div id=\"text-3510949593\" class=\"text\">\n\t\t\n<h5>Rendimiento del aislamiento<\/h5>\n\t\t\n<style>\n#text-3510949593 {\n  text-align: center;\n}\n@media (min-width:550px) {\n  #text-3510949593 {\n    text-align: left;\n  }\n}\n<\/style>\n\t<\/div>\n\t\n\t<div id=\"text-3803535450\" class=\"text\">\n\t\t\n<p><strong>Nivel 7<\/strong><br \/>K=1,8~ 2,2W\/(\u33a1.K)<\/p>\n\t\t\n<style>\n#text-3803535450 {\n  text-align: center;\n}\n@media (min-width:550px) {\n  #text-3803535450 {\n    text-align: left;\n  }\n}\n<\/style>\n\t<\/div>\n\t\n\t\t<\/div>\n\t\t\t\t\t<\/div>\n\n\t\n<\/div>\n\t\t<\/div>\n\t\t\t\t\t<\/div>\n\n\t\n\n<style>\n#row-498784395 > .col > .col-inner {\n  padding: 0px 20px 0px 20px;\n}\n<\/style>\n<\/div>\n\t\t<\/div>\n\n\t\t\n<style>\n#section_243071687 {\n  padding-top: 0px;\n  padding-bottom: 0px;\n  background-color: rgb(245, 245, 245);\n}\n#section_243071687 .ux-shape-divider--top svg {\n  height: 143px;\n  --divider-top-width: 100%;\n}\n<\/style>\n\t<\/section>","protected":false},"excerpt":{"rendered":"<p>La ventana con toldo ES68 es perfecta para el cuarto de ba\u00f1o, el estudio y el dormitorio. Especialmente en d\u00edas lluviosos, sentado en su escritorio, escuchando la lluvia, es excelente. Si le gusta este ambiente, \u00a1el\u00edjala!<\/p>","protected":false},"featured_media":2707,"comment_status":"closed","ping_status":"closed","template":"","meta":[],"product_cat":[15],"class_list":["post-2706","product","type-product","status-publish","has-post-thumbnail","hentry","product_cat-aluminum-windows-doors"],"yoast_head":"<!-- This site is optimized with the Yoast SEO plugin v21.5 - https:\/\/yoast.com\/wordpress\/plugins\/seo\/ -->\n<title>ES68 Awning Window | Top Hung Window- METALPIE<\/title>\n<meta name=\"description\" content=\"The ES68 awning window is hinged on the top, so you can open it outward to ventilate even raining. We offer customization of its size, color, and pattern.\" \/>\n<meta name=\"robots\" content=\"index, follow, max-snippet:-1, max-image-preview:large, max-video-preview:-1\" \/>\n<link rel=\"canonical\" href=\"https:\/\/metalpie.com\/es\/ventanas-puertas-de-aluminio\/ventana-es68-awing\/\" \/>\n<meta property=\"og:locale\" content=\"es_ES\" \/>\n<meta property=\"og:type\" content=\"article\" \/>\n<meta property=\"og:title\" content=\"ES68 Awning Window | Top Hung Window- METALPIE\" \/>\n<meta property=\"og:description\" content=\"The ES68 awning window is hinged on the top, so you can open it outward to ventilate even raining. We offer customization of its size, color, and pattern.\" \/>\n<meta property=\"og:url\" content=\"https:\/\/metalpie.com\/es\/ventanas-puertas-de-aluminio\/ventana-es68-awing\/\" \/>\n<meta property=\"og:site_name\" content=\"METALPIE\" \/>\n<meta property=\"article:modified_time\" content=\"2022-11-08T07:17:20+00:00\" \/>\n<meta property=\"og:image\" content=\"https:\/\/metalpie.com\/wp-content\/uploads\/2022\/10\/es68_windown_main_image.jpg\" \/>\n\t<meta property=\"og:image:width\" content=\"1000\" \/>\n\t<meta property=\"og:image:height\" content=\"1000\" \/>\n\t<meta property=\"og:image:type\" content=\"image\/jpeg\" \/>\n<meta name=\"twitter:card\" content=\"summary_large_image\" \/>\n<script type=\"application\/ld+json\" class=\"yoast-schema-graph\">{\"@context\":\"https:\/\/schema.org\",\"@graph\":[{\"@type\":\"WebPage\",\"@id\":\"https:\/\/metalpie.com\/ru\/%d0%b0%d0%bb%d1%8e%d0%bc%d0%b8%d0%bd%d0%b8%d0%b5%d0%b2%d1%8b%d0%b5-%d0%be%d0%ba%d0%bd%d0%b0-%d0%b4%d0%b2%d0%b5%d1%80%d0%b8\/es68-awing-window\/\",\"url\":\"https:\/\/metalpie.com\/ru\/%d0%b0%d0%bb%d1%8e%d0%bc%d0%b8%d0%bd%d0%b8%d0%b5%d0%b2%d1%8b%d0%b5-%d0%be%d0%ba%d0%bd%d0%b0-%d0%b4%d0%b2%d0%b5%d1%80%d0%b8\/es68-awing-window\/\",\"name\":\"ES68 Awning Window | Top Hung Window- METALPIE\",\"isPartOf\":{\"@id\":\"https:\/\/metalpie.com\/#website\"},\"datePublished\":\"2022-10-09T03:28:09+00:00\",\"dateModified\":\"2022-11-08T07:17:20+00:00\",\"description\":\"The ES68 awning window is hinged on the top, so you can open it outward to ventilate even raining. We offer customization of its size, color, and pattern.\",\"breadcrumb\":{\"@id\":\"https:\/\/metalpie.com\/ru\/%d0%b0%d0%bb%d1%8e%d0%bc%d0%b8%d0%bd%d0%b8%d0%b5%d0%b2%d1%8b%d0%b5-%d0%be%d0%ba%d0%bd%d0%b0-%d0%b4%d0%b2%d0%b5%d1%80%d0%b8\/es68-awing-window\/#breadcrumb\"},\"inLanguage\":\"es\",\"potentialAction\":[{\"@type\":\"ReadAction\",\"target\":[\"https:\/\/metalpie.com\/ru\/%d0%b0%d0%bb%d1%8e%d0%bc%d0%b8%d0%bd%d0%b8%d0%b5%d0%b2%d1%8b%d0%b5-%d0%be%d0%ba%d0%bd%d0%b0-%d0%b4%d0%b2%d0%b5%d1%80%d0%b8\/es68-awing-window\/\"]}]},{\"@type\":\"BreadcrumbList\",\"@id\":\"https:\/\/metalpie.com\/ru\/%d0%b0%d0%bb%d1%8e%d0%bc%d0%b8%d0%bd%d0%b8%d0%b5%d0%b2%d1%8b%d0%b5-%d0%be%d0%ba%d0%bd%d0%b0-%d0%b4%d0%b2%d0%b5%d1%80%d0%b8\/es68-awing-window\/#breadcrumb\",\"itemListElement\":[{\"@type\":\"ListItem\",\"position\":1,\"name\":\"Home\",\"item\":\"https:\/\/metalpie.com\/\"},{\"@type\":\"ListItem\",\"position\":2,\"name\":\"Products\",\"item\":\"https:\/\/metalpie.com\/shop\/\"},{\"@type\":\"ListItem\",\"position\":3,\"name\":\"ES68 Awning Window\"}]},{\"@type\":\"WebSite\",\"@id\":\"https:\/\/metalpie.com\/#website\",\"url\":\"https:\/\/metalpie.com\/\",\"name\":\"METALPIE\",\"description\":\"Precision Metal Fabrication | Tools, Processes &amp; More\",\"potentialAction\":[{\"@type\":\"SearchAction\",\"target\":{\"@type\":\"EntryPoint\",\"urlTemplate\":\"https:\/\/metalpie.com\/?s={search_term_string}\"},\"query-input\":\"required name=search_term_string\"}],\"inLanguage\":\"es\"}]}<\/script>\n<!-- \/ Yoast SEO plugin. -->","yoast_head_json":{"title":"ES68 Ventana Marquesina | Ventana Colgante - METALPIE","description":"La ventana del toldo ES68 tiene bisagras en la parte superior, por lo que puede abrirse hacia fuera para ventilar incluso lloviendo. Ofrecemos personalizaci\u00f3n de su tama\u00f1o, color y dibujo.","robots":{"index":"index","follow":"follow","max-snippet":"max-snippet:-1","max-image-preview":"max-image-preview:large","max-video-preview":"max-video-preview:-1"},"canonical":"https:\/\/metalpie.com\/es\/ventanas-puertas-de-aluminio\/ventana-es68-awing\/","og_locale":"es_ES","og_type":"article","og_title":"ES68 Awning Window | Top Hung Window- METALPIE","og_description":"The ES68 awning window is hinged on the top, so you can open it outward to ventilate even raining. We offer customization of its size, color, and pattern.","og_url":"https:\/\/metalpie.com\/es\/ventanas-puertas-de-aluminio\/ventana-es68-awing\/","og_site_name":"METALPIE","article_modified_time":"2022-11-08T07:17:20+00:00","og_image":[{"width":1000,"height":1000,"url":"https:\/\/metalpie.com\/wp-content\/uploads\/2022\/10\/es68_windown_main_image.jpg","type":"image\/jpeg"}],"twitter_card":"summary_large_image","schema":{"@context":"https:\/\/schema.org","@graph":[{"@type":"WebPage","@id":"https:\/\/metalpie.com\/ru\/%d0%b0%d0%bb%d1%8e%d0%bc%d0%b8%d0%bd%d0%b8%d0%b5%d0%b2%d1%8b%d0%b5-%d0%be%d0%ba%d0%bd%d0%b0-%d0%b4%d0%b2%d0%b5%d1%80%d0%b8\/es68-awing-window\/","url":"https:\/\/metalpie.com\/ru\/%d0%b0%d0%bb%d1%8e%d0%bc%d0%b8%d0%bd%d0%b8%d0%b5%d0%b2%d1%8b%d0%b5-%d0%be%d0%ba%d0%bd%d0%b0-%d0%b4%d0%b2%d0%b5%d1%80%d0%b8\/es68-awing-window\/","name":"ES68 Ventana Marquesina | Ventana Colgante - METALPIE","isPartOf":{"@id":"https:\/\/metalpie.com\/#website"},"datePublished":"2022-10-09T03:28:09+00:00","dateModified":"2022-11-08T07:17:20+00:00","description":"La ventana del toldo ES68 tiene bisagras en la parte superior, por lo que puede abrirse hacia fuera para ventilar incluso lloviendo. Ofrecemos personalizaci\u00f3n de su tama\u00f1o, color y dibujo.","breadcrumb":{"@id":"https:\/\/metalpie.com\/ru\/%d0%b0%d0%bb%d1%8e%d0%bc%d0%b8%d0%bd%d0%b8%d0%b5%d0%b2%d1%8b%d0%b5-%d0%be%d0%ba%d0%bd%d0%b0-%d0%b4%d0%b2%d0%b5%d1%80%d0%b8\/es68-awing-window\/#breadcrumb"},"inLanguage":"es","potentialAction":[{"@type":"ReadAction","target":["https:\/\/metalpie.com\/ru\/%d0%b0%d0%bb%d1%8e%d0%bc%d0%b8%d0%bd%d0%b8%d0%b5%d0%b2%d1%8b%d0%b5-%d0%be%d0%ba%d0%bd%d0%b0-%d0%b4%d0%b2%d0%b5%d1%80%d0%b8\/es68-awing-window\/"]}]},{"@type":"BreadcrumbList","@id":"https:\/\/metalpie.com\/ru\/%d0%b0%d0%bb%d1%8e%d0%bc%d0%b8%d0%bd%d0%b8%d0%b5%d0%b2%d1%8b%d0%b5-%d0%be%d0%ba%d0%bd%d0%b0-%d0%b4%d0%b2%d0%b5%d1%80%d0%b8\/es68-awing-window\/#breadcrumb","itemListElement":[{"@type":"ListItem","position":1,"name":"Home","item":"https:\/\/metalpie.com\/"},{"@type":"ListItem","position":2,"name":"Products","item":"https:\/\/metalpie.com\/shop\/"},{"@type":"ListItem","position":3,"name":"ES68 Awning Window"}]},{"@type":"WebSite","@id":"https:\/\/metalpie.com\/#website","url":"https:\/\/metalpie.com\/","name":"METALPIE","description":"Fabricaci\u00f3n de metales de precisi\u00f3n | Herramientas, procesos y m\u00e1s","potentialAction":[{"@type":"SearchAction","target":{"@type":"EntryPoint","urlTemplate":"https:\/\/metalpie.com\/?s={search_term_string}"},"query-input":"required name=search_term_string"}],"inLanguage":"es"}]}},"_links":{"self":[{"href":"https:\/\/metalpie.com\/es\/wp-json\/wp\/v2\/product\/2706","targetHints":{"allow":["GET"]}}],"collection":[{"href":"https:\/\/metalpie.com\/es\/wp-json\/wp\/v2\/product"}],"about":[{"href":"https:\/\/metalpie.com\/es\/wp-json\/wp\/v2\/types\/product"}],"replies":[{"embeddable":true,"href":"https:\/\/metalpie.com\/es\/wp-json\/wp\/v2\/comments?post=2706"}],"wp:featuredmedia":[{"embeddable":true,"href":"https:\/\/metalpie.com\/es\/wp-json\/wp\/v2\/media\/2707"}],"wp:attachment":[{"href":"https:\/\/metalpie.com\/es\/wp-json\/wp\/v2\/media?parent=2706"}],"wp:term":[{"taxonomy":"product_cat","embeddable":true,"href":"https:\/\/metalpie.com\/es\/wp-json\/wp\/v2\/product_cat?post=2706"}],"curies":[{"name":"wp","href":"https:\/\/api.w.org\/{rel}","templated":true}]}}