{"id":2701,"date":"2022-10-09T09:09:14","date_gmt":"2022-10-09T01:09:14","guid":{"rendered":"https:\/\/metalpie.com\/?post_type=product&#038;p=2701"},"modified":"2023-04-11T09:24:21","modified_gmt":"2023-04-11T01:24:21","slug":"perfil-de-aluminio","status":"publish","type":"product","link":"https:\/\/metalpie.com\/es\/perfil-de-aluminio\/perfil-de-aluminio\/","title":{"rendered":"Perfil de aluminio"},"content":{"rendered":"<section class=\"section\" id=\"section_885563676\">\n\t\t<div class=\"bg section-bg fill bg-fill  bg-loaded\" >\n\n\t\t\t\n\t\t\t\n\t\t\t\n\n\t\t<\/div>\n\n\t\t\n\n\t\t<div class=\"section-content relative\">\n\t\t\t\n<div class=\"row\"  id=\"row-1532157522\">\n\n\t<div id=\"col-1036465423\" class=\"col small-12 large-12\"  >\n\t\t\t\t<div class=\"col-inner\"  >\n\t\t\t\n\t\t\t\n<h2>Tipos de perfiles de aluminio para muros cortina<\/h2>\n<ul>\n<li>En funci\u00f3n de si el marco puede verse desde el exterior, puede dividirse en muro cortina de marco oculto y muro cortina de marco abierto.<\/li>\n<li>Seg\u00fan las diferentes series, puede dividirse en muros cortina ordinarios y muros cortina de aislamiento t\u00e9rmico. El muro cortina ordinario es adecuado principalmente para zonas de clima templado durante todo el a\u00f1o. El muro cortina de aislamiento t\u00e9rmico se aplica principalmente a las zonas fr\u00edas del norte y las zonas c\u00e1lidas en verano, lo que puede desempe\u00f1ar un excelente efecto de aislamiento t\u00e9rmico interior.<\/li>\n<\/ul>\n\t\t<\/div>\n\t\t\t\t\t<\/div>\n\n\t\n<\/div>\n<div class=\"row\"  id=\"row-1875742404\">\n\n\t<div id=\"col-30583877\" class=\"col small-12 large-12\"  >\n\t\t\t\t<div class=\"col-inner\"  >\n\t\t\t\n\t\t\t\n<h2>Color de la superficie del muro cortina de aluminio<\/h2>\n<p>Huajian Aluminum company es uno de los mejores fabricantes de muros cortina de aluminio. Podemos producir varios colores de acuerdo con el c\u00f3digo de color internacional RAL. El tratamiento de superficie m\u00e1s utilizado es la pulverizaci\u00f3n o el revestimiento de fluorocarbono.<\/p>\n\t\t<\/div>\n\t\t\t\t\t<\/div>\n\n\t\n<\/div>\n<div class=\"row\"  id=\"row-1314550564\">\n\n\t<div id=\"col-239879457\" class=\"col small-12 large-12\"  >\n\t\t\t\t<div class=\"col-inner\"  >\n\t\t\t\n\t\t\t\n<h2>Caracter\u00edsticas del muro cortina de aluminio<\/h2>\n<ul>\n<li>Varios colores de superficie y un rico estilo de visualizaci\u00f3n.<\/li>\n<li>Material de aleaci\u00f3n de aluminio, calidad ligera, anticorrosi\u00f3n, antioxidante, f\u00e1cil de moldear.<\/li>\n<li>Pulverizaci\u00f3n o fluorocarbono variedad de colores, sin decoloraci\u00f3n, sin p\u00e9rdida de color, duradera como nueva, ambiente de moda.<\/li>\n<li>La serie de aislamiento t\u00e9rmico adopta la tira de aislamiento t\u00e9rmico de viento Taino importada de Alemania, con un excelente rendimiento, mostrando alta gama y lujo.<\/li>\n<\/ul>\n\t\t<\/div>\n\t\t\t\t\t<\/div>\n\n\t\n<\/div>\n\t\t<\/div>\n\n\t\t\n<style>\n#section_885563676 {\n  padding-top: 30px;\n  padding-bottom: 30px;\n}\n<\/style>\n\t<\/section>","protected":false},"excerpt":{"rendered":"<p>En la actualidad, el perfil de aluminio para muros cortina se utiliza cada vez m\u00e1s en la fachada de edificios de gran altura. Con varios colores de vidrio especialmente tratado, puede presentar un efecto de apariencia simple y atmosf\u00e9rica.<br \/>\nAdem\u00e1s, tambi\u00e9n puede combinarse con diferentes especificaciones de lamas de aleaci\u00f3n de aluminio para la decoraci\u00f3n exterior de muros cortina. Con varias formas, esto puede realizar el sentido de la moda del dise\u00f1o general de la fachada del edificio.<\/p>","protected":false},"featured_media":2577,"comment_status":"closed","ping_status":"closed","template":"","meta":[],"product_cat":[101],"class_list":["post-2701","product","type-product","status-publish","has-post-thumbnail","hentry","product_cat-aluminum-profile"],"yoast_head":"<!-- This site is optimized with the Yoast SEO plugin v21.5 - https:\/\/yoast.com\/wordpress\/plugins\/seo\/ -->\n<title>Extruded Aluminum Profiles | Aluminum Extrusion Profiles<\/title>\n<meta name=\"description\" content=\"We are a leading China aluminum extrusion profile manufacturer. We have strong productivity and advanced techniques in the aluminum profiles industry.\" \/>\n<meta name=\"robots\" content=\"index, follow, max-snippet:-1, max-image-preview:large, max-video-preview:-1\" \/>\n<link rel=\"canonical\" href=\"https:\/\/metalpie.com\/es\/perfil-de-aluminio\/perfil-de-aluminio\/\" \/>\n<meta property=\"og:locale\" content=\"es_ES\" \/>\n<meta property=\"og:type\" content=\"article\" \/>\n<meta property=\"og:title\" content=\"Extruded Aluminum Profiles | Aluminum Extrusion Profiles\" \/>\n<meta property=\"og:description\" content=\"We are a leading China aluminum extrusion profile manufacturer. We have strong productivity and advanced techniques in the aluminum profiles industry.\" \/>\n<meta property=\"og:url\" content=\"https:\/\/metalpie.com\/es\/perfil-de-aluminio\/perfil-de-aluminio\/\" \/>\n<meta property=\"og:site_name\" content=\"METALPIE\" \/>\n<meta property=\"article:modified_time\" content=\"2023-04-11T01:24:21+00:00\" \/>\n<meta property=\"og:image\" content=\"https:\/\/metalpie.com\/wp-content\/uploads\/2022\/10\/Aluminium_Profile_007image.webp\" \/>\n\t<meta property=\"og:image:width\" content=\"1000\" \/>\n\t<meta property=\"og:image:height\" content=\"1000\" \/>\n\t<meta property=\"og:image:type\" content=\"image\/webp\" \/>\n<meta name=\"twitter:card\" content=\"summary_large_image\" \/>\n<meta name=\"twitter:label1\" content=\"Tiempo de lectura\" \/>\n\t<meta name=\"twitter:data1\" content=\"1 minuto\" \/>\n<script type=\"application\/ld+json\" class=\"yoast-schema-graph\">{\"@context\":\"https:\/\/schema.org\",\"@graph\":[{\"@type\":\"WebPage\",\"@id\":\"https:\/\/metalpie.com\/aluminum-profile\/aluminum-profile\/\",\"url\":\"https:\/\/metalpie.com\/aluminum-profile\/aluminum-profile\/\",\"name\":\"Extruded Aluminum Profiles | Aluminum Extrusion Profiles\",\"isPartOf\":{\"@id\":\"https:\/\/metalpie.com\/#website\"},\"datePublished\":\"2022-10-09T01:09:14+00:00\",\"dateModified\":\"2023-04-11T01:24:21+00:00\",\"description\":\"We are a leading China aluminum extrusion profile manufacturer. We have strong productivity and advanced techniques in the aluminum profiles industry.\",\"breadcrumb\":{\"@id\":\"https:\/\/metalpie.com\/aluminum-profile\/aluminum-profile\/#breadcrumb\"},\"inLanguage\":\"es\",\"potentialAction\":[{\"@type\":\"ReadAction\",\"target\":[\"https:\/\/metalpie.com\/aluminum-profile\/aluminum-profile\/\"]}]},{\"@type\":\"BreadcrumbList\",\"@id\":\"https:\/\/metalpie.com\/aluminum-profile\/aluminum-profile\/#breadcrumb\",\"itemListElement\":[{\"@type\":\"ListItem\",\"position\":1,\"name\":\"Home\",\"item\":\"https:\/\/metalpie.com\/\"},{\"@type\":\"ListItem\",\"position\":2,\"name\":\"Products\",\"item\":\"https:\/\/metalpie.com\/shop\/\"},{\"@type\":\"ListItem\",\"position\":3,\"name\":\"Aluminum Profile\"}]},{\"@type\":\"WebSite\",\"@id\":\"https:\/\/metalpie.com\/#website\",\"url\":\"https:\/\/metalpie.com\/\",\"name\":\"METALPIE\",\"description\":\"Precision Metal Fabrication | Tools, Processes &amp; More\",\"potentialAction\":[{\"@type\":\"SearchAction\",\"target\":{\"@type\":\"EntryPoint\",\"urlTemplate\":\"https:\/\/metalpie.com\/?s={search_term_string}\"},\"query-input\":\"required name=search_term_string\"}],\"inLanguage\":\"es\"}]}<\/script>\n<!-- \/ Yoast SEO plugin. -->","yoast_head_json":{"title":"Perfiles de aluminio extruido | Perfiles de aluminio extruido","description":"Somos una empresa l\u00edder en la producci\u00f3n de perfiles de extrusi\u00f3n de aluminio en China. Tenemos una fuerte productividad y t\u00e9cnicas avanzadas en la industria de perfiles de aluminio.","robots":{"index":"index","follow":"follow","max-snippet":"max-snippet:-1","max-image-preview":"max-image-preview:large","max-video-preview":"max-video-preview:-1"},"canonical":"https:\/\/metalpie.com\/es\/perfil-de-aluminio\/perfil-de-aluminio\/","og_locale":"es_ES","og_type":"article","og_title":"Extruded Aluminum Profiles | Aluminum Extrusion Profiles","og_description":"We are a leading China aluminum extrusion profile manufacturer. We have strong productivity and advanced techniques in the aluminum profiles industry.","og_url":"https:\/\/metalpie.com\/es\/perfil-de-aluminio\/perfil-de-aluminio\/","og_site_name":"METALPIE","article_modified_time":"2023-04-11T01:24:21+00:00","og_image":[{"width":1000,"height":1000,"url":"https:\/\/metalpie.com\/wp-content\/uploads\/2022\/10\/Aluminium_Profile_007image.webp","type":"image\/webp"}],"twitter_card":"summary_large_image","twitter_misc":{"Tiempo de lectura":"1 minuto"},"schema":{"@context":"https:\/\/schema.org","@graph":[{"@type":"WebPage","@id":"https:\/\/metalpie.com\/aluminum-profile\/aluminum-profile\/","url":"https:\/\/metalpie.com\/aluminum-profile\/aluminum-profile\/","name":"Perfiles de aluminio extruido | Perfiles de aluminio extruido","isPartOf":{"@id":"https:\/\/metalpie.com\/#website"},"datePublished":"2022-10-09T01:09:14+00:00","dateModified":"2023-04-11T01:24:21+00:00","description":"Somos una empresa l\u00edder en la producci\u00f3n de perfiles de extrusi\u00f3n de aluminio en China. Tenemos una fuerte productividad y t\u00e9cnicas avanzadas en la industria de perfiles de aluminio.","breadcrumb":{"@id":"https:\/\/metalpie.com\/aluminum-profile\/aluminum-profile\/#breadcrumb"},"inLanguage":"es","potentialAction":[{"@type":"ReadAction","target":["https:\/\/metalpie.com\/aluminum-profile\/aluminum-profile\/"]}]},{"@type":"BreadcrumbList","@id":"https:\/\/metalpie.com\/aluminum-profile\/aluminum-profile\/#breadcrumb","itemListElement":[{"@type":"ListItem","position":1,"name":"Home","item":"https:\/\/metalpie.com\/"},{"@type":"ListItem","position":2,"name":"Products","item":"https:\/\/metalpie.com\/shop\/"},{"@type":"ListItem","position":3,"name":"Aluminum Profile"}]},{"@type":"WebSite","@id":"https:\/\/metalpie.com\/#website","url":"https:\/\/metalpie.com\/","name":"METALPIE","description":"Fabricaci\u00f3n de metales de precisi\u00f3n | Herramientas, procesos y m\u00e1s","potentialAction":[{"@type":"SearchAction","target":{"@type":"EntryPoint","urlTemplate":"https:\/\/metalpie.com\/?s={search_term_string}"},"query-input":"required name=search_term_string"}],"inLanguage":"es"}]}},"_links":{"self":[{"href":"https:\/\/metalpie.com\/es\/wp-json\/wp\/v2\/product\/2701","targetHints":{"allow":["GET"]}}],"collection":[{"href":"https:\/\/metalpie.com\/es\/wp-json\/wp\/v2\/product"}],"about":[{"href":"https:\/\/metalpie.com\/es\/wp-json\/wp\/v2\/types\/product"}],"replies":[{"embeddable":true,"href":"https:\/\/metalpie.com\/es\/wp-json\/wp\/v2\/comments?post=2701"}],"wp:featuredmedia":[{"embeddable":true,"href":"https:\/\/metalpie.com\/es\/wp-json\/wp\/v2\/media\/2577"}],"wp:attachment":[{"href":"https:\/\/metalpie.com\/es\/wp-json\/wp\/v2\/media?parent=2701"}],"wp:term":[{"taxonomy":"product_cat","embeddable":true,"href":"https:\/\/metalpie.com\/es\/wp-json\/wp\/v2\/product_cat?post=2701"}],"curies":[{"name":"wp","href":"https:\/\/api.w.org\/{rel}","templated":true}]}}