{"id":2692,"date":"2022-10-09T09:00:48","date_gmt":"2022-10-09T01:00:48","guid":{"rendered":"https:\/\/metalpie.com\/?post_type=product&#038;p=2692"},"modified":"2023-08-23T14:15:46","modified_gmt":"2023-08-23T06:15:46","slug":"encofrado-de-aluminio-2","status":"publish","type":"product","link":"https:\/\/metalpie.com\/es\/encofrado-de-aluminio\/encofrado-de-aluminio-2\/","title":{"rendered":"Encofrado de aluminio"},"content":{"rendered":"<section class=\"section\" id=\"section_923202631\">\n\t\t<div class=\"bg section-bg fill bg-fill  bg-loaded\" >\n\n\t\t\t\n\t\t\t\n\t\t\t\n\n\t\t<\/div>\n\n\t\t\n\n\t\t<div class=\"section-content relative\">\n\t\t\t\n<div class=\"row\"  id=\"row-1875027926\">\n\n\t<div id=\"col-640814563\" class=\"col small-12 large-12\"  >\n\t\t\t\t<div class=\"col-inner\"  >\n\t\t\t\n\t\t\t\n<h2><strong>Encofrados de aluminio para hormig\u00f3n<\/strong><\/h2>\n<p>Cada vez m\u00e1s pa\u00edses desarrollados utilizan encofrados de aluminio para la construcci\u00f3n en todo el mundo. Es superior en t\u00e9rminos de material y efectos de construcci\u00f3n. Tambi\u00e9n es mejor en cuanto a presupuesto de costes, vida \u00fatil y protecci\u00f3n del medio ambiente. El encofrado de aluminio reduce el coste del proyecto, mejora la calidad de la ingenier\u00eda, acelera la construcci\u00f3n y evita errores humanos en el proceso. Por lo tanto, proporciona un entorno de trabajo seguro y civilizado para los trabajadores de la construcci\u00f3n.<\/p>\n<div class=\"row\"  id=\"row-989554653\">\n\n\t<div id=\"col-997590672\" class=\"col medium-6 small-12 large-6\"  >\n\t\t\t\t<div class=\"col-inner\"  >\n\t\t\t\n\t\t\t\n\t<div class=\"img has-hover x md-x lg-x y md-y lg-y\" id=\"image_2118595043\">\n\t\t\t\t\t\t\t\t<div class=\"img-inner dark\" >\n\t\t\t<img loading=\"lazy\" decoding=\"async\" width=\"554\" height=\"341\" src=\"https:\/\/metalpie.com\/wp-content\/uploads\/2022\/10\/ALUMINIUM_FORMA_WORK_PLATE_004image.webp\" class=\"attachment-original size-original\" alt=\"\" srcset=\"https:\/\/metalpie.com\/wp-content\/uploads\/2022\/10\/ALUMINIUM_FORMA_WORK_PLATE_004image.webp 554w, https:\/\/metalpie.com\/wp-content\/uploads\/2022\/10\/ALUMINIUM_FORMA_WORK_PLATE_004image-300x185.webp 300w\" sizes=\"auto, (max-width: 554px) 100vw, 554px\" \/>\t\t\t\t\t\t\n\t\t\t\t\t<\/div>\n\t\t\t\t\t\t\t\t\n<style>\n#image_2118595043 {\n  width: 100%;\n}\n<\/style>\n\t<\/div>\n\t\n\t\t<\/div>\n\t\t\t\t\t<\/div>\n\n\t\n\n\t<div id=\"col-129234353\" class=\"col medium-6 small-12 large-6\"  >\n\t\t\t\t<div class=\"col-inner\"  >\n\t\t\t\n\t\t\t\n\t\t<\/div>\n\t\t\t\t\t<\/div>\n\n\t\n<\/div>\n\t\t<\/div>\n\t\t\t\t\t<\/div>\n\n\t\n<\/div>\n<div class=\"row\"  id=\"row-1000963686\">\n\n\t<div id=\"col-1189464246\" class=\"col small-12 large-12\"  >\n\t\t\t\t<div class=\"col-inner\"  >\n\t\t\t\n\t\t\t\n<p>La plantilla de aluminio tiene las caracter\u00edsticas de ligereza y flexibilidad. Tiene una gran rigidez, una larga vida \u00fatil y una gran superficie de placa. Otras de sus cualidades son el bajo n\u00famero de hendiduras, la alta precisi\u00f3n y la superficie lisa. Depende poco de la maquinaria para su construcci\u00f3n. Facilita bajos costes de mano de obra y materiales. La plantilla de aleaci\u00f3n de aluminio tiene una amplia gama de aplicaciones, bajo coste de mantenimiento, alta eficiencia de construcci\u00f3n y alto valor de recuperaci\u00f3n.<\/p>\n<div class=\"row\"  id=\"row-72983811\">\n\n\t<div id=\"col-1955668060\" class=\"col medium-6 small-12 large-6\"  >\n\t\t\t\t<div class=\"col-inner\"  >\n\t\t\t\n\t\t\t\n\t<div class=\"img has-hover x md-x lg-x y md-y lg-y\" id=\"image_2026707530\">\n\t\t\t\t\t\t\t\t<div class=\"img-inner dark\" >\n\t\t\t<img loading=\"lazy\" decoding=\"async\" width=\"553\" height=\"369\" src=\"https:\/\/metalpie.com\/wp-content\/uploads\/2022\/10\/ALUMINIUM_FORMA_WORK_PLATE_005image.webp\" class=\"attachment-original size-original\" alt=\"\" srcset=\"https:\/\/metalpie.com\/wp-content\/uploads\/2022\/10\/ALUMINIUM_FORMA_WORK_PLATE_005image.webp 553w, https:\/\/metalpie.com\/wp-content\/uploads\/2022\/10\/ALUMINIUM_FORMA_WORK_PLATE_005image-300x200.webp 300w\" sizes=\"auto, (max-width: 553px) 100vw, 553px\" \/>\t\t\t\t\t\t\n\t\t\t\t\t<\/div>\n\t\t\t\t\t\t\t\t\n<style>\n#image_2026707530 {\n  width: 100%;\n}\n<\/style>\n\t<\/div>\n\t\n\t\t<\/div>\n\t\t\t\t\t<\/div>\n\n\t\n\n\t<div id=\"col-1523337667\" class=\"col medium-6 small-12 large-6\"  >\n\t\t\t\t<div class=\"col-inner\"  >\n\t\t\t\n\t\t\t\n\t\t<\/div>\n\t\t\t\t\t<\/div>\n\n\t\n<\/div>\n\t\t<\/div>\n\t\t\t\t\t<\/div>\n\n\t\n<\/div>\n<div class=\"row\"  id=\"row-1426003305\">\n\n\t<div id=\"col-593603509\" class=\"col small-12 large-12\"  >\n\t\t\t\t<div class=\"col-inner\"  >\n\t\t\t\n\t\t\t\n<p>El producto puede dise\u00f1arse y procesarse de acuerdo con los planos de dise\u00f1o de los proyectos de construcci\u00f3n realizados por los clientes. La barra de tensi\u00f3n puede ajustar la distancia entre las placas. Los orificios del borde de la plantilla se distribuyen seg\u00fan un espaciado espec\u00edfico. Las conexiones son principalmente insertos cil\u00edndricos e insertos en forma de cu\u00f1a. Una diagonal o escuadra detr\u00e1s de cualquier plantilla proporciona apoyo al respaldo para mayor facilidad y practicidad.<\/p>\n<div class=\"row\"  id=\"row-370435140\">\n\n\t<div id=\"col-2135734955\" class=\"col medium-6 small-12 large-6\"  >\n\t\t\t\t<div class=\"col-inner\"  >\n\t\t\t\n\t\t\t\n\t<div class=\"img has-hover x md-x lg-x y md-y lg-y\" id=\"image_1215702153\">\n\t\t\t\t\t\t\t\t<div class=\"img-inner dark\" >\n\t\t\t<img loading=\"lazy\" decoding=\"async\" width=\"554\" height=\"342\" src=\"https:\/\/metalpie.com\/wp-content\/uploads\/2022\/10\/ALUMINIUM_FORMA_WORK_PLATE_006image.webp\" class=\"attachment-original size-original\" alt=\"\" srcset=\"https:\/\/metalpie.com\/wp-content\/uploads\/2022\/10\/ALUMINIUM_FORMA_WORK_PLATE_006image.webp 554w, https:\/\/metalpie.com\/wp-content\/uploads\/2022\/10\/ALUMINIUM_FORMA_WORK_PLATE_006image-300x185.webp 300w\" sizes=\"auto, (max-width: 554px) 100vw, 554px\" \/>\t\t\t\t\t\t\n\t\t\t\t\t<\/div>\n\t\t\t\t\t\t\t\t\n<style>\n#image_1215702153 {\n  width: 100%;\n}\n<\/style>\n\t<\/div>\n\t\n\t\t<\/div>\n\t\t\t\t\t<\/div>\n\n\t\n\n\t<div id=\"col-391054612\" class=\"col medium-6 small-12 large-6\"  >\n\t\t\t\t<div class=\"col-inner\"  >\n\t\t\t\n\t\t\t\n\t\t<\/div>\n\t\t\t\t\t<\/div>\n\n\t\n<\/div>\n\t\t<\/div>\n\t\t\t\t\t<\/div>\n\n\t\n<\/div>\n<div class=\"row\"  id=\"row-699223272\">\n\n\t<div id=\"col-1247331040\" class=\"col small-12 large-12\"  >\n\t\t\t\t<div class=\"col-inner\"  >\n\t\t\t\n\t\t\t\n<h3>\u00a0\u00bfQu\u00e9 puede hacer el encofrado de aluminio?<\/h3>\n<p>El encofrado de aleaci\u00f3n de aluminio para la construcci\u00f3n es adecuado para el uso de plantillas. Pueden ser encofrados de muros, pisos horizontales, columnas, vigas, orugas y puentes. Se fabrica en plantilla peque\u00f1a, mediana o grande. El peso del producto es ligero, puede ser todo hecho a mano, y tambi\u00e9n puede ser formado despu\u00e9s de la elevaci\u00f3n mec\u00e1nica. La conexi\u00f3n principal es una conexi\u00f3n de pasador de cu\u00f1a. La construcci\u00f3n suele requerir s\u00f3lo una llave inglesa o un peque\u00f1o martillo, lo que resulta c\u00f3modo y r\u00e1pido. Antes de la instalaci\u00f3n, s\u00f3lo es necesario formar al personal de construcci\u00f3n de forma sencilla. No importa c\u00f3mo se utilice el sistema de encofrado de aluminio, los m\u00e9todos y componentes b\u00e1sicos son los mismos, y los constructores pueden utilizarlos con destreza. Como resultado, la precisi\u00f3n de la plantilla es alta. Tambi\u00e9n ahorra en yeso secundario y en costes de mano de obra y confiere al edificio un mayor factor de seguridad de calidad.<\/p>\n<p>La plantilla de construcci\u00f3n de aleaci\u00f3n de aluminio tiene un mayor valor de recuperaci\u00f3n y un menor reparto de costes. Con m\u00e1s de diez a\u00f1os de historia en pa\u00edses y regiones avanzados, hoy en d\u00eda es cada vez m\u00e1s popular. Debido a sus claras ventajas, tambi\u00e9n es una energ\u00eda renovable. Se adhiere a \"cuatro secciones y una protecci\u00f3n del medio ambiente,\"; la direcci\u00f3n de desarrollo futuro.<\/p>\n<div class=\"row\"  id=\"row-218597995\">\n\n\t<div id=\"col-1174014549\" class=\"col medium-6 small-12 large-6\"  >\n\t\t\t\t<div class=\"col-inner\"  >\n\t\t\t\n\t\t\t\n\t<div class=\"img has-hover x md-x lg-x y md-y lg-y\" id=\"image_1182725987\">\n\t\t\t\t\t\t\t\t<div class=\"img-inner dark\" >\n\t\t\t<img loading=\"lazy\" decoding=\"async\" width=\"553\" height=\"337\" src=\"https:\/\/metalpie.com\/wp-content\/uploads\/2022\/10\/ALUMINIUM_FORMA_WORK_PLATE_007image.webp\" class=\"attachment-original size-original\" alt=\"\" srcset=\"https:\/\/metalpie.com\/wp-content\/uploads\/2022\/10\/ALUMINIUM_FORMA_WORK_PLATE_007image.webp 553w, https:\/\/metalpie.com\/wp-content\/uploads\/2022\/10\/ALUMINIUM_FORMA_WORK_PLATE_007image-300x183.webp 300w\" sizes=\"auto, (max-width: 553px) 100vw, 553px\" \/>\t\t\t\t\t\t\n\t\t\t\t\t<\/div>\n\t\t\t\t\t\t\t\t\n<style>\n#image_1182725987 {\n  width: 100%;\n}\n<\/style>\n\t<\/div>\n\t\n\t\t<\/div>\n\t\t\t\t\t<\/div>\n\n\t\n\n\t<div id=\"col-1431503888\" class=\"col medium-6 small-12 large-6\"  >\n\t\t\t\t<div class=\"col-inner\"  >\n\t\t\t\n\t\t\t\n\t\t<\/div>\n\t\t\t\t\t<\/div>\n\n\t\n<\/div>\n\t\t<\/div>\n\t\t\t\t\t<\/div>\n\n\t\n<\/div>\n<div class=\"row\"  id=\"row-1584692685\">\n\n\t<div id=\"col-2068264146\" class=\"col small-12 large-12\"  >\n\t\t\t\t<div class=\"col-inner\"  >\n\t\t\t\n\t\t\t\n<h2>Las 10 principales ventajas de los encofrados de aluminio para hormig\u00f3n<\/h2>\n<div><\/div>\n<h3>1 Bajo coste:<\/h3>\n<div><\/div>\n<div>El sistema de encofrado de aluminio incorpora material de extrusi\u00f3n de aleaci\u00f3n de aluminio, tambi\u00e9n conocido como 6061-T6, que es un componente muy duradero y puede utilizarse repetidamente m\u00e1s de 300 veces a un precio muy econ\u00f3mico. Esto es debido a que requiere menos mantenimiento y habilidades para utilizar y debido a su naturaleza ligera, puede ser f\u00e1cilmente levantado y transportado sin la intervenci\u00f3n de maquinaria pesada.<\/div>\n<div><\/div>\n<h3>2 Seguro y eficaz:<\/h3>\n<div><\/div>\n<div>Su ligereza y robustez proporcionan un armaz\u00f3n resistente para edificios y pisos de gran altura y tambi\u00e9n ofrecen una obra segura para los trabajadores. Adem\u00e1s, es f\u00e1cil de limpiar y reparar, a diferencia de otros materiales de encofrado, como el acero, la madera contrachapada y el pl\u00e1stico, que son corrosivos y no reciclables.<\/div>\n<div><\/div>\n<h3>3 Instalaci\u00f3n r\u00e1pida:<\/h3>\n<div><\/div>\n<div>El encofrado de aleaci\u00f3n es un sistema de montaje y desmontaje r\u00e1pido que reduce el periodo de construcci\u00f3n y ahorra costes administrativos. Con un peso aproximado de 23-24 kg\/m2, el encofrado puede montarse manualmente sin necesidad de m\u00e1quinas. Un instalador cualificado puede instalar de 20 a 30 metros cuadrados al d\u00eda con una supervisi\u00f3n m\u00ednima.<\/div>\n<div><\/div>\n<h3>4 Amplia aplicaci\u00f3n y flexibilidad:<\/h3>\n<div><\/div>\n<div>El encofrado de aluminio puede desplegarse en una amplia gama de aplicaciones, como muros, forjados horizontales, pilares, vigas, escaleras, alf\u00e9izares, solapas, etc., y ofrece soporte estructural para vigas anulares, pilares estructurales y antibaches. Adem\u00e1s, la plantilla de aluminio viene en diferentes tama\u00f1os y dimensiones est\u00e1ndar y puede adaptarse seg\u00fan los requisitos del proyecto.<\/div>\n<div><\/div>\n<h3>5 Ecol\u00f3gico:<\/h3>\n<div><\/div>\n<div>El despliegue y la instalaci\u00f3n de los encofrados de aleaci\u00f3n de aluminio apenas dejan residuos en la obra. El encofrado puede desmontarse y retirarse f\u00e1cilmente una vez finalizado el proyecto, manteniendo as\u00ed un entorno de construcci\u00f3n seguro, limpio y ordenado. Adem\u00e1s, todos los materiales del sistema de encofrado de aluminio se adhieren a la conservaci\u00f3n de la energ\u00eda, la protecci\u00f3n del medio ambiente y las normas de baja emisi\u00f3n de carbono.<\/div>\n<div><\/div>\n<h3>6 Durabilidad fiable:<\/h3>\n<div><\/div>\n<div>El encofrado se compone de una placa de aleaci\u00f3n de aluminio que proporciona una gran estabilidad y una capacidad de carga explosiva de hasta 60 kg por metro cuadrado. El encofrado puede soportar mucha presi\u00f3n y el peso de maquinaria pesada, lo que facilita a\u00fan m\u00e1s el proceso de construcci\u00f3n.<\/div>\n<div><\/div>\n<h3>7 C\u00f3modo sistema de apoyo:<\/h3>\n<div><\/div>\n<div>A diferencia de los m\u00e9todos de construcci\u00f3n tradicionales, que implican un entramado completo con costes m\u00e1s elevados, las barras de soporte de la plantilla de aluminio son relativamente menos costosas (la separaci\u00f3n entre cada soporte independiente es de aproximadamente 1.350 mm), por lo que proporcionan un mayor espacio de trabajo, acceso al personal y manipulaci\u00f3n de materiales para facilitar la gesti\u00f3n de la obra.<\/div>\n<div><\/div>\n<h3>8 Mayor superficie de moqueta<\/h3>\n<div><\/div>\n<div>El sistema de encofrado se compone de finos muros de cizallamiento que ocupan menos espacio y ofrecen una mayor superficie para el flujo fluido de las actividades de construcci\u00f3n. Como resultado, se puede desplegar una cantidad significativa de maquinaria y mano de obra en un momento dado para acelerar los proyectos de construcci\u00f3n.<\/div>\n<div><\/div>\n<h3>9 Alto valor de salvamento:<\/h3>\n<div><\/div>\n<div>El encofrado de aluminio tiene un alto valor de recuperaci\u00f3n. Es decir, el material se desguaza en forma de residuos que son 100% reciclables y pueden reutilizarse en m\u00faltiples proyectos de construcci\u00f3n.<\/div>\n<div><\/div>\n<div><\/div>\n<h3>10 Buenos efectos superficiales:<\/h3>\n<div><\/div>\n<div>El encofrado de aleaci\u00f3n de aluminio es f\u00e1cil de retirar y, una vez retirado, no repercute negativamente en la calidad de la superficie de hormig\u00f3n. La superficie permanece lisa y ordenada y, por tanto, se elimina la necesidad de invertir en enlucidos interiores y exteriores.<\/div>\n<div class=\"row\"  id=\"row-2125445472\">\n\n\t<div id=\"col-899658024\" class=\"col medium-6 small-12 large-6\"  >\n\t\t\t\t<div class=\"col-inner\"  >\n\t\t\t\n\t\t\t\n\t<div class=\"img has-hover x md-x lg-x y md-y lg-y\" id=\"image_1031784683\">\n\t\t\t\t\t\t\t\t<div class=\"img-inner dark\" >\n\t\t\t<img loading=\"lazy\" decoding=\"async\" width=\"553\" height=\"369\" src=\"https:\/\/metalpie.com\/wp-content\/uploads\/2022\/10\/ALUMINIUM_FORMA_WORK_PLATE_008image.webp\" class=\"attachment-original size-original\" alt=\"\" srcset=\"https:\/\/metalpie.com\/wp-content\/uploads\/2022\/10\/ALUMINIUM_FORMA_WORK_PLATE_008image.webp 553w, https:\/\/metalpie.com\/wp-content\/uploads\/2022\/10\/ALUMINIUM_FORMA_WORK_PLATE_008image-300x200.webp 300w\" sizes=\"auto, (max-width: 553px) 100vw, 553px\" \/>\t\t\t\t\t\t\n\t\t\t\t\t<\/div>\n\t\t\t\t\t\t\t\t\n<style>\n#image_1031784683 {\n  width: 100%;\n}\n<\/style>\n\t<\/div>\n\t\n\t\t<\/div>\n\t\t\t\t\t<\/div>\n\n\t\n\n\t<div id=\"col-1565284691\" class=\"col medium-6 small-12 large-6\"  >\n\t\t\t\t<div class=\"col-inner\"  >\n\t\t\t\n\t\t\t\n\t\t<\/div>\n\t\t\t\t\t<\/div>\n\n\t\n<\/div>\n\t\t<\/div>\n\t\t\t\t\t<\/div>\n\n\t\n<\/div>\n<div class=\"row\"  id=\"row-1251573816\">\n\n\t<div id=\"col-1742231614\" class=\"col small-12 large-12\"  >\n\t\t\t\t<div class=\"col-inner\"  >\n\t\t\t\n\t\t\t\n<h2>Shandong Huajian Aluminum crea un nuevo modelo de encofrado para la construcci\u00f3n.<\/h2>\n<p>Shandong Hualv Formwork Co., Ltd. se encuentra en el condado de Linqu, provincia de Shandong Parque Industrial de alta tecnolog\u00eda de Longshan. Es una empresa integral con una superficie de m\u00e1s de 200 mu y un \u00e1rea de m\u00e1s de 170.000 metros cuadrados. Tiene una capacidad de encofrado de aleaci\u00f3n de aluminio y encofrado de aleaci\u00f3n de aluminio. Su capacidad de producci\u00f3n es de 200.000 metros cuadrados al a\u00f1o. Cuenta con:<\/p>\n<ul>\n<li>l\u00ednea de producci\u00f3n avanzada de plantillas de aleaci\u00f3n de aluminio 5.<\/li>\n<li>sierra electr\u00f3nica de alimentaci\u00f3n autom\u00e1tica regulable 8.<\/li>\n<li>sierra de regla de control num\u00e9rico 8,<\/li>\n<li>sierra de control num\u00e9rico de \u00e1ngulo arbitrario 4,<\/li>\n<li>Robot de soldadura de doble posici\u00f3n Kuka.<\/li>\n<li>estricto sistema de gesti\u00f3n de la producci\u00f3n<\/li>\n<li>proceso cient\u00edfico y tecnolog\u00eda de procesamiento avanzada.<\/li>\n<\/ul>\n<p>Cuenta con un centro de desarrollo de productos, dise\u00f1o e inspecci\u00f3n de calidad. Huajian sigue el estricto control de calidad de los productos y la aplicaci\u00f3n del m\u00e9todo de gesti\u00f3n 6S para los usuarios. Esto garantiza la construcci\u00f3n de productos de primera clase y servicios de alta calidad.<\/p>\n\t\t<\/div>\n\t\t\t\t\t<\/div>\n\n\t\n<\/div>\n\t\t<\/div>\n\n\t\t\n<style>\n#section_923202631 {\n  padding-top: 30px;\n  padding-bottom: 30px;\n}\n<\/style>\n\t<\/section>","protected":false},"excerpt":{"rendered":"<p>Cada vez m\u00e1s pa\u00edses desarrollados utilizan encofrados de aluminio para la construcci\u00f3n en todo el mundo. El encofrado de aluminio es superior en t\u00e9rminos de material y efectos de construcci\u00f3n. Tambi\u00e9n es mejor en cuanto a presupuesto de costes, vida \u00fatil y protecci\u00f3n del medio ambiente. El encofrado de aluminio reduce el coste del proyecto, mejora la calidad de la ingenier\u00eda, acelera la construcci\u00f3n y evita errores humanos en el proceso. Por lo tanto, proporciona un entorno de trabajo seguro y civilizado para los trabajadores de la construcci\u00f3n.<\/p>","protected":false},"featured_media":2693,"comment_status":"closed","ping_status":"closed","template":"","meta":[],"product_cat":[97],"class_list":["post-2692","product","type-product","status-publish","has-post-thumbnail","hentry","product_cat-aluminum-formwork"],"yoast_head":"<!-- This site is optimized with the Yoast SEO plugin v21.5 - https:\/\/yoast.com\/wordpress\/plugins\/seo\/ -->\n<title>Aluminum Formwork Suppliers | Aluminum Concrete Forms<\/title>\n<meta name=\"description\" content=\"Aluminum formwork is a popular construction material. Huajian delivers high-quality aluminum concrete forms for our customers.\" \/>\n<meta name=\"robots\" content=\"index, follow, max-snippet:-1, max-image-preview:large, max-video-preview:-1\" \/>\n<link rel=\"canonical\" href=\"https:\/\/metalpie.com\/es\/encofrado-de-aluminio\/encofrado-de-aluminio-2\/\" \/>\n<meta property=\"og:locale\" content=\"es_ES\" \/>\n<meta property=\"og:type\" content=\"article\" \/>\n<meta property=\"og:title\" content=\"Aluminum Formwork Suppliers | Aluminum Concrete Forms\" \/>\n<meta property=\"og:description\" content=\"Aluminum formwork is a popular construction material. Huajian delivers high-quality aluminum concrete forms for our customers.\" \/>\n<meta property=\"og:url\" content=\"https:\/\/metalpie.com\/es\/encofrado-de-aluminio\/encofrado-de-aluminio-2\/\" \/>\n<meta property=\"og:site_name\" content=\"METALPIE\" \/>\n<meta property=\"article:modified_time\" content=\"2023-08-23T06:15:46+00:00\" \/>\n<meta property=\"og:image\" content=\"https:\/\/metalpie.com\/wp-content\/uploads\/2022\/10\/ALUMINIUM_FORMA_WORK_PLATE_001image.webp\" \/>\n\t<meta property=\"og:image:width\" content=\"800\" \/>\n\t<meta property=\"og:image:height\" content=\"800\" \/>\n\t<meta property=\"og:image:type\" content=\"image\/webp\" \/>\n<meta name=\"twitter:card\" content=\"summary_large_image\" \/>\n<meta name=\"twitter:label1\" content=\"Tiempo de lectura\" \/>\n\t<meta name=\"twitter:data1\" content=\"6 minutos\" \/>\n<script type=\"application\/ld+json\" class=\"yoast-schema-graph\">{\"@context\":\"https:\/\/schema.org\",\"@graph\":[{\"@type\":\"WebPage\",\"@id\":\"https:\/\/metalpie.com\/pt\/formas-de-aluminio\/formas-de-aluminio-2\/\",\"url\":\"https:\/\/metalpie.com\/pt\/formas-de-aluminio\/formas-de-aluminio-2\/\",\"name\":\"Aluminum Formwork Suppliers | Aluminum Concrete Forms\",\"isPartOf\":{\"@id\":\"https:\/\/metalpie.com\/#website\"},\"datePublished\":\"2022-10-09T01:00:48+00:00\",\"dateModified\":\"2023-08-23T06:15:46+00:00\",\"description\":\"Aluminum formwork is a popular construction material. Huajian delivers high-quality aluminum concrete forms for our customers.\",\"breadcrumb\":{\"@id\":\"https:\/\/metalpie.com\/pt\/formas-de-aluminio\/formas-de-aluminio-2\/#breadcrumb\"},\"inLanguage\":\"es\",\"potentialAction\":[{\"@type\":\"ReadAction\",\"target\":[\"https:\/\/metalpie.com\/pt\/formas-de-aluminio\/formas-de-aluminio-2\/\"]}]},{\"@type\":\"BreadcrumbList\",\"@id\":\"https:\/\/metalpie.com\/pt\/formas-de-aluminio\/formas-de-aluminio-2\/#breadcrumb\",\"itemListElement\":[{\"@type\":\"ListItem\",\"position\":1,\"name\":\"Home\",\"item\":\"https:\/\/metalpie.com\/\"},{\"@type\":\"ListItem\",\"position\":2,\"name\":\"Products\",\"item\":\"https:\/\/metalpie.com\/shop\/\"},{\"@type\":\"ListItem\",\"position\":3,\"name\":\"Aluminium Formwork\"}]},{\"@type\":\"WebSite\",\"@id\":\"https:\/\/metalpie.com\/#website\",\"url\":\"https:\/\/metalpie.com\/\",\"name\":\"METALPIE\",\"description\":\"Precision Metal Fabrication | Tools, Processes &amp; More\",\"potentialAction\":[{\"@type\":\"SearchAction\",\"target\":{\"@type\":\"EntryPoint\",\"urlTemplate\":\"https:\/\/metalpie.com\/?s={search_term_string}\"},\"query-input\":\"required name=search_term_string\"}],\"inLanguage\":\"es\"}]}<\/script>\n<!-- \/ Yoast SEO plugin. -->","yoast_head_json":{"title":"Proveedores de encofrados de aluminio | Encofrados de aluminio para hormig\u00f3n","description":"El encofrado de aluminio es un material de construcci\u00f3n popular. Huajian ofrece encofrados de aluminio para concreto de alta calidad para nuestros clientes.","robots":{"index":"index","follow":"follow","max-snippet":"max-snippet:-1","max-image-preview":"max-image-preview:large","max-video-preview":"max-video-preview:-1"},"canonical":"https:\/\/metalpie.com\/es\/encofrado-de-aluminio\/encofrado-de-aluminio-2\/","og_locale":"es_ES","og_type":"article","og_title":"Aluminum Formwork Suppliers | Aluminum Concrete Forms","og_description":"Aluminum formwork is a popular construction material. Huajian delivers high-quality aluminum concrete forms for our customers.","og_url":"https:\/\/metalpie.com\/es\/encofrado-de-aluminio\/encofrado-de-aluminio-2\/","og_site_name":"METALPIE","article_modified_time":"2023-08-23T06:15:46+00:00","og_image":[{"width":800,"height":800,"url":"https:\/\/metalpie.com\/wp-content\/uploads\/2022\/10\/ALUMINIUM_FORMA_WORK_PLATE_001image.webp","type":"image\/webp"}],"twitter_card":"summary_large_image","twitter_misc":{"Tiempo de lectura":"6 minutos"},"schema":{"@context":"https:\/\/schema.org","@graph":[{"@type":"WebPage","@id":"https:\/\/metalpie.com\/pt\/formas-de-aluminio\/formas-de-aluminio-2\/","url":"https:\/\/metalpie.com\/pt\/formas-de-aluminio\/formas-de-aluminio-2\/","name":"Proveedores de encofrados de aluminio | Encofrados de aluminio para hormig\u00f3n","isPartOf":{"@id":"https:\/\/metalpie.com\/#website"},"datePublished":"2022-10-09T01:00:48+00:00","dateModified":"2023-08-23T06:15:46+00:00","description":"El encofrado de aluminio es un material de construcci\u00f3n popular. Huajian ofrece encofrados de aluminio para concreto de alta calidad para nuestros clientes.","breadcrumb":{"@id":"https:\/\/metalpie.com\/pt\/formas-de-aluminio\/formas-de-aluminio-2\/#breadcrumb"},"inLanguage":"es","potentialAction":[{"@type":"ReadAction","target":["https:\/\/metalpie.com\/pt\/formas-de-aluminio\/formas-de-aluminio-2\/"]}]},{"@type":"BreadcrumbList","@id":"https:\/\/metalpie.com\/pt\/formas-de-aluminio\/formas-de-aluminio-2\/#breadcrumb","itemListElement":[{"@type":"ListItem","position":1,"name":"Home","item":"https:\/\/metalpie.com\/"},{"@type":"ListItem","position":2,"name":"Products","item":"https:\/\/metalpie.com\/shop\/"},{"@type":"ListItem","position":3,"name":"Aluminium Formwork"}]},{"@type":"WebSite","@id":"https:\/\/metalpie.com\/#website","url":"https:\/\/metalpie.com\/","name":"METALPIE","description":"Fabricaci\u00f3n de metales de precisi\u00f3n | Herramientas, procesos y m\u00e1s","potentialAction":[{"@type":"SearchAction","target":{"@type":"EntryPoint","urlTemplate":"https:\/\/metalpie.com\/?s={search_term_string}"},"query-input":"required name=search_term_string"}],"inLanguage":"es"}]}},"_links":{"self":[{"href":"https:\/\/metalpie.com\/es\/wp-json\/wp\/v2\/product\/2692","targetHints":{"allow":["GET"]}}],"collection":[{"href":"https:\/\/metalpie.com\/es\/wp-json\/wp\/v2\/product"}],"about":[{"href":"https:\/\/metalpie.com\/es\/wp-json\/wp\/v2\/types\/product"}],"replies":[{"embeddable":true,"href":"https:\/\/metalpie.com\/es\/wp-json\/wp\/v2\/comments?post=2692"}],"wp:featuredmedia":[{"embeddable":true,"href":"https:\/\/metalpie.com\/es\/wp-json\/wp\/v2\/media\/2693"}],"wp:attachment":[{"href":"https:\/\/metalpie.com\/es\/wp-json\/wp\/v2\/media?parent=2692"}],"wp:term":[{"taxonomy":"product_cat","embeddable":true,"href":"https:\/\/metalpie.com\/es\/wp-json\/wp\/v2\/product_cat?post=2692"}],"curies":[{"name":"wp","href":"https:\/\/api.w.org\/{rel}","templated":true}]}}