{"id":2651,"date":"2022-10-08T22:04:59","date_gmt":"2022-10-08T14:04:59","guid":{"rendered":"https:\/\/metalpie.com\/?post_type=product&#038;p=2651"},"modified":"2022-10-08T22:11:00","modified_gmt":"2022-10-08T14:11:00","slug":"perfil-de-aluminio-para-automoviles","status":"publish","type":"product","link":"https:\/\/metalpie.com\/es\/vehiculos-de-aluminio\/perfil-de-aluminio-para-automoviles\/","title":{"rendered":"Perfil de aluminio para autom\u00f3viles"},"content":{"rendered":"<section class=\"section\" id=\"section_1577967022\">\n\t\t<div class=\"bg section-bg fill bg-fill  bg-loaded\" >\n\n\t\t\t\n\t\t\t\n\t\t\t\n\n\t\t<\/div>\n\n\t\t\n\n\t\t<div class=\"section-content relative\">\n\t\t\t\n<div class=\"row align-middle\"  id=\"row-381368400\">\n\n\t<div id=\"col-20373322\" class=\"col medium-6 small-12 large-6\"  >\n\t\t\t\t<div class=\"col-inner\"  >\n\t\t\t\n\t\t\t\n\t<div class=\"img has-hover x md-x lg-x y md-y lg-y\" id=\"image_2044295813\">\n\t\t\t\t\t\t\t\t<div class=\"img-inner dark\" >\n\t\t\t<img loading=\"lazy\" decoding=\"async\" width=\"652\" height=\"490\" src=\"https:\/\/metalpie.com\/wp-content\/uploads\/2022\/10\/AUTOMOBILE_ALUMINIUM_PROFILE_004image.webp\" class=\"attachment-original size-original\" alt=\"\" srcset=\"https:\/\/metalpie.com\/wp-content\/uploads\/2022\/10\/AUTOMOBILE_ALUMINIUM_PROFILE_004image.webp 652w, https:\/\/metalpie.com\/wp-content\/uploads\/2022\/10\/AUTOMOBILE_ALUMINIUM_PROFILE_004image-300x225.webp 300w\" sizes=\"auto, (max-width: 652px) 100vw, 652px\" \/>\t\t\t\t\t\t\n\t\t\t\t\t<\/div>\n\t\t\t\t\t\t\t\t\n<style>\n#image_2044295813 {\n  width: 100%;\n}\n<\/style>\n\t<\/div>\n\t\n\t\t<\/div>\n\t\t\t\t\t<\/div>\n\n\t\n\n\t<div id=\"col-441606961\" class=\"col medium-6 small-12 large-6\"  >\n\t\t\t\t<div class=\"col-inner\"  >\n\t\t\t\n\t\t\t\n<p>La investigaci\u00f3n del grupo Huajian Aluminium muestra que alrededor de 75% del consumo de energ\u00eda est\u00e1 relacionado con el peso del autom\u00f3vil, disminuir el peso del coche puede reducir eficazmente el consumo de combustible y las emisiones. Comparado con el acero, el aluminio tiene ventajas obvias. La densidad del aluminio es s\u00f3lo 1\/3 de la del acero. Al mismo tiempo, el aluminio es el segundo material industrial nacional despu\u00e9s del acero. Es muy maduro en la industria de producci\u00f3n y suministro y tiene la capacidad de abastecer a la industria del autom\u00f3vil de forma estable, lo que puede satisfacer los requisitos de la industria del autom\u00f3vil para el sistema de control de calidad.t.<\/p>\n\t\t<\/div>\n\t\t\t\t\t<\/div>\n\n\t\n<\/div>\n<div class=\"row\"  id=\"row-1071432632\">\n\n\t<div id=\"col-1503431765\" class=\"col small-12 large-12\"  >\n\t\t\t\t<div class=\"col-inner\"  >\n\t\t\t\n\t\t\t\n\t<div class=\"img has-hover x md-x lg-x y md-y lg-y\" id=\"image_1336098867\">\n\t\t\t\t\t\t\t\t<div class=\"img-inner dark\" >\n\t\t\t<img loading=\"lazy\" decoding=\"async\" width=\"747\" height=\"484\" src=\"https:\/\/metalpie.com\/wp-content\/uploads\/2022\/10\/AUTOMOBILE_ALUMINIUM_PROFILE_005image.webp\" class=\"attachment-original size-original\" alt=\"\" srcset=\"https:\/\/metalpie.com\/wp-content\/uploads\/2022\/10\/AUTOMOBILE_ALUMINIUM_PROFILE_005image.webp 747w, https:\/\/metalpie.com\/wp-content\/uploads\/2022\/10\/AUTOMOBILE_ALUMINIUM_PROFILE_005image-300x194.webp 300w\" sizes=\"auto, (max-width: 747px) 100vw, 747px\" \/>\t\t\t\t\t\t\n\t\t\t\t\t<\/div>\n\t\t\t\t\t\t\t\t\n<style>\n#image_1336098867 {\n  width: 100%;\n}\n<\/style>\n\t<\/div>\n\t\n<p>Hay tres formas principales de formaci\u00f3n de aleaci\u00f3n de aluminio en aplicaciones de carrocer\u00eda de autom\u00f3viles: estampaci\u00f3n, moldeo por extrusi\u00f3n, moldeo por fundici\u00f3n. Estampaci\u00f3n se basa principalmente en el material de hoja, a trav\u00e9s del dise\u00f1o de moldes, procesamiento y formaci\u00f3n, por lo general requiere varias secuencias para lograr, m\u00e1s adecuado para la producci\u00f3n en masa de piezas, tales como paneles exteriores de la puerta, el pelo cubrir los paneles interiores y exteriores y otras partes; extrusi\u00f3n formando Es principalmente adecuado para la fabricaci\u00f3n de algunas piezas de viga larga. A trav\u00e9s de la secci\u00f3n transversal dise\u00f1ada que es m\u00e1s complicado que el acero, el rendimiento global en t\u00e9rminos de rigidez y colisi\u00f3n, tales como vigas longitudinales, vigas anticolisi\u00f3n delanteras y traseras, etc. Algunas piezas que utilizan acero requieren m\u00faltiples piezas, mientras que utilizando aluminio fundido se puede conseguir con una sola pieza, como los soportes de las torres. La caracter\u00edstica del aluminio es que su m\u00f3dulo el\u00e1stico es 1\/3 del del acero. Seg\u00fan un an\u00e1lisis te\u00f3rico, la rigidez de 1,4 veces el grosor del aluminio puede ser equivalente a la del acero. En teor\u00eda, desde la perspectiva de garantizar la rigidez de la carrocer\u00eda, sustituir el acero por aluminio con 1,4 veces el grosor del acero puede lograr la misma rigidez y reducir el peso en 50%. En los modelos existentes, la placa interior est\u00e1 hecha principalmente de aleaci\u00f3n de aluminio de la serie 5, y la placa exterior est\u00e1 hecha principalmente de aleaci\u00f3n de aluminio de la serie 6 con caracter\u00edsticas de endurecimiento por cocci\u00f3n. El aluminio fundido y el aluminio extruido pueden lograr un mayor rendimiento a trav\u00e9s del dise\u00f1o de secci\u00f3n transversal compleja Promover.<\/p>\n\t\t<\/div>\n\t\t\t\t\t<\/div>\n\n\t\n<\/div>\n<div class=\"row align-middle\"  id=\"row-1116517430\">\n\n\t<div id=\"col-799751051\" class=\"col medium-6 small-12 large-6\"  >\n\t\t\t\t<div class=\"col-inner\"  >\n\t\t\t\n\t\t\t\n\t<div class=\"img has-hover x md-x lg-x y md-y lg-y\" id=\"image_472492871\">\n\t\t\t\t\t\t\t\t<div class=\"img-inner dark\" >\n\t\t\t<img loading=\"lazy\" decoding=\"async\" width=\"641\" height=\"516\" src=\"https:\/\/metalpie.com\/wp-content\/uploads\/2022\/10\/AUTOMOBILE_ALUMINIUM_PROFILE_006image.webp\" class=\"attachment-original size-original\" alt=\"\" srcset=\"https:\/\/metalpie.com\/wp-content\/uploads\/2022\/10\/AUTOMOBILE_ALUMINIUM_PROFILE_006image.webp 641w, https:\/\/metalpie.com\/wp-content\/uploads\/2022\/10\/AUTOMOBILE_ALUMINIUM_PROFILE_006image-300x241.webp 300w\" sizes=\"auto, (max-width: 641px) 100vw, 641px\" \/>\t\t\t\t\t\t\n\t\t\t\t\t<\/div>\n\t\t\t\t\t\t\t\t\n<style>\n#image_472492871 {\n  width: 100%;\n}\n<\/style>\n\t<\/div>\n\t\n\t\t<\/div>\n\t\t\t\t\t<\/div>\n\n\t\n\n\t<div id=\"col-2035234058\" class=\"col medium-6 small-12 large-6\"  >\n\t\t\t\t<div class=\"col-inner\"  >\n\t\t\t\n\t\t\t\n<p>La aleaci\u00f3n de aluminio extruido se utiliza principalmente en algunas piezas de vigas de la carrocer\u00eda de los autom\u00f3viles.<\/p>\n<p>Como los umbrales de las puertas, las vigas longitudinales, los largueros, etc., el aluminio extruido puede obtener mejor rigidez y colisi\u00f3n gracias a una estructura de secci\u00f3n transversal m\u00e1s compleja que la del acero. En los a\u00f1os 90, Jap\u00f3n construy\u00f3 un deportivo NSX con carrocer\u00eda totalmente de aluminio. Los perfiles extruidos representaban 12% del peso total. Con el progreso gradual de la tecnolog\u00eda de procesamiento de curvado tridimensional de alta precisi\u00f3n de los perfiles y la tecnolog\u00eda de control de la estructura y control de la resistencia de las aleaciones de la serie 6, el peso de la aleaci\u00f3n de aluminio extruido utilizada en el INSIGHT de Honda aument\u00f3 a 30%. Sin embargo, con el desarrollo de otras tecnolog\u00edas y el impacto del entorno del mercado, el peso de los perfiles extruidos en la carrocer\u00eda del coche ECB en los \u00faltimos 10 a\u00f1os es de alrededor de 3%, y la gama de piezas utilizadas es relativamente estable.<\/p>\n\t\t<\/div>\n\t\t\t\t\t<\/div>\n\n\t\n<\/div>\n\t<div class=\"img has-hover x md-x lg-x y md-y lg-y\" id=\"image_913443868\">\n\t\t\t\t\t\t\t\t<div class=\"img-inner dark\" >\n\t\t\t<img loading=\"lazy\" decoding=\"async\" width=\"757\" height=\"569\" src=\"https:\/\/metalpie.com\/wp-content\/uploads\/2022\/10\/AUTOMOBILE_ALUMINIUM_PROFILE_007image.webp\" class=\"attachment-original size-original\" alt=\"\" srcset=\"https:\/\/metalpie.com\/wp-content\/uploads\/2022\/10\/AUTOMOBILE_ALUMINIUM_PROFILE_007image.webp 757w, https:\/\/metalpie.com\/wp-content\/uploads\/2022\/10\/AUTOMOBILE_ALUMINIUM_PROFILE_007image-300x225.webp 300w\" sizes=\"auto, (max-width: 757px) 100vw, 757px\" \/>\t\t\t\t\t\t\n\t\t\t\t\t<\/div>\n\t\t\t\t\t\t\t\t\n<style>\n#image_913443868 {\n  width: 100%;\n}\n<\/style>\n\t<\/div>\n\t\n<p>La baja densidad de la aleaci\u00f3n de aluminio la convierte en un material importante para las carrocer\u00edas ligeras.<\/p>\n<p>En cuanto a la sustituci\u00f3n del acero, se puede mejorar el rendimiento de todo el veh\u00edculo gracias a un grosor de aproximadamente 1,5 veces y al dise\u00f1o estructural especial de la fundici\u00f3n; en cuanto a la relaci\u00f3n de peso de la bicicleta, la proporci\u00f3n de aluminio estampado en chapa es la mayor, seguida del aluminio fundido y el aluminio extruido. Sin embargo, en el ensamblaje del panel lateral, que debe absorber la energ\u00eda con eficacia y reducir la cantidad de intrusi\u00f3n, no presenta ventajas en comparaci\u00f3n con el acero conformado en caliente.<\/p>\n<p>Huajian Aluminium Group lleva trabajando en la extrusi\u00f3n de material de aluminio desde el a\u00f1o 2000, y la capacidad de producci\u00f3n de la empresa ha madurado en el suministro de autom\u00f3viles.<\/p>\n\t\t<\/div>\n\n\t\t\n<style>\n#section_1577967022 {\n  padding-top: 30px;\n  padding-bottom: 30px;\n}\n<\/style>\n\t<\/section>","protected":false},"excerpt":{"rendered":"<p>La investigaci\u00f3n del grupo Huajian Aluminium muestra que alrededor de 75% del consumo de energ\u00eda est\u00e1 relacionado con el peso del autom\u00f3vil, disminuir el peso del coche puede reducir eficazmente el consumo de combustible y las emisiones. En comparaci\u00f3n con el acero, el aluminio tiene ventajas evidentes.<\/p>","protected":false},"featured_media":2652,"comment_status":"closed","ping_status":"closed","template":"","meta":[],"product_cat":[98],"class_list":["post-2651","product","type-product","status-publish","has-post-thumbnail","hentry","product_cat-aluminum-vehicles"],"yoast_head":"<!-- This site is optimized with the Yoast SEO plugin v21.5 - https:\/\/yoast.com\/wordpress\/plugins\/seo\/ -->\n<title>Fresh Air Window - METALPIE<\/title>\n<meta name=\"robots\" content=\"index, follow, max-snippet:-1, max-image-preview:large, max-video-preview:-1\" \/>\n<link rel=\"canonical\" href=\"https:\/\/metalpie.com\/es\/vehiculos-de-aluminio\/perfil-de-aluminio-para-automoviles\/\" \/>\n<meta property=\"og:locale\" content=\"es_ES\" \/>\n<meta property=\"og:type\" content=\"article\" \/>\n<meta property=\"og:title\" content=\"Fresh Air Window - METALPIE\" \/>\n<meta property=\"og:description\" content=\"Huajian Aluminium group research shows that about 75% of energy consumption is related to the weight of automobile\uff0cdecrease car\u2018s weight can effectively reduce fuel consumption and emissions. Compared with steel, aluminum has obvious advantages.\" \/>\n<meta property=\"og:url\" content=\"https:\/\/metalpie.com\/es\/vehiculos-de-aluminio\/perfil-de-aluminio-para-automoviles\/\" \/>\n<meta property=\"og:site_name\" content=\"METALPIE\" \/>\n<meta property=\"article:modified_time\" content=\"2022-10-08T14:11:00+00:00\" \/>\n<meta property=\"og:image\" content=\"https:\/\/metalpie.com\/wp-content\/uploads\/2022\/10\/AUTOMOBILE_ALUMINIUM_PROFILE_001image.webp\" \/>\n\t<meta property=\"og:image:width\" content=\"800\" \/>\n\t<meta property=\"og:image:height\" content=\"800\" \/>\n\t<meta property=\"og:image:type\" content=\"image\/webp\" \/>\n<meta name=\"twitter:card\" content=\"summary_large_image\" \/>\n<meta name=\"twitter:label1\" content=\"Tiempo de lectura\" \/>\n\t<meta name=\"twitter:data1\" content=\"4 minutos\" \/>\n<script type=\"application\/ld+json\" class=\"yoast-schema-graph\">{\"@context\":\"https:\/\/schema.org\",\"@graph\":[{\"@type\":\"WebPage\",\"@id\":\"https:\/\/metalpie.com\/ru\/%d0%b0%d0%bb%d1%8e%d0%bc%d0%b8%d0%bd%d0%b8%d0%b5%d0%b2%d1%8b%d0%b5-%d0%b0%d0%b2%d1%82%d0%be%d0%bc%d0%be%d0%b1%d0%b8%d0%bb%d0%b8\/%d0%b0%d0%b2%d1%82%d0%be%d0%bc%d0%be%d0%b1%d0%b8%d0%bb%d1%8c%d0%bd%d1%8b%d0%b9-%d0%b0%d0%bb%d1%8e%d0%bc%d0%b8%d0%bd%d0%b8%d0%b5%d0%b2%d1%8b%d0%b9-%d0%bf%d1%80%d0%be%d1%84%d0%b8%d0%bb%d1%8c\/\",\"url\":\"https:\/\/metalpie.com\/ru\/%d0%b0%d0%bb%d1%8e%d0%bc%d0%b8%d0%bd%d0%b8%d0%b5%d0%b2%d1%8b%d0%b5-%d0%b0%d0%b2%d1%82%d0%be%d0%bc%d0%be%d0%b1%d0%b8%d0%bb%d0%b8\/%d0%b0%d0%b2%d1%82%d0%be%d0%bc%d0%be%d0%b1%d0%b8%d0%bb%d1%8c%d0%bd%d1%8b%d0%b9-%d0%b0%d0%bb%d1%8e%d0%bc%d0%b8%d0%bd%d0%b8%d0%b5%d0%b2%d1%8b%d0%b9-%d0%bf%d1%80%d0%be%d1%84%d0%b8%d0%bb%d1%8c\/\",\"name\":\"Fresh Air Window - METALPIE\",\"isPartOf\":{\"@id\":\"https:\/\/metalpie.com\/#website\"},\"datePublished\":\"2022-10-08T14:04:59+00:00\",\"dateModified\":\"2022-10-08T14:11:00+00:00\",\"breadcrumb\":{\"@id\":\"https:\/\/metalpie.com\/ru\/%d0%b0%d0%bb%d1%8e%d0%bc%d0%b8%d0%bd%d0%b8%d0%b5%d0%b2%d1%8b%d0%b5-%d0%b0%d0%b2%d1%82%d0%be%d0%bc%d0%be%d0%b1%d0%b8%d0%bb%d0%b8\/%d0%b0%d0%b2%d1%82%d0%be%d0%bc%d0%be%d0%b1%d0%b8%d0%bb%d1%8c%d0%bd%d1%8b%d0%b9-%d0%b0%d0%bb%d1%8e%d0%bc%d0%b8%d0%bd%d0%b8%d0%b5%d0%b2%d1%8b%d0%b9-%d0%bf%d1%80%d0%be%d1%84%d0%b8%d0%bb%d1%8c\/#breadcrumb\"},\"inLanguage\":\"es\",\"potentialAction\":[{\"@type\":\"ReadAction\",\"target\":[\"https:\/\/metalpie.com\/ru\/%d0%b0%d0%bb%d1%8e%d0%bc%d0%b8%d0%bd%d0%b8%d0%b5%d0%b2%d1%8b%d0%b5-%d0%b0%d0%b2%d1%82%d0%be%d0%bc%d0%be%d0%b1%d0%b8%d0%bb%d0%b8\/%d0%b0%d0%b2%d1%82%d0%be%d0%bc%d0%be%d0%b1%d0%b8%d0%bb%d1%8c%d0%bd%d1%8b%d0%b9-%d0%b0%d0%bb%d1%8e%d0%bc%d0%b8%d0%bd%d0%b8%d0%b5%d0%b2%d1%8b%d0%b9-%d0%bf%d1%80%d0%be%d1%84%d0%b8%d0%bb%d1%8c\/\"]}]},{\"@type\":\"BreadcrumbList\",\"@id\":\"https:\/\/metalpie.com\/ru\/%d0%b0%d0%bb%d1%8e%d0%bc%d0%b8%d0%bd%d0%b8%d0%b5%d0%b2%d1%8b%d0%b5-%d0%b0%d0%b2%d1%82%d0%be%d0%bc%d0%be%d0%b1%d0%b8%d0%bb%d0%b8\/%d0%b0%d0%b2%d1%82%d0%be%d0%bc%d0%be%d0%b1%d0%b8%d0%bb%d1%8c%d0%bd%d1%8b%d0%b9-%d0%b0%d0%bb%d1%8e%d0%bc%d0%b8%d0%bd%d0%b8%d0%b5%d0%b2%d1%8b%d0%b9-%d0%bf%d1%80%d0%be%d1%84%d0%b8%d0%bb%d1%8c\/#breadcrumb\",\"itemListElement\":[{\"@type\":\"ListItem\",\"position\":1,\"name\":\"Home\",\"item\":\"https:\/\/metalpie.com\/\"},{\"@type\":\"ListItem\",\"position\":2,\"name\":\"Products\",\"item\":\"https:\/\/metalpie.com\/shop\/\"},{\"@type\":\"ListItem\",\"position\":3,\"name\":\"Automobile Aluminium Profile\"}]},{\"@type\":\"WebSite\",\"@id\":\"https:\/\/metalpie.com\/#website\",\"url\":\"https:\/\/metalpie.com\/\",\"name\":\"METALPIE\",\"description\":\"Precision Metal Fabrication | Tools, Processes &amp; More\",\"potentialAction\":[{\"@type\":\"SearchAction\",\"target\":{\"@type\":\"EntryPoint\",\"urlTemplate\":\"https:\/\/metalpie.com\/?s={search_term_string}\"},\"query-input\":\"required name=search_term_string\"}],\"inLanguage\":\"es\"}]}<\/script>\n<!-- \/ Yoast SEO plugin. -->","yoast_head_json":{"title":"Ventana Fresh Air - METALPIE","robots":{"index":"index","follow":"follow","max-snippet":"max-snippet:-1","max-image-preview":"max-image-preview:large","max-video-preview":"max-video-preview:-1"},"canonical":"https:\/\/metalpie.com\/es\/vehiculos-de-aluminio\/perfil-de-aluminio-para-automoviles\/","og_locale":"es_ES","og_type":"article","og_title":"Fresh Air Window - METALPIE","og_description":"Huajian Aluminium group research shows that about 75% of energy consumption is related to the weight of automobile\uff0cdecrease car\u2018s weight can effectively reduce fuel consumption and emissions. Compared with steel, aluminum has obvious advantages.","og_url":"https:\/\/metalpie.com\/es\/vehiculos-de-aluminio\/perfil-de-aluminio-para-automoviles\/","og_site_name":"METALPIE","article_modified_time":"2022-10-08T14:11:00+00:00","og_image":[{"width":800,"height":800,"url":"https:\/\/metalpie.com\/wp-content\/uploads\/2022\/10\/AUTOMOBILE_ALUMINIUM_PROFILE_001image.webp","type":"image\/webp"}],"twitter_card":"summary_large_image","twitter_misc":{"Tiempo de lectura":"4 minutos"},"schema":{"@context":"https:\/\/schema.org","@graph":[{"@type":"WebPage","@id":"https:\/\/metalpie.com\/ru\/%d0%b0%d0%bb%d1%8e%d0%bc%d0%b8%d0%bd%d0%b8%d0%b5%d0%b2%d1%8b%d0%b5-%d0%b0%d0%b2%d1%82%d0%be%d0%bc%d0%be%d0%b1%d0%b8%d0%bb%d0%b8\/%d0%b0%d0%b2%d1%82%d0%be%d0%bc%d0%be%d0%b1%d0%b8%d0%bb%d1%8c%d0%bd%d1%8b%d0%b9-%d0%b0%d0%bb%d1%8e%d0%bc%d0%b8%d0%bd%d0%b8%d0%b5%d0%b2%d1%8b%d0%b9-%d0%bf%d1%80%d0%be%d1%84%d0%b8%d0%bb%d1%8c\/","url":"https:\/\/metalpie.com\/ru\/%d0%b0%d0%bb%d1%8e%d0%bc%d0%b8%d0%bd%d0%b8%d0%b5%d0%b2%d1%8b%d0%b5-%d0%b0%d0%b2%d1%82%d0%be%d0%bc%d0%be%d0%b1%d0%b8%d0%bb%d0%b8\/%d0%b0%d0%b2%d1%82%d0%be%d0%bc%d0%be%d0%b1%d0%b8%d0%bb%d1%8c%d0%bd%d1%8b%d0%b9-%d0%b0%d0%bb%d1%8e%d0%bc%d0%b8%d0%bd%d0%b8%d0%b5%d0%b2%d1%8b%d0%b9-%d0%bf%d1%80%d0%be%d1%84%d0%b8%d0%bb%d1%8c\/","name":"Ventana Fresh Air - METALPIE","isPartOf":{"@id":"https:\/\/metalpie.com\/#website"},"datePublished":"2022-10-08T14:04:59+00:00","dateModified":"2022-10-08T14:11:00+00:00","breadcrumb":{"@id":"https:\/\/metalpie.com\/ru\/%d0%b0%d0%bb%d1%8e%d0%bc%d0%b8%d0%bd%d0%b8%d0%b5%d0%b2%d1%8b%d0%b5-%d0%b0%d0%b2%d1%82%d0%be%d0%bc%d0%be%d0%b1%d0%b8%d0%bb%d0%b8\/%d0%b0%d0%b2%d1%82%d0%be%d0%bc%d0%be%d0%b1%d0%b8%d0%bb%d1%8c%d0%bd%d1%8b%d0%b9-%d0%b0%d0%bb%d1%8e%d0%bc%d0%b8%d0%bd%d0%b8%d0%b5%d0%b2%d1%8b%d0%b9-%d0%bf%d1%80%d0%be%d1%84%d0%b8%d0%bb%d1%8c\/#breadcrumb"},"inLanguage":"es","potentialAction":[{"@type":"ReadAction","target":["https:\/\/metalpie.com\/ru\/%d0%b0%d0%bb%d1%8e%d0%bc%d0%b8%d0%bd%d0%b8%d0%b5%d0%b2%d1%8b%d0%b5-%d0%b0%d0%b2%d1%82%d0%be%d0%bc%d0%be%d0%b1%d0%b8%d0%bb%d0%b8\/%d0%b0%d0%b2%d1%82%d0%be%d0%bc%d0%be%d0%b1%d0%b8%d0%bb%d1%8c%d0%bd%d1%8b%d0%b9-%d0%b0%d0%bb%d1%8e%d0%bc%d0%b8%d0%bd%d0%b8%d0%b5%d0%b2%d1%8b%d0%b9-%d0%bf%d1%80%d0%be%d1%84%d0%b8%d0%bb%d1%8c\/"]}]},{"@type":"BreadcrumbList","@id":"https:\/\/metalpie.com\/ru\/%d0%b0%d0%bb%d1%8e%d0%bc%d0%b8%d0%bd%d0%b8%d0%b5%d0%b2%d1%8b%d0%b5-%d0%b0%d0%b2%d1%82%d0%be%d0%bc%d0%be%d0%b1%d0%b8%d0%bb%d0%b8\/%d0%b0%d0%b2%d1%82%d0%be%d0%bc%d0%be%d0%b1%d0%b8%d0%bb%d1%8c%d0%bd%d1%8b%d0%b9-%d0%b0%d0%bb%d1%8e%d0%bc%d0%b8%d0%bd%d0%b8%d0%b5%d0%b2%d1%8b%d0%b9-%d0%bf%d1%80%d0%be%d1%84%d0%b8%d0%bb%d1%8c\/#breadcrumb","itemListElement":[{"@type":"ListItem","position":1,"name":"Home","item":"https:\/\/metalpie.com\/"},{"@type":"ListItem","position":2,"name":"Products","item":"https:\/\/metalpie.com\/shop\/"},{"@type":"ListItem","position":3,"name":"Automobile Aluminium Profile"}]},{"@type":"WebSite","@id":"https:\/\/metalpie.com\/#website","url":"https:\/\/metalpie.com\/","name":"METALPIE","description":"Fabricaci\u00f3n de metales de precisi\u00f3n | Herramientas, procesos y m\u00e1s","potentialAction":[{"@type":"SearchAction","target":{"@type":"EntryPoint","urlTemplate":"https:\/\/metalpie.com\/?s={search_term_string}"},"query-input":"required name=search_term_string"}],"inLanguage":"es"}]}},"_links":{"self":[{"href":"https:\/\/metalpie.com\/es\/wp-json\/wp\/v2\/product\/2651","targetHints":{"allow":["GET"]}}],"collection":[{"href":"https:\/\/metalpie.com\/es\/wp-json\/wp\/v2\/product"}],"about":[{"href":"https:\/\/metalpie.com\/es\/wp-json\/wp\/v2\/types\/product"}],"replies":[{"embeddable":true,"href":"https:\/\/metalpie.com\/es\/wp-json\/wp\/v2\/comments?post=2651"}],"wp:featuredmedia":[{"embeddable":true,"href":"https:\/\/metalpie.com\/es\/wp-json\/wp\/v2\/media\/2652"}],"wp:attachment":[{"href":"https:\/\/metalpie.com\/es\/wp-json\/wp\/v2\/media?parent=2651"}],"wp:term":[{"taxonomy":"product_cat","embeddable":true,"href":"https:\/\/metalpie.com\/es\/wp-json\/wp\/v2\/product_cat?post=2651"}],"curies":[{"name":"wp","href":"https:\/\/api.w.org\/{rel}","templated":true}]}}