{"id":1300,"date":"2022-08-19T17:20:50","date_gmt":"2022-08-19T09:20:50","guid":{"rendered":"https:\/\/goodsheet.bbswaimao.com\/?post_type=product&amp;p=1300"},"modified":"2022-08-19T17:20:50","modified_gmt":"2022-08-19T09:20:50","slug":"fabricacion-de-chapa-de-acero-inoxidable-soportes-para-la-maquina-impresora-3d","status":"publish","type":"product","link":"https:\/\/metalpie.com\/es\/impresora-3d-de-metal\/fabricacion-de-chapa-de-acero-inoxidable-soportes-para-la-maquina-impresora-3d\/","title":{"rendered":"Fabricaci\u00f3n de chapa de acero inoxidable soportes para la m\u00e1quina impresora 3D"},"content":{"rendered":"<p><span style=\"font-size: 170%\">\u00a0Especificaci\u00f3n de fabricaci\u00f3n de chapa de soporte<\/span><\/p>\n<div class=\"over-tabs\">\n<table style=\"height: 584px\" width=\"718\" cellspacing=\"0\" cellpadding=\"0\">\n<colgroup>\n<col \/>\n<col \/>\n<col \/><\/colgroup>\n<tbody>\n<tr class=\"firstRow\">\n<td>Material<\/td>\n<td colspan=\"2\">Aluminio, cobre, lat\u00f3n, acero inoxidable<\/td>\n<\/tr>\n<tr>\n<td>Espesor de la placa<\/td>\n<td colspan=\"2\">0,9 mm - 20 mm<\/td>\n<\/tr>\n<tr>\n<td>Proceso<\/td>\n<td colspan=\"2\">Punzonado, corte, estampado, plegado<\/td>\n<\/tr>\n<tr>\n<td>Aplicaci\u00f3n<\/td>\n<td colspan=\"2\">Soportes de chapa, Soportes de pared, Soportes de montaje,<br \/>\nSoportes de TV, soportes de pared para TV, soportes de pared para LCD, etc.<\/td>\n<\/tr>\n<tr>\n<td>Acabado superficial<\/td>\n<td colspan=\"2\">Anodizado, cincado, cromado, pintura en polvo, serigraf\u00eda, etc.<\/td>\n<\/tr>\n<tr>\n<td rowspan=\"6\">Tolerancia<\/td>\n<td>Doblar hacia el orificio o la caracter\u00edstica:<\/td>\n<td>\u00b10,2 mm<\/td>\n<\/tr>\n<tr>\n<td>Conformado y plegado:<\/td>\n<td>\u00b10,4 mm<\/td>\n<\/tr>\n<tr>\n<td>Di\u00e1metro con insertos:<\/td>\n<td>\u00b10,06 mm<\/td>\n<\/tr>\n<tr>\n<td>Dimensiones lineales excluyendo<br \/>\nubicaciones a las curvas:<\/td>\n<td>\u00b10,1 mm<\/td>\n<\/tr>\n<tr>\n<td>Angularidad<\/td>\n<td>\u00b12 grados<\/td>\n<\/tr>\n<tr>\n<td>Rugosidad de la superficie<\/td>\n<td>\u00b13,2 micr\u00f3metros<\/td>\n<\/tr>\n<tr>\n<td>Plazo de entrega<\/td>\n<td colspan=\"2\">7-35 d\u00edas, depende de la cantidad<\/td>\n<\/tr>\n<\/tbody>\n<\/table>\n<p>&nbsp;<\/p>\n<\/div>","protected":false},"excerpt":{"rendered":"<p>La fabricaci\u00f3n de soportes de chapa met\u00e1lica se utiliza ampliamente en aparatos electr\u00f3nicos, comunicaciones, industria del autom\u00f3vil, equipos m\u00e9dicos y otros campos. Las caracter\u00edsticas de soporte de chapa son de peso ligero, de alta resistencia, conductividad el\u00e9ctrica ow costo, buen rendimiento de producci\u00f3n en masa y as\u00ed sucesivamente.<\/p>","protected":false},"featured_media":1304,"comment_status":"open","ping_status":"closed","template":"","meta":[],"product_cat":[111],"class_list":["post-1300","product","type-product","status-publish","has-post-thumbnail","hentry","product_cat-metal-3d-printer"],"yoast_head":"<!-- This site is optimized with the Yoast SEO plugin v21.5 - https:\/\/yoast.com\/wordpress\/plugins\/seo\/ -->\n<title>Sheet Metal Fabrication Stainless Steel Brackets For 3D Printer Machine - METALPIE<\/title>\n<meta name=\"robots\" content=\"index, follow, max-snippet:-1, max-image-preview:large, max-video-preview:-1\" \/>\n<link rel=\"canonical\" href=\"https:\/\/metalpie.com\/es\/impresora-3d-de-metal\/fabricacion-de-chapa-de-acero-inoxidable-soportes-para-la-maquina-impresora-3d\/\" \/>\n<meta property=\"og:locale\" content=\"es_ES\" \/>\n<meta property=\"og:type\" content=\"article\" \/>\n<meta property=\"og:title\" content=\"Sheet Metal Fabrication Stainless Steel Brackets For 3D Printer Machine - METALPIE\" \/>\n<meta property=\"og:description\" content=\"Bracket sheet metal fabrication has widely used in electronic appliances, communication, automobile industry, medical equipment and other fields. The characteristics of sheet metal bracket are light weight, high strength, electrical conductivity ow cost, good mass production performance and so on.\" \/>\n<meta property=\"og:url\" content=\"https:\/\/metalpie.com\/es\/impresora-3d-de-metal\/fabricacion-de-chapa-de-acero-inoxidable-soportes-para-la-maquina-impresora-3d\/\" \/>\n<meta property=\"og:site_name\" content=\"METALPIE\" \/>\n<meta name=\"twitter:card\" content=\"summary_large_image\" \/>\n<script type=\"application\/ld+json\" class=\"yoast-schema-graph\">{\"@context\":\"https:\/\/schema.org\",\"@graph\":[{\"@type\":\"WebPage\",\"@id\":\"https:\/\/metalpie.com\/metal-3d-printer\/sheet-metal-fabrication-stainless-steel-brackets-for-3d-printer-machine\/\",\"url\":\"https:\/\/metalpie.com\/metal-3d-printer\/sheet-metal-fabrication-stainless-steel-brackets-for-3d-printer-machine\/\",\"name\":\"Sheet Metal Fabrication Stainless Steel Brackets For 3D Printer Machine - METALPIE\",\"isPartOf\":{\"@id\":\"https:\/\/metalpie.com\/#website\"},\"datePublished\":\"2022-08-19T09:20:50+00:00\",\"dateModified\":\"2022-08-19T09:20:50+00:00\",\"breadcrumb\":{\"@id\":\"https:\/\/metalpie.com\/metal-3d-printer\/sheet-metal-fabrication-stainless-steel-brackets-for-3d-printer-machine\/#breadcrumb\"},\"inLanguage\":\"es\",\"potentialAction\":[{\"@type\":\"ReadAction\",\"target\":[\"https:\/\/metalpie.com\/metal-3d-printer\/sheet-metal-fabrication-stainless-steel-brackets-for-3d-printer-machine\/\"]}]},{\"@type\":\"BreadcrumbList\",\"@id\":\"https:\/\/metalpie.com\/metal-3d-printer\/sheet-metal-fabrication-stainless-steel-brackets-for-3d-printer-machine\/#breadcrumb\",\"itemListElement\":[{\"@type\":\"ListItem\",\"position\":1,\"name\":\"Home\",\"item\":\"https:\/\/metalpie.com\/\"},{\"@type\":\"ListItem\",\"position\":2,\"name\":\"Products\",\"item\":\"https:\/\/metalpie.com\/shop\/\"},{\"@type\":\"ListItem\",\"position\":3,\"name\":\"Sheet Metal Fabrication Stainless Steel Brackets For 3D Printer Machine\"}]},{\"@type\":\"WebSite\",\"@id\":\"https:\/\/metalpie.com\/#website\",\"url\":\"https:\/\/metalpie.com\/\",\"name\":\"METALPIE\",\"description\":\"Precision Metal Fabrication | Tools, Processes &amp; More\",\"potentialAction\":[{\"@type\":\"SearchAction\",\"target\":{\"@type\":\"EntryPoint\",\"urlTemplate\":\"https:\/\/metalpie.com\/?s={search_term_string}\"},\"query-input\":\"required name=search_term_string\"}],\"inLanguage\":\"es\"}]}<\/script>\n<!-- \/ Yoast SEO plugin. -->","yoast_head_json":{"title":"Fabricaci\u00f3n de chapa de acero inoxidable soportes para la m\u00e1quina impresora 3D - METALPIE","robots":{"index":"index","follow":"follow","max-snippet":"max-snippet:-1","max-image-preview":"max-image-preview:large","max-video-preview":"max-video-preview:-1"},"canonical":"https:\/\/metalpie.com\/es\/impresora-3d-de-metal\/fabricacion-de-chapa-de-acero-inoxidable-soportes-para-la-maquina-impresora-3d\/","og_locale":"es_ES","og_type":"article","og_title":"Sheet Metal Fabrication Stainless Steel Brackets For 3D Printer Machine - METALPIE","og_description":"Bracket sheet metal fabrication has widely used in electronic appliances, communication, automobile industry, medical equipment and other fields. The characteristics of sheet metal bracket are light weight, high strength, electrical conductivity ow cost, good mass production performance and so on.","og_url":"https:\/\/metalpie.com\/es\/impresora-3d-de-metal\/fabricacion-de-chapa-de-acero-inoxidable-soportes-para-la-maquina-impresora-3d\/","og_site_name":"METALPIE","twitter_card":"summary_large_image","schema":{"@context":"https:\/\/schema.org","@graph":[{"@type":"WebPage","@id":"https:\/\/metalpie.com\/metal-3d-printer\/sheet-metal-fabrication-stainless-steel-brackets-for-3d-printer-machine\/","url":"https:\/\/metalpie.com\/metal-3d-printer\/sheet-metal-fabrication-stainless-steel-brackets-for-3d-printer-machine\/","name":"Fabricaci\u00f3n de chapa de acero inoxidable soportes para la m\u00e1quina impresora 3D - METALPIE","isPartOf":{"@id":"https:\/\/metalpie.com\/#website"},"datePublished":"2022-08-19T09:20:50+00:00","dateModified":"2022-08-19T09:20:50+00:00","breadcrumb":{"@id":"https:\/\/metalpie.com\/metal-3d-printer\/sheet-metal-fabrication-stainless-steel-brackets-for-3d-printer-machine\/#breadcrumb"},"inLanguage":"es","potentialAction":[{"@type":"ReadAction","target":["https:\/\/metalpie.com\/metal-3d-printer\/sheet-metal-fabrication-stainless-steel-brackets-for-3d-printer-machine\/"]}]},{"@type":"BreadcrumbList","@id":"https:\/\/metalpie.com\/metal-3d-printer\/sheet-metal-fabrication-stainless-steel-brackets-for-3d-printer-machine\/#breadcrumb","itemListElement":[{"@type":"ListItem","position":1,"name":"Home","item":"https:\/\/metalpie.com\/"},{"@type":"ListItem","position":2,"name":"Products","item":"https:\/\/metalpie.com\/shop\/"},{"@type":"ListItem","position":3,"name":"Sheet Metal Fabrication Stainless Steel Brackets For 3D Printer Machine"}]},{"@type":"WebSite","@id":"https:\/\/metalpie.com\/#website","url":"https:\/\/metalpie.com\/","name":"METALPIE","description":"Fabricaci\u00f3n de metales de precisi\u00f3n | Herramientas, procesos y m\u00e1s","potentialAction":[{"@type":"SearchAction","target":{"@type":"EntryPoint","urlTemplate":"https:\/\/metalpie.com\/?s={search_term_string}"},"query-input":"required name=search_term_string"}],"inLanguage":"es"}]}},"_links":{"self":[{"href":"https:\/\/metalpie.com\/es\/wp-json\/wp\/v2\/product\/1300","targetHints":{"allow":["GET"]}}],"collection":[{"href":"https:\/\/metalpie.com\/es\/wp-json\/wp\/v2\/product"}],"about":[{"href":"https:\/\/metalpie.com\/es\/wp-json\/wp\/v2\/types\/product"}],"replies":[{"embeddable":true,"href":"https:\/\/metalpie.com\/es\/wp-json\/wp\/v2\/comments?post=1300"}],"wp:featuredmedia":[{"embeddable":true,"href":"https:\/\/metalpie.com\/es\/wp-json\/"}],"wp:attachment":[{"href":"https:\/\/metalpie.com\/es\/wp-json\/wp\/v2\/media?parent=1300"}],"wp:term":[{"taxonomy":"product_cat","embeddable":true,"href":"https:\/\/metalpie.com\/es\/wp-json\/wp\/v2\/product_cat?post=1300"}],"curies":[{"name":"wp","href":"https:\/\/api.w.org\/{rel}","templated":true}]}}