{"id":1293,"date":"2022-08-19T16:44:22","date_gmt":"2022-08-19T08:44:22","guid":{"rendered":"https:\/\/goodsheet.bbswaimao.com\/?post_type=product&amp;p=1293"},"modified":"2022-08-19T16:44:22","modified_gmt":"2022-08-19T08:44:22","slug":"piezas-de-repuesto-de-chapa-de-encargo-cascara-de-recubrimiento-en-polvo-gris-para-piezas-de-la-placa-de-la-impresora-3d","status":"publish","type":"product","link":"https:\/\/metalpie.com\/es\/impresora-3d-de-metal\/piezas-de-repuesto-de-chapa-de-encargo-cascara-de-recubrimiento-en-polvo-gris-para-piezas-de-la-placa-de-la-impresora-3d\/","title":{"rendered":"Piezas de repuesto de chapa de metal de encargo Caparaz\u00f3n de recubrimiento en polvo gris para piezas de placa de impresora 3D"},"content":{"rendered":"<h3 class=\"specifications-title\" data-v-a1e7a598=\"\">Especificaciones clave\/ Caracter\u00edsticas especiales:<\/h3>\n<div class=\"tpl_txt_editor\" data-v-a1e7a598=\"\"><b>Materiales\u00a0<\/b><br \/>\nAleaci\u00f3n de aluminio: 5052\/6061\/6063\/7075, etc.<br \/>\nBrass Alloy:3602\/2604\/h59\/h62\/etc<br \/>\nAleaci\u00f3n de acero inoxidable:303\/304\/316\/412\/etc.<br \/>\nAleaci\u00f3n de acero:Acero al carbono\/acero para moldes\/etc.<br \/>\nOtros materiales especiales:Lucite\/Nylon\/Bakelita\/etc.<br \/>\nManipulamos muchos otros tipos de materiales. P\u00f3ngase en contacto con nosotros si el material que necesita no aparece en la lista anterior.<br \/>\n<b>Tratamiento de superficies\u00a0<\/b><br \/>\nEnnegrecimiento, pulido, anodizado, cromado, cincado, niquelado, tintado<br \/>\n<b>Equipos de ensayo\u00a0<\/b><br \/>\nMMC;Microscopio de herramienta;Brazo multiarticulado;Medidor de altura autom\u00e1tico;Medidor de altura manual;Reloj comparador;Plataforma de m\u00e1rmol;Medici\u00f3n de rugosidad<br \/>\n<b>Inspecci\u00f3n<\/b><br \/>\nNuestro microscopio de herramientas Mitutoyo puede medir hasta 300mmX x 175mmY x 220mmZ<br \/>\n<b>Formatos de archivo<\/b><br \/>\nSolid Works, Pro\/Engineer, AutoCAD (DXF, DWG), PDF, TIF, etc.<br \/>\n<b>Embalaje\u00a0<\/b><br \/>\n1.Embalaje industrial tubo de pl\u00e1stico+cart\u00f3n+estuche de madera<br \/>\n2.Embalaje comercial bolsa de pl\u00e1stico+caja+cart\u00f3n+palets de madera<br \/>\n3. Seg\u00fan las necesidades del cliente<br \/>\n<b>Entregar\u00a0<\/b><br \/>\nDHL,FEDEX. TNT,SF O seg\u00fan el requisito de clientes<br \/>\nDetalle de la entrega:Normalmente, la mercanc\u00eda est\u00e1 lista y en stock en un plazo de 5-25 d\u00edas laborables<br \/>\n<b>Garant\u00eda de calidad<\/b><br \/>\nCertificado ISO9001:2008.TUV<br \/>\n<b>Capacidad de proceso<\/b><br \/>\nPodemos suministrar chapas met\u00e1licas, mecanizado de piezas mec\u00e1nicas, tratamiento de superficies como anodizado y chapado seg\u00fan los requisitos de nuestros clientes.<br \/>\n<b>rango \u00fatil<\/b><br \/>\nLas piezas se utilizan en veh\u00edculos, m\u00e1quinas de impresi\u00f3n, m\u00e1quinas de procesamiento de alimentos, m\u00e1quinas textiles, m\u00e1quinas electr\u00f3nicas, etc.<br \/>\n<b>Exportado a<\/b><br \/>\nJap\u00f3n, Am\u00e9rica, Canad\u00e1, Inglaterra y B\u00e9lgica Alemania, Rusia, Francia, Italia y todos los pa\u00edses<br \/>\n<b>Aplicaci\u00f3n<\/b><br \/>\nPiezas de repuesto de m\u00e1quinas,Maquinaria de motor Herramientas el\u00e9ctricas,Aparatos deportivos,utensilios de cocina,equipos de oficina,Scooter Ventanas de aluminio,Bloques de ducha,redondo colgante,rueda de armario,toys.etc<br \/>\n<b>Certificaci\u00f3n<\/b>ISO9001, RoHS, SGS, etc.<\/div>","protected":false},"excerpt":{"rendered":"<p>Nuestro equipo de soldadura se moviliza por toda la planta para integrar la soldadura TIG, MIG, de pernos y por puntos en otros pasos de la fabricaci\u00f3n, reduciendo el tiempo total de producci\u00f3n. Con frecuencia, se unen al proceso de conformado o de herrajes en el que las piezas se doblan hasta alcanzar las dimensiones especificadas o en el que los herrajes se insertan en la chapa met\u00e1lica.<\/p>","protected":false},"featured_media":1294,"comment_status":"open","ping_status":"closed","template":"","meta":[],"product_cat":[111],"class_list":["post-1293","product","type-product","status-publish","has-post-thumbnail","hentry","product_cat-metal-3d-printer"],"yoast_head":"<!-- This site is optimized with the Yoast SEO plugin v21.5 - https:\/\/yoast.com\/wordpress\/plugins\/seo\/ -->\n<title>Custom Sheet Metal Spare Parts Grey Powder Coating Shell for 3D Printer Plate Parts - METALPIE<\/title>\n<meta name=\"robots\" content=\"index, follow, max-snippet:-1, max-image-preview:large, max-video-preview:-1\" \/>\n<link rel=\"canonical\" href=\"https:\/\/metalpie.com\/es\/impresora-3d-de-metal\/piezas-de-repuesto-de-chapa-de-encargo-cascara-de-recubrimiento-en-polvo-gris-para-piezas-de-la-placa-de-la-impresora-3d\/\" \/>\n<meta property=\"og:locale\" content=\"es_ES\" \/>\n<meta property=\"og:type\" content=\"article\" \/>\n<meta property=\"og:title\" content=\"Custom Sheet Metal Spare Parts Grey Powder Coating Shell for 3D Printer Plate Parts - METALPIE\" \/>\n<meta property=\"og:description\" content=\"Our weld team mobilizes across the facility to integrate TIG, MIG, Stud, and Spot welding into other fabrication steps, reducing overall production time. Frequently, they will join the forming or hardware process where parts are being bent to specified dimension or where hardware is inserted into the sheet metal.\" \/>\n<meta property=\"og:url\" content=\"https:\/\/metalpie.com\/es\/impresora-3d-de-metal\/piezas-de-repuesto-de-chapa-de-encargo-cascara-de-recubrimiento-en-polvo-gris-para-piezas-de-la-placa-de-la-impresora-3d\/\" \/>\n<meta property=\"og:site_name\" content=\"METALPIE\" \/>\n<meta name=\"twitter:card\" content=\"summary_large_image\" \/>\n<meta name=\"twitter:label1\" content=\"Tiempo de lectura\" \/>\n\t<meta name=\"twitter:data1\" content=\"1 minuto\" \/>\n<script type=\"application\/ld+json\" class=\"yoast-schema-graph\">{\"@context\":\"https:\/\/schema.org\",\"@graph\":[{\"@type\":\"WebPage\",\"@id\":\"https:\/\/metalpie.com\/metal-3d-printer\/custom-sheet-metal-spare-parts-grey-powder-coating-shell-for-3d-printer-plate-parts\/\",\"url\":\"https:\/\/metalpie.com\/metal-3d-printer\/custom-sheet-metal-spare-parts-grey-powder-coating-shell-for-3d-printer-plate-parts\/\",\"name\":\"Custom Sheet Metal Spare Parts Grey Powder Coating Shell for 3D Printer Plate Parts - METALPIE\",\"isPartOf\":{\"@id\":\"https:\/\/metalpie.com\/#website\"},\"datePublished\":\"2022-08-19T08:44:22+00:00\",\"dateModified\":\"2022-08-19T08:44:22+00:00\",\"breadcrumb\":{\"@id\":\"https:\/\/metalpie.com\/metal-3d-printer\/custom-sheet-metal-spare-parts-grey-powder-coating-shell-for-3d-printer-plate-parts\/#breadcrumb\"},\"inLanguage\":\"es\",\"potentialAction\":[{\"@type\":\"ReadAction\",\"target\":[\"https:\/\/metalpie.com\/metal-3d-printer\/custom-sheet-metal-spare-parts-grey-powder-coating-shell-for-3d-printer-plate-parts\/\"]}]},{\"@type\":\"BreadcrumbList\",\"@id\":\"https:\/\/metalpie.com\/metal-3d-printer\/custom-sheet-metal-spare-parts-grey-powder-coating-shell-for-3d-printer-plate-parts\/#breadcrumb\",\"itemListElement\":[{\"@type\":\"ListItem\",\"position\":1,\"name\":\"Home\",\"item\":\"https:\/\/metalpie.com\/\"},{\"@type\":\"ListItem\",\"position\":2,\"name\":\"Products\",\"item\":\"https:\/\/metalpie.com\/shop\/\"},{\"@type\":\"ListItem\",\"position\":3,\"name\":\"Custom Sheet Metal Spare Parts Grey Powder Coating Shell for 3D Printer Plate Parts\"}]},{\"@type\":\"WebSite\",\"@id\":\"https:\/\/metalpie.com\/#website\",\"url\":\"https:\/\/metalpie.com\/\",\"name\":\"METALPIE\",\"description\":\"Precision Metal Fabrication | Tools, Processes &amp; More\",\"potentialAction\":[{\"@type\":\"SearchAction\",\"target\":{\"@type\":\"EntryPoint\",\"urlTemplate\":\"https:\/\/metalpie.com\/?s={search_term_string}\"},\"query-input\":\"required name=search_term_string\"}],\"inLanguage\":\"es\"}]}<\/script>\n<!-- \/ Yoast SEO plugin. -->","yoast_head_json":{"title":"Personalizado de piezas de repuesto de chapa gris recubrimiento en polvo de Shell para la impresora 3D de piezas de placa - METALPIE","robots":{"index":"index","follow":"follow","max-snippet":"max-snippet:-1","max-image-preview":"max-image-preview:large","max-video-preview":"max-video-preview:-1"},"canonical":"https:\/\/metalpie.com\/es\/impresora-3d-de-metal\/piezas-de-repuesto-de-chapa-de-encargo-cascara-de-recubrimiento-en-polvo-gris-para-piezas-de-la-placa-de-la-impresora-3d\/","og_locale":"es_ES","og_type":"article","og_title":"Custom Sheet Metal Spare Parts Grey Powder Coating Shell for 3D Printer Plate Parts - METALPIE","og_description":"Our weld team mobilizes across the facility to integrate TIG, MIG, Stud, and Spot welding into other fabrication steps, reducing overall production time. Frequently, they will join the forming or hardware process where parts are being bent to specified dimension or where hardware is inserted into the sheet metal.","og_url":"https:\/\/metalpie.com\/es\/impresora-3d-de-metal\/piezas-de-repuesto-de-chapa-de-encargo-cascara-de-recubrimiento-en-polvo-gris-para-piezas-de-la-placa-de-la-impresora-3d\/","og_site_name":"METALPIE","twitter_card":"summary_large_image","twitter_misc":{"Tiempo de lectura":"1 minuto"},"schema":{"@context":"https:\/\/schema.org","@graph":[{"@type":"WebPage","@id":"https:\/\/metalpie.com\/metal-3d-printer\/custom-sheet-metal-spare-parts-grey-powder-coating-shell-for-3d-printer-plate-parts\/","url":"https:\/\/metalpie.com\/metal-3d-printer\/custom-sheet-metal-spare-parts-grey-powder-coating-shell-for-3d-printer-plate-parts\/","name":"Personalizado de piezas de repuesto de chapa gris recubrimiento en polvo de Shell para la impresora 3D de piezas de placa - METALPIE","isPartOf":{"@id":"https:\/\/metalpie.com\/#website"},"datePublished":"2022-08-19T08:44:22+00:00","dateModified":"2022-08-19T08:44:22+00:00","breadcrumb":{"@id":"https:\/\/metalpie.com\/metal-3d-printer\/custom-sheet-metal-spare-parts-grey-powder-coating-shell-for-3d-printer-plate-parts\/#breadcrumb"},"inLanguage":"es","potentialAction":[{"@type":"ReadAction","target":["https:\/\/metalpie.com\/metal-3d-printer\/custom-sheet-metal-spare-parts-grey-powder-coating-shell-for-3d-printer-plate-parts\/"]}]},{"@type":"BreadcrumbList","@id":"https:\/\/metalpie.com\/metal-3d-printer\/custom-sheet-metal-spare-parts-grey-powder-coating-shell-for-3d-printer-plate-parts\/#breadcrumb","itemListElement":[{"@type":"ListItem","position":1,"name":"Home","item":"https:\/\/metalpie.com\/"},{"@type":"ListItem","position":2,"name":"Products","item":"https:\/\/metalpie.com\/shop\/"},{"@type":"ListItem","position":3,"name":"Custom Sheet Metal Spare Parts Grey Powder Coating Shell for 3D Printer Plate Parts"}]},{"@type":"WebSite","@id":"https:\/\/metalpie.com\/#website","url":"https:\/\/metalpie.com\/","name":"METALPIE","description":"Fabricaci\u00f3n de metales de precisi\u00f3n | Herramientas, procesos y m\u00e1s","potentialAction":[{"@type":"SearchAction","target":{"@type":"EntryPoint","urlTemplate":"https:\/\/metalpie.com\/?s={search_term_string}"},"query-input":"required name=search_term_string"}],"inLanguage":"es"}]}},"_links":{"self":[{"href":"https:\/\/metalpie.com\/es\/wp-json\/wp\/v2\/product\/1293","targetHints":{"allow":["GET"]}}],"collection":[{"href":"https:\/\/metalpie.com\/es\/wp-json\/wp\/v2\/product"}],"about":[{"href":"https:\/\/metalpie.com\/es\/wp-json\/wp\/v2\/types\/product"}],"replies":[{"embeddable":true,"href":"https:\/\/metalpie.com\/es\/wp-json\/wp\/v2\/comments?post=1293"}],"wp:featuredmedia":[{"embeddable":true,"href":"https:\/\/metalpie.com\/es\/wp-json\/"}],"wp:attachment":[{"href":"https:\/\/metalpie.com\/es\/wp-json\/wp\/v2\/media?parent=1293"}],"wp:term":[{"taxonomy":"product_cat","embeddable":true,"href":"https:\/\/metalpie.com\/es\/wp-json\/wp\/v2\/product_cat?post=1293"}],"curies":[{"name":"wp","href":"https:\/\/api.w.org\/{rel}","templated":true}]}}