{"id":1198,"date":"2022-08-18T23:01:39","date_gmt":"2022-08-18T15:01:39","guid":{"rendered":"https:\/\/goodsheet.bbswaimao.com\/?post_type=product&amp;p=1198"},"modified":"2022-08-18T23:01:39","modified_gmt":"2022-08-18T15:01:39","slug":"piezas-de-flexion-piezas-estructurales-de-la-impresora-3d-chapa-cojinete-marco-de-fijacion","status":"publish","type":"product","link":"https:\/\/metalpie.com\/es\/impresora-3d-de-metal\/piezas-de-flexion-piezas-estructurales-de-la-impresora-3d-chapa-cojinete-marco-de-fijacion\/","title":{"rendered":"Piezas de flexi\u00f3n Piezas estructurales de la impresora 3D Chapa de metal Rodamiento de fijaci\u00f3n de la puerta"},"content":{"rendered":"<p>&nbsp;<\/p>\n<table border=\"1\" cellspacing=\"0\">\n<tbody>\n<tr>\n<td valign=\"center\"><a data-spm-anchor-id=\"a2700.details.0.0\">Tipo de proceso<\/a><\/td>\n<td valign=\"center\">Estampaci\u00f3n, taladrado, rectificado, plegado, soldadura, corte por l\u00e1ser, corte por electroerosi\u00f3n por hilo, mecanizado CNC, etc.<\/td>\n<\/tr>\n<tr>\n<td rowspan=\"2\" valign=\"center\">Tratamiento de superficies<\/td>\n<td valign=\"center\">Chorro de arena, pulido, anodizado, zinc\/n\u00edquel\/cromo\/chapado,<\/td>\n<\/tr>\n<tr>\n<td valign=\"center\">Recubrimiento de potencia, pasivaci\u00f3n, tratamiento t\u00e9rmico, etc.<\/td>\n<\/tr>\n<tr>\n<td valign=\"center\">Software aplicado<\/td>\n<td valign=\"center\">PRO\/E, Auto CAD, Solid Works,IGS,UG, CAD\/CAM\/CAE<\/td>\n<\/tr>\n<tr>\n<td valign=\"center\">Tolerancia<\/td>\n<td valign=\"center\">0,1-0,2 mm tambi\u00e9n se puede personalizar<\/td>\n<\/tr>\n<tr>\n<td valign=\"center\">Dimensi\u00f3n<\/td>\n<td valign=\"center\">A petici\u00f3n del cliente<\/td>\n<\/tr>\n<tr>\n<td rowspan=\"6\" valign=\"center\">Material<\/td>\n<td valign=\"center\">1. Acero inoxidable: AISI303, AISI304, AISI316F, 420, 440, etc.<\/td>\n<\/tr>\n<tr>\n<td valign=\"center\">2.Aluminio: Al6061, Al6063, Al7075, Al6082,Al5052,etc.<\/td>\n<\/tr>\n<tr>\n<td valign=\"center\">3. Lat\u00f3n: C36000, C37700, Hpb59-1, H62, C27200(CuZn37), etc.<\/td>\n<\/tr>\n<tr>\n<td valign=\"center\">4.Acero: acero al carbono, acero aleado, etc.<\/td>\n<\/tr>\n<tr>\n<td valign=\"center\">\n<p data-spm-anchor-id=\"a2700.details.0.i32.39a95ff8UE0RtD\">5.Cobre<\/p>\n<\/td>\n<\/tr>\n<tr>\n<td valign=\"center\">6.Chapa de acero cincado<\/td>\n<\/tr>\n<tr>\n<td valign=\"center\">Tiempo de prueba<\/td>\n<td valign=\"center\">Entre 7 y 15 d\u00edas despu\u00e9s de la confirmaci\u00f3n<\/td>\n<\/tr>\n<tr>\n<td valign=\"center\">Plazo de entrega<\/td>\n<td valign=\"center\">15-20 d\u00edas desde el dep\u00f3sito<\/td>\n<\/tr>\n<tr>\n<td rowspan=\"2\" valign=\"center\">Detalles del embalaje<\/td>\n<td valign=\"center\">1.Bolsa pp ecol\u00f3gica \/ Espuma EPE \/Cajas de cart\u00f3n o cajas de madera<\/td>\n<\/tr>\n<tr>\n<td valign=\"center\">2.Seg\u00fan los requisitos espec\u00edficos del cliente<\/td>\n<\/tr>\n<tr>\n<td rowspan=\"2\" valign=\"center\">Normas del sector<\/td>\n<td valign=\"center\">DIN\/ ISO 9001:2015<\/td>\n<\/tr>\n<\/tbody>\n<\/table>\n<p>&nbsp;<\/p>","protected":false},"excerpt":{"rendered":"<p>Shengen fabrica una amplia gama de carcasas met\u00e1licas para impresoras 3D. Contamos con la certificaci\u00f3n ISO para su fabricaci\u00f3n. Cada tipo o clasificaci\u00f3n se fabrica y prueba para proporcionar un grado de protecci\u00f3n contra determinadas condiciones ambientales seg\u00fan las normas de UL y NEMA.<\/p>","protected":false},"featured_media":1201,"comment_status":"open","ping_status":"closed","template":"","meta":[],"product_cat":[111],"class_list":["post-1198","product","type-product","status-publish","has-post-thumbnail","hentry","product_cat-metal-3d-printer"],"yoast_head":"<!-- This site is optimized with the Yoast SEO plugin v21.5 - https:\/\/yoast.com\/wordpress\/plugins\/seo\/ -->\n<title>Bending Parts Structural Parts of 3D Printer Sheet Metal Bearing Fixing Door - METALPIE<\/title>\n<meta name=\"robots\" content=\"index, follow, max-snippet:-1, max-image-preview:large, max-video-preview:-1\" \/>\n<link rel=\"canonical\" href=\"https:\/\/metalpie.com\/es\/impresora-3d-de-metal\/piezas-de-flexion-piezas-estructurales-de-la-impresora-3d-chapa-cojinete-marco-de-fijacion\/\" \/>\n<meta property=\"og:locale\" content=\"es_ES\" \/>\n<meta property=\"og:type\" content=\"article\" \/>\n<meta property=\"og:title\" content=\"Bending Parts Structural Parts of 3D Printer Sheet Metal Bearing Fixing Door - METALPIE\" \/>\n<meta property=\"og:description\" content=\"Shengen manufacturers a wide range of metal 3D printer enclosures. We are certified by ISO to manufacture. Each type or rating is manufactured and tested to provide a degree of protection against certain environmental conditions per the standards of UL and NEMA.\" \/>\n<meta property=\"og:url\" content=\"https:\/\/metalpie.com\/es\/impresora-3d-de-metal\/piezas-de-flexion-piezas-estructurales-de-la-impresora-3d-chapa-cojinete-marco-de-fijacion\/\" \/>\n<meta property=\"og:site_name\" content=\"METALPIE\" \/>\n<meta name=\"twitter:card\" content=\"summary_large_image\" \/>\n<meta name=\"twitter:label1\" content=\"Tiempo de lectura\" \/>\n\t<meta name=\"twitter:data1\" content=\"1 minuto\" \/>\n<script type=\"application\/ld+json\" class=\"yoast-schema-graph\">{\"@context\":\"https:\/\/schema.org\",\"@graph\":[{\"@type\":\"WebPage\",\"@id\":\"https:\/\/metalpie.com\/metal-3d-printer\/bending-parts-structural-parts-of-3d-printer-sheet-metal-bearing-fixing-frame\/\",\"url\":\"https:\/\/metalpie.com\/metal-3d-printer\/bending-parts-structural-parts-of-3d-printer-sheet-metal-bearing-fixing-frame\/\",\"name\":\"Bending Parts Structural Parts of 3D Printer Sheet Metal Bearing Fixing Door - METALPIE\",\"isPartOf\":{\"@id\":\"https:\/\/metalpie.com\/#website\"},\"datePublished\":\"2022-08-18T15:01:39+00:00\",\"dateModified\":\"2022-08-18T15:01:39+00:00\",\"breadcrumb\":{\"@id\":\"https:\/\/metalpie.com\/metal-3d-printer\/bending-parts-structural-parts-of-3d-printer-sheet-metal-bearing-fixing-frame\/#breadcrumb\"},\"inLanguage\":\"es\",\"potentialAction\":[{\"@type\":\"ReadAction\",\"target\":[\"https:\/\/metalpie.com\/metal-3d-printer\/bending-parts-structural-parts-of-3d-printer-sheet-metal-bearing-fixing-frame\/\"]}]},{\"@type\":\"BreadcrumbList\",\"@id\":\"https:\/\/metalpie.com\/metal-3d-printer\/bending-parts-structural-parts-of-3d-printer-sheet-metal-bearing-fixing-frame\/#breadcrumb\",\"itemListElement\":[{\"@type\":\"ListItem\",\"position\":1,\"name\":\"Home\",\"item\":\"https:\/\/metalpie.com\/\"},{\"@type\":\"ListItem\",\"position\":2,\"name\":\"Products\",\"item\":\"https:\/\/metalpie.com\/shop\/\"},{\"@type\":\"ListItem\",\"position\":3,\"name\":\"Bending Parts Structural Parts of 3D Printer Sheet Metal Bearing Fixing Door\"}]},{\"@type\":\"WebSite\",\"@id\":\"https:\/\/metalpie.com\/#website\",\"url\":\"https:\/\/metalpie.com\/\",\"name\":\"METALPIE\",\"description\":\"Precision Metal Fabrication | Tools, Processes &amp; More\",\"potentialAction\":[{\"@type\":\"SearchAction\",\"target\":{\"@type\":\"EntryPoint\",\"urlTemplate\":\"https:\/\/metalpie.com\/?s={search_term_string}\"},\"query-input\":\"required name=search_term_string\"}],\"inLanguage\":\"es\"}]}<\/script>\n<!-- \/ Yoast SEO plugin. -->","yoast_head_json":{"title":"Piezas de flexi\u00f3n Piezas estructurales de la impresora 3D de chapa de metal Cojinete de fijaci\u00f3n de la puerta - METALPIE","robots":{"index":"index","follow":"follow","max-snippet":"max-snippet:-1","max-image-preview":"max-image-preview:large","max-video-preview":"max-video-preview:-1"},"canonical":"https:\/\/metalpie.com\/es\/impresora-3d-de-metal\/piezas-de-flexion-piezas-estructurales-de-la-impresora-3d-chapa-cojinete-marco-de-fijacion\/","og_locale":"es_ES","og_type":"article","og_title":"Bending Parts Structural Parts of 3D Printer Sheet Metal Bearing Fixing Door - METALPIE","og_description":"Shengen manufacturers a wide range of metal 3D printer enclosures. We are certified by ISO to manufacture. Each type or rating is manufactured and tested to provide a degree of protection against certain environmental conditions per the standards of UL and NEMA.","og_url":"https:\/\/metalpie.com\/es\/impresora-3d-de-metal\/piezas-de-flexion-piezas-estructurales-de-la-impresora-3d-chapa-cojinete-marco-de-fijacion\/","og_site_name":"METALPIE","twitter_card":"summary_large_image","twitter_misc":{"Tiempo de lectura":"1 minuto"},"schema":{"@context":"https:\/\/schema.org","@graph":[{"@type":"WebPage","@id":"https:\/\/metalpie.com\/metal-3d-printer\/bending-parts-structural-parts-of-3d-printer-sheet-metal-bearing-fixing-frame\/","url":"https:\/\/metalpie.com\/metal-3d-printer\/bending-parts-structural-parts-of-3d-printer-sheet-metal-bearing-fixing-frame\/","name":"Piezas de flexi\u00f3n Piezas estructurales de la impresora 3D de chapa de metal Cojinete de fijaci\u00f3n de la puerta - METALPIE","isPartOf":{"@id":"https:\/\/metalpie.com\/#website"},"datePublished":"2022-08-18T15:01:39+00:00","dateModified":"2022-08-18T15:01:39+00:00","breadcrumb":{"@id":"https:\/\/metalpie.com\/metal-3d-printer\/bending-parts-structural-parts-of-3d-printer-sheet-metal-bearing-fixing-frame\/#breadcrumb"},"inLanguage":"es","potentialAction":[{"@type":"ReadAction","target":["https:\/\/metalpie.com\/metal-3d-printer\/bending-parts-structural-parts-of-3d-printer-sheet-metal-bearing-fixing-frame\/"]}]},{"@type":"BreadcrumbList","@id":"https:\/\/metalpie.com\/metal-3d-printer\/bending-parts-structural-parts-of-3d-printer-sheet-metal-bearing-fixing-frame\/#breadcrumb","itemListElement":[{"@type":"ListItem","position":1,"name":"Home","item":"https:\/\/metalpie.com\/"},{"@type":"ListItem","position":2,"name":"Products","item":"https:\/\/metalpie.com\/shop\/"},{"@type":"ListItem","position":3,"name":"Bending Parts Structural Parts of 3D Printer Sheet Metal Bearing Fixing Door"}]},{"@type":"WebSite","@id":"https:\/\/metalpie.com\/#website","url":"https:\/\/metalpie.com\/","name":"METALPIE","description":"Fabricaci\u00f3n de metales de precisi\u00f3n | Herramientas, procesos y m\u00e1s","potentialAction":[{"@type":"SearchAction","target":{"@type":"EntryPoint","urlTemplate":"https:\/\/metalpie.com\/?s={search_term_string}"},"query-input":"required name=search_term_string"}],"inLanguage":"es"}]}},"_links":{"self":[{"href":"https:\/\/metalpie.com\/es\/wp-json\/wp\/v2\/product\/1198","targetHints":{"allow":["GET"]}}],"collection":[{"href":"https:\/\/metalpie.com\/es\/wp-json\/wp\/v2\/product"}],"about":[{"href":"https:\/\/metalpie.com\/es\/wp-json\/wp\/v2\/types\/product"}],"replies":[{"embeddable":true,"href":"https:\/\/metalpie.com\/es\/wp-json\/wp\/v2\/comments?post=1198"}],"wp:featuredmedia":[{"embeddable":true,"href":"https:\/\/metalpie.com\/es\/wp-json\/"}],"wp:attachment":[{"href":"https:\/\/metalpie.com\/es\/wp-json\/wp\/v2\/media?parent=1198"}],"wp:term":[{"taxonomy":"product_cat","embeddable":true,"href":"https:\/\/metalpie.com\/es\/wp-json\/wp\/v2\/product_cat?post=1198"}],"curies":[{"name":"wp","href":"https:\/\/api.w.org\/{rel}","templated":true}]}}