{"id":1111,"date":"2022-08-08T11:17:27","date_gmt":"2022-08-08T03:17:27","guid":{"rendered":"https:\/\/goodsheet.bbswaimao.com\/?post_type=product&amp;p=1111"},"modified":"2022-08-08T11:17:27","modified_gmt":"2022-08-08T03:17:27","slug":"estampacion-de-metal-personalizado-piezas-de-aluminio-de-acero-inoxidable-estampado-pieza-de-chapa","status":"publish","type":"product","link":"https:\/\/metalpie.com\/es\/pieza-de-estampacion-metalica\/estampacion-de-metal-personalizado-piezas-de-aluminio-de-acero-inoxidable-estampado-pieza-de-chapa\/","title":{"rendered":"Personalizado de estampaci\u00f3n de metal piezas de aluminio de acero inoxidable estampado pieza de chapa"},"content":{"rendered":"<table style=\"height: 478px\" width=\"1291\">\n<tbody>\n<tr>\n<td width=\"206\">Nombre del producto<\/td>\n<td width=\"535\">Piezas met\u00e1licas personalizadas acero inoxidable aluminio cobre estampaci\u00f3n piezas<\/td>\n<\/tr>\n<tr>\n<td width=\"206\">Material<\/td>\n<td width=\"535\">SPCC SECC AL SST<\/td>\n<\/tr>\n<tr>\n<td width=\"206\">Talla<\/td>\n<td width=\"535\">De acuerdo con los dibujos, muestras o sus peticiones<\/td>\n<\/tr>\n<tr>\n<td width=\"206\">Servicios<\/td>\n<td width=\"535\">Proveedor \u00fanico de servicios de estampaci\u00f3n, forja, fundici\u00f3n y mecanizado para clientes<\/td>\n<\/tr>\n<tr>\n<td width=\"206\">Dise\u00f1o<\/td>\n<td width=\"535\">De acuerdo con los dibujos, muestras o sus peticiones<\/td>\n<\/tr>\n<tr>\n<td width=\"206\">Normas del sector<\/td>\n<td width=\"535\">&nbsp;<\/p>\n<p>DIN\/ ISO 9001:2015 Conforme a RoHS<\/td>\n<\/tr>\n<tr>\n<td width=\"206\">Plazo de pago<\/td>\n<td width=\"535\">\u00a0\u00a0L\/C,T\/T, Paypal, Varias opciones para hacer el pago m\u00e1s conveniente<\/td>\n<\/tr>\n<tr>\n<td width=\"206\">Control de calidad<\/td>\n<td width=\"535\">\u00a0Comprobador RoHS , calibradores , comprobador de salinidad , instrumento de medici\u00f3n de coordenadas<\/td>\n<\/tr>\n<tr>\n<td width=\"206\">M\u00e1s informaci\u00f3n en<\/td>\n<td width=\"535\">\u00a01)Se aceptan pedidos de muestra y pedidos peque\u00f1os;<br \/>\n2)Los m\u00e9todos de entrega: DHL, EMS, UPS o Fedex (m\u00e1s r\u00e1pido y m\u00e1s seguro)<br \/>\n3) Situado en la base de fabricaci\u00f3n de la ciudad de China-Shenzhen, tambi\u00e9n ayudamos a los clientes a dise\u00f1ar de acuerdo a las necesidades de los clientes y la aplicaci\u00f3n de los productos.<\/td>\n<\/tr>\n<\/tbody>\n<\/table>","protected":false},"excerpt":{"rendered":"<p>Estas etiquetas de estampado en blanco horizontales se pueden aplicar ampliamente para la fabricaci\u00f3n de joyas, signos makings, collar, pulsera, colgante, llavero, colgante del bolso, colgantes cadena su\u00e9ter, adornos o puede estampar palabras significativas simples o patrones como regalos, que pueden satisfacer sus m\u00faltiples necesidades.<\/p>","protected":false},"featured_media":1113,"comment_status":"open","ping_status":"closed","template":"","meta":[],"product_cat":[110],"class_list":["post-1111","product","type-product","status-publish","has-post-thumbnail","hentry","product_cat-metal-stamping-part"],"yoast_head":"<!-- This site is optimized with the Yoast SEO plugin v21.5 - https:\/\/yoast.com\/wordpress\/plugins\/seo\/ -->\n<title>Custom metal stamping parts aluminum stainless steel stamped sheet metal part - METALPIE<\/title>\n<meta name=\"robots\" content=\"index, follow, max-snippet:-1, max-image-preview:large, max-video-preview:-1\" \/>\n<link rel=\"canonical\" href=\"https:\/\/metalpie.com\/es\/pieza-de-estampacion-metalica\/estampacion-de-metal-personalizado-piezas-de-aluminio-de-acero-inoxidable-estampado-pieza-de-chapa\/\" \/>\n<meta property=\"og:locale\" content=\"es_ES\" \/>\n<meta property=\"og:type\" content=\"article\" \/>\n<meta property=\"og:title\" content=\"Custom metal stamping parts aluminum stainless steel stamped sheet metal part - METALPIE\" \/>\n<meta property=\"og:description\" content=\"These horizontal blank stamping tags can be widely applied for jewelry making, makings sign, necklace, bracelet, pendant, key chain, bag pendant, sweater chain pendants, ornaments or you can stamp simple meaningful words or patterns as gifts, which can meet your multiple needs.\" \/>\n<meta property=\"og:url\" content=\"https:\/\/metalpie.com\/es\/pieza-de-estampacion-metalica\/estampacion-de-metal-personalizado-piezas-de-aluminio-de-acero-inoxidable-estampado-pieza-de-chapa\/\" \/>\n<meta property=\"og:site_name\" content=\"METALPIE\" \/>\n<meta name=\"twitter:card\" content=\"summary_large_image\" \/>\n<meta name=\"twitter:label1\" content=\"Tiempo de lectura\" \/>\n\t<meta name=\"twitter:data1\" content=\"1 minuto\" \/>\n<script type=\"application\/ld+json\" class=\"yoast-schema-graph\">{\"@context\":\"https:\/\/schema.org\",\"@graph\":[{\"@type\":\"WebPage\",\"@id\":\"https:\/\/metalpie.com\/metal-stamping-part\/custom-metal-stamping-parts-aluminum-stainless-steel-stamped-sheet-metal-part\/\",\"url\":\"https:\/\/metalpie.com\/metal-stamping-part\/custom-metal-stamping-parts-aluminum-stainless-steel-stamped-sheet-metal-part\/\",\"name\":\"Custom metal stamping parts aluminum stainless steel stamped sheet metal part - METALPIE\",\"isPartOf\":{\"@id\":\"https:\/\/metalpie.com\/#website\"},\"datePublished\":\"2022-08-08T03:17:27+00:00\",\"dateModified\":\"2022-08-08T03:17:27+00:00\",\"breadcrumb\":{\"@id\":\"https:\/\/metalpie.com\/metal-stamping-part\/custom-metal-stamping-parts-aluminum-stainless-steel-stamped-sheet-metal-part\/#breadcrumb\"},\"inLanguage\":\"es\",\"potentialAction\":[{\"@type\":\"ReadAction\",\"target\":[\"https:\/\/metalpie.com\/metal-stamping-part\/custom-metal-stamping-parts-aluminum-stainless-steel-stamped-sheet-metal-part\/\"]}]},{\"@type\":\"BreadcrumbList\",\"@id\":\"https:\/\/metalpie.com\/metal-stamping-part\/custom-metal-stamping-parts-aluminum-stainless-steel-stamped-sheet-metal-part\/#breadcrumb\",\"itemListElement\":[{\"@type\":\"ListItem\",\"position\":1,\"name\":\"Home\",\"item\":\"https:\/\/metalpie.com\/\"},{\"@type\":\"ListItem\",\"position\":2,\"name\":\"Products\",\"item\":\"https:\/\/metalpie.com\/shop\/\"},{\"@type\":\"ListItem\",\"position\":3,\"name\":\"Custom metal stamping parts aluminum stainless steel stamped sheet metal part\"}]},{\"@type\":\"WebSite\",\"@id\":\"https:\/\/metalpie.com\/#website\",\"url\":\"https:\/\/metalpie.com\/\",\"name\":\"METALPIE\",\"description\":\"Precision Metal Fabrication | Tools, Processes &amp; More\",\"potentialAction\":[{\"@type\":\"SearchAction\",\"target\":{\"@type\":\"EntryPoint\",\"urlTemplate\":\"https:\/\/metalpie.com\/?s={search_term_string}\"},\"query-input\":\"required name=search_term_string\"}],\"inLanguage\":\"es\"}]}<\/script>\n<!-- \/ Yoast SEO plugin. -->","yoast_head_json":{"title":"Personalizado de estampaci\u00f3n de metal piezas de aluminio de acero inoxidable estampado pieza de chapa - METALPIE","robots":{"index":"index","follow":"follow","max-snippet":"max-snippet:-1","max-image-preview":"max-image-preview:large","max-video-preview":"max-video-preview:-1"},"canonical":"https:\/\/metalpie.com\/es\/pieza-de-estampacion-metalica\/estampacion-de-metal-personalizado-piezas-de-aluminio-de-acero-inoxidable-estampado-pieza-de-chapa\/","og_locale":"es_ES","og_type":"article","og_title":"Custom metal stamping parts aluminum stainless steel stamped sheet metal part - METALPIE","og_description":"These horizontal blank stamping tags can be widely applied for jewelry making, makings sign, necklace, bracelet, pendant, key chain, bag pendant, sweater chain pendants, ornaments or you can stamp simple meaningful words or patterns as gifts, which can meet your multiple needs.","og_url":"https:\/\/metalpie.com\/es\/pieza-de-estampacion-metalica\/estampacion-de-metal-personalizado-piezas-de-aluminio-de-acero-inoxidable-estampado-pieza-de-chapa\/","og_site_name":"METALPIE","twitter_card":"summary_large_image","twitter_misc":{"Tiempo de lectura":"1 minuto"},"schema":{"@context":"https:\/\/schema.org","@graph":[{"@type":"WebPage","@id":"https:\/\/metalpie.com\/metal-stamping-part\/custom-metal-stamping-parts-aluminum-stainless-steel-stamped-sheet-metal-part\/","url":"https:\/\/metalpie.com\/metal-stamping-part\/custom-metal-stamping-parts-aluminum-stainless-steel-stamped-sheet-metal-part\/","name":"Personalizado de estampaci\u00f3n de metal piezas de aluminio de acero inoxidable estampado pieza de chapa - METALPIE","isPartOf":{"@id":"https:\/\/metalpie.com\/#website"},"datePublished":"2022-08-08T03:17:27+00:00","dateModified":"2022-08-08T03:17:27+00:00","breadcrumb":{"@id":"https:\/\/metalpie.com\/metal-stamping-part\/custom-metal-stamping-parts-aluminum-stainless-steel-stamped-sheet-metal-part\/#breadcrumb"},"inLanguage":"es","potentialAction":[{"@type":"ReadAction","target":["https:\/\/metalpie.com\/metal-stamping-part\/custom-metal-stamping-parts-aluminum-stainless-steel-stamped-sheet-metal-part\/"]}]},{"@type":"BreadcrumbList","@id":"https:\/\/metalpie.com\/metal-stamping-part\/custom-metal-stamping-parts-aluminum-stainless-steel-stamped-sheet-metal-part\/#breadcrumb","itemListElement":[{"@type":"ListItem","position":1,"name":"Home","item":"https:\/\/metalpie.com\/"},{"@type":"ListItem","position":2,"name":"Products","item":"https:\/\/metalpie.com\/shop\/"},{"@type":"ListItem","position":3,"name":"Custom metal stamping parts aluminum stainless steel stamped sheet metal part"}]},{"@type":"WebSite","@id":"https:\/\/metalpie.com\/#website","url":"https:\/\/metalpie.com\/","name":"METALPIE","description":"Fabricaci\u00f3n de metales de precisi\u00f3n | Herramientas, procesos y m\u00e1s","potentialAction":[{"@type":"SearchAction","target":{"@type":"EntryPoint","urlTemplate":"https:\/\/metalpie.com\/?s={search_term_string}"},"query-input":"required name=search_term_string"}],"inLanguage":"es"}]}},"_links":{"self":[{"href":"https:\/\/metalpie.com\/es\/wp-json\/wp\/v2\/product\/1111","targetHints":{"allow":["GET"]}}],"collection":[{"href":"https:\/\/metalpie.com\/es\/wp-json\/wp\/v2\/product"}],"about":[{"href":"https:\/\/metalpie.com\/es\/wp-json\/wp\/v2\/types\/product"}],"replies":[{"embeddable":true,"href":"https:\/\/metalpie.com\/es\/wp-json\/wp\/v2\/comments?post=1111"}],"wp:featuredmedia":[{"embeddable":true,"href":"https:\/\/metalpie.com\/es\/wp-json\/"}],"wp:attachment":[{"href":"https:\/\/metalpie.com\/es\/wp-json\/wp\/v2\/media?parent=1111"}],"wp:term":[{"taxonomy":"product_cat","embeddable":true,"href":"https:\/\/metalpie.com\/es\/wp-json\/wp\/v2\/product_cat?post=1111"}],"curies":[{"name":"wp","href":"https:\/\/api.w.org\/{rel}","templated":true}]}}